{"id":9469,"date":"2019-10-22T15:50:53","date_gmt":"2019-10-22T15:50:53","guid":{"rendered":"http:\/\/www.onlinejigsawpuzzles.net\/?page_id=9469"},"modified":"2024-02-07T18:23:19","modified_gmt":"2024-02-07T18:23:19","slug":"nie-znaleziono-404","status":"publish","type":"page","link":"https:\/\/legacy.jigsawpuzzel.nl\/pl\/nie-znaleziono-404\/","title":{"rendered":"Nie znaleziono 404"},"content":{"rendered":"<section class=\"l-section wpb_row height_medium\"><div class=\"l-section-h i-cf\"><div class=\"g-cols vc_row via_flex valign_top type_default stacking_default\"><div class=\"vc_col-sm-12 wpb_column vc_column_container\"><div class=\"vc_column-inner\"><div class=\"wpb_wrapper\">[vc_custom_heading text=&#8221;Strona nie znaleziona&#8221; font_container=&#8221;tag:h1|font_size:35px|text_align:left&#8221; use_theme_fonts=&#8221;yes&#8221; css=&#8221;%7B%22default%22%3A%7B%22font-size%22%3A%2235px%22%7D%7D&#8221;]<div class=\"wpb_text_column\"><div class=\"wpb_wrapper\"><p>Mo\u017ce spr\u00f3buj zagadki?<\/p>\n<\/div><\/div><div class=\"w-separator size_medium with_line width_default thick_1 style_solid color_border align_center\"><div class=\"w-separator-h\"><\/div><\/div><div class=\"g-cols wpb_row via_flex valign_top type_default stacking_default\"><div class=\"vc_col-sm-12 wpb_column vc_column_container pp\"><div class=\"vc_column-inner\"><div class=\"wpb_wrapper\"><div class=\"w-grid type_grid layout_blog_1 cols_3\" id=\"us_grid_1\" style=\"--gap:1.5rem;\" data-filterable=\"true\"><style>@media (max-width:1024px){#us_grid_1 .w-grid-item{width:50%}}@media (max-width:600px){#us_grid_1 .w-grid-list{margin:0}#us_grid_1 .w-grid-item{width:100%;padding:0;margin-bottom:var(--gap,0px)}}.layout_blog_1 .w-grid-item-h{}.layout_blog_1 .usg_post_image_1{margin-bottom:0.5rem!important}.layout_blog_1 .usg_post_title_1{font-size:1rem!important}<\/style><div class=\"w-grid-list\">\t<article class=\"w-grid-item size_1x1 post-26147 puzzles type-puzzles status-publish has-post-thumbnail hentry puzzle_type-dziecko-i-dzieci\" data-id=\"26147\">\r\n\t\t<div class=\"w-grid-item-h\">\r\n\t\t\t\t\t\t<div class=\"w-post-elm post_image usg_post_image_1 stretched\"><a href=\"https:\/\/legacy.jigsawpuzzel.nl\/pl\/puzzles\/stokrotka-kwiat-dziecieca-stopa\/\" aria-label=\"Kwiat stokrotki stopa dziecka\"><img decoding=\"async\" width=\"520\" height=\"329\" src=\"https:\/\/legacy.jigsawpuzzel.nl\/pl\/wp-content\/uploads\/2025\/02\/Daisy-flower-baby-foot_puzzle.jpg\" class=\"attachment-large size-large wp-post-image\" alt=\"\" srcset=\"https:\/\/legacy.jigsawpuzzel.nl\/pl\/wp-content\/uploads\/2025\/02\/Daisy-flower-baby-foot_puzzle.jpg 520w, https:\/\/legacy.jigsawpuzzel.nl\/pl\/wp-content\/uploads\/2025\/02\/Daisy-flower-baby-foot_puzzle-300x190.jpg 300w\" sizes=\"(max-width: 520px) 100vw, 520px\" \/><\/a><\/div><h2 class=\"w-post-elm post_title usg_post_title_1 entry-title color_link_inherit\"><a href=\"https:\/\/legacy.jigsawpuzzel.nl\/pl\/puzzles\/stokrotka-kwiat-dziecieca-stopa\/\">Kwiat stokrotki stopa dziecka<\/a><\/h2>\t\t<\/div>\r\n\t\t\t<\/article>\r\n\t<article class=\"w-grid-item size_1x1 post-19130 puzzles type-puzzles status-publish has-post-thumbnail hentry puzzle_type-rower\" data-id=\"19130\">\r\n\t\t<div class=\"w-grid-item-h\">\r\n\t\t\t\t\t\t<div class=\"w-post-elm post_image usg_post_image_1 stretched\"><a href=\"https:\/\/legacy.jigsawpuzzel.nl\/pl\/puzzles\/londyn-parking-rowerowy\/\" aria-label=\"Parking dla rower\u00f3w w Londynie\"><img decoding=\"async\" width=\"520\" height=\"329\" src=\"https:\/\/legacy.jigsawpuzzel.nl\/pl\/wp-content\/uploads\/2022\/12\/london-bicycles-parking-area_puzzle.jpg\" class=\"attachment-large size-large wp-post-image\" alt=\"London bicycles parking area\" srcset=\"https:\/\/legacy.jigsawpuzzel.nl\/pl\/wp-content\/uploads\/2022\/12\/london-bicycles-parking-area_puzzle.jpg 520w, https:\/\/legacy.jigsawpuzzel.nl\/pl\/wp-content\/uploads\/2022\/12\/london-bicycles-parking-area_puzzle-300x190.jpg 300w\" sizes=\"(max-width: 520px) 100vw, 520px\" \/><\/a><\/div><h2 class=\"w-post-elm post_title usg_post_title_1 entry-title color_link_inherit\"><a href=\"https:\/\/legacy.jigsawpuzzel.nl\/pl\/puzzles\/londyn-parking-rowerowy\/\">Parking dla rower\u00f3w w Londynie<\/a><\/h2>\t\t<\/div>\r\n\t\t\t<\/article>\r\n\t<article class=\"w-grid-item size_1x1 post-25129 puzzles type-puzzles status-publish has-post-thumbnail hentry puzzle_type-latwe-zagadki\" data-id=\"25129\">\r\n\t\t<div class=\"w-grid-item-h\">\r\n\t\t\t\t\t\t<div class=\"w-post-elm post_image usg_post_image_1 stretched\"><a href=\"https:\/\/legacy.jigsawpuzzel.nl\/pl\/puzzles\/tekturowe-piora-korony\/\" aria-label=\"Korony z pi\u00f3r tekturowych\"><img decoding=\"async\" width=\"520\" height=\"329\" src=\"https:\/\/legacy.jigsawpuzzel.nl\/pl\/wp-content\/uploads\/2024\/10\/Cardboard-feathers-crowns_puzzle.jpg\" class=\"attachment-large size-large wp-post-image\" alt=\"\" srcset=\"https:\/\/legacy.jigsawpuzzel.nl\/pl\/wp-content\/uploads\/2024\/10\/Cardboard-feathers-crowns_puzzle.jpg 520w, https:\/\/legacy.jigsawpuzzel.nl\/pl\/wp-content\/uploads\/2024\/10\/Cardboard-feathers-crowns_puzzle-300x190.jpg 300w\" sizes=\"(max-width: 520px) 100vw, 520px\" \/><\/a><\/div><h2 class=\"w-post-elm post_title usg_post_title_1 entry-title color_link_inherit\"><a href=\"https:\/\/legacy.jigsawpuzzel.nl\/pl\/puzzles\/tekturowe-piora-korony\/\">Korony z pi\u00f3r tekturowych<\/a><\/h2>\t\t<\/div>\r\n\t\t\t<\/article>\r\n\t<article class=\"w-grid-item size_1x1 post-24223 puzzles type-puzzles status-publish has-post-thumbnail hentry puzzle_type-relaks puzzle_type-wakacje\" data-id=\"24223\">\r\n\t\t<div class=\"w-grid-item-h\">\r\n\t\t\t\t\t\t<div class=\"w-post-elm post_image usg_post_image_1 stretched\"><a href=\"https:\/\/legacy.jigsawpuzzel.nl\/pl\/puzzles\/masibis-bay-luxury-resort-boracay-filipiny\/\" aria-label=\"Luksusowy kurort Masibis Bay Boracay Filipiny\"><img decoding=\"async\" width=\"520\" height=\"329\" src=\"https:\/\/legacy.jigsawpuzzel.nl\/pl\/wp-content\/uploads\/2024\/07\/Masibis-bay-luxury-resort-Boracay-Philippines_puzzle.jpg\" class=\"attachment-large size-large wp-post-image\" alt=\"\" srcset=\"https:\/\/legacy.jigsawpuzzel.nl\/pl\/wp-content\/uploads\/2024\/07\/Masibis-bay-luxury-resort-Boracay-Philippines_puzzle.jpg 520w, https:\/\/legacy.jigsawpuzzel.nl\/pl\/wp-content\/uploads\/2024\/07\/Masibis-bay-luxury-resort-Boracay-Philippines_puzzle-300x190.jpg 300w\" sizes=\"(max-width: 520px) 100vw, 520px\" \/><\/a><\/div><h2 class=\"w-post-elm post_title usg_post_title_1 entry-title color_link_inherit\"><a href=\"https:\/\/legacy.jigsawpuzzel.nl\/pl\/puzzles\/masibis-bay-luxury-resort-boracay-filipiny\/\">Luksusowy kurort Masibis Bay Boracay Filipiny<\/a><\/h2>\t\t<\/div>\r\n\t\t\t<\/article>\r\n\t<article class=\"w-grid-item size_1x1 post-25919 puzzles type-puzzles status-publish has-post-thumbnail hentry puzzle_type-architektura\" data-id=\"25919\">\r\n\t\t<div class=\"w-grid-item-h\">\r\n\t\t\t\t\t\t<div class=\"w-post-elm post_image usg_post_image_1 stretched\"><a href=\"https:\/\/legacy.jigsawpuzzel.nl\/pl\/puzzles\/villers-la-ville-belgia\/\" aria-label=\"Villers la ville Belgia\"><img decoding=\"async\" width=\"520\" height=\"329\" src=\"https:\/\/legacy.jigsawpuzzel.nl\/pl\/wp-content\/uploads\/2025\/01\/Villers-la-ville-Belgium_puzzle.jpg\" class=\"attachment-large size-large wp-post-image\" alt=\"\" srcset=\"https:\/\/legacy.jigsawpuzzel.nl\/pl\/wp-content\/uploads\/2025\/01\/Villers-la-ville-Belgium_puzzle.jpg 520w, https:\/\/legacy.jigsawpuzzel.nl\/pl\/wp-content\/uploads\/2025\/01\/Villers-la-ville-Belgium_puzzle-300x190.jpg 300w\" sizes=\"(max-width: 520px) 100vw, 520px\" \/><\/a><\/div><h2 class=\"w-post-elm post_title usg_post_title_1 entry-title color_link_inherit\"><a href=\"https:\/\/legacy.jigsawpuzzel.nl\/pl\/puzzles\/villers-la-ville-belgia\/\">Villers la ville Belgia<\/a><\/h2>\t\t<\/div>\r\n\t\t\t<\/article>\r\n\t<article class=\"w-grid-item size_1x1 post-25652 puzzles type-puzzles status-publish has-post-thumbnail hentry puzzle_type-ptaki puzzle_type-zwierzat\" data-id=\"25652\">\r\n\t\t<div class=\"w-grid-item-h\">\r\n\t\t\t\t\t\t<div class=\"w-post-elm post_image usg_post_image_1 stretched\"><a href=\"https:\/\/legacy.jigsawpuzzel.nl\/pl\/puzzles\/jastrzab-latajacy-wysoko-nad-gora\/\" aria-label=\"Jastrz\u0105b lec\u0105cy wysoko nad g\u00f3r\u0105\"><img decoding=\"async\" width=\"520\" height=\"329\" src=\"https:\/\/legacy.jigsawpuzzel.nl\/pl\/wp-content\/uploads\/2024\/12\/Hawk-flying-high-above-mountain_puzzle.jpg\" class=\"attachment-large size-large wp-post-image\" alt=\"\" srcset=\"https:\/\/legacy.jigsawpuzzel.nl\/pl\/wp-content\/uploads\/2024\/12\/Hawk-flying-high-above-mountain_puzzle.jpg 520w, https:\/\/legacy.jigsawpuzzel.nl\/pl\/wp-content\/uploads\/2024\/12\/Hawk-flying-high-above-mountain_puzzle-300x190.jpg 300w\" sizes=\"(max-width: 520px) 100vw, 520px\" \/><\/a><\/div><h2 class=\"w-post-elm post_title usg_post_title_1 entry-title color_link_inherit\"><a href=\"https:\/\/legacy.jigsawpuzzel.nl\/pl\/puzzles\/jastrzab-latajacy-wysoko-nad-gora\/\">Jastrz\u0105b lec\u0105cy wysoko nad g\u00f3r\u0105<\/a><\/h2>\t\t<\/div>\r\n\t\t\t<\/article>\r\n\t<article class=\"w-grid-item size_1x1 post-25898 puzzles type-puzzles status-publish has-post-thumbnail hentry puzzle_type-zwierzat\" data-id=\"25898\">\r\n\t\t<div class=\"w-grid-item-h\">\r\n\t\t\t\t\t\t<div class=\"w-post-elm post_image usg_post_image_1 stretched\"><a href=\"https:\/\/legacy.jigsawpuzzel.nl\/pl\/puzzles\/matka-gepard-z-szescioma-dziecmi\/\" aria-label=\"Matka gepard z sze\u015bciorgiem dzieci\"><img decoding=\"async\" width=\"520\" height=\"329\" src=\"https:\/\/legacy.jigsawpuzzel.nl\/pl\/wp-content\/uploads\/2025\/01\/Mother-cheetah-with-six-babies_puzzle.jpg\" class=\"attachment-large size-large wp-post-image\" alt=\"\" srcset=\"https:\/\/legacy.jigsawpuzzel.nl\/pl\/wp-content\/uploads\/2025\/01\/Mother-cheetah-with-six-babies_puzzle.jpg 520w, https:\/\/legacy.jigsawpuzzel.nl\/pl\/wp-content\/uploads\/2025\/01\/Mother-cheetah-with-six-babies_puzzle-300x190.jpg 300w\" sizes=\"(max-width: 520px) 100vw, 520px\" \/><\/a><\/div><h2 class=\"w-post-elm post_title usg_post_title_1 entry-title color_link_inherit\"><a href=\"https:\/\/legacy.jigsawpuzzel.nl\/pl\/puzzles\/matka-gepard-z-szescioma-dziecmi\/\">Matka gepard z sze\u015bciorgiem dzieci<\/a><\/h2>\t\t<\/div>\r\n\t\t\t<\/article>\r\n\t<article class=\"w-grid-item size_1x1 post-27659 puzzles type-puzzles status-publish has-post-thumbnail hentry puzzle_type-zwierzat\" data-id=\"27659\">\r\n\t\t<div class=\"w-grid-item-h\">\r\n\t\t\t\t\t\t<div class=\"w-post-elm post_image usg_post_image_1 stretched\"><a href=\"https:\/\/legacy.jigsawpuzzel.nl\/pl\/puzzles\/dwie-ogromne-lwice-z-otwartymi-ustami\/\" aria-label=\"Dwie ogromne lwice z otwartymi paszczami\"><img decoding=\"async\" width=\"520\" height=\"329\" src=\"https:\/\/legacy.jigsawpuzzel.nl\/pl\/wp-content\/uploads\/2025\/08\/Two-huge-lioness-with-open-mouth_puzzle.jpg\" class=\"attachment-large size-large wp-post-image\" alt=\"\" srcset=\"https:\/\/legacy.jigsawpuzzel.nl\/pl\/wp-content\/uploads\/2025\/08\/Two-huge-lioness-with-open-mouth_puzzle.jpg 520w, https:\/\/legacy.jigsawpuzzel.nl\/pl\/wp-content\/uploads\/2025\/08\/Two-huge-lioness-with-open-mouth_puzzle-300x190.jpg 300w\" sizes=\"(max-width: 520px) 100vw, 520px\" \/><\/a><\/div><h2 class=\"w-post-elm post_title usg_post_title_1 entry-title color_link_inherit\"><a href=\"https:\/\/legacy.jigsawpuzzel.nl\/pl\/puzzles\/dwie-ogromne-lwice-z-otwartymi-ustami\/\">Dwie ogromne lwice z otwartymi paszczami<\/a><\/h2>\t\t<\/div>\r\n\t\t\t<\/article>\r\n\t<article class=\"w-grid-item size_1x1 post-21416 puzzles type-puzzles status-publish has-post-thumbnail hentry puzzle_type-zwierzat\" data-id=\"21416\">\r\n\t\t<div class=\"w-grid-item-h\">\r\n\t\t\t\t\t\t<div class=\"w-post-elm post_image usg_post_image_1 stretched\"><a href=\"https:\/\/legacy.jigsawpuzzel.nl\/pl\/puzzles\/mala-krowa-probuje-pic-mama-krowie-mleko\/\" aria-label=\"Ma\u0142a krowa pr\u00f3buje pi\u0107 mleko krowie mamy\"><img decoding=\"async\" width=\"520\" height=\"329\" src=\"https:\/\/legacy.jigsawpuzzel.nl\/pl\/wp-content\/uploads\/2023\/09\/Baby-cow-trying-drink-mama-cow-milk_puzzle.jpg\" class=\"attachment-large size-large wp-post-image\" alt=\"Baby cow trying drink mama cow milk\" srcset=\"https:\/\/legacy.jigsawpuzzel.nl\/pl\/wp-content\/uploads\/2023\/09\/Baby-cow-trying-drink-mama-cow-milk_puzzle.jpg 520w, https:\/\/legacy.jigsawpuzzel.nl\/pl\/wp-content\/uploads\/2023\/09\/Baby-cow-trying-drink-mama-cow-milk_puzzle-300x190.jpg 300w\" sizes=\"(max-width: 520px) 100vw, 520px\" \/><\/a><\/div><h2 class=\"w-post-elm post_title usg_post_title_1 entry-title color_link_inherit\"><a href=\"https:\/\/legacy.jigsawpuzzel.nl\/pl\/puzzles\/mala-krowa-probuje-pic-mama-krowie-mleko\/\">Ma\u0142a krowa pr\u00f3buje pi\u0107 mleko krowie mamy<\/a><\/h2>\t\t<\/div>\r\n\t\t\t<\/article>\r\n<\/div><div class=\"w-grid-preloader\">\t<div class=\"g-preloader type_1\">\r\n\t\t<div><\/div>\r\n\t<\/div>\r\n\t<\/div>\t<div class=\"w-grid-json hidden\" onclick='return {&quot;action&quot;:&quot;us_ajax_grid&quot;,&quot;infinite_scroll&quot;:0,&quot;max_num_pages&quot;:523,&quot;pagination&quot;:&quot;none&quot;,&quot;template_vars&quot;:{&quot;columns&quot;:&quot;3&quot;,&quot;exclude_items&quot;:&quot;none&quot;,&quot;img_size&quot;:&quot;default&quot;,&quot;ignore_items_size&quot;:0,&quot;items_layout&quot;:&quot;blog_1&quot;,&quot;items_offset&quot;:&quot;1&quot;,&quot;load_animation&quot;:&quot;none&quot;,&quot;overriding_link&quot;:&quot;{\\&quot;url\\&quot;:\\&quot;\\&quot;}&quot;,&quot;post_id&quot;:0,&quot;query_args&quot;:{&quot;post_type&quot;:[&quot;puzzles&quot;],&quot;post_status&quot;:[&quot;publish&quot;,&quot;acf-disabled&quot;],&quot;posts_per_page&quot;:&quot;9&quot;},&quot;orderby_query_args&quot;:{&quot;orderby&quot;:&quot;RAND(647701255)&quot;},&quot;type&quot;:&quot;grid&quot;,&quot;us_grid_post_type&quot;:&quot;puzzles&quot;,&quot;us_grid_ajax_index&quot;:1,&quot;us_grid_filter_query_string&quot;:null,&quot;us_grid_index&quot;:1,&quot;page_args&quot;:[]}}'><\/div>\r\n\t<\/div><\/div><\/div><\/div><\/div><\/div><\/div><\/div><\/div><\/div><\/section>\n","protected":false},"excerpt":{"rendered":"Ma\u0142a krowa pr\u00f3buje pi\u0107 mleko krowie mamy online.","protected":false},"author":1,"featured_media":0,"parent":0,"menu_order":0,"comment_status":"closed","ping_status":"closed","template":"","meta":{"_acf_changed":false,"footnotes":""},"class_list":["post-9469","page","type-page","status-publish","hentry"],"acf":[],"yoast_head":"<!-- This site is optimized with the Yoast SEO plugin v26.6 - https:\/\/yoast.com\/wordpress\/plugins\/seo\/ -->\n<title>Nie znaleziono 404 - uk\u0142adanka internetowa<\/title>\n<meta name=\"robots\" content=\"index, follow, max-snippet:-1, max-image-preview:large, max-video-preview:-1\" \/>\n<link rel=\"canonical\" href=\"https:\/\/legacy.jigsawpuzzel.nl\/pl\/nie-znaleziono-404\/\" \/>\n<meta property=\"og:locale\" content=\"en_US\" \/>\n<meta property=\"og:type\" content=\"article\" \/>\n<meta property=\"og:title\" content=\"Nie znaleziono 404 - uk\u0142adanka internetowa\" \/>\n<meta property=\"og:url\" content=\"https:\/\/legacy.jigsawpuzzel.nl\/pl\/nie-znaleziono-404\/\" \/>\n<meta property=\"og:site_name\" content=\"uk\u0142adanka internetowa\" \/>\n<meta property=\"article:modified_time\" content=\"2024-02-07T18:23:19+00:00\" \/>\n<meta name=\"twitter:card\" content=\"summary_large_image\" \/>\n<script type=\"application\/ld+json\" class=\"yoast-schema-graph\">{\"@context\":\"https:\/\/schema.org\",\"@graph\":[{\"@type\":\"WebPage\",\"@id\":\"https:\/\/legacy.jigsawpuzzel.nl\/pl\/nie-znaleziono-404\/\",\"url\":\"https:\/\/legacy.jigsawpuzzel.nl\/pl\/nie-znaleziono-404\/\",\"name\":\"Nie znaleziono 404 - uk\u0142adanka internetowa\",\"isPartOf\":{\"@id\":\"https:\/\/legacy.jigsawpuzzel.nl\/pl\/#website\"},\"datePublished\":\"2019-10-22T15:50:53+00:00\",\"dateModified\":\"2024-02-07T18:23:19+00:00\",\"inLanguage\":\"en-US\",\"potentialAction\":[{\"@type\":\"ReadAction\",\"target\":[\"https:\/\/legacy.jigsawpuzzel.nl\/pl\/nie-znaleziono-404\/\"]}]},{\"@type\":\"WebSite\",\"@id\":\"https:\/\/legacy.jigsawpuzzel.nl\/pl\/#website\",\"url\":\"https:\/\/legacy.jigsawpuzzel.nl\/pl\/\",\"name\":\"uk\u0142adanka internetowa\",\"description\":\"puzzle online dla dzieci i doros\u0142ych\",\"potentialAction\":[{\"@type\":\"SearchAction\",\"target\":{\"@type\":\"EntryPoint\",\"urlTemplate\":\"https:\/\/legacy.jigsawpuzzel.nl\/pl\/?s={search_term_string}\"},\"query-input\":{\"@type\":\"PropertyValueSpecification\",\"valueRequired\":true,\"valueName\":\"search_term_string\"}}],\"inLanguage\":\"en-US\"}]}<\/script>\n<!-- \/ Yoast SEO plugin. -->","yoast_head_json":{"title":"Nie znaleziono 404 - uk\u0142adanka internetowa","robots":{"index":"index","follow":"follow","max-snippet":"max-snippet:-1","max-image-preview":"max-image-preview:large","max-video-preview":"max-video-preview:-1"},"canonical":"https:\/\/legacy.jigsawpuzzel.nl\/pl\/nie-znaleziono-404\/","og_locale":"en_US","og_type":"article","og_title":"Nie znaleziono 404 - uk\u0142adanka internetowa","og_url":"https:\/\/legacy.jigsawpuzzel.nl\/pl\/nie-znaleziono-404\/","og_site_name":"uk\u0142adanka internetowa","article_modified_time":"2024-02-07T18:23:19+00:00","twitter_card":"summary_large_image","schema":{"@context":"https:\/\/schema.org","@graph":[{"@type":"WebPage","@id":"https:\/\/legacy.jigsawpuzzel.nl\/pl\/nie-znaleziono-404\/","url":"https:\/\/legacy.jigsawpuzzel.nl\/pl\/nie-znaleziono-404\/","name":"Nie znaleziono 404 - uk\u0142adanka internetowa","isPartOf":{"@id":"https:\/\/legacy.jigsawpuzzel.nl\/pl\/#website"},"datePublished":"2019-10-22T15:50:53+00:00","dateModified":"2024-02-07T18:23:19+00:00","inLanguage":"en-US","potentialAction":[{"@type":"ReadAction","target":["https:\/\/legacy.jigsawpuzzel.nl\/pl\/nie-znaleziono-404\/"]}]},{"@type":"WebSite","@id":"https:\/\/legacy.jigsawpuzzel.nl\/pl\/#website","url":"https:\/\/legacy.jigsawpuzzel.nl\/pl\/","name":"uk\u0142adanka internetowa","description":"puzzle online dla dzieci i doros\u0142ych","potentialAction":[{"@type":"SearchAction","target":{"@type":"EntryPoint","urlTemplate":"https:\/\/legacy.jigsawpuzzel.nl\/pl\/?s={search_term_string}"},"query-input":{"@type":"PropertyValueSpecification","valueRequired":true,"valueName":"search_term_string"}}],"inLanguage":"en-US"}]}},"_links":{"self":[{"href":"https:\/\/legacy.jigsawpuzzel.nl\/pl\/wp-json\/wp\/v2\/pages\/9469","targetHints":{"allow":["GET"]}}],"collection":[{"href":"https:\/\/legacy.jigsawpuzzel.nl\/pl\/wp-json\/wp\/v2\/pages"}],"about":[{"href":"https:\/\/legacy.jigsawpuzzel.nl\/pl\/wp-json\/wp\/v2\/types\/page"}],"author":[{"embeddable":true,"href":"https:\/\/legacy.jigsawpuzzel.nl\/pl\/wp-json\/wp\/v2\/users\/1"}],"replies":[{"embeddable":true,"href":"https:\/\/legacy.jigsawpuzzel.nl\/pl\/wp-json\/wp\/v2\/comments?post=9469"}],"version-history":[{"count":1,"href":"https:\/\/legacy.jigsawpuzzel.nl\/pl\/wp-json\/wp\/v2\/pages\/9469\/revisions"}],"predecessor-version":[{"id":22935,"href":"https:\/\/legacy.jigsawpuzzel.nl\/pl\/wp-json\/wp\/v2\/pages\/9469\/revisions\/22935"}],"wp:attachment":[{"href":"https:\/\/legacy.jigsawpuzzel.nl\/pl\/wp-json\/wp\/v2\/media?parent=9469"}],"curies":[{"name":"wp","href":"https:\/\/api.w.org\/{rel}","templated":true}]}}