{"id":8919,"date":"2019-10-16T14:07:32","date_gmt":"2019-10-16T14:07:32","guid":{"rendered":"http:\/\/www.onlinejigsawpuzzles.net\/?page_id=8919"},"modified":"2024-02-07T18:25:04","modified_gmt":"2024-02-07T18:25:04","slug":"anime","status":"publish","type":"page","link":"https:\/\/legacy.jigsawpuzzel.nl\/pl\/anime\/","title":{"rendered":"Anime"},"content":{"rendered":"<section class=\"l-section wpb_row height_medium\"><div class=\"l-section-h i-cf\"><div class=\"g-cols vc_row via_flex valign_top type_default stacking_default\"><div class=\"vc_col-sm-12 wpb_column vc_column_container\"><div class=\"vc_column-inner\"><div class=\"wpb_wrapper\"><div class=\"wpb_text_column\"><div class=\"wpb_wrapper\"><h1>Puzzle online Anime Manga &#8211; za darmo<\/h1>\n<p>Ta strona onlinejigsawpuzzles.net oferuje darmowe puzzle anime online, puzzle manga. Zkry\u0142o najpi\u0119kniejsze i najbardziej kolorowe tapety z rysunkami, aby wygenerowa\u0107 \u0142amig\u0142\u00f3wk\u0119. Mo\u017cesz wybra\u0107 spo\u015br\u00f3d r\u00f3\u017cnych puzzli z galeri\u0105, a tak\u017ce wybra\u0107 poziom trudno\u015bci z prostym 6-elementowym wyci\u0119ciem dla ma\u0142ych dzieci do 247 element\u00f3w dla starszych dzieci i doros\u0142ych. Puzzle online, kt\u00f3re umo\u017cliwiaj\u0105 korzystanie z obs\u0142ugi myszy, to dobra zabawa i edukacja. Ciesz si\u0119 tymi \u0142amig\u0142\u00f3wkami manga anime.<\/p>\n<\/div><\/div><div class=\"w-separator size_small\"><\/div><div class=\"g-cols wpb_row via_flex valign_top type_default stacking_default\"><div class=\"vc_col-sm-12 wpb_column vc_column_container pp\"><div class=\"vc_column-inner\"><div class=\"wpb_wrapper\"><div class=\"w-grid type_grid layout_8862 cols_3 pagination_regular\" id=\"us_grid_1\" style=\"--gap:1.5rem;\" data-filterable=\"true\"><style>@media (max-width:1449px){#us_grid_1 .w-grid-item{width:50%}}@media (max-width:1024px){#us_grid_1 .w-grid-item{width:50%}}@media (max-width:600px){#us_grid_1 .w-grid-list{margin:0}#us_grid_1 .w-grid-item{width:100%;padding:0;margin-bottom:var(--gap,0px)}}.layout_8862 .w-grid-item-h{}.layout_8862 .usg_post_image_1{text-transform:none!important;height:200px!important;max-height:200px!important;min-height:200px!important}.layout_8862 .usg_post_title_1{font-size:1rem!important;font-family:var(--font-family)!important;font-weight:500!important;text-transform:none!important;margin-left:6px!important;margin-top:6px!important}.layout_8862 .usg_post_date_1{font-size:14px!important;margin-left:6px!important;margin-top:4px!important}<\/style><div class=\"w-grid-list\">\t<article class=\"w-grid-item size_1x1 post-28846 puzzles type-puzzles status-publish has-post-thumbnail hentry puzzle_type-anime\" data-id=\"28846\">\r\n\t\t<div class=\"w-grid-item-h\">\r\n\t\t\t\t\t\t\t<a href=\"https:\/\/legacy.jigsawpuzzel.nl\/pl\/puzzles\/nauka-jak-student-anime\/\" class=\"w-grid-item-anchor\" aria-label=\"Student lubi studiowa\u0107 anime\"><\/a>\r\n\t\t\t\t\t\t<div class=\"w-post-elm post_image usg_post_image_1 has_height\"><a href=\"https:\/\/legacy.jigsawpuzzel.nl\/pl\/puzzles\/nauka-jak-student-anime\/\" aria-label=\"Student lubi studiowa\u0107 anime\"><img decoding=\"async\" width=\"520\" height=\"329\" src=\"https:\/\/legacy.jigsawpuzzel.nl\/pl\/wp-content\/uploads\/2026\/01\/Student-like-anime-studying_puzzle.jpg\" class=\"attachment-full size-full wp-post-image\" alt=\"\" srcset=\"https:\/\/legacy.jigsawpuzzel.nl\/pl\/wp-content\/uploads\/2026\/01\/Student-like-anime-studying_puzzle.jpg 520w, https:\/\/legacy.jigsawpuzzel.nl\/pl\/wp-content\/uploads\/2026\/01\/Student-like-anime-studying_puzzle-300x190.jpg 300w\" sizes=\"(max-width: 520px) 100vw, 520px\" \/><\/a><\/div><p class=\"w-post-elm post_title usg_post_title_1 entry-title color_link_inherit\"><a href=\"https:\/\/legacy.jigsawpuzzel.nl\/pl\/puzzles\/nauka-jak-student-anime\/\">Student lubi studiowa\u0107 anime<\/a><\/p><time class=\"w-post-elm post_date usg_post_date_1 entry-date published\" datetime=\"2026-01-23T00:02:02+00:00\">January 23, 2026<\/time>\t\t<\/div>\r\n\t\t\t<\/article>\r\n\t<article class=\"w-grid-item size_1x1 post-28695 puzzles type-puzzles status-publish has-post-thumbnail hentry puzzle_type-anime\" data-id=\"28695\">\r\n\t\t<div class=\"w-grid-item-h\">\r\n\t\t\t\t\t\t\t<a href=\"https:\/\/legacy.jigsawpuzzel.nl\/pl\/puzzles\/ladna-dziewczyna-o-krotkich-wlosach\/\" class=\"w-grid-item-anchor\" aria-label=\"\u0141adna dziewczyna z kr\u00f3tkimi w\u0142osami\"><\/a>\r\n\t\t\t\t\t\t<div class=\"w-post-elm post_image usg_post_image_1 has_height\"><a href=\"https:\/\/legacy.jigsawpuzzel.nl\/pl\/puzzles\/ladna-dziewczyna-o-krotkich-wlosach\/\" aria-label=\"\u0141adna dziewczyna z kr\u00f3tkimi w\u0142osami\"><img decoding=\"async\" width=\"520\" height=\"329\" src=\"https:\/\/legacy.jigsawpuzzel.nl\/pl\/wp-content\/uploads\/2026\/01\/Pretty-short-hair-setting-girl_puzzle.jpg\" class=\"attachment-full size-full wp-post-image\" alt=\"\" srcset=\"https:\/\/legacy.jigsawpuzzel.nl\/pl\/wp-content\/uploads\/2026\/01\/Pretty-short-hair-setting-girl_puzzle.jpg 520w, https:\/\/legacy.jigsawpuzzel.nl\/pl\/wp-content\/uploads\/2026\/01\/Pretty-short-hair-setting-girl_puzzle-300x190.jpg 300w\" sizes=\"(max-width: 520px) 100vw, 520px\" \/><\/a><\/div><p class=\"w-post-elm post_title usg_post_title_1 entry-title color_link_inherit\"><a href=\"https:\/\/legacy.jigsawpuzzel.nl\/pl\/puzzles\/ladna-dziewczyna-o-krotkich-wlosach\/\">\u0141adna dziewczyna z kr\u00f3tkimi w\u0142osami<\/a><\/p><time class=\"w-post-elm post_date usg_post_date_1 entry-date published\" datetime=\"2026-01-04T00:02:12+00:00\">January 4, 2026<\/time>\t\t<\/div>\r\n\t\t\t<\/article>\r\n\t<article class=\"w-grid-item size_1x1 post-28635 puzzles type-puzzles status-publish has-post-thumbnail hentry puzzle_type-anime\" data-id=\"28635\">\r\n\t\t<div class=\"w-grid-item-h\">\r\n\t\t\t\t\t\t\t<a href=\"https:\/\/legacy.jigsawpuzzel.nl\/pl\/puzzles\/dziewczyna-w-mundurku-szkolnym\/\" class=\"w-grid-item-anchor\" aria-label=\"Dziewczyna w mundurku szkolnym\"><\/a>\r\n\t\t\t\t\t\t<div class=\"w-post-elm post_image usg_post_image_1 has_height\"><a href=\"https:\/\/legacy.jigsawpuzzel.nl\/pl\/puzzles\/dziewczyna-w-mundurku-szkolnym\/\" aria-label=\"Dziewczyna w mundurku szkolnym\"><img decoding=\"async\" width=\"520\" height=\"329\" src=\"https:\/\/legacy.jigsawpuzzel.nl\/pl\/wp-content\/uploads\/2025\/12\/Girl-in-school-uniform_puzzle.jpg\" class=\"attachment-full size-full wp-post-image\" alt=\"\" srcset=\"https:\/\/legacy.jigsawpuzzel.nl\/pl\/wp-content\/uploads\/2025\/12\/Girl-in-school-uniform_puzzle.jpg 520w, https:\/\/legacy.jigsawpuzzel.nl\/pl\/wp-content\/uploads\/2025\/12\/Girl-in-school-uniform_puzzle-300x190.jpg 300w\" sizes=\"(max-width: 520px) 100vw, 520px\" \/><\/a><\/div><p class=\"w-post-elm post_title usg_post_title_1 entry-title color_link_inherit\"><a href=\"https:\/\/legacy.jigsawpuzzel.nl\/pl\/puzzles\/dziewczyna-w-mundurku-szkolnym\/\">Dziewczyna w mundurku szkolnym<\/a><\/p><time class=\"w-post-elm post_date usg_post_date_1 entry-date published\" datetime=\"2025-12-28T00:03:41+00:00\">December 28, 2025<\/time>\t\t<\/div>\r\n\t\t\t<\/article>\r\n\t<article class=\"w-grid-item size_1x1 post-28570 puzzles type-puzzles status-publish has-post-thumbnail hentry puzzle_type-anime\" data-id=\"28570\">\r\n\t\t<div class=\"w-grid-item-h\">\r\n\t\t\t\t\t\t\t<a href=\"https:\/\/legacy.jigsawpuzzel.nl\/pl\/puzzles\/dziewczyna-w-bibliotece\/\" class=\"w-grid-item-anchor\" aria-label=\"Dziewczyna w bibliotece\"><\/a>\r\n\t\t\t\t\t\t<div class=\"w-post-elm post_image usg_post_image_1 has_height\"><a href=\"https:\/\/legacy.jigsawpuzzel.nl\/pl\/puzzles\/dziewczyna-w-bibliotece\/\" aria-label=\"Dziewczyna w bibliotece\"><img decoding=\"async\" width=\"520\" height=\"329\" src=\"https:\/\/legacy.jigsawpuzzel.nl\/pl\/wp-content\/uploads\/2025\/11\/A-girl-in-the-library_puzzle.jpg\" class=\"attachment-full size-full wp-post-image\" alt=\"\" srcset=\"https:\/\/legacy.jigsawpuzzel.nl\/pl\/wp-content\/uploads\/2025\/11\/A-girl-in-the-library_puzzle.jpg 520w, https:\/\/legacy.jigsawpuzzel.nl\/pl\/wp-content\/uploads\/2025\/11\/A-girl-in-the-library_puzzle-300x190.jpg 300w\" sizes=\"(max-width: 520px) 100vw, 520px\" \/><\/a><\/div><p class=\"w-post-elm post_title usg_post_title_1 entry-title color_link_inherit\"><a href=\"https:\/\/legacy.jigsawpuzzel.nl\/pl\/puzzles\/dziewczyna-w-bibliotece\/\">Dziewczyna w bibliotece<\/a><\/p><time class=\"w-post-elm post_date usg_post_date_1 entry-date published\" datetime=\"2025-12-20T00:02:11+00:00\">December 20, 2025<\/time>\t\t<\/div>\r\n\t\t\t<\/article>\r\n\t<article class=\"w-grid-item size_1x1 post-28499 puzzles type-puzzles status-publish has-post-thumbnail hentry puzzle_type-anime\" data-id=\"28499\">\r\n\t\t<div class=\"w-grid-item-h\">\r\n\t\t\t\t\t\t\t<a href=\"https:\/\/legacy.jigsawpuzzel.nl\/pl\/puzzles\/sliczna-dziewczyna-z-anime\/\" class=\"w-grid-item-anchor\" aria-label=\"Pi\u0119kna dziewczyna z anime\"><\/a>\r\n\t\t\t\t\t\t<div class=\"w-post-elm post_image usg_post_image_1 has_height\"><a href=\"https:\/\/legacy.jigsawpuzzel.nl\/pl\/puzzles\/sliczna-dziewczyna-z-anime\/\" aria-label=\"Pi\u0119kna dziewczyna z anime\"><img decoding=\"async\" width=\"520\" height=\"329\" src=\"https:\/\/legacy.jigsawpuzzel.nl\/pl\/wp-content\/uploads\/2025\/12\/Lovely-anime-girl_puzzle.jpg\" class=\"attachment-full size-full wp-post-image\" alt=\"\" srcset=\"https:\/\/legacy.jigsawpuzzel.nl\/pl\/wp-content\/uploads\/2025\/12\/Lovely-anime-girl_puzzle.jpg 520w, https:\/\/legacy.jigsawpuzzel.nl\/pl\/wp-content\/uploads\/2025\/12\/Lovely-anime-girl_puzzle-300x190.jpg 300w\" sizes=\"(max-width: 520px) 100vw, 520px\" \/><\/a><\/div><p class=\"w-post-elm post_title usg_post_title_1 entry-title color_link_inherit\"><a href=\"https:\/\/legacy.jigsawpuzzel.nl\/pl\/puzzles\/sliczna-dziewczyna-z-anime\/\">Pi\u0119kna dziewczyna z anime<\/a><\/p><time class=\"w-post-elm post_date usg_post_date_1 entry-date published\" datetime=\"2025-12-11T00:03:46+00:00\">December 11, 2025<\/time>\t\t<\/div>\r\n\t\t\t<\/article>\r\n\t<article class=\"w-grid-item size_1x1 post-28475 puzzles type-puzzles status-publish has-post-thumbnail hentry puzzle_type-anime\" data-id=\"28475\">\r\n\t\t<div class=\"w-grid-item-h\">\r\n\t\t\t\t\t\t\t<a href=\"https:\/\/legacy.jigsawpuzzel.nl\/pl\/puzzles\/sceneria-ladnej-dziewczyny-z-anime\/\" class=\"w-grid-item-anchor\" aria-label=\"\u0141adne otoczenie dziewczyny z anime\"><\/a>\r\n\t\t\t\t\t\t<div class=\"w-post-elm post_image usg_post_image_1 has_height\"><a href=\"https:\/\/legacy.jigsawpuzzel.nl\/pl\/puzzles\/sceneria-ladnej-dziewczyny-z-anime\/\" aria-label=\"\u0141adne otoczenie dziewczyny z anime\"><img decoding=\"async\" width=\"520\" height=\"329\" src=\"https:\/\/legacy.jigsawpuzzel.nl\/pl\/wp-content\/uploads\/2025\/12\/Pretty-anime-girl-setting_puzzle.jpg\" class=\"attachment-full size-full wp-post-image\" alt=\"\" srcset=\"https:\/\/legacy.jigsawpuzzel.nl\/pl\/wp-content\/uploads\/2025\/12\/Pretty-anime-girl-setting_puzzle.jpg 520w, https:\/\/legacy.jigsawpuzzel.nl\/pl\/wp-content\/uploads\/2025\/12\/Pretty-anime-girl-setting_puzzle-300x190.jpg 300w\" sizes=\"(max-width: 520px) 100vw, 520px\" \/><\/a><\/div><p class=\"w-post-elm post_title usg_post_title_1 entry-title color_link_inherit\"><a href=\"https:\/\/legacy.jigsawpuzzel.nl\/pl\/puzzles\/sceneria-ladnej-dziewczyny-z-anime\/\">\u0141adne otoczenie dziewczyny z anime<\/a><\/p><time class=\"w-post-elm post_date usg_post_date_1 entry-date published\" datetime=\"2025-12-08T00:02:52+00:00\">December 8, 2025<\/time>\t\t<\/div>\r\n\t\t\t<\/article>\r\n\t<article class=\"w-grid-item size_1x1 post-28420 puzzles type-puzzles status-publish has-post-thumbnail hentry puzzle_type-anime\" data-id=\"28420\">\r\n\t\t<div class=\"w-grid-item-h\">\r\n\t\t\t\t\t\t\t<a href=\"https:\/\/legacy.jigsawpuzzel.nl\/pl\/puzzles\/mai-oduka-japonska-postac-powiesci-lekkiej\/\" class=\"w-grid-item-anchor\" aria-label=\"Mai Oduka, japo\u0144ska posta\u0107 z powie\u015bci \u015bwietlnej\"><\/a>\r\n\t\t\t\t\t\t<div class=\"w-post-elm post_image usg_post_image_1 has_height\"><a href=\"https:\/\/legacy.jigsawpuzzel.nl\/pl\/puzzles\/mai-oduka-japonska-postac-powiesci-lekkiej\/\" aria-label=\"Mai Oduka, japo\u0144ska posta\u0107 z powie\u015bci \u015bwietlnej\"><img decoding=\"async\" width=\"520\" height=\"329\" src=\"https:\/\/legacy.jigsawpuzzel.nl\/pl\/wp-content\/uploads\/2025\/11\/Mai-Oduka-japanese-light-novel-character_puzzle.jpg\" class=\"attachment-full size-full wp-post-image\" alt=\"\" srcset=\"https:\/\/legacy.jigsawpuzzel.nl\/pl\/wp-content\/uploads\/2025\/11\/Mai-Oduka-japanese-light-novel-character_puzzle.jpg 520w, https:\/\/legacy.jigsawpuzzel.nl\/pl\/wp-content\/uploads\/2025\/11\/Mai-Oduka-japanese-light-novel-character_puzzle-300x190.jpg 300w\" sizes=\"(max-width: 520px) 100vw, 520px\" \/><\/a><\/div><p class=\"w-post-elm post_title usg_post_title_1 entry-title color_link_inherit\"><a href=\"https:\/\/legacy.jigsawpuzzel.nl\/pl\/puzzles\/mai-oduka-japonska-postac-powiesci-lekkiej\/\">Mai Oduka, japo\u0144ska posta\u0107 z powie\u015bci \u015bwietlnej<\/a><\/p><time class=\"w-post-elm post_date usg_post_date_1 entry-date published\" datetime=\"2025-12-01T00:03:55+00:00\">December 1, 2025<\/time>\t\t<\/div>\r\n\t\t\t<\/article>\r\n\t<article class=\"w-grid-item size_1x1 post-28347 puzzles type-puzzles status-publish has-post-thumbnail hentry puzzle_type-anime\" data-id=\"28347\">\r\n\t\t<div class=\"w-grid-item-h\">\r\n\t\t\t\t\t\t\t<a href=\"https:\/\/legacy.jigsawpuzzel.nl\/pl\/puzzles\/dziewczyna-z-anime-w-biurowym-ustawieniu\/\" class=\"w-grid-item-anchor\" aria-label=\"Dziewczyna z anime w otoczeniu przypominaj\u0105cym biuro\"><\/a>\r\n\t\t\t\t\t\t<div class=\"w-post-elm post_image usg_post_image_1 has_height\"><a href=\"https:\/\/legacy.jigsawpuzzel.nl\/pl\/puzzles\/dziewczyna-z-anime-w-biurowym-ustawieniu\/\" aria-label=\"Dziewczyna z anime w otoczeniu przypominaj\u0105cym biuro\"><img decoding=\"async\" width=\"520\" height=\"329\" src=\"https:\/\/legacy.jigsawpuzzel.nl\/pl\/wp-content\/uploads\/2025\/11\/Anime-girl-with-office-like-setting_puzzle.jpg\" class=\"attachment-full size-full wp-post-image\" alt=\"\" srcset=\"https:\/\/legacy.jigsawpuzzel.nl\/pl\/wp-content\/uploads\/2025\/11\/Anime-girl-with-office-like-setting_puzzle.jpg 520w, https:\/\/legacy.jigsawpuzzel.nl\/pl\/wp-content\/uploads\/2025\/11\/Anime-girl-with-office-like-setting_puzzle-300x190.jpg 300w\" sizes=\"(max-width: 520px) 100vw, 520px\" \/><\/a><\/div><p class=\"w-post-elm post_title usg_post_title_1 entry-title color_link_inherit\"><a href=\"https:\/\/legacy.jigsawpuzzel.nl\/pl\/puzzles\/dziewczyna-z-anime-w-biurowym-ustawieniu\/\">Dziewczyna z anime w otoczeniu przypominaj\u0105cym biuro<\/a><\/p><time class=\"w-post-elm post_date usg_post_date_1 entry-date published\" datetime=\"2025-11-23T07:33:57+00:00\">November 23, 2025<\/time>\t\t<\/div>\r\n\t\t\t<\/article>\r\n\t<article class=\"w-grid-item size_1x1 post-28287 puzzles type-puzzles status-publish has-post-thumbnail hentry puzzle_type-anime\" data-id=\"28287\">\r\n\t\t<div class=\"w-grid-item-h\">\r\n\t\t\t\t\t\t\t<a href=\"https:\/\/legacy.jigsawpuzzel.nl\/pl\/puzzles\/dziewczyna-upadajaca-na-dol\/\" class=\"w-grid-item-anchor\" aria-label=\"Dziewczyna upadaj\u0105ca\"><\/a>\r\n\t\t\t\t\t\t<div class=\"w-post-elm post_image usg_post_image_1 has_height\"><a href=\"https:\/\/legacy.jigsawpuzzel.nl\/pl\/puzzles\/dziewczyna-upadajaca-na-dol\/\" aria-label=\"Dziewczyna upadaj\u0105ca\"><img decoding=\"async\" width=\"520\" height=\"329\" src=\"https:\/\/legacy.jigsawpuzzel.nl\/pl\/wp-content\/uploads\/2025\/11\/A-girl-falling-down_puzzle.jpg\" class=\"attachment-full size-full wp-post-image\" alt=\"\" srcset=\"https:\/\/legacy.jigsawpuzzel.nl\/pl\/wp-content\/uploads\/2025\/11\/A-girl-falling-down_puzzle.jpg 520w, https:\/\/legacy.jigsawpuzzel.nl\/pl\/wp-content\/uploads\/2025\/11\/A-girl-falling-down_puzzle-300x190.jpg 300w\" sizes=\"(max-width: 520px) 100vw, 520px\" \/><\/a><\/div><p class=\"w-post-elm post_title usg_post_title_1 entry-title color_link_inherit\"><a href=\"https:\/\/legacy.jigsawpuzzel.nl\/pl\/puzzles\/dziewczyna-upadajaca-na-dol\/\">Dziewczyna upadaj\u0105ca<\/a><\/p><time class=\"w-post-elm post_date usg_post_date_1 entry-date published\" datetime=\"2025-11-16T08:23:15+00:00\">November 16, 2025<\/time>\t\t<\/div>\r\n\t\t\t<\/article>\r\n<\/div><div class=\"w-grid-preloader\">\t<div class=\"g-preloader type_1\">\r\n\t\t<div><\/div>\r\n\t<\/div>\r\n\t<\/div>\t\t\t<nav class=\"pagination navigation\" role=\"navigation\">\r\n\t\t\t\t<div class=\"nav-links\">\r\n\t\t\t\t\t<span aria-current=\"page\" class=\"page-numbers current\"><span>1<\/span><\/span>\n<a class=\"page-numbers\" href=\"https:\/\/legacy.jigsawpuzzel.nl\/pl\/wp-json\/wp\/v2\/pages\/8919\/page\/2\/\"><span>2<\/span><\/a>\n<a class=\"page-numbers\" href=\"https:\/\/legacy.jigsawpuzzel.nl\/pl\/wp-json\/wp\/v2\/pages\/8919\/page\/3\/\"><span>3<\/span><\/a>\n<a class=\"page-numbers\" href=\"https:\/\/legacy.jigsawpuzzel.nl\/pl\/wp-json\/wp\/v2\/pages\/8919\/page\/4\/\"><span>4<\/span><\/a>\n<span class=\"page-numbers dots\">&hellip;<\/span>\n<a class=\"page-numbers\" href=\"https:\/\/legacy.jigsawpuzzel.nl\/pl\/wp-json\/wp\/v2\/pages\/8919\/page\/10\/\"><span>10<\/span><\/a>\n<a class=\"next page-numbers\" href=\"https:\/\/legacy.jigsawpuzzel.nl\/pl\/wp-json\/wp\/v2\/pages\/8919\/page\/2\/\"><span>Next<\/span><\/a>\t\t\t\t<\/div>\r\n\t\t\t<\/nav>\r\n\t\t\t\t<div class=\"w-grid-json hidden\" onclick='return {&quot;action&quot;:&quot;us_ajax_grid&quot;,&quot;infinite_scroll&quot;:0,&quot;max_num_pages&quot;:10,&quot;pagination&quot;:&quot;regular&quot;,&quot;template_vars&quot;:{&quot;columns&quot;:&quot;3&quot;,&quot;exclude_items&quot;:&quot;none&quot;,&quot;img_size&quot;:&quot;default&quot;,&quot;ignore_items_size&quot;:0,&quot;items_layout&quot;:&quot;8862&quot;,&quot;items_offset&quot;:&quot;1&quot;,&quot;load_animation&quot;:&quot;none&quot;,&quot;overriding_link&quot;:&quot;%7B%22type%22%3A%22post%22%7D&quot;,&quot;post_id&quot;:0,&quot;query_args&quot;:{&quot;post_type&quot;:[&quot;puzzles&quot;],&quot;tax_query&quot;:[{&quot;taxonomy&quot;:&quot;puzzle_type&quot;,&quot;field&quot;:&quot;slug&quot;,&quot;terms&quot;:[&quot;anime&quot;]}],&quot;post_status&quot;:[&quot;publish&quot;,&quot;acf-disabled&quot;],&quot;posts_per_page&quot;:&quot;9&quot;},&quot;orderby_query_args&quot;:{&quot;orderby&quot;:{&quot;date&quot;:&quot;DESC&quot;}},&quot;type&quot;:&quot;grid&quot;,&quot;us_grid_post_type&quot;:&quot;puzzles&quot;,&quot;us_grid_ajax_index&quot;:1,&quot;us_grid_filter_query_string&quot;:null,&quot;us_grid_index&quot;:1,&quot;page_args&quot;:[]}}'><\/div>\r\n\t<\/div><\/div><\/div><\/div><\/div><div class=\"w-separator size_small with_line width_default thick_1 style_solid color_border align_center\"><div class=\"w-separator-h\"><\/div><\/div><div class=\"wpb_text_column\"><div class=\"wpb_wrapper\"><p>Anime zacz\u0119\u0142o si\u0119 na pocz\u0105tku XX wieku, kiedy tw\u00f3rcy filmowi eksperymentowali z technikami animacji. Najstarsze znane anime, kt\u00f3re ukaza\u0142y si\u0119 po raz pierwszy w 1917 roku, dwuminutowy klip przedstawiaj\u0105cy samuraja, kt\u00f3ry przedstawi\u0142 nowy miecz na swoim celu, ale po zniszczenia pora\u017ck\u0119. W latach trzydziestych XX wieku animacja jest alternatywnym formatem opowiadania historii dla aktorskiej w Japonii. Ale problem dotyczy\u0142 konkurencji ze strony producent\u00f3w i wielu animator\u00f3w.<\/p>\n<p>Lata 70 XX wieku przy zastosowaniu wzrostu p\u00f3\u017aniejszego mangi. wra\u017cliw\u0105 uwag\u0119 na dzia\u0142anie Osamu Tezuki, zwan\u0105 legend\u0105 i bogiem mangi. Jego tw\u00f3rczo\u015b\u0107 zainspirowa\u0142a gatunki i cechy, kt\u00f3re pozosta\u0142y sk\u0142adnikami anime. Gatunek gigantycznych robot\u00f3w, znany na przyk\u0142adzie jako Mecha poza Japoni\u0105, ukszta\u0142towany pod rz\u0105dami Tezuki, a nast\u0119pnie rozwin\u0105\u0142 si\u0119 w gatunku Super Robot\u00f3w pod rz\u0105dami Go Nagai. Yoshiyuki Tomino stworzy\u0142 gatunek Real Robot. Seria anime o robotach jest natychmiastowa klasyk\u0105 w latach 80, gatunek anime o robotach jest nadal jednym z najpopularniejszych w Japonii i na ca\u0142ym \u015bwiecie. W latach 80 anime sta\u0142o si\u0119 bardziej akceptowalne w Japonii, cho\u0107 mniej ni\u017c manga.<\/p>\n<\/div><\/div><\/div><\/div><\/div><\/div><\/div><\/section>\n","protected":false},"excerpt":{"rendered":"Dziewczyna upadaj\u0105ca - uk\u0142adanka online.","protected":false},"author":1,"featured_media":0,"parent":0,"menu_order":0,"comment_status":"closed","ping_status":"closed","template":"","meta":{"_acf_changed":false,"footnotes":""},"class_list":["post-8919","page","type-page","status-publish","hentry"],"acf":[],"yoast_head":"<!-- This site is optimized with the Yoast SEO plugin v26.6 - https:\/\/yoast.com\/wordpress\/plugins\/seo\/ -->\n<title>Puzzle online ANIME - uk\u0142adanka manga. wolne.<\/title>\n<meta name=\"description\" content=\"Puzzle online anime i puzzle online manga. Puzzle anime-manga. Bezp\u0142atne gra.\" \/>\n<meta name=\"robots\" content=\"index, follow, max-snippet:-1, max-image-preview:large, max-video-preview:-1\" \/>\n<link rel=\"canonical\" href=\"https:\/\/legacy.jigsawpuzzel.nl\/pl\/anime\/\" \/>\n<meta property=\"og:locale\" content=\"en_US\" \/>\n<meta property=\"og:type\" content=\"article\" \/>\n<meta property=\"og:title\" content=\"Puzzle online ANIME - uk\u0142adanka manga. wolne.\" \/>\n<meta property=\"og:description\" content=\"Puzzle online anime i puzzle online manga. Puzzle anime-manga. Bezp\u0142atne gra.\" \/>\n<meta property=\"og:url\" content=\"https:\/\/legacy.jigsawpuzzel.nl\/pl\/anime\/\" \/>\n<meta property=\"og:site_name\" content=\"uk\u0142adanka internetowa\" \/>\n<meta property=\"article:modified_time\" content=\"2024-02-07T18:25:04+00:00\" \/>\n<meta name=\"twitter:card\" content=\"summary_large_image\" \/>\n<meta name=\"twitter:label1\" content=\"Est. reading time\" \/>\n\t<meta name=\"twitter:data1\" content=\"2 minutes\" \/>\n<script type=\"application\/ld+json\" class=\"yoast-schema-graph\">{\"@context\":\"https:\/\/schema.org\",\"@graph\":[{\"@type\":\"WebPage\",\"@id\":\"https:\/\/legacy.jigsawpuzzel.nl\/pl\/anime\/\",\"url\":\"https:\/\/legacy.jigsawpuzzel.nl\/pl\/anime\/\",\"name\":\"Puzzle online ANIME - uk\u0142adanka manga. wolne.\",\"isPartOf\":{\"@id\":\"https:\/\/legacy.jigsawpuzzel.nl\/pl\/#website\"},\"datePublished\":\"2019-10-16T14:07:32+00:00\",\"dateModified\":\"2024-02-07T18:25:04+00:00\",\"description\":\"Puzzle online anime i puzzle online manga. Puzzle anime-manga. Bezp\u0142atne gra.\",\"inLanguage\":\"en-US\",\"potentialAction\":[{\"@type\":\"ReadAction\",\"target\":[\"https:\/\/legacy.jigsawpuzzel.nl\/pl\/anime\/\"]}]},{\"@type\":\"WebSite\",\"@id\":\"https:\/\/legacy.jigsawpuzzel.nl\/pl\/#website\",\"url\":\"https:\/\/legacy.jigsawpuzzel.nl\/pl\/\",\"name\":\"uk\u0142adanka internetowa\",\"description\":\"puzzle online dla dzieci i doros\u0142ych\",\"potentialAction\":[{\"@type\":\"SearchAction\",\"target\":{\"@type\":\"EntryPoint\",\"urlTemplate\":\"https:\/\/legacy.jigsawpuzzel.nl\/pl\/?s={search_term_string}\"},\"query-input\":{\"@type\":\"PropertyValueSpecification\",\"valueRequired\":true,\"valueName\":\"search_term_string\"}}],\"inLanguage\":\"en-US\"}]}<\/script>\n<!-- \/ Yoast SEO plugin. -->","yoast_head_json":{"title":"Puzzle online ANIME - uk\u0142adanka manga. wolne.","description":"Puzzle online anime i puzzle online manga. Puzzle anime-manga. Bezp\u0142atne gra.","robots":{"index":"index","follow":"follow","max-snippet":"max-snippet:-1","max-image-preview":"max-image-preview:large","max-video-preview":"max-video-preview:-1"},"canonical":"https:\/\/legacy.jigsawpuzzel.nl\/pl\/anime\/","og_locale":"en_US","og_type":"article","og_title":"Puzzle online ANIME - uk\u0142adanka manga. wolne.","og_description":"Puzzle online anime i puzzle online manga. Puzzle anime-manga. Bezp\u0142atne gra.","og_url":"https:\/\/legacy.jigsawpuzzel.nl\/pl\/anime\/","og_site_name":"uk\u0142adanka internetowa","article_modified_time":"2024-02-07T18:25:04+00:00","twitter_card":"summary_large_image","twitter_misc":{"Est. reading time":"2 minutes"},"schema":{"@context":"https:\/\/schema.org","@graph":[{"@type":"WebPage","@id":"https:\/\/legacy.jigsawpuzzel.nl\/pl\/anime\/","url":"https:\/\/legacy.jigsawpuzzel.nl\/pl\/anime\/","name":"Puzzle online ANIME - uk\u0142adanka manga. wolne.","isPartOf":{"@id":"https:\/\/legacy.jigsawpuzzel.nl\/pl\/#website"},"datePublished":"2019-10-16T14:07:32+00:00","dateModified":"2024-02-07T18:25:04+00:00","description":"Puzzle online anime i puzzle online manga. Puzzle anime-manga. Bezp\u0142atne gra.","inLanguage":"en-US","potentialAction":[{"@type":"ReadAction","target":["https:\/\/legacy.jigsawpuzzel.nl\/pl\/anime\/"]}]},{"@type":"WebSite","@id":"https:\/\/legacy.jigsawpuzzel.nl\/pl\/#website","url":"https:\/\/legacy.jigsawpuzzel.nl\/pl\/","name":"uk\u0142adanka internetowa","description":"puzzle online dla dzieci i doros\u0142ych","potentialAction":[{"@type":"SearchAction","target":{"@type":"EntryPoint","urlTemplate":"https:\/\/legacy.jigsawpuzzel.nl\/pl\/?s={search_term_string}"},"query-input":{"@type":"PropertyValueSpecification","valueRequired":true,"valueName":"search_term_string"}}],"inLanguage":"en-US"}]}},"_links":{"self":[{"href":"https:\/\/legacy.jigsawpuzzel.nl\/pl\/wp-json\/wp\/v2\/pages\/8919","targetHints":{"allow":["GET"]}}],"collection":[{"href":"https:\/\/legacy.jigsawpuzzel.nl\/pl\/wp-json\/wp\/v2\/pages"}],"about":[{"href":"https:\/\/legacy.jigsawpuzzel.nl\/pl\/wp-json\/wp\/v2\/types\/page"}],"author":[{"embeddable":true,"href":"https:\/\/legacy.jigsawpuzzel.nl\/pl\/wp-json\/wp\/v2\/users\/1"}],"replies":[{"embeddable":true,"href":"https:\/\/legacy.jigsawpuzzel.nl\/pl\/wp-json\/wp\/v2\/comments?post=8919"}],"version-history":[{"count":2,"href":"https:\/\/legacy.jigsawpuzzel.nl\/pl\/wp-json\/wp\/v2\/pages\/8919\/revisions"}],"predecessor-version":[{"id":22940,"href":"https:\/\/legacy.jigsawpuzzel.nl\/pl\/wp-json\/wp\/v2\/pages\/8919\/revisions\/22940"}],"wp:attachment":[{"href":"https:\/\/legacy.jigsawpuzzel.nl\/pl\/wp-json\/wp\/v2\/media?parent=8919"}],"curies":[{"name":"wp","href":"https:\/\/api.w.org\/{rel}","templated":true}]}}