{"id":15594,"date":"2021-11-14T12:06:41","date_gmt":"2021-11-14T12:06:41","guid":{"rendered":"https:\/\/onlinejigsawpuzzles.net\/?page_id=15594"},"modified":"2024-02-07T18:22:56","modified_gmt":"2024-02-07T18:22:56","slug":"pasjans-pajak","status":"publish","type":"page","link":"https:\/\/legacy.jigsawpuzzel.nl\/pl\/pasjans-pajak\/","title":{"rendered":"Pasjans Paj\u0105k"},"content":{"rendered":"<section class=\"l-section wpb_row us_custom_eb849559 height_medium\"><div class=\"l-section-h i-cf\"><div class=\"g-cols vc_row via_flex valign_top type_default stacking_default\"><div class=\"vc_col-sm-12 wpb_column vc_column_container\"><div class=\"vc_column-inner\"><div class=\"wpb_wrapper\"><div class=\"wpb_text_column\"><div class=\"wpb_wrapper\"><p><iframe src=\"https:\/\/www.gameboss.com\/games\/spidersolitaire\/index.html?lang=en\" width=\"880\" height=\"600\" frameborder=\"0\" marginwidth=\"0\" marginheight=\"0\" scrolling=\"no\"><\/iframe><\/p>\n<\/div><\/div><\/div><\/div><\/div><\/div><\/div><\/section><section class=\"l-section wpb_row us_custom_eb849559 height_auto\"><div class=\"l-section-h i-cf\"><div class=\"g-cols vc_row via_flex valign_top type_default stacking_default\"><div class=\"vc_col-sm-12 wpb_column vc_column_container\"><div class=\"vc_column-inner\"><div class=\"wpb_wrapper\"><div class=\"wpb_text_column\"><div class=\"wpb_wrapper\"><h1>Pasjans Paj\u0105k<\/h1>\n<p>Zagraj w Pasjans Paj\u0105k online za darmo. Super fajna gra.<\/p>\n<\/div><\/div><div class=\"w-separator size_small\"><\/div><div class=\"wpb_widgetised_column wpb_content_element\"><div class=\"wpb_wrapper\"><h2 class=\"wpb_heading wpb_widgetised_column_heading\">Udost\u0119pni\u0107 t\u0119 gr\u0119<\/h2><div id=\"a2a_share_save_widget-2\" class=\"widget widget_a2a_share_save_widget\"><div class=\"a2a_kit a2a_kit_size_32 addtoany_list\"><a class=\"a2a_button_facebook\" href=\"https:\/\/www.addtoany.com\/add_to\/facebook?linkurl=https%3A%2F%2Flegacy.jigsawpuzzel.nl%2Fpl%2Fpl%2Fwp-json%2Fwp%2Fv2%2Fpages%2F15594&amp;linkname=uk%C5%82adanka%20internetowa\" title=\"Facebook\" rel=\"nofollow noopener\" target=\"_blank\"><\/a><a class=\"a2a_button_twitter\" href=\"https:\/\/www.addtoany.com\/add_to\/twitter?linkurl=https%3A%2F%2Flegacy.jigsawpuzzel.nl%2Fpl%2Fpl%2Fwp-json%2Fwp%2Fv2%2Fpages%2F15594&amp;linkname=uk%C5%82adanka%20internetowa\" title=\"Twitter\" rel=\"nofollow noopener\" target=\"_blank\"><\/a><a class=\"a2a_button_pinterest\" href=\"https:\/\/www.addtoany.com\/add_to\/pinterest?linkurl=https%3A%2F%2Flegacy.jigsawpuzzel.nl%2Fpl%2Fpl%2Fwp-json%2Fwp%2Fv2%2Fpages%2F15594&amp;linkname=uk%C5%82adanka%20internetowa\" title=\"Pinterest\" rel=\"nofollow noopener\" target=\"_blank\"><\/a><a class=\"a2a_button_whatsapp\" href=\"https:\/\/www.addtoany.com\/add_to\/whatsapp?linkurl=https%3A%2F%2Flegacy.jigsawpuzzel.nl%2Fpl%2Fpl%2Fwp-json%2Fwp%2Fv2%2Fpages%2F15594&amp;linkname=uk%C5%82adanka%20internetowa\" title=\"WhatsApp\" rel=\"nofollow noopener\" target=\"_blank\"><\/a><a class=\"a2a_button_email\" href=\"https:\/\/www.addtoany.com\/add_to\/email?linkurl=https%3A%2F%2Flegacy.jigsawpuzzel.nl%2Fpl%2Fpl%2Fwp-json%2Fwp%2Fv2%2Fpages%2F15594&amp;linkname=uk%C5%82adanka%20internetowa\" title=\"Email\" rel=\"nofollow noopener\" target=\"_blank\"><\/a><\/div><\/div><\/div><\/div><\/div><\/div><\/div><\/div><\/div><\/section>\n","protected":false},"excerpt":{"rendered":"Pasjans Paj\u0105k Zagraj w Pasjans Paj\u0105k online za darmo. Super fajna gra. Udost\u0119pni\u0107 t\u0119 gr\u0119","protected":false},"author":1,"featured_media":0,"parent":0,"menu_order":0,"comment_status":"closed","ping_status":"closed","template":"","meta":{"_acf_changed":false,"footnotes":""},"class_list":["post-15594","page","type-page","status-publish","hentry"],"acf":[],"yoast_head":"<!-- This site is optimized with the Yoast SEO plugin v26.6 - https:\/\/yoast.com\/wordpress\/plugins\/seo\/ -->\n<title>Pasjans Paj\u0105k - Zagraj w pasjansa paj\u0105k online<\/title>\n<meta name=\"description\" content=\"Zagraj w Spider Solitaire online za darmo. Je\u015bli nie mo\u017cesz wybra\u0107, w kt\u00f3r\u0105 gr\u0119 zagra\u0107 w letni wiecz\u00f3r, sp\u00f3jrz na nasz\u0105 gr\u0119 w pasjansa\" \/>\n<meta name=\"robots\" content=\"index, follow, max-snippet:-1, max-image-preview:large, max-video-preview:-1\" \/>\n<link rel=\"canonical\" href=\"https:\/\/legacy.jigsawpuzzel.nl\/pl\/pasjans-pajak\/\" \/>\n<meta property=\"og:locale\" content=\"en_US\" \/>\n<meta property=\"og:type\" content=\"article\" \/>\n<meta property=\"og:title\" content=\"Pasjans Paj\u0105k - Zagraj w pasjansa paj\u0105k online\" \/>\n<meta property=\"og:description\" content=\"Zagraj w Spider Solitaire online za darmo. Je\u015bli nie mo\u017cesz wybra\u0107, w kt\u00f3r\u0105 gr\u0119 zagra\u0107 w letni wiecz\u00f3r, sp\u00f3jrz na nasz\u0105 gr\u0119 w pasjansa\" \/>\n<meta property=\"og:url\" content=\"https:\/\/legacy.jigsawpuzzel.nl\/pl\/pasjans-pajak\/\" \/>\n<meta property=\"og:site_name\" content=\"uk\u0142adanka internetowa\" \/>\n<meta property=\"article:modified_time\" content=\"2024-02-07T18:22:56+00:00\" \/>\n<meta name=\"twitter:card\" content=\"summary_large_image\" \/>\n<meta name=\"twitter:label1\" content=\"Est. reading time\" \/>\n\t<meta name=\"twitter:data1\" content=\"1 minute\" \/>\n<script type=\"application\/ld+json\" class=\"yoast-schema-graph\">{\"@context\":\"https:\/\/schema.org\",\"@graph\":[{\"@type\":\"WebPage\",\"@id\":\"https:\/\/legacy.jigsawpuzzel.nl\/pl\/pasjans-pajak\/\",\"url\":\"https:\/\/legacy.jigsawpuzzel.nl\/pl\/pasjans-pajak\/\",\"name\":\"Pasjans Paj\u0105k - Zagraj w pasjansa paj\u0105k online\",\"isPartOf\":{\"@id\":\"https:\/\/legacy.jigsawpuzzel.nl\/pl\/#website\"},\"datePublished\":\"2021-11-14T12:06:41+00:00\",\"dateModified\":\"2024-02-07T18:22:56+00:00\",\"description\":\"Zagraj w Spider Solitaire online za darmo. Je\u015bli nie mo\u017cesz wybra\u0107, w kt\u00f3r\u0105 gr\u0119 zagra\u0107 w letni wiecz\u00f3r, sp\u00f3jrz na nasz\u0105 gr\u0119 w pasjansa\",\"inLanguage\":\"en-US\",\"potentialAction\":[{\"@type\":\"ReadAction\",\"target\":[\"https:\/\/legacy.jigsawpuzzel.nl\/pl\/pasjans-pajak\/\"]}]},{\"@type\":\"WebSite\",\"@id\":\"https:\/\/legacy.jigsawpuzzel.nl\/pl\/#website\",\"url\":\"https:\/\/legacy.jigsawpuzzel.nl\/pl\/\",\"name\":\"uk\u0142adanka internetowa\",\"description\":\"puzzle online dla dzieci i doros\u0142ych\",\"potentialAction\":[{\"@type\":\"SearchAction\",\"target\":{\"@type\":\"EntryPoint\",\"urlTemplate\":\"https:\/\/legacy.jigsawpuzzel.nl\/pl\/?s={search_term_string}\"},\"query-input\":{\"@type\":\"PropertyValueSpecification\",\"valueRequired\":true,\"valueName\":\"search_term_string\"}}],\"inLanguage\":\"en-US\"}]}<\/script>\n<!-- \/ Yoast SEO plugin. -->","yoast_head_json":{"title":"Pasjans Paj\u0105k - Zagraj w pasjansa paj\u0105k online","description":"Zagraj w Spider Solitaire online za darmo. Je\u015bli nie mo\u017cesz wybra\u0107, w kt\u00f3r\u0105 gr\u0119 zagra\u0107 w letni wiecz\u00f3r, sp\u00f3jrz na nasz\u0105 gr\u0119 w pasjansa","robots":{"index":"index","follow":"follow","max-snippet":"max-snippet:-1","max-image-preview":"max-image-preview:large","max-video-preview":"max-video-preview:-1"},"canonical":"https:\/\/legacy.jigsawpuzzel.nl\/pl\/pasjans-pajak\/","og_locale":"en_US","og_type":"article","og_title":"Pasjans Paj\u0105k - Zagraj w pasjansa paj\u0105k online","og_description":"Zagraj w Spider Solitaire online za darmo. Je\u015bli nie mo\u017cesz wybra\u0107, w kt\u00f3r\u0105 gr\u0119 zagra\u0107 w letni wiecz\u00f3r, sp\u00f3jrz na nasz\u0105 gr\u0119 w pasjansa","og_url":"https:\/\/legacy.jigsawpuzzel.nl\/pl\/pasjans-pajak\/","og_site_name":"uk\u0142adanka internetowa","article_modified_time":"2024-02-07T18:22:56+00:00","twitter_card":"summary_large_image","twitter_misc":{"Est. reading time":"1 minute"},"schema":{"@context":"https:\/\/schema.org","@graph":[{"@type":"WebPage","@id":"https:\/\/legacy.jigsawpuzzel.nl\/pl\/pasjans-pajak\/","url":"https:\/\/legacy.jigsawpuzzel.nl\/pl\/pasjans-pajak\/","name":"Pasjans Paj\u0105k - Zagraj w pasjansa paj\u0105k online","isPartOf":{"@id":"https:\/\/legacy.jigsawpuzzel.nl\/pl\/#website"},"datePublished":"2021-11-14T12:06:41+00:00","dateModified":"2024-02-07T18:22:56+00:00","description":"Zagraj w Spider Solitaire online za darmo. Je\u015bli nie mo\u017cesz wybra\u0107, w kt\u00f3r\u0105 gr\u0119 zagra\u0107 w letni wiecz\u00f3r, sp\u00f3jrz na nasz\u0105 gr\u0119 w pasjansa","inLanguage":"en-US","potentialAction":[{"@type":"ReadAction","target":["https:\/\/legacy.jigsawpuzzel.nl\/pl\/pasjans-pajak\/"]}]},{"@type":"WebSite","@id":"https:\/\/legacy.jigsawpuzzel.nl\/pl\/#website","url":"https:\/\/legacy.jigsawpuzzel.nl\/pl\/","name":"uk\u0142adanka internetowa","description":"puzzle online dla dzieci i doros\u0142ych","potentialAction":[{"@type":"SearchAction","target":{"@type":"EntryPoint","urlTemplate":"https:\/\/legacy.jigsawpuzzel.nl\/pl\/?s={search_term_string}"},"query-input":{"@type":"PropertyValueSpecification","valueRequired":true,"valueName":"search_term_string"}}],"inLanguage":"en-US"}]}},"_links":{"self":[{"href":"https:\/\/legacy.jigsawpuzzel.nl\/pl\/wp-json\/wp\/v2\/pages\/15594","targetHints":{"allow":["GET"]}}],"collection":[{"href":"https:\/\/legacy.jigsawpuzzel.nl\/pl\/wp-json\/wp\/v2\/pages"}],"about":[{"href":"https:\/\/legacy.jigsawpuzzel.nl\/pl\/wp-json\/wp\/v2\/types\/page"}],"author":[{"embeddable":true,"href":"https:\/\/legacy.jigsawpuzzel.nl\/pl\/wp-json\/wp\/v2\/users\/1"}],"replies":[{"embeddable":true,"href":"https:\/\/legacy.jigsawpuzzel.nl\/pl\/wp-json\/wp\/v2\/comments?post=15594"}],"version-history":[{"count":1,"href":"https:\/\/legacy.jigsawpuzzel.nl\/pl\/wp-json\/wp\/v2\/pages\/15594\/revisions"}],"predecessor-version":[{"id":22925,"href":"https:\/\/legacy.jigsawpuzzel.nl\/pl\/wp-json\/wp\/v2\/pages\/15594\/revisions\/22925"}],"wp:attachment":[{"href":"https:\/\/legacy.jigsawpuzzel.nl\/pl\/wp-json\/wp\/v2\/media?parent=15594"}],"curies":[{"name":"wp","href":"https:\/\/api.w.org\/{rel}","templated":true}]}}