{"id":15107,"date":"2021-09-24T13:34:45","date_gmt":"2021-09-24T13:34:45","guid":{"rendered":"https:\/\/onlinejigsawpuzzles.net\/?page_id=15107"},"modified":"2024-02-07T18:21:12","modified_gmt":"2024-02-07T18:21:12","slug":"historia","status":"publish","type":"page","link":"https:\/\/legacy.jigsawpuzzel.nl\/pl\/historia\/","title":{"rendered":"Historia"},"content":{"rendered":"<section class=\"l-section wpb_row height_medium\"><div class=\"l-section-h i-cf\"><div class=\"g-cols vc_row via_flex valign_top type_default stacking_default\"><div class=\"vc_col-sm-12 wpb_column vc_column_container\"><div class=\"vc_column-inner\"><div class=\"wpb_wrapper\"><div class=\"wpb_text_column us_custom_933613eb\"><div class=\"wpb_wrapper\"><h1>Historia puzzli<\/h1>\n<p>For those who fancy jigsaw puzzles, did you know that the first one is believed to be produced in 1760 by <span style=\"color: #ff6600;\">John Spilsbury<\/span>, a Londoner engraver and mapmaker. U\u017cywano go do cel\u00f3w edukacyjnych, poniewa\u017c nauczyciele uznali go za pomocny w nauczaniu dzieci geografii i u\u017cywano go w ten spos\u00f3b a\u017c do 1820 roku. Ostatecznym rezultatem by\u0142a mapa z twardego drewna, poci\u0119ta na r\u00f3\u017cne kszta\u0142ty, przedstawiaj\u0105ca fragmenty kraj\u00f3w. Podobnie jak dzisiaj, dzieci musia\u0142y u\u0142o\u017cy\u0107 puzzle.<\/p>\n<p><img decoding=\"async\" class=\"alignleft wp-image-15109 size-medium\" src=\"https:\/\/onlinejigsawpuzzles.net\/wp-content\/uploads\/2021\/09\/Spilsbury_jigsaw_-_John_Spilsbury_1766_-_BL-300x281.jpg\" alt=\"Historia puzzli\" width=\"300\" height=\"281\" srcset=\"https:\/\/legacy.jigsawpuzzel.nl\/pl\/wp-content\/uploads\/2021\/09\/Spilsbury_jigsaw_-_John_Spilsbury_1766_-_BL-300x281.jpg 300w, https:\/\/legacy.jigsawpuzzel.nl\/pl\/wp-content\/uploads\/2021\/09\/Spilsbury_jigsaw_-_John_Spilsbury_1766_-_BL-1024x958.jpg 1024w, https:\/\/legacy.jigsawpuzzel.nl\/pl\/wp-content\/uploads\/2021\/09\/Spilsbury_jigsaw_-_John_Spilsbury_1766_-_BL.jpg 1434w\" sizes=\"(max-width: 300px) 100vw, 300px\" \/><\/p>\n<p>P\u00f3\u017aniej uk\u0142adanka przesz\u0142a pewne zmiany w sposobie jej wykonania. M\u00f3wi si\u0119, \u017ce w 1820 roku kawa\u0142ki wycinano pi\u0142\u0105 peda\u0142ow\u0105, cho\u0107 w rzeczywisto\u015bci zamiast wyrzynarki u\u017cywano wyrzynarki. Kolejna zmiana nast\u0105pi\u0142a pod koniec stulecia. Zdecydowali si\u0119 u\u017cy\u0107 sklejki, aby uczyni\u0107 go bardziej atrakcyjnym. Kawa\u0142ki zosta\u0142y odrysowane o\u0142\u00f3wkiem w celu narysowania linii przed wyci\u0119ciem mapy, a ilustracje zosta\u0142y u\u017cyte z przodu, aby stworzy\u0107 \u0142adny i urzekaj\u0105cy projekt dla kupuj\u0105cych. Je\u015bli kieruje Ci\u0119 ciekawo\u015b\u0107, takie rysunki o\u0142\u00f3wkiem mo\u017cna znale\u017a\u0107 w starych \u0142amig\u0142\u00f3wkach nawet dzisiaj.<\/p>\n<h2>Puzzle by\u0142y przeznaczone g\u0142\u00f3wnie na rynek dzieci\u0119cy<\/h2>\n<p>Proces udoskonalania puzzli by\u0142 d\u0142ugi. Pod koniec XIX wieku wprowadzono wreszcie na rynek puzzle kartonowe. Poniewa\u017c ta pierwsza by\u0142a dobrym narz\u0119dziem zach\u0119caj\u0105cym dzieci do nauki, puzzle kartonowe skupia\u0142y si\u0119 g\u0142\u00f3wnie na rynku rozrywki dla dzieci. Pod koniec XX wieku zmieniono tak\u017ce spos\u00f3b krojenia kawa\u0142k\u00f3w. Tekturowe puzzle zosta\u0142y wyci\u0119te przy u\u017cyciu cienkich pask\u00f3w metalu o zaostrzonych kraw\u0119dziach. Skr\u0119cony metal zosta\u0142 wci\u015bni\u0119ty na p\u0142yt\u0119, a p\u00f3\u017aniej na karton, nadaj\u0105c mu \u0142adny i precyzyjny kszta\u0142t. Ostatecznie dzieci (a raczej rodzice) b\u0119d\u0105 mog\u0142y wybiera\u0107 pomi\u0119dzy puzzlami drewnianymi lub kartonowymi.<\/p>\n<p>Tak wi\u0119c na pocz\u0105tku XX wieku producenci kontynuowali produkcj\u0119 puzzli drewnianych, uwa\u017caj\u0105c, \u017ce kartonowe nie s\u0105 tak ekskluzywne jak te wykonane z tektury. Czy to rzeczywi\u015bcie by\u0142 prawdziwy pow\u00f3d? Albo by\u0142 to zysk, jaki generowali ze sprzeda\u017cy drewnianych puzzli? R\u00f3\u017cnica nie by\u0142a ma\u0142a. Aby da\u0107 ci wyobra\u017cenie, koszt drewnianej uk\u0142adanki wynosi\u0142 1 dolara.00, ale kartonowy kosztuje 25 cent\u00f3w.<\/p>\n<h2>Z\u0142oty wiek puzzli<\/h2>\n<p>Prawdziwy sukces puzzli rozpocz\u0105\u0142 si\u0119 w latach 20 i 30 XX wieku, kt\u00f3re uznawane s\u0105 za z\u0142oty wiek. Jako\u015b\u0107 puzzli przypomina\u0142a znacz\u0105ce sceny, emocje zwi\u0105zane z innowacyjnymi sektorami kolei i \u017ceglugi oraz oczywi\u015bcie nowe strategie marketingowe. Wszystko to zosta\u0142o uruchomione i wyprodukowane przez takie firmy jak Chad Valley i Victory w Wielkiej Brytanii oraz Einson-Freeman, Viking i wiele innych w Stanach Zjednoczonych.<\/p>\n<h2>Skoncentruj si\u0119 bardziej na wieku ni\u017c na dzieciach<\/h2>\n<p>Co te firmy mia\u0142y na my\u015bli tworz\u0105c now\u0105 wersj\u0119 puzzli? Wszyscy chcieli poszerzy\u0107 rynek i skupi\u0107 si\u0119 na wi\u0119kszej liczbie grup wiekowych, a nie na dzieciach. Doro\u015bli skupili si\u0119 na nich i zaszczepili w nich ch\u0119\u0107 tworzenia puzzli, kt\u00f3re by\u0142yby trudniejsze, ale wci\u0105\u017c atrakcyjne. Udanym pomys\u0142em by\u0142o rozdawanie puzzli klientom, kt\u00f3rzy kupili jaki\u015b przedmiot. Na przyk\u0142ad Einson-Freeman z Long Island City w Nowym Jorku zacz\u0105\u0142 stosowa\u0107 tak\u0105 strategi\u0119 w 1931 roku, dodaj\u0105c puzzle do ka\u017cdego zakupu szczoteczek do z\u0119b\u00f3w. Lata Wielkiego Kryzysu we wrze\u015bniu 1931 roku da\u0142y przestrze\u0144 dla nowej strategii: cotygodniowej uk\u0142adanki. Po raz pierwszy wdro\u017cono to w Stanach Zjednoczonych, drukuj\u0105c 12 000 puzzli. Liczba ta stale ros\u0142a i osi\u0105gn\u0119\u0142a 200 000.<\/p>\n<p>To by\u0142 nowy spos\u00f3b zabawiania ludzi, poniewa\u017c te lata by\u0142y trudne do prze\u017cycia, a zaj\u0119cia nie by\u0142y tak zabawne jak uk\u0142adanie puzzli. Uznano go za atrakcyjne narz\u0119dzie dla pojedynczych os\u00f3b, a nawet grup os\u00f3b lub przyjaci\u00f3\u0142. Co ciekawsze, z tych puzzli korzysta\u0142a nie tylko rodzina. Udost\u0119pniano je innym krewnym zaraz po tym, jak jeden z nich sko\u0144czy\u0142 i rozwi\u0105za\u0142 zagadk\u0119. Innymi s\u0142owy, by\u0142a to tania oferta i dobre narz\u0119dzie do walki ze stresem i niepokojem. Puzzle tak bardzo podoba\u0142y si\u0119 nie tylko dzieciom, ale nawet doros\u0142ym, \u017ce nadal je kupowali. R\u00f3\u017cne kszta\u0142ty i obrazy za ka\u017cdym razem zwi\u0119ksza\u0142y ich ciekawo\u015b\u0107.<\/p>\n<h2>Puzzle, ponadczasowa rozrywka!<\/h2>\n<p>Puzzle opar\u0142y si\u0119 up\u0142ywowi czasu, nie zardzewia\u0142y i z czasem zapomniane, zamiast tego ludzie, podobnie jak doro\u015bli lub rodzice, nadal kupuj\u0105 takie gry rozrywkowe w celach rozrywkowych. Niekt\u00f3rzy nauczyciele, szczeg\u00f3lnie w przedszkolu lub szkole podstawowej, wykorzystuj\u0105 puzzle jako zabawn\u0105 i r\u00f3\u017cnorodn\u0105 lekcj\u0119, dzi\u0119ki kt\u00f3rej dzieci ucz\u0105 si\u0119 bardziej efektywnie. Uk\u0142adanie puzzli jest zdrowsze ni\u017c granie w gry wideo. Nasz m\u00f3zg reaguje w spos\u00f3b, kt\u00f3ry pobudza nasz\u0105 koncentracj\u0119 i skupienie, poprawia si\u0119 pami\u0119\u0107, a nasza wyobra\u017ania bardziej bawi si\u0119 obrazami z puzzli. Gry wideo s\u0105 w pewnym sensie zabawne, ale wed\u0142ug bada\u0144 uzale\u017cniaj\u0105 bardziej ni\u017c puzzle. Cyfrowa rozrywka ma skutki uboczne, takie jak zm\u0119czenie oczu spowodowane niebieskimi promieniami, ale nie ma to miejsca w przypadku puzzli. Dokonaj m\u0105drego wyboru i jednocze\u015bnie baw si\u0119 dobrze.<\/p>\n<\/div><\/div><\/div><\/div><\/div><\/div><\/div><\/section>\n","protected":false},"excerpt":{"rendered":"Historia puzzli For those who fancy jigsaw puzzles, did you know that the first one is believed to be produced in 1760 by John Spilsbury, a Londoner engraver and mapmaker. U\u017cywano go do cel\u00f3w edukacyjnych, poniewa\u017c nauczyciele uznali go za pomocny w nauczaniu dzieci geografii i u\u017cywano go w ten spos\u00f3b a\u017c do 1820 roku....","protected":false},"author":1,"featured_media":0,"parent":0,"menu_order":0,"comment_status":"closed","ping_status":"closed","template":"","meta":{"_acf_changed":false,"footnotes":""},"class_list":["post-15107","page","type-page","status-publish","hentry"],"acf":[],"yoast_head":"<!-- This site is optimized with the Yoast SEO plugin v26.6 - https:\/\/yoast.com\/wordpress\/plugins\/seo\/ -->\n<title>Historia puzzli - uk\u0142adanka internetowa<\/title>\n<meta name=\"description\" content=\"Uwa\u017ca si\u0119, \u017ce pierwsz\u0105 uk\u0142adank\u0119 wykona\u0142 w 1760 roku John Spilsbury, londy\u0144ski rytownik i tw\u00f3rca map. Przeczytaj ca\u0142\u0105 histori\u0119 tutaj.\" \/>\n<meta name=\"robots\" content=\"index, follow, max-snippet:-1, max-image-preview:large, max-video-preview:-1\" \/>\n<link rel=\"canonical\" href=\"https:\/\/legacy.jigsawpuzzel.nl\/pl\/historia\/\" \/>\n<meta property=\"og:locale\" content=\"en_US\" \/>\n<meta property=\"og:type\" content=\"article\" \/>\n<meta property=\"og:title\" content=\"Historia puzzli - uk\u0142adanka internetowa\" \/>\n<meta property=\"og:description\" content=\"Uwa\u017ca si\u0119, \u017ce pierwsz\u0105 uk\u0142adank\u0119 wykona\u0142 w 1760 roku John Spilsbury, londy\u0144ski rytownik i tw\u00f3rca map. Przeczytaj ca\u0142\u0105 histori\u0119 tutaj.\" \/>\n<meta property=\"og:url\" content=\"https:\/\/legacy.jigsawpuzzel.nl\/pl\/historia\/\" \/>\n<meta property=\"og:site_name\" content=\"uk\u0142adanka internetowa\" \/>\n<meta property=\"article:modified_time\" content=\"2024-02-07T18:21:12+00:00\" \/>\n<meta property=\"og:image\" content=\"https:\/\/onlinejigsawpuzzles.net\/wp-content\/uploads\/2021\/09\/Spilsbury_jigsaw_-_John_Spilsbury_1766_-_BL-300x281.jpg\" \/>\n<meta name=\"twitter:card\" content=\"summary_large_image\" \/>\n<meta name=\"twitter:label1\" content=\"Est. reading time\" \/>\n\t<meta name=\"twitter:data1\" content=\"4 minutes\" \/>\n<script type=\"application\/ld+json\" class=\"yoast-schema-graph\">{\"@context\":\"https:\/\/schema.org\",\"@graph\":[{\"@type\":\"WebPage\",\"@id\":\"https:\/\/legacy.jigsawpuzzel.nl\/pl\/historia\/\",\"url\":\"https:\/\/legacy.jigsawpuzzel.nl\/pl\/historia\/\",\"name\":\"Historia puzzli - uk\u0142adanka internetowa\",\"isPartOf\":{\"@id\":\"https:\/\/legacy.jigsawpuzzel.nl\/pl\/#website\"},\"primaryImageOfPage\":{\"@id\":\"https:\/\/legacy.jigsawpuzzel.nl\/pl\/historia\/#primaryimage\"},\"image\":{\"@id\":\"https:\/\/legacy.jigsawpuzzel.nl\/pl\/historia\/#primaryimage\"},\"thumbnailUrl\":\"https:\/\/onlinejigsawpuzzles.net\/wp-content\/uploads\/2021\/09\/Spilsbury_jigsaw_-_John_Spilsbury_1766_-_BL-300x281.jpg\",\"datePublished\":\"2021-09-24T13:34:45+00:00\",\"dateModified\":\"2024-02-07T18:21:12+00:00\",\"description\":\"Uwa\u017ca si\u0119, \u017ce pierwsz\u0105 uk\u0142adank\u0119 wykona\u0142 w 1760 roku John Spilsbury, londy\u0144ski rytownik i tw\u00f3rca map. Przeczytaj ca\u0142\u0105 histori\u0119 tutaj.\",\"inLanguage\":\"en-US\",\"potentialAction\":[{\"@type\":\"ReadAction\",\"target\":[\"https:\/\/legacy.jigsawpuzzel.nl\/pl\/historia\/\"]}]},{\"@type\":\"ImageObject\",\"inLanguage\":\"en-US\",\"@id\":\"https:\/\/legacy.jigsawpuzzel.nl\/pl\/historia\/#primaryimage\",\"url\":\"https:\/\/onlinejigsawpuzzles.net\/wp-content\/uploads\/2021\/09\/Spilsbury_jigsaw_-_John_Spilsbury_1766_-_BL-300x281.jpg\",\"contentUrl\":\"https:\/\/onlinejigsawpuzzles.net\/wp-content\/uploads\/2021\/09\/Spilsbury_jigsaw_-_John_Spilsbury_1766_-_BL-300x281.jpg\"},{\"@type\":\"WebSite\",\"@id\":\"https:\/\/legacy.jigsawpuzzel.nl\/pl\/#website\",\"url\":\"https:\/\/legacy.jigsawpuzzel.nl\/pl\/\",\"name\":\"uk\u0142adanka internetowa\",\"description\":\"puzzle online dla dzieci i doros\u0142ych\",\"potentialAction\":[{\"@type\":\"SearchAction\",\"target\":{\"@type\":\"EntryPoint\",\"urlTemplate\":\"https:\/\/legacy.jigsawpuzzel.nl\/pl\/?s={search_term_string}\"},\"query-input\":{\"@type\":\"PropertyValueSpecification\",\"valueRequired\":true,\"valueName\":\"search_term_string\"}}],\"inLanguage\":\"en-US\"}]}<\/script>\n<!-- \/ Yoast SEO plugin. -->","yoast_head_json":{"title":"Historia puzzli - uk\u0142adanka internetowa","description":"Uwa\u017ca si\u0119, \u017ce pierwsz\u0105 uk\u0142adank\u0119 wykona\u0142 w 1760 roku John Spilsbury, londy\u0144ski rytownik i tw\u00f3rca map. Przeczytaj ca\u0142\u0105 histori\u0119 tutaj.","robots":{"index":"index","follow":"follow","max-snippet":"max-snippet:-1","max-image-preview":"max-image-preview:large","max-video-preview":"max-video-preview:-1"},"canonical":"https:\/\/legacy.jigsawpuzzel.nl\/pl\/historia\/","og_locale":"en_US","og_type":"article","og_title":"Historia puzzli - uk\u0142adanka internetowa","og_description":"Uwa\u017ca si\u0119, \u017ce pierwsz\u0105 uk\u0142adank\u0119 wykona\u0142 w 1760 roku John Spilsbury, londy\u0144ski rytownik i tw\u00f3rca map. Przeczytaj ca\u0142\u0105 histori\u0119 tutaj.","og_url":"https:\/\/legacy.jigsawpuzzel.nl\/pl\/historia\/","og_site_name":"uk\u0142adanka internetowa","article_modified_time":"2024-02-07T18:21:12+00:00","og_image":[{"url":"https:\/\/onlinejigsawpuzzles.net\/wp-content\/uploads\/2021\/09\/Spilsbury_jigsaw_-_John_Spilsbury_1766_-_BL-300x281.jpg","type":"","width":"","height":""}],"twitter_card":"summary_large_image","twitter_misc":{"Est. reading time":"4 minutes"},"schema":{"@context":"https:\/\/schema.org","@graph":[{"@type":"WebPage","@id":"https:\/\/legacy.jigsawpuzzel.nl\/pl\/historia\/","url":"https:\/\/legacy.jigsawpuzzel.nl\/pl\/historia\/","name":"Historia puzzli - uk\u0142adanka internetowa","isPartOf":{"@id":"https:\/\/legacy.jigsawpuzzel.nl\/pl\/#website"},"primaryImageOfPage":{"@id":"https:\/\/legacy.jigsawpuzzel.nl\/pl\/historia\/#primaryimage"},"image":{"@id":"https:\/\/legacy.jigsawpuzzel.nl\/pl\/historia\/#primaryimage"},"thumbnailUrl":"https:\/\/onlinejigsawpuzzles.net\/wp-content\/uploads\/2021\/09\/Spilsbury_jigsaw_-_John_Spilsbury_1766_-_BL-300x281.jpg","datePublished":"2021-09-24T13:34:45+00:00","dateModified":"2024-02-07T18:21:12+00:00","description":"Uwa\u017ca si\u0119, \u017ce pierwsz\u0105 uk\u0142adank\u0119 wykona\u0142 w 1760 roku John Spilsbury, londy\u0144ski rytownik i tw\u00f3rca map. Przeczytaj ca\u0142\u0105 histori\u0119 tutaj.","inLanguage":"en-US","potentialAction":[{"@type":"ReadAction","target":["https:\/\/legacy.jigsawpuzzel.nl\/pl\/historia\/"]}]},{"@type":"ImageObject","inLanguage":"en-US","@id":"https:\/\/legacy.jigsawpuzzel.nl\/pl\/historia\/#primaryimage","url":"https:\/\/onlinejigsawpuzzles.net\/wp-content\/uploads\/2021\/09\/Spilsbury_jigsaw_-_John_Spilsbury_1766_-_BL-300x281.jpg","contentUrl":"https:\/\/onlinejigsawpuzzles.net\/wp-content\/uploads\/2021\/09\/Spilsbury_jigsaw_-_John_Spilsbury_1766_-_BL-300x281.jpg"},{"@type":"WebSite","@id":"https:\/\/legacy.jigsawpuzzel.nl\/pl\/#website","url":"https:\/\/legacy.jigsawpuzzel.nl\/pl\/","name":"uk\u0142adanka internetowa","description":"puzzle online dla dzieci i doros\u0142ych","potentialAction":[{"@type":"SearchAction","target":{"@type":"EntryPoint","urlTemplate":"https:\/\/legacy.jigsawpuzzel.nl\/pl\/?s={search_term_string}"},"query-input":{"@type":"PropertyValueSpecification","valueRequired":true,"valueName":"search_term_string"}}],"inLanguage":"en-US"}]}},"_links":{"self":[{"href":"https:\/\/legacy.jigsawpuzzel.nl\/pl\/wp-json\/wp\/v2\/pages\/15107","targetHints":{"allow":["GET"]}}],"collection":[{"href":"https:\/\/legacy.jigsawpuzzel.nl\/pl\/wp-json\/wp\/v2\/pages"}],"about":[{"href":"https:\/\/legacy.jigsawpuzzel.nl\/pl\/wp-json\/wp\/v2\/types\/page"}],"author":[{"embeddable":true,"href":"https:\/\/legacy.jigsawpuzzel.nl\/pl\/wp-json\/wp\/v2\/users\/1"}],"replies":[{"embeddable":true,"href":"https:\/\/legacy.jigsawpuzzel.nl\/pl\/wp-json\/wp\/v2\/comments?post=15107"}],"version-history":[{"count":1,"href":"https:\/\/legacy.jigsawpuzzel.nl\/pl\/wp-json\/wp\/v2\/pages\/15107\/revisions"}],"predecessor-version":[{"id":22917,"href":"https:\/\/legacy.jigsawpuzzel.nl\/pl\/wp-json\/wp\/v2\/pages\/15107\/revisions\/22917"}],"wp:attachment":[{"href":"https:\/\/legacy.jigsawpuzzel.nl\/pl\/wp-json\/wp\/v2\/media?parent=15107"}],"curies":[{"name":"wp","href":"https:\/\/api.w.org\/{rel}","templated":true}]}}