{"id":13752,"date":"2021-03-09T13:55:25","date_gmt":"2021-03-09T13:55:25","guid":{"rendered":"https:\/\/onlinejigsawpuzzles.net\/?page_id=13752"},"modified":"2024-02-07T18:22:59","modified_gmt":"2024-02-07T18:22:59","slug":"madzong","status":"publish","type":"page","link":"https:\/\/legacy.jigsawpuzzel.nl\/pl\/madzong\/","title":{"rendered":"Mahjong"},"content":{"rendered":"<section class=\"l-section wpb_row us_custom_eb849559 height_medium\"><div class=\"l-section-h i-cf\"><div class=\"g-cols vc_row via_flex valign_top type_default stacking_default\"><div class=\"vc_col-sm-12 wpb_column vc_column_container\"><div class=\"vc_column-inner\"><div class=\"wpb_wrapper\"><div class=\"wpb_text_column\"><div class=\"wpb_wrapper\"><p><iframe src=\"https:\/\/www.gameboss.com\/games\/mahjongreal\/index.html?lang=en\" width=\"800\" height=\"640\" frameborder=\"0\" marginwidth=\"0\" marginheight=\"0\" scrolling=\"no\"><\/iframe><\/p>\n<\/div><\/div><\/div><\/div><\/div><\/div><\/div><\/section><section class=\"l-section wpb_row us_custom_eb849559 height_auto\"><div class=\"l-section-h i-cf\"><div class=\"g-cols vc_row via_flex valign_top type_default stacking_default\"><div class=\"vc_col-sm-12 wpb_column vc_column_container\"><div class=\"vc_column-inner\"><div class=\"wpb_wrapper\"><div class=\"wpb_text_column\"><div class=\"wpb_wrapper\"><h1>Mahjong<\/h1>\n<p>Zagraj w Mahjong online za darmo. Super fajna gra.<\/p>\n<p>Doskonalenie umiej\u0119tno\u015bci<\/p>\n<p>Gra Mahjong powsta\u0142a w XIX wieku i jest obecna w dzisiejszych czasach. Jest to gra dopasowuj\u0105ca dla jednego z nich. Na planszy znajduje si\u0119 wiele ksi\u0105\u017cek, a korzystanie z nich jest rozwi\u0105zaniem dla ich wszystkich. Pomiar czasu dost\u0119pnego jest na podsumowaniu. Celem tej gry jest mo\u017cliwo\u015b\u0107 zapobiegania, sumowania. Jest niezwykle popularna i skuteczna do grania online. Nasza gra Mahjong zapewnia Ci zaj\u0119cie i rozrywk\u0119 na wiele godzin. Nie ponosimy odpowiedzialno\u015bci za uzale\u017cnienie, ale mo\u017cemy mie\u0107 na to wp\u0142yw, \u017ce Twoje dane mog\u0105 zosta\u0107 zmienione.<\/p>\n<h2>Dlaczego Mahjong?<\/h2>\n<p>Gra online mo\u017ce wyda\u0107 si\u0119 pod wzgl\u0119dem zasad, ale Mahjong krytyka prostot\u0119. Podstawowe uwagi i konsekwencje. Punkty s\u0105 rozpatrywane na podstawie orzeczenia wykonawczego i wykonawczego gry. Ale dlaczego gra Mahjong? Po pierwsze, jest dost\u0119pne online i za darmo. Po drugie, jest to \u015bwietna gra, kt\u00f3ra pozwala na sprawdzenie uprawnie\u0144 kontrolnych. Opracowujesz i pod\u0105\u017casz za ni\u0105, a\u017c do zako\u0144czenia gry Mahjong \u2013 koniec gry. Koncentracja jest niezb\u0119dna, ale dost\u0119pna, aby jednocze\u015bnie dobrze si\u0119 bawi\u0107.<\/p>\n<\/div><\/div><div class=\"w-separator size_small\"><\/div><div class=\"wpb_widgetised_column wpb_content_element\"><div class=\"wpb_wrapper\"><h2 class=\"wpb_heading wpb_widgetised_column_heading\">Udost\u0119pnij t\u0119 gr\u0119<\/h2><div id=\"a2a_share_save_widget-2\" class=\"widget widget_a2a_share_save_widget\"><div class=\"a2a_kit a2a_kit_size_32 addtoany_list\"><a class=\"a2a_button_facebook\" href=\"https:\/\/www.addtoany.com\/add_to\/facebook?linkurl=https%3A%2F%2Flegacy.jigsawpuzzel.nl%2Fpl%2Fpl%2Fwp-json%2Fwp%2Fv2%2Fpages%2F13752&amp;linkname=uk%C5%82adanka%20internetowa\" title=\"Facebook\" rel=\"nofollow noopener\" target=\"_blank\"><\/a><a class=\"a2a_button_twitter\" href=\"https:\/\/www.addtoany.com\/add_to\/twitter?linkurl=https%3A%2F%2Flegacy.jigsawpuzzel.nl%2Fpl%2Fpl%2Fwp-json%2Fwp%2Fv2%2Fpages%2F13752&amp;linkname=uk%C5%82adanka%20internetowa\" title=\"Twitter\" rel=\"nofollow noopener\" target=\"_blank\"><\/a><a class=\"a2a_button_pinterest\" href=\"https:\/\/www.addtoany.com\/add_to\/pinterest?linkurl=https%3A%2F%2Flegacy.jigsawpuzzel.nl%2Fpl%2Fpl%2Fwp-json%2Fwp%2Fv2%2Fpages%2F13752&amp;linkname=uk%C5%82adanka%20internetowa\" title=\"Pinterest\" rel=\"nofollow noopener\" target=\"_blank\"><\/a><a class=\"a2a_button_whatsapp\" href=\"https:\/\/www.addtoany.com\/add_to\/whatsapp?linkurl=https%3A%2F%2Flegacy.jigsawpuzzel.nl%2Fpl%2Fpl%2Fwp-json%2Fwp%2Fv2%2Fpages%2F13752&amp;linkname=uk%C5%82adanka%20internetowa\" title=\"WhatsApp\" rel=\"nofollow noopener\" target=\"_blank\"><\/a><a class=\"a2a_button_email\" href=\"https:\/\/www.addtoany.com\/add_to\/email?linkurl=https%3A%2F%2Flegacy.jigsawpuzzel.nl%2Fpl%2Fpl%2Fwp-json%2Fwp%2Fv2%2Fpages%2F13752&amp;linkname=uk%C5%82adanka%20internetowa\" title=\"Email\" rel=\"nofollow noopener\" target=\"_blank\"><\/a><\/div><\/div><\/div><\/div><\/div><\/div><\/div><\/div><\/div><\/section>\n","protected":false},"excerpt":{"rendered":"Mahjong Zagraj w Mahjong online za darmo. Super fajna gra. Doskonalenie umiej\u0119tno\u015bci Gra Mahjong powsta\u0142a w XIX wieku i jest obecna w dzisiejszych czasach. Jest to gra dopasowuj\u0105ca dla jednego z nich. Na planszy znajduje si\u0119 wiele ksi\u0105\u017cek, a korzystanie z nich jest rozwi\u0105zaniem dla ich wszystkich. Pomiar czasu dost\u0119pnego jest na podsumowaniu. Celem tej...","protected":false},"author":1,"featured_media":0,"parent":0,"menu_order":0,"comment_status":"closed","ping_status":"closed","template":"","meta":{"_acf_changed":false,"footnotes":""},"class_list":["post-13752","page","type-page","status-publish","hentry"],"acf":[],"yoast_head":"<!-- This site is optimized with the Yoast SEO plugin v26.6 - https:\/\/yoast.com\/wordpress\/plugins\/seo\/ -->\n<title>Mahjong online | Opanuj swoje umiej\u0119tno\u015bci i taktyk\u0119 w grze Mahjong<\/title>\n<meta name=\"description\" content=\"Ta wci\u0105gaj\u0105ca gra, stworzona w Chinach, jest obecnie dost\u0119pna na ca\u0142ym \u015bwiecie. Zagraj w Mahjong online za darmo. Super fajna gra.\" \/>\n<meta name=\"robots\" content=\"index, follow, max-snippet:-1, max-image-preview:large, max-video-preview:-1\" \/>\n<link rel=\"canonical\" href=\"https:\/\/legacy.jigsawpuzzel.nl\/pl\/madzong\/\" \/>\n<meta property=\"og:locale\" content=\"en_US\" \/>\n<meta property=\"og:type\" content=\"article\" \/>\n<meta property=\"og:title\" content=\"Mahjong online | Opanuj swoje umiej\u0119tno\u015bci i taktyk\u0119 w grze Mahjong\" \/>\n<meta property=\"og:description\" content=\"Ta wci\u0105gaj\u0105ca gra, stworzona w Chinach, jest obecnie dost\u0119pna na ca\u0142ym \u015bwiecie. Zagraj w Mahjong online za darmo. Super fajna gra.\" \/>\n<meta property=\"og:url\" content=\"https:\/\/legacy.jigsawpuzzel.nl\/pl\/madzong\/\" \/>\n<meta property=\"og:site_name\" content=\"uk\u0142adanka internetowa\" \/>\n<meta property=\"article:modified_time\" content=\"2024-02-07T18:22:59+00:00\" \/>\n<meta name=\"twitter:card\" content=\"summary_large_image\" \/>\n<meta name=\"twitter:label1\" content=\"Est. reading time\" \/>\n\t<meta name=\"twitter:data1\" content=\"2 minutes\" \/>\n<script type=\"application\/ld+json\" class=\"yoast-schema-graph\">{\"@context\":\"https:\/\/schema.org\",\"@graph\":[{\"@type\":\"WebPage\",\"@id\":\"https:\/\/legacy.jigsawpuzzel.nl\/pl\/madzong\/\",\"url\":\"https:\/\/legacy.jigsawpuzzel.nl\/pl\/madzong\/\",\"name\":\"Mahjong online | Opanuj swoje umiej\u0119tno\u015bci i taktyk\u0119 w grze Mahjong\",\"isPartOf\":{\"@id\":\"https:\/\/legacy.jigsawpuzzel.nl\/pl\/#website\"},\"datePublished\":\"2021-03-09T13:55:25+00:00\",\"dateModified\":\"2024-02-07T18:22:59+00:00\",\"description\":\"Ta wci\u0105gaj\u0105ca gra, stworzona w Chinach, jest obecnie dost\u0119pna na ca\u0142ym \u015bwiecie. Zagraj w Mahjong online za darmo. Super fajna gra.\",\"inLanguage\":\"en-US\",\"potentialAction\":[{\"@type\":\"ReadAction\",\"target\":[\"https:\/\/legacy.jigsawpuzzel.nl\/pl\/madzong\/\"]}]},{\"@type\":\"WebSite\",\"@id\":\"https:\/\/legacy.jigsawpuzzel.nl\/pl\/#website\",\"url\":\"https:\/\/legacy.jigsawpuzzel.nl\/pl\/\",\"name\":\"uk\u0142adanka internetowa\",\"description\":\"puzzle online dla dzieci i doros\u0142ych\",\"potentialAction\":[{\"@type\":\"SearchAction\",\"target\":{\"@type\":\"EntryPoint\",\"urlTemplate\":\"https:\/\/legacy.jigsawpuzzel.nl\/pl\/?s={search_term_string}\"},\"query-input\":{\"@type\":\"PropertyValueSpecification\",\"valueRequired\":true,\"valueName\":\"search_term_string\"}}],\"inLanguage\":\"en-US\"}]}<\/script>\n<!-- \/ Yoast SEO plugin. -->","yoast_head_json":{"title":"Mahjong online | Opanuj swoje umiej\u0119tno\u015bci i taktyk\u0119 w grze Mahjong","description":"Ta wci\u0105gaj\u0105ca gra, stworzona w Chinach, jest obecnie dost\u0119pna na ca\u0142ym \u015bwiecie. Zagraj w Mahjong online za darmo. Super fajna gra.","robots":{"index":"index","follow":"follow","max-snippet":"max-snippet:-1","max-image-preview":"max-image-preview:large","max-video-preview":"max-video-preview:-1"},"canonical":"https:\/\/legacy.jigsawpuzzel.nl\/pl\/madzong\/","og_locale":"en_US","og_type":"article","og_title":"Mahjong online | Opanuj swoje umiej\u0119tno\u015bci i taktyk\u0119 w grze Mahjong","og_description":"Ta wci\u0105gaj\u0105ca gra, stworzona w Chinach, jest obecnie dost\u0119pna na ca\u0142ym \u015bwiecie. Zagraj w Mahjong online za darmo. Super fajna gra.","og_url":"https:\/\/legacy.jigsawpuzzel.nl\/pl\/madzong\/","og_site_name":"uk\u0142adanka internetowa","article_modified_time":"2024-02-07T18:22:59+00:00","twitter_card":"summary_large_image","twitter_misc":{"Est. reading time":"2 minutes"},"schema":{"@context":"https:\/\/schema.org","@graph":[{"@type":"WebPage","@id":"https:\/\/legacy.jigsawpuzzel.nl\/pl\/madzong\/","url":"https:\/\/legacy.jigsawpuzzel.nl\/pl\/madzong\/","name":"Mahjong online | Opanuj swoje umiej\u0119tno\u015bci i taktyk\u0119 w grze Mahjong","isPartOf":{"@id":"https:\/\/legacy.jigsawpuzzel.nl\/pl\/#website"},"datePublished":"2021-03-09T13:55:25+00:00","dateModified":"2024-02-07T18:22:59+00:00","description":"Ta wci\u0105gaj\u0105ca gra, stworzona w Chinach, jest obecnie dost\u0119pna na ca\u0142ym \u015bwiecie. Zagraj w Mahjong online za darmo. Super fajna gra.","inLanguage":"en-US","potentialAction":[{"@type":"ReadAction","target":["https:\/\/legacy.jigsawpuzzel.nl\/pl\/madzong\/"]}]},{"@type":"WebSite","@id":"https:\/\/legacy.jigsawpuzzel.nl\/pl\/#website","url":"https:\/\/legacy.jigsawpuzzel.nl\/pl\/","name":"uk\u0142adanka internetowa","description":"puzzle online dla dzieci i doros\u0142ych","potentialAction":[{"@type":"SearchAction","target":{"@type":"EntryPoint","urlTemplate":"https:\/\/legacy.jigsawpuzzel.nl\/pl\/?s={search_term_string}"},"query-input":{"@type":"PropertyValueSpecification","valueRequired":true,"valueName":"search_term_string"}}],"inLanguage":"en-US"}]}},"_links":{"self":[{"href":"https:\/\/legacy.jigsawpuzzel.nl\/pl\/wp-json\/wp\/v2\/pages\/13752","targetHints":{"allow":["GET"]}}],"collection":[{"href":"https:\/\/legacy.jigsawpuzzel.nl\/pl\/wp-json\/wp\/v2\/pages"}],"about":[{"href":"https:\/\/legacy.jigsawpuzzel.nl\/pl\/wp-json\/wp\/v2\/types\/page"}],"author":[{"embeddable":true,"href":"https:\/\/legacy.jigsawpuzzel.nl\/pl\/wp-json\/wp\/v2\/users\/1"}],"replies":[{"embeddable":true,"href":"https:\/\/legacy.jigsawpuzzel.nl\/pl\/wp-json\/wp\/v2\/comments?post=13752"}],"version-history":[{"count":2,"href":"https:\/\/legacy.jigsawpuzzel.nl\/pl\/wp-json\/wp\/v2\/pages\/13752\/revisions"}],"predecessor-version":[{"id":22926,"href":"https:\/\/legacy.jigsawpuzzel.nl\/pl\/wp-json\/wp\/v2\/pages\/13752\/revisions\/22926"}],"wp:attachment":[{"href":"https:\/\/legacy.jigsawpuzzel.nl\/pl\/wp-json\/wp\/v2\/media?parent=13752"}],"curies":[{"name":"wp","href":"https:\/\/api.w.org\/{rel}","templated":true}]}}