{"id":12034,"date":"2020-07-02T09:02:35","date_gmt":"2020-07-02T09:02:35","guid":{"rendered":"https:\/\/onlinejigsawpuzzles.net\/?page_id=12034"},"modified":"2024-02-07T18:23:01","modified_gmt":"2024-02-07T18:23:01","slug":"zagadki","status":"publish","type":"page","link":"https:\/\/legacy.jigsawpuzzel.nl\/pl\/zagadki\/","title":{"rendered":"Puzzle"},"content":{"rendered":"<section class=\"l-section wpb_row us_custom_0f8f44b7 height_auto\"><div class=\"l-section-h i-cf\"><div class=\"g-cols vc_row via_flex valign_top type_default stacking_default\"><div class=\"vc_col-sm-12 wpb_column vc_column_container\"><div class=\"vc_column-inner\"><div class=\"wpb_wrapper\"><div class=\"wpb_text_column\"><div class=\"wpb_wrapper\"><h1>\u0141amig\u0142\u00f3wki, Zagraj w darmowe Puzzle<\/h1>\n<p>onlinejigsawpuzzles.net oferuje darmowe puzzle online. Znale\u017ali\u015bmy najpi\u0119kniejsze i najbardziej kolorowe tapety i obrazy do wygenerowania ka\u017cdej uk\u0142adanki. Mo\u017cesz wybiera\u0107 spo\u015br\u00f3d r\u00f3\u017cnych motyw\u00f3w z galerii zawieraj\u0105cej zwierz\u0119ta, zwierz\u0119ta domowe, psy, koty, konie, zamki, anime, kresk\u00f3wki, jedzenie, dzieci, motocykle, sceny przyrodnicze, statki i \u0142odzie, podr\u00f3\u017ce, duchowe, wakacyjne i artystyczne zagadki. Mo\u017cesz tak\u017ce wybra\u0107 poziom trudno\u015bci od prostego ci\u0119cia 6 cz\u0119\u015bci do 247 sztuk. Zabawa uk\u0142adankami online pomaga ludziom nauczy\u0107 si\u0119 obs\u0142ugi myszy, jest edukacyjna i stanowi dobr\u0105 zabaw\u0119. Korzystaj z tej witryny z darmowymi uk\u0142adankami online.<\/p>\n<\/div><\/div><\/div><\/div><\/div><\/div><\/div><\/section><section class=\"l-section wpb_row us_custom_f212f645 height_auto\"><div class=\"l-section-h i-cf\"><div class=\"g-cols vc_row via_flex valign_top type_default stacking_default\"><div class=\"vc_col-sm-12 wpb_column vc_column_container\"><div class=\"vc_column-inner\"><div class=\"wpb_wrapper\"><div class=\"g-cols wpb_row via_flex valign_top type_default stacking_default\"><div class=\"vc_col-sm-12 wpb_column vc_column_container pp\"><div class=\"vc_column-inner\"><div class=\"wpb_wrapper\">[vc_custom_heading text=&#8221;Codzienne puzzle online, w kt\u00f3re mo\u017cesz gra\u0107 za darmo&#8221; use_theme_fonts=&#8221;yes&#8221;]<div class=\"w-grid type_grid layout_8862 cols_3\" id=\"us_grid_1\" style=\"--gap:1.5rem;\" data-filterable=\"true\"><style>@media (max-width:1449px){#us_grid_1 .w-grid-item{width:50%}}@media (max-width:1024px){#us_grid_1 .w-grid-item{width:50%}}@media (max-width:600px){#us_grid_1 .w-grid-list{margin:0}#us_grid_1 .w-grid-item{width:100%;padding:0;margin-bottom:var(--gap,0px)}}.layout_8862 .w-grid-item-h{}.layout_8862 .usg_post_image_1{text-transform:none!important;height:200px!important;max-height:200px!important;min-height:200px!important}.layout_8862 .usg_post_title_1{font-size:1rem!important;font-family:var(--font-family)!important;font-weight:500!important;text-transform:none!important;margin-left:6px!important;margin-top:6px!important}.layout_8862 .usg_post_date_1{font-size:14px!important;margin-left:6px!important;margin-top:4px!important}<\/style><div class=\"w-grid-list\">\t<article class=\"w-grid-item size_1x1 post-28897 puzzles type-puzzles status-publish has-post-thumbnail hentry puzzle_type-zywnosc\" data-id=\"28897\">\r\n\t\t<div class=\"w-grid-item-h\">\r\n\t\t\t\t\t\t\t<a href=\"https:\/\/legacy.jigsawpuzzel.nl\/pl\/puzzles\/sniadanie-z-roznymi-dodatkami-i-swieza-salatka\/\" class=\"w-grid-item-anchor\" aria-label=\"\u015aniadanie z r\u00f3\u017cnymi dodatkami i \u015bwie\u017c\u0105 sa\u0142atk\u0105\"><\/a>\r\n\t\t\t\t\t\t<div class=\"w-post-elm post_image usg_post_image_1 has_height\"><a href=\"https:\/\/legacy.jigsawpuzzel.nl\/pl\/puzzles\/sniadanie-z-roznymi-dodatkami-i-swieza-salatka\/\" aria-label=\"\u015aniadanie z r\u00f3\u017cnymi dodatkami i \u015bwie\u017c\u0105 sa\u0142atk\u0105\"><img decoding=\"async\" width=\"520\" height=\"329\" src=\"https:\/\/legacy.jigsawpuzzel.nl\/pl\/wp-content\/uploads\/2026\/01\/Assorted-breakfast-with-fresh-salad_puzzle.jpg\" class=\"attachment-full size-full wp-post-image\" alt=\"\" srcset=\"https:\/\/legacy.jigsawpuzzel.nl\/pl\/wp-content\/uploads\/2026\/01\/Assorted-breakfast-with-fresh-salad_puzzle.jpg 520w, https:\/\/legacy.jigsawpuzzel.nl\/pl\/wp-content\/uploads\/2026\/01\/Assorted-breakfast-with-fresh-salad_puzzle-300x190.jpg 300w\" sizes=\"(max-width: 520px) 100vw, 520px\" \/><\/a><\/div><p class=\"w-post-elm post_title usg_post_title_1 entry-title color_link_inherit\"><a href=\"https:\/\/legacy.jigsawpuzzel.nl\/pl\/puzzles\/sniadanie-z-roznymi-dodatkami-i-swieza-salatka\/\">\u015aniadanie z r\u00f3\u017cnymi dodatkami i \u015bwie\u017c\u0105 sa\u0142atk\u0105<\/a><\/p><time class=\"w-post-elm post_date usg_post_date_1 entry-date published\" datetime=\"2026-01-29T00:04:27+00:00\">January 29, 2026<\/time>\t\t<\/div>\r\n\t\t\t<\/article>\r\n\t<article class=\"w-grid-item size_1x1 post-28895 puzzles type-puzzles status-publish has-post-thumbnail hentry puzzle_type-natura\" data-id=\"28895\">\r\n\t\t<div class=\"w-grid-item-h\">\r\n\t\t\t\t\t\t\t<a href=\"https:\/\/legacy.jigsawpuzzel.nl\/pl\/puzzles\/turkusowe-naturalne-baseny\/\" class=\"w-grid-item-anchor\" aria-label=\"Naturalne baseny w kolorze turkusowym\"><\/a>\r\n\t\t\t\t\t\t<div class=\"w-post-elm post_image usg_post_image_1 has_height\"><a href=\"https:\/\/legacy.jigsawpuzzel.nl\/pl\/puzzles\/turkusowe-naturalne-baseny\/\" aria-label=\"Naturalne baseny w kolorze turkusowym\"><img decoding=\"async\" width=\"520\" height=\"329\" src=\"https:\/\/legacy.jigsawpuzzel.nl\/pl\/wp-content\/uploads\/2026\/01\/Turquoise-colored-natural-pools_puzzle-1-4.jpg\" class=\"attachment-full size-full wp-post-image\" alt=\"Turquoise colored natural pools\" srcset=\"https:\/\/legacy.jigsawpuzzel.nl\/pl\/wp-content\/uploads\/2026\/01\/Turquoise-colored-natural-pools_puzzle-1-4.jpg 520w, https:\/\/legacy.jigsawpuzzel.nl\/pl\/wp-content\/uploads\/2026\/01\/Turquoise-colored-natural-pools_puzzle-1-4-300x190.jpg 300w\" sizes=\"(max-width: 520px) 100vw, 520px\" \/><\/a><\/div><p class=\"w-post-elm post_title usg_post_title_1 entry-title color_link_inherit\"><a href=\"https:\/\/legacy.jigsawpuzzel.nl\/pl\/puzzles\/turkusowe-naturalne-baseny\/\">Naturalne baseny w kolorze turkusowym<\/a><\/p><time class=\"w-post-elm post_date usg_post_date_1 entry-date published\" datetime=\"2026-01-29T00:03:08+00:00\">January 29, 2026<\/time>\t\t<\/div>\r\n\t\t\t<\/article>\r\n\t<article class=\"w-grid-item size_1x1 post-28894 puzzles type-puzzles status-publish has-post-thumbnail hentry puzzle_type-zwierzat\" data-id=\"28894\">\r\n\t\t<div class=\"w-grid-item-h\">\r\n\t\t\t\t\t\t\t<a href=\"https:\/\/legacy.jigsawpuzzel.nl\/pl\/puzzles\/spiaca-koala-na-drzewie\/\" class=\"w-grid-item-anchor\" aria-label=\"\u015api\u0105cy koala na drzewie\"><\/a>\r\n\t\t\t\t\t\t<div class=\"w-post-elm post_image usg_post_image_1 has_height\"><a href=\"https:\/\/legacy.jigsawpuzzel.nl\/pl\/puzzles\/spiaca-koala-na-drzewie\/\" aria-label=\"\u015api\u0105cy koala na drzewie\"><img decoding=\"async\" width=\"520\" height=\"329\" src=\"https:\/\/legacy.jigsawpuzzel.nl\/pl\/wp-content\/uploads\/2026\/01\/Sleeping-koala-in-a-tree-_puzzle.jpg\" class=\"attachment-full size-full wp-post-image\" alt=\"\" srcset=\"https:\/\/legacy.jigsawpuzzel.nl\/pl\/wp-content\/uploads\/2026\/01\/Sleeping-koala-in-a-tree-_puzzle.jpg 520w, https:\/\/legacy.jigsawpuzzel.nl\/pl\/wp-content\/uploads\/2026\/01\/Sleeping-koala-in-a-tree-_puzzle-300x190.jpg 300w\" sizes=\"(max-width: 520px) 100vw, 520px\" \/><\/a><\/div><p class=\"w-post-elm post_title usg_post_title_1 entry-title color_link_inherit\"><a href=\"https:\/\/legacy.jigsawpuzzel.nl\/pl\/puzzles\/spiaca-koala-na-drzewie\/\">\u015api\u0105cy koala na drzewie<\/a><\/p><time class=\"w-post-elm post_date usg_post_date_1 entry-date published\" datetime=\"2026-01-29T00:02:08+00:00\">January 29, 2026<\/time>\t\t<\/div>\r\n\t\t\t<\/article>\r\n\t<article class=\"w-grid-item size_1x1 post-28893 puzzles type-puzzles status-publish has-post-thumbnail hentry puzzle_type-holandia puzzle_type-zima\" data-id=\"28893\">\r\n\t\t<div class=\"w-grid-item-h\">\r\n\t\t\t\t\t\t\t<a href=\"https:\/\/legacy.jigsawpuzzel.nl\/pl\/puzzles\/zima-gdzies-delft-holandia-las\/\" class=\"w-grid-item-anchor\" aria-label=\"Zima gdzie\u015b w lesie w Delft w Holandii\"><\/a>\r\n\t\t\t\t\t\t<div class=\"w-post-elm post_image usg_post_image_1 has_height\"><a href=\"https:\/\/legacy.jigsawpuzzel.nl\/pl\/puzzles\/zima-gdzies-delft-holandia-las\/\" aria-label=\"Zima gdzie\u015b w lesie w Delft w Holandii\"><img decoding=\"async\" width=\"520\" height=\"329\" src=\"https:\/\/legacy.jigsawpuzzel.nl\/pl\/wp-content\/uploads\/2026\/01\/Winter-somewhere-Delft-Netherlands-wood_puzzle.jpg\" class=\"attachment-full size-full wp-post-image\" alt=\"\" srcset=\"https:\/\/legacy.jigsawpuzzel.nl\/pl\/wp-content\/uploads\/2026\/01\/Winter-somewhere-Delft-Netherlands-wood_puzzle.jpg 520w, https:\/\/legacy.jigsawpuzzel.nl\/pl\/wp-content\/uploads\/2026\/01\/Winter-somewhere-Delft-Netherlands-wood_puzzle-300x190.jpg 300w\" sizes=\"(max-width: 520px) 100vw, 520px\" \/><\/a><\/div><p class=\"w-post-elm post_title usg_post_title_1 entry-title color_link_inherit\"><a href=\"https:\/\/legacy.jigsawpuzzel.nl\/pl\/puzzles\/zima-gdzies-delft-holandia-las\/\">Zima gdzie\u015b w lesie w Delft w Holandii<\/a><\/p><time class=\"w-post-elm post_date usg_post_date_1 entry-date published\" datetime=\"2026-01-29T00:01:52+00:00\">January 29, 2026<\/time>\t\t<\/div>\r\n\t\t\t<\/article>\r\n\t<article class=\"w-grid-item size_1x1 post-28888 puzzles type-puzzles status-publish has-post-thumbnail hentry puzzle_type-krajobraz puzzle_type-podroz puzzle_type-zima\" data-id=\"28888\">\r\n\t\t<div class=\"w-grid-item-h\">\r\n\t\t\t\t\t\t\t<a href=\"https:\/\/legacy.jigsawpuzzel.nl\/pl\/puzzles\/snow-covered-mountain-landscape-with-several-chalet-style-building\/\" class=\"w-grid-item-anchor\" aria-label=\"Pokryty \u015bniegiem krajobraz g\u00f3rski z kilkoma budynkami w stylu chalet\"><\/a>\r\n\t\t\t\t\t\t<div class=\"w-post-elm post_image usg_post_image_1 has_height\"><a href=\"https:\/\/legacy.jigsawpuzzel.nl\/pl\/puzzles\/snow-covered-mountain-landscape-with-several-chalet-style-building\/\" aria-label=\"Pokryty \u015bniegiem krajobraz g\u00f3rski z kilkoma budynkami w stylu chalet\"><img decoding=\"async\" width=\"520\" height=\"329\" src=\"https:\/\/legacy.jigsawpuzzel.nl\/pl\/wp-content\/uploads\/2026\/01\/Snow-covered-mountain-landscape-with-several-chalet-style-building-_puzzle.jpg\" class=\"attachment-full size-full wp-post-image\" alt=\"\" srcset=\"https:\/\/legacy.jigsawpuzzel.nl\/pl\/wp-content\/uploads\/2026\/01\/Snow-covered-mountain-landscape-with-several-chalet-style-building-_puzzle.jpg 520w, https:\/\/legacy.jigsawpuzzel.nl\/pl\/wp-content\/uploads\/2026\/01\/Snow-covered-mountain-landscape-with-several-chalet-style-building-_puzzle-300x190.jpg 300w\" sizes=\"(max-width: 520px) 100vw, 520px\" \/><\/a><\/div><p class=\"w-post-elm post_title usg_post_title_1 entry-title color_link_inherit\"><a href=\"https:\/\/legacy.jigsawpuzzel.nl\/pl\/puzzles\/snow-covered-mountain-landscape-with-several-chalet-style-building\/\">Pokryty \u015bniegiem krajobraz g\u00f3rski z kilkoma budynkami w stylu chalet<\/a><\/p><time class=\"w-post-elm post_date usg_post_date_1 entry-date published\" datetime=\"2026-01-28T00:04:08+00:00\">January 28, 2026<\/time>\t\t<\/div>\r\n\t\t\t<\/article>\r\n\t<article class=\"w-grid-item size_1x1 post-28887 puzzles type-puzzles status-publish has-post-thumbnail hentry puzzle_type-natura\" data-id=\"28887\">\r\n\t\t<div class=\"w-grid-item-h\">\r\n\t\t\t\t\t\t\t<a href=\"https:\/\/legacy.jigsawpuzzel.nl\/pl\/puzzles\/trzcina-chinska\/\" class=\"w-grid-item-anchor\" aria-label=\"Trzcina chi\u0144ska\"><\/a>\r\n\t\t\t\t\t\t<div class=\"w-post-elm post_image usg_post_image_1 has_height\"><a href=\"https:\/\/legacy.jigsawpuzzel.nl\/pl\/puzzles\/trzcina-chinska\/\" aria-label=\"Trzcina chi\u0144ska\"><img decoding=\"async\" width=\"520\" height=\"329\" src=\"https:\/\/legacy.jigsawpuzzel.nl\/pl\/wp-content\/uploads\/2026\/01\/Reed-China-grass-_puzzle.jpg\" class=\"attachment-full size-full wp-post-image\" alt=\"\" srcset=\"https:\/\/legacy.jigsawpuzzel.nl\/pl\/wp-content\/uploads\/2026\/01\/Reed-China-grass-_puzzle.jpg 520w, https:\/\/legacy.jigsawpuzzel.nl\/pl\/wp-content\/uploads\/2026\/01\/Reed-China-grass-_puzzle-300x190.jpg 300w\" sizes=\"(max-width: 520px) 100vw, 520px\" \/><\/a><\/div><p class=\"w-post-elm post_title usg_post_title_1 entry-title color_link_inherit\"><a href=\"https:\/\/legacy.jigsawpuzzel.nl\/pl\/puzzles\/trzcina-chinska\/\">Trzcina chi\u0144ska<\/a><\/p><time class=\"w-post-elm post_date usg_post_date_1 entry-date published\" datetime=\"2026-01-28T00:03:09+00:00\">January 28, 2026<\/time>\t\t<\/div>\r\n\t\t\t<\/article>\r\n<\/div><div class=\"w-grid-preloader\">\t<div class=\"g-preloader type_1\">\r\n\t\t<div><\/div>\r\n\t<\/div>\r\n\t<\/div>\t<div class=\"w-grid-json hidden\" onclick='return {&quot;action&quot;:&quot;us_ajax_grid&quot;,&quot;infinite_scroll&quot;:0,&quot;max_num_pages&quot;:785,&quot;pagination&quot;:&quot;none&quot;,&quot;template_vars&quot;:{&quot;columns&quot;:&quot;3&quot;,&quot;exclude_items&quot;:&quot;none&quot;,&quot;img_size&quot;:&quot;default&quot;,&quot;ignore_items_size&quot;:0,&quot;items_layout&quot;:&quot;8862&quot;,&quot;items_offset&quot;:&quot;1&quot;,&quot;load_animation&quot;:&quot;none&quot;,&quot;overriding_link&quot;:&quot;%7B%22type%22%3A%22post%22%7D&quot;,&quot;post_id&quot;:0,&quot;query_args&quot;:{&quot;post_type&quot;:[&quot;puzzles&quot;],&quot;post_status&quot;:[&quot;publish&quot;,&quot;acf-disabled&quot;],&quot;posts_per_page&quot;:&quot;6&quot;},&quot;orderby_query_args&quot;:{&quot;orderby&quot;:{&quot;date&quot;:&quot;DESC&quot;}},&quot;type&quot;:&quot;grid&quot;,&quot;us_grid_post_type&quot;:&quot;puzzles&quot;,&quot;us_grid_ajax_index&quot;:1,&quot;us_grid_filter_query_string&quot;:null,&quot;us_grid_index&quot;:1,&quot;page_args&quot;:[]}}'><\/div>\r\n\t<\/div><\/div><\/div><\/div><\/div><div class=\"w-separator size_medium\"><\/div><div class=\"w-btn-wrapper align_none\"><a class=\"w-btn us-btn-style_1\" href=\"https:\/\/onlinejigsawpuzzles.net\/daily-jigsaw-puzzle\/page\/2\/\"><span class=\"w-btn-label\">Wi\u0119cej puzzli<\/span><\/a><\/div><div class=\"w-separator size_medium\"><\/div><div class=\"wpb_text_column\"><div class=\"wpb_wrapper\"><h2>Historia puzzli<\/h2>\n<p>Pierwsza uk\u0142adanka zosta\u0142a wyprodukowana oko\u0142o 1760 roku przez Johna Spilsbury\u2019ego, tw\u00f3rc\u0119 map z Londynu w Wielkiej Brytanii. Spilsbury umie\u015bci\u0142 map\u0119 na kawa\u0142ku drewna i wyci\u0105\u0142 granice kraj\u00f3w za pomoc\u0105 pi\u0142y o drobnym ostrzu. Produktem ko\u0144cowym by\u0142a rozrywka edukacyjna, podczas kt\u00f3rej dzieci mog\u0142y uczy\u0107 si\u0119 geografii. Pomys\u0142 przyj\u0105\u0142 si\u0119 i do 1820 roku pozosta\u0142 jednak przede wszystkim narz\u0119dziami edukacyjnymi.<\/p>\n<p>Z\u0142oty wiek puzzli przypad\u0142 na lata dwudzieste i trzydzieste XX wieku. Strategia polega\u0142a na utrudnieniu uk\u0142adania kartonowych puzzli, tak aby by\u0142y one atrakcyjne zar\u00f3wno dla doros\u0142ych, jak i dla dzieci. Praktyk\u0119 t\u0119 zapocz\u0105tkowano w Stanach Zjednoczonych we wrze\u015bniu 1932 r pierwszym drukiem w liczbie 12 egzemplarzy.000 zagadek. Wkr\u00f3tce nak\u0142ad wzr\u00f3s\u0142 do 100.000 i 200.000.<\/p>\n<\/div><\/div><\/div><\/div><\/div><\/div><\/div><\/section>\n","protected":false},"excerpt":{"rendered":"Puzzle online z traw\u0105 Reed China.","protected":false},"author":1,"featured_media":0,"parent":0,"menu_order":0,"comment_status":"closed","ping_status":"closed","template":"","meta":{"_acf_changed":false,"footnotes":""},"class_list":["post-12034","page","type-page","status-publish","hentry"],"acf":[],"yoast_head":"<!-- This site is optimized with the Yoast SEO plugin v26.6 - https:\/\/yoast.com\/wordpress\/plugins\/seo\/ -->\n<title>Puzzle - uk\u0142adanka internetowa<\/title>\n<meta name=\"description\" content=\"Zagraj w \u0142amig\u0142\u00f3wki online. Graj w puzzle online na pe\u0142nym ekranie. Wybierz poziom trudno\u015bci, zmieniaj\u0105c liczb\u0119 element\u00f3w.\" \/>\n<meta name=\"robots\" content=\"index, follow, max-snippet:-1, max-image-preview:large, max-video-preview:-1\" \/>\n<link rel=\"canonical\" href=\"https:\/\/legacy.jigsawpuzzel.nl\/pl\/zagadki\/\" \/>\n<meta property=\"og:locale\" content=\"en_US\" \/>\n<meta property=\"og:type\" content=\"article\" \/>\n<meta property=\"og:title\" content=\"Puzzle - uk\u0142adanka internetowa\" \/>\n<meta property=\"og:description\" content=\"Zagraj w \u0142amig\u0142\u00f3wki online. Graj w puzzle online na pe\u0142nym ekranie. Wybierz poziom trudno\u015bci, zmieniaj\u0105c liczb\u0119 element\u00f3w.\" \/>\n<meta property=\"og:url\" content=\"https:\/\/legacy.jigsawpuzzel.nl\/pl\/zagadki\/\" \/>\n<meta property=\"og:site_name\" content=\"uk\u0142adanka internetowa\" \/>\n<meta property=\"article:modified_time\" content=\"2024-02-07T18:23:01+00:00\" \/>\n<meta name=\"twitter:card\" content=\"summary_large_image\" \/>\n<meta name=\"twitter:label1\" content=\"Est. reading time\" \/>\n\t<meta name=\"twitter:data1\" content=\"2 minutes\" \/>\n<script type=\"application\/ld+json\" class=\"yoast-schema-graph\">{\"@context\":\"https:\/\/schema.org\",\"@graph\":[{\"@type\":\"WebPage\",\"@id\":\"https:\/\/legacy.jigsawpuzzel.nl\/pl\/zagadki\/\",\"url\":\"https:\/\/legacy.jigsawpuzzel.nl\/pl\/zagadki\/\",\"name\":\"Puzzle - uk\u0142adanka internetowa\",\"isPartOf\":{\"@id\":\"https:\/\/legacy.jigsawpuzzel.nl\/pl\/#website\"},\"datePublished\":\"2020-07-02T09:02:35+00:00\",\"dateModified\":\"2024-02-07T18:23:01+00:00\",\"description\":\"Zagraj w \u0142amig\u0142\u00f3wki online. Graj w puzzle online na pe\u0142nym ekranie. Wybierz poziom trudno\u015bci, zmieniaj\u0105c liczb\u0119 element\u00f3w.\",\"inLanguage\":\"en-US\",\"potentialAction\":[{\"@type\":\"ReadAction\",\"target\":[\"https:\/\/legacy.jigsawpuzzel.nl\/pl\/zagadki\/\"]}]},{\"@type\":\"WebSite\",\"@id\":\"https:\/\/legacy.jigsawpuzzel.nl\/pl\/#website\",\"url\":\"https:\/\/legacy.jigsawpuzzel.nl\/pl\/\",\"name\":\"uk\u0142adanka internetowa\",\"description\":\"puzzle online dla dzieci i doros\u0142ych\",\"potentialAction\":[{\"@type\":\"SearchAction\",\"target\":{\"@type\":\"EntryPoint\",\"urlTemplate\":\"https:\/\/legacy.jigsawpuzzel.nl\/pl\/?s={search_term_string}\"},\"query-input\":{\"@type\":\"PropertyValueSpecification\",\"valueRequired\":true,\"valueName\":\"search_term_string\"}}],\"inLanguage\":\"en-US\"}]}<\/script>\n<!-- \/ Yoast SEO plugin. -->","yoast_head_json":{"title":"Puzzle - uk\u0142adanka internetowa","description":"Zagraj w \u0142amig\u0142\u00f3wki online. Graj w puzzle online na pe\u0142nym ekranie. Wybierz poziom trudno\u015bci, zmieniaj\u0105c liczb\u0119 element\u00f3w.","robots":{"index":"index","follow":"follow","max-snippet":"max-snippet:-1","max-image-preview":"max-image-preview:large","max-video-preview":"max-video-preview:-1"},"canonical":"https:\/\/legacy.jigsawpuzzel.nl\/pl\/zagadki\/","og_locale":"en_US","og_type":"article","og_title":"Puzzle - uk\u0142adanka internetowa","og_description":"Zagraj w \u0142amig\u0142\u00f3wki online. Graj w puzzle online na pe\u0142nym ekranie. Wybierz poziom trudno\u015bci, zmieniaj\u0105c liczb\u0119 element\u00f3w.","og_url":"https:\/\/legacy.jigsawpuzzel.nl\/pl\/zagadki\/","og_site_name":"uk\u0142adanka internetowa","article_modified_time":"2024-02-07T18:23:01+00:00","twitter_card":"summary_large_image","twitter_misc":{"Est. reading time":"2 minutes"},"schema":{"@context":"https:\/\/schema.org","@graph":[{"@type":"WebPage","@id":"https:\/\/legacy.jigsawpuzzel.nl\/pl\/zagadki\/","url":"https:\/\/legacy.jigsawpuzzel.nl\/pl\/zagadki\/","name":"Puzzle - uk\u0142adanka internetowa","isPartOf":{"@id":"https:\/\/legacy.jigsawpuzzel.nl\/pl\/#website"},"datePublished":"2020-07-02T09:02:35+00:00","dateModified":"2024-02-07T18:23:01+00:00","description":"Zagraj w \u0142amig\u0142\u00f3wki online. Graj w puzzle online na pe\u0142nym ekranie. Wybierz poziom trudno\u015bci, zmieniaj\u0105c liczb\u0119 element\u00f3w.","inLanguage":"en-US","potentialAction":[{"@type":"ReadAction","target":["https:\/\/legacy.jigsawpuzzel.nl\/pl\/zagadki\/"]}]},{"@type":"WebSite","@id":"https:\/\/legacy.jigsawpuzzel.nl\/pl\/#website","url":"https:\/\/legacy.jigsawpuzzel.nl\/pl\/","name":"uk\u0142adanka internetowa","description":"puzzle online dla dzieci i doros\u0142ych","potentialAction":[{"@type":"SearchAction","target":{"@type":"EntryPoint","urlTemplate":"https:\/\/legacy.jigsawpuzzel.nl\/pl\/?s={search_term_string}"},"query-input":{"@type":"PropertyValueSpecification","valueRequired":true,"valueName":"search_term_string"}}],"inLanguage":"en-US"}]}},"_links":{"self":[{"href":"https:\/\/legacy.jigsawpuzzel.nl\/pl\/wp-json\/wp\/v2\/pages\/12034","targetHints":{"allow":["GET"]}}],"collection":[{"href":"https:\/\/legacy.jigsawpuzzel.nl\/pl\/wp-json\/wp\/v2\/pages"}],"about":[{"href":"https:\/\/legacy.jigsawpuzzel.nl\/pl\/wp-json\/wp\/v2\/types\/page"}],"author":[{"embeddable":true,"href":"https:\/\/legacy.jigsawpuzzel.nl\/pl\/wp-json\/wp\/v2\/users\/1"}],"replies":[{"embeddable":true,"href":"https:\/\/legacy.jigsawpuzzel.nl\/pl\/wp-json\/wp\/v2\/comments?post=12034"}],"version-history":[{"count":1,"href":"https:\/\/legacy.jigsawpuzzel.nl\/pl\/wp-json\/wp\/v2\/pages\/12034\/revisions"}],"predecessor-version":[{"id":22927,"href":"https:\/\/legacy.jigsawpuzzel.nl\/pl\/wp-json\/wp\/v2\/pages\/12034\/revisions\/22927"}],"wp:attachment":[{"href":"https:\/\/legacy.jigsawpuzzel.nl\/pl\/wp-json\/wp\/v2\/media?parent=12034"}],"curies":[{"name":"wp","href":"https:\/\/api.w.org\/{rel}","templated":true}]}}