{"id":11965,"date":"2020-06-30T13:56:27","date_gmt":"2020-06-30T13:56:27","guid":{"rendered":"https:\/\/onlinejigsawpuzzles.net\/?page_id=11965"},"modified":"2024-02-07T18:20:46","modified_gmt":"2024-02-07T18:20:46","slug":"strzelanka-do-baniek","status":"publish","type":"page","link":"https:\/\/legacy.jigsawpuzzel.nl\/pl\/strzelanka-do-baniek\/","title":{"rendered":"Strzelanka do baniek"},"content":{"rendered":"<section class=\"l-section wpb_row us_custom_eb849559 height_medium\"><div class=\"l-section-h i-cf\"><div class=\"g-cols vc_row via_flex valign_top type_default stacking_default\"><div class=\"vc_col-sm-12 wpb_column vc_column_container\"><div class=\"vc_column-inner\"><div class=\"wpb_wrapper\"><div class=\"wpb_text_column\"><div class=\"wpb_wrapper\"><p><iframe src=\"https:\/\/www.gameboss.com\/games\/bubbleshooterclassic\/index.html?lang=en\" width=\"800\" height=\"600\" frameborder=\"0\" marginwidth=\"0\" marginheight=\"0\" scrolling=\"no\"><\/iframe><\/p>\n<\/div><\/div><\/div><\/div><\/div><\/div><\/div><\/section><section class=\"l-section wpb_row us_custom_eb849559 height_auto\"><div class=\"l-section-h i-cf\"><div class=\"g-cols vc_row via_flex valign_top type_default stacking_default\"><div class=\"vc_col-sm-12 wpb_column vc_column_container\"><div class=\"vc_column-inner\"><div class=\"wpb_wrapper\"><div class=\"wpb_text_column\"><div class=\"wpb_wrapper\"><h1>Gra Bubble Shooter za darmo<\/h1>\n<p>Klasyczna strzelanka b\u0105belkowa Mo\u017cna strzela\u0107 i wygrywa\u0107<\/p>\n<p>Ta gra jest klasyczna i bardzo \u0142atwa do zrozumienia. Nie ma tu skomplikowanych zasad, nie trzeba w k\u00f3\u0142ko czyta\u0107 \u017cadnej instrukcji, \u017ceby znale\u017a\u0107 spos\u00f3b na rozwi\u0105zanie. Dopasuj co najmniej trzy b\u0105belki tego samego koloru i usu\u0144 je z planszy. Zwr\u00f3\u0107 uwag\u0119 na k\u0105ty i id\u017a dalej, a\u017c wygrasz. Dlaczego Bubble Shooter to klasyk? Ta gra zosta\u0142a wydana w 1989 roku i ludzie nadal uwa\u017caj\u0105 j\u0105 za tak fascynuj\u0105c\u0105, \u017ce nadal w ni\u0105 graj\u0105. Sp\u0119dzaj\u0105 godziny, strzelaj\u0105c ba\u0144kami i dobrze si\u0119 bawi\u0105c.<\/p>\n<h2>Plan strategiczny, strzelanka b\u0105belkowa<\/h2>\n<p>Gra Bubble Shooter wydaje si\u0119 \u0142atwa, ale je\u015bli chcesz osi\u0105gn\u0105\u0107 wysoki wynik, musisz mie\u0107 strategi\u0119, kt\u00f3r\u0105 tworzysz w momencie gry. Je\u015bli chcesz by\u0107 pierwszy na tablicy wynik\u00f3w, musisz zachowa\u0107 koncentracj\u0119. Wzmianka o planie strategicznym mo\u017ce wydawa\u0107 si\u0119 skomplikowana, gdy go czytasz, ale gra wcale nie jest skomplikowana. Jest tak wiele wersji tej gry, \u017ce gdy zaczniesz w ni\u0105 gra\u0107, trudno b\u0119dzie ci przesta\u0107, poniewa\u017c jest tak zabawna i uzale\u017cniaj\u0105ca. Mo\u017cesz konkurowa\u0107 ze swoim wy\u017cszym ja i ulepsza\u0107 swoj\u0105 strategi\u0119 za ka\u017cdym razem, gdy zaczynasz od nowa.<\/p>\n<\/div><\/div><div class=\"w-separator size_small\"><\/div><div class=\"wpb_widgetised_column wpb_content_element\"><div class=\"wpb_wrapper\"><h2 class=\"wpb_heading wpb_widgetised_column_heading\">Udost\u0119pni\u0107 t\u0119 gr\u0119<\/h2><div id=\"a2a_share_save_widget-2\" class=\"widget widget_a2a_share_save_widget\"><div class=\"a2a_kit a2a_kit_size_32 addtoany_list\"><a class=\"a2a_button_facebook\" href=\"https:\/\/www.addtoany.com\/add_to\/facebook?linkurl=https%3A%2F%2Flegacy.jigsawpuzzel.nl%2Fpl%2Fpl%2Fwp-json%2Fwp%2Fv2%2Fpages%2F11965&amp;linkname=uk%C5%82adanka%20internetowa\" title=\"Facebook\" rel=\"nofollow noopener\" target=\"_blank\"><\/a><a class=\"a2a_button_twitter\" href=\"https:\/\/www.addtoany.com\/add_to\/twitter?linkurl=https%3A%2F%2Flegacy.jigsawpuzzel.nl%2Fpl%2Fpl%2Fwp-json%2Fwp%2Fv2%2Fpages%2F11965&amp;linkname=uk%C5%82adanka%20internetowa\" title=\"Twitter\" rel=\"nofollow noopener\" target=\"_blank\"><\/a><a class=\"a2a_button_pinterest\" href=\"https:\/\/www.addtoany.com\/add_to\/pinterest?linkurl=https%3A%2F%2Flegacy.jigsawpuzzel.nl%2Fpl%2Fpl%2Fwp-json%2Fwp%2Fv2%2Fpages%2F11965&amp;linkname=uk%C5%82adanka%20internetowa\" title=\"Pinterest\" rel=\"nofollow noopener\" target=\"_blank\"><\/a><a class=\"a2a_button_whatsapp\" href=\"https:\/\/www.addtoany.com\/add_to\/whatsapp?linkurl=https%3A%2F%2Flegacy.jigsawpuzzel.nl%2Fpl%2Fpl%2Fwp-json%2Fwp%2Fv2%2Fpages%2F11965&amp;linkname=uk%C5%82adanka%20internetowa\" title=\"WhatsApp\" rel=\"nofollow noopener\" target=\"_blank\"><\/a><a class=\"a2a_button_email\" href=\"https:\/\/www.addtoany.com\/add_to\/email?linkurl=https%3A%2F%2Flegacy.jigsawpuzzel.nl%2Fpl%2Fpl%2Fwp-json%2Fwp%2Fv2%2Fpages%2F11965&amp;linkname=uk%C5%82adanka%20internetowa\" title=\"Email\" rel=\"nofollow noopener\" target=\"_blank\"><\/a><\/div><\/div><\/div><\/div><\/div><\/div><\/div><\/div><\/div><\/section>\n","protected":false},"excerpt":{"rendered":"Gra Bubble Shooter za darmo Klasyczna strzelanka b\u0105belkowa Mo\u017cna strzela\u0107 i wygrywa\u0107 Ta gra jest klasyczna i bardzo \u0142atwa do zrozumienia. Nie ma tu skomplikowanych zasad, nie trzeba w k\u00f3\u0142ko czyta\u0107 \u017cadnej instrukcji, \u017ceby znale\u017a\u0107 spos\u00f3b na rozwi\u0105zanie. Dopasuj co najmniej trzy b\u0105belki tego samego koloru i usu\u0144 je z planszy. Zwr\u00f3\u0107 uwag\u0119 na k\u0105ty...","protected":false},"author":1,"featured_media":0,"parent":0,"menu_order":0,"comment_status":"closed","ping_status":"closed","template":"","meta":{"_acf_changed":false,"footnotes":""},"class_list":["post-11965","page","type-page","status-publish","hentry"],"acf":[],"yoast_head":"<!-- This site is optimized with the Yoast SEO plugin v26.6 - https:\/\/yoast.com\/wordpress\/plugins\/seo\/ -->\n<title>Bubble Shooter - Zagraj w bezp\u0142atn\u0105 gr\u0119 Bubble Shooter online<\/title>\n<meta name=\"description\" content=\"Klasyczna strzelanka b\u0105belkowa. Mo\u017cna strzela\u0107 i wygrywa\u0107. Zagraj w Bubble Shooter online za darmo. Super fajna gra!\" \/>\n<meta name=\"robots\" content=\"index, follow, max-snippet:-1, max-image-preview:large, max-video-preview:-1\" \/>\n<link rel=\"canonical\" href=\"https:\/\/legacy.jigsawpuzzel.nl\/pl\/strzelanka-do-baniek\/\" \/>\n<meta property=\"og:locale\" content=\"en_US\" \/>\n<meta property=\"og:type\" content=\"article\" \/>\n<meta property=\"og:title\" content=\"Bubble Shooter - Zagraj w bezp\u0142atn\u0105 gr\u0119 Bubble Shooter online\" \/>\n<meta property=\"og:description\" content=\"Klasyczna strzelanka b\u0105belkowa. Mo\u017cna strzela\u0107 i wygrywa\u0107. Zagraj w Bubble Shooter online za darmo. Super fajna gra!\" \/>\n<meta property=\"og:url\" content=\"https:\/\/legacy.jigsawpuzzel.nl\/pl\/strzelanka-do-baniek\/\" \/>\n<meta property=\"og:site_name\" content=\"uk\u0142adanka internetowa\" \/>\n<meta property=\"article:modified_time\" content=\"2024-02-07T18:20:46+00:00\" \/>\n<meta name=\"twitter:card\" content=\"summary_large_image\" \/>\n<meta name=\"twitter:label1\" content=\"Est. reading time\" \/>\n\t<meta name=\"twitter:data1\" content=\"2 minutes\" \/>\n<script type=\"application\/ld+json\" class=\"yoast-schema-graph\">{\"@context\":\"https:\/\/schema.org\",\"@graph\":[{\"@type\":\"WebPage\",\"@id\":\"https:\/\/legacy.jigsawpuzzel.nl\/pl\/strzelanka-do-baniek\/\",\"url\":\"https:\/\/legacy.jigsawpuzzel.nl\/pl\/strzelanka-do-baniek\/\",\"name\":\"Bubble Shooter - Zagraj w bezp\u0142atn\u0105 gr\u0119 Bubble Shooter online\",\"isPartOf\":{\"@id\":\"https:\/\/legacy.jigsawpuzzel.nl\/pl\/#website\"},\"datePublished\":\"2020-06-30T13:56:27+00:00\",\"dateModified\":\"2024-02-07T18:20:46+00:00\",\"description\":\"Klasyczna strzelanka b\u0105belkowa. Mo\u017cna strzela\u0107 i wygrywa\u0107. Zagraj w Bubble Shooter online za darmo. Super fajna gra!\",\"inLanguage\":\"en-US\",\"potentialAction\":[{\"@type\":\"ReadAction\",\"target\":[\"https:\/\/legacy.jigsawpuzzel.nl\/pl\/strzelanka-do-baniek\/\"]}]},{\"@type\":\"WebSite\",\"@id\":\"https:\/\/legacy.jigsawpuzzel.nl\/pl\/#website\",\"url\":\"https:\/\/legacy.jigsawpuzzel.nl\/pl\/\",\"name\":\"uk\u0142adanka internetowa\",\"description\":\"puzzle online dla dzieci i doros\u0142ych\",\"potentialAction\":[{\"@type\":\"SearchAction\",\"target\":{\"@type\":\"EntryPoint\",\"urlTemplate\":\"https:\/\/legacy.jigsawpuzzel.nl\/pl\/?s={search_term_string}\"},\"query-input\":{\"@type\":\"PropertyValueSpecification\",\"valueRequired\":true,\"valueName\":\"search_term_string\"}}],\"inLanguage\":\"en-US\"}]}<\/script>\n<!-- \/ Yoast SEO plugin. -->","yoast_head_json":{"title":"Bubble Shooter - Zagraj w bezp\u0142atn\u0105 gr\u0119 Bubble Shooter online","description":"Klasyczna strzelanka b\u0105belkowa. Mo\u017cna strzela\u0107 i wygrywa\u0107. Zagraj w Bubble Shooter online za darmo. Super fajna gra!","robots":{"index":"index","follow":"follow","max-snippet":"max-snippet:-1","max-image-preview":"max-image-preview:large","max-video-preview":"max-video-preview:-1"},"canonical":"https:\/\/legacy.jigsawpuzzel.nl\/pl\/strzelanka-do-baniek\/","og_locale":"en_US","og_type":"article","og_title":"Bubble Shooter - Zagraj w bezp\u0142atn\u0105 gr\u0119 Bubble Shooter online","og_description":"Klasyczna strzelanka b\u0105belkowa. Mo\u017cna strzela\u0107 i wygrywa\u0107. Zagraj w Bubble Shooter online za darmo. Super fajna gra!","og_url":"https:\/\/legacy.jigsawpuzzel.nl\/pl\/strzelanka-do-baniek\/","og_site_name":"uk\u0142adanka internetowa","article_modified_time":"2024-02-07T18:20:46+00:00","twitter_card":"summary_large_image","twitter_misc":{"Est. reading time":"2 minutes"},"schema":{"@context":"https:\/\/schema.org","@graph":[{"@type":"WebPage","@id":"https:\/\/legacy.jigsawpuzzel.nl\/pl\/strzelanka-do-baniek\/","url":"https:\/\/legacy.jigsawpuzzel.nl\/pl\/strzelanka-do-baniek\/","name":"Bubble Shooter - Zagraj w bezp\u0142atn\u0105 gr\u0119 Bubble Shooter online","isPartOf":{"@id":"https:\/\/legacy.jigsawpuzzel.nl\/pl\/#website"},"datePublished":"2020-06-30T13:56:27+00:00","dateModified":"2024-02-07T18:20:46+00:00","description":"Klasyczna strzelanka b\u0105belkowa. Mo\u017cna strzela\u0107 i wygrywa\u0107. Zagraj w Bubble Shooter online za darmo. Super fajna gra!","inLanguage":"en-US","potentialAction":[{"@type":"ReadAction","target":["https:\/\/legacy.jigsawpuzzel.nl\/pl\/strzelanka-do-baniek\/"]}]},{"@type":"WebSite","@id":"https:\/\/legacy.jigsawpuzzel.nl\/pl\/#website","url":"https:\/\/legacy.jigsawpuzzel.nl\/pl\/","name":"uk\u0142adanka internetowa","description":"puzzle online dla dzieci i doros\u0142ych","potentialAction":[{"@type":"SearchAction","target":{"@type":"EntryPoint","urlTemplate":"https:\/\/legacy.jigsawpuzzel.nl\/pl\/?s={search_term_string}"},"query-input":{"@type":"PropertyValueSpecification","valueRequired":true,"valueName":"search_term_string"}}],"inLanguage":"en-US"}]}},"_links":{"self":[{"href":"https:\/\/legacy.jigsawpuzzel.nl\/pl\/wp-json\/wp\/v2\/pages\/11965","targetHints":{"allow":["GET"]}}],"collection":[{"href":"https:\/\/legacy.jigsawpuzzel.nl\/pl\/wp-json\/wp\/v2\/pages"}],"about":[{"href":"https:\/\/legacy.jigsawpuzzel.nl\/pl\/wp-json\/wp\/v2\/types\/page"}],"author":[{"embeddable":true,"href":"https:\/\/legacy.jigsawpuzzel.nl\/pl\/wp-json\/wp\/v2\/users\/1"}],"replies":[{"embeddable":true,"href":"https:\/\/legacy.jigsawpuzzel.nl\/pl\/wp-json\/wp\/v2\/comments?post=11965"}],"version-history":[{"count":1,"href":"https:\/\/legacy.jigsawpuzzel.nl\/pl\/wp-json\/wp\/v2\/pages\/11965\/revisions"}],"predecessor-version":[{"id":22902,"href":"https:\/\/legacy.jigsawpuzzel.nl\/pl\/wp-json\/wp\/v2\/pages\/11965\/revisions\/22902"}],"wp:attachment":[{"href":"https:\/\/legacy.jigsawpuzzel.nl\/pl\/wp-json\/wp\/v2\/media?parent=11965"}],"curies":[{"name":"wp","href":"https:\/\/api.w.org\/{rel}","templated":true}]}}