{"id":11955,"date":"2020-06-30T13:43:40","date_gmt":"2020-06-30T13:43:40","guid":{"rendered":"https:\/\/onlinejigsawpuzzles.net\/?page_id=11955"},"modified":"2024-02-07T18:23:03","modified_gmt":"2024-02-07T18:23:03","slug":"pasjans","status":"publish","type":"page","link":"https:\/\/legacy.jigsawpuzzel.nl\/pl\/pasjans\/","title":{"rendered":"Pasjans"},"content":{"rendered":"<section class=\"l-section wpb_row us_custom_eb849559 height_medium\"><div class=\"l-section-h i-cf\"><div class=\"g-cols vc_row via_flex valign_top type_default stacking_default\"><div class=\"vc_col-sm-12 wpb_column vc_column_container\"><div class=\"vc_column-inner\"><div class=\"wpb_wrapper\"><div class=\"wpb_text_column\"><div class=\"wpb_wrapper\"><p><iframe src=\"https:\/\/www.gameboss.com\/games\/klondikesolitaire\/index.html?lang=en\" width=\"800px\" height=\"600\" frameborder=\"0\" marginwidth=\"0\" marginheight=\"0\" scrolling=\"no\"><\/iframe><\/p>\n<\/div><\/div><\/div><\/div><\/div><\/div><\/div><\/section><section class=\"l-section wpb_row us_custom_eb849559 height_auto\"><div class=\"l-section-h i-cf\"><div class=\"g-cols vc_row via_flex valign_top type_default stacking_default\"><div class=\"vc_col-sm-12 wpb_column vc_column_container\"><div class=\"vc_column-inner\"><div class=\"wpb_wrapper\"><div class=\"wpb_text_column\"><div class=\"wpb_wrapper\"><h1>Zagraj w darmowy pasjans online<\/h1>\n<p>Sprawd\u017a swoj\u0105 cierpliwo\u015b\u0107, graj\u0105c w gry Solitaire za darmo<\/p>\n<p>Zagraj w Solitaire Klondike Classic online za darmo. Bardzo przyjemna gra!<\/p>\n<p>Gry karciane online spe\u0142niaj\u0105 oczekiwania ka\u017cdego, kto w nie gra. Nieko\u0144cz\u0105ce si\u0119 pozytywne recenzje sprawiaj\u0105, \u017ce gra jest niezawodna i uzale\u017cniaj\u0105ca. Czy od czasu do czasu zdarza Ci si\u0119 mie\u0107 problemy z cierpliwo\u015bci\u0105? Graj\u0105c w pasjansa, sp\u0119dzasz troch\u0119 czasu na my\u015bleniu o kolejnym ruchu, uczysz si\u0119 doskonali\u0107 swoj\u0105 cierpliwo\u015b\u0107 i doskonali\u0107 swoj\u0105 osobowo\u015b\u0107. Nie tylko sp\u0119dzasz czas przed komputerem lub smartfonem, ale tak\u017ce \u0107wiczysz sw\u00f3j m\u00f3zg i siebie, aby by\u0107 osob\u0105 mniej impulsywn\u0105, a bardziej strategiczn\u0105. Je\u015bli nie znasz zasad, mo\u017cesz zapozna\u0107 si\u0119 z nimi na stronie i w ka\u017cdej chwili zacz\u0105\u0107 gra\u0107.<\/p>\n<h2>Wersja Klondike\u2019a<\/h2>\n<p>Ta wersja jest bardzo popularna w\u015br\u00f3d mi\u0142o\u015bnik\u00f3w gier online. Uwa\u017ca si\u0119, \u017ce jest to jedna z najlepszych wersji pasjansa. Nasza strona oferuje to za darmo. Nie musisz si\u0119 tak\u017ce martwi\u0107 o miejsce na swoim smartfonie lub komputerze, poniewa\u017c pobieranie nie jest wymagane. Gra Solitaire pochodzi z regionu Morza Ba\u0142tyckiego w Europie i pocz\u0105tkowo by\u0142a uwa\u017cana za form\u0119 wr\u00f3\u017cenia. Jest to \u0142amig\u0142\u00f3wka karciana, kt\u00f3ra zach\u0119ca m\u00f3zg do wymy\u015blenia strategii i prowadzi do znacznej poprawy funkcji poznawczych.<\/p>\n<\/div><\/div><div class=\"w-separator size_small\"><\/div><div class=\"wpb_widgetised_column wpb_content_element\"><div class=\"wpb_wrapper\"><h2 class=\"wpb_heading wpb_widgetised_column_heading\">Udost\u0119pni\u0107 t\u0119 gr\u0119<\/h2><div id=\"a2a_share_save_widget-2\" class=\"widget widget_a2a_share_save_widget\"><div class=\"a2a_kit a2a_kit_size_32 addtoany_list\"><a class=\"a2a_button_facebook\" href=\"https:\/\/www.addtoany.com\/add_to\/facebook?linkurl=https%3A%2F%2Flegacy.jigsawpuzzel.nl%2Fpl%2Fpl%2Fwp-json%2Fwp%2Fv2%2Fpages%2F11955&amp;linkname=uk%C5%82adanka%20internetowa\" title=\"Facebook\" rel=\"nofollow noopener\" target=\"_blank\"><\/a><a class=\"a2a_button_twitter\" href=\"https:\/\/www.addtoany.com\/add_to\/twitter?linkurl=https%3A%2F%2Flegacy.jigsawpuzzel.nl%2Fpl%2Fpl%2Fwp-json%2Fwp%2Fv2%2Fpages%2F11955&amp;linkname=uk%C5%82adanka%20internetowa\" title=\"Twitter\" rel=\"nofollow noopener\" target=\"_blank\"><\/a><a class=\"a2a_button_pinterest\" href=\"https:\/\/www.addtoany.com\/add_to\/pinterest?linkurl=https%3A%2F%2Flegacy.jigsawpuzzel.nl%2Fpl%2Fpl%2Fwp-json%2Fwp%2Fv2%2Fpages%2F11955&amp;linkname=uk%C5%82adanka%20internetowa\" title=\"Pinterest\" rel=\"nofollow noopener\" target=\"_blank\"><\/a><a class=\"a2a_button_whatsapp\" href=\"https:\/\/www.addtoany.com\/add_to\/whatsapp?linkurl=https%3A%2F%2Flegacy.jigsawpuzzel.nl%2Fpl%2Fpl%2Fwp-json%2Fwp%2Fv2%2Fpages%2F11955&amp;linkname=uk%C5%82adanka%20internetowa\" title=\"WhatsApp\" rel=\"nofollow noopener\" target=\"_blank\"><\/a><a class=\"a2a_button_email\" href=\"https:\/\/www.addtoany.com\/add_to\/email?linkurl=https%3A%2F%2Flegacy.jigsawpuzzel.nl%2Fpl%2Fpl%2Fwp-json%2Fwp%2Fv2%2Fpages%2F11955&amp;linkname=uk%C5%82adanka%20internetowa\" title=\"Email\" rel=\"nofollow noopener\" target=\"_blank\"><\/a><\/div><\/div><\/div><\/div><\/div><\/div><\/div><\/div><\/div><\/section>\n","protected":false},"excerpt":{"rendered":"Zagraj w darmowy pasjans online Sprawd\u017a swoj\u0105 cierpliwo\u015b\u0107, graj\u0105c w gry Solitaire za darmo Zagraj w Solitaire Klondike Classic online za darmo. Bardzo przyjemna gra! Gry karciane online spe\u0142niaj\u0105 oczekiwania ka\u017cdego, kto w nie gra. Nieko\u0144cz\u0105ce si\u0119 pozytywne recenzje sprawiaj\u0105, \u017ce gra jest niezawodna i uzale\u017cniaj\u0105ca. Czy od czasu do czasu zdarza Ci si\u0119 mie\u0107...","protected":false},"author":1,"featured_media":0,"parent":0,"menu_order":0,"comment_status":"closed","ping_status":"closed","template":"","meta":{"_acf_changed":false,"footnotes":""},"class_list":["post-11955","page","type-page","status-publish","hentry"],"acf":[],"yoast_head":"<!-- This site is optimized with the Yoast SEO plugin v26.6 - https:\/\/yoast.com\/wordpress\/plugins\/seo\/ -->\n<title>Pasjans - Przetestuj swoj\u0105 cierpliwo\u015b\u0107, graj\u0105c w gry Solitaire za darmo<\/title>\n<meta name=\"description\" content=\"Zagraj w Solitaire Klondike Classic online za darmo. Je\u015bli nie mo\u017cesz wybra\u0107, w kt\u00f3r\u0105 gr\u0119 zagra\u0107 w letni wiecz\u00f3r, sp\u00f3jrz na nasz\u0105 gr\u0119 w pasjansa\" \/>\n<meta name=\"robots\" content=\"index, follow, max-snippet:-1, max-image-preview:large, max-video-preview:-1\" \/>\n<link rel=\"canonical\" href=\"https:\/\/legacy.jigsawpuzzel.nl\/pl\/pasjans\/\" \/>\n<meta property=\"og:locale\" content=\"en_US\" \/>\n<meta property=\"og:type\" content=\"article\" \/>\n<meta property=\"og:title\" content=\"Pasjans - Przetestuj swoj\u0105 cierpliwo\u015b\u0107, graj\u0105c w gry Solitaire za darmo\" \/>\n<meta property=\"og:description\" content=\"Zagraj w Solitaire Klondike Classic online za darmo. Je\u015bli nie mo\u017cesz wybra\u0107, w kt\u00f3r\u0105 gr\u0119 zagra\u0107 w letni wiecz\u00f3r, sp\u00f3jrz na nasz\u0105 gr\u0119 w pasjansa\" \/>\n<meta property=\"og:url\" content=\"https:\/\/legacy.jigsawpuzzel.nl\/pl\/pasjans\/\" \/>\n<meta property=\"og:site_name\" content=\"uk\u0142adanka internetowa\" \/>\n<meta property=\"article:modified_time\" content=\"2024-02-07T18:23:03+00:00\" \/>\n<meta name=\"twitter:card\" content=\"summary_large_image\" \/>\n<meta name=\"twitter:label1\" content=\"Est. reading time\" \/>\n\t<meta name=\"twitter:data1\" content=\"2 minutes\" \/>\n<script type=\"application\/ld+json\" class=\"yoast-schema-graph\">{\"@context\":\"https:\/\/schema.org\",\"@graph\":[{\"@type\":\"WebPage\",\"@id\":\"https:\/\/legacy.jigsawpuzzel.nl\/pl\/pasjans\/\",\"url\":\"https:\/\/legacy.jigsawpuzzel.nl\/pl\/pasjans\/\",\"name\":\"Pasjans - Przetestuj swoj\u0105 cierpliwo\u015b\u0107, graj\u0105c w gry Solitaire za darmo\",\"isPartOf\":{\"@id\":\"https:\/\/legacy.jigsawpuzzel.nl\/pl\/#website\"},\"datePublished\":\"2020-06-30T13:43:40+00:00\",\"dateModified\":\"2024-02-07T18:23:03+00:00\",\"description\":\"Zagraj w Solitaire Klondike Classic online za darmo. Je\u015bli nie mo\u017cesz wybra\u0107, w kt\u00f3r\u0105 gr\u0119 zagra\u0107 w letni wiecz\u00f3r, sp\u00f3jrz na nasz\u0105 gr\u0119 w pasjansa\",\"inLanguage\":\"en-US\",\"potentialAction\":[{\"@type\":\"ReadAction\",\"target\":[\"https:\/\/legacy.jigsawpuzzel.nl\/pl\/pasjans\/\"]}]},{\"@type\":\"WebSite\",\"@id\":\"https:\/\/legacy.jigsawpuzzel.nl\/pl\/#website\",\"url\":\"https:\/\/legacy.jigsawpuzzel.nl\/pl\/\",\"name\":\"uk\u0142adanka internetowa\",\"description\":\"puzzle online dla dzieci i doros\u0142ych\",\"potentialAction\":[{\"@type\":\"SearchAction\",\"target\":{\"@type\":\"EntryPoint\",\"urlTemplate\":\"https:\/\/legacy.jigsawpuzzel.nl\/pl\/?s={search_term_string}\"},\"query-input\":{\"@type\":\"PropertyValueSpecification\",\"valueRequired\":true,\"valueName\":\"search_term_string\"}}],\"inLanguage\":\"en-US\"}]}<\/script>\n<!-- \/ Yoast SEO plugin. -->","yoast_head_json":{"title":"Pasjans - Przetestuj swoj\u0105 cierpliwo\u015b\u0107, graj\u0105c w gry Solitaire za darmo","description":"Zagraj w Solitaire Klondike Classic online za darmo. Je\u015bli nie mo\u017cesz wybra\u0107, w kt\u00f3r\u0105 gr\u0119 zagra\u0107 w letni wiecz\u00f3r, sp\u00f3jrz na nasz\u0105 gr\u0119 w pasjansa","robots":{"index":"index","follow":"follow","max-snippet":"max-snippet:-1","max-image-preview":"max-image-preview:large","max-video-preview":"max-video-preview:-1"},"canonical":"https:\/\/legacy.jigsawpuzzel.nl\/pl\/pasjans\/","og_locale":"en_US","og_type":"article","og_title":"Pasjans - Przetestuj swoj\u0105 cierpliwo\u015b\u0107, graj\u0105c w gry Solitaire za darmo","og_description":"Zagraj w Solitaire Klondike Classic online za darmo. Je\u015bli nie mo\u017cesz wybra\u0107, w kt\u00f3r\u0105 gr\u0119 zagra\u0107 w letni wiecz\u00f3r, sp\u00f3jrz na nasz\u0105 gr\u0119 w pasjansa","og_url":"https:\/\/legacy.jigsawpuzzel.nl\/pl\/pasjans\/","og_site_name":"uk\u0142adanka internetowa","article_modified_time":"2024-02-07T18:23:03+00:00","twitter_card":"summary_large_image","twitter_misc":{"Est. reading time":"2 minutes"},"schema":{"@context":"https:\/\/schema.org","@graph":[{"@type":"WebPage","@id":"https:\/\/legacy.jigsawpuzzel.nl\/pl\/pasjans\/","url":"https:\/\/legacy.jigsawpuzzel.nl\/pl\/pasjans\/","name":"Pasjans - Przetestuj swoj\u0105 cierpliwo\u015b\u0107, graj\u0105c w gry Solitaire za darmo","isPartOf":{"@id":"https:\/\/legacy.jigsawpuzzel.nl\/pl\/#website"},"datePublished":"2020-06-30T13:43:40+00:00","dateModified":"2024-02-07T18:23:03+00:00","description":"Zagraj w Solitaire Klondike Classic online za darmo. Je\u015bli nie mo\u017cesz wybra\u0107, w kt\u00f3r\u0105 gr\u0119 zagra\u0107 w letni wiecz\u00f3r, sp\u00f3jrz na nasz\u0105 gr\u0119 w pasjansa","inLanguage":"en-US","potentialAction":[{"@type":"ReadAction","target":["https:\/\/legacy.jigsawpuzzel.nl\/pl\/pasjans\/"]}]},{"@type":"WebSite","@id":"https:\/\/legacy.jigsawpuzzel.nl\/pl\/#website","url":"https:\/\/legacy.jigsawpuzzel.nl\/pl\/","name":"uk\u0142adanka internetowa","description":"puzzle online dla dzieci i doros\u0142ych","potentialAction":[{"@type":"SearchAction","target":{"@type":"EntryPoint","urlTemplate":"https:\/\/legacy.jigsawpuzzel.nl\/pl\/?s={search_term_string}"},"query-input":{"@type":"PropertyValueSpecification","valueRequired":true,"valueName":"search_term_string"}}],"inLanguage":"en-US"}]}},"_links":{"self":[{"href":"https:\/\/legacy.jigsawpuzzel.nl\/pl\/wp-json\/wp\/v2\/pages\/11955","targetHints":{"allow":["GET"]}}],"collection":[{"href":"https:\/\/legacy.jigsawpuzzel.nl\/pl\/wp-json\/wp\/v2\/pages"}],"about":[{"href":"https:\/\/legacy.jigsawpuzzel.nl\/pl\/wp-json\/wp\/v2\/types\/page"}],"author":[{"embeddable":true,"href":"https:\/\/legacy.jigsawpuzzel.nl\/pl\/wp-json\/wp\/v2\/users\/1"}],"replies":[{"embeddable":true,"href":"https:\/\/legacy.jigsawpuzzel.nl\/pl\/wp-json\/wp\/v2\/comments?post=11955"}],"version-history":[{"count":1,"href":"https:\/\/legacy.jigsawpuzzel.nl\/pl\/wp-json\/wp\/v2\/pages\/11955\/revisions"}],"predecessor-version":[{"id":22928,"href":"https:\/\/legacy.jigsawpuzzel.nl\/pl\/wp-json\/wp\/v2\/pages\/11955\/revisions\/22928"}],"wp:attachment":[{"href":"https:\/\/legacy.jigsawpuzzel.nl\/pl\/wp-json\/wp\/v2\/media?parent=11955"}],"curies":[{"name":"wp","href":"https:\/\/api.w.org\/{rel}","templated":true}]}}