{"id":11729,"date":"2020-06-24T18:22:47","date_gmt":"2020-06-24T18:22:47","guid":{"rendered":"https:\/\/onlinejigsawpuzzles.net\/?page_id=11729"},"modified":"2024-02-07T18:23:06","modified_gmt":"2024-02-07T18:23:06","slug":"pasjans-mahjong","status":"publish","type":"page","link":"https:\/\/legacy.jigsawpuzzel.nl\/pl\/pasjans-mahjong\/","title":{"rendered":"Pasjans Mahjong"},"content":{"rendered":"<section class=\"l-section wpb_row us_custom_de4f0477 height_auto width_full\"><div class=\"l-section-h i-cf\"><div class=\"g-cols vc_row via_flex valign_top type_default stacking_default\"><div class=\"vc_col-sm-4\/5 wpb_column vc_column_container\"><div class=\"vc_column-inner\"><div class=\"wpb_wrapper\"><div class=\"wpb_text_column\"><div class=\"wpb_wrapper\"><p><iframe style=\"border: none;\" src=\"http:\/\/www.onlinejigsawpuzzles.net\/game\/mahjong\/\" width=\"100%\" height=\"650px\"> <\/iframe><\/p>\n<\/div><\/div><\/div><\/div><\/div><div class=\"vc_col-sm-1\/5 wpb_column vc_column_container\"><div class=\"vc_column-inner\"><div class=\"wpb_wrapper\">[vc_raw_html]JTNDc2NyaXB0JTIwYXN5bmMlMjBzcmMlM0QlMjJodHRwcyUzQSUyRiUyRnBhZ2VhZDIuZ29vZ2xlc3luZGljYXRpb24uY29tJTJGcGFnZWFkJTJGanMlMkZhZHNieWdvb2dsZS5qcyUyMiUzRSUzQyUyRnNjcmlwdCUzRSUwQSUzQyUyMS0tJTIwc2lkZWJhciUyMC0tJTNFJTBBJTNDaW5zJTIwY2xhc3MlM0QlMjJhZHNieWdvb2dsZSUyMiUyMHN0eWxlJTNEJTIyZGlzcGxheSUzQSUyMGJsb2NrJTNCJTIyJTIwZGF0YS1hZC1jbGllbnQlM0QlMjJjYS1wdWItNTgxNTk5MjExNDg0OTk5NSUyMiUyMGRhdGEtYWQtc2xvdCUzRCUyMjIwMjI1ODIwODUlMjIlMjBkYXRhLWFkLWZvcm1hdCUzRCUyMmF1dG8lMjIlMjBkYXRhLWZ1bGwtd2lkdGgtcmVzcG9uc2l2ZSUzRCUyMnRydWUlMjIlM0UlM0MlMkZpbnMlM0UlMEElM0NzY3JpcHQlM0UlMEElMjAlMjAlMjAlMjAlMjAlMjhhZHNieWdvb2dsZSUyMCUzRCUyMHdpbmRvdy5hZHNieWdvb2dsZSUyMCU3QyU3QyUyMCU1QiU1RCUyOS5wdXNoJTI4JTdCJTdEJTI5JTNCJTBBJTNDJTJGc2NyaXB0JTNF[\/vc_raw_html]<\/div><\/div><\/div><\/div><\/div><\/section><section class=\"l-section wpb_row height_medium\"><div class=\"l-section-h i-cf\"><div class=\"g-cols vc_row via_flex valign_top type_default stacking_default\"><div class=\"vc_col-sm-4\/5 wpb_column vc_column_container\"><div class=\"vc_column-inner\"><div class=\"wpb_wrapper\"><div class=\"wpb_widgetised_column wpb_content_element\"><div class=\"wpb_wrapper\"><h2 class=\"wpb_heading wpb_widgetised_column_heading\">Udost\u0119pnij t\u0119 gr\u0119<\/h2><div id=\"a2a_share_save_widget-2\" class=\"widget widget_a2a_share_save_widget\"><div class=\"a2a_kit a2a_kit_size_32 addtoany_list\"><a class=\"a2a_button_facebook\" href=\"https:\/\/www.addtoany.com\/add_to\/facebook?linkurl=https%3A%2F%2Flegacy.jigsawpuzzel.nl%2Fpl%2Fpl%2Fwp-json%2Fwp%2Fv2%2Fpages%2F11729&amp;linkname=uk%C5%82adanka%20internetowa\" title=\"Facebook\" rel=\"nofollow noopener\" target=\"_blank\"><\/a><a class=\"a2a_button_twitter\" href=\"https:\/\/www.addtoany.com\/add_to\/twitter?linkurl=https%3A%2F%2Flegacy.jigsawpuzzel.nl%2Fpl%2Fpl%2Fwp-json%2Fwp%2Fv2%2Fpages%2F11729&amp;linkname=uk%C5%82adanka%20internetowa\" title=\"Twitter\" rel=\"nofollow noopener\" target=\"_blank\"><\/a><a class=\"a2a_button_pinterest\" href=\"https:\/\/www.addtoany.com\/add_to\/pinterest?linkurl=https%3A%2F%2Flegacy.jigsawpuzzel.nl%2Fpl%2Fpl%2Fwp-json%2Fwp%2Fv2%2Fpages%2F11729&amp;linkname=uk%C5%82adanka%20internetowa\" title=\"Pinterest\" rel=\"nofollow noopener\" target=\"_blank\"><\/a><a class=\"a2a_button_whatsapp\" href=\"https:\/\/www.addtoany.com\/add_to\/whatsapp?linkurl=https%3A%2F%2Flegacy.jigsawpuzzel.nl%2Fpl%2Fpl%2Fwp-json%2Fwp%2Fv2%2Fpages%2F11729&amp;linkname=uk%C5%82adanka%20internetowa\" title=\"WhatsApp\" rel=\"nofollow noopener\" target=\"_blank\"><\/a><a class=\"a2a_button_email\" href=\"https:\/\/www.addtoany.com\/add_to\/email?linkurl=https%3A%2F%2Flegacy.jigsawpuzzel.nl%2Fpl%2Fpl%2Fwp-json%2Fwp%2Fv2%2Fpages%2F11729&amp;linkname=uk%C5%82adanka%20internetowa\" title=\"Email\" rel=\"nofollow noopener\" target=\"_blank\"><\/a><\/div><\/div><\/div><\/div><div class=\"wpb_text_column us_custom_0f8f44b7\"><div class=\"wpb_wrapper\"><h1>Pasjans Mahjong<\/h1>\n<p>144 p\u0142ytki u\u0142o\u017cone s\u0105 w specjalnym czterowarstwowym wzorze, twarz\u0105 do g\u00f3ry. M\u00f3wi si\u0119, \u017ce p\u0142yta jest otwarta lub ods\u0142oni\u0119ta, je\u015bli mo\u017cna j\u0105 wywo\u0142a\u0107 w lewo lub w prawo, nie zak\u0142\u00f3caj\u0105c innych urz\u0105dze\u0144. Celem s\u0105 wyloty par identycznych i usuwanie ich z planszy, ods\u0142anianie do gniazd znajduj\u0105cych si\u0119 pod nimi. Gra ko\u0144czy si\u0119, gdy wszystkie pary zostan\u0105 usuni\u0119te z planu lub gdy nie nast\u0105pi to ju\u017c wcze\u015bniej.<\/p>\n<\/div><\/div><\/div><\/div><\/div><div class=\"vc_col-sm-1\/5 wpb_column vc_column_container\"><div class=\"vc_column-inner\"><div class=\"wpb_wrapper\"><\/div><\/div><\/div><\/div><\/div><\/section>\n","protected":false},"excerpt":{"rendered":"[vc_raw_html]JTNDc2NyaXB0JTIwYXN5bmMlMjBzcmMlM0QlMjJodHRwcyUzQSUyRiUyRnBhZ2VhZDIuZ29vZ2xlc3luZGljYXRpb24uY29tJTJGcGFnZWFkJTJGanMlMkZhZHNieWdvb2dsZS5qcyUyMiUzRSUzQyUyRnNjcmlwdCUzRSUwQSUzQyUyMS0tJTIwc2lkZWJhciUyMC0tJTNFJTBBJTNDaW5zJTIwY2xhc3MlM0QlMjJhZHNieWdvb2dsZSUyMiUyMHN0eWxlJTNEJTIyZGlzcGxheSUzQSUyMGJsb2NrJTNCJTIyJTIwZGF0YS1hZC1jbGllbnQlM0QlMjJjYS1wdWItNTgxNTk5MjExNDg0OTk5NSUyMiUyMGRhdGEtYWQtc2xvdCUzRCUyMjIwMjI1ODIwODUlMjIlMjBkYXRhLWFkLWZvcm1hdCUzRCUyMmF1dG8lMjIlMjBkYXRhLWZ1bGwtd2lkdGgtcmVzcG9uc2l2ZSUzRCUyMnRydWUlMjIlM0UlM0MlMkZpbnMlM0UlMEElM0NzY3JpcHQlM0UlMEElMjAlMjAlMjAlMjAlMjAlMjhhZHNieWdvb2dsZSUyMCUzRCUyMHdpbmRvdy5hZHNieWdvb2dsZSUyMCU3QyU3QyUyMCU1QiU1RCUyOS5wdXNoJTI4JTdCJTdEJTI5JTNCJTBBJTNDJTJGc2NyaXB0JTNF[\/vc_raw_html]Udost\u0119pnij t\u0119 gr\u0119 Pasjans Mahjong 144 p\u0142ytki u\u0142o\u017cone s\u0105 w specjalnym czterowarstwowym wzorze, twarz\u0105 do g\u00f3ry. M\u00f3wi si\u0119, \u017ce p\u0142yta jest otwarta lub ods\u0142oni\u0119ta, je\u015bli mo\u017cna j\u0105 wywo\u0142a\u0107 w lewo lub w prawo, nie zak\u0142\u00f3caj\u0105c innych urz\u0105dze\u0144. Celem s\u0105 wyloty par identycznych i usuwanie ich z planszy, ods\u0142anianie do gniazd znajduj\u0105cych si\u0119 pod nimi. Gra...","protected":false},"author":1,"featured_media":11783,"parent":0,"menu_order":0,"comment_status":"closed","ping_status":"closed","template":"","meta":{"_acf_changed":false,"footnotes":""},"class_list":["post-11729","page","type-page","status-publish","has-post-thumbnail","hentry"],"acf":[],"yoast_head":"<!-- This site is optimized with the Yoast SEO plugin v26.6 - https:\/\/yoast.com\/wordpress\/plugins\/seo\/ -->\n<title>Pasjans Mahjong - uk\u0142adanka internetowa<\/title>\n<meta name=\"robots\" content=\"index, follow, max-snippet:-1, max-image-preview:large, max-video-preview:-1\" \/>\n<link rel=\"canonical\" href=\"https:\/\/legacy.jigsawpuzzel.nl\/pl\/pasjans-mahjong\/\" \/>\n<meta property=\"og:locale\" content=\"en_US\" \/>\n<meta property=\"og:type\" content=\"article\" \/>\n<meta property=\"og:title\" content=\"Pasjans Mahjong - uk\u0142adanka internetowa\" \/>\n<meta property=\"og:url\" content=\"https:\/\/legacy.jigsawpuzzel.nl\/pl\/pasjans-mahjong\/\" \/>\n<meta property=\"og:site_name\" content=\"uk\u0142adanka internetowa\" \/>\n<meta property=\"article:modified_time\" content=\"2024-02-07T18:23:06+00:00\" \/>\n<meta property=\"og:image\" content=\"https:\/\/legacy.jigsawpuzzel.nl\/pl\/wp-content\/uploads\/2020\/06\/Mahjong-Solitaire.jpg\" \/>\n\t<meta property=\"og:image:width\" content=\"600\" \/>\n\t<meta property=\"og:image:height\" content=\"400\" \/>\n\t<meta property=\"og:image:type\" content=\"image\/jpeg\" \/>\n<meta name=\"twitter:card\" content=\"summary_large_image\" \/>\n<meta name=\"twitter:label1\" content=\"Est. reading time\" \/>\n\t<meta name=\"twitter:data1\" content=\"1 minute\" \/>\n<script type=\"application\/ld+json\" class=\"yoast-schema-graph\">{\"@context\":\"https:\/\/schema.org\",\"@graph\":[{\"@type\":\"WebPage\",\"@id\":\"https:\/\/legacy.jigsawpuzzel.nl\/pl\/pasjans-mahjong\/\",\"url\":\"https:\/\/legacy.jigsawpuzzel.nl\/pl\/pasjans-mahjong\/\",\"name\":\"Pasjans Mahjong - uk\u0142adanka internetowa\",\"isPartOf\":{\"@id\":\"https:\/\/legacy.jigsawpuzzel.nl\/pl\/#website\"},\"primaryImageOfPage\":{\"@id\":\"https:\/\/legacy.jigsawpuzzel.nl\/pl\/pasjans-mahjong\/#primaryimage\"},\"image\":{\"@id\":\"https:\/\/legacy.jigsawpuzzel.nl\/pl\/pasjans-mahjong\/#primaryimage\"},\"thumbnailUrl\":\"https:\/\/legacy.jigsawpuzzel.nl\/pl\/wp-content\/uploads\/2020\/06\/Mahjong-Solitaire.jpg\",\"datePublished\":\"2020-06-24T18:22:47+00:00\",\"dateModified\":\"2024-02-07T18:23:06+00:00\",\"inLanguage\":\"en-US\",\"potentialAction\":[{\"@type\":\"ReadAction\",\"target\":[\"https:\/\/legacy.jigsawpuzzel.nl\/pl\/pasjans-mahjong\/\"]}]},{\"@type\":\"ImageObject\",\"inLanguage\":\"en-US\",\"@id\":\"https:\/\/legacy.jigsawpuzzel.nl\/pl\/pasjans-mahjong\/#primaryimage\",\"url\":\"https:\/\/legacy.jigsawpuzzel.nl\/pl\/wp-content\/uploads\/2020\/06\/Mahjong-Solitaire.jpg\",\"contentUrl\":\"https:\/\/legacy.jigsawpuzzel.nl\/pl\/wp-content\/uploads\/2020\/06\/Mahjong-Solitaire.jpg\",\"width\":600,\"height\":400,\"caption\":\"Mahjong Solitaire\"},{\"@type\":\"WebSite\",\"@id\":\"https:\/\/legacy.jigsawpuzzel.nl\/pl\/#website\",\"url\":\"https:\/\/legacy.jigsawpuzzel.nl\/pl\/\",\"name\":\"uk\u0142adanka internetowa\",\"description\":\"puzzle online dla dzieci i doros\u0142ych\",\"potentialAction\":[{\"@type\":\"SearchAction\",\"target\":{\"@type\":\"EntryPoint\",\"urlTemplate\":\"https:\/\/legacy.jigsawpuzzel.nl\/pl\/?s={search_term_string}\"},\"query-input\":{\"@type\":\"PropertyValueSpecification\",\"valueRequired\":true,\"valueName\":\"search_term_string\"}}],\"inLanguage\":\"en-US\"}]}<\/script>\n<!-- \/ Yoast SEO plugin. -->","yoast_head_json":{"title":"Pasjans Mahjong - uk\u0142adanka internetowa","robots":{"index":"index","follow":"follow","max-snippet":"max-snippet:-1","max-image-preview":"max-image-preview:large","max-video-preview":"max-video-preview:-1"},"canonical":"https:\/\/legacy.jigsawpuzzel.nl\/pl\/pasjans-mahjong\/","og_locale":"en_US","og_type":"article","og_title":"Pasjans Mahjong - uk\u0142adanka internetowa","og_url":"https:\/\/legacy.jigsawpuzzel.nl\/pl\/pasjans-mahjong\/","og_site_name":"uk\u0142adanka internetowa","article_modified_time":"2024-02-07T18:23:06+00:00","og_image":[{"width":600,"height":400,"url":"https:\/\/legacy.jigsawpuzzel.nl\/pl\/wp-content\/uploads\/2020\/06\/Mahjong-Solitaire.jpg","type":"image\/jpeg"}],"twitter_card":"summary_large_image","twitter_misc":{"Est. reading time":"1 minute"},"schema":{"@context":"https:\/\/schema.org","@graph":[{"@type":"WebPage","@id":"https:\/\/legacy.jigsawpuzzel.nl\/pl\/pasjans-mahjong\/","url":"https:\/\/legacy.jigsawpuzzel.nl\/pl\/pasjans-mahjong\/","name":"Pasjans Mahjong - uk\u0142adanka internetowa","isPartOf":{"@id":"https:\/\/legacy.jigsawpuzzel.nl\/pl\/#website"},"primaryImageOfPage":{"@id":"https:\/\/legacy.jigsawpuzzel.nl\/pl\/pasjans-mahjong\/#primaryimage"},"image":{"@id":"https:\/\/legacy.jigsawpuzzel.nl\/pl\/pasjans-mahjong\/#primaryimage"},"thumbnailUrl":"https:\/\/legacy.jigsawpuzzel.nl\/pl\/wp-content\/uploads\/2020\/06\/Mahjong-Solitaire.jpg","datePublished":"2020-06-24T18:22:47+00:00","dateModified":"2024-02-07T18:23:06+00:00","inLanguage":"en-US","potentialAction":[{"@type":"ReadAction","target":["https:\/\/legacy.jigsawpuzzel.nl\/pl\/pasjans-mahjong\/"]}]},{"@type":"ImageObject","inLanguage":"en-US","@id":"https:\/\/legacy.jigsawpuzzel.nl\/pl\/pasjans-mahjong\/#primaryimage","url":"https:\/\/legacy.jigsawpuzzel.nl\/pl\/wp-content\/uploads\/2020\/06\/Mahjong-Solitaire.jpg","contentUrl":"https:\/\/legacy.jigsawpuzzel.nl\/pl\/wp-content\/uploads\/2020\/06\/Mahjong-Solitaire.jpg","width":600,"height":400,"caption":"Mahjong Solitaire"},{"@type":"WebSite","@id":"https:\/\/legacy.jigsawpuzzel.nl\/pl\/#website","url":"https:\/\/legacy.jigsawpuzzel.nl\/pl\/","name":"uk\u0142adanka internetowa","description":"puzzle online dla dzieci i doros\u0142ych","potentialAction":[{"@type":"SearchAction","target":{"@type":"EntryPoint","urlTemplate":"https:\/\/legacy.jigsawpuzzel.nl\/pl\/?s={search_term_string}"},"query-input":{"@type":"PropertyValueSpecification","valueRequired":true,"valueName":"search_term_string"}}],"inLanguage":"en-US"}]}},"_links":{"self":[{"href":"https:\/\/legacy.jigsawpuzzel.nl\/pl\/wp-json\/wp\/v2\/pages\/11729","targetHints":{"allow":["GET"]}}],"collection":[{"href":"https:\/\/legacy.jigsawpuzzel.nl\/pl\/wp-json\/wp\/v2\/pages"}],"about":[{"href":"https:\/\/legacy.jigsawpuzzel.nl\/pl\/wp-json\/wp\/v2\/types\/page"}],"author":[{"embeddable":true,"href":"https:\/\/legacy.jigsawpuzzel.nl\/pl\/wp-json\/wp\/v2\/users\/1"}],"replies":[{"embeddable":true,"href":"https:\/\/legacy.jigsawpuzzel.nl\/pl\/wp-json\/wp\/v2\/comments?post=11729"}],"version-history":[{"count":2,"href":"https:\/\/legacy.jigsawpuzzel.nl\/pl\/wp-json\/wp\/v2\/pages\/11729\/revisions"}],"predecessor-version":[{"id":22930,"href":"https:\/\/legacy.jigsawpuzzel.nl\/pl\/wp-json\/wp\/v2\/pages\/11729\/revisions\/22930"}],"wp:featuredmedia":[{"embeddable":true,"href":"https:\/\/legacy.jigsawpuzzel.nl\/pl\/wp-json\/wp\/v2\/media\/11783"}],"wp:attachment":[{"href":"https:\/\/legacy.jigsawpuzzel.nl\/pl\/wp-json\/wp\/v2\/media?parent=11729"}],"curies":[{"name":"wp","href":"https:\/\/api.w.org\/{rel}","templated":true}]}}