{"id":11011,"date":"2020-05-13T10:05:40","date_gmt":"2020-05-13T10:05:40","guid":{"rendered":"https:\/\/onlinejigsawpuzzles.net\/?page_id=11011"},"modified":"2024-02-07T18:20:33","modified_gmt":"2024-02-07T18:20:33","slug":"wszystkie-puzzle","status":"publish","type":"page","link":"https:\/\/legacy.jigsawpuzzel.nl\/pl\/wszystkie-puzzle\/","title":{"rendered":"Wszystkie puzzle"},"content":{"rendered":"<section class=\"l-section wpb_row height_medium\"><div class=\"l-section-h i-cf\"><div class=\"g-cols vc_row via_flex valign_top type_default stacking_default\"><div class=\"vc_col-sm-12 wpb_column vc_column_container\"><div class=\"vc_column-inner\"><div class=\"wpb_wrapper\"><div class=\"wpb_text_column\"><div class=\"wpb_wrapper\"><h1>Wszystkie puzzle &#8211; Puzzle online<\/h1>\n<p>Ta strona onlinejigsawpuzzles.net oferuje darmowe puzzle online. Wygenerowali\u015bmy puzzle z pi\u0119knymi zdj\u0119ciami w wielu r\u00f3\u017cnych kategoriach. Mo\u017cesz wybra\u0107 puzzle z galerii zawieraj\u0105cej 48 element\u00f3w, ale mo\u017cesz tak\u017ce wybra\u0107 poziom trudno\u015bci z wi\u0119ksz\u0105 lub mniejsz\u0105 liczb\u0105 element\u00f3w. Korzystaj z tej witryny dzi\u0119ki darmowym codziennym \u0142amig\u0142\u00f3wkom.<\/p>\n<\/div><\/div><div class=\"w-separator size_small\"><\/div><div class=\"g-cols wpb_row via_flex valign_top type_default stacking_default\"><div class=\"vc_col-sm-12 wpb_column vc_column_container pp\"><div class=\"vc_column-inner\"><div class=\"wpb_wrapper\"><div class=\"w-grid type_grid layout_8862 cols_3 pagination_regular\" id=\"us_grid_1\" style=\"--gap:1.5rem;\" data-filterable=\"true\"><style>@media (max-width:1449px){#us_grid_1 .w-grid-item{width:50%}}@media (max-width:1024px){#us_grid_1 .w-grid-item{width:50%}}@media (max-width:600px){#us_grid_1 .w-grid-list{margin:0}#us_grid_1 .w-grid-item{width:100%;padding:0;margin-bottom:var(--gap,0px)}}.layout_8862 .w-grid-item-h{}.layout_8862 .usg_post_image_1{text-transform:none!important;height:200px!important;max-height:200px!important;min-height:200px!important}.layout_8862 .usg_post_title_1{font-size:1rem!important;font-family:var(--font-family)!important;font-weight:500!important;text-transform:none!important;margin-left:6px!important;margin-top:6px!important}.layout_8862 .usg_post_date_1{font-size:14px!important;margin-left:6px!important;margin-top:4px!important}<\/style><div class=\"w-grid-list\">\t<article class=\"w-grid-item size_1x1 post-8848 puzzles type-puzzles status-publish has-post-thumbnail hentry puzzle_type-zwierzat\" data-id=\"8848\">\r\n\t\t<div class=\"w-grid-item-h\">\r\n\t\t\t\t\t\t\t<a href=\"https:\/\/legacy.jigsawpuzzel.nl\/pl\/puzzles\/tygrys\/\" class=\"w-grid-item-anchor\" aria-label=\"Uk\u0142adanka tygrysia\"><\/a>\r\n\t\t\t\t\t\t<div class=\"w-post-elm post_image usg_post_image_1 has_height\"><a href=\"https:\/\/legacy.jigsawpuzzel.nl\/pl\/puzzles\/tygrys\/\" aria-label=\"Uk\u0142adanka tygrysia\"><img decoding=\"async\" width=\"520\" height=\"329\" src=\"https:\/\/legacy.jigsawpuzzel.nl\/pl\/wp-content\/uploads\/2019\/10\/tijger_k.jpg\" class=\"attachment-full size-full wp-post-image\" alt=\"tiger jigsaw\" srcset=\"https:\/\/legacy.jigsawpuzzel.nl\/pl\/wp-content\/uploads\/2019\/10\/tijger_k.jpg 520w, https:\/\/legacy.jigsawpuzzel.nl\/pl\/wp-content\/uploads\/2019\/10\/tijger_k-300x190.jpg 300w\" sizes=\"(max-width: 520px) 100vw, 520px\" \/><\/a><\/div><p class=\"w-post-elm post_title usg_post_title_1 entry-title color_link_inherit\"><a href=\"https:\/\/legacy.jigsawpuzzel.nl\/pl\/puzzles\/tygrys\/\">Uk\u0142adanka tygrysia<\/a><\/p><time class=\"w-post-elm post_date usg_post_date_1 entry-date published\" datetime=\"2019-10-13T09:57:30+00:00\">October 13, 2019<\/time>\t\t<\/div>\r\n\t\t\t<\/article>\r\n\t<article class=\"w-grid-item size_1x1 post-8855 puzzles type-puzzles status-publish has-post-thumbnail hentry puzzle_type-natura\" data-id=\"8855\">\r\n\t\t<div class=\"w-grid-item-h\">\r\n\t\t\t\t\t\t\t<a href=\"https:\/\/legacy.jigsawpuzzel.nl\/pl\/puzzles\/groene-heuvels-legpuzzel\/\" class=\"w-grid-item-anchor\" aria-label=\"Uk\u0142adanka Zielone Wzg\u00f3rze\"><\/a>\r\n\t\t\t\t\t\t<div class=\"w-post-elm post_image usg_post_image_1 has_height\"><a href=\"https:\/\/legacy.jigsawpuzzel.nl\/pl\/puzzles\/groene-heuvels-legpuzzel\/\" aria-label=\"Uk\u0142adanka Zielone Wzg\u00f3rze\"><img decoding=\"async\" width=\"520\" height=\"329\" src=\"https:\/\/legacy.jigsawpuzzel.nl\/pl\/wp-content\/uploads\/2019\/10\/groene_heuvels_k.jpg\" class=\"attachment-full size-full wp-post-image\" alt=\"groene heuvels\" srcset=\"https:\/\/legacy.jigsawpuzzel.nl\/pl\/wp-content\/uploads\/2019\/10\/groene_heuvels_k.jpg 520w, https:\/\/legacy.jigsawpuzzel.nl\/pl\/wp-content\/uploads\/2019\/10\/groene_heuvels_k-300x190.jpg 300w\" sizes=\"(max-width: 520px) 100vw, 520px\" \/><\/a><\/div><p class=\"w-post-elm post_title usg_post_title_1 entry-title color_link_inherit\"><a href=\"https:\/\/legacy.jigsawpuzzel.nl\/pl\/puzzles\/groene-heuvels-legpuzzel\/\">Uk\u0142adanka Zielone Wzg\u00f3rze<\/a><\/p><time class=\"w-post-elm post_date usg_post_date_1 entry-date published\" datetime=\"2019-10-13T10:49:55+00:00\">October 13, 2019<\/time>\t\t<\/div>\r\n\t\t\t<\/article>\r\n\t<article class=\"w-grid-item size_1x1 post-8857 puzzles type-puzzles status-publish has-post-thumbnail hentry puzzle_type-natura\" data-id=\"8857\">\r\n\t\t<div class=\"w-grid-item-h\">\r\n\t\t\t\t\t\t\t<a href=\"https:\/\/legacy.jigsawpuzzel.nl\/pl\/puzzles\/bergen-met-bewolking-legpuzzel\/\" class=\"w-grid-item-anchor\" aria-label=\"Zielone pole z g\u00f3rami\"><\/a>\r\n\t\t\t\t\t\t<div class=\"w-post-elm post_image usg_post_image_1 has_height\"><a href=\"https:\/\/legacy.jigsawpuzzel.nl\/pl\/puzzles\/bergen-met-bewolking-legpuzzel\/\" aria-label=\"Zielone pole z g\u00f3rami\"><img decoding=\"async\" width=\"520\" height=\"329\" src=\"https:\/\/legacy.jigsawpuzzel.nl\/pl\/wp-content\/uploads\/2019\/10\/bergen_met_bewolking_k.jpg\" class=\"attachment-full size-full wp-post-image\" alt=\"bergen met bewolking\" srcset=\"https:\/\/legacy.jigsawpuzzel.nl\/pl\/wp-content\/uploads\/2019\/10\/bergen_met_bewolking_k.jpg 520w, https:\/\/legacy.jigsawpuzzel.nl\/pl\/wp-content\/uploads\/2019\/10\/bergen_met_bewolking_k-300x190.jpg 300w\" sizes=\"(max-width: 520px) 100vw, 520px\" \/><\/a><\/div><p class=\"w-post-elm post_title usg_post_title_1 entry-title color_link_inherit\"><a href=\"https:\/\/legacy.jigsawpuzzel.nl\/pl\/puzzles\/bergen-met-bewolking-legpuzzel\/\">Zielone pole z g\u00f3rami<\/a><\/p><time class=\"w-post-elm post_date usg_post_date_1 entry-date published\" datetime=\"2019-10-13T10:57:23+00:00\">October 13, 2019<\/time>\t\t<\/div>\r\n\t\t\t<\/article>\r\n\t<article class=\"w-grid-item size_1x1 post-8872 puzzles type-puzzles status-publish has-post-thumbnail hentry puzzle_type-samochody\" data-id=\"8872\">\r\n\t\t<div class=\"w-grid-item-h\">\r\n\t\t\t\t\t\t\t<a href=\"https:\/\/legacy.jigsawpuzzel.nl\/pl\/puzzles\/bialy-honda-suv\/\" class=\"w-grid-item-anchor\" aria-label=\"Bia\u0142y SUV Hondy\"><\/a>\r\n\t\t\t\t\t\t<div class=\"w-post-elm post_image usg_post_image_1 has_height\"><a href=\"https:\/\/legacy.jigsawpuzzel.nl\/pl\/puzzles\/bialy-honda-suv\/\" aria-label=\"Bia\u0142y SUV Hondy\"><img decoding=\"async\" width=\"520\" height=\"329\" src=\"https:\/\/legacy.jigsawpuzzel.nl\/pl\/wp-content\/uploads\/2019\/10\/witte-honda-suv_k.jpg\" class=\"attachment-full size-full wp-post-image\" alt=\"witte-honda-suv\" srcset=\"https:\/\/legacy.jigsawpuzzel.nl\/pl\/wp-content\/uploads\/2019\/10\/witte-honda-suv_k.jpg 520w, https:\/\/legacy.jigsawpuzzel.nl\/pl\/wp-content\/uploads\/2019\/10\/witte-honda-suv_k-300x190.jpg 300w\" sizes=\"(max-width: 520px) 100vw, 520px\" \/><\/a><\/div><p class=\"w-post-elm post_title usg_post_title_1 entry-title color_link_inherit\"><a href=\"https:\/\/legacy.jigsawpuzzel.nl\/pl\/puzzles\/bialy-honda-suv\/\">Bia\u0142y SUV Hondy<\/a><\/p><time class=\"w-post-elm post_date usg_post_date_1 entry-date published\" datetime=\"2019-10-13T14:56:19+00:00\">October 13, 2019<\/time>\t\t<\/div>\r\n\t\t\t<\/article>\r\n\t<article class=\"w-grid-item size_1x1 post-8874 puzzles type-puzzles status-publish has-post-thumbnail hentry puzzle_type-samochody\" data-id=\"8874\">\r\n\t\t<div class=\"w-grid-item-h\">\r\n\t\t\t\t\t\t\t<a href=\"https:\/\/legacy.jigsawpuzzel.nl\/pl\/puzzles\/ukladanka-lamborghini-samochod-sportowy\/\" class=\"w-grid-item-anchor\" aria-label=\"Uk\u0142adanka Lamborghini Sportcar\"><\/a>\r\n\t\t\t\t\t\t<div class=\"w-post-elm post_image usg_post_image_1 has_height\"><a href=\"https:\/\/legacy.jigsawpuzzel.nl\/pl\/puzzles\/ukladanka-lamborghini-samochod-sportowy\/\" aria-label=\"Uk\u0142adanka Lamborghini Sportcar\"><img decoding=\"async\" width=\"520\" height=\"329\" src=\"https:\/\/legacy.jigsawpuzzel.nl\/pl\/wp-content\/uploads\/2019\/10\/gele_sportauto.jpg\" class=\"attachment-full size-full wp-post-image\" alt=\"gele sportauto\" srcset=\"https:\/\/legacy.jigsawpuzzel.nl\/pl\/wp-content\/uploads\/2019\/10\/gele_sportauto.jpg 520w, https:\/\/legacy.jigsawpuzzel.nl\/pl\/wp-content\/uploads\/2019\/10\/gele_sportauto-300x190.jpg 300w\" sizes=\"(max-width: 520px) 100vw, 520px\" \/><\/a><\/div><p class=\"w-post-elm post_title usg_post_title_1 entry-title color_link_inherit\"><a href=\"https:\/\/legacy.jigsawpuzzel.nl\/pl\/puzzles\/ukladanka-lamborghini-samochod-sportowy\/\">Uk\u0142adanka Lamborghini Sportcar<\/a><\/p><time class=\"w-post-elm post_date usg_post_date_1 entry-date published\" datetime=\"2019-10-13T14:57:53+00:00\">October 13, 2019<\/time>\t\t<\/div>\r\n\t\t\t<\/article>\r\n\t<article class=\"w-grid-item size_1x1 post-8876 puzzles type-puzzles status-publish has-post-thumbnail hentry puzzle_type-zwierzat\" data-id=\"8876\">\r\n\t\t<div class=\"w-grid-item-h\">\r\n\t\t\t\t\t\t\t<a href=\"https:\/\/legacy.jigsawpuzzel.nl\/pl\/puzzles\/ukladanka-zyrafy\/\" class=\"w-grid-item-anchor\" aria-label=\"Uk\u0142adanka \u017cyrafy\"><\/a>\r\n\t\t\t\t\t\t<div class=\"w-post-elm post_image usg_post_image_1 has_height\"><a href=\"https:\/\/legacy.jigsawpuzzel.nl\/pl\/puzzles\/ukladanka-zyrafy\/\" aria-label=\"Uk\u0142adanka \u017cyrafy\"><img decoding=\"async\" width=\"520\" height=\"329\" src=\"https:\/\/legacy.jigsawpuzzel.nl\/pl\/wp-content\/uploads\/2019\/10\/chiraffen_k.jpg\" class=\"attachment-full size-full wp-post-image\" alt=\"chiraffen\" srcset=\"https:\/\/legacy.jigsawpuzzel.nl\/pl\/wp-content\/uploads\/2019\/10\/chiraffen_k.jpg 520w, https:\/\/legacy.jigsawpuzzel.nl\/pl\/wp-content\/uploads\/2019\/10\/chiraffen_k-300x190.jpg 300w\" sizes=\"(max-width: 520px) 100vw, 520px\" \/><\/a><\/div><p class=\"w-post-elm post_title usg_post_title_1 entry-title color_link_inherit\"><a href=\"https:\/\/legacy.jigsawpuzzel.nl\/pl\/puzzles\/ukladanka-zyrafy\/\">Uk\u0142adanka \u017cyrafy<\/a><\/p><time class=\"w-post-elm post_date usg_post_date_1 entry-date published\" datetime=\"2019-10-13T15:01:34+00:00\">October 13, 2019<\/time>\t\t<\/div>\r\n\t\t\t<\/article>\r\n\t<article class=\"w-grid-item size_1x1 post-8931 puzzles type-puzzles status-publish has-post-thumbnail hentry puzzle_type-zwierzat\" data-id=\"8931\">\r\n\t\t<div class=\"w-grid-item-h\">\r\n\t\t\t\t\t\t\t<a href=\"https:\/\/legacy.jigsawpuzzel.nl\/pl\/puzzles\/puzzle-wielblady\/\" class=\"w-grid-item-anchor\" aria-label=\"Puzzle z wielb\u0142\u0105dami\"><\/a>\r\n\t\t\t\t\t\t<div class=\"w-post-elm post_image usg_post_image_1 has_height\"><a href=\"https:\/\/legacy.jigsawpuzzel.nl\/pl\/puzzles\/puzzle-wielblady\/\" aria-label=\"Puzzle z wielb\u0142\u0105dami\"><img decoding=\"async\" width=\"520\" height=\"329\" src=\"https:\/\/legacy.jigsawpuzzel.nl\/pl\/wp-content\/uploads\/2019\/10\/camels.jpg\" class=\"attachment-full size-full wp-post-image\" alt=\"close up photo of two brown camels in front body of water\" srcset=\"https:\/\/legacy.jigsawpuzzel.nl\/pl\/wp-content\/uploads\/2019\/10\/camels.jpg 520w, https:\/\/legacy.jigsawpuzzel.nl\/pl\/wp-content\/uploads\/2019\/10\/camels-300x190.jpg 300w\" sizes=\"(max-width: 520px) 100vw, 520px\" \/><\/a><\/div><p class=\"w-post-elm post_title usg_post_title_1 entry-title color_link_inherit\"><a href=\"https:\/\/legacy.jigsawpuzzel.nl\/pl\/puzzles\/puzzle-wielblady\/\">Puzzle z wielb\u0142\u0105dami<\/a><\/p><time class=\"w-post-elm post_date usg_post_date_1 entry-date published\" datetime=\"2019-10-16T14:39:00+00:00\">October 16, 2019<\/time>\t\t<\/div>\r\n\t\t\t<\/article>\r\n\t<article class=\"w-grid-item size_1x1 post-8984 puzzles type-puzzles status-publish has-post-thumbnail hentry puzzle_type-zwierzat\" data-id=\"8984\">\r\n\t\t<div class=\"w-grid-item-h\">\r\n\t\t\t\t\t\t\t<a href=\"https:\/\/legacy.jigsawpuzzel.nl\/pl\/puzzles\/puzzle-koala\/\" class=\"w-grid-item-anchor\" aria-label=\"Puzzle z Koal\u0105\"><\/a>\r\n\t\t\t\t\t\t<div class=\"w-post-elm post_image usg_post_image_1 has_height\"><a href=\"https:\/\/legacy.jigsawpuzzel.nl\/pl\/puzzles\/puzzle-koala\/\" aria-label=\"Puzzle z Koal\u0105\"><img decoding=\"async\" width=\"520\" height=\"329\" src=\"https:\/\/legacy.jigsawpuzzel.nl\/pl\/wp-content\/uploads\/2019\/10\/koala.jpg\" class=\"attachment-full size-full wp-post-image\" alt=\"koala\" srcset=\"https:\/\/legacy.jigsawpuzzel.nl\/pl\/wp-content\/uploads\/2019\/10\/koala.jpg 520w, https:\/\/legacy.jigsawpuzzel.nl\/pl\/wp-content\/uploads\/2019\/10\/koala-300x190.jpg 300w\" sizes=\"(max-width: 520px) 100vw, 520px\" \/><\/a><\/div><p class=\"w-post-elm post_title usg_post_title_1 entry-title color_link_inherit\"><a href=\"https:\/\/legacy.jigsawpuzzel.nl\/pl\/puzzles\/puzzle-koala\/\">Puzzle z Koal\u0105<\/a><\/p><time class=\"w-post-elm post_date usg_post_date_1 entry-date published\" datetime=\"2019-10-17T10:29:50+00:00\">October 17, 2019<\/time>\t\t<\/div>\r\n\t\t\t<\/article>\r\n\t<article class=\"w-grid-item size_1x1 post-8986 puzzles type-puzzles status-publish has-post-thumbnail hentry puzzle_type-psy puzzle_type-zwierzat\" data-id=\"8986\">\r\n\t\t<div class=\"w-grid-item-h\">\r\n\t\t\t\t\t\t\t<a href=\"https:\/\/legacy.jigsawpuzzel.nl\/pl\/puzzles\/ukladanka-happy-dogs\/\" class=\"w-grid-item-anchor\" aria-label=\"Uk\u0142adanka Weso\u0142ych Ps\u00f3w\"><\/a>\r\n\t\t\t\t\t\t<div class=\"w-post-elm post_image usg_post_image_1 has_height\"><a href=\"https:\/\/legacy.jigsawpuzzel.nl\/pl\/puzzles\/ukladanka-happy-dogs\/\" aria-label=\"Uk\u0142adanka Weso\u0142ych Ps\u00f3w\"><img decoding=\"async\" width=\"520\" height=\"329\" src=\"https:\/\/legacy.jigsawpuzzel.nl\/pl\/wp-content\/uploads\/2019\/10\/dogs-happy.jpg\" class=\"attachment-full size-full wp-post-image\" alt=\"dogs jigsaw puzzle\" srcset=\"https:\/\/legacy.jigsawpuzzel.nl\/pl\/wp-content\/uploads\/2019\/10\/dogs-happy.jpg 520w, https:\/\/legacy.jigsawpuzzel.nl\/pl\/wp-content\/uploads\/2019\/10\/dogs-happy-300x190.jpg 300w\" sizes=\"(max-width: 520px) 100vw, 520px\" \/><\/a><\/div><p class=\"w-post-elm post_title usg_post_title_1 entry-title color_link_inherit\"><a href=\"https:\/\/legacy.jigsawpuzzel.nl\/pl\/puzzles\/ukladanka-happy-dogs\/\">Uk\u0142adanka Weso\u0142ych Ps\u00f3w<\/a><\/p><time class=\"w-post-elm post_date usg_post_date_1 entry-date published\" datetime=\"2019-10-17T10:33:15+00:00\">October 17, 2019<\/time>\t\t<\/div>\r\n\t\t\t<\/article>\r\n<\/div><div class=\"w-grid-preloader\">\t<div class=\"g-preloader type_1\">\r\n\t\t<div><\/div>\r\n\t<\/div>\r\n\t<\/div>\t\t\t<nav class=\"pagination navigation\" role=\"navigation\">\r\n\t\t\t\t<div class=\"nav-links\">\r\n\t\t\t\t\t<span aria-current=\"page\" class=\"page-numbers current\"><span>1<\/span><\/span>\n<a class=\"page-numbers\" href=\"https:\/\/legacy.jigsawpuzzel.nl\/pl\/wp-json\/wp\/v2\/pages\/11011\/page\/2\/\"><span>2<\/span><\/a>\n<a class=\"page-numbers\" href=\"https:\/\/legacy.jigsawpuzzel.nl\/pl\/wp-json\/wp\/v2\/pages\/11011\/page\/3\/\"><span>3<\/span><\/a>\n<a class=\"page-numbers\" href=\"https:\/\/legacy.jigsawpuzzel.nl\/pl\/wp-json\/wp\/v2\/pages\/11011\/page\/4\/\"><span>4<\/span><\/a>\n<span class=\"page-numbers dots\">&hellip;<\/span>\n<a class=\"page-numbers\" href=\"https:\/\/legacy.jigsawpuzzel.nl\/pl\/wp-json\/wp\/v2\/pages\/11011\/page\/523\/\"><span>523<\/span><\/a>\n<a class=\"next page-numbers\" href=\"https:\/\/legacy.jigsawpuzzel.nl\/pl\/wp-json\/wp\/v2\/pages\/11011\/page\/2\/\"><span>Next<\/span><\/a>\t\t\t\t<\/div>\r\n\t\t\t<\/nav>\r\n\t\t\t\t<div class=\"w-grid-json hidden\" onclick='return {&quot;action&quot;:&quot;us_ajax_grid&quot;,&quot;infinite_scroll&quot;:0,&quot;max_num_pages&quot;:523,&quot;pagination&quot;:&quot;regular&quot;,&quot;template_vars&quot;:{&quot;columns&quot;:&quot;3&quot;,&quot;exclude_items&quot;:&quot;none&quot;,&quot;img_size&quot;:&quot;default&quot;,&quot;ignore_items_size&quot;:0,&quot;items_layout&quot;:&quot;8862&quot;,&quot;items_offset&quot;:&quot;1&quot;,&quot;load_animation&quot;:&quot;none&quot;,&quot;overriding_link&quot;:&quot;%7B%22type%22%3A%22post%22%7D&quot;,&quot;post_id&quot;:0,&quot;query_args&quot;:{&quot;post_type&quot;:[&quot;puzzles&quot;],&quot;post_status&quot;:[&quot;publish&quot;,&quot;acf-disabled&quot;],&quot;posts_per_page&quot;:&quot;9&quot;},&quot;orderby_query_args&quot;:{&quot;orderby&quot;:{&quot;date&quot;:&quot;ASC&quot;}},&quot;type&quot;:&quot;grid&quot;,&quot;us_grid_post_type&quot;:&quot;puzzles&quot;,&quot;us_grid_ajax_index&quot;:1,&quot;us_grid_filter_query_string&quot;:null,&quot;us_grid_index&quot;:1,&quot;page_args&quot;:[]}}'><\/div>\r\n\t<\/div><\/div><\/div><\/div><\/div><div class=\"w-separator size_small with_line width_default thick_1 style_solid color_border align_center\"><div class=\"w-separator-h\"><\/div><\/div><div class=\"wpb_text_column\"><div class=\"wpb_wrapper\"><p>Darmowe codzienne puzzle online z pi\u0119knymi tapetami, zdj\u0119ciami i obrazami.<\/p>\n<\/div><\/div><\/div><\/div><\/div><\/div><\/div><\/section>\n","protected":false},"excerpt":{"rendered":"Puzzle przedstawiaj\u0105ce dwa rozwi\u0105zania psy.","protected":false},"author":1,"featured_media":0,"parent":0,"menu_order":0,"comment_status":"closed","ping_status":"closed","template":"","meta":{"_acf_changed":false,"footnotes":""},"class_list":["post-11011","page","type-page","status-publish","hentry"],"acf":[],"yoast_head":"<!-- This site is optimized with the Yoast SEO plugin v26.6 - https:\/\/yoast.com\/wordpress\/plugins\/seo\/ -->\n<title>Codzienne puzzle - Puzzle online<\/title>\n<meta name=\"description\" content=\"Na tej stronie onlinejigsawpuzzles.net znajdziesz darmowe, codzienne puzzle online. Wygenerowali\u015bmy puzzle z pi\u0119knymi zdj\u0119ciami w wielu r\u00f3\u017cnych kategoriach.\" \/>\n<meta name=\"robots\" content=\"index, follow, max-snippet:-1, max-image-preview:large, max-video-preview:-1\" \/>\n<link rel=\"canonical\" href=\"https:\/\/legacy.jigsawpuzzel.nl\/pl\/wszystkie-puzzle\/\" \/>\n<meta property=\"og:locale\" content=\"en_US\" \/>\n<meta property=\"og:type\" content=\"article\" \/>\n<meta property=\"og:title\" content=\"Codzienne puzzle - Puzzle online\" \/>\n<meta property=\"og:description\" content=\"Na tej stronie onlinejigsawpuzzles.net znajdziesz darmowe, codzienne puzzle online. Wygenerowali\u015bmy puzzle z pi\u0119knymi zdj\u0119ciami w wielu r\u00f3\u017cnych kategoriach.\" \/>\n<meta property=\"og:url\" content=\"https:\/\/legacy.jigsawpuzzel.nl\/pl\/wszystkie-puzzle\/\" \/>\n<meta property=\"og:site_name\" content=\"uk\u0142adanka internetowa\" \/>\n<meta property=\"article:modified_time\" content=\"2024-02-07T18:20:33+00:00\" \/>\n<meta name=\"twitter:card\" content=\"summary_large_image\" \/>\n<meta name=\"twitter:label1\" content=\"Est. reading time\" \/>\n\t<meta name=\"twitter:data1\" content=\"1 minute\" \/>\n<script type=\"application\/ld+json\" class=\"yoast-schema-graph\">{\"@context\":\"https:\/\/schema.org\",\"@graph\":[{\"@type\":\"WebPage\",\"@id\":\"https:\/\/legacy.jigsawpuzzel.nl\/pl\/wszystkie-puzzle\/\",\"url\":\"https:\/\/legacy.jigsawpuzzel.nl\/pl\/wszystkie-puzzle\/\",\"name\":\"Codzienne puzzle - Puzzle online\",\"isPartOf\":{\"@id\":\"https:\/\/legacy.jigsawpuzzel.nl\/pl\/#website\"},\"datePublished\":\"2020-05-13T10:05:40+00:00\",\"dateModified\":\"2024-02-07T18:20:33+00:00\",\"description\":\"Na tej stronie onlinejigsawpuzzles.net znajdziesz darmowe, codzienne puzzle online. Wygenerowali\u015bmy puzzle z pi\u0119knymi zdj\u0119ciami w wielu r\u00f3\u017cnych kategoriach.\",\"inLanguage\":\"en-US\",\"potentialAction\":[{\"@type\":\"ReadAction\",\"target\":[\"https:\/\/legacy.jigsawpuzzel.nl\/pl\/wszystkie-puzzle\/\"]}]},{\"@type\":\"WebSite\",\"@id\":\"https:\/\/legacy.jigsawpuzzel.nl\/pl\/#website\",\"url\":\"https:\/\/legacy.jigsawpuzzel.nl\/pl\/\",\"name\":\"uk\u0142adanka internetowa\",\"description\":\"puzzle online dla dzieci i doros\u0142ych\",\"potentialAction\":[{\"@type\":\"SearchAction\",\"target\":{\"@type\":\"EntryPoint\",\"urlTemplate\":\"https:\/\/legacy.jigsawpuzzel.nl\/pl\/?s={search_term_string}\"},\"query-input\":{\"@type\":\"PropertyValueSpecification\",\"valueRequired\":true,\"valueName\":\"search_term_string\"}}],\"inLanguage\":\"en-US\"}]}<\/script>\n<!-- \/ Yoast SEO plugin. -->","yoast_head_json":{"title":"Codzienne puzzle - Puzzle online","description":"Na tej stronie onlinejigsawpuzzles.net znajdziesz darmowe, codzienne puzzle online. Wygenerowali\u015bmy puzzle z pi\u0119knymi zdj\u0119ciami w wielu r\u00f3\u017cnych kategoriach.","robots":{"index":"index","follow":"follow","max-snippet":"max-snippet:-1","max-image-preview":"max-image-preview:large","max-video-preview":"max-video-preview:-1"},"canonical":"https:\/\/legacy.jigsawpuzzel.nl\/pl\/wszystkie-puzzle\/","og_locale":"en_US","og_type":"article","og_title":"Codzienne puzzle - Puzzle online","og_description":"Na tej stronie onlinejigsawpuzzles.net znajdziesz darmowe, codzienne puzzle online. Wygenerowali\u015bmy puzzle z pi\u0119knymi zdj\u0119ciami w wielu r\u00f3\u017cnych kategoriach.","og_url":"https:\/\/legacy.jigsawpuzzel.nl\/pl\/wszystkie-puzzle\/","og_site_name":"uk\u0142adanka internetowa","article_modified_time":"2024-02-07T18:20:33+00:00","twitter_card":"summary_large_image","twitter_misc":{"Est. reading time":"1 minute"},"schema":{"@context":"https:\/\/schema.org","@graph":[{"@type":"WebPage","@id":"https:\/\/legacy.jigsawpuzzel.nl\/pl\/wszystkie-puzzle\/","url":"https:\/\/legacy.jigsawpuzzel.nl\/pl\/wszystkie-puzzle\/","name":"Codzienne puzzle - Puzzle online","isPartOf":{"@id":"https:\/\/legacy.jigsawpuzzel.nl\/pl\/#website"},"datePublished":"2020-05-13T10:05:40+00:00","dateModified":"2024-02-07T18:20:33+00:00","description":"Na tej stronie onlinejigsawpuzzles.net znajdziesz darmowe, codzienne puzzle online. Wygenerowali\u015bmy puzzle z pi\u0119knymi zdj\u0119ciami w wielu r\u00f3\u017cnych kategoriach.","inLanguage":"en-US","potentialAction":[{"@type":"ReadAction","target":["https:\/\/legacy.jigsawpuzzel.nl\/pl\/wszystkie-puzzle\/"]}]},{"@type":"WebSite","@id":"https:\/\/legacy.jigsawpuzzel.nl\/pl\/#website","url":"https:\/\/legacy.jigsawpuzzel.nl\/pl\/","name":"uk\u0142adanka internetowa","description":"puzzle online dla dzieci i doros\u0142ych","potentialAction":[{"@type":"SearchAction","target":{"@type":"EntryPoint","urlTemplate":"https:\/\/legacy.jigsawpuzzel.nl\/pl\/?s={search_term_string}"},"query-input":{"@type":"PropertyValueSpecification","valueRequired":true,"valueName":"search_term_string"}}],"inLanguage":"en-US"}]}},"_links":{"self":[{"href":"https:\/\/legacy.jigsawpuzzel.nl\/pl\/wp-json\/wp\/v2\/pages\/11011","targetHints":{"allow":["GET"]}}],"collection":[{"href":"https:\/\/legacy.jigsawpuzzel.nl\/pl\/wp-json\/wp\/v2\/pages"}],"about":[{"href":"https:\/\/legacy.jigsawpuzzel.nl\/pl\/wp-json\/wp\/v2\/types\/page"}],"author":[{"embeddable":true,"href":"https:\/\/legacy.jigsawpuzzel.nl\/pl\/wp-json\/wp\/v2\/users\/1"}],"replies":[{"embeddable":true,"href":"https:\/\/legacy.jigsawpuzzel.nl\/pl\/wp-json\/wp\/v2\/comments?post=11011"}],"version-history":[{"count":1,"href":"https:\/\/legacy.jigsawpuzzel.nl\/pl\/wp-json\/wp\/v2\/pages\/11011\/revisions"}],"predecessor-version":[{"id":22895,"href":"https:\/\/legacy.jigsawpuzzel.nl\/pl\/wp-json\/wp\/v2\/pages\/11011\/revisions\/22895"}],"wp:attachment":[{"href":"https:\/\/legacy.jigsawpuzzel.nl\/pl\/wp-json\/wp\/v2\/media?parent=11011"}],"curies":[{"name":"wp","href":"https:\/\/api.w.org\/{rel}","templated":true}]}}