{"id":10716,"date":"2020-04-15T16:24:25","date_gmt":"2020-04-15T16:24:25","guid":{"rendered":"https:\/\/onlinejigsawpuzzles.net\/privacy-statement-us\/"},"modified":"2024-02-07T18:23:12","modified_gmt":"2024-02-07T18:23:12","slug":"oswiadczenie-prywatnosc-nas","status":"publish","type":"page","link":"https:\/\/legacy.jigsawpuzzel.nl\/pl\/oswiadczenie-prywatnosc-nas\/","title":{"rendered":"O\u015bwiadczenie o ochronie prywatno\u015bci"},"content":{"rendered":"<h1>Polityka prywatno\u015bci dla Onlinejigsawpuzzles<\/h1>\n<p>W Onlinejigsawpuzzles, dost\u0119pnym pod adresem https:\/\/onlinejigsawpuzzles.net\/, jednym z naszych g\u0142\u00f3wnych priorytet\u00f3w jest prywatno\u015b\u0107 naszych go\u015bci. Niniejszy dokument Polityki prywatno\u015bci zawiera informacje o rodzajach informacji gromadzonych i rejestrowanych przez Onlinejigsawpuzzles oraz o tym, w jaki spos\u00f3b je wykorzystujemy.<\/p>\n<p>Je\u015bli masz dodatkowe pytania lub potrzebujesz wi\u0119cej informacji na temat naszej Polityki prywatno\u015bci, nie wahaj si\u0119 z nami skontaktowa\u0107.<\/p>\n<p>Niniejsza Polityka prywatno\u015bci ma zastosowanie wy\u0142\u0105cznie do naszych dzia\u0142a\u0144 online i jest wa\u017cna dla os\u00f3b odwiedzaj\u0105cych nasz\u0105 stron\u0119 internetow\u0105 w odniesieniu do informacji, kt\u00f3re udost\u0119pniaj\u0105 i\/lub gromadz\u0105 w Onlinejigsawpuzzles. Niniejsza polityka nie ma zastosowania do jakichkolwiek informacji gromadzonych w trybie offline lub za po\u015brednictwem kana\u0142\u00f3w innych ni\u017c ta strona internetowa.<\/p>\n<h2>Zgoda<\/h2>\n<p>Korzystaj\u0105c z naszej witryny, wyra\u017casz zgod\u0119 na nasz\u0105 Polityk\u0119 prywatno\u015bci i akceptujesz jej warunki.<\/p>\n<h2>Informacje, kt\u00f3re zbieramy<\/h2>\n<p>Dane osobowe, o podanie kt\u00f3rych jeste\u015b proszony, oraz powody, dla kt\u00f3rych jeste\u015b proszony o ich podanie, zostan\u0105 Ci wyja\u015bnione w momencie, gdy poprosimy Ci\u0119 o podanie danych osobowych.<\/p>\n<p>Je\u015bli skontaktujesz si\u0119 z nami bezpo\u015brednio, mo\u017cemy otrzyma\u0107 dodatkowe informacje o Tobie, takie jak Twoje imi\u0119 i nazwisko, adres e-mail, numer telefonu, tre\u015b\u0107 wiadomo\u015bci i\/lub za\u0142\u0105cznik\u00f3w, kt\u00f3re mo\u017cesz nam przes\u0142a\u0107, a tak\u017ce wszelkie inne informacje, kt\u00f3re mo\u017cesz nam udost\u0119pni\u0107.<\/p>\n<p>Kiedy rejestrujesz si\u0119 w celu za\u0142o\u017cenia Konta, mo\u017cemy poprosi\u0107 Ci\u0119 o podanie danych kontaktowych, w tym takich danych, jak imi\u0119 i nazwisko, nazwa firmy, adres, adres e-mail i numer telefonu.<\/p>\n<h2>Jak wykorzystujemy Twoje dane<\/h2>\n<p>Gromadzone przez nas informacje wykorzystujemy na r\u00f3\u017cne sposoby, w tym w celu:<\/p>\n<ul>\n<li>Udost\u0119pniaj, obs\u0142uguj i utrzymuj nasz\u0105 witryn\u0119 internetow\u0105<\/li>\n<li>Ulepszaj, personalizuj i rozwijaj nasz\u0105 witryn\u0119 internetow\u0105<\/li>\n<li>Zrozum i przeanalizuj, w jaki spos\u00f3b korzystasz z naszej strony internetowej<\/li>\n<li>Opracowywanie nowych produkt\u00f3w, us\u0142ug, funkcji i funkcjonalno\u015bci<\/li>\n<li>Komunikowa\u0107 si\u0119 z Tob\u0105 bezpo\u015brednio lub za po\u015brednictwem jednego z naszych partner\u00f3w, w tym w celu obs\u0142ugi klienta, aby dostarcza\u0107 Ci aktualizacje i inne informacje zwi\u0105zane ze stron\u0105 internetow\u0105, a tak\u017ce w celach marketingowych i promocyjnych<\/li>\n<li>Wysy\u0142aj Ci e-maile<\/li>\n<li>Znajd\u017a i zapobiegaj oszustwom<\/li>\n<\/ul>\n<h2>Pliki dziennika<\/h2>\n<p>Onlinejigsawpuzzles post\u0119puje zgodnie ze standardow\u0105 procedur\u0105 korzystania z plik\u00f3w dziennika. Pliki te rejestruj\u0105 odwiedzaj\u0105cych, gdy odwiedzaj\u0105 strony internetowe. Wszystkie firmy hostingowe to robi\u0105 i stanowi\u0105 cz\u0119\u015b\u0107 analityki us\u0142ug hostingowych. Informacje gromadzone w plikach dziennika obejmuj\u0105 adresy protoko\u0142u internetowego (IP), typ przegl\u0105darki, dostawc\u0119 us\u0142ug internetowych (ISP), dat\u0119 i godzin\u0119, strony odsy\u0142aj\u0105ce\/wyj\u015bciowe i ewentualnie liczb\u0119 klikni\u0119\u0107. Nie s\u0105 one powi\u0105zane z \u017cadnymi informacjami umo\u017cliwiaj\u0105cymi identyfikacj\u0119 osobist\u0105. Celem tych informacji jest analiza trend\u00f3w, administracja serwisem, \u015bledzenie ruchu u\u017cytkownik\u00f3w w serwisie oraz zbieranie informacji demograficznych.<\/p>\n<h2>Pliki cookie i sygna\u0142y nawigacyjne w sieci Web<\/h2>\n<p>Jak ka\u017cda inna strona internetowa, Onlinejigsawpuzzles wykorzystuje pliki \u201ecookie\u201d. Te pliki cookie s\u0142u\u017c\u0105 do przechowywania informacji, w tym preferencji odwiedzaj\u0105cych oraz stron w witrynie, do kt\u00f3rych u\u017cytkownik uzyska\u0142 dost\u0119p lub kt\u00f3re odwiedzi\u0142. Informacje te s\u0105 wykorzystywane w celu optymalizacji do\u015bwiadczenia u\u017cytkownik\u00f3w poprzez dostosowywanie zawarto\u015bci naszej strony internetowej w oparciu o typ przegl\u0105darki odwiedzaj\u0105cego i\/lub inne informacje.<\/p>\n<h2>Plik cookie Google DoubleClick DART<\/h2>\n<p>Google jest jednym z zewn\u0119trznych dostawc\u00f3w naszej witryny. Wykorzystuje r\u00f3wnie\u017c pliki cookie, zwane plikami cookie DART, do wy\u015bwietlania reklam osobom odwiedzaj\u0105cym nasz\u0105 witryn\u0119 na podstawie ich wizyty na stronie www.strona internetowa.com i innych witryn w Internecie. Jednak\u017ce odwiedzaj\u0105cy mog\u0105 zrezygnowa\u0107 z u\u017cywania plik\u00f3w cookie DART, odwiedzaj\u0105c Polityk\u0119 prywatno\u015bci reklam i sieci partnerskiej Google pod nast\u0119puj\u0105cym adresem URL \u2013 https:\/\/policies.Google.com\/technologie\/ads<\/p>\n<h2>Nasi partnerzy reklamowi<\/h2>\n<p>Niekt\u00f3rzy reklamodawcy w naszej witrynie mog\u0105 u\u017cywa\u0107 plik\u00f3w cookie i sygna\u0142\u00f3w nawigacyjnych. Lista naszych partner\u00f3w reklamowych znajduje si\u0119 poni\u017cej. Ka\u017cdy z naszych partner\u00f3w reklamowych ma w\u0142asn\u0105 Polityk\u0119 prywatno\u015bci dotycz\u0105c\u0105 zasad dotycz\u0105cych danych u\u017cytkownik\u00f3w. Aby u\u0142atwi\u0107 dost\u0119p, poni\u017cej zamie\u015bcili\u015bmy hiper\u0142\u0105cze do ich Polityki prywatno\u015bci.<\/p>\n<ul>\n<li>Googlehttps:\/\/policies.Google.com\/technologie\/ads<\/li>\n<\/ul>\n<h2>Polityka prywatno\u015bci partner\u00f3w reklamowych<\/h2>\n<p>Mo\u017cesz zapozna\u0107 si\u0119 z t\u0105 list\u0105, aby znale\u017a\u0107 Polityk\u0119 prywatno\u015bci ka\u017cdego z partner\u00f3w reklamowych Onlinejigsawpuzzles.<\/p>\n<p>Serwery reklamowe lub sieci reklamowe innych firm korzystaj\u0105 z technologii takich jak pliki cookie, JavaScript lub sygna\u0142y nawigacyjne w sieci Web, kt\u00f3re s\u0105 wykorzystywane w odpowiednich reklamach i linkach pojawiaj\u0105cych si\u0119 w Onlinejigsawpuzzles, kt\u00f3re s\u0105 wysy\u0142ane bezpo\u015brednio do przegl\u0105darki u\u017cytkownika. Gdy to nast\u0105pi, automatycznie otrzymaj\u0105 Tw\u00f3j adres IP. Technologie te s\u0142u\u017c\u0105 do pomiaru skuteczno\u015bci ich kampanii reklamowych i\/lub personalizacji tre\u015bci reklamowych, kt\u00f3re widzisz na odwiedzanych przez Ciebie stronach internetowych.<\/p>\n<p>Nale\u017cy pami\u0119ta\u0107, \u017ce Onlinejigsawpuzzles nie ma dost\u0119pu ani kontroli nad plikami cookie u\u017cywanymi przez zewn\u0119trznych reklamodawc\u00f3w.<\/p>\n<h2>Polityka prywatno\u015bci stron trzecich<\/h2>\n<p>Polityka prywatno\u015bci Onlinejigsawpuzzles nie ma zastosowania do innych reklamodawc\u00f3w ani stron internetowych. Dlatego zalecamy zapoznanie si\u0119 z odpowiednimi Politykami prywatno\u015bci tych serwer\u00f3w reklamowych stron trzecich w celu uzyskania bardziej szczeg\u00f3\u0142owych informacji. Mo\u017ce obejmowa\u0107 ich praktyki i instrukcje dotycz\u0105ce rezygnacji z niekt\u00f3rych opcji.<\/p>\n<p>Mo\u017cesz wy\u0142\u0105czy\u0107 pliki cookie w indywidualnych opcjach przegl\u0105darki. Bardziej szczeg\u00f3\u0142owe informacje na temat zarz\u0105dzania plikami cookies w poszczeg\u00f3lnych przegl\u0105darkach internetowych mo\u017cna znale\u017a\u0107 na stronach poszczeg\u00f3lnych przegl\u0105darek.<\/p>\n<h2>Prawa do prywatno\u015bci CCPA (nie sprzedawaj moich danych osobowych)<\/h2>\n<p>Na mocy ustawy CCPA konsumenci w Kalifornii maj\u0105 mi\u0119dzy innymi prawo do:<\/p>\n<p>Za\u017c\u0105daj, aby firma gromadz\u0105ca dane osobowe konsument\u00f3w ujawni\u0142a kategorie i okre\u015blone dane osobowe, kt\u00f3re firma zebra\u0142a na temat konsument\u00f3w.<\/p>\n<p>Popro\u015b firm\u0119 o usuni\u0119cie wszelkich danych osobowych konsumenta, kt\u00f3re firma zebra\u0142a.<\/p>\n<p>Za\u017c\u0105daj, aby firma sprzedaj\u0105ca dane osobowe konsumenta nie sprzedawa\u0142a danych osobowych konsumenta.<\/p>\n<p>Je\u015bli z\u0142o\u017cysz wniosek, mamy miesi\u0105c na udzielenie Ci odpowiedzi. Je\u015bli chcesz skorzysta\u0107 z kt\u00f3regokolwiek z tych praw, skontaktuj si\u0119 z nami.<\/p>\n<h2>Prawa do ochrony danych RODO<\/h2>\n<p>Chcieliby\u015bmy mie\u0107 pewno\u015b\u0107, \u017ce jeste\u015b w pe\u0142ni \u015bwiadomy wszystkich przys\u0142uguj\u0105cych Ci praw w zakresie ochrony danych. Ka\u017cdy u\u017cytkownik ma prawo do:<\/p>\n<p>Prawo dost\u0119pu \u2013 Masz prawo za\u017c\u0105da\u0107 kopii swoich danych osobowych. Za t\u0119 us\u0142ug\u0119 mo\u017cemy pobra\u0107 od Ciebie niewielk\u0105 op\u0142at\u0119.<\/p>\n<p>Prawo do sprostowania \u2013 masz prawo za\u017c\u0105da\u0107, aby\u015bmy poprawili wszelkie informacje, kt\u00f3re Twoim zdaniem s\u0105 niedok\u0142adne. Masz r\u00f3wnie\u017c prawo za\u017c\u0105da\u0107 uzupe\u0142nienia informacji, kt\u00f3re Twoim zdaniem s\u0105 niekompletne.<\/p>\n<p>Prawo do usuni\u0119cia \u2013 masz prawo \u017c\u0105da\u0107, aby\u015bmy usun\u0119li Twoje dane osobowe, pod pewnymi warunkami.<\/p>\n<p>Prawo do ograniczenia przetwarzania \u2013 Masz prawo \u017c\u0105da\u0107, aby\u015bmy ograniczyli przetwarzanie Twoich danych osobowych, pod pewnymi warunkami.<\/p>\n<p>Prawo do sprzeciwu wobec przetwarzania \u2013 Masz prawo sprzeciwi\u0107 si\u0119 przetwarzaniu przez nas Twoich danych osobowych, pod pewnymi warunkami.<\/p>\n<p>Prawo do przenoszenia danych \u2013 Masz prawo \u017c\u0105da\u0107, aby\u015bmy przekazali zebrane przez nas dane innej organizacji lub bezpo\u015brednio Tobie, pod pewnymi warunkami.<\/p>\n<p>Je\u015bli z\u0142o\u017cysz wniosek, mamy miesi\u0105c na udzielenie Ci odpowiedzi. Je\u015bli chcesz skorzysta\u0107 z kt\u00f3regokolwiek z tych praw, skontaktuj si\u0119 z nami.<\/p>\n<h2>Informacje dla dzieci<\/h2>\n<p>Kolejnym naszym priorytetem jest zapewnienie dzieciom ochrony podczas korzystania z Internetu. Zach\u0119camy rodzic\u00f3w i opiekun\u00f3w do obserwowania, uczestniczenia i\/lub monitorowania i kierowania ich aktywno\u015bci\u0105 w Internecie.<\/p>\n<p>Onlinejigsawpuzzles nie zbiera \u015bwiadomie \u017cadnych danych osobowych od dzieci poni\u017cej 13 roku \u017cycia. Je\u017celi uwa\u017casz, \u017ce Twoje dziecko przekaza\u0142o tego rodzaju informacje na naszej stronie internetowej, gor\u0105co zach\u0119camy Ci\u0119 do niezw\u0142ocznego skontaktowania si\u0119 z nami, a my do\u0142o\u017cymy wszelkich stara\u0144, aby niezw\u0142ocznie usun\u0105\u0107 takie informacje z naszej bazy danych.<\/p>\n","protected":false},"excerpt":{"rendered":"<p>Polityka prywatno\u015bci dla Onlinejigsawpuzzles W Onlinejigsawpuzzles, dost\u0119pnym pod adresem https:\/\/onlinejigsawpuzzles.net\/, jednym z naszych g\u0142\u00f3wnych priorytet\u00f3w jest prywatno\u015b\u0107 naszych go\u015bci. Niniejszy dokument Polityki prywatno\u015bci zawiera informacje o rodzajach informacji gromadzonych i rejestrowanych przez Onlinejigsawpuzzles oraz o tym, w jaki spos\u00f3b je wykorzystujemy. Je\u015bli masz dodatkowe pytania lub potrzebujesz wi\u0119cej informacji na temat naszej Polityki prywatno\u015bci, nie&#8230;<\/p>\n","protected":false},"author":1,"featured_media":0,"parent":0,"menu_order":0,"comment_status":"closed","ping_status":"closed","template":"","meta":{"_acf_changed":false,"footnotes":""},"class_list":["post-10716","page","type-page","status-publish","hentry"],"acf":[],"yoast_head":"<!-- This site is optimized with the Yoast SEO plugin v26.6 - https:\/\/yoast.com\/wordpress\/plugins\/seo\/ -->\n<title>O\u015bwiadczenie o ochronie prywatno\u015bci - uk\u0142adanka internetowa<\/title>\n<meta name=\"robots\" content=\"index, follow, max-snippet:-1, max-image-preview:large, max-video-preview:-1\" \/>\n<link rel=\"canonical\" href=\"https:\/\/legacy.jigsawpuzzel.nl\/pl\/oswiadczenie-prywatnosc-nas\/\" \/>\n<meta property=\"og:locale\" content=\"en_US\" \/>\n<meta property=\"og:type\" content=\"article\" \/>\n<meta property=\"og:title\" content=\"O\u015bwiadczenie o ochronie prywatno\u015bci - uk\u0142adanka internetowa\" \/>\n<meta property=\"og:description\" content=\"Polityka prywatno\u015bci dla Onlinejigsawpuzzles W Onlinejigsawpuzzles, dost\u0119pnym pod adresem https:\/\/onlinejigsawpuzzles.net\/, jednym z naszych g\u0142\u00f3wnych priorytet\u00f3w jest prywatno\u015b\u0107 naszych go\u015bci. Niniejszy dokument Polityki prywatno\u015bci zawiera informacje o rodzajach informacji gromadzonych i rejestrowanych przez Onlinejigsawpuzzles oraz o tym, w jaki spos\u00f3b je wykorzystujemy. Je\u015bli masz dodatkowe pytania lub potrzebujesz wi\u0119cej informacji na temat naszej Polityki prywatno\u015bci, nie...\" \/>\n<meta property=\"og:url\" content=\"https:\/\/legacy.jigsawpuzzel.nl\/pl\/oswiadczenie-prywatnosc-nas\/\" \/>\n<meta property=\"og:site_name\" content=\"uk\u0142adanka internetowa\" \/>\n<meta property=\"article:modified_time\" content=\"2024-02-07T18:23:12+00:00\" \/>\n<meta name=\"twitter:card\" content=\"summary_large_image\" \/>\n<meta name=\"twitter:label1\" content=\"Est. reading time\" \/>\n\t<meta name=\"twitter:data1\" content=\"6 minutes\" \/>\n<script type=\"application\/ld+json\" class=\"yoast-schema-graph\">{\"@context\":\"https:\/\/schema.org\",\"@graph\":[{\"@type\":\"WebPage\",\"@id\":\"https:\/\/legacy.jigsawpuzzel.nl\/pl\/oswiadczenie-prywatnosc-nas\/\",\"url\":\"https:\/\/legacy.jigsawpuzzel.nl\/pl\/oswiadczenie-prywatnosc-nas\/\",\"name\":\"O\u015bwiadczenie o ochronie prywatno\u015bci - uk\u0142adanka internetowa\",\"isPartOf\":{\"@id\":\"https:\/\/legacy.jigsawpuzzel.nl\/pl\/#website\"},\"datePublished\":\"2020-04-15T16:24:25+00:00\",\"dateModified\":\"2024-02-07T18:23:12+00:00\",\"inLanguage\":\"en-US\",\"potentialAction\":[{\"@type\":\"ReadAction\",\"target\":[\"https:\/\/legacy.jigsawpuzzel.nl\/pl\/oswiadczenie-prywatnosc-nas\/\"]}]},{\"@type\":\"WebSite\",\"@id\":\"https:\/\/legacy.jigsawpuzzel.nl\/pl\/#website\",\"url\":\"https:\/\/legacy.jigsawpuzzel.nl\/pl\/\",\"name\":\"uk\u0142adanka internetowa\",\"description\":\"puzzle online dla dzieci i doros\u0142ych\",\"potentialAction\":[{\"@type\":\"SearchAction\",\"target\":{\"@type\":\"EntryPoint\",\"urlTemplate\":\"https:\/\/legacy.jigsawpuzzel.nl\/pl\/?s={search_term_string}\"},\"query-input\":{\"@type\":\"PropertyValueSpecification\",\"valueRequired\":true,\"valueName\":\"search_term_string\"}}],\"inLanguage\":\"en-US\"}]}<\/script>\n<!-- \/ Yoast SEO plugin. -->","yoast_head_json":{"title":"O\u015bwiadczenie o ochronie prywatno\u015bci - uk\u0142adanka internetowa","robots":{"index":"index","follow":"follow","max-snippet":"max-snippet:-1","max-image-preview":"max-image-preview:large","max-video-preview":"max-video-preview:-1"},"canonical":"https:\/\/legacy.jigsawpuzzel.nl\/pl\/oswiadczenie-prywatnosc-nas\/","og_locale":"en_US","og_type":"article","og_title":"O\u015bwiadczenie o ochronie prywatno\u015bci - uk\u0142adanka internetowa","og_description":"Polityka prywatno\u015bci dla Onlinejigsawpuzzles W Onlinejigsawpuzzles, dost\u0119pnym pod adresem https:\/\/onlinejigsawpuzzles.net\/, jednym z naszych g\u0142\u00f3wnych priorytet\u00f3w jest prywatno\u015b\u0107 naszych go\u015bci. Niniejszy dokument Polityki prywatno\u015bci zawiera informacje o rodzajach informacji gromadzonych i rejestrowanych przez Onlinejigsawpuzzles oraz o tym, w jaki spos\u00f3b je wykorzystujemy. Je\u015bli masz dodatkowe pytania lub potrzebujesz wi\u0119cej informacji na temat naszej Polityki prywatno\u015bci, nie...","og_url":"https:\/\/legacy.jigsawpuzzel.nl\/pl\/oswiadczenie-prywatnosc-nas\/","og_site_name":"uk\u0142adanka internetowa","article_modified_time":"2024-02-07T18:23:12+00:00","twitter_card":"summary_large_image","twitter_misc":{"Est. reading time":"6 minutes"},"schema":{"@context":"https:\/\/schema.org","@graph":[{"@type":"WebPage","@id":"https:\/\/legacy.jigsawpuzzel.nl\/pl\/oswiadczenie-prywatnosc-nas\/","url":"https:\/\/legacy.jigsawpuzzel.nl\/pl\/oswiadczenie-prywatnosc-nas\/","name":"O\u015bwiadczenie o ochronie prywatno\u015bci - uk\u0142adanka internetowa","isPartOf":{"@id":"https:\/\/legacy.jigsawpuzzel.nl\/pl\/#website"},"datePublished":"2020-04-15T16:24:25+00:00","dateModified":"2024-02-07T18:23:12+00:00","inLanguage":"en-US","potentialAction":[{"@type":"ReadAction","target":["https:\/\/legacy.jigsawpuzzel.nl\/pl\/oswiadczenie-prywatnosc-nas\/"]}]},{"@type":"WebSite","@id":"https:\/\/legacy.jigsawpuzzel.nl\/pl\/#website","url":"https:\/\/legacy.jigsawpuzzel.nl\/pl\/","name":"uk\u0142adanka internetowa","description":"puzzle online dla dzieci i doros\u0142ych","potentialAction":[{"@type":"SearchAction","target":{"@type":"EntryPoint","urlTemplate":"https:\/\/legacy.jigsawpuzzel.nl\/pl\/?s={search_term_string}"},"query-input":{"@type":"PropertyValueSpecification","valueRequired":true,"valueName":"search_term_string"}}],"inLanguage":"en-US"}]}},"_links":{"self":[{"href":"https:\/\/legacy.jigsawpuzzel.nl\/pl\/wp-json\/wp\/v2\/pages\/10716","targetHints":{"allow":["GET"]}}],"collection":[{"href":"https:\/\/legacy.jigsawpuzzel.nl\/pl\/wp-json\/wp\/v2\/pages"}],"about":[{"href":"https:\/\/legacy.jigsawpuzzel.nl\/pl\/wp-json\/wp\/v2\/types\/page"}],"author":[{"embeddable":true,"href":"https:\/\/legacy.jigsawpuzzel.nl\/pl\/wp-json\/wp\/v2\/users\/1"}],"replies":[{"embeddable":true,"href":"https:\/\/legacy.jigsawpuzzel.nl\/pl\/wp-json\/wp\/v2\/comments?post=10716"}],"version-history":[{"count":1,"href":"https:\/\/legacy.jigsawpuzzel.nl\/pl\/wp-json\/wp\/v2\/pages\/10716\/revisions"}],"predecessor-version":[{"id":22931,"href":"https:\/\/legacy.jigsawpuzzel.nl\/pl\/wp-json\/wp\/v2\/pages\/10716\/revisions\/22931"}],"wp:attachment":[{"href":"https:\/\/legacy.jigsawpuzzel.nl\/pl\/wp-json\/wp\/v2\/media?parent=10716"}],"curies":[{"name":"wp","href":"https:\/\/api.w.org\/{rel}","templated":true}]}}