{"id":10715,"date":"2020-04-15T16:24:25","date_gmt":"2020-04-15T16:24:25","guid":{"rendered":"https:\/\/onlinejigsawpuzzles.net\/do-not-sell-my-personal-information\/"},"modified":"2024-02-07T18:23:16","modified_gmt":"2024-02-07T18:23:16","slug":"polityka-plikow-cookie-nas","status":"publish","type":"page","link":"https:\/\/legacy.jigsawpuzzel.nl\/pl\/polityka-plikow-cookie-nas\/","title":{"rendered":"Plik cookie polityki"},"content":{"rendered":"<h1>Polityka plik\u00f3w cookie dla Onlinejigsawpuzzles<\/h1>\n<p>To jest Polityka plik\u00f3w cookie dla Onlinejigsawpuzzles, dost\u0119pna pod adresem https:\/\/onlinejigsawpuzzles.net<\/p>\n<p>Czym s\u0105 pliki cookie<\/p>\n<p>Zgodnie z powszechn\u0105 praktyk\u0105 w prawie wszystkich dost\u0119pnych witrynach internetowych, ta witryna wykorzystuje pliki cookie, czyli ma\u0142e pliki pobierane na Tw\u00f3j komputer w celu korzystania z niej. Na tej stronie, jakie informacje gromadz\u0105, w jaki spos\u00f3b je wykorzystujemy i dlaczego cz\u0119sto u\u017cywane s\u0105 te pliki cookie. Podzielone s\u0105 na urz\u0105dzenia, w jaki spos\u00f3b mo\u017cna zapobiec przechowywaniu tych plik\u00f3w cookie, ale mo\u017ce to by\u0107 funkcjonalne lub \u201ezepsucie\u201d niekt\u00f3rych element\u00f3w graficznych witryny.<\/p>\n<p>Jak przechowywane pliki cookie<\/p>\n<p>U\u017cywamy plik\u00f3w cookie z r\u00f3\u017cnych powod\u00f3w udost\u0119pnianych poni\u017cej. Brak mo\u017cliwo\u015bci wy\u0142\u0105czenia plik\u00f3w cookie bez wy\u0142\u0105czenia funkcji dodanej przez nie do tej aplikacji. Je\u015bli nie jeste\u015b pewien, czy ich u\u017cycie, czy nie, w przypadku, gdy s\u0105 one dost\u0119pne, dost\u0119p do us\u0142ug, z kt\u00f3rych korzystasz.<\/p>\n<p>Wy\u0142\u0105czanie plik\u00f3w cookie<\/p>\n<p>Mo\u017cesz zapobiec zapisywaniu plik\u00f3w cookie, dostosowuj\u0105c ustawienia swojej konfiguracji (wi\u0119cej informacji o pomocy w konfiguracji). Pami\u0119taj, \u017ce pliki cookie b\u0119d\u0105 mia\u0142y wp\u0142yw na funkcje i wiele innych witryn, kt\u00f3re odwiedzasz. Udost\u0119pnianie plik\u00f3w cookie zwykle powoduje, \u017ce niekt\u00f3re funkcje i funkcje tej witryny s\u0105 dost\u0119pne. Zaleca si\u0119, aby nie wy\u0142\u0105cza\u0107 plik\u00f3w cookie.<\/p>\n<p>Pliki cookie, kt\u00f3re ustawiamy<\/p>\n<ul>\n<li>Pliki cookie dost\u0119pne w witrynie\n<p>Aby uzyska\u0107 dost\u0119p do oprogramowania podczas korzystania z tej aplikacji, udost\u0119pniamy j\u0105, udost\u0119pniaj\u0105c informacje o dzia\u0142aniu tej witryny, gdy z niej korzystasz. Aby mie\u0107 wp\u0142yw na Twoje dzia\u0142anie, musisz pod\u0142\u0105czy\u0107 pliki cookie, aby informacje te mog\u0142y zosta\u0107 wywo\u0142ane za ka\u017cdym razem, gdy zostan\u0105 wprowadzone w interakcj\u0119 ze wskazaniem, na kt\u00f3re wp\u0142ynie Twoje oddzia\u0142ywanie.<\/li>\n<\/ul>\n<p>Pliki cookie mocne spowodowane<\/p>\n<p>W szczeg\u00f3lnych przypadkach korzystamy z plik\u00f3w cookie udost\u0119pnianych przez zaufane strony trzecie. W poni\u017cszym artykule szczeg\u00f3\u0142owo opisano, kt\u00f3re pliki cookie mog\u0105 wyst\u0105pi\u0107 w przypadku korzystania z tej witryny.<\/p>\n<ul>\n<li>Ta strona korzysta z Google Analytics, kt\u00f3ra jest jednym z najbardziej znanych i zaufanych u\u017cytkownik\u00f3w analitycznych w Internecie, pomagaj\u0105cym nam zrozumie\u0107, w jaki spos\u00f3b korzystasz z witryny i w jaki spos\u00f3b mo\u017cna uzyska\u0107 dost\u0119p do Twojego do\u015bwiadczenia. Te pliki cookie mog\u0105 by\u0107 takie rzeczy, jak czas udost\u0119pniania w witrynach i witrynach internetowych, aby\u015bmy mogli w dost\u0119pie do uruchamiania anga\u017cuj\u0105cego tre\u015bci.\n<p>Wi\u0119cej informacji na temat plik\u00f3w cookie Google Analytics mo\u017cna znale\u017a\u0107 na stronie Google Analytics.<\/li>\n<li>Od czasu do czasu testujemy nowe funkcje i wprowadzamy subtelne zmiany w sposobie dostarczania witryny. Kiedy nadal testujemy nowe funkcje, te pliki cookie mog\u0105 by\u0107 u\u017cywane, aby pozna\u0107 skutki podczas korzystania z aplikacji, a jednocze\u015bnie pozna\u0107, \u017ce s\u0105 one znane, kt\u00f3re optymalizacje s\u0105 najbardziej cenione przez naszych u\u017cytkownik\u00f3w.<\/li>\n<li>Us\u0142uga Google AdSense, z kt\u00f3rej korzystamy w urz\u0105dzeniach reklamowych, wykorzystuje plik cookie DoubleClick, aby wy\u015bwietla\u0107 trafniejsze reklamy w Internecie i ogranicza\u0107 dost\u0119py do reklam internetowych.\n<p>Wi\u0119cej informacji na temat Google AdSense mo\u017cna znale\u017a\u0107 w odpowiedziach na cz\u0119sto zadawane pytania dotycz\u0105ce prywatno\u015bci w Google AdSense.<\/li>\n<li>U\u017cywaj\u0105c reklam, aby zrekompensowa\u0107 koszty prowadzenia tej witryny i tre\u015bci na temat rozwoju. Pliki cookie dotycz\u0105ce reklam behawioralnych u\u017cywanych na tej stronie, kt\u00f3re maj\u0105 na celu zapewnienie, w maksymalnym zakresie mo\u017cliwo\u015bci, dostarczanie Ci najtrafniejszych reklam poprzez anonimowe dost\u0119p do Twojego komputera i prezentowanie dost\u0119pu do rzeczy, kt\u00f3re mog\u0105 Ci\u0119 udost\u0119pni\u0107.<\/li>\n<\/ul>\n<p>Wi\u0119cej informacji<\/p>\n<p>Mamy pewno\u015b\u0107, \u017ce wyja\u015bniono to, jak dosz\u0142o do wyst\u0105pienia, je\u015bli jest co\u015b, czego nie jeste\u015b pewien, czy wyst\u0105pi\u0142, czy nie, faktycznie jest w\u0142\u0105czone w\u0142\u0105czon\u0105 obs\u0142ug\u0119 plik\u00f3w cookie na wypadek, gdyby nast\u0105pi\u0142o wyst\u0105pienie w interakcji z jedn\u0105 z funkcji, kt\u00f3rych u\u017cywano w naszej witrynie.<\/p>\n<p>Je\u015bli nadal b\u0119dziesz korzysta\u0107 z dodatkowych informacji, skontaktuj si\u0119 z nami za pomoc\u0105 jednej z naszych preferowanych metod kontaktu:<\/p>\n<ul>\n<li>Odwiedzaj\u0105c dziesi\u0119\u0107 link\u00f3w: https:\/\/onlinejigsawpuzzles.net\/kontakt\/<\/li>\n<\/ul>\n","protected":false},"excerpt":{"rendered":"<p>Polityka plik\u00f3w cookie dla Onlinejigsawpuzzles To jest Polityka plik\u00f3w cookie dla Onlinejigsawpuzzles, dost\u0119pna pod adresem https:\/\/onlinejigsawpuzzles.net Czym s\u0105 pliki cookie Zgodnie z powszechn\u0105 praktyk\u0105 w prawie wszystkich dost\u0119pnych witrynach internetowych, ta witryna wykorzystuje pliki cookie, czyli ma\u0142e pliki pobierane na Tw\u00f3j komputer w celu korzystania z niej. Na tej stronie, jakie informacje gromadz\u0105, w jaki&#8230;<\/p>\n","protected":false},"author":1,"featured_media":0,"parent":0,"menu_order":0,"comment_status":"closed","ping_status":"closed","template":"","meta":{"_acf_changed":false,"footnotes":""},"class_list":["post-10715","page","type-page","status-publish","hentry"],"acf":[],"yoast_head":"<!-- This site is optimized with the Yoast SEO plugin v26.6 - https:\/\/yoast.com\/wordpress\/plugins\/seo\/ -->\n<title>Plik cookie polityki - uk\u0142adanka internetowa<\/title>\n<meta name=\"robots\" content=\"index, follow, max-snippet:-1, max-image-preview:large, max-video-preview:-1\" \/>\n<link rel=\"canonical\" href=\"https:\/\/legacy.jigsawpuzzel.nl\/pl\/polityka-plikow-cookie-nas\/\" \/>\n<meta property=\"og:locale\" content=\"en_US\" \/>\n<meta property=\"og:type\" content=\"article\" \/>\n<meta property=\"og:title\" content=\"Plik cookie polityki - uk\u0142adanka internetowa\" \/>\n<meta property=\"og:description\" content=\"Polityka plik\u00f3w cookie dla Onlinejigsawpuzzles To jest Polityka plik\u00f3w cookie dla Onlinejigsawpuzzles, dost\u0119pna pod adresem https:\/\/onlinejigsawpuzzles.net Czym s\u0105 pliki cookie Zgodnie z powszechn\u0105 praktyk\u0105 w prawie wszystkich dost\u0119pnych witrynach internetowych, ta witryna wykorzystuje pliki cookie, czyli ma\u0142e pliki pobierane na Tw\u00f3j komputer w celu korzystania z niej. Na tej stronie, jakie informacje gromadz\u0105, w jaki...\" \/>\n<meta property=\"og:url\" content=\"https:\/\/legacy.jigsawpuzzel.nl\/pl\/polityka-plikow-cookie-nas\/\" \/>\n<meta property=\"og:site_name\" content=\"uk\u0142adanka internetowa\" \/>\n<meta property=\"article:modified_time\" content=\"2024-02-07T18:23:16+00:00\" \/>\n<meta name=\"twitter:card\" content=\"summary_large_image\" \/>\n<meta name=\"twitter:label1\" content=\"Est. reading time\" \/>\n\t<meta name=\"twitter:data1\" content=\"3 minutes\" \/>\n<script type=\"application\/ld+json\" class=\"yoast-schema-graph\">{\"@context\":\"https:\/\/schema.org\",\"@graph\":[{\"@type\":\"WebPage\",\"@id\":\"https:\/\/legacy.jigsawpuzzel.nl\/pl\/polityka-plikow-cookie-nas\/\",\"url\":\"https:\/\/legacy.jigsawpuzzel.nl\/pl\/polityka-plikow-cookie-nas\/\",\"name\":\"Plik cookie polityki - uk\u0142adanka internetowa\",\"isPartOf\":{\"@id\":\"https:\/\/legacy.jigsawpuzzel.nl\/pl\/#website\"},\"datePublished\":\"2020-04-15T16:24:25+00:00\",\"dateModified\":\"2024-02-07T18:23:16+00:00\",\"inLanguage\":\"en-US\",\"potentialAction\":[{\"@type\":\"ReadAction\",\"target\":[\"https:\/\/legacy.jigsawpuzzel.nl\/pl\/polityka-plikow-cookie-nas\/\"]}]},{\"@type\":\"WebSite\",\"@id\":\"https:\/\/legacy.jigsawpuzzel.nl\/pl\/#website\",\"url\":\"https:\/\/legacy.jigsawpuzzel.nl\/pl\/\",\"name\":\"uk\u0142adanka internetowa\",\"description\":\"puzzle online dla dzieci i doros\u0142ych\",\"potentialAction\":[{\"@type\":\"SearchAction\",\"target\":{\"@type\":\"EntryPoint\",\"urlTemplate\":\"https:\/\/legacy.jigsawpuzzel.nl\/pl\/?s={search_term_string}\"},\"query-input\":{\"@type\":\"PropertyValueSpecification\",\"valueRequired\":true,\"valueName\":\"search_term_string\"}}],\"inLanguage\":\"en-US\"}]}<\/script>\n<!-- \/ Yoast SEO plugin. -->","yoast_head_json":{"title":"Plik cookie polityki - uk\u0142adanka internetowa","robots":{"index":"index","follow":"follow","max-snippet":"max-snippet:-1","max-image-preview":"max-image-preview:large","max-video-preview":"max-video-preview:-1"},"canonical":"https:\/\/legacy.jigsawpuzzel.nl\/pl\/polityka-plikow-cookie-nas\/","og_locale":"en_US","og_type":"article","og_title":"Plik cookie polityki - uk\u0142adanka internetowa","og_description":"Polityka plik\u00f3w cookie dla Onlinejigsawpuzzles To jest Polityka plik\u00f3w cookie dla Onlinejigsawpuzzles, dost\u0119pna pod adresem https:\/\/onlinejigsawpuzzles.net Czym s\u0105 pliki cookie Zgodnie z powszechn\u0105 praktyk\u0105 w prawie wszystkich dost\u0119pnych witrynach internetowych, ta witryna wykorzystuje pliki cookie, czyli ma\u0142e pliki pobierane na Tw\u00f3j komputer w celu korzystania z niej. Na tej stronie, jakie informacje gromadz\u0105, w jaki...","og_url":"https:\/\/legacy.jigsawpuzzel.nl\/pl\/polityka-plikow-cookie-nas\/","og_site_name":"uk\u0142adanka internetowa","article_modified_time":"2024-02-07T18:23:16+00:00","twitter_card":"summary_large_image","twitter_misc":{"Est. reading time":"3 minutes"},"schema":{"@context":"https:\/\/schema.org","@graph":[{"@type":"WebPage","@id":"https:\/\/legacy.jigsawpuzzel.nl\/pl\/polityka-plikow-cookie-nas\/","url":"https:\/\/legacy.jigsawpuzzel.nl\/pl\/polityka-plikow-cookie-nas\/","name":"Plik cookie polityki - uk\u0142adanka internetowa","isPartOf":{"@id":"https:\/\/legacy.jigsawpuzzel.nl\/pl\/#website"},"datePublished":"2020-04-15T16:24:25+00:00","dateModified":"2024-02-07T18:23:16+00:00","inLanguage":"en-US","potentialAction":[{"@type":"ReadAction","target":["https:\/\/legacy.jigsawpuzzel.nl\/pl\/polityka-plikow-cookie-nas\/"]}]},{"@type":"WebSite","@id":"https:\/\/legacy.jigsawpuzzel.nl\/pl\/#website","url":"https:\/\/legacy.jigsawpuzzel.nl\/pl\/","name":"uk\u0142adanka internetowa","description":"puzzle online dla dzieci i doros\u0142ych","potentialAction":[{"@type":"SearchAction","target":{"@type":"EntryPoint","urlTemplate":"https:\/\/legacy.jigsawpuzzel.nl\/pl\/?s={search_term_string}"},"query-input":{"@type":"PropertyValueSpecification","valueRequired":true,"valueName":"search_term_string"}}],"inLanguage":"en-US"}]}},"_links":{"self":[{"href":"https:\/\/legacy.jigsawpuzzel.nl\/pl\/wp-json\/wp\/v2\/pages\/10715","targetHints":{"allow":["GET"]}}],"collection":[{"href":"https:\/\/legacy.jigsawpuzzel.nl\/pl\/wp-json\/wp\/v2\/pages"}],"about":[{"href":"https:\/\/legacy.jigsawpuzzel.nl\/pl\/wp-json\/wp\/v2\/types\/page"}],"author":[{"embeddable":true,"href":"https:\/\/legacy.jigsawpuzzel.nl\/pl\/wp-json\/wp\/v2\/users\/1"}],"replies":[{"embeddable":true,"href":"https:\/\/legacy.jigsawpuzzel.nl\/pl\/wp-json\/wp\/v2\/comments?post=10715"}],"version-history":[{"count":2,"href":"https:\/\/legacy.jigsawpuzzel.nl\/pl\/wp-json\/wp\/v2\/pages\/10715\/revisions"}],"predecessor-version":[{"id":22932,"href":"https:\/\/legacy.jigsawpuzzel.nl\/pl\/wp-json\/wp\/v2\/pages\/10715\/revisions\/22932"}],"wp:attachment":[{"href":"https:\/\/legacy.jigsawpuzzel.nl\/pl\/wp-json\/wp\/v2\/media?parent=10715"}],"curies":[{"name":"wp","href":"https:\/\/api.w.org\/{rel}","templated":true}]}}