{"id":10698,"date":"2020-04-15T14:41:17","date_gmt":"2020-04-15T14:41:17","guid":{"rendered":"https:\/\/onlinejigsawpuzzles.net\/?page_id=10698"},"modified":"2024-02-07T18:20:32","modified_gmt":"2024-02-07T18:20:32","slug":"o","status":"publish","type":"page","link":"https:\/\/legacy.jigsawpuzzel.nl\/pl\/o\/","title":{"rendered":"O"},"content":{"rendered":"<section class=\"l-section wpb_row height_medium\"><div class=\"l-section-h i-cf\"><div class=\"g-cols vc_row via_flex valign_top type_default stacking_default\"><div class=\"vc_col-sm-6 wpb_column vc_column_container\"><div class=\"vc_column-inner\"><div class=\"wpb_wrapper\"><div class=\"wpb_text_column\"><div class=\"wpb_wrapper\"><h1>O nas<\/h1>\n<p>onlinejigsawpuzzles.net powsta\u0142 z mi\u0142o\u015bci do \u0142amig\u0142\u00f3wek online. Staramy si\u0119 oferowa\u0107 puzzle najwy\u017cszej mo\u017cliwej jako\u015bci. Wysoka jako\u015b\u0107 dzi\u0119ki doskona\u0142emu narz\u0119dziu do uk\u0142adania puzzli, kt\u00f3re dzia\u0142a dobrze na pe\u0142nym ekranie. Ponadto codziennie nowe \u0142amig\u0142\u00f3wki, kt\u00f3re s\u0105 zabawne i wymagaj\u0105ce.<\/p>\n<p>If you have any questions or comments, you can reach them via the <span style=\"color: #3366ff;\">contact<\/span> page.<\/p>\n<p>Dzi\u0119kujemy za wizyt\u0119 i mamy nadziej\u0119, \u017ce b\u0119dziesz cz\u0119sto wraca\u0107, aby cieszy\u0107 si\u0119 naszymi uk\u0142adankami internetowymi!<\/p>\n<\/div><\/div><\/div><\/div><\/div><div class=\"vc_col-sm-6 wpb_column vc_column_container\"><div class=\"vc_column-inner\"><div class=\"wpb_wrapper\"><div class=\"w-image align_none\"><div class=\"w-image-h\"><img decoding=\"async\" width=\"235\" height=\"171\" src=\"https:\/\/legacy.jigsawpuzzel.nl\/pl\/wp-content\/uploads\/2019\/11\/online-jigsaw-puzzles-logo-1.png\" class=\"attachment-full size-full\" alt=\"online jigsaw puzzles logo\" loading=\"lazy\" \/><\/div><\/div><\/div><\/div><\/div><\/div><\/div><\/section>\n","protected":false},"excerpt":{"rendered":"O nas onlinejigsawpuzzles.net powsta\u0142 z mi\u0142o\u015bci do \u0142amig\u0142\u00f3wek online. Staramy si\u0119 oferowa\u0107 puzzle najwy\u017cszej mo\u017cliwej jako\u015bci. Wysoka jako\u015b\u0107 dzi\u0119ki doskona\u0142emu narz\u0119dziu do uk\u0142adania puzzli, kt\u00f3re dzia\u0142a dobrze na pe\u0142nym ekranie. Ponadto codziennie nowe \u0142amig\u0142\u00f3wki, kt\u00f3re s\u0105 zabawne i wymagaj\u0105ce. If you have any questions or comments, you can reach them via the contact page. Dzi\u0119kujemy...","protected":false},"author":1,"featured_media":0,"parent":0,"menu_order":0,"comment_status":"closed","ping_status":"closed","template":"","meta":{"_acf_changed":false,"footnotes":""},"class_list":["post-10698","page","type-page","status-publish","hentry"],"acf":[],"yoast_head":"<!-- This site is optimized with the Yoast SEO plugin v26.6 - https:\/\/yoast.com\/wordpress\/plugins\/seo\/ -->\n<title>O - uk\u0142adanka internetowa<\/title>\n<meta name=\"robots\" content=\"index, follow, max-snippet:-1, max-image-preview:large, max-video-preview:-1\" \/>\n<link rel=\"canonical\" href=\"https:\/\/legacy.jigsawpuzzel.nl\/pl\/o\/\" \/>\n<meta property=\"og:locale\" content=\"en_US\" \/>\n<meta property=\"og:type\" content=\"article\" \/>\n<meta property=\"og:title\" content=\"O - uk\u0142adanka internetowa\" \/>\n<meta property=\"og:url\" content=\"https:\/\/legacy.jigsawpuzzel.nl\/pl\/o\/\" \/>\n<meta property=\"og:site_name\" content=\"uk\u0142adanka internetowa\" \/>\n<meta property=\"article:modified_time\" content=\"2024-02-07T18:20:32+00:00\" \/>\n<meta name=\"twitter:card\" content=\"summary_large_image\" \/>\n<meta name=\"twitter:label1\" content=\"Est. reading time\" \/>\n\t<meta name=\"twitter:data1\" content=\"1 minute\" \/>\n<script type=\"application\/ld+json\" class=\"yoast-schema-graph\">{\"@context\":\"https:\/\/schema.org\",\"@graph\":[{\"@type\":\"WebPage\",\"@id\":\"https:\/\/legacy.jigsawpuzzel.nl\/pl\/o\/\",\"url\":\"https:\/\/legacy.jigsawpuzzel.nl\/pl\/o\/\",\"name\":\"O - uk\u0142adanka internetowa\",\"isPartOf\":{\"@id\":\"https:\/\/legacy.jigsawpuzzel.nl\/pl\/#website\"},\"datePublished\":\"2020-04-15T14:41:17+00:00\",\"dateModified\":\"2024-02-07T18:20:32+00:00\",\"inLanguage\":\"en-US\",\"potentialAction\":[{\"@type\":\"ReadAction\",\"target\":[\"https:\/\/legacy.jigsawpuzzel.nl\/pl\/o\/\"]}]},{\"@type\":\"WebSite\",\"@id\":\"https:\/\/legacy.jigsawpuzzel.nl\/pl\/#website\",\"url\":\"https:\/\/legacy.jigsawpuzzel.nl\/pl\/\",\"name\":\"uk\u0142adanka internetowa\",\"description\":\"puzzle online dla dzieci i doros\u0142ych\",\"potentialAction\":[{\"@type\":\"SearchAction\",\"target\":{\"@type\":\"EntryPoint\",\"urlTemplate\":\"https:\/\/legacy.jigsawpuzzel.nl\/pl\/?s={search_term_string}\"},\"query-input\":{\"@type\":\"PropertyValueSpecification\",\"valueRequired\":true,\"valueName\":\"search_term_string\"}}],\"inLanguage\":\"en-US\"}]}<\/script>\n<!-- \/ Yoast SEO plugin. -->","yoast_head_json":{"title":"O - uk\u0142adanka internetowa","robots":{"index":"index","follow":"follow","max-snippet":"max-snippet:-1","max-image-preview":"max-image-preview:large","max-video-preview":"max-video-preview:-1"},"canonical":"https:\/\/legacy.jigsawpuzzel.nl\/pl\/o\/","og_locale":"en_US","og_type":"article","og_title":"O - uk\u0142adanka internetowa","og_url":"https:\/\/legacy.jigsawpuzzel.nl\/pl\/o\/","og_site_name":"uk\u0142adanka internetowa","article_modified_time":"2024-02-07T18:20:32+00:00","twitter_card":"summary_large_image","twitter_misc":{"Est. reading time":"1 minute"},"schema":{"@context":"https:\/\/schema.org","@graph":[{"@type":"WebPage","@id":"https:\/\/legacy.jigsawpuzzel.nl\/pl\/o\/","url":"https:\/\/legacy.jigsawpuzzel.nl\/pl\/o\/","name":"O - uk\u0142adanka internetowa","isPartOf":{"@id":"https:\/\/legacy.jigsawpuzzel.nl\/pl\/#website"},"datePublished":"2020-04-15T14:41:17+00:00","dateModified":"2024-02-07T18:20:32+00:00","inLanguage":"en-US","potentialAction":[{"@type":"ReadAction","target":["https:\/\/legacy.jigsawpuzzel.nl\/pl\/o\/"]}]},{"@type":"WebSite","@id":"https:\/\/legacy.jigsawpuzzel.nl\/pl\/#website","url":"https:\/\/legacy.jigsawpuzzel.nl\/pl\/","name":"uk\u0142adanka internetowa","description":"puzzle online dla dzieci i doros\u0142ych","potentialAction":[{"@type":"SearchAction","target":{"@type":"EntryPoint","urlTemplate":"https:\/\/legacy.jigsawpuzzel.nl\/pl\/?s={search_term_string}"},"query-input":{"@type":"PropertyValueSpecification","valueRequired":true,"valueName":"search_term_string"}}],"inLanguage":"en-US"}]}},"_links":{"self":[{"href":"https:\/\/legacy.jigsawpuzzel.nl\/pl\/wp-json\/wp\/v2\/pages\/10698","targetHints":{"allow":["GET"]}}],"collection":[{"href":"https:\/\/legacy.jigsawpuzzel.nl\/pl\/wp-json\/wp\/v2\/pages"}],"about":[{"href":"https:\/\/legacy.jigsawpuzzel.nl\/pl\/wp-json\/wp\/v2\/types\/page"}],"author":[{"embeddable":true,"href":"https:\/\/legacy.jigsawpuzzel.nl\/pl\/wp-json\/wp\/v2\/users\/1"}],"replies":[{"embeddable":true,"href":"https:\/\/legacy.jigsawpuzzel.nl\/pl\/wp-json\/wp\/v2\/comments?post=10698"}],"version-history":[{"count":1,"href":"https:\/\/legacy.jigsawpuzzel.nl\/pl\/wp-json\/wp\/v2\/pages\/10698\/revisions"}],"predecessor-version":[{"id":22894,"href":"https:\/\/legacy.jigsawpuzzel.nl\/pl\/wp-json\/wp\/v2\/pages\/10698\/revisions\/22894"}],"wp:attachment":[{"href":"https:\/\/legacy.jigsawpuzzel.nl\/pl\/wp-json\/wp\/v2\/media?parent=10698"}],"curies":[{"name":"wp","href":"https:\/\/api.w.org\/{rel}","templated":true}]}}