{"id":8919,"date":"2019-10-16T14:07:32","date_gmt":"2019-10-16T14:07:32","guid":{"rendered":"http:\/\/www.onlinejigsawpuzzles.net\/?page_id=8919"},"modified":"2024-02-07T14:48:31","modified_gmt":"2024-02-07T14:48:31","slug":"anime","status":"publish","type":"page","link":"https:\/\/legacy.jigsawpuzzel.nl\/it\/anime\/","title":{"rendered":"Anime"},"content":{"rendered":"<section class=\"l-section wpb_row height_medium\"><div class=\"l-section-h i-cf\"><div class=\"g-cols vc_row via_flex valign_top type_default stacking_default\"><div class=\"vc_col-sm-12 wpb_column vc_column_container\"><div class=\"vc_column-inner\"><div class=\"wpb_wrapper\"><div class=\"wpb_text_column\"><div class=\"wpb_wrapper\"><h1>Puzzle online di Anime Manga: giocabili gratuitamente<\/h1>\n<p>Questa pagina onlinejigsawpuzzles.net offre puzzle anime gratuiti online e puzzle manga. Abbiamo trovato gli sfondi di disegni pi\u00f9 belli e colorati per generare un puzzle. Puoi scegliere tra una variet\u00e0 di puzzle dalla galleria e anche scegliere il livello di difficolt\u00e0 da un semplice taglio da 6 pezzi per i bambini piccoli a 247 pezzi per bambini pi\u00f9 grandi e adulti. I puzzle online aiutano le persone ad imparare il controllo del mouse, sono divertenti ed educativi. Divertiti con questi puzzle di anime manga.<\/p>\n<\/div><\/div><div class=\"w-separator size_small\"><\/div><div class=\"g-cols wpb_row via_flex valign_top type_default stacking_default\"><div class=\"vc_col-sm-12 wpb_column vc_column_container pp\"><div class=\"vc_column-inner\"><div class=\"wpb_wrapper\"><div class=\"w-grid type_grid layout_8862 cols_3 pagination_regular\" id=\"us_grid_1\" style=\"--gap:1.5rem;\" data-filterable=\"true\"><style>@media (max-width:1449px){#us_grid_1 .w-grid-item{width:50%}}@media (max-width:1024px){#us_grid_1 .w-grid-item{width:50%}}@media (max-width:600px){#us_grid_1 .w-grid-list{margin:0}#us_grid_1 .w-grid-item{width:100%;padding:0;margin-bottom:var(--gap,0px)}}.layout_8862 .w-grid-item-h{}.layout_8862 .usg_post_image_1{text-transform:none!important;height:200px!important;max-height:200px!important;min-height:200px!important}.layout_8862 .usg_post_title_1{font-size:1rem!important;font-family:var(--font-family)!important;font-weight:500!important;text-transform:none!important;margin-left:6px!important;margin-top:6px!important}.layout_8862 .usg_post_date_1{font-size:14px!important;margin-left:6px!important;margin-top:4px!important}<\/style><div class=\"w-grid-list\">\t<article class=\"w-grid-item size_1x1 post-28830 puzzles type-puzzles status-publish has-post-thumbnail hentry puzzle_type-anime\" data-id=\"28830\">\r\n\t\t<div class=\"w-grid-item-h\">\r\n\t\t\t\t\t\t\t<a href=\"https:\/\/legacy.jigsawpuzzel.nl\/it\/puzzles\/studente-come-anime-studente\/\" class=\"w-grid-item-anchor\" aria-label=\"Studente come gli anime che studiano\"><\/a>\r\n\t\t\t\t\t\t<div class=\"w-post-elm post_image usg_post_image_1 has_height\"><a href=\"https:\/\/legacy.jigsawpuzzel.nl\/it\/puzzles\/studente-come-anime-studente\/\" aria-label=\"Studente come gli anime che studiano\"><img decoding=\"async\" width=\"520\" height=\"329\" src=\"https:\/\/legacy.jigsawpuzzel.nl\/it\/wp-content\/uploads\/2026\/01\/Student-like-anime-studying_puzzle.jpg\" class=\"attachment-full size-full wp-post-image\" alt=\"\" srcset=\"https:\/\/legacy.jigsawpuzzel.nl\/it\/wp-content\/uploads\/2026\/01\/Student-like-anime-studying_puzzle.jpg 520w, https:\/\/legacy.jigsawpuzzel.nl\/it\/wp-content\/uploads\/2026\/01\/Student-like-anime-studying_puzzle-300x190.jpg 300w\" sizes=\"(max-width: 520px) 100vw, 520px\" \/><\/a><\/div><p class=\"w-post-elm post_title usg_post_title_1 entry-title color_link_inherit\"><a href=\"https:\/\/legacy.jigsawpuzzel.nl\/it\/puzzles\/studente-come-anime-studente\/\">Studente come gli anime che studiano<\/a><\/p><time class=\"w-post-elm post_date usg_post_date_1 entry-date published\" datetime=\"2026-01-23T00:02:02+00:00\">January 23, 2026<\/time>\t\t<\/div>\r\n\t\t\t<\/article>\r\n\t<article class=\"w-grid-item size_1x1 post-28679 puzzles type-puzzles status-publish has-post-thumbnail hentry puzzle_type-anime\" data-id=\"28679\">\r\n\t\t<div class=\"w-grid-item-h\">\r\n\t\t\t\t\t\t\t<a href=\"https:\/\/legacy.jigsawpuzzel.nl\/it\/puzzles\/ragazza-carina-con-i-capelli-corti\/\" class=\"w-grid-item-anchor\" aria-label=\"Bella ragazza con i capelli corti\"><\/a>\r\n\t\t\t\t\t\t<div class=\"w-post-elm post_image usg_post_image_1 has_height\"><a href=\"https:\/\/legacy.jigsawpuzzel.nl\/it\/puzzles\/ragazza-carina-con-i-capelli-corti\/\" aria-label=\"Bella ragazza con i capelli corti\"><img decoding=\"async\" width=\"520\" height=\"329\" src=\"https:\/\/legacy.jigsawpuzzel.nl\/it\/wp-content\/uploads\/2026\/01\/Pretty-short-hair-setting-girl_puzzle.jpg\" class=\"attachment-full size-full wp-post-image\" alt=\"\" srcset=\"https:\/\/legacy.jigsawpuzzel.nl\/it\/wp-content\/uploads\/2026\/01\/Pretty-short-hair-setting-girl_puzzle.jpg 520w, https:\/\/legacy.jigsawpuzzel.nl\/it\/wp-content\/uploads\/2026\/01\/Pretty-short-hair-setting-girl_puzzle-300x190.jpg 300w\" sizes=\"(max-width: 520px) 100vw, 520px\" \/><\/a><\/div><p class=\"w-post-elm post_title usg_post_title_1 entry-title color_link_inherit\"><a href=\"https:\/\/legacy.jigsawpuzzel.nl\/it\/puzzles\/ragazza-carina-con-i-capelli-corti\/\">Bella ragazza con i capelli corti<\/a><\/p><time class=\"w-post-elm post_date usg_post_date_1 entry-date published\" datetime=\"2026-01-04T00:02:12+00:00\">January 4, 2026<\/time>\t\t<\/div>\r\n\t\t\t<\/article>\r\n\t<article class=\"w-grid-item size_1x1 post-28619 puzzles type-puzzles status-publish has-post-thumbnail hentry puzzle_type-anime\" data-id=\"28619\">\r\n\t\t<div class=\"w-grid-item-h\">\r\n\t\t\t\t\t\t\t<a href=\"https:\/\/legacy.jigsawpuzzel.nl\/it\/puzzles\/ragazza-in-uniforme-scolastica\/\" class=\"w-grid-item-anchor\" aria-label=\"Ragazza in uniforme scolastica\"><\/a>\r\n\t\t\t\t\t\t<div class=\"w-post-elm post_image usg_post_image_1 has_height\"><a href=\"https:\/\/legacy.jigsawpuzzel.nl\/it\/puzzles\/ragazza-in-uniforme-scolastica\/\" aria-label=\"Ragazza in uniforme scolastica\"><img decoding=\"async\" width=\"520\" height=\"329\" src=\"https:\/\/legacy.jigsawpuzzel.nl\/it\/wp-content\/uploads\/2025\/12\/Girl-in-school-uniform_puzzle.jpg\" class=\"attachment-full size-full wp-post-image\" alt=\"\" srcset=\"https:\/\/legacy.jigsawpuzzel.nl\/it\/wp-content\/uploads\/2025\/12\/Girl-in-school-uniform_puzzle.jpg 520w, https:\/\/legacy.jigsawpuzzel.nl\/it\/wp-content\/uploads\/2025\/12\/Girl-in-school-uniform_puzzle-300x190.jpg 300w\" sizes=\"(max-width: 520px) 100vw, 520px\" \/><\/a><\/div><p class=\"w-post-elm post_title usg_post_title_1 entry-title color_link_inherit\"><a href=\"https:\/\/legacy.jigsawpuzzel.nl\/it\/puzzles\/ragazza-in-uniforme-scolastica\/\">Ragazza in uniforme scolastica<\/a><\/p><time class=\"w-post-elm post_date usg_post_date_1 entry-date published\" datetime=\"2025-12-28T00:03:41+00:00\">December 28, 2025<\/time>\t\t<\/div>\r\n\t\t\t<\/article>\r\n\t<article class=\"w-grid-item size_1x1 post-28554 puzzles type-puzzles status-publish has-post-thumbnail hentry puzzle_type-anime\" data-id=\"28554\">\r\n\t\t<div class=\"w-grid-item-h\">\r\n\t\t\t\t\t\t\t<a href=\"https:\/\/legacy.jigsawpuzzel.nl\/it\/puzzles\/una-ragazza-in-biblioteca\/\" class=\"w-grid-item-anchor\" aria-label=\"Una ragazza in biblioteca\"><\/a>\r\n\t\t\t\t\t\t<div class=\"w-post-elm post_image usg_post_image_1 has_height\"><a href=\"https:\/\/legacy.jigsawpuzzel.nl\/it\/puzzles\/una-ragazza-in-biblioteca\/\" aria-label=\"Una ragazza in biblioteca\"><img decoding=\"async\" width=\"520\" height=\"329\" src=\"https:\/\/legacy.jigsawpuzzel.nl\/it\/wp-content\/uploads\/2025\/11\/A-girl-in-the-library_puzzle.jpg\" class=\"attachment-full size-full wp-post-image\" alt=\"\" srcset=\"https:\/\/legacy.jigsawpuzzel.nl\/it\/wp-content\/uploads\/2025\/11\/A-girl-in-the-library_puzzle.jpg 520w, https:\/\/legacy.jigsawpuzzel.nl\/it\/wp-content\/uploads\/2025\/11\/A-girl-in-the-library_puzzle-300x190.jpg 300w\" sizes=\"(max-width: 520px) 100vw, 520px\" \/><\/a><\/div><p class=\"w-post-elm post_title usg_post_title_1 entry-title color_link_inherit\"><a href=\"https:\/\/legacy.jigsawpuzzel.nl\/it\/puzzles\/una-ragazza-in-biblioteca\/\">Una ragazza in biblioteca<\/a><\/p><time class=\"w-post-elm post_date usg_post_date_1 entry-date published\" datetime=\"2025-12-20T00:02:11+00:00\">December 20, 2025<\/time>\t\t<\/div>\r\n\t\t\t<\/article>\r\n\t<article class=\"w-grid-item size_1x1 post-28483 puzzles type-puzzles status-publish has-post-thumbnail hentry puzzle_type-anime\" data-id=\"28483\">\r\n\t\t<div class=\"w-grid-item-h\">\r\n\t\t\t\t\t\t\t<a href=\"https:\/\/legacy.jigsawpuzzel.nl\/it\/puzzles\/adorabile-ragazza-anime\/\" class=\"w-grid-item-anchor\" aria-label=\"Bella ragazza anime\"><\/a>\r\n\t\t\t\t\t\t<div class=\"w-post-elm post_image usg_post_image_1 has_height\"><a href=\"https:\/\/legacy.jigsawpuzzel.nl\/it\/puzzles\/adorabile-ragazza-anime\/\" aria-label=\"Bella ragazza anime\"><img decoding=\"async\" width=\"520\" height=\"329\" src=\"https:\/\/legacy.jigsawpuzzel.nl\/it\/wp-content\/uploads\/2025\/12\/Lovely-anime-girl_puzzle.jpg\" class=\"attachment-full size-full wp-post-image\" alt=\"\" srcset=\"https:\/\/legacy.jigsawpuzzel.nl\/it\/wp-content\/uploads\/2025\/12\/Lovely-anime-girl_puzzle.jpg 520w, https:\/\/legacy.jigsawpuzzel.nl\/it\/wp-content\/uploads\/2025\/12\/Lovely-anime-girl_puzzle-300x190.jpg 300w\" sizes=\"(max-width: 520px) 100vw, 520px\" \/><\/a><\/div><p class=\"w-post-elm post_title usg_post_title_1 entry-title color_link_inherit\"><a href=\"https:\/\/legacy.jigsawpuzzel.nl\/it\/puzzles\/adorabile-ragazza-anime\/\">Bella ragazza anime<\/a><\/p><time class=\"w-post-elm post_date usg_post_date_1 entry-date published\" datetime=\"2025-12-11T00:03:46+00:00\">December 11, 2025<\/time>\t\t<\/div>\r\n\t\t\t<\/article>\r\n\t<article class=\"w-grid-item size_1x1 post-28459 puzzles type-puzzles status-publish has-post-thumbnail hentry puzzle_type-anime\" data-id=\"28459\">\r\n\t\t<div class=\"w-grid-item-h\">\r\n\t\t\t\t\t\t\t<a href=\"https:\/\/legacy.jigsawpuzzel.nl\/it\/puzzles\/ambientazione-da-bella-ragazza-anime\/\" class=\"w-grid-item-anchor\" aria-label=\"Bella ambientazione da ragazza anime\"><\/a>\r\n\t\t\t\t\t\t<div class=\"w-post-elm post_image usg_post_image_1 has_height\"><a href=\"https:\/\/legacy.jigsawpuzzel.nl\/it\/puzzles\/ambientazione-da-bella-ragazza-anime\/\" aria-label=\"Bella ambientazione da ragazza anime\"><img decoding=\"async\" width=\"520\" height=\"329\" src=\"https:\/\/legacy.jigsawpuzzel.nl\/it\/wp-content\/uploads\/2025\/12\/Pretty-anime-girl-setting_puzzle.jpg\" class=\"attachment-full size-full wp-post-image\" alt=\"\" srcset=\"https:\/\/legacy.jigsawpuzzel.nl\/it\/wp-content\/uploads\/2025\/12\/Pretty-anime-girl-setting_puzzle.jpg 520w, https:\/\/legacy.jigsawpuzzel.nl\/it\/wp-content\/uploads\/2025\/12\/Pretty-anime-girl-setting_puzzle-300x190.jpg 300w\" sizes=\"(max-width: 520px) 100vw, 520px\" \/><\/a><\/div><p class=\"w-post-elm post_title usg_post_title_1 entry-title color_link_inherit\"><a href=\"https:\/\/legacy.jigsawpuzzel.nl\/it\/puzzles\/ambientazione-da-bella-ragazza-anime\/\">Bella ambientazione da ragazza anime<\/a><\/p><time class=\"w-post-elm post_date usg_post_date_1 entry-date published\" datetime=\"2025-12-08T00:02:52+00:00\">December 8, 2025<\/time>\t\t<\/div>\r\n\t\t\t<\/article>\r\n\t<article class=\"w-grid-item size_1x1 post-28404 puzzles type-puzzles status-publish has-post-thumbnail hentry puzzle_type-anime\" data-id=\"28404\">\r\n\t\t<div class=\"w-grid-item-h\">\r\n\t\t\t\t\t\t\t<a href=\"https:\/\/legacy.jigsawpuzzel.nl\/it\/puzzles\/mai-oduka-personaggio-di-light-novel-giapponese\/\" class=\"w-grid-item-anchor\" aria-label=\"Mai Oduka personaggio della light novel giapponese\"><\/a>\r\n\t\t\t\t\t\t<div class=\"w-post-elm post_image usg_post_image_1 has_height\"><a href=\"https:\/\/legacy.jigsawpuzzel.nl\/it\/puzzles\/mai-oduka-personaggio-di-light-novel-giapponese\/\" aria-label=\"Mai Oduka personaggio della light novel giapponese\"><img decoding=\"async\" width=\"520\" height=\"329\" src=\"https:\/\/legacy.jigsawpuzzel.nl\/it\/wp-content\/uploads\/2025\/11\/Mai-Oduka-japanese-light-novel-character_puzzle.jpg\" class=\"attachment-full size-full wp-post-image\" alt=\"\" srcset=\"https:\/\/legacy.jigsawpuzzel.nl\/it\/wp-content\/uploads\/2025\/11\/Mai-Oduka-japanese-light-novel-character_puzzle.jpg 520w, https:\/\/legacy.jigsawpuzzel.nl\/it\/wp-content\/uploads\/2025\/11\/Mai-Oduka-japanese-light-novel-character_puzzle-300x190.jpg 300w\" sizes=\"(max-width: 520px) 100vw, 520px\" \/><\/a><\/div><p class=\"w-post-elm post_title usg_post_title_1 entry-title color_link_inherit\"><a href=\"https:\/\/legacy.jigsawpuzzel.nl\/it\/puzzles\/mai-oduka-personaggio-di-light-novel-giapponese\/\">Mai Oduka personaggio della light novel giapponese<\/a><\/p><time class=\"w-post-elm post_date usg_post_date_1 entry-date published\" datetime=\"2025-12-01T00:03:55+00:00\">December 1, 2025<\/time>\t\t<\/div>\r\n\t\t\t<\/article>\r\n\t<article class=\"w-grid-item size_1x1 post-28331 puzzles type-puzzles status-publish has-post-thumbnail hentry puzzle_type-anime\" data-id=\"28331\">\r\n\t\t<div class=\"w-grid-item-h\">\r\n\t\t\t\t\t\t\t<a href=\"https:\/\/legacy.jigsawpuzzel.nl\/it\/puzzles\/ragazza-anime-con-ambientazione-da-ufficio\/\" class=\"w-grid-item-anchor\" aria-label=\"Ragazza anime con ambientazione da ufficio\"><\/a>\r\n\t\t\t\t\t\t<div class=\"w-post-elm post_image usg_post_image_1 has_height\"><a href=\"https:\/\/legacy.jigsawpuzzel.nl\/it\/puzzles\/ragazza-anime-con-ambientazione-da-ufficio\/\" aria-label=\"Ragazza anime con ambientazione da ufficio\"><img decoding=\"async\" width=\"520\" height=\"329\" src=\"https:\/\/legacy.jigsawpuzzel.nl\/it\/wp-content\/uploads\/2025\/11\/Anime-girl-with-office-like-setting_puzzle.jpg\" class=\"attachment-full size-full wp-post-image\" alt=\"\" srcset=\"https:\/\/legacy.jigsawpuzzel.nl\/it\/wp-content\/uploads\/2025\/11\/Anime-girl-with-office-like-setting_puzzle.jpg 520w, https:\/\/legacy.jigsawpuzzel.nl\/it\/wp-content\/uploads\/2025\/11\/Anime-girl-with-office-like-setting_puzzle-300x190.jpg 300w\" sizes=\"(max-width: 520px) 100vw, 520px\" \/><\/a><\/div><p class=\"w-post-elm post_title usg_post_title_1 entry-title color_link_inherit\"><a href=\"https:\/\/legacy.jigsawpuzzel.nl\/it\/puzzles\/ragazza-anime-con-ambientazione-da-ufficio\/\">Ragazza anime con ambientazione da ufficio<\/a><\/p><time class=\"w-post-elm post_date usg_post_date_1 entry-date published\" datetime=\"2025-11-23T07:33:57+00:00\">November 23, 2025<\/time>\t\t<\/div>\r\n\t\t\t<\/article>\r\n\t<article class=\"w-grid-item size_1x1 post-28271 puzzles type-puzzles status-publish has-post-thumbnail hentry puzzle_type-anime\" data-id=\"28271\">\r\n\t\t<div class=\"w-grid-item-h\">\r\n\t\t\t\t\t\t\t<a href=\"https:\/\/legacy.jigsawpuzzel.nl\/it\/puzzles\/una-ragazza-che-cade\/\" class=\"w-grid-item-anchor\" aria-label=\"Una ragazza che cade\"><\/a>\r\n\t\t\t\t\t\t<div class=\"w-post-elm post_image usg_post_image_1 has_height\"><a href=\"https:\/\/legacy.jigsawpuzzel.nl\/it\/puzzles\/una-ragazza-che-cade\/\" aria-label=\"Una ragazza che cade\"><img decoding=\"async\" width=\"520\" height=\"329\" src=\"https:\/\/legacy.jigsawpuzzel.nl\/it\/wp-content\/uploads\/2025\/11\/A-girl-falling-down_puzzle.jpg\" class=\"attachment-full size-full wp-post-image\" alt=\"\" srcset=\"https:\/\/legacy.jigsawpuzzel.nl\/it\/wp-content\/uploads\/2025\/11\/A-girl-falling-down_puzzle.jpg 520w, https:\/\/legacy.jigsawpuzzel.nl\/it\/wp-content\/uploads\/2025\/11\/A-girl-falling-down_puzzle-300x190.jpg 300w\" sizes=\"(max-width: 520px) 100vw, 520px\" \/><\/a><\/div><p class=\"w-post-elm post_title usg_post_title_1 entry-title color_link_inherit\"><a href=\"https:\/\/legacy.jigsawpuzzel.nl\/it\/puzzles\/una-ragazza-che-cade\/\">Una ragazza che cade<\/a><\/p><time class=\"w-post-elm post_date usg_post_date_1 entry-date published\" datetime=\"2025-11-16T08:23:15+00:00\">November 16, 2025<\/time>\t\t<\/div>\r\n\t\t\t<\/article>\r\n<\/div><div class=\"w-grid-preloader\">\t<div class=\"g-preloader type_1\">\r\n\t\t<div><\/div>\r\n\t<\/div>\r\n\t<\/div>\t\t\t<nav class=\"pagination navigation\" role=\"navigation\">\r\n\t\t\t\t<div class=\"nav-links\">\r\n\t\t\t\t\t<span aria-current=\"page\" class=\"page-numbers current\"><span>1<\/span><\/span>\n<a class=\"page-numbers\" href=\"https:\/\/legacy.jigsawpuzzel.nl\/it\/wp-json\/wp\/v2\/pages\/8919\/page\/2\/\"><span>2<\/span><\/a>\n<a class=\"page-numbers\" href=\"https:\/\/legacy.jigsawpuzzel.nl\/it\/wp-json\/wp\/v2\/pages\/8919\/page\/3\/\"><span>3<\/span><\/a>\n<a class=\"page-numbers\" href=\"https:\/\/legacy.jigsawpuzzel.nl\/it\/wp-json\/wp\/v2\/pages\/8919\/page\/4\/\"><span>4<\/span><\/a>\n<span class=\"page-numbers dots\">&hellip;<\/span>\n<a class=\"page-numbers\" href=\"https:\/\/legacy.jigsawpuzzel.nl\/it\/wp-json\/wp\/v2\/pages\/8919\/page\/9\/\"><span>9<\/span><\/a>\n<a class=\"next page-numbers\" href=\"https:\/\/legacy.jigsawpuzzel.nl\/it\/wp-json\/wp\/v2\/pages\/8919\/page\/2\/\"><span>Next<\/span><\/a>\t\t\t\t<\/div>\r\n\t\t\t<\/nav>\r\n\t\t\t\t<div class=\"w-grid-json hidden\" onclick='return {&quot;action&quot;:&quot;us_ajax_grid&quot;,&quot;infinite_scroll&quot;:0,&quot;max_num_pages&quot;:9,&quot;pagination&quot;:&quot;regular&quot;,&quot;template_vars&quot;:{&quot;columns&quot;:&quot;3&quot;,&quot;exclude_items&quot;:&quot;none&quot;,&quot;img_size&quot;:&quot;default&quot;,&quot;ignore_items_size&quot;:0,&quot;items_layout&quot;:&quot;8862&quot;,&quot;items_offset&quot;:&quot;1&quot;,&quot;load_animation&quot;:&quot;none&quot;,&quot;overriding_link&quot;:&quot;%7B%22type%22%3A%22post%22%7D&quot;,&quot;post_id&quot;:0,&quot;query_args&quot;:{&quot;post_type&quot;:[&quot;puzzles&quot;],&quot;tax_query&quot;:[{&quot;taxonomy&quot;:&quot;puzzle_type&quot;,&quot;field&quot;:&quot;slug&quot;,&quot;terms&quot;:[&quot;anime&quot;]}],&quot;post_status&quot;:[&quot;publish&quot;,&quot;acf-disabled&quot;],&quot;posts_per_page&quot;:&quot;9&quot;},&quot;orderby_query_args&quot;:{&quot;orderby&quot;:{&quot;date&quot;:&quot;DESC&quot;}},&quot;type&quot;:&quot;grid&quot;,&quot;us_grid_post_type&quot;:&quot;puzzles&quot;,&quot;us_grid_ajax_index&quot;:1,&quot;us_grid_filter_query_string&quot;:null,&quot;us_grid_index&quot;:1,&quot;page_args&quot;:[]}}'><\/div>\r\n\t<\/div><\/div><\/div><\/div><\/div><div class=\"w-separator size_small with_line width_default thick_1 style_solid color_border align_center\"><div class=\"w-separator-h\"><\/div><\/div><div class=\"wpb_text_column\"><div class=\"wpb_wrapper\"><p>Gli anime iniziarono all&#39;inizio del 20\u00b0 secolo quando i registi giapponesi sperimentarono le tecniche di animazione. L&#39;anime pi\u00f9 antico conosciuto esistente fu proiettato per la prima volta nel 1917, una clip di due minuti di un samurai che cerca di testare una nuova spada sul suo bersaglio, solo per subire la sconfitta. Negli anni &#39;30 l&#39;animazione divenne un formato di narrazione alternativo all&#39;industria del live action in Giappone. Ma ha sofferto la concorrenza di produttori stranieri e di molti animatori.<\/p>\n<p>Gli anni &#39;70 videro un&#39;impennata della crescita della popolarit\u00e0 dei manga. Particolare attenzione ha attirato il lavoro di Osamu Tezuka, definito leggenda e dio dei manga. Il suo lavoro ha ispirato generi e caratteristiche che rimangono elementi fondamentali degli anime. Il genere dei robot giganti, noto come Mecha fuori dal Giappone, ad esempio, ha preso forma sotto Tezuka e si \u00e8 sviluppato in un genere di super robot sotto Go Nagai. Yoshiyuki Tomino ha sviluppato il genere Real Robot. Le serie di anime sui robot sono diventate subito dei classici negli anni &#39;80, e il genere degli anime sui robot \u00e8 ancora oggi uno dei pi\u00f9 comuni in Giappone e nel mondo. Negli anni &#39;80, gli anime divennero pi\u00f9 accettati in Giappone, anche se meno dei manga.<\/p>\n<\/div><\/div><\/div><\/div><\/div><\/div><\/div><\/section>\n","protected":false},"excerpt":{"rendered":"Una ragazza che cade nel puzzle online.","protected":false},"author":1,"featured_media":0,"parent":0,"menu_order":0,"comment_status":"closed","ping_status":"closed","template":"","meta":{"_acf_changed":false,"footnotes":""},"class_list":["post-8919","page","type-page","status-publish","hentry"],"acf":[],"yoast_head":"<!-- This site is optimized with the Yoast SEO plugin v26.6 - https:\/\/yoast.com\/wordpress\/plugins\/seo\/ -->\n<title>Puzzle online ANIME - puzzle manga. Gratuito.<\/title>\n<meta name=\"description\" content=\"Puzzle online di anime e puzzle online di manga. Puzzle anime manga. Gioco gratuito.\" \/>\n<meta name=\"robots\" content=\"index, follow, max-snippet:-1, max-image-preview:large, max-video-preview:-1\" \/>\n<link rel=\"canonical\" href=\"https:\/\/legacy.jigsawpuzzel.nl\/it\/anime\/\" \/>\n<meta property=\"og:locale\" content=\"en_US\" \/>\n<meta property=\"og:type\" content=\"article\" \/>\n<meta property=\"og:title\" content=\"Puzzle online ANIME - puzzle manga. Gratuito.\" \/>\n<meta property=\"og:description\" content=\"Puzzle online di anime e puzzle online di manga. Puzzle anime manga. Gioco gratuito.\" \/>\n<meta property=\"og:url\" content=\"https:\/\/legacy.jigsawpuzzel.nl\/it\/anime\/\" \/>\n<meta property=\"og:site_name\" content=\"Puzzle Online Gratis\" \/>\n<meta property=\"article:modified_time\" content=\"2024-02-07T14:48:31+00:00\" \/>\n<meta name=\"twitter:card\" content=\"summary_large_image\" \/>\n<meta name=\"twitter:label1\" content=\"Est. reading time\" \/>\n\t<meta name=\"twitter:data1\" content=\"2 minutes\" \/>\n<script type=\"application\/ld+json\" class=\"yoast-schema-graph\">{\"@context\":\"https:\/\/schema.org\",\"@graph\":[{\"@type\":\"WebPage\",\"@id\":\"https:\/\/legacy.jigsawpuzzel.nl\/it\/anime\/\",\"url\":\"https:\/\/legacy.jigsawpuzzel.nl\/it\/anime\/\",\"name\":\"Puzzle online ANIME - puzzle manga. Gratuito.\",\"isPartOf\":{\"@id\":\"https:\/\/legacy.jigsawpuzzel.nl\/it\/#website\"},\"datePublished\":\"2019-10-16T14:07:32+00:00\",\"dateModified\":\"2024-02-07T14:48:31+00:00\",\"description\":\"Puzzle online di anime e puzzle online di manga. Puzzle anime manga. Gioco gratuito.\",\"inLanguage\":\"en-US\",\"potentialAction\":[{\"@type\":\"ReadAction\",\"target\":[\"https:\/\/legacy.jigsawpuzzel.nl\/it\/anime\/\"]}]},{\"@type\":\"WebSite\",\"@id\":\"https:\/\/legacy.jigsawpuzzel.nl\/it\/#website\",\"url\":\"https:\/\/legacy.jigsawpuzzel.nl\/it\/\",\"name\":\"Puzzle Online Gratis\",\"description\":\"giochi online di puzzle\",\"potentialAction\":[{\"@type\":\"SearchAction\",\"target\":{\"@type\":\"EntryPoint\",\"urlTemplate\":\"https:\/\/legacy.jigsawpuzzel.nl\/it\/?s={search_term_string}\"},\"query-input\":{\"@type\":\"PropertyValueSpecification\",\"valueRequired\":true,\"valueName\":\"search_term_string\"}}],\"inLanguage\":\"en-US\"}]}<\/script>\n<!-- \/ Yoast SEO plugin. -->","yoast_head_json":{"title":"Puzzle online ANIME - puzzle manga. Gratuito.","description":"Puzzle online di anime e puzzle online di manga. Puzzle anime manga. Gioco gratuito.","robots":{"index":"index","follow":"follow","max-snippet":"max-snippet:-1","max-image-preview":"max-image-preview:large","max-video-preview":"max-video-preview:-1"},"canonical":"https:\/\/legacy.jigsawpuzzel.nl\/it\/anime\/","og_locale":"en_US","og_type":"article","og_title":"Puzzle online ANIME - puzzle manga. Gratuito.","og_description":"Puzzle online di anime e puzzle online di manga. Puzzle anime manga. Gioco gratuito.","og_url":"https:\/\/legacy.jigsawpuzzel.nl\/it\/anime\/","og_site_name":"Puzzle Online Gratis","article_modified_time":"2024-02-07T14:48:31+00:00","twitter_card":"summary_large_image","twitter_misc":{"Est. reading time":"2 minutes"},"schema":{"@context":"https:\/\/schema.org","@graph":[{"@type":"WebPage","@id":"https:\/\/legacy.jigsawpuzzel.nl\/it\/anime\/","url":"https:\/\/legacy.jigsawpuzzel.nl\/it\/anime\/","name":"Puzzle online ANIME - puzzle manga. Gratuito.","isPartOf":{"@id":"https:\/\/legacy.jigsawpuzzel.nl\/it\/#website"},"datePublished":"2019-10-16T14:07:32+00:00","dateModified":"2024-02-07T14:48:31+00:00","description":"Puzzle online di anime e puzzle online di manga. Puzzle anime manga. Gioco gratuito.","inLanguage":"en-US","potentialAction":[{"@type":"ReadAction","target":["https:\/\/legacy.jigsawpuzzel.nl\/it\/anime\/"]}]},{"@type":"WebSite","@id":"https:\/\/legacy.jigsawpuzzel.nl\/it\/#website","url":"https:\/\/legacy.jigsawpuzzel.nl\/it\/","name":"Puzzle Online Gratis","description":"giochi online di puzzle","potentialAction":[{"@type":"SearchAction","target":{"@type":"EntryPoint","urlTemplate":"https:\/\/legacy.jigsawpuzzel.nl\/it\/?s={search_term_string}"},"query-input":{"@type":"PropertyValueSpecification","valueRequired":true,"valueName":"search_term_string"}}],"inLanguage":"en-US"}]}},"_links":{"self":[{"href":"https:\/\/legacy.jigsawpuzzel.nl\/it\/wp-json\/wp\/v2\/pages\/8919","targetHints":{"allow":["GET"]}}],"collection":[{"href":"https:\/\/legacy.jigsawpuzzel.nl\/it\/wp-json\/wp\/v2\/pages"}],"about":[{"href":"https:\/\/legacy.jigsawpuzzel.nl\/it\/wp-json\/wp\/v2\/types\/page"}],"author":[{"embeddable":true,"href":"https:\/\/legacy.jigsawpuzzel.nl\/it\/wp-json\/wp\/v2\/users\/1"}],"replies":[{"embeddable":true,"href":"https:\/\/legacy.jigsawpuzzel.nl\/it\/wp-json\/wp\/v2\/comments?post=8919"}],"version-history":[{"count":1,"href":"https:\/\/legacy.jigsawpuzzel.nl\/it\/wp-json\/wp\/v2\/pages\/8919\/revisions"}],"predecessor-version":[{"id":22918,"href":"https:\/\/legacy.jigsawpuzzel.nl\/it\/wp-json\/wp\/v2\/pages\/8919\/revisions\/22918"}],"wp:attachment":[{"href":"https:\/\/legacy.jigsawpuzzel.nl\/it\/wp-json\/wp\/v2\/media?parent=8919"}],"curies":[{"name":"wp","href":"https:\/\/api.w.org\/{rel}","templated":true}]}}