{"id":15107,"date":"2021-09-24T13:34:45","date_gmt":"2021-09-24T13:34:45","guid":{"rendered":"https:\/\/onlinejigsawpuzzles.net\/?page_id=15107"},"modified":"2024-02-07T14:46:47","modified_gmt":"2024-02-07T14:46:47","slug":"storia","status":"publish","type":"page","link":"https:\/\/legacy.jigsawpuzzel.nl\/it\/storia\/","title":{"rendered":"Storia"},"content":{"rendered":"<section class=\"l-section wpb_row height_medium\"><div class=\"l-section-h i-cf\"><div class=\"g-cols vc_row via_flex valign_top type_default stacking_default\"><div class=\"vc_col-sm-12 wpb_column vc_column_container\"><div class=\"vc_column-inner\"><div class=\"wpb_wrapper\"><div class=\"wpb_text_column us_custom_933613eb\"><div class=\"wpb_wrapper\"><h1>Storia dei puzzle<\/h1>\n<p>For those who fancy jigsaw puzzles, did you know that the first one is believed to be produced in 1760 by <span style=\"color: #ff6600;\">John Spilsbury<\/span>, a Londoner engraver and mapmaker. Fu utilizzato per scopi didattici perch\u00e9 gli insegnanti ritenevano utile insegnare la geografia ai bambini e continu\u00f2 ad essere utilizzato in tale modo fino al 1820. Il risultato finale \u00e8 stata una mappa di legno duro tagliata in diverse forme, che mostrava pezzi di paesi. Proprio come oggi, i bambini dovevano mettere insieme il puzzle.<\/p>\n<p><img decoding=\"async\" class=\"alignleft wp-image-15109 size-medium\" src=\"https:\/\/onlinejigsawpuzzles.net\/wp-content\/uploads\/2021\/09\/Spilsbury_jigsaw_-_John_Spilsbury_1766_-_BL-300x281.jpg\" alt=\"Storia dei puzzle\" width=\"300\" height=\"281\" srcset=\"https:\/\/legacy.jigsawpuzzel.nl\/it\/wp-content\/uploads\/2021\/09\/Spilsbury_jigsaw_-_John_Spilsbury_1766_-_BL-300x281.jpg 300w, https:\/\/legacy.jigsawpuzzel.nl\/it\/wp-content\/uploads\/2021\/09\/Spilsbury_jigsaw_-_John_Spilsbury_1766_-_BL-1024x958.jpg 1024w, https:\/\/legacy.jigsawpuzzel.nl\/it\/wp-content\/uploads\/2021\/09\/Spilsbury_jigsaw_-_John_Spilsbury_1766_-_BL.jpg 1434w\" sizes=\"(max-width: 300px) 100vw, 300px\" \/><\/p>\n<p>Successivamente, il puzzle ha subito alcune modifiche nel modo in cui \u00e8 stato realizzato. Si dice che nel 1820 i pezzi venissero tagliati con una sega a pedale, ma in realt\u00e0 al posto del seghetto alternativo si utilizzava una sega da traforo. Un altro cambiamento avvenne alla fine del secolo. Hanno deciso di utilizzare il compensato per renderlo pi\u00f9 attraente. I pezzi sono stati tracciati con una matita per tracciare le linee prima di tagliare la mappa, e le illustrazioni sono state utilizzate nella parte anteriore per creare un design simpatico e accattivante per gli acquirenti. Se sei spinto dalla curiosit\u00e0, tali tracciati a matita si trovano ancora oggi nei vecchi puzzle.<\/p>\n<h2>I puzzle erano focalizzati principalmente sul mercato dei bambini<\/h2>\n<p>Il processo di miglioramento dei puzzle \u00e8 stato lungo. Alla fine del 1800 furono finalmente lanciati i puzzle in cartone. Poich\u00e9 il primo era un ottimo strumento per incoraggiare i bambini allo studio, i puzzle in cartone si concentrarono principalmente nel mercato dell&#39;intrattenimento infantile. Anche il metodo di taglio dei pezzi \u00e8 stato modificato alla fine del XX secolo. I puzzle di cartone erano fustellati, utilizzando sottili strisce di metallo con bordi affilati. Il metallo ritorto veniva pressato sulla lastra, e successivamente sul cartone, conferendogli una forma simpatica e precisa. Alla fine, i bambini (o meglio i genitori), potranno scegliere tra puzzle in legno o in cartone.<\/p>\n<p>Cos\u00ec, all&#39;inizio del 1900, i produttori continuarono a produrre puzzle in legno pensando che quelli in cartone non fossero cos\u00ec esclusivi come quelli in cartone. Era davvero il vero motivo? Oppure era il profitto che ottenevano vendendo puzzle di legno? La differenza non era piccola. Giusto per darti un&#39;idea, il costo di un puzzle in legno era di 1 dollaro.00 ma quello di cartone costa 25\u00a2.<\/p>\n<h2>L&#39;et\u00e0 d&#39;oro dei puzzle<\/h2>\n<p>Il vero successo dei puzzle inizi\u00f2 negli anni &#39;20 e &#39;30, considerati l&#39;et\u00e0 dell&#39;oro. I puzzle di qualit\u00e0 assomigliavano a scene significative, entusiasmo per i settori innovativi del trasporto ferroviario e marittimo e, naturalmente, nuove strategie di marketing. Tutto questo \u00e8 stato lanciato e prodotto da aziende come Chad Valley e Victory in Gran Bretagna ed Einson-Freeman, Viking e molte altre negli Stati Uniti.<\/p>\n<h2>Maggiore attenzione alle et\u00e0 piuttosto che ai bambini<\/h2>\n<p>Cosa avevano in mente queste aziende durante la creazione della nuova versione dei puzzle? Tutti volevano espandere il mercato e concentrarsi su pi\u00f9 fasce d&#39;et\u00e0 piuttosto che sui bambini. Gli adulti si sono concentrati e hanno dato loro il desiderio di creare puzzle pi\u00f9 difficili ma comunque attraenti. Un&#39;idea di successo \u00e8 stata quella di regalare un puzzle se i clienti acquistavano un oggetto. Ad esempio, Einson-Freeman di Long Island City, New York, inizi\u00f2 ad applicare tale strategia nel 1931, regalando un puzzle per ogni acquisto di spazzolini da denti. Gli anni della Grande Depressione del settembre 1931 diedero spazio a una nuova strategia: il puzzle settimanale. Ci\u00f2 \u00e8 stato implementato inizialmente negli Stati Uniti, stampando 12000 puzzle. Il numero continu\u00f2 a crescere e raggiunse i 200000.<\/p>\n<p>Questo era un nuovo modo di intrattenere le persone poich\u00e9 quegli anni erano difficili da vivere e le attivit\u00e0 in qualche modo non erano cos\u00ec divertenti come giocare a un puzzle. Era considerato uno strumento attraente per individui o anche gruppi di persone o amici. La cosa pi\u00f9 interessante \u00e8 il fatto che quei puzzle venivano usati da pi\u00f9 di una famiglia. Sono stati condivisi con altri parenti subito dopo che uno di loro ha finito e risolto il puzzle. In altre parole, era un affare economico e un buon strumento per combattere lo stress e l\u2019ansia. Non solo i bambini, ma anche gli adulti sembravano apprezzare cos\u00ec tanto i puzzle che continuavano a comprarli. Forme e immagini diverse li rendevano ogni volta pi\u00f9 curiosi.<\/p>\n<h2>Puzzle, intrattenimento senza tempo!<\/h2>\n<p>I puzzle hanno resistito al tempo, non si sono arrugginiti e dimenticati con il tempo, invece le persone, come gli adulti o i genitori, continuano ad acquistare tali giochi passatempo a scopo di intrattenimento. Alcuni insegnanti, soprattutto nella scuola dell&#39;infanzia o primaria, utilizzano i puzzle per una lezione divertente e diversificata per far apprendere i bambini in modo pi\u00f9 efficace. Assemblare puzzle \u00e8 pi\u00f9 salutare che giocare ai videogiochi. Il nostro cervello reagisce in modo da stimolare la nostra concentrazione e focus, la memoria migliora e la nostra immaginazione gioca di pi\u00f9 con le immagini del puzzle. I videogiochi sono in qualche modo divertenti ma, secondo gli studi, creano pi\u00f9 dipendenza dei puzzle. L&#39;intrattenimento digitale comporta effetti collaterali, come l&#39;affaticamento degli occhi dovuto ai raggi blu, ma ci\u00f2 non accade con i puzzle. Fai una scelta saggia e divertiti allo stesso tempo.<\/p>\n<\/div><\/div><\/div><\/div><\/div><\/div><\/div><\/section>\n","protected":false},"excerpt":{"rendered":"Storia dei puzzle For those who fancy jigsaw puzzles, did you know that the first one is believed to be produced in 1760 by John Spilsbury, a Londoner engraver and mapmaker. Fu utilizzato per scopi didattici perch\u00e9 gli insegnanti ritenevano utile insegnare la geografia ai bambini e continu\u00f2 ad essere utilizzato in tale modo fino...","protected":false},"author":1,"featured_media":0,"parent":0,"menu_order":0,"comment_status":"closed","ping_status":"closed","template":"","meta":{"_acf_changed":false,"footnotes":""},"class_list":["post-15107","page","type-page","status-publish","hentry"],"acf":[],"yoast_head":"<!-- This site is optimized with the Yoast SEO plugin v26.6 - https:\/\/yoast.com\/wordpress\/plugins\/seo\/ -->\n<title>Storia dei puzzle - Puzzle Online Gratis<\/title>\n<meta name=\"description\" content=\"Si ritiene che il primo puzzle sia stato prodotto nel 1760 da John Spilsbury, un incisore e cartografo londinese. Leggi tutta la storia qui.\" \/>\n<meta name=\"robots\" content=\"index, follow, max-snippet:-1, max-image-preview:large, max-video-preview:-1\" \/>\n<link rel=\"canonical\" href=\"https:\/\/legacy.jigsawpuzzel.nl\/it\/storia\/\" \/>\n<meta property=\"og:locale\" content=\"en_US\" \/>\n<meta property=\"og:type\" content=\"article\" \/>\n<meta property=\"og:title\" content=\"Storia dei puzzle - Puzzle Online Gratis\" \/>\n<meta property=\"og:description\" content=\"Si ritiene che il primo puzzle sia stato prodotto nel 1760 da John Spilsbury, un incisore e cartografo londinese. Leggi tutta la storia qui.\" \/>\n<meta property=\"og:url\" content=\"https:\/\/legacy.jigsawpuzzel.nl\/it\/storia\/\" \/>\n<meta property=\"og:site_name\" content=\"Puzzle Online Gratis\" \/>\n<meta property=\"article:modified_time\" content=\"2024-02-07T14:46:47+00:00\" \/>\n<meta property=\"og:image\" content=\"https:\/\/onlinejigsawpuzzles.net\/wp-content\/uploads\/2021\/09\/Spilsbury_jigsaw_-_John_Spilsbury_1766_-_BL-300x281.jpg\" \/>\n<meta name=\"twitter:card\" content=\"summary_large_image\" \/>\n<meta name=\"twitter:label1\" content=\"Est. reading time\" \/>\n\t<meta name=\"twitter:data1\" content=\"4 minutes\" \/>\n<script type=\"application\/ld+json\" class=\"yoast-schema-graph\">{\"@context\":\"https:\/\/schema.org\",\"@graph\":[{\"@type\":\"WebPage\",\"@id\":\"https:\/\/legacy.jigsawpuzzel.nl\/it\/storia\/\",\"url\":\"https:\/\/legacy.jigsawpuzzel.nl\/it\/storia\/\",\"name\":\"Storia dei puzzle - Puzzle Online Gratis\",\"isPartOf\":{\"@id\":\"https:\/\/legacy.jigsawpuzzel.nl\/it\/#website\"},\"primaryImageOfPage\":{\"@id\":\"https:\/\/legacy.jigsawpuzzel.nl\/it\/storia\/#primaryimage\"},\"image\":{\"@id\":\"https:\/\/legacy.jigsawpuzzel.nl\/it\/storia\/#primaryimage\"},\"thumbnailUrl\":\"https:\/\/onlinejigsawpuzzles.net\/wp-content\/uploads\/2021\/09\/Spilsbury_jigsaw_-_John_Spilsbury_1766_-_BL-300x281.jpg\",\"datePublished\":\"2021-09-24T13:34:45+00:00\",\"dateModified\":\"2024-02-07T14:46:47+00:00\",\"description\":\"Si ritiene che il primo puzzle sia stato prodotto nel 1760 da John Spilsbury, un incisore e cartografo londinese. Leggi tutta la storia qui.\",\"inLanguage\":\"en-US\",\"potentialAction\":[{\"@type\":\"ReadAction\",\"target\":[\"https:\/\/legacy.jigsawpuzzel.nl\/it\/storia\/\"]}]},{\"@type\":\"ImageObject\",\"inLanguage\":\"en-US\",\"@id\":\"https:\/\/legacy.jigsawpuzzel.nl\/it\/storia\/#primaryimage\",\"url\":\"https:\/\/onlinejigsawpuzzles.net\/wp-content\/uploads\/2021\/09\/Spilsbury_jigsaw_-_John_Spilsbury_1766_-_BL-300x281.jpg\",\"contentUrl\":\"https:\/\/onlinejigsawpuzzles.net\/wp-content\/uploads\/2021\/09\/Spilsbury_jigsaw_-_John_Spilsbury_1766_-_BL-300x281.jpg\"},{\"@type\":\"WebSite\",\"@id\":\"https:\/\/legacy.jigsawpuzzel.nl\/it\/#website\",\"url\":\"https:\/\/legacy.jigsawpuzzel.nl\/it\/\",\"name\":\"Puzzle Online Gratis\",\"description\":\"giochi online di puzzle\",\"potentialAction\":[{\"@type\":\"SearchAction\",\"target\":{\"@type\":\"EntryPoint\",\"urlTemplate\":\"https:\/\/legacy.jigsawpuzzel.nl\/it\/?s={search_term_string}\"},\"query-input\":{\"@type\":\"PropertyValueSpecification\",\"valueRequired\":true,\"valueName\":\"search_term_string\"}}],\"inLanguage\":\"en-US\"}]}<\/script>\n<!-- \/ Yoast SEO plugin. -->","yoast_head_json":{"title":"Storia dei puzzle - Puzzle Online Gratis","description":"Si ritiene che il primo puzzle sia stato prodotto nel 1760 da John Spilsbury, un incisore e cartografo londinese. Leggi tutta la storia qui.","robots":{"index":"index","follow":"follow","max-snippet":"max-snippet:-1","max-image-preview":"max-image-preview:large","max-video-preview":"max-video-preview:-1"},"canonical":"https:\/\/legacy.jigsawpuzzel.nl\/it\/storia\/","og_locale":"en_US","og_type":"article","og_title":"Storia dei puzzle - Puzzle Online Gratis","og_description":"Si ritiene che il primo puzzle sia stato prodotto nel 1760 da John Spilsbury, un incisore e cartografo londinese. Leggi tutta la storia qui.","og_url":"https:\/\/legacy.jigsawpuzzel.nl\/it\/storia\/","og_site_name":"Puzzle Online Gratis","article_modified_time":"2024-02-07T14:46:47+00:00","og_image":[{"url":"https:\/\/onlinejigsawpuzzles.net\/wp-content\/uploads\/2021\/09\/Spilsbury_jigsaw_-_John_Spilsbury_1766_-_BL-300x281.jpg","type":"","width":"","height":""}],"twitter_card":"summary_large_image","twitter_misc":{"Est. reading time":"4 minutes"},"schema":{"@context":"https:\/\/schema.org","@graph":[{"@type":"WebPage","@id":"https:\/\/legacy.jigsawpuzzel.nl\/it\/storia\/","url":"https:\/\/legacy.jigsawpuzzel.nl\/it\/storia\/","name":"Storia dei puzzle - Puzzle Online Gratis","isPartOf":{"@id":"https:\/\/legacy.jigsawpuzzel.nl\/it\/#website"},"primaryImageOfPage":{"@id":"https:\/\/legacy.jigsawpuzzel.nl\/it\/storia\/#primaryimage"},"image":{"@id":"https:\/\/legacy.jigsawpuzzel.nl\/it\/storia\/#primaryimage"},"thumbnailUrl":"https:\/\/onlinejigsawpuzzles.net\/wp-content\/uploads\/2021\/09\/Spilsbury_jigsaw_-_John_Spilsbury_1766_-_BL-300x281.jpg","datePublished":"2021-09-24T13:34:45+00:00","dateModified":"2024-02-07T14:46:47+00:00","description":"Si ritiene che il primo puzzle sia stato prodotto nel 1760 da John Spilsbury, un incisore e cartografo londinese. Leggi tutta la storia qui.","inLanguage":"en-US","potentialAction":[{"@type":"ReadAction","target":["https:\/\/legacy.jigsawpuzzel.nl\/it\/storia\/"]}]},{"@type":"ImageObject","inLanguage":"en-US","@id":"https:\/\/legacy.jigsawpuzzel.nl\/it\/storia\/#primaryimage","url":"https:\/\/onlinejigsawpuzzles.net\/wp-content\/uploads\/2021\/09\/Spilsbury_jigsaw_-_John_Spilsbury_1766_-_BL-300x281.jpg","contentUrl":"https:\/\/onlinejigsawpuzzles.net\/wp-content\/uploads\/2021\/09\/Spilsbury_jigsaw_-_John_Spilsbury_1766_-_BL-300x281.jpg"},{"@type":"WebSite","@id":"https:\/\/legacy.jigsawpuzzel.nl\/it\/#website","url":"https:\/\/legacy.jigsawpuzzel.nl\/it\/","name":"Puzzle Online Gratis","description":"giochi online di puzzle","potentialAction":[{"@type":"SearchAction","target":{"@type":"EntryPoint","urlTemplate":"https:\/\/legacy.jigsawpuzzel.nl\/it\/?s={search_term_string}"},"query-input":{"@type":"PropertyValueSpecification","valueRequired":true,"valueName":"search_term_string"}}],"inLanguage":"en-US"}]}},"_links":{"self":[{"href":"https:\/\/legacy.jigsawpuzzel.nl\/it\/wp-json\/wp\/v2\/pages\/15107","targetHints":{"allow":["GET"]}}],"collection":[{"href":"https:\/\/legacy.jigsawpuzzel.nl\/it\/wp-json\/wp\/v2\/pages"}],"about":[{"href":"https:\/\/legacy.jigsawpuzzel.nl\/it\/wp-json\/wp\/v2\/types\/page"}],"author":[{"embeddable":true,"href":"https:\/\/legacy.jigsawpuzzel.nl\/it\/wp-json\/wp\/v2\/users\/1"}],"replies":[{"embeddable":true,"href":"https:\/\/legacy.jigsawpuzzel.nl\/it\/wp-json\/wp\/v2\/comments?post=15107"}],"version-history":[{"count":1,"href":"https:\/\/legacy.jigsawpuzzel.nl\/it\/wp-json\/wp\/v2\/pages\/15107\/revisions"}],"predecessor-version":[{"id":22893,"href":"https:\/\/legacy.jigsawpuzzel.nl\/it\/wp-json\/wp\/v2\/pages\/15107\/revisions\/22893"}],"wp:attachment":[{"href":"https:\/\/legacy.jigsawpuzzel.nl\/it\/wp-json\/wp\/v2\/media?parent=15107"}],"curies":[{"name":"wp","href":"https:\/\/api.w.org\/{rel}","templated":true}]}}