{"id":12034,"date":"2020-07-02T09:02:35","date_gmt":"2020-07-02T09:02:35","guid":{"rendered":"https:\/\/onlinejigsawpuzzles.net\/?page_id=12034"},"modified":"2024-02-07T14:46:51","modified_gmt":"2024-02-07T14:46:51","slug":"puzzle","status":"publish","type":"page","link":"https:\/\/legacy.jigsawpuzzel.nl\/it\/puzzle\/","title":{"rendered":"Puzzle"},"content":{"rendered":"<section class=\"l-section wpb_row us_custom_0f8f44b7 height_auto\"><div class=\"l-section-h i-cf\"><div class=\"g-cols vc_row via_flex valign_top type_default stacking_default\"><div class=\"vc_col-sm-12 wpb_column vc_column_container\"><div class=\"vc_column-inner\"><div class=\"wpb_wrapper\"><div class=\"wpb_text_column\"><div class=\"wpb_wrapper\"><h1>Puzzle, Gioca online a Puzzle gratuiti<\/h1>\n<p>onlinejigsawpuzzles.net offre puzzle online, da giocare gratuitamente. Abbiamo trovato gli sfondi e le immagini pi\u00f9 belli e colorati per generare ogni puzzle. Puoi scegliere tra una variet\u00e0 di temi dalla galleria contenente animali, animali domestici, cani, gatti, cavalli, castelli, anime, cartoni animati, cibo, bambini, motociclette, scene naturali, navi e barche, viaggi, spiritualit\u00e0, vacanze e puzzle artistici. Puoi anche scegliere il livello di difficolt\u00e0 da un semplice taglio da 6 pezzi a 247 pezzi. Giocare con i puzzle online aiuta le persone ad imparare il controllo del mouse, \u00e8 educativo e divertente. Goditi questo sito Web con puzzle gratuiti online.<\/p>\n<\/div><\/div><\/div><\/div><\/div><\/div><\/div><\/section><section class=\"l-section wpb_row us_custom_f212f645 height_auto\"><div class=\"l-section-h i-cf\"><div class=\"g-cols vc_row via_flex valign_top type_default stacking_default\"><div class=\"vc_col-sm-12 wpb_column vc_column_container\"><div class=\"vc_column-inner\"><div class=\"wpb_wrapper\"><div class=\"g-cols wpb_row via_flex valign_top type_default stacking_default\"><div class=\"vc_col-sm-12 wpb_column vc_column_container pp\"><div class=\"vc_column-inner\"><div class=\"wpb_wrapper\">[vc_custom_heading text=&#8221;Puzzle giornalieri online, gratuiti&#8221; use_theme_fonts=&#8221;yes&#8221;]<div class=\"w-grid type_grid layout_8862 cols_3\" id=\"us_grid_1\" style=\"--gap:1.5rem;\" data-filterable=\"true\"><style>@media (max-width:1449px){#us_grid_1 .w-grid-item{width:50%}}@media (max-width:1024px){#us_grid_1 .w-grid-item{width:50%}}@media (max-width:600px){#us_grid_1 .w-grid-list{margin:0}#us_grid_1 .w-grid-item{width:100%;padding:0;margin-bottom:var(--gap,0px)}}.layout_8862 .w-grid-item-h{}.layout_8862 .usg_post_image_1{text-transform:none!important;height:200px!important;max-height:200px!important;min-height:200px!important}.layout_8862 .usg_post_title_1{font-size:1rem!important;font-family:var(--font-family)!important;font-weight:500!important;text-transform:none!important;margin-left:6px!important;margin-top:6px!important}.layout_8862 .usg_post_date_1{font-size:14px!important;margin-left:6px!important;margin-top:4px!important}<\/style><div class=\"w-grid-list\">\t<article class=\"w-grid-item size_1x1 post-28882 puzzles type-puzzles status-publish has-post-thumbnail hentry puzzle_type-cibo\" data-id=\"28882\">\r\n\t\t<div class=\"w-grid-item-h\">\r\n\t\t\t\t\t\t\t<a href=\"https:\/\/legacy.jigsawpuzzel.nl\/it\/puzzles\/colazione-assortita-con-insalata-fresca\/\" class=\"w-grid-item-anchor\" aria-label=\"Colazione assortita con insalata fresca\"><\/a>\r\n\t\t\t\t\t\t<div class=\"w-post-elm post_image usg_post_image_1 has_height\"><a href=\"https:\/\/legacy.jigsawpuzzel.nl\/it\/puzzles\/colazione-assortita-con-insalata-fresca\/\" aria-label=\"Colazione assortita con insalata fresca\"><img decoding=\"async\" width=\"520\" height=\"329\" src=\"https:\/\/legacy.jigsawpuzzel.nl\/it\/wp-content\/uploads\/2026\/01\/Assorted-breakfast-with-fresh-salad_puzzle.jpg\" class=\"attachment-full size-full wp-post-image\" alt=\"\" srcset=\"https:\/\/legacy.jigsawpuzzel.nl\/it\/wp-content\/uploads\/2026\/01\/Assorted-breakfast-with-fresh-salad_puzzle.jpg 520w, https:\/\/legacy.jigsawpuzzel.nl\/it\/wp-content\/uploads\/2026\/01\/Assorted-breakfast-with-fresh-salad_puzzle-300x190.jpg 300w\" sizes=\"(max-width: 520px) 100vw, 520px\" \/><\/a><\/div><p class=\"w-post-elm post_title usg_post_title_1 entry-title color_link_inherit\"><a href=\"https:\/\/legacy.jigsawpuzzel.nl\/it\/puzzles\/colazione-assortita-con-insalata-fresca\/\">Colazione assortita con insalata fresca<\/a><\/p><time class=\"w-post-elm post_date usg_post_date_1 entry-date published\" datetime=\"2026-01-29T00:04:27+00:00\">January 29, 2026<\/time>\t\t<\/div>\r\n\t\t\t<\/article>\r\n\t<article class=\"w-grid-item size_1x1 post-28880 puzzles type-puzzles status-publish has-post-thumbnail hentry puzzle_type-natura\" data-id=\"28880\">\r\n\t\t<div class=\"w-grid-item-h\">\r\n\t\t\t\t\t\t\t<a href=\"https:\/\/legacy.jigsawpuzzel.nl\/it\/puzzles\/piscine-naturali-color-turchese\/\" class=\"w-grid-item-anchor\" aria-label=\"Piscine naturali color turchese\"><\/a>\r\n\t\t\t\t\t\t<div class=\"w-post-elm post_image usg_post_image_1 has_height\"><a href=\"https:\/\/legacy.jigsawpuzzel.nl\/it\/puzzles\/piscine-naturali-color-turchese\/\" aria-label=\"Piscine naturali color turchese\"><img decoding=\"async\" width=\"520\" height=\"329\" src=\"https:\/\/legacy.jigsawpuzzel.nl\/it\/wp-content\/uploads\/2026\/01\/Turquoise-colored-natural-pools_puzzle-1-3.jpg\" class=\"attachment-full size-full wp-post-image\" alt=\"Turquoise colored natural pools\" srcset=\"https:\/\/legacy.jigsawpuzzel.nl\/it\/wp-content\/uploads\/2026\/01\/Turquoise-colored-natural-pools_puzzle-1-3.jpg 520w, https:\/\/legacy.jigsawpuzzel.nl\/it\/wp-content\/uploads\/2026\/01\/Turquoise-colored-natural-pools_puzzle-1-3-300x190.jpg 300w\" sizes=\"(max-width: 520px) 100vw, 520px\" \/><\/a><\/div><p class=\"w-post-elm post_title usg_post_title_1 entry-title color_link_inherit\"><a href=\"https:\/\/legacy.jigsawpuzzel.nl\/it\/puzzles\/piscine-naturali-color-turchese\/\">Piscine naturali color turchese<\/a><\/p><time class=\"w-post-elm post_date usg_post_date_1 entry-date published\" datetime=\"2026-01-29T00:03:08+00:00\">January 29, 2026<\/time>\t\t<\/div>\r\n\t\t\t<\/article>\r\n\t<article class=\"w-grid-item size_1x1 post-28879 puzzles type-puzzles status-publish has-post-thumbnail hentry puzzle_type-animali\" data-id=\"28879\">\r\n\t\t<div class=\"w-grid-item-h\">\r\n\t\t\t\t\t\t\t<a href=\"https:\/\/legacy.jigsawpuzzel.nl\/it\/puzzles\/koala-addormentato-su-un-albero\/\" class=\"w-grid-item-anchor\" aria-label=\"Koala addormentato su un albero\"><\/a>\r\n\t\t\t\t\t\t<div class=\"w-post-elm post_image usg_post_image_1 has_height\"><a href=\"https:\/\/legacy.jigsawpuzzel.nl\/it\/puzzles\/koala-addormentato-su-un-albero\/\" aria-label=\"Koala addormentato su un albero\"><img decoding=\"async\" width=\"520\" height=\"329\" src=\"https:\/\/legacy.jigsawpuzzel.nl\/it\/wp-content\/uploads\/2026\/01\/Sleeping-koala-in-a-tree-_puzzle.jpg\" class=\"attachment-full size-full wp-post-image\" alt=\"\" srcset=\"https:\/\/legacy.jigsawpuzzel.nl\/it\/wp-content\/uploads\/2026\/01\/Sleeping-koala-in-a-tree-_puzzle.jpg 520w, https:\/\/legacy.jigsawpuzzel.nl\/it\/wp-content\/uploads\/2026\/01\/Sleeping-koala-in-a-tree-_puzzle-300x190.jpg 300w\" sizes=\"(max-width: 520px) 100vw, 520px\" \/><\/a><\/div><p class=\"w-post-elm post_title usg_post_title_1 entry-title color_link_inherit\"><a href=\"https:\/\/legacy.jigsawpuzzel.nl\/it\/puzzles\/koala-addormentato-su-un-albero\/\">Koala addormentato su un albero<\/a><\/p><time class=\"w-post-elm post_date usg_post_date_1 entry-date published\" datetime=\"2026-01-29T00:02:08+00:00\">January 29, 2026<\/time>\t\t<\/div>\r\n\t\t\t<\/article>\r\n\t<article class=\"w-grid-item size_1x1 post-28878 puzzles type-puzzles status-publish has-post-thumbnail hentry puzzle_type-inverno puzzle_type-olandese\" data-id=\"28878\">\r\n\t\t<div class=\"w-grid-item-h\">\r\n\t\t\t\t\t\t\t<a href=\"https:\/\/legacy.jigsawpuzzel.nl\/it\/puzzles\/inverno-da-qualche-parte-delft-paesi-bassi-legno\/\" class=\"w-grid-item-anchor\" aria-label=\"Inverno da qualche parte Delft Paesi Bassi legno\"><\/a>\r\n\t\t\t\t\t\t<div class=\"w-post-elm post_image usg_post_image_1 has_height\"><a href=\"https:\/\/legacy.jigsawpuzzel.nl\/it\/puzzles\/inverno-da-qualche-parte-delft-paesi-bassi-legno\/\" aria-label=\"Inverno da qualche parte Delft Paesi Bassi legno\"><img decoding=\"async\" width=\"520\" height=\"329\" src=\"https:\/\/legacy.jigsawpuzzel.nl\/it\/wp-content\/uploads\/2026\/01\/Winter-somewhere-Delft-Netherlands-wood_puzzle.jpg\" class=\"attachment-full size-full wp-post-image\" alt=\"\" srcset=\"https:\/\/legacy.jigsawpuzzel.nl\/it\/wp-content\/uploads\/2026\/01\/Winter-somewhere-Delft-Netherlands-wood_puzzle.jpg 520w, https:\/\/legacy.jigsawpuzzel.nl\/it\/wp-content\/uploads\/2026\/01\/Winter-somewhere-Delft-Netherlands-wood_puzzle-300x190.jpg 300w\" sizes=\"(max-width: 520px) 100vw, 520px\" \/><\/a><\/div><p class=\"w-post-elm post_title usg_post_title_1 entry-title color_link_inherit\"><a href=\"https:\/\/legacy.jigsawpuzzel.nl\/it\/puzzles\/inverno-da-qualche-parte-delft-paesi-bassi-legno\/\">Inverno da qualche parte Delft Paesi Bassi legno<\/a><\/p><time class=\"w-post-elm post_date usg_post_date_1 entry-date published\" datetime=\"2026-01-29T00:01:52+00:00\">January 29, 2026<\/time>\t\t<\/div>\r\n\t\t\t<\/article>\r\n\t<article class=\"w-grid-item size_1x1 post-28873 puzzles type-puzzles status-publish has-post-thumbnail hentry puzzle_type-inverno puzzle_type-paesaggio puzzle_type-viaggio\" data-id=\"28873\">\r\n\t\t<div class=\"w-grid-item-h\">\r\n\t\t\t\t\t\t\t<a href=\"https:\/\/legacy.jigsawpuzzel.nl\/it\/puzzles\/snow-covered-mountain-landscape-with-several-chalet-style-building\/\" class=\"w-grid-item-anchor\" aria-label=\"Paesaggio montano innevato con diversi edifici in stile chalet\"><\/a>\r\n\t\t\t\t\t\t<div class=\"w-post-elm post_image usg_post_image_1 has_height\"><a href=\"https:\/\/legacy.jigsawpuzzel.nl\/it\/puzzles\/snow-covered-mountain-landscape-with-several-chalet-style-building\/\" aria-label=\"Paesaggio montano innevato con diversi edifici in stile chalet\"><img decoding=\"async\" width=\"520\" height=\"329\" src=\"https:\/\/legacy.jigsawpuzzel.nl\/it\/wp-content\/uploads\/2026\/01\/Snow-covered-mountain-landscape-with-several-chalet-style-building-_puzzle.jpg\" class=\"attachment-full size-full wp-post-image\" alt=\"\" srcset=\"https:\/\/legacy.jigsawpuzzel.nl\/it\/wp-content\/uploads\/2026\/01\/Snow-covered-mountain-landscape-with-several-chalet-style-building-_puzzle.jpg 520w, https:\/\/legacy.jigsawpuzzel.nl\/it\/wp-content\/uploads\/2026\/01\/Snow-covered-mountain-landscape-with-several-chalet-style-building-_puzzle-300x190.jpg 300w\" sizes=\"(max-width: 520px) 100vw, 520px\" \/><\/a><\/div><p class=\"w-post-elm post_title usg_post_title_1 entry-title color_link_inherit\"><a href=\"https:\/\/legacy.jigsawpuzzel.nl\/it\/puzzles\/snow-covered-mountain-landscape-with-several-chalet-style-building\/\">Paesaggio montano innevato con diversi edifici in stile chalet<\/a><\/p><time class=\"w-post-elm post_date usg_post_date_1 entry-date published\" datetime=\"2026-01-28T00:04:08+00:00\">January 28, 2026<\/time>\t\t<\/div>\r\n\t\t\t<\/article>\r\n\t<article class=\"w-grid-item size_1x1 post-28872 puzzles type-puzzles status-publish has-post-thumbnail hentry puzzle_type-natura\" data-id=\"28872\">\r\n\t\t<div class=\"w-grid-item-h\">\r\n\t\t\t\t\t\t\t<a href=\"https:\/\/legacy.jigsawpuzzel.nl\/it\/puzzles\/canna-erba-cina\/\" class=\"w-grid-item-anchor\" aria-label=\"Erba cinese di canna\"><\/a>\r\n\t\t\t\t\t\t<div class=\"w-post-elm post_image usg_post_image_1 has_height\"><a href=\"https:\/\/legacy.jigsawpuzzel.nl\/it\/puzzles\/canna-erba-cina\/\" aria-label=\"Erba cinese di canna\"><img decoding=\"async\" width=\"520\" height=\"329\" src=\"https:\/\/legacy.jigsawpuzzel.nl\/it\/wp-content\/uploads\/2026\/01\/Reed-China-grass-_puzzle.jpg\" class=\"attachment-full size-full wp-post-image\" alt=\"\" srcset=\"https:\/\/legacy.jigsawpuzzel.nl\/it\/wp-content\/uploads\/2026\/01\/Reed-China-grass-_puzzle.jpg 520w, https:\/\/legacy.jigsawpuzzel.nl\/it\/wp-content\/uploads\/2026\/01\/Reed-China-grass-_puzzle-300x190.jpg 300w\" sizes=\"(max-width: 520px) 100vw, 520px\" \/><\/a><\/div><p class=\"w-post-elm post_title usg_post_title_1 entry-title color_link_inherit\"><a href=\"https:\/\/legacy.jigsawpuzzel.nl\/it\/puzzles\/canna-erba-cina\/\">Erba cinese di canna<\/a><\/p><time class=\"w-post-elm post_date usg_post_date_1 entry-date published\" datetime=\"2026-01-28T00:03:09+00:00\">January 28, 2026<\/time>\t\t<\/div>\r\n\t\t\t<\/article>\r\n<\/div><div class=\"w-grid-preloader\">\t<div class=\"g-preloader type_1\">\r\n\t\t<div><\/div>\r\n\t<\/div>\r\n\t<\/div>\t<div class=\"w-grid-json hidden\" onclick='return {&quot;action&quot;:&quot;us_ajax_grid&quot;,&quot;infinite_scroll&quot;:0,&quot;max_num_pages&quot;:784,&quot;pagination&quot;:&quot;none&quot;,&quot;template_vars&quot;:{&quot;columns&quot;:&quot;3&quot;,&quot;exclude_items&quot;:&quot;none&quot;,&quot;img_size&quot;:&quot;default&quot;,&quot;ignore_items_size&quot;:0,&quot;items_layout&quot;:&quot;8862&quot;,&quot;items_offset&quot;:&quot;1&quot;,&quot;load_animation&quot;:&quot;none&quot;,&quot;overriding_link&quot;:&quot;%7B%22type%22%3A%22post%22%7D&quot;,&quot;post_id&quot;:0,&quot;query_args&quot;:{&quot;post_type&quot;:[&quot;puzzles&quot;],&quot;post_status&quot;:[&quot;publish&quot;,&quot;acf-disabled&quot;],&quot;posts_per_page&quot;:&quot;6&quot;},&quot;orderby_query_args&quot;:{&quot;orderby&quot;:{&quot;date&quot;:&quot;DESC&quot;}},&quot;type&quot;:&quot;grid&quot;,&quot;us_grid_post_type&quot;:&quot;puzzles&quot;,&quot;us_grid_ajax_index&quot;:1,&quot;us_grid_filter_query_string&quot;:null,&quot;us_grid_index&quot;:1,&quot;page_args&quot;:[]}}'><\/div>\r\n\t<\/div><\/div><\/div><\/div><\/div><div class=\"w-separator size_medium\"><\/div><div class=\"w-btn-wrapper align_none\"><a class=\"w-btn us-btn-style_1\" href=\"https:\/\/onlinejigsawpuzzles.net\/daily-jigsaw-puzzle\/page\/2\/\"><span class=\"w-btn-label\">Altri puzzle<\/span><\/a><\/div><div class=\"w-separator size_medium\"><\/div><div class=\"wpb_text_column\"><div class=\"wpb_wrapper\"><h2>Storia dei puzzle<\/h2>\n<p>Il primo puzzle fu prodotto intorno al 1760 da John Spilsbury, un cartografo di Londra, Regno Unito. Spilsbury ha montato una mappa su un foglio di legno e ha tagliato i confini dei paesi utilizzando una sega a lama fine. Il prodotto finale \u00e8 stato un passatempo educativo, per consentire ai bambini di imparare la geografia. L&#39;idea prese piede e, fino al 1820, rimase per\u00f2 principalmente uno strumento educativo.<\/p>\n<p>L&#39;et\u00e0 dell&#39;oro dei puzzle arriv\u00f2 negli anni &#39;20 e &#39;30. La strategia \u00e8 stata quella di rendere un puzzle di cartone pi\u00f9 difficile, piacendo cos\u00ec tanto ai grandi quanto ai bambini. Questa pratica inizi\u00f2 negli Stati Uniti nel settembre 1932 con una tiratura iniziale di 12 esemplari.000 enigmi. Subito dopo le stampe salirono a 100.000 e 200.000.<\/p>\n<\/div><\/div><\/div><\/div><\/div><\/div><\/div><\/section>\n","protected":false},"excerpt":{"rendered":"Puzzle online di erba cinese.","protected":false},"author":1,"featured_media":0,"parent":0,"menu_order":0,"comment_status":"closed","ping_status":"closed","template":"","meta":{"_acf_changed":false,"footnotes":""},"class_list":["post-12034","page","type-page","status-publish","hentry"],"acf":[],"yoast_head":"<!-- This site is optimized with the Yoast SEO plugin v26.6 - https:\/\/yoast.com\/wordpress\/plugins\/seo\/ -->\n<title>Puzzle - Puzzle Online Gratis<\/title>\n<meta name=\"description\" content=\"Gioca ai puzzle online. Gioca ai puzzle online a schermo intero. Scegli il livello di difficolt\u00e0 modificando il numero di pezzi.\" \/>\n<meta name=\"robots\" content=\"index, follow, max-snippet:-1, max-image-preview:large, max-video-preview:-1\" \/>\n<link rel=\"canonical\" href=\"https:\/\/legacy.jigsawpuzzel.nl\/it\/puzzle\/\" \/>\n<meta property=\"og:locale\" content=\"en_US\" \/>\n<meta property=\"og:type\" content=\"article\" \/>\n<meta property=\"og:title\" content=\"Puzzle - Puzzle Online Gratis\" \/>\n<meta property=\"og:description\" content=\"Gioca ai puzzle online. Gioca ai puzzle online a schermo intero. Scegli il livello di difficolt\u00e0 modificando il numero di pezzi.\" \/>\n<meta property=\"og:url\" content=\"https:\/\/legacy.jigsawpuzzel.nl\/it\/puzzle\/\" \/>\n<meta property=\"og:site_name\" content=\"Puzzle Online Gratis\" \/>\n<meta property=\"article:modified_time\" content=\"2024-02-07T14:46:51+00:00\" \/>\n<meta name=\"twitter:card\" content=\"summary_large_image\" \/>\n<meta name=\"twitter:label1\" content=\"Est. reading time\" \/>\n\t<meta name=\"twitter:data1\" content=\"2 minutes\" \/>\n<script type=\"application\/ld+json\" class=\"yoast-schema-graph\">{\"@context\":\"https:\/\/schema.org\",\"@graph\":[{\"@type\":\"WebPage\",\"@id\":\"https:\/\/legacy.jigsawpuzzel.nl\/it\/puzzle\/\",\"url\":\"https:\/\/legacy.jigsawpuzzel.nl\/it\/puzzle\/\",\"name\":\"Puzzle - Puzzle Online Gratis\",\"isPartOf\":{\"@id\":\"https:\/\/legacy.jigsawpuzzel.nl\/it\/#website\"},\"datePublished\":\"2020-07-02T09:02:35+00:00\",\"dateModified\":\"2024-02-07T14:46:51+00:00\",\"description\":\"Gioca ai puzzle online. Gioca ai puzzle online a schermo intero. Scegli il livello di difficolt\u00e0 modificando il numero di pezzi.\",\"inLanguage\":\"en-US\",\"potentialAction\":[{\"@type\":\"ReadAction\",\"target\":[\"https:\/\/legacy.jigsawpuzzel.nl\/it\/puzzle\/\"]}]},{\"@type\":\"WebSite\",\"@id\":\"https:\/\/legacy.jigsawpuzzel.nl\/it\/#website\",\"url\":\"https:\/\/legacy.jigsawpuzzel.nl\/it\/\",\"name\":\"Puzzle Online Gratis\",\"description\":\"giochi online di puzzle\",\"potentialAction\":[{\"@type\":\"SearchAction\",\"target\":{\"@type\":\"EntryPoint\",\"urlTemplate\":\"https:\/\/legacy.jigsawpuzzel.nl\/it\/?s={search_term_string}\"},\"query-input\":{\"@type\":\"PropertyValueSpecification\",\"valueRequired\":true,\"valueName\":\"search_term_string\"}}],\"inLanguage\":\"en-US\"}]}<\/script>\n<!-- \/ Yoast SEO plugin. -->","yoast_head_json":{"title":"Puzzle - Puzzle Online Gratis","description":"Gioca ai puzzle online. Gioca ai puzzle online a schermo intero. Scegli il livello di difficolt\u00e0 modificando il numero di pezzi.","robots":{"index":"index","follow":"follow","max-snippet":"max-snippet:-1","max-image-preview":"max-image-preview:large","max-video-preview":"max-video-preview:-1"},"canonical":"https:\/\/legacy.jigsawpuzzel.nl\/it\/puzzle\/","og_locale":"en_US","og_type":"article","og_title":"Puzzle - Puzzle Online Gratis","og_description":"Gioca ai puzzle online. Gioca ai puzzle online a schermo intero. Scegli il livello di difficolt\u00e0 modificando il numero di pezzi.","og_url":"https:\/\/legacy.jigsawpuzzel.nl\/it\/puzzle\/","og_site_name":"Puzzle Online Gratis","article_modified_time":"2024-02-07T14:46:51+00:00","twitter_card":"summary_large_image","twitter_misc":{"Est. reading time":"2 minutes"},"schema":{"@context":"https:\/\/schema.org","@graph":[{"@type":"WebPage","@id":"https:\/\/legacy.jigsawpuzzel.nl\/it\/puzzle\/","url":"https:\/\/legacy.jigsawpuzzel.nl\/it\/puzzle\/","name":"Puzzle - Puzzle Online Gratis","isPartOf":{"@id":"https:\/\/legacy.jigsawpuzzel.nl\/it\/#website"},"datePublished":"2020-07-02T09:02:35+00:00","dateModified":"2024-02-07T14:46:51+00:00","description":"Gioca ai puzzle online. Gioca ai puzzle online a schermo intero. Scegli il livello di difficolt\u00e0 modificando il numero di pezzi.","inLanguage":"en-US","potentialAction":[{"@type":"ReadAction","target":["https:\/\/legacy.jigsawpuzzel.nl\/it\/puzzle\/"]}]},{"@type":"WebSite","@id":"https:\/\/legacy.jigsawpuzzel.nl\/it\/#website","url":"https:\/\/legacy.jigsawpuzzel.nl\/it\/","name":"Puzzle Online Gratis","description":"giochi online di puzzle","potentialAction":[{"@type":"SearchAction","target":{"@type":"EntryPoint","urlTemplate":"https:\/\/legacy.jigsawpuzzel.nl\/it\/?s={search_term_string}"},"query-input":{"@type":"PropertyValueSpecification","valueRequired":true,"valueName":"search_term_string"}}],"inLanguage":"en-US"}]}},"_links":{"self":[{"href":"https:\/\/legacy.jigsawpuzzel.nl\/it\/wp-json\/wp\/v2\/pages\/12034","targetHints":{"allow":["GET"]}}],"collection":[{"href":"https:\/\/legacy.jigsawpuzzel.nl\/it\/wp-json\/wp\/v2\/pages"}],"about":[{"href":"https:\/\/legacy.jigsawpuzzel.nl\/it\/wp-json\/wp\/v2\/types\/page"}],"author":[{"embeddable":true,"href":"https:\/\/legacy.jigsawpuzzel.nl\/it\/wp-json\/wp\/v2\/users\/1"}],"replies":[{"embeddable":true,"href":"https:\/\/legacy.jigsawpuzzel.nl\/it\/wp-json\/wp\/v2\/comments?post=12034"}],"version-history":[{"count":1,"href":"https:\/\/legacy.jigsawpuzzel.nl\/it\/wp-json\/wp\/v2\/pages\/12034\/revisions"}],"predecessor-version":[{"id":22895,"href":"https:\/\/legacy.jigsawpuzzel.nl\/it\/wp-json\/wp\/v2\/pages\/12034\/revisions\/22895"}],"wp:attachment":[{"href":"https:\/\/legacy.jigsawpuzzel.nl\/it\/wp-json\/wp\/v2\/media?parent=12034"}],"curies":[{"name":"wp","href":"https:\/\/api.w.org\/{rel}","templated":true}]}}