{"id":10715,"date":"2020-04-15T16:24:25","date_gmt":"2020-04-15T16:24:25","guid":{"rendered":"https:\/\/onlinejigsawpuzzles.net\/do-not-sell-my-personal-information\/"},"modified":"2024-02-07T14:47:06","modified_gmt":"2024-02-07T14:47:06","slug":"cookie-policy-noi","status":"publish","type":"page","link":"https:\/\/legacy.jigsawpuzzel.nl\/it\/cookie-policy-noi\/","title":{"rendered":"Gestione dei Cookie"},"content":{"rendered":"<h1>Politica sui cookie per i puzzle online<\/h1>\n<p>Questa \u00e8 la Cookie Policy per Onlinejigsawpuzzles, accessibile da https:\/\/onlinejigsawpuzzles.net<\/p>\n<p>Cosa sono i cookie<\/p>\n<p>Come \u00e8 prassi comune con quasi tutti i siti Web professionali, questo sito utilizza i cookie, ovvero piccoli file che vengono scaricati sul tuo computer, per migliorare la tua esperienza. Questa pagina descrive quali informazioni raccolgono, come le utilizziamo e perch\u00e9 a volte abbiamo bisogno di memorizzare questi cookie. Condivideremo anche come impedire la memorizzazione di questi cookie, tuttavia ci\u00f2 potrebbe ridurre o &quot;interrompere&quot; alcuni elementi della funzionalit\u00e0 dei siti.<\/p>\n<p>Come utilizziamo i cookie<\/p>\n<p>Utilizziamo i cookie per una serie di motivi descritti di seguito. Sfortunatamente nella maggior parte dei casi non esistono opzioni standard del settore per disabilitare i cookie senza disabilitare completamente le funzionalit\u00e0 e le caratteristiche che aggiungono a questo sito. Si consiglia di lasciare attivi tutti i cookie se non sei sicuro se ne hai bisogno o meno nel caso in cui vengano utilizzati per fornire un servizio che utilizzi.<\/p>\n<p>Disabilitazione dei cookie<\/p>\n<p>Puoi impedire l&#39;impostazione dei cookie modificando le impostazioni del tuo browser (consulta la Guida del tuo browser per sapere come farlo). Tieni presente che la disattivazione dei cookie influir\u00e0 sulla funzionalit\u00e0 di questo e di molti altri siti Web che visiti. La disabilitazione dei cookie di solito comporta anche la disabilitazione di alcune funzionalit\u00e0 e caratteristiche di questo sito. Pertanto si consiglia di non disabilitare i cookie.<\/p>\n<p>I cookie che impostiamo<\/p>\n<ul>\n<li>Cookie delle preferenze del sito\n<p>Per fornirti un&#39;ottima esperienza su questo sito forniamo la funzionalit\u00e0 per impostare le tue preferenze su come funziona questo sito quando lo utilizzi. Per ricordare le tue preferenze dobbiamo impostare i cookie in modo che queste informazioni possano essere richiamate ogni volta che interagisci con una pagina influenzata dalle tue preferenze.<\/li>\n<\/ul>\n<p>Cookie di terze parti<\/p>\n<p>In alcuni casi particolari utilizziamo anche cookie forniti da terze parti fidate. La sezione seguente descrive in dettaglio quali cookie di terze parti potresti incontrare attraverso questo sito.<\/p>\n<ul>\n<li>Questo sito utilizza Google Analytics, una delle soluzioni di analisi pi\u00f9 diffuse e affidabili sul Web per aiutarci a capire come utilizzi il sito e i modi in cui possiamo migliorare la tua esperienza. Questi cookie possono tenere traccia di cose come il tempo che trascorri sul sito e le pagine che visiti in modo da poter continuare a produrre contenuti accattivanti.\n<p>Per ulteriori informazioni sui cookie di Google Analytics consultare la pagina ufficiale di Google Analytics.<\/li>\n<li>Di tanto in tanto testiamo nuove funzionalit\u00e0 e apportiamo sottili modifiche al modo in cui viene fornito il sito. Quando stiamo ancora testando nuove funzionalit\u00e0, questi cookie possono essere utilizzati per garantire che tu riceva un&#39;esperienza coerente mentre sei sul sito, assicurandoci al contempo di comprendere quali ottimizzazioni i nostri utenti apprezzano di pi\u00f9.<\/li>\n<li>Il servizio Google AdSense che utilizziamo per pubblicare la pubblicit\u00e0 utilizza un cookie DoubleClick per pubblicare annunci pi\u00f9 pertinenti sul Web e limitare il numero di volte in cui un determinato annuncio ti viene mostrato.\n<p>Per ulteriori informazioni su Google AdSense consultare le domande frequenti sulla privacy ufficiali di Google AdSense.<\/li>\n<li>Utilizziamo la pubblicit\u00e0 per compensare i costi di gestione di questo sito e fornire finanziamenti per l&#39;ulteriore sviluppo. I cookie di pubblicit\u00e0 comportamentale utilizzati da questo sito sono progettati per garantire che ti forniamo gli annunci pi\u00f9 pertinenti, ove possibile, tracciando in modo anonimo i tuoi interessi e presentando cose simili che potrebbero interessarti.<\/li>\n<\/ul>\n<p>Maggiori informazioni<\/p>\n<p>Speriamo che questo ti abbia chiarito le cose e, come accennato in precedenza, se c&#39;\u00e8 qualcosa di cui non sei sicuro di aver bisogno o meno, di solito \u00e8 pi\u00f9 sicuro lasciare i cookie abilitati nel caso in cui interagisca con una delle funzionalit\u00e0 che usi sul nostro sito.<\/p>\n<p>Se stai ancora cercando ulteriori informazioni, puoi contattarci tramite uno dei nostri metodi di contatto preferiti:<\/p>\n<ul>\n<li>Visitando questo link: https:\/\/onlinejigsawpuzzles.net\/contatto\/<\/li>\n<\/ul>\n","protected":false},"excerpt":{"rendered":"<p>Politica sui cookie per i puzzle online Questa \u00e8 la Cookie Policy per Onlinejigsawpuzzles, accessibile da https:\/\/onlinejigsawpuzzles.net Cosa sono i cookie Come \u00e8 prassi comune con quasi tutti i siti Web professionali, questo sito utilizza i cookie, ovvero piccoli file che vengono scaricati sul tuo computer, per migliorare la tua esperienza. Questa pagina descrive quali&#8230;<\/p>\n","protected":false},"author":1,"featured_media":0,"parent":0,"menu_order":0,"comment_status":"closed","ping_status":"closed","template":"","meta":{"_acf_changed":false,"footnotes":""},"class_list":["post-10715","page","type-page","status-publish","hentry"],"acf":[],"yoast_head":"<!-- This site is optimized with the Yoast SEO plugin v26.6 - https:\/\/yoast.com\/wordpress\/plugins\/seo\/ -->\n<title>Gestione dei Cookie - Puzzle Online Gratis<\/title>\n<meta name=\"robots\" content=\"index, follow, max-snippet:-1, max-image-preview:large, max-video-preview:-1\" \/>\n<link rel=\"canonical\" href=\"https:\/\/legacy.jigsawpuzzel.nl\/it\/cookie-policy-noi\/\" \/>\n<meta property=\"og:locale\" content=\"en_US\" \/>\n<meta property=\"og:type\" content=\"article\" \/>\n<meta property=\"og:title\" content=\"Gestione dei Cookie - Puzzle Online Gratis\" \/>\n<meta property=\"og:description\" content=\"Politica sui cookie per i puzzle online Questa \u00e8 la Cookie Policy per Onlinejigsawpuzzles, accessibile da https:\/\/onlinejigsawpuzzles.net Cosa sono i cookie Come \u00e8 prassi comune con quasi tutti i siti Web professionali, questo sito utilizza i cookie, ovvero piccoli file che vengono scaricati sul tuo computer, per migliorare la tua esperienza. Questa pagina descrive quali...\" \/>\n<meta property=\"og:url\" content=\"https:\/\/legacy.jigsawpuzzel.nl\/it\/cookie-policy-noi\/\" \/>\n<meta property=\"og:site_name\" content=\"Puzzle Online Gratis\" \/>\n<meta property=\"article:modified_time\" content=\"2024-02-07T14:47:06+00:00\" \/>\n<meta name=\"twitter:card\" content=\"summary_large_image\" \/>\n<meta name=\"twitter:label1\" content=\"Est. reading time\" \/>\n\t<meta name=\"twitter:data1\" content=\"3 minutes\" \/>\n<script type=\"application\/ld+json\" class=\"yoast-schema-graph\">{\"@context\":\"https:\/\/schema.org\",\"@graph\":[{\"@type\":\"WebPage\",\"@id\":\"https:\/\/legacy.jigsawpuzzel.nl\/it\/cookie-policy-noi\/\",\"url\":\"https:\/\/legacy.jigsawpuzzel.nl\/it\/cookie-policy-noi\/\",\"name\":\"Gestione dei Cookie - Puzzle Online Gratis\",\"isPartOf\":{\"@id\":\"https:\/\/legacy.jigsawpuzzel.nl\/it\/#website\"},\"datePublished\":\"2020-04-15T16:24:25+00:00\",\"dateModified\":\"2024-02-07T14:47:06+00:00\",\"inLanguage\":\"en-US\",\"potentialAction\":[{\"@type\":\"ReadAction\",\"target\":[\"https:\/\/legacy.jigsawpuzzel.nl\/it\/cookie-policy-noi\/\"]}]},{\"@type\":\"WebSite\",\"@id\":\"https:\/\/legacy.jigsawpuzzel.nl\/it\/#website\",\"url\":\"https:\/\/legacy.jigsawpuzzel.nl\/it\/\",\"name\":\"Puzzle Online Gratis\",\"description\":\"giochi online di puzzle\",\"potentialAction\":[{\"@type\":\"SearchAction\",\"target\":{\"@type\":\"EntryPoint\",\"urlTemplate\":\"https:\/\/legacy.jigsawpuzzel.nl\/it\/?s={search_term_string}\"},\"query-input\":{\"@type\":\"PropertyValueSpecification\",\"valueRequired\":true,\"valueName\":\"search_term_string\"}}],\"inLanguage\":\"en-US\"}]}<\/script>\n<!-- \/ Yoast SEO plugin. -->","yoast_head_json":{"title":"Gestione dei Cookie - Puzzle Online Gratis","robots":{"index":"index","follow":"follow","max-snippet":"max-snippet:-1","max-image-preview":"max-image-preview:large","max-video-preview":"max-video-preview:-1"},"canonical":"https:\/\/legacy.jigsawpuzzel.nl\/it\/cookie-policy-noi\/","og_locale":"en_US","og_type":"article","og_title":"Gestione dei Cookie - Puzzle Online Gratis","og_description":"Politica sui cookie per i puzzle online Questa \u00e8 la Cookie Policy per Onlinejigsawpuzzles, accessibile da https:\/\/onlinejigsawpuzzles.net Cosa sono i cookie Come \u00e8 prassi comune con quasi tutti i siti Web professionali, questo sito utilizza i cookie, ovvero piccoli file che vengono scaricati sul tuo computer, per migliorare la tua esperienza. Questa pagina descrive quali...","og_url":"https:\/\/legacy.jigsawpuzzel.nl\/it\/cookie-policy-noi\/","og_site_name":"Puzzle Online Gratis","article_modified_time":"2024-02-07T14:47:06+00:00","twitter_card":"summary_large_image","twitter_misc":{"Est. reading time":"3 minutes"},"schema":{"@context":"https:\/\/schema.org","@graph":[{"@type":"WebPage","@id":"https:\/\/legacy.jigsawpuzzel.nl\/it\/cookie-policy-noi\/","url":"https:\/\/legacy.jigsawpuzzel.nl\/it\/cookie-policy-noi\/","name":"Gestione dei Cookie - Puzzle Online Gratis","isPartOf":{"@id":"https:\/\/legacy.jigsawpuzzel.nl\/it\/#website"},"datePublished":"2020-04-15T16:24:25+00:00","dateModified":"2024-02-07T14:47:06+00:00","inLanguage":"en-US","potentialAction":[{"@type":"ReadAction","target":["https:\/\/legacy.jigsawpuzzel.nl\/it\/cookie-policy-noi\/"]}]},{"@type":"WebSite","@id":"https:\/\/legacy.jigsawpuzzel.nl\/it\/#website","url":"https:\/\/legacy.jigsawpuzzel.nl\/it\/","name":"Puzzle Online Gratis","description":"giochi online di puzzle","potentialAction":[{"@type":"SearchAction","target":{"@type":"EntryPoint","urlTemplate":"https:\/\/legacy.jigsawpuzzel.nl\/it\/?s={search_term_string}"},"query-input":{"@type":"PropertyValueSpecification","valueRequired":true,"valueName":"search_term_string"}}],"inLanguage":"en-US"}]}},"_links":{"self":[{"href":"https:\/\/legacy.jigsawpuzzel.nl\/it\/wp-json\/wp\/v2\/pages\/10715","targetHints":{"allow":["GET"]}}],"collection":[{"href":"https:\/\/legacy.jigsawpuzzel.nl\/it\/wp-json\/wp\/v2\/pages"}],"about":[{"href":"https:\/\/legacy.jigsawpuzzel.nl\/it\/wp-json\/wp\/v2\/types\/page"}],"author":[{"embeddable":true,"href":"https:\/\/legacy.jigsawpuzzel.nl\/it\/wp-json\/wp\/v2\/users\/1"}],"replies":[{"embeddable":true,"href":"https:\/\/legacy.jigsawpuzzel.nl\/it\/wp-json\/wp\/v2\/comments?post=10715"}],"version-history":[{"count":1,"href":"https:\/\/legacy.jigsawpuzzel.nl\/it\/wp-json\/wp\/v2\/pages\/10715\/revisions"}],"predecessor-version":[{"id":22900,"href":"https:\/\/legacy.jigsawpuzzel.nl\/it\/wp-json\/wp\/v2\/pages\/10715\/revisions\/22900"}],"wp:attachment":[{"href":"https:\/\/legacy.jigsawpuzzel.nl\/it\/wp-json\/wp\/v2\/media?parent=10715"}],"curies":[{"name":"wp","href":"https:\/\/api.w.org\/{rel}","templated":true}]}}