{"id":10698,"date":"2020-04-15T14:41:17","date_gmt":"2020-04-15T14:41:17","guid":{"rendered":"https:\/\/onlinejigsawpuzzles.net\/?page_id=10698"},"modified":"2024-02-07T14:47:08","modified_gmt":"2024-02-07T14:47:08","slug":"di","status":"publish","type":"page","link":"https:\/\/legacy.jigsawpuzzel.nl\/it\/di\/","title":{"rendered":"Di"},"content":{"rendered":"<section class=\"l-section wpb_row height_medium\"><div class=\"l-section-h i-cf\"><div class=\"g-cols vc_row via_flex valign_top type_default stacking_default\"><div class=\"vc_col-sm-6 wpb_column vc_column_container\"><div class=\"vc_column-inner\"><div class=\"wpb_wrapper\"><div class=\"wpb_text_column\"><div class=\"wpb_wrapper\"><h1>Chi siamo<\/h1>\n<p>onlinejigsawpuzzles.net \u00e8 stato sviluppato dall&#39;amore per i puzzle online. Cerchiamo di offrire puzzle della massima qualit\u00e0 possibile. Alta qualit\u00e0 grazie a un ottimo strumento puzzle che funziona bene a schermo intero. Inoltre, ogni giorno nuovi puzzle divertenti e stimolanti.<\/p>\n<p>If you have any questions or comments, you can reach them via the <span style=\"color: #3366ff;\">contact<\/span> page.<\/p>\n<p>Grazie per la tua visita e speriamo che tornerai spesso per divertirti con i nostri puzzle online!<\/p>\n<\/div><\/div><\/div><\/div><\/div><div class=\"vc_col-sm-6 wpb_column vc_column_container\"><div class=\"vc_column-inner\"><div class=\"wpb_wrapper\"><div class=\"w-image align_none\"><div class=\"w-image-h\"><img decoding=\"async\" width=\"235\" height=\"171\" src=\"https:\/\/legacy.jigsawpuzzel.nl\/it\/wp-content\/uploads\/2019\/11\/online-jigsaw-puzzles-logo-1.png\" class=\"attachment-full size-full\" alt=\"online jigsaw puzzles logo\" loading=\"lazy\" \/><\/div><\/div><\/div><\/div><\/div><\/div><\/div><\/section>\n","protected":false},"excerpt":{"rendered":"Chi siamo onlinejigsawpuzzles.net \u00e8 stato sviluppato dall&#39;amore per i puzzle online. Cerchiamo di offrire puzzle della massima qualit\u00e0 possibile. Alta qualit\u00e0 grazie a un ottimo strumento puzzle che funziona bene a schermo intero. Inoltre, ogni giorno nuovi puzzle divertenti e stimolanti. If you have any questions or comments, you can reach them via the contact...","protected":false},"author":1,"featured_media":0,"parent":0,"menu_order":0,"comment_status":"closed","ping_status":"closed","template":"","meta":{"_acf_changed":false,"footnotes":""},"class_list":["post-10698","page","type-page","status-publish","hentry"],"acf":[],"yoast_head":"<!-- This site is optimized with the Yoast SEO plugin v26.6 - https:\/\/yoast.com\/wordpress\/plugins\/seo\/ -->\n<title>Di - Puzzle Online Gratis<\/title>\n<meta name=\"robots\" content=\"index, follow, max-snippet:-1, max-image-preview:large, max-video-preview:-1\" \/>\n<link rel=\"canonical\" href=\"https:\/\/legacy.jigsawpuzzel.nl\/it\/di\/\" \/>\n<meta property=\"og:locale\" content=\"en_US\" \/>\n<meta property=\"og:type\" content=\"article\" \/>\n<meta property=\"og:title\" content=\"Di - Puzzle Online Gratis\" \/>\n<meta property=\"og:url\" content=\"https:\/\/legacy.jigsawpuzzel.nl\/it\/di\/\" \/>\n<meta property=\"og:site_name\" content=\"Puzzle Online Gratis\" \/>\n<meta property=\"article:modified_time\" content=\"2024-02-07T14:47:08+00:00\" \/>\n<meta name=\"twitter:card\" content=\"summary_large_image\" \/>\n<meta name=\"twitter:label1\" content=\"Est. reading time\" \/>\n\t<meta name=\"twitter:data1\" content=\"1 minute\" \/>\n<script type=\"application\/ld+json\" class=\"yoast-schema-graph\">{\"@context\":\"https:\/\/schema.org\",\"@graph\":[{\"@type\":\"WebPage\",\"@id\":\"https:\/\/legacy.jigsawpuzzel.nl\/it\/di\/\",\"url\":\"https:\/\/legacy.jigsawpuzzel.nl\/it\/di\/\",\"name\":\"Di - Puzzle Online Gratis\",\"isPartOf\":{\"@id\":\"https:\/\/legacy.jigsawpuzzel.nl\/it\/#website\"},\"datePublished\":\"2020-04-15T14:41:17+00:00\",\"dateModified\":\"2024-02-07T14:47:08+00:00\",\"inLanguage\":\"en-US\",\"potentialAction\":[{\"@type\":\"ReadAction\",\"target\":[\"https:\/\/legacy.jigsawpuzzel.nl\/it\/di\/\"]}]},{\"@type\":\"WebSite\",\"@id\":\"https:\/\/legacy.jigsawpuzzel.nl\/it\/#website\",\"url\":\"https:\/\/legacy.jigsawpuzzel.nl\/it\/\",\"name\":\"Puzzle Online Gratis\",\"description\":\"giochi online di puzzle\",\"potentialAction\":[{\"@type\":\"SearchAction\",\"target\":{\"@type\":\"EntryPoint\",\"urlTemplate\":\"https:\/\/legacy.jigsawpuzzel.nl\/it\/?s={search_term_string}\"},\"query-input\":{\"@type\":\"PropertyValueSpecification\",\"valueRequired\":true,\"valueName\":\"search_term_string\"}}],\"inLanguage\":\"en-US\"}]}<\/script>\n<!-- \/ Yoast SEO plugin. -->","yoast_head_json":{"title":"Di - Puzzle Online Gratis","robots":{"index":"index","follow":"follow","max-snippet":"max-snippet:-1","max-image-preview":"max-image-preview:large","max-video-preview":"max-video-preview:-1"},"canonical":"https:\/\/legacy.jigsawpuzzel.nl\/it\/di\/","og_locale":"en_US","og_type":"article","og_title":"Di - Puzzle Online Gratis","og_url":"https:\/\/legacy.jigsawpuzzel.nl\/it\/di\/","og_site_name":"Puzzle Online Gratis","article_modified_time":"2024-02-07T14:47:08+00:00","twitter_card":"summary_large_image","twitter_misc":{"Est. reading time":"1 minute"},"schema":{"@context":"https:\/\/schema.org","@graph":[{"@type":"WebPage","@id":"https:\/\/legacy.jigsawpuzzel.nl\/it\/di\/","url":"https:\/\/legacy.jigsawpuzzel.nl\/it\/di\/","name":"Di - Puzzle Online Gratis","isPartOf":{"@id":"https:\/\/legacy.jigsawpuzzel.nl\/it\/#website"},"datePublished":"2020-04-15T14:41:17+00:00","dateModified":"2024-02-07T14:47:08+00:00","inLanguage":"en-US","potentialAction":[{"@type":"ReadAction","target":["https:\/\/legacy.jigsawpuzzel.nl\/it\/di\/"]}]},{"@type":"WebSite","@id":"https:\/\/legacy.jigsawpuzzel.nl\/it\/#website","url":"https:\/\/legacy.jigsawpuzzel.nl\/it\/","name":"Puzzle Online Gratis","description":"giochi online di puzzle","potentialAction":[{"@type":"SearchAction","target":{"@type":"EntryPoint","urlTemplate":"https:\/\/legacy.jigsawpuzzel.nl\/it\/?s={search_term_string}"},"query-input":{"@type":"PropertyValueSpecification","valueRequired":true,"valueName":"search_term_string"}}],"inLanguage":"en-US"}]}},"_links":{"self":[{"href":"https:\/\/legacy.jigsawpuzzel.nl\/it\/wp-json\/wp\/v2\/pages\/10698","targetHints":{"allow":["GET"]}}],"collection":[{"href":"https:\/\/legacy.jigsawpuzzel.nl\/it\/wp-json\/wp\/v2\/pages"}],"about":[{"href":"https:\/\/legacy.jigsawpuzzel.nl\/it\/wp-json\/wp\/v2\/types\/page"}],"author":[{"embeddable":true,"href":"https:\/\/legacy.jigsawpuzzel.nl\/it\/wp-json\/wp\/v2\/users\/1"}],"replies":[{"embeddable":true,"href":"https:\/\/legacy.jigsawpuzzel.nl\/it\/wp-json\/wp\/v2\/comments?post=10698"}],"version-history":[{"count":1,"href":"https:\/\/legacy.jigsawpuzzel.nl\/it\/wp-json\/wp\/v2\/pages\/10698\/revisions"}],"predecessor-version":[{"id":22901,"href":"https:\/\/legacy.jigsawpuzzel.nl\/it\/wp-json\/wp\/v2\/pages\/10698\/revisions\/22901"}],"wp:attachment":[{"href":"https:\/\/legacy.jigsawpuzzel.nl\/it\/wp-json\/wp\/v2\/media?parent=10698"}],"curies":[{"name":"wp","href":"https:\/\/api.w.org\/{rel}","templated":true}]}}