{"id":9409,"date":"2019-10-22T09:43:29","date_gmt":"2019-10-22T09:43:29","guid":{"rendered":"http:\/\/www.onlinejigsawpuzzles.net\/?page_id=9409"},"modified":"2024-02-18T11:57:19","modified_gmt":"2024-02-18T11:57:19","slug":"art","status":"publish","type":"page","link":"https:\/\/legacy.jigsawpuzzel.nl\/fr\/art\/","title":{"rendered":"Art"},"content":{"rendered":"<section class=\"l-section wpb_row height_medium\"><div class=\"l-section-h i-cf\"><div class=\"g-cols vc_row via_flex valign_top type_default stacking_default\"><div class=\"vc_col-sm-12 wpb_column vc_column_container\"><div class=\"vc_column-inner\"><div class=\"wpb_wrapper\"><div class=\"wpb_text_column\"><div class=\"wpb_wrapper\"><h1>Puzzles d&#39;art en ligne &#8211; Puzzles d&#39;art<\/h1>\n<p>Cette page de puzzles en ligne.net propose des puzzles en ligne gratuits d&#39;\u0153uvres d&#39;art. Nous avons g\u00e9n\u00e9r\u00e9 les puzzles de belles photos d&#39;art. Vous pouvez choisir les puzzles dans la galerie de 48 pi\u00e8ces mais vous pouvez \u00e9galement choisir un niveau de difficult\u00e9 avec plus ou moins de pi\u00e8ces. Profitez de ce site Web avec des puzzles artistiques.<\/p>\n<\/div><\/div><div class=\"w-separator size_small\"><\/div><div class=\"g-cols wpb_row via_flex valign_top type_default stacking_default\"><div class=\"vc_col-sm-12 wpb_column vc_column_container pp\"><div class=\"vc_column-inner\"><div class=\"wpb_wrapper\"><div class=\"w-grid type_grid layout_8862 cols_3 pagination_regular\" id=\"us_grid_1\" style=\"--gap:1.5rem;\" data-filterable=\"true\"><style>@media (max-width:1449px){#us_grid_1 .w-grid-item{width:50%}}@media (max-width:1024px){#us_grid_1 .w-grid-item{width:50%}}@media (max-width:600px){#us_grid_1 .w-grid-list{margin:0}#us_grid_1 .w-grid-item{width:100%;padding:0;margin-bottom:var(--gap,0px)}}.layout_8862 .w-grid-item-h{}.layout_8862 .usg_post_image_1{text-transform:none!important;height:200px!important;max-height:200px!important;min-height:200px!important}.layout_8862 .usg_post_title_1{font-size:1rem!important;font-family:var(--font-family)!important;font-weight:500!important;text-transform:none!important;margin-left:6px!important;margin-top:6px!important}.layout_8862 .usg_post_date_1{font-size:14px!important;margin-left:6px!important;margin-top:4px!important}<\/style><div class=\"w-grid-list\">\t<article class=\"w-grid-item size_1x1 post-28564 puzzles type-puzzles status-publish has-post-thumbnail hentry puzzle_type-art puzzle_type-colore\" data-id=\"28564\">\r\n\t\t<div class=\"w-grid-item-h\">\r\n\t\t\t\t\t\t\t<a href=\"https:\/\/legacy.jigsawpuzzel.nl\/fr\/puzzles\/art-en-materiaux-tres-colores\/\" class=\"w-grid-item-anchor\" aria-label=\"Art mat\u00e9riel tr\u00e8s color\u00e9\"><\/a>\r\n\t\t\t\t\t\t<div class=\"w-post-elm post_image usg_post_image_1 has_height\"><a href=\"https:\/\/legacy.jigsawpuzzel.nl\/fr\/puzzles\/art-en-materiaux-tres-colores\/\" aria-label=\"Art mat\u00e9riel tr\u00e8s color\u00e9\"><img decoding=\"async\" width=\"520\" height=\"329\" src=\"https:\/\/legacy.jigsawpuzzel.nl\/fr\/wp-content\/uploads\/2025\/12\/Very-colorful-material-art_puzzle.jpg\" class=\"attachment-full size-full wp-post-image\" alt=\"\" srcset=\"https:\/\/legacy.jigsawpuzzel.nl\/fr\/wp-content\/uploads\/2025\/12\/Very-colorful-material-art_puzzle.jpg 520w, https:\/\/legacy.jigsawpuzzel.nl\/fr\/wp-content\/uploads\/2025\/12\/Very-colorful-material-art_puzzle-300x190.jpg 300w\" sizes=\"(max-width: 520px) 100vw, 520px\" \/><\/a><\/div><p class=\"w-post-elm post_title usg_post_title_1 entry-title color_link_inherit\"><a href=\"https:\/\/legacy.jigsawpuzzel.nl\/fr\/puzzles\/art-en-materiaux-tres-colores\/\">Art mat\u00e9riel tr\u00e8s color\u00e9<\/a><\/p><time class=\"w-post-elm post_date usg_post_date_1 entry-date published\" datetime=\"2025-12-17T00:01:49+00:00\">December 17, 2025<\/time>\t\t<\/div>\r\n\t\t\t<\/article>\r\n\t<article class=\"w-grid-item size_1x1 post-28549 puzzles type-puzzles status-publish has-post-thumbnail hentry puzzle_type-art\" data-id=\"28549\">\r\n\t\t<div class=\"w-grid-item-h\">\r\n\t\t\t\t\t\t\t<a href=\"https:\/\/legacy.jigsawpuzzel.nl\/fr\/puzzles\/illustration-fractale-de-vrilles-de-flore\/\" class=\"w-grid-item-anchor\" aria-label=\"Illustration fractale de vrilles de flore\"><\/a>\r\n\t\t\t\t\t\t<div class=\"w-post-elm post_image usg_post_image_1 has_height\"><a href=\"https:\/\/legacy.jigsawpuzzel.nl\/fr\/puzzles\/illustration-fractale-de-vrilles-de-flore\/\" aria-label=\"Illustration fractale de vrilles de flore\"><img decoding=\"async\" width=\"520\" height=\"329\" src=\"https:\/\/legacy.jigsawpuzzel.nl\/fr\/wp-content\/uploads\/2025\/12\/Flora-tendrils-fractal-illustration_puzzle.jpg\" class=\"attachment-full size-full wp-post-image\" alt=\"\" srcset=\"https:\/\/legacy.jigsawpuzzel.nl\/fr\/wp-content\/uploads\/2025\/12\/Flora-tendrils-fractal-illustration_puzzle.jpg 520w, https:\/\/legacy.jigsawpuzzel.nl\/fr\/wp-content\/uploads\/2025\/12\/Flora-tendrils-fractal-illustration_puzzle-300x190.jpg 300w\" sizes=\"(max-width: 520px) 100vw, 520px\" \/><\/a><\/div><p class=\"w-post-elm post_title usg_post_title_1 entry-title color_link_inherit\"><a href=\"https:\/\/legacy.jigsawpuzzel.nl\/fr\/puzzles\/illustration-fractale-de-vrilles-de-flore\/\">Illustration fractale de vrilles de flore<\/a><\/p><time class=\"w-post-elm post_date usg_post_date_1 entry-date published\" datetime=\"2025-12-15T00:02:44+00:00\">December 15, 2025<\/time>\t\t<\/div>\r\n\t\t\t<\/article>\r\n\t<article class=\"w-grid-item size_1x1 post-28205 puzzles type-puzzles status-publish has-post-thumbnail hentry puzzle_type-art\" data-id=\"28205\">\r\n\t\t<div class=\"w-grid-item-h\">\r\n\t\t\t\t\t\t\t<a href=\"https:\/\/legacy.jigsawpuzzel.nl\/fr\/puzzles\/sculptures-de-sandburg\/\" class=\"w-grid-item-anchor\" aria-label=\"Sculptures artistiques de Sandburg\"><\/a>\r\n\t\t\t\t\t\t<div class=\"w-post-elm post_image usg_post_image_1 has_height\"><a href=\"https:\/\/legacy.jigsawpuzzel.nl\/fr\/puzzles\/sculptures-de-sandburg\/\" aria-label=\"Sculptures artistiques de Sandburg\"><img decoding=\"async\" width=\"520\" height=\"329\" src=\"https:\/\/legacy.jigsawpuzzel.nl\/fr\/wp-content\/uploads\/2025\/11\/Sandburg-sculptures-art_puzzle.jpg\" class=\"attachment-full size-full wp-post-image\" alt=\"\" srcset=\"https:\/\/legacy.jigsawpuzzel.nl\/fr\/wp-content\/uploads\/2025\/11\/Sandburg-sculptures-art_puzzle.jpg 520w, https:\/\/legacy.jigsawpuzzel.nl\/fr\/wp-content\/uploads\/2025\/11\/Sandburg-sculptures-art_puzzle-300x190.jpg 300w\" sizes=\"(max-width: 520px) 100vw, 520px\" \/><\/a><\/div><p class=\"w-post-elm post_title usg_post_title_1 entry-title color_link_inherit\"><a href=\"https:\/\/legacy.jigsawpuzzel.nl\/fr\/puzzles\/sculptures-de-sandburg\/\">Sculptures artistiques de Sandburg<\/a><\/p><time class=\"w-post-elm post_date usg_post_date_1 entry-date published\" datetime=\"2025-11-03T00:04:13+00:00\">November 3, 2025<\/time>\t\t<\/div>\r\n\t\t\t<\/article>\r\n\t<article class=\"w-grid-item size_1x1 post-27990 puzzles type-puzzles status-publish has-post-thumbnail hentry puzzle_type-art\" data-id=\"27990\">\r\n\t\t<div class=\"w-grid-item-h\">\r\n\t\t\t\t\t\t\t<a href=\"https:\/\/legacy.jigsawpuzzel.nl\/fr\/puzzles\/restes-de-peinture-acrylique-sur-papier\/\" class=\"w-grid-item-anchor\" aria-label=\"Restes de peinture acrylique sur papier\"><\/a>\r\n\t\t\t\t\t\t<div class=\"w-post-elm post_image usg_post_image_1 has_height\"><a href=\"https:\/\/legacy.jigsawpuzzel.nl\/fr\/puzzles\/restes-de-peinture-acrylique-sur-papier\/\" aria-label=\"Restes de peinture acrylique sur papier\"><img decoding=\"async\" width=\"520\" height=\"329\" src=\"https:\/\/legacy.jigsawpuzzel.nl\/fr\/wp-content\/uploads\/2025\/10\/Leftover-acrylic-paint-on-paper_puzzle.jpg\" class=\"attachment-full size-full wp-post-image\" alt=\"\" srcset=\"https:\/\/legacy.jigsawpuzzel.nl\/fr\/wp-content\/uploads\/2025\/10\/Leftover-acrylic-paint-on-paper_puzzle.jpg 520w, https:\/\/legacy.jigsawpuzzel.nl\/fr\/wp-content\/uploads\/2025\/10\/Leftover-acrylic-paint-on-paper_puzzle-300x190.jpg 300w\" sizes=\"(max-width: 520px) 100vw, 520px\" \/><\/a><\/div><p class=\"w-post-elm post_title usg_post_title_1 entry-title color_link_inherit\"><a href=\"https:\/\/legacy.jigsawpuzzel.nl\/fr\/puzzles\/restes-de-peinture-acrylique-sur-papier\/\">Restes de peinture acrylique sur papier<\/a><\/p><time class=\"w-post-elm post_date usg_post_date_1 entry-date published\" datetime=\"2025-10-08T00:01:40+00:00\">October 8, 2025<\/time>\t\t<\/div>\r\n\t\t\t<\/article>\r\n\t<article class=\"w-grid-item size_1x1 post-27936 puzzles type-puzzles status-publish has-post-thumbnail hentry puzzle_type-art puzzle_type-colore\" data-id=\"27936\">\r\n\t\t<div class=\"w-grid-item-h\">\r\n\t\t\t\t\t\t\t<a href=\"https:\/\/legacy.jigsawpuzzel.nl\/fr\/puzzles\/street-art-graffiti-avec-un-visage-en-colere\/\" class=\"w-grid-item-anchor\" aria-label=\"Graffiti de street art avec un visage en col\u00e8re\"><\/a>\r\n\t\t\t\t\t\t<div class=\"w-post-elm post_image usg_post_image_1 has_height\"><a href=\"https:\/\/legacy.jigsawpuzzel.nl\/fr\/puzzles\/street-art-graffiti-avec-un-visage-en-colere\/\" aria-label=\"Graffiti de street art avec un visage en col\u00e8re\"><img decoding=\"async\" width=\"520\" height=\"329\" src=\"https:\/\/legacy.jigsawpuzzel.nl\/fr\/wp-content\/uploads\/2025\/09\/Street-art-graffiti-with-angry-face_puzzle.jpg\" class=\"attachment-full size-full wp-post-image\" alt=\"\" srcset=\"https:\/\/legacy.jigsawpuzzel.nl\/fr\/wp-content\/uploads\/2025\/09\/Street-art-graffiti-with-angry-face_puzzle.jpg 520w, https:\/\/legacy.jigsawpuzzel.nl\/fr\/wp-content\/uploads\/2025\/09\/Street-art-graffiti-with-angry-face_puzzle-300x190.jpg 300w\" sizes=\"(max-width: 520px) 100vw, 520px\" \/><\/a><\/div><p class=\"w-post-elm post_title usg_post_title_1 entry-title color_link_inherit\"><a href=\"https:\/\/legacy.jigsawpuzzel.nl\/fr\/puzzles\/street-art-graffiti-avec-un-visage-en-colere\/\">Graffiti de street art avec un visage en col\u00e8re<\/a><\/p><time class=\"w-post-elm post_date usg_post_date_1 entry-date published\" datetime=\"2025-10-01T00:03:38+00:00\">October 1, 2025<\/time>\t\t<\/div>\r\n\t\t\t<\/article>\r\n\t<article class=\"w-grid-item size_1x1 post-27737 puzzles type-puzzles status-publish has-post-thumbnail hentry puzzle_type-art\" data-id=\"27737\">\r\n\t\t<div class=\"w-grid-item-h\">\r\n\t\t\t\t\t\t\t<a href=\"https:\/\/legacy.jigsawpuzzel.nl\/fr\/puzzles\/jaguar-graffiti-street-art\/\" class=\"w-grid-item-anchor\" aria-label=\"Graffiti de Jaguar dans la rue\"><\/a>\r\n\t\t\t\t\t\t<div class=\"w-post-elm post_image usg_post_image_1 has_height\"><a href=\"https:\/\/legacy.jigsawpuzzel.nl\/fr\/puzzles\/jaguar-graffiti-street-art\/\" aria-label=\"Graffiti de Jaguar dans la rue\"><img decoding=\"async\" width=\"520\" height=\"329\" src=\"https:\/\/legacy.jigsawpuzzel.nl\/fr\/wp-content\/uploads\/2025\/09\/Jaguar-graffiti-street-art_puzzle.jpg\" class=\"attachment-full size-full wp-post-image\" alt=\"\" srcset=\"https:\/\/legacy.jigsawpuzzel.nl\/fr\/wp-content\/uploads\/2025\/09\/Jaguar-graffiti-street-art_puzzle.jpg 520w, https:\/\/legacy.jigsawpuzzel.nl\/fr\/wp-content\/uploads\/2025\/09\/Jaguar-graffiti-street-art_puzzle-300x190.jpg 300w\" sizes=\"(max-width: 520px) 100vw, 520px\" \/><\/a><\/div><p class=\"w-post-elm post_title usg_post_title_1 entry-title color_link_inherit\"><a href=\"https:\/\/legacy.jigsawpuzzel.nl\/fr\/puzzles\/jaguar-graffiti-street-art\/\">Graffiti de Jaguar dans la rue<\/a><\/p><time class=\"w-post-elm post_date usg_post_date_1 entry-date published\" datetime=\"2025-09-07T00:01:15+00:00\">September 7, 2025<\/time>\t\t<\/div>\r\n\t\t\t<\/article>\r\n\t<article class=\"w-grid-item size_1x1 post-27683 puzzles type-puzzles status-publish has-post-thumbnail hentry puzzle_type-art\" data-id=\"27683\">\r\n\t\t<div class=\"w-grid-item-h\">\r\n\t\t\t\t\t\t\t<a href=\"https:\/\/legacy.jigsawpuzzel.nl\/fr\/puzzles\/dragon-en-bois-sculpte\/\" class=\"w-grid-item-anchor\" aria-label=\"Dragon en bois sculpt\u00e9\"><\/a>\r\n\t\t\t\t\t\t<div class=\"w-post-elm post_image usg_post_image_1 has_height\"><a href=\"https:\/\/legacy.jigsawpuzzel.nl\/fr\/puzzles\/dragon-en-bois-sculpte\/\" aria-label=\"Dragon en bois sculpt\u00e9\"><img decoding=\"async\" width=\"520\" height=\"329\" src=\"https:\/\/legacy.jigsawpuzzel.nl\/fr\/wp-content\/uploads\/2025\/08\/Scuplted-wooden-dragon_puzzle.jpg\" class=\"attachment-full size-full wp-post-image\" alt=\"\" srcset=\"https:\/\/legacy.jigsawpuzzel.nl\/fr\/wp-content\/uploads\/2025\/08\/Scuplted-wooden-dragon_puzzle.jpg 520w, https:\/\/legacy.jigsawpuzzel.nl\/fr\/wp-content\/uploads\/2025\/08\/Scuplted-wooden-dragon_puzzle-300x190.jpg 300w\" sizes=\"(max-width: 520px) 100vw, 520px\" \/><\/a><\/div><p class=\"w-post-elm post_title usg_post_title_1 entry-title color_link_inherit\"><a href=\"https:\/\/legacy.jigsawpuzzel.nl\/fr\/puzzles\/dragon-en-bois-sculpte\/\">Dragon en bois sculpt\u00e9<\/a><\/p><time class=\"w-post-elm post_date usg_post_date_1 entry-date published\" datetime=\"2025-08-31T00:04:16+00:00\">August 31, 2025<\/time>\t\t<\/div>\r\n\t\t\t<\/article>\r\n\t<article class=\"w-grid-item size_1x1 post-27575 puzzles type-puzzles status-publish has-post-thumbnail hentry puzzle_type-art puzzle_type-colore\" data-id=\"27575\">\r\n\t\t<div class=\"w-grid-item-h\">\r\n\t\t\t\t\t\t\t<a href=\"https:\/\/legacy.jigsawpuzzel.nl\/fr\/puzzles\/image-art-colore-peinture\/\" class=\"w-grid-item-anchor\" aria-label=\"Image peinture d&#039;art color\u00e9e\"><\/a>\r\n\t\t\t\t\t\t<div class=\"w-post-elm post_image usg_post_image_1 has_height\"><a href=\"https:\/\/legacy.jigsawpuzzel.nl\/fr\/puzzles\/image-art-colore-peinture\/\" aria-label=\"Image peinture d&#039;art color\u00e9e\"><img decoding=\"async\" width=\"520\" height=\"329\" src=\"https:\/\/legacy.jigsawpuzzel.nl\/fr\/wp-content\/uploads\/2025\/08\/Picture-colorful-art-painting_puzzle.jpg\" class=\"attachment-full size-full wp-post-image\" alt=\"\" srcset=\"https:\/\/legacy.jigsawpuzzel.nl\/fr\/wp-content\/uploads\/2025\/08\/Picture-colorful-art-painting_puzzle.jpg 520w, https:\/\/legacy.jigsawpuzzel.nl\/fr\/wp-content\/uploads\/2025\/08\/Picture-colorful-art-painting_puzzle-300x190.jpg 300w\" sizes=\"(max-width: 520px) 100vw, 520px\" \/><\/a><\/div><p class=\"w-post-elm post_title usg_post_title_1 entry-title color_link_inherit\"><a href=\"https:\/\/legacy.jigsawpuzzel.nl\/fr\/puzzles\/image-art-colore-peinture\/\">Image peinture d&#39;art color\u00e9e<\/a><\/p><time class=\"w-post-elm post_date usg_post_date_1 entry-date published\" datetime=\"2025-08-18T00:02:59+00:00\">August 18, 2025<\/time>\t\t<\/div>\r\n\t\t\t<\/article>\r\n\t<article class=\"w-grid-item size_1x1 post-27544 puzzles type-puzzles status-publish has-post-thumbnail hentry puzzle_type-art\" data-id=\"27544\">\r\n\t\t<div class=\"w-grid-item-h\">\r\n\t\t\t\t\t\t\t<a href=\"https:\/\/legacy.jigsawpuzzel.nl\/fr\/puzzles\/dragon-creature-art\/\" class=\"w-grid-item-anchor\" aria-label=\"Art de cr\u00e9ature de dragon\"><\/a>\r\n\t\t\t\t\t\t<div class=\"w-post-elm post_image usg_post_image_1 has_height\"><a href=\"https:\/\/legacy.jigsawpuzzel.nl\/fr\/puzzles\/dragon-creature-art\/\" aria-label=\"Art de cr\u00e9ature de dragon\"><img decoding=\"async\" width=\"520\" height=\"329\" src=\"https:\/\/legacy.jigsawpuzzel.nl\/fr\/wp-content\/uploads\/2025\/08\/Dragon-creature-art_puzzle.jpg\" class=\"attachment-full size-full wp-post-image\" alt=\"\" srcset=\"https:\/\/legacy.jigsawpuzzel.nl\/fr\/wp-content\/uploads\/2025\/08\/Dragon-creature-art_puzzle.jpg 520w, https:\/\/legacy.jigsawpuzzel.nl\/fr\/wp-content\/uploads\/2025\/08\/Dragon-creature-art_puzzle-300x190.jpg 300w\" sizes=\"(max-width: 520px) 100vw, 520px\" \/><\/a><\/div><p class=\"w-post-elm post_title usg_post_title_1 entry-title color_link_inherit\"><a href=\"https:\/\/legacy.jigsawpuzzel.nl\/fr\/puzzles\/dragon-creature-art\/\">Art de cr\u00e9ature de dragon<\/a><\/p><time class=\"w-post-elm post_date usg_post_date_1 entry-date published\" datetime=\"2025-08-14T00:04:38+00:00\">August 14, 2025<\/time>\t\t<\/div>\r\n\t\t\t<\/article>\r\n<\/div><div class=\"w-grid-preloader\">\t<div class=\"g-preloader type_1\">\r\n\t\t<div><\/div>\r\n\t<\/div>\r\n\t<\/div>\t\t\t<nav class=\"pagination navigation\" role=\"navigation\">\r\n\t\t\t\t<div class=\"nav-links\">\r\n\t\t\t\t\t<span aria-current=\"page\" class=\"page-numbers current\"><span>1<\/span><\/span>\n<a class=\"page-numbers\" href=\"https:\/\/legacy.jigsawpuzzel.nl\/fr\/wp-json\/wp\/v2\/pages\/9409\/page\/2\/\"><span>2<\/span><\/a>\n<a class=\"page-numbers\" href=\"https:\/\/legacy.jigsawpuzzel.nl\/fr\/wp-json\/wp\/v2\/pages\/9409\/page\/3\/\"><span>3<\/span><\/a>\n<a class=\"page-numbers\" href=\"https:\/\/legacy.jigsawpuzzel.nl\/fr\/wp-json\/wp\/v2\/pages\/9409\/page\/4\/\"><span>4<\/span><\/a>\n<span class=\"page-numbers dots\">&hellip;<\/span>\n<a class=\"page-numbers\" href=\"https:\/\/legacy.jigsawpuzzel.nl\/fr\/wp-json\/wp\/v2\/pages\/9409\/page\/11\/\"><span>11<\/span><\/a>\n<a class=\"next page-numbers\" href=\"https:\/\/legacy.jigsawpuzzel.nl\/fr\/wp-json\/wp\/v2\/pages\/9409\/page\/2\/\"><span>Next<\/span><\/a>\t\t\t\t<\/div>\r\n\t\t\t<\/nav>\r\n\t\t\t\t<div class=\"w-grid-json hidden\" onclick='return {&quot;action&quot;:&quot;us_ajax_grid&quot;,&quot;infinite_scroll&quot;:0,&quot;max_num_pages&quot;:11,&quot;pagination&quot;:&quot;regular&quot;,&quot;template_vars&quot;:{&quot;columns&quot;:&quot;3&quot;,&quot;exclude_items&quot;:&quot;none&quot;,&quot;img_size&quot;:&quot;default&quot;,&quot;ignore_items_size&quot;:0,&quot;items_layout&quot;:&quot;8862&quot;,&quot;items_offset&quot;:&quot;1&quot;,&quot;load_animation&quot;:&quot;none&quot;,&quot;overriding_link&quot;:&quot;%7B%22type%22%3A%22post%22%7D&quot;,&quot;post_id&quot;:0,&quot;query_args&quot;:{&quot;post_type&quot;:[&quot;puzzles&quot;],&quot;tax_query&quot;:[{&quot;taxonomy&quot;:&quot;puzzle_type&quot;,&quot;field&quot;:&quot;slug&quot;,&quot;terms&quot;:[&quot;art&quot;]}],&quot;post_status&quot;:[&quot;publish&quot;,&quot;acf-disabled&quot;],&quot;posts_per_page&quot;:&quot;9&quot;},&quot;orderby_query_args&quot;:{&quot;orderby&quot;:{&quot;date&quot;:&quot;DESC&quot;}},&quot;type&quot;:&quot;grid&quot;,&quot;us_grid_post_type&quot;:&quot;puzzles&quot;,&quot;us_grid_ajax_index&quot;:1,&quot;us_grid_filter_query_string&quot;:null,&quot;us_grid_index&quot;:1,&quot;page_args&quot;:[]}}'><\/div>\r\n\t<\/div><\/div><\/div><\/div><\/div><div class=\"w-separator size_small with_line width_default thick_1 style_solid color_border align_center\"><div class=\"w-separator-h\"><\/div><\/div><div class=\"wpb_text_column\"><div class=\"wpb_wrapper\"><p>Puzzles d&#39;art en ligne gratuits de beaux fonds d&#39;\u00e9cran, photos et images d&#39;art.<\/p>\n<\/div><\/div><\/div><\/div><\/div><\/div><\/div><\/section>\n","protected":false},"excerpt":{"rendered":"Puzzle en ligne repr\u00e9sentant une cr\u00e9ature dragon.","protected":false},"author":1,"featured_media":0,"parent":0,"menu_order":0,"comment_status":"closed","ping_status":"closed","template":"","meta":{"_acf_changed":false,"footnotes":""},"class_list":["post-9409","page","type-page","status-publish","hentry"],"acf":[],"yoast_head":"<!-- This site is optimized with the Yoast SEO plugin v26.6 - https:\/\/yoast.com\/wordpress\/plugins\/seo\/ -->\n<title>Puzzles artistiques en ligne. Puzzles gratuits \u00e0 jouer.<\/title>\n<meta name=\"description\" content=\"Puzzles d&#039;art en ligne, jeux de puzzle d&#039;art gratuits.\" \/>\n<meta name=\"robots\" content=\"index, follow, max-snippet:-1, max-image-preview:large, max-video-preview:-1\" \/>\n<link rel=\"canonical\" href=\"https:\/\/legacy.jigsawpuzzel.nl\/fr\/art\/\" \/>\n<meta property=\"og:locale\" content=\"en_US\" \/>\n<meta property=\"og:type\" content=\"article\" \/>\n<meta property=\"og:title\" content=\"Puzzles artistiques en ligne. Puzzles gratuits \u00e0 jouer.\" \/>\n<meta property=\"og:description\" content=\"Puzzles d&#039;art en ligne, jeux de puzzle d&#039;art gratuits.\" \/>\n<meta property=\"og:url\" content=\"https:\/\/legacy.jigsawpuzzel.nl\/fr\/art\/\" \/>\n<meta property=\"og:site_name\" content=\"Puzzle en ligne\" \/>\n<meta property=\"article:publisher\" content=\"https:\/\/www.facebook.com\/onlinejigsawpuzzles\/\" \/>\n<meta property=\"article:modified_time\" content=\"2024-02-18T11:57:19+00:00\" \/>\n<meta name=\"twitter:card\" content=\"summary_large_image\" \/>\n<meta name=\"twitter:label1\" content=\"Est. reading time\" \/>\n\t<meta name=\"twitter:data1\" content=\"1 minute\" \/>\n<script type=\"application\/ld+json\" class=\"yoast-schema-graph\">{\"@context\":\"https:\/\/schema.org\",\"@graph\":[{\"@type\":\"WebPage\",\"@id\":\"https:\/\/legacy.jigsawpuzzel.nl\/fr\/art\/\",\"url\":\"https:\/\/legacy.jigsawpuzzel.nl\/fr\/art\/\",\"name\":\"Puzzles artistiques en ligne. Puzzles gratuits \u00e0 jouer.\",\"isPartOf\":{\"@id\":\"https:\/\/legacy.jigsawpuzzel.nl\/fr\/#website\"},\"datePublished\":\"2019-10-22T09:43:29+00:00\",\"dateModified\":\"2024-02-18T11:57:19+00:00\",\"description\":\"Puzzles d&#39;art en ligne, jeux de puzzle d&#39;art gratuits.\",\"inLanguage\":\"en-US\",\"potentialAction\":[{\"@type\":\"ReadAction\",\"target\":[\"https:\/\/legacy.jigsawpuzzel.nl\/fr\/art\/\"]}]},{\"@type\":\"WebSite\",\"@id\":\"https:\/\/legacy.jigsawpuzzel.nl\/fr\/#website\",\"url\":\"https:\/\/legacy.jigsawpuzzel.nl\/fr\/\",\"name\":\"Online Jigsaw Puzzles\",\"description\":\"Puzzles gratuits \u00e0 jouer en ligne\",\"potentialAction\":[{\"@type\":\"SearchAction\",\"target\":{\"@type\":\"EntryPoint\",\"urlTemplate\":\"https:\/\/legacy.jigsawpuzzel.nl\/fr\/?s={search_term_string}\"},\"query-input\":{\"@type\":\"PropertyValueSpecification\",\"valueRequired\":true,\"valueName\":\"search_term_string\"}}],\"inLanguage\":\"en-US\"}]}<\/script>\n<!-- \/ Yoast SEO plugin. -->","yoast_head_json":{"title":"Puzzles artistiques en ligne. Puzzles gratuits \u00e0 jouer.","description":"Puzzles d&#39;art en ligne, jeux de puzzle d&#39;art gratuits.","robots":{"index":"index","follow":"follow","max-snippet":"max-snippet:-1","max-image-preview":"max-image-preview:large","max-video-preview":"max-video-preview:-1"},"canonical":"https:\/\/legacy.jigsawpuzzel.nl\/fr\/art\/","og_locale":"en_US","og_type":"article","og_title":"Puzzles artistiques en ligne. Puzzles gratuits \u00e0 jouer.","og_description":"Puzzles d&#39;art en ligne, jeux de puzzle d&#39;art gratuits.","og_url":"https:\/\/legacy.jigsawpuzzel.nl\/fr\/art\/","og_site_name":"Puzzle en ligne","article_publisher":"https:\/\/www.facebook.com\/onlinejigsawpuzzles\/","article_modified_time":"2024-02-18T11:57:19+00:00","twitter_card":"summary_large_image","twitter_misc":{"Est. reading time":"1 minute"},"schema":{"@context":"https:\/\/schema.org","@graph":[{"@type":"WebPage","@id":"https:\/\/legacy.jigsawpuzzel.nl\/fr\/art\/","url":"https:\/\/legacy.jigsawpuzzel.nl\/fr\/art\/","name":"Puzzles artistiques en ligne. Puzzles gratuits \u00e0 jouer.","isPartOf":{"@id":"https:\/\/legacy.jigsawpuzzel.nl\/fr\/#website"},"datePublished":"2019-10-22T09:43:29+00:00","dateModified":"2024-02-18T11:57:19+00:00","description":"Puzzles d&#39;art en ligne, jeux de puzzle d&#39;art gratuits.","inLanguage":"en-US","potentialAction":[{"@type":"ReadAction","target":["https:\/\/legacy.jigsawpuzzel.nl\/fr\/art\/"]}]},{"@type":"WebSite","@id":"https:\/\/legacy.jigsawpuzzel.nl\/fr\/#website","url":"https:\/\/legacy.jigsawpuzzel.nl\/fr\/","name":"Online Jigsaw Puzzles","description":"Puzzles gratuits \u00e0 jouer en ligne","potentialAction":[{"@type":"SearchAction","target":{"@type":"EntryPoint","urlTemplate":"https:\/\/legacy.jigsawpuzzel.nl\/fr\/?s={search_term_string}"},"query-input":{"@type":"PropertyValueSpecification","valueRequired":true,"valueName":"search_term_string"}}],"inLanguage":"en-US"}]}},"_links":{"self":[{"href":"https:\/\/legacy.jigsawpuzzel.nl\/fr\/wp-json\/wp\/v2\/pages\/9409","targetHints":{"allow":["GET"]}}],"collection":[{"href":"https:\/\/legacy.jigsawpuzzel.nl\/fr\/wp-json\/wp\/v2\/pages"}],"about":[{"href":"https:\/\/legacy.jigsawpuzzel.nl\/fr\/wp-json\/wp\/v2\/types\/page"}],"author":[{"embeddable":true,"href":"https:\/\/legacy.jigsawpuzzel.nl\/fr\/wp-json\/wp\/v2\/users\/1"}],"replies":[{"embeddable":true,"href":"https:\/\/legacy.jigsawpuzzel.nl\/fr\/wp-json\/wp\/v2\/comments?post=9409"}],"version-history":[{"count":1,"href":"https:\/\/legacy.jigsawpuzzel.nl\/fr\/wp-json\/wp\/v2\/pages\/9409\/revisions"}],"predecessor-version":[{"id":23021,"href":"https:\/\/legacy.jigsawpuzzel.nl\/fr\/wp-json\/wp\/v2\/pages\/9409\/revisions\/23021"}],"wp:attachment":[{"href":"https:\/\/legacy.jigsawpuzzel.nl\/fr\/wp-json\/wp\/v2\/media?parent=9409"}],"curies":[{"name":"wp","href":"https:\/\/api.w.org\/{rel}","templated":true}]}}