{"id":8919,"date":"2019-10-16T14:07:32","date_gmt":"2019-10-16T14:07:32","guid":{"rendered":"http:\/\/www.onlinejigsawpuzzles.net\/?page_id=8919"},"modified":"2024-02-18T11:58:34","modified_gmt":"2024-02-18T11:58:34","slug":"anime","status":"publish","type":"page","link":"https:\/\/legacy.jigsawpuzzel.nl\/fr\/anime\/","title":{"rendered":"Anime"},"content":{"rendered":"<section class=\"l-section wpb_row height_medium\"><div class=\"l-section-h i-cf\"><div class=\"g-cols vc_row via_flex valign_top type_default stacking_default\"><div class=\"vc_col-sm-12 wpb_column vc_column_container\"><div class=\"vc_column-inner\"><div class=\"wpb_wrapper\"><div class=\"wpb_text_column\"><div class=\"wpb_wrapper\"><h1>Puzzles en ligne Anime Manga &#8211; jeu gratuit<\/h1>\n<p>Cette page des puzzles en ligne.net propose des puzzles d&#39;anime gratuits en ligne, des puzzles de manga. Nous avons trouv\u00e9 les fonds d&#39;\u00e9cran de dessins les plus beaux et les plus color\u00e9s pour g\u00e9n\u00e9rer un puzzle. Vous pouvez choisir parmi une vari\u00e9t\u00e9 de puzzles dans la galerie et \u00e9galement choisir le niveau de difficult\u00e9, d&#39;une simple coupe de 6 pi\u00e8ces pour les jeunes enfants \u00e0 247 pi\u00e8ces pour les enfants plus \u00e2g\u00e9s et les adultes. Les puzzles en ligne aident les gens \u00e0 apprendre \u00e0 contr\u00f4ler la souris, c&#39;est tr\u00e8s amusant et \u00e9ducatif. Profitez de ces puzzles manga anime.<\/p>\n<\/div><\/div><div class=\"w-separator size_small\"><\/div><div class=\"g-cols wpb_row via_flex valign_top type_default stacking_default\"><div class=\"vc_col-sm-12 wpb_column vc_column_container pp\"><div class=\"vc_column-inner\"><div class=\"wpb_wrapper\"><div class=\"w-grid type_grid layout_8862 cols_3 pagination_regular\" id=\"us_grid_1\" style=\"--gap:1.5rem;\" data-filterable=\"true\"><style>@media (max-width:1449px){#us_grid_1 .w-grid-item{width:50%}}@media (max-width:1024px){#us_grid_1 .w-grid-item{width:50%}}@media (max-width:600px){#us_grid_1 .w-grid-list{margin:0}#us_grid_1 .w-grid-item{width:100%;padding:0;margin-bottom:var(--gap,0px)}}.layout_8862 .w-grid-item-h{}.layout_8862 .usg_post_image_1{text-transform:none!important;height:200px!important;max-height:200px!important;min-height:200px!important}.layout_8862 .usg_post_title_1{font-size:1rem!important;font-family:var(--font-family)!important;font-weight:500!important;text-transform:none!important;margin-left:6px!important;margin-top:6px!important}.layout_8862 .usg_post_date_1{font-size:14px!important;margin-left:6px!important;margin-top:4px!important}<\/style><div class=\"w-grid-list\">\t<article class=\"w-grid-item size_1x1 post-28866 puzzles type-puzzles status-publish has-post-thumbnail hentry puzzle_type-anime\" data-id=\"28866\">\r\n\t\t<div class=\"w-grid-item-h\">\r\n\t\t\t\t\t\t\t<a href=\"https:\/\/legacy.jigsawpuzzel.nl\/fr\/puzzles\/etudiant-comme-anime-etudier\/\" class=\"w-grid-item-anchor\" aria-label=\"\u00c9tudiant qui aime \u00e9tudier les anim\u00e9s\"><\/a>\r\n\t\t\t\t\t\t<div class=\"w-post-elm post_image usg_post_image_1 has_height\"><a href=\"https:\/\/legacy.jigsawpuzzel.nl\/fr\/puzzles\/etudiant-comme-anime-etudier\/\" aria-label=\"\u00c9tudiant qui aime \u00e9tudier les anim\u00e9s\"><img decoding=\"async\" width=\"520\" height=\"329\" src=\"https:\/\/legacy.jigsawpuzzel.nl\/fr\/wp-content\/uploads\/2026\/01\/Student-like-anime-studying_puzzle.jpg\" class=\"attachment-full size-full wp-post-image\" alt=\"\" srcset=\"https:\/\/legacy.jigsawpuzzel.nl\/fr\/wp-content\/uploads\/2026\/01\/Student-like-anime-studying_puzzle.jpg 520w, https:\/\/legacy.jigsawpuzzel.nl\/fr\/wp-content\/uploads\/2026\/01\/Student-like-anime-studying_puzzle-300x190.jpg 300w\" sizes=\"(max-width: 520px) 100vw, 520px\" \/><\/a><\/div><p class=\"w-post-elm post_title usg_post_title_1 entry-title color_link_inherit\"><a href=\"https:\/\/legacy.jigsawpuzzel.nl\/fr\/puzzles\/etudiant-comme-anime-etudier\/\">\u00c9tudiant qui aime \u00e9tudier les anim\u00e9s<\/a><\/p><time class=\"w-post-elm post_date usg_post_date_1 entry-date published\" datetime=\"2026-01-23T00:02:02+00:00\">January 23, 2026<\/time>\t\t<\/div>\r\n\t\t\t<\/article>\r\n\t<article class=\"w-grid-item size_1x1 post-28715 puzzles type-puzzles status-publish has-post-thumbnail hentry puzzle_type-anime\" data-id=\"28715\">\r\n\t\t<div class=\"w-grid-item-h\">\r\n\t\t\t\t\t\t\t<a href=\"https:\/\/legacy.jigsawpuzzel.nl\/fr\/puzzles\/jolie-fille-aux-cheveux-courts\/\" class=\"w-grid-item-anchor\" aria-label=\"Jolie fille aux cheveux courts\"><\/a>\r\n\t\t\t\t\t\t<div class=\"w-post-elm post_image usg_post_image_1 has_height\"><a href=\"https:\/\/legacy.jigsawpuzzel.nl\/fr\/puzzles\/jolie-fille-aux-cheveux-courts\/\" aria-label=\"Jolie fille aux cheveux courts\"><img decoding=\"async\" width=\"520\" height=\"329\" src=\"https:\/\/legacy.jigsawpuzzel.nl\/fr\/wp-content\/uploads\/2026\/01\/Pretty-short-hair-setting-girl_puzzle.jpg\" class=\"attachment-full size-full wp-post-image\" alt=\"\" srcset=\"https:\/\/legacy.jigsawpuzzel.nl\/fr\/wp-content\/uploads\/2026\/01\/Pretty-short-hair-setting-girl_puzzle.jpg 520w, https:\/\/legacy.jigsawpuzzel.nl\/fr\/wp-content\/uploads\/2026\/01\/Pretty-short-hair-setting-girl_puzzle-300x190.jpg 300w\" sizes=\"(max-width: 520px) 100vw, 520px\" \/><\/a><\/div><p class=\"w-post-elm post_title usg_post_title_1 entry-title color_link_inherit\"><a href=\"https:\/\/legacy.jigsawpuzzel.nl\/fr\/puzzles\/jolie-fille-aux-cheveux-courts\/\">Jolie fille aux cheveux courts<\/a><\/p><time class=\"w-post-elm post_date usg_post_date_1 entry-date published\" datetime=\"2026-01-04T00:02:12+00:00\">January 4, 2026<\/time>\t\t<\/div>\r\n\t\t\t<\/article>\r\n\t<article class=\"w-grid-item size_1x1 post-28655 puzzles type-puzzles status-publish has-post-thumbnail hentry puzzle_type-anime\" data-id=\"28655\">\r\n\t\t<div class=\"w-grid-item-h\">\r\n\t\t\t\t\t\t\t<a href=\"https:\/\/legacy.jigsawpuzzel.nl\/fr\/puzzles\/fille-en-uniforme-scolaire\/\" class=\"w-grid-item-anchor\" aria-label=\"Fille en uniforme scolaire\"><\/a>\r\n\t\t\t\t\t\t<div class=\"w-post-elm post_image usg_post_image_1 has_height\"><a href=\"https:\/\/legacy.jigsawpuzzel.nl\/fr\/puzzles\/fille-en-uniforme-scolaire\/\" aria-label=\"Fille en uniforme scolaire\"><img decoding=\"async\" width=\"520\" height=\"329\" src=\"https:\/\/legacy.jigsawpuzzel.nl\/fr\/wp-content\/uploads\/2025\/12\/Girl-in-school-uniform_puzzle.jpg\" class=\"attachment-full size-full wp-post-image\" alt=\"\" srcset=\"https:\/\/legacy.jigsawpuzzel.nl\/fr\/wp-content\/uploads\/2025\/12\/Girl-in-school-uniform_puzzle.jpg 520w, https:\/\/legacy.jigsawpuzzel.nl\/fr\/wp-content\/uploads\/2025\/12\/Girl-in-school-uniform_puzzle-300x190.jpg 300w\" sizes=\"(max-width: 520px) 100vw, 520px\" \/><\/a><\/div><p class=\"w-post-elm post_title usg_post_title_1 entry-title color_link_inherit\"><a href=\"https:\/\/legacy.jigsawpuzzel.nl\/fr\/puzzles\/fille-en-uniforme-scolaire\/\">Fille en uniforme scolaire<\/a><\/p><time class=\"w-post-elm post_date usg_post_date_1 entry-date published\" datetime=\"2025-12-28T00:03:41+00:00\">December 28, 2025<\/time>\t\t<\/div>\r\n\t\t\t<\/article>\r\n\t<article class=\"w-grid-item size_1x1 post-28590 puzzles type-puzzles status-publish has-post-thumbnail hentry puzzle_type-anime\" data-id=\"28590\">\r\n\t\t<div class=\"w-grid-item-h\">\r\n\t\t\t\t\t\t\t<a href=\"https:\/\/legacy.jigsawpuzzel.nl\/fr\/puzzles\/une-fille-dans-la-bibliotheque\/\" class=\"w-grid-item-anchor\" aria-label=\"Une fille \u00e0 la biblioth\u00e8que\"><\/a>\r\n\t\t\t\t\t\t<div class=\"w-post-elm post_image usg_post_image_1 has_height\"><a href=\"https:\/\/legacy.jigsawpuzzel.nl\/fr\/puzzles\/une-fille-dans-la-bibliotheque\/\" aria-label=\"Une fille \u00e0 la biblioth\u00e8que\"><img decoding=\"async\" width=\"520\" height=\"329\" src=\"https:\/\/legacy.jigsawpuzzel.nl\/fr\/wp-content\/uploads\/2025\/11\/A-girl-in-the-library_puzzle.jpg\" class=\"attachment-full size-full wp-post-image\" alt=\"\" srcset=\"https:\/\/legacy.jigsawpuzzel.nl\/fr\/wp-content\/uploads\/2025\/11\/A-girl-in-the-library_puzzle.jpg 520w, https:\/\/legacy.jigsawpuzzel.nl\/fr\/wp-content\/uploads\/2025\/11\/A-girl-in-the-library_puzzle-300x190.jpg 300w\" sizes=\"(max-width: 520px) 100vw, 520px\" \/><\/a><\/div><p class=\"w-post-elm post_title usg_post_title_1 entry-title color_link_inherit\"><a href=\"https:\/\/legacy.jigsawpuzzel.nl\/fr\/puzzles\/une-fille-dans-la-bibliotheque\/\">Une fille \u00e0 la biblioth\u00e8que<\/a><\/p><time class=\"w-post-elm post_date usg_post_date_1 entry-date published\" datetime=\"2025-12-20T00:02:11+00:00\">December 20, 2025<\/time>\t\t<\/div>\r\n\t\t\t<\/article>\r\n\t<article class=\"w-grid-item size_1x1 post-28519 puzzles type-puzzles status-publish has-post-thumbnail hentry puzzle_type-anime\" data-id=\"28519\">\r\n\t\t<div class=\"w-grid-item-h\">\r\n\t\t\t\t\t\t\t<a href=\"https:\/\/legacy.jigsawpuzzel.nl\/fr\/puzzles\/jolie-fille-danime\/\" class=\"w-grid-item-anchor\" aria-label=\"Jolie fille d&#039;anime\"><\/a>\r\n\t\t\t\t\t\t<div class=\"w-post-elm post_image usg_post_image_1 has_height\"><a href=\"https:\/\/legacy.jigsawpuzzel.nl\/fr\/puzzles\/jolie-fille-danime\/\" aria-label=\"Jolie fille d&#039;anime\"><img decoding=\"async\" width=\"520\" height=\"329\" src=\"https:\/\/legacy.jigsawpuzzel.nl\/fr\/wp-content\/uploads\/2025\/12\/Lovely-anime-girl_puzzle.jpg\" class=\"attachment-full size-full wp-post-image\" alt=\"\" srcset=\"https:\/\/legacy.jigsawpuzzel.nl\/fr\/wp-content\/uploads\/2025\/12\/Lovely-anime-girl_puzzle.jpg 520w, https:\/\/legacy.jigsawpuzzel.nl\/fr\/wp-content\/uploads\/2025\/12\/Lovely-anime-girl_puzzle-300x190.jpg 300w\" sizes=\"(max-width: 520px) 100vw, 520px\" \/><\/a><\/div><p class=\"w-post-elm post_title usg_post_title_1 entry-title color_link_inherit\"><a href=\"https:\/\/legacy.jigsawpuzzel.nl\/fr\/puzzles\/jolie-fille-danime\/\">Jolie fille d&#39;anime<\/a><\/p><time class=\"w-post-elm post_date usg_post_date_1 entry-date published\" datetime=\"2025-12-11T00:03:46+00:00\">December 11, 2025<\/time>\t\t<\/div>\r\n\t\t\t<\/article>\r\n\t<article class=\"w-grid-item size_1x1 post-28495 puzzles type-puzzles status-publish has-post-thumbnail hentry puzzle_type-anime\" data-id=\"28495\">\r\n\t\t<div class=\"w-grid-item-h\">\r\n\t\t\t\t\t\t\t<a href=\"https:\/\/legacy.jigsawpuzzel.nl\/fr\/puzzles\/joli-anime-fille-cadre\/\" class=\"w-grid-item-anchor\" aria-label=\"jolie fille d&#039;anime\"><\/a>\r\n\t\t\t\t\t\t<div class=\"w-post-elm post_image usg_post_image_1 has_height\"><a href=\"https:\/\/legacy.jigsawpuzzel.nl\/fr\/puzzles\/joli-anime-fille-cadre\/\" aria-label=\"jolie fille d&#039;anime\"><img decoding=\"async\" width=\"520\" height=\"329\" src=\"https:\/\/legacy.jigsawpuzzel.nl\/fr\/wp-content\/uploads\/2025\/12\/Pretty-anime-girl-setting_puzzle.jpg\" class=\"attachment-full size-full wp-post-image\" alt=\"\" srcset=\"https:\/\/legacy.jigsawpuzzel.nl\/fr\/wp-content\/uploads\/2025\/12\/Pretty-anime-girl-setting_puzzle.jpg 520w, https:\/\/legacy.jigsawpuzzel.nl\/fr\/wp-content\/uploads\/2025\/12\/Pretty-anime-girl-setting_puzzle-300x190.jpg 300w\" sizes=\"(max-width: 520px) 100vw, 520px\" \/><\/a><\/div><p class=\"w-post-elm post_title usg_post_title_1 entry-title color_link_inherit\"><a href=\"https:\/\/legacy.jigsawpuzzel.nl\/fr\/puzzles\/joli-anime-fille-cadre\/\">jolie fille d&#39;anime<\/a><\/p><time class=\"w-post-elm post_date usg_post_date_1 entry-date published\" datetime=\"2025-12-08T00:02:52+00:00\">December 8, 2025<\/time>\t\t<\/div>\r\n\t\t\t<\/article>\r\n\t<article class=\"w-grid-item size_1x1 post-28440 puzzles type-puzzles status-publish has-post-thumbnail hentry puzzle_type-anime\" data-id=\"28440\">\r\n\t\t<div class=\"w-grid-item-h\">\r\n\t\t\t\t\t\t\t<a href=\"https:\/\/legacy.jigsawpuzzel.nl\/fr\/puzzles\/personnage-de-roman-leger-japonais-mai-oduka\/\" class=\"w-grid-item-anchor\" aria-label=\"Mai Oduka, personnage de light novel japonais\"><\/a>\r\n\t\t\t\t\t\t<div class=\"w-post-elm post_image usg_post_image_1 has_height\"><a href=\"https:\/\/legacy.jigsawpuzzel.nl\/fr\/puzzles\/personnage-de-roman-leger-japonais-mai-oduka\/\" aria-label=\"Mai Oduka, personnage de light novel japonais\"><img decoding=\"async\" width=\"520\" height=\"329\" src=\"https:\/\/legacy.jigsawpuzzel.nl\/fr\/wp-content\/uploads\/2025\/11\/Mai-Oduka-japanese-light-novel-character_puzzle.jpg\" class=\"attachment-full size-full wp-post-image\" alt=\"\" srcset=\"https:\/\/legacy.jigsawpuzzel.nl\/fr\/wp-content\/uploads\/2025\/11\/Mai-Oduka-japanese-light-novel-character_puzzle.jpg 520w, https:\/\/legacy.jigsawpuzzel.nl\/fr\/wp-content\/uploads\/2025\/11\/Mai-Oduka-japanese-light-novel-character_puzzle-300x190.jpg 300w\" sizes=\"(max-width: 520px) 100vw, 520px\" \/><\/a><\/div><p class=\"w-post-elm post_title usg_post_title_1 entry-title color_link_inherit\"><a href=\"https:\/\/legacy.jigsawpuzzel.nl\/fr\/puzzles\/personnage-de-roman-leger-japonais-mai-oduka\/\">Mai Oduka, personnage de light novel japonais<\/a><\/p><time class=\"w-post-elm post_date usg_post_date_1 entry-date published\" datetime=\"2025-12-01T00:03:55+00:00\">December 1, 2025<\/time>\t\t<\/div>\r\n\t\t\t<\/article>\r\n\t<article class=\"w-grid-item size_1x1 post-28367 puzzles type-puzzles status-publish has-post-thumbnail hentry puzzle_type-anime\" data-id=\"28367\">\r\n\t\t<div class=\"w-grid-item-h\">\r\n\t\t\t\t\t\t\t<a href=\"https:\/\/legacy.jigsawpuzzel.nl\/fr\/puzzles\/fille-danime-dans-un-decor-de-bureau\/\" class=\"w-grid-item-anchor\" aria-label=\"Fille d&#039;anime dans un d\u00e9cor de bureau\"><\/a>\r\n\t\t\t\t\t\t<div class=\"w-post-elm post_image usg_post_image_1 has_height\"><a href=\"https:\/\/legacy.jigsawpuzzel.nl\/fr\/puzzles\/fille-danime-dans-un-decor-de-bureau\/\" aria-label=\"Fille d&#039;anime dans un d\u00e9cor de bureau\"><img decoding=\"async\" width=\"520\" height=\"329\" src=\"https:\/\/legacy.jigsawpuzzel.nl\/fr\/wp-content\/uploads\/2025\/11\/Anime-girl-with-office-like-setting_puzzle.jpg\" class=\"attachment-full size-full wp-post-image\" alt=\"\" srcset=\"https:\/\/legacy.jigsawpuzzel.nl\/fr\/wp-content\/uploads\/2025\/11\/Anime-girl-with-office-like-setting_puzzle.jpg 520w, https:\/\/legacy.jigsawpuzzel.nl\/fr\/wp-content\/uploads\/2025\/11\/Anime-girl-with-office-like-setting_puzzle-300x190.jpg 300w\" sizes=\"(max-width: 520px) 100vw, 520px\" \/><\/a><\/div><p class=\"w-post-elm post_title usg_post_title_1 entry-title color_link_inherit\"><a href=\"https:\/\/legacy.jigsawpuzzel.nl\/fr\/puzzles\/fille-danime-dans-un-decor-de-bureau\/\">Fille d&#39;anime dans un d\u00e9cor de bureau<\/a><\/p><time class=\"w-post-elm post_date usg_post_date_1 entry-date published\" datetime=\"2025-11-23T07:33:57+00:00\">November 23, 2025<\/time>\t\t<\/div>\r\n\t\t\t<\/article>\r\n\t<article class=\"w-grid-item size_1x1 post-28307 puzzles type-puzzles status-publish has-post-thumbnail hentry puzzle_type-anime\" data-id=\"28307\">\r\n\t\t<div class=\"w-grid-item-h\">\r\n\t\t\t\t\t\t\t<a href=\"https:\/\/legacy.jigsawpuzzel.nl\/fr\/puzzles\/une-fille-qui-tombe\/\" class=\"w-grid-item-anchor\" aria-label=\"Une fille qui tombe\"><\/a>\r\n\t\t\t\t\t\t<div class=\"w-post-elm post_image usg_post_image_1 has_height\"><a href=\"https:\/\/legacy.jigsawpuzzel.nl\/fr\/puzzles\/une-fille-qui-tombe\/\" aria-label=\"Une fille qui tombe\"><img decoding=\"async\" width=\"520\" height=\"329\" src=\"https:\/\/legacy.jigsawpuzzel.nl\/fr\/wp-content\/uploads\/2025\/11\/A-girl-falling-down_puzzle.jpg\" class=\"attachment-full size-full wp-post-image\" alt=\"\" srcset=\"https:\/\/legacy.jigsawpuzzel.nl\/fr\/wp-content\/uploads\/2025\/11\/A-girl-falling-down_puzzle.jpg 520w, https:\/\/legacy.jigsawpuzzel.nl\/fr\/wp-content\/uploads\/2025\/11\/A-girl-falling-down_puzzle-300x190.jpg 300w\" sizes=\"(max-width: 520px) 100vw, 520px\" \/><\/a><\/div><p class=\"w-post-elm post_title usg_post_title_1 entry-title color_link_inherit\"><a href=\"https:\/\/legacy.jigsawpuzzel.nl\/fr\/puzzles\/une-fille-qui-tombe\/\">Une fille qui tombe<\/a><\/p><time class=\"w-post-elm post_date usg_post_date_1 entry-date published\" datetime=\"2025-11-16T08:23:15+00:00\">November 16, 2025<\/time>\t\t<\/div>\r\n\t\t\t<\/article>\r\n<\/div><div class=\"w-grid-preloader\">\t<div class=\"g-preloader type_1\">\r\n\t\t<div><\/div>\r\n\t<\/div>\r\n\t<\/div>\t\t\t<nav class=\"pagination navigation\" role=\"navigation\">\r\n\t\t\t\t<div class=\"nav-links\">\r\n\t\t\t\t\t<span aria-current=\"page\" class=\"page-numbers current\"><span>1<\/span><\/span>\n<a class=\"page-numbers\" href=\"https:\/\/legacy.jigsawpuzzel.nl\/fr\/wp-json\/wp\/v2\/pages\/8919\/page\/2\/\"><span>2<\/span><\/a>\n<a class=\"page-numbers\" href=\"https:\/\/legacy.jigsawpuzzel.nl\/fr\/wp-json\/wp\/v2\/pages\/8919\/page\/3\/\"><span>3<\/span><\/a>\n<a class=\"page-numbers\" href=\"https:\/\/legacy.jigsawpuzzel.nl\/fr\/wp-json\/wp\/v2\/pages\/8919\/page\/4\/\"><span>4<\/span><\/a>\n<span class=\"page-numbers dots\">&hellip;<\/span>\n<a class=\"page-numbers\" href=\"https:\/\/legacy.jigsawpuzzel.nl\/fr\/wp-json\/wp\/v2\/pages\/8919\/page\/9\/\"><span>9<\/span><\/a>\n<a class=\"next page-numbers\" href=\"https:\/\/legacy.jigsawpuzzel.nl\/fr\/wp-json\/wp\/v2\/pages\/8919\/page\/2\/\"><span>Next<\/span><\/a>\t\t\t\t<\/div>\r\n\t\t\t<\/nav>\r\n\t\t\t\t<div class=\"w-grid-json hidden\" onclick='return {&quot;action&quot;:&quot;us_ajax_grid&quot;,&quot;infinite_scroll&quot;:0,&quot;max_num_pages&quot;:9,&quot;pagination&quot;:&quot;regular&quot;,&quot;template_vars&quot;:{&quot;columns&quot;:&quot;3&quot;,&quot;exclude_items&quot;:&quot;none&quot;,&quot;img_size&quot;:&quot;default&quot;,&quot;ignore_items_size&quot;:0,&quot;items_layout&quot;:&quot;8862&quot;,&quot;items_offset&quot;:&quot;1&quot;,&quot;load_animation&quot;:&quot;none&quot;,&quot;overriding_link&quot;:&quot;%7B%22type%22%3A%22post%22%7D&quot;,&quot;post_id&quot;:0,&quot;query_args&quot;:{&quot;post_type&quot;:[&quot;puzzles&quot;],&quot;tax_query&quot;:[{&quot;taxonomy&quot;:&quot;puzzle_type&quot;,&quot;field&quot;:&quot;slug&quot;,&quot;terms&quot;:[&quot;anime&quot;]}],&quot;post_status&quot;:[&quot;publish&quot;,&quot;acf-disabled&quot;],&quot;posts_per_page&quot;:&quot;9&quot;},&quot;orderby_query_args&quot;:{&quot;orderby&quot;:{&quot;date&quot;:&quot;DESC&quot;}},&quot;type&quot;:&quot;grid&quot;,&quot;us_grid_post_type&quot;:&quot;puzzles&quot;,&quot;us_grid_ajax_index&quot;:1,&quot;us_grid_filter_query_string&quot;:null,&quot;us_grid_index&quot;:1,&quot;page_args&quot;:[]}}'><\/div>\r\n\t<\/div><\/div><\/div><\/div><\/div><div class=\"w-separator size_small with_line width_default thick_1 style_solid color_border align_center\"><div class=\"w-separator-h\"><\/div><\/div><div class=\"wpb_text_column\"><div class=\"wpb_wrapper\"><p>L&#39;anime est n\u00e9 au d\u00e9but du 20e si\u00e8cle lorsque les cin\u00e9astes japonais ont exp\u00e9riment\u00e9 les techniques d&#39;animation. Le plus ancien anime connu existant a \u00e9t\u00e9 projet\u00e9 pour la premi\u00e8re fois en 1917, un clip de deux minutes d&#39;un samoura\u00ef essayant de tester une nouvelle \u00e9p\u00e9e sur sa cible, pour ensuite \u00eatre vaincu. Dans les ann\u00e9es 1930, l\u2019animation est devenue un format de narration alternatif \u00e0 l\u2019industrie du film d\u2019action au Japon. Mais il a subi la concurrence des producteurs \u00e9trangers et de nombreux animateurs.<\/p>\n<p>Les ann\u00e9es 1970 ont vu une forte croissance de la popularit\u00e9 du manga. Le travail d&#39;Osamu Tezuka a particuli\u00e8rement attir\u00e9 l&#39;attention, il est appel\u00e9 une l\u00e9gende et un dieu du manga. Son travail a inspir\u00e9 des genres et des caract\u00e9ristiques qui restent des \u00e9l\u00e9ments fondamentaux de l&#39;anime. Le genre des robots g\u00e9ants, connu sous le nom de Mecha en dehors du Japon, par exemple, a pris forme sous Tezuka, puis s&#39;est d\u00e9velopp\u00e9 en genre Super Robot sous Go Nagai. Yoshiyuki Tomino a d\u00e9velopp\u00e9 le genre Real Robot. Les s\u00e9ries anim\u00e9es de robots sont devenues des classiques instantan\u00e9s dans les ann\u00e9es 1980, et le genre d&#39;anime robotique est encore aujourd&#39;hui l&#39;un des plus r\u00e9pandus au Japon et dans le monde. Dans les ann\u00e9es 1980, l&#39;anime est devenu plus accept\u00e9 au Japon, bien que moins que le manga.<\/p>\n<\/div><\/div><\/div><\/div><\/div><\/div><\/div><\/section>\n","protected":false},"excerpt":{"rendered":"Puzzle en ligne d&#39;une fille qui tombe.","protected":false},"author":1,"featured_media":0,"parent":0,"menu_order":0,"comment_status":"closed","ping_status":"closed","template":"","meta":{"_acf_changed":false,"footnotes":""},"class_list":["post-8919","page","type-page","status-publish","hentry"],"acf":[],"yoast_head":"<!-- This site is optimized with the Yoast SEO plugin v26.6 - https:\/\/yoast.com\/wordpress\/plugins\/seo\/ -->\n<title>Puzzles en ligne ANIME - puzzles manga. Gratuit.<\/title>\n<meta name=\"description\" content=\"Puzzles en ligne d&#039;anime et puzzles de manga en ligne. Puzzles de mangas anim\u00e9s. Jouez gratuitement.\" \/>\n<meta name=\"robots\" content=\"index, follow, max-snippet:-1, max-image-preview:large, max-video-preview:-1\" \/>\n<link rel=\"canonical\" href=\"https:\/\/legacy.jigsawpuzzel.nl\/fr\/anime\/\" \/>\n<meta property=\"og:locale\" content=\"en_US\" \/>\n<meta property=\"og:type\" content=\"article\" \/>\n<meta property=\"og:title\" content=\"Puzzles en ligne ANIME - puzzles manga. Gratuit.\" \/>\n<meta property=\"og:description\" content=\"Puzzles en ligne d&#039;anime et puzzles de manga en ligne. Puzzles de mangas anim\u00e9s. Jouez gratuitement.\" \/>\n<meta property=\"og:url\" content=\"https:\/\/legacy.jigsawpuzzel.nl\/fr\/anime\/\" \/>\n<meta property=\"og:site_name\" content=\"Puzzle en ligne\" \/>\n<meta property=\"article:publisher\" content=\"https:\/\/www.facebook.com\/onlinejigsawpuzzles\/\" \/>\n<meta property=\"article:modified_time\" content=\"2024-02-18T11:58:34+00:00\" \/>\n<meta name=\"twitter:card\" content=\"summary_large_image\" \/>\n<meta name=\"twitter:label1\" content=\"Est. reading time\" \/>\n\t<meta name=\"twitter:data1\" content=\"2 minutes\" \/>\n<script type=\"application\/ld+json\" class=\"yoast-schema-graph\">{\"@context\":\"https:\/\/schema.org\",\"@graph\":[{\"@type\":\"WebPage\",\"@id\":\"https:\/\/legacy.jigsawpuzzel.nl\/fr\/anime\/\",\"url\":\"https:\/\/legacy.jigsawpuzzel.nl\/fr\/anime\/\",\"name\":\"Puzzles en ligne ANIME - puzzles manga. Gratuit.\",\"isPartOf\":{\"@id\":\"https:\/\/legacy.jigsawpuzzel.nl\/fr\/#website\"},\"datePublished\":\"2019-10-16T14:07:32+00:00\",\"dateModified\":\"2024-02-18T11:58:34+00:00\",\"description\":\"Puzzles en ligne d&#39;anime et puzzles de manga en ligne. Puzzles de mangas anim\u00e9s. Jouez gratuitement.\",\"inLanguage\":\"en-US\",\"potentialAction\":[{\"@type\":\"ReadAction\",\"target\":[\"https:\/\/legacy.jigsawpuzzel.nl\/fr\/anime\/\"]}]},{\"@type\":\"WebSite\",\"@id\":\"https:\/\/legacy.jigsawpuzzel.nl\/fr\/#website\",\"url\":\"https:\/\/legacy.jigsawpuzzel.nl\/fr\/\",\"name\":\"Online Jigsaw Puzzles\",\"description\":\"Puzzles gratuits \u00e0 jouer en ligne\",\"potentialAction\":[{\"@type\":\"SearchAction\",\"target\":{\"@type\":\"EntryPoint\",\"urlTemplate\":\"https:\/\/legacy.jigsawpuzzel.nl\/fr\/?s={search_term_string}\"},\"query-input\":{\"@type\":\"PropertyValueSpecification\",\"valueRequired\":true,\"valueName\":\"search_term_string\"}}],\"inLanguage\":\"en-US\"}]}<\/script>\n<!-- \/ Yoast SEO plugin. -->","yoast_head_json":{"title":"Puzzles en ligne ANIME - puzzles manga. Gratuit.","description":"Puzzles en ligne d&#39;anime et puzzles de manga en ligne. Puzzles de mangas anim\u00e9s. Jouez gratuitement.","robots":{"index":"index","follow":"follow","max-snippet":"max-snippet:-1","max-image-preview":"max-image-preview:large","max-video-preview":"max-video-preview:-1"},"canonical":"https:\/\/legacy.jigsawpuzzel.nl\/fr\/anime\/","og_locale":"en_US","og_type":"article","og_title":"Puzzles en ligne ANIME - puzzles manga. Gratuit.","og_description":"Puzzles en ligne d&#39;anime et puzzles de manga en ligne. Puzzles de mangas anim\u00e9s. Jouez gratuitement.","og_url":"https:\/\/legacy.jigsawpuzzel.nl\/fr\/anime\/","og_site_name":"Puzzle en ligne","article_publisher":"https:\/\/www.facebook.com\/onlinejigsawpuzzles\/","article_modified_time":"2024-02-18T11:58:34+00:00","twitter_card":"summary_large_image","twitter_misc":{"Est. reading time":"2 minutes"},"schema":{"@context":"https:\/\/schema.org","@graph":[{"@type":"WebPage","@id":"https:\/\/legacy.jigsawpuzzel.nl\/fr\/anime\/","url":"https:\/\/legacy.jigsawpuzzel.nl\/fr\/anime\/","name":"Puzzles en ligne ANIME - puzzles manga. Gratuit.","isPartOf":{"@id":"https:\/\/legacy.jigsawpuzzel.nl\/fr\/#website"},"datePublished":"2019-10-16T14:07:32+00:00","dateModified":"2024-02-18T11:58:34+00:00","description":"Puzzles en ligne d&#39;anime et puzzles de manga en ligne. Puzzles de mangas anim\u00e9s. Jouez gratuitement.","inLanguage":"en-US","potentialAction":[{"@type":"ReadAction","target":["https:\/\/legacy.jigsawpuzzel.nl\/fr\/anime\/"]}]},{"@type":"WebSite","@id":"https:\/\/legacy.jigsawpuzzel.nl\/fr\/#website","url":"https:\/\/legacy.jigsawpuzzel.nl\/fr\/","name":"Online Jigsaw Puzzles","description":"Puzzles gratuits \u00e0 jouer en ligne","potentialAction":[{"@type":"SearchAction","target":{"@type":"EntryPoint","urlTemplate":"https:\/\/legacy.jigsawpuzzel.nl\/fr\/?s={search_term_string}"},"query-input":{"@type":"PropertyValueSpecification","valueRequired":true,"valueName":"search_term_string"}}],"inLanguage":"en-US"}]}},"_links":{"self":[{"href":"https:\/\/legacy.jigsawpuzzel.nl\/fr\/wp-json\/wp\/v2\/pages\/8919","targetHints":{"allow":["GET"]}}],"collection":[{"href":"https:\/\/legacy.jigsawpuzzel.nl\/fr\/wp-json\/wp\/v2\/pages"}],"about":[{"href":"https:\/\/legacy.jigsawpuzzel.nl\/fr\/wp-json\/wp\/v2\/types\/page"}],"author":[{"embeddable":true,"href":"https:\/\/legacy.jigsawpuzzel.nl\/fr\/wp-json\/wp\/v2\/users\/1"}],"replies":[{"embeddable":true,"href":"https:\/\/legacy.jigsawpuzzel.nl\/fr\/wp-json\/wp\/v2\/comments?post=8919"}],"version-history":[{"count":1,"href":"https:\/\/legacy.jigsawpuzzel.nl\/fr\/wp-json\/wp\/v2\/pages\/8919\/revisions"}],"predecessor-version":[{"id":23032,"href":"https:\/\/legacy.jigsawpuzzel.nl\/fr\/wp-json\/wp\/v2\/pages\/8919\/revisions\/23032"}],"wp:attachment":[{"href":"https:\/\/legacy.jigsawpuzzel.nl\/fr\/wp-json\/wp\/v2\/media?parent=8919"}],"curies":[{"name":"wp","href":"https:\/\/api.w.org\/{rel}","templated":true}]}}