{"id":8900,"date":"2019-10-16T13:34:58","date_gmt":"2019-10-16T13:34:58","guid":{"rendered":"http:\/\/www.onlinejigsawpuzzles.net\/?page_id=8900"},"modified":"2024-02-18T11:58:46","modified_gmt":"2024-02-18T11:58:46","slug":"nature","status":"publish","type":"page","link":"https:\/\/legacy.jigsawpuzzel.nl\/fr\/nature\/","title":{"rendered":"Nature"},"content":{"rendered":"<section class=\"l-section wpb_row height_medium\"><div class=\"l-section-h i-cf\"><div class=\"g-cols vc_row via_flex valign_top type_default stacking_default\"><div class=\"vc_col-sm-12 wpb_column vc_column_container\"><div class=\"vc_column-inner\"><div class=\"wpb_wrapper\"><div class=\"wpb_text_column\"><div class=\"wpb_wrapper\"><h1>Puzzles Paysage Naturel. Puzzles en ligne de belles sc\u00e8nes de la nature.<\/h1>\n<p>Cette page de puzzles en ligne.net propose des puzzles en ligne gratuits de belles sc\u00e8nes naturelles et de paysages de voyage. Nous avons trouv\u00e9 les fonds d&#39;\u00e9cran et les photos les plus beaux et les plus color\u00e9s pour g\u00e9n\u00e9rer un puzzle d&#39;un jardin avec des azal\u00e9es et des ch\u00eanes verts, les chutes Anderson, le Grand Canyon, le mont Reinier, les montagnes Blue Ridge, Saint Martin, le parc national des Arches, le parc national des Glaciers et Parc national de Sion. Vous pouvez choisir parmi une vari\u00e9t\u00e9 de papiers peints dans la galerie et \u00e9galement choisir le niveau de difficult\u00e9, d&#39;une simple coupe de 6 pi\u00e8ces pour les jeunes enfants \u00e0 247 pi\u00e8ces pour les enfants plus \u00e2g\u00e9s et les adultes. Les puzzles en ligne aident les jeunes enfants et les d\u00e9butants \u00e0 apprendre le contr\u00f4le de la souris, c&#39;est \u00e9ducatif et tr\u00e8s amusant. Profitez de ce site Web avec des puzzles de sc\u00e8nes de la nature.<\/p>\n<\/div><\/div><div class=\"w-separator size_small\"><\/div><div class=\"g-cols wpb_row via_flex valign_top type_default stacking_default\"><div class=\"vc_col-sm-12 wpb_column vc_column_container pp\"><div class=\"vc_column-inner\"><div class=\"wpb_wrapper\"><div class=\"w-grid type_grid layout_8862 cols_3 pagination_regular\" id=\"us_grid_1\" style=\"--gap:1.5rem;\" data-filterable=\"true\"><style>@media (max-width:1449px){#us_grid_1 .w-grid-item{width:50%}}@media (max-width:1024px){#us_grid_1 .w-grid-item{width:50%}}@media (max-width:600px){#us_grid_1 .w-grid-list{margin:0}#us_grid_1 .w-grid-item{width:100%;padding:0;margin-bottom:var(--gap,0px)}}.layout_8862 .w-grid-item-h{}.layout_8862 .usg_post_image_1{text-transform:none!important;height:200px!important;max-height:200px!important;min-height:200px!important}.layout_8862 .usg_post_title_1{font-size:1rem!important;font-family:var(--font-family)!important;font-weight:500!important;text-transform:none!important;margin-left:6px!important;margin-top:6px!important}.layout_8862 .usg_post_date_1{font-size:14px!important;margin-left:6px!important;margin-top:4px!important}<\/style><div class=\"w-grid-list\">\t<article class=\"w-grid-item size_1x1 post-28915 puzzles type-puzzles status-publish has-post-thumbnail hentry puzzle_type-nature\" data-id=\"28915\">\r\n\t\t<div class=\"w-grid-item-h\">\r\n\t\t\t\t\t\t\t<a href=\"https:\/\/legacy.jigsawpuzzel.nl\/fr\/puzzles\/piscines-naturelles-turquoise\/\" class=\"w-grid-item-anchor\" aria-label=\"Piscines naturelles de couleur turquoise\"><\/a>\r\n\t\t\t\t\t\t<div class=\"w-post-elm post_image usg_post_image_1 has_height\"><a href=\"https:\/\/legacy.jigsawpuzzel.nl\/fr\/puzzles\/piscines-naturelles-turquoise\/\" aria-label=\"Piscines naturelles de couleur turquoise\"><img decoding=\"async\" width=\"520\" height=\"329\" src=\"https:\/\/legacy.jigsawpuzzel.nl\/fr\/wp-content\/uploads\/2026\/01\/Turquoise-colored-natural-pools_puzzle-1-5.jpg\" class=\"attachment-full size-full wp-post-image\" alt=\"Turquoise colored natural pools\" srcset=\"https:\/\/legacy.jigsawpuzzel.nl\/fr\/wp-content\/uploads\/2026\/01\/Turquoise-colored-natural-pools_puzzle-1-5.jpg 520w, https:\/\/legacy.jigsawpuzzel.nl\/fr\/wp-content\/uploads\/2026\/01\/Turquoise-colored-natural-pools_puzzle-1-5-300x190.jpg 300w\" sizes=\"(max-width: 520px) 100vw, 520px\" \/><\/a><\/div><p class=\"w-post-elm post_title usg_post_title_1 entry-title color_link_inherit\"><a href=\"https:\/\/legacy.jigsawpuzzel.nl\/fr\/puzzles\/piscines-naturelles-turquoise\/\">Piscines naturelles de couleur turquoise<\/a><\/p><time class=\"w-post-elm post_date usg_post_date_1 entry-date published\" datetime=\"2026-01-29T00:03:08+00:00\">January 29, 2026<\/time>\t\t<\/div>\r\n\t\t\t<\/article>\r\n\t<article class=\"w-grid-item size_1x1 post-28907 puzzles type-puzzles status-publish has-post-thumbnail hentry puzzle_type-nature\" data-id=\"28907\">\r\n\t\t<div class=\"w-grid-item-h\">\r\n\t\t\t\t\t\t\t<a href=\"https:\/\/legacy.jigsawpuzzel.nl\/fr\/puzzles\/roseau-herbe-de-chine\/\" class=\"w-grid-item-anchor\" aria-label=\"Roseau de Chine\"><\/a>\r\n\t\t\t\t\t\t<div class=\"w-post-elm post_image usg_post_image_1 has_height\"><a href=\"https:\/\/legacy.jigsawpuzzel.nl\/fr\/puzzles\/roseau-herbe-de-chine\/\" aria-label=\"Roseau de Chine\"><img decoding=\"async\" width=\"520\" height=\"329\" src=\"https:\/\/legacy.jigsawpuzzel.nl\/fr\/wp-content\/uploads\/2026\/01\/Reed-China-grass-_puzzle.jpg\" class=\"attachment-full size-full wp-post-image\" alt=\"\" srcset=\"https:\/\/legacy.jigsawpuzzel.nl\/fr\/wp-content\/uploads\/2026\/01\/Reed-China-grass-_puzzle.jpg 520w, https:\/\/legacy.jigsawpuzzel.nl\/fr\/wp-content\/uploads\/2026\/01\/Reed-China-grass-_puzzle-300x190.jpg 300w\" sizes=\"(max-width: 520px) 100vw, 520px\" \/><\/a><\/div><p class=\"w-post-elm post_title usg_post_title_1 entry-title color_link_inherit\"><a href=\"https:\/\/legacy.jigsawpuzzel.nl\/fr\/puzzles\/roseau-herbe-de-chine\/\">Roseau de Chine<\/a><\/p><time class=\"w-post-elm post_date usg_post_date_1 entry-date published\" datetime=\"2026-01-28T00:03:09+00:00\">January 28, 2026<\/time>\t\t<\/div>\r\n\t\t\t<\/article>\r\n\t<article class=\"w-grid-item size_1x1 post-28889 puzzles type-puzzles status-publish has-post-thumbnail hentry puzzle_type-nature\" data-id=\"28889\">\r\n\t\t<div class=\"w-grid-item-h\">\r\n\t\t\t\t\t\t\t<a href=\"https:\/\/legacy.jigsawpuzzel.nl\/fr\/puzzles\/probablement-une-cascade-nature\/\" class=\"w-grid-item-anchor\" aria-label=\"Probablement une cascade naturelle\"><\/a>\r\n\t\t\t\t\t\t<div class=\"w-post-elm post_image usg_post_image_1 has_height\"><a href=\"https:\/\/legacy.jigsawpuzzel.nl\/fr\/puzzles\/probablement-une-cascade-nature\/\" aria-label=\"Probablement une cascade naturelle\"><img decoding=\"async\" width=\"520\" height=\"329\" src=\"https:\/\/legacy.jigsawpuzzel.nl\/fr\/wp-content\/uploads\/2026\/01\/Likely-a-waterfalls-nature_puzzle.jpg\" class=\"attachment-full size-full wp-post-image\" alt=\"\" srcset=\"https:\/\/legacy.jigsawpuzzel.nl\/fr\/wp-content\/uploads\/2026\/01\/Likely-a-waterfalls-nature_puzzle.jpg 520w, https:\/\/legacy.jigsawpuzzel.nl\/fr\/wp-content\/uploads\/2026\/01\/Likely-a-waterfalls-nature_puzzle-300x190.jpg 300w\" sizes=\"(max-width: 520px) 100vw, 520px\" \/><\/a><\/div><p class=\"w-post-elm post_title usg_post_title_1 entry-title color_link_inherit\"><a href=\"https:\/\/legacy.jigsawpuzzel.nl\/fr\/puzzles\/probablement-une-cascade-nature\/\">Probablement une cascade naturelle<\/a><\/p><time class=\"w-post-elm post_date usg_post_date_1 entry-date published\" datetime=\"2026-01-26T00:01:12+00:00\">January 26, 2026<\/time>\t\t<\/div>\r\n\t\t\t<\/article>\r\n\t<article class=\"w-grid-item size_1x1 post-28884 puzzles type-puzzles status-publish has-post-thumbnail hentry puzzle_type-nature\" data-id=\"28884\">\r\n\t\t<div class=\"w-grid-item-h\">\r\n\t\t\t\t\t\t\t<a href=\"https:\/\/legacy.jigsawpuzzel.nl\/fr\/puzzles\/chutes-de-kawasan-a-balilihan-bohol\/\" class=\"w-grid-item-anchor\" aria-label=\"Kawasan tombe \u00e0 Balilihan Bohol\"><\/a>\r\n\t\t\t\t\t\t<div class=\"w-post-elm post_image usg_post_image_1 has_height\"><a href=\"https:\/\/legacy.jigsawpuzzel.nl\/fr\/puzzles\/chutes-de-kawasan-a-balilihan-bohol\/\" aria-label=\"Kawasan tombe \u00e0 Balilihan Bohol\"><img decoding=\"async\" width=\"520\" height=\"329\" src=\"https:\/\/legacy.jigsawpuzzel.nl\/fr\/wp-content\/uploads\/2026\/01\/Kawasan-falls-in-Balilihan-Bohol_puzzle.jpg\" class=\"attachment-full size-full wp-post-image\" alt=\"\" srcset=\"https:\/\/legacy.jigsawpuzzel.nl\/fr\/wp-content\/uploads\/2026\/01\/Kawasan-falls-in-Balilihan-Bohol_puzzle.jpg 520w, https:\/\/legacy.jigsawpuzzel.nl\/fr\/wp-content\/uploads\/2026\/01\/Kawasan-falls-in-Balilihan-Bohol_puzzle-300x190.jpg 300w\" sizes=\"(max-width: 520px) 100vw, 520px\" \/><\/a><\/div><p class=\"w-post-elm post_title usg_post_title_1 entry-title color_link_inherit\"><a href=\"https:\/\/legacy.jigsawpuzzel.nl\/fr\/puzzles\/chutes-de-kawasan-a-balilihan-bohol\/\">Kawasan tombe \u00e0 Balilihan Bohol<\/a><\/p><time class=\"w-post-elm post_date usg_post_date_1 entry-date published\" datetime=\"2026-01-25T00:04:47+00:00\">January 25, 2026<\/time>\t\t<\/div>\r\n\t\t\t<\/article>\r\n\t<article class=\"w-grid-item size_1x1 post-28867 puzzles type-puzzles status-publish has-post-thumbnail hentry puzzle_type-nature\" data-id=\"28867\">\r\n\t\t<div class=\"w-grid-item-h\">\r\n\t\t\t\t\t\t\t<a href=\"https:\/\/legacy.jigsawpuzzel.nl\/fr\/puzzles\/le-danicop-ticugan-spring-bohol-philippines\/\" class=\"w-grid-item-anchor\" aria-label=\"Le printemps Danicop Ticugan Bohol Philippines\"><\/a>\r\n\t\t\t\t\t\t<div class=\"w-post-elm post_image usg_post_image_1 has_height\"><a href=\"https:\/\/legacy.jigsawpuzzel.nl\/fr\/puzzles\/le-danicop-ticugan-spring-bohol-philippines\/\" aria-label=\"Le printemps Danicop Ticugan Bohol Philippines\"><img decoding=\"async\" width=\"520\" height=\"329\" src=\"https:\/\/legacy.jigsawpuzzel.nl\/fr\/wp-content\/uploads\/2026\/01\/Turquoise-colored-natural-pools_puzzle.jpg\" class=\"attachment-full size-full wp-post-image\" alt=\"\" srcset=\"https:\/\/legacy.jigsawpuzzel.nl\/fr\/wp-content\/uploads\/2026\/01\/Turquoise-colored-natural-pools_puzzle.jpg 520w, https:\/\/legacy.jigsawpuzzel.nl\/fr\/wp-content\/uploads\/2026\/01\/Turquoise-colored-natural-pools_puzzle-300x190.jpg 300w\" sizes=\"(max-width: 520px) 100vw, 520px\" \/><\/a><\/div><p class=\"w-post-elm post_title usg_post_title_1 entry-title color_link_inherit\"><a href=\"https:\/\/legacy.jigsawpuzzel.nl\/fr\/puzzles\/le-danicop-ticugan-spring-bohol-philippines\/\">Le printemps Danicop Ticugan Bohol Philippines<\/a><\/p><time class=\"w-post-elm post_date usg_post_date_1 entry-date published\" datetime=\"2026-01-23T00:03:55+00:00\">January 23, 2026<\/time>\t\t<\/div>\r\n\t\t\t<\/article>\r\n\t<article class=\"w-grid-item size_1x1 post-28861 puzzles type-puzzles status-publish has-post-thumbnail hentry puzzle_type-nature\" data-id=\"28861\">\r\n\t\t<div class=\"w-grid-item-h\">\r\n\t\t\t\t\t\t\t<a href=\"https:\/\/legacy.jigsawpuzzel.nl\/fr\/puzzles\/oxalis-tetraphylla-connu-croix-de-fer\/\" class=\"w-grid-item-anchor\" aria-label=\"Oxalis tetraphylla connue sous le nom de croix de fer\"><\/a>\r\n\t\t\t\t\t\t<div class=\"w-post-elm post_image usg_post_image_1 has_height\"><a href=\"https:\/\/legacy.jigsawpuzzel.nl\/fr\/puzzles\/oxalis-tetraphylla-connu-croix-de-fer\/\" aria-label=\"Oxalis tetraphylla connue sous le nom de croix de fer\"><img decoding=\"async\" width=\"520\" height=\"329\" src=\"https:\/\/legacy.jigsawpuzzel.nl\/fr\/wp-content\/uploads\/2026\/01\/Oxalis-tetraphylla-known-iron-cross_puzzle.jpg\" class=\"attachment-full size-full wp-post-image\" alt=\"\" srcset=\"https:\/\/legacy.jigsawpuzzel.nl\/fr\/wp-content\/uploads\/2026\/01\/Oxalis-tetraphylla-known-iron-cross_puzzle.jpg 520w, https:\/\/legacy.jigsawpuzzel.nl\/fr\/wp-content\/uploads\/2026\/01\/Oxalis-tetraphylla-known-iron-cross_puzzle-300x190.jpg 300w\" sizes=\"(max-width: 520px) 100vw, 520px\" \/><\/a><\/div><p class=\"w-post-elm post_title usg_post_title_1 entry-title color_link_inherit\"><a href=\"https:\/\/legacy.jigsawpuzzel.nl\/fr\/puzzles\/oxalis-tetraphylla-connu-croix-de-fer\/\">Oxalis tetraphylla connue sous le nom de croix de fer<\/a><\/p><time class=\"w-post-elm post_date usg_post_date_1 entry-date published\" datetime=\"2026-01-22T00:04:23+00:00\">January 22, 2026<\/time>\t\t<\/div>\r\n\t\t\t<\/article>\r\n\t<article class=\"w-grid-item size_1x1 post-28852 puzzles type-puzzles status-publish has-post-thumbnail hentry puzzle_type-nature\" data-id=\"28852\">\r\n\t\t<div class=\"w-grid-item-h\">\r\n\t\t\t\t\t\t\t<a href=\"https:\/\/legacy.jigsawpuzzel.nl\/fr\/puzzles\/muhlenbergie-rose\/\" class=\"w-grid-item-anchor\" aria-label=\"herbe de muhlenbergia rose\"><\/a>\r\n\t\t\t\t\t\t<div class=\"w-post-elm post_image usg_post_image_1 has_height\"><a href=\"https:\/\/legacy.jigsawpuzzel.nl\/fr\/puzzles\/muhlenbergie-rose\/\" aria-label=\"herbe de muhlenbergia rose\"><img decoding=\"async\" width=\"520\" height=\"329\" src=\"https:\/\/legacy.jigsawpuzzel.nl\/fr\/wp-content\/uploads\/2026\/01\/Pink-muhly-grass_puzzle.jpg\" class=\"attachment-full size-full wp-post-image\" alt=\"\" srcset=\"https:\/\/legacy.jigsawpuzzel.nl\/fr\/wp-content\/uploads\/2026\/01\/Pink-muhly-grass_puzzle.jpg 520w, https:\/\/legacy.jigsawpuzzel.nl\/fr\/wp-content\/uploads\/2026\/01\/Pink-muhly-grass_puzzle-300x190.jpg 300w\" sizes=\"(max-width: 520px) 100vw, 520px\" \/><\/a><\/div><p class=\"w-post-elm post_title usg_post_title_1 entry-title color_link_inherit\"><a href=\"https:\/\/legacy.jigsawpuzzel.nl\/fr\/puzzles\/muhlenbergie-rose\/\">herbe de muhlenbergia rose<\/a><\/p><time class=\"w-post-elm post_date usg_post_date_1 entry-date published\" datetime=\"2026-01-21T00:02:49+00:00\">January 21, 2026<\/time>\t\t<\/div>\r\n\t\t\t<\/article>\r\n\t<article class=\"w-grid-item size_1x1 post-28843 puzzles type-puzzles status-publish has-post-thumbnail hentry puzzle_type-nature\" data-id=\"28843\">\r\n\t\t<div class=\"w-grid-item-h\">\r\n\t\t\t\t\t\t\t<a href=\"https:\/\/legacy.jigsawpuzzel.nl\/fr\/puzzles\/bohol-nature-resort\/\" class=\"w-grid-item-anchor\" aria-label=\"Station baln\u00e9aire naturelle de Bohol\"><\/a>\r\n\t\t\t\t\t\t<div class=\"w-post-elm post_image usg_post_image_1 has_height\"><a href=\"https:\/\/legacy.jigsawpuzzel.nl\/fr\/puzzles\/bohol-nature-resort\/\" aria-label=\"Station baln\u00e9aire naturelle de Bohol\"><img decoding=\"async\" width=\"520\" height=\"329\" src=\"https:\/\/legacy.jigsawpuzzel.nl\/fr\/wp-content\/uploads\/2026\/01\/Bohol-nature-resort_puzzle.jpg\" class=\"attachment-full size-full wp-post-image\" alt=\"\" srcset=\"https:\/\/legacy.jigsawpuzzel.nl\/fr\/wp-content\/uploads\/2026\/01\/Bohol-nature-resort_puzzle.jpg 520w, https:\/\/legacy.jigsawpuzzel.nl\/fr\/wp-content\/uploads\/2026\/01\/Bohol-nature-resort_puzzle-300x190.jpg 300w\" sizes=\"(max-width: 520px) 100vw, 520px\" \/><\/a><\/div><p class=\"w-post-elm post_title usg_post_title_1 entry-title color_link_inherit\"><a href=\"https:\/\/legacy.jigsawpuzzel.nl\/fr\/puzzles\/bohol-nature-resort\/\">Station baln\u00e9aire naturelle de Bohol<\/a><\/p><time class=\"w-post-elm post_date usg_post_date_1 entry-date published\" datetime=\"2026-01-20T00:03:24+00:00\">January 20, 2026<\/time>\t\t<\/div>\r\n\t\t\t<\/article>\r\n\t<article class=\"w-grid-item size_1x1 post-28832 puzzles type-puzzles status-publish has-post-thumbnail hentry puzzle_type-nature\" data-id=\"28832\">\r\n\t\t<div class=\"w-grid-item-h\">\r\n\t\t\t\t\t\t\t<a href=\"https:\/\/legacy.jigsawpuzzel.nl\/fr\/puzzles\/la-plante-heliconia-rostrata\/\" class=\"w-grid-item-anchor\" aria-label=\"La plante Heliconia rostrata\"><\/a>\r\n\t\t\t\t\t\t<div class=\"w-post-elm post_image usg_post_image_1 has_height\"><a href=\"https:\/\/legacy.jigsawpuzzel.nl\/fr\/puzzles\/la-plante-heliconia-rostrata\/\" aria-label=\"La plante Heliconia rostrata\"><img decoding=\"async\" width=\"520\" height=\"329\" src=\"https:\/\/legacy.jigsawpuzzel.nl\/fr\/wp-content\/uploads\/2026\/01\/The-heliconia-rostrata-plant_puzzle.jpg\" class=\"attachment-full size-full wp-post-image\" alt=\"\" srcset=\"https:\/\/legacy.jigsawpuzzel.nl\/fr\/wp-content\/uploads\/2026\/01\/The-heliconia-rostrata-plant_puzzle.jpg 520w, https:\/\/legacy.jigsawpuzzel.nl\/fr\/wp-content\/uploads\/2026\/01\/The-heliconia-rostrata-plant_puzzle-300x190.jpg 300w\" sizes=\"(max-width: 520px) 100vw, 520px\" \/><\/a><\/div><p class=\"w-post-elm post_title usg_post_title_1 entry-title color_link_inherit\"><a href=\"https:\/\/legacy.jigsawpuzzel.nl\/fr\/puzzles\/la-plante-heliconia-rostrata\/\">La plante Heliconia rostrata<\/a><\/p><time class=\"w-post-elm post_date usg_post_date_1 entry-date published\" datetime=\"2026-01-18T00:04:53+00:00\">January 18, 2026<\/time>\t\t<\/div>\r\n\t\t\t<\/article>\r\n<\/div><div class=\"w-grid-preloader\">\t<div class=\"g-preloader type_1\">\r\n\t\t<div><\/div>\r\n\t<\/div>\r\n\t<\/div>\t\t\t<nav class=\"pagination navigation\" role=\"navigation\">\r\n\t\t\t\t<div class=\"nav-links\">\r\n\t\t\t\t\t<span aria-current=\"page\" class=\"page-numbers current\"><span>1<\/span><\/span>\n<a class=\"page-numbers\" href=\"https:\/\/legacy.jigsawpuzzel.nl\/fr\/wp-json\/wp\/v2\/pages\/8900\/page\/2\/\"><span>2<\/span><\/a>\n<a class=\"page-numbers\" href=\"https:\/\/legacy.jigsawpuzzel.nl\/fr\/wp-json\/wp\/v2\/pages\/8900\/page\/3\/\"><span>3<\/span><\/a>\n<a class=\"page-numbers\" href=\"https:\/\/legacy.jigsawpuzzel.nl\/fr\/wp-json\/wp\/v2\/pages\/8900\/page\/4\/\"><span>4<\/span><\/a>\n<span class=\"page-numbers dots\">&hellip;<\/span>\n<a class=\"page-numbers\" href=\"https:\/\/legacy.jigsawpuzzel.nl\/fr\/wp-json\/wp\/v2\/pages\/8900\/page\/60\/\"><span>60<\/span><\/a>\n<a class=\"next page-numbers\" href=\"https:\/\/legacy.jigsawpuzzel.nl\/fr\/wp-json\/wp\/v2\/pages\/8900\/page\/2\/\"><span>Next<\/span><\/a>\t\t\t\t<\/div>\r\n\t\t\t<\/nav>\r\n\t\t\t\t<div class=\"w-grid-json hidden\" onclick='return {&quot;action&quot;:&quot;us_ajax_grid&quot;,&quot;infinite_scroll&quot;:0,&quot;max_num_pages&quot;:60,&quot;pagination&quot;:&quot;regular&quot;,&quot;template_vars&quot;:{&quot;columns&quot;:&quot;3&quot;,&quot;exclude_items&quot;:&quot;none&quot;,&quot;img_size&quot;:&quot;default&quot;,&quot;ignore_items_size&quot;:0,&quot;items_layout&quot;:&quot;8862&quot;,&quot;items_offset&quot;:&quot;1&quot;,&quot;load_animation&quot;:&quot;none&quot;,&quot;overriding_link&quot;:&quot;%7B%22type%22%3A%22post%22%7D&quot;,&quot;post_id&quot;:0,&quot;query_args&quot;:{&quot;post_type&quot;:[&quot;puzzles&quot;],&quot;tax_query&quot;:[{&quot;taxonomy&quot;:&quot;puzzle_type&quot;,&quot;field&quot;:&quot;slug&quot;,&quot;terms&quot;:[&quot;nature&quot;]}],&quot;post_status&quot;:[&quot;publish&quot;,&quot;acf-disabled&quot;],&quot;posts_per_page&quot;:&quot;9&quot;},&quot;orderby_query_args&quot;:{&quot;orderby&quot;:{&quot;date&quot;:&quot;DESC&quot;}},&quot;type&quot;:&quot;grid&quot;,&quot;us_grid_post_type&quot;:&quot;puzzles&quot;,&quot;us_grid_ajax_index&quot;:1,&quot;us_grid_filter_query_string&quot;:null,&quot;us_grid_index&quot;:1,&quot;page_args&quot;:[]}}'><\/div>\r\n\t<\/div><\/div><\/div><\/div><\/div><div class=\"w-separator size_small with_line width_default thick_1 style_solid color_border align_center\"><div class=\"w-separator-h\"><\/div><\/div><div class=\"wpb_text_column\"><div class=\"wpb_wrapper\"><p>Puzzles en ligne gratuits g\u00e9n\u00e9r\u00e9s \u00e0 partir d&#39;images, de fonds d&#39;\u00e9cran et de photos de paysages naturels des plus beaux endroits du monde \u00e0 visiter.<\/p>\n<\/div><\/div><\/div><\/div><\/div><\/div><\/div><\/section>\n","protected":false},"excerpt":{"rendered":"Puzzle en ligne La plante Heliconia rostrata.","protected":false},"author":1,"featured_media":0,"parent":0,"menu_order":0,"comment_status":"closed","ping_status":"closed","template":"","meta":{"_acf_changed":false,"footnotes":""},"class_list":["post-8900","page","type-page","status-publish","hentry"],"acf":[],"yoast_head":"<!-- This site is optimized with the Yoast SEO plugin v26.6 - https:\/\/yoast.com\/wordpress\/plugins\/seo\/ -->\n<title>Puzzles Paysage naturel. Puzzles en ligne de belles sc\u00e8nes de la nature.<\/title>\n<meta name=\"description\" content=\"Puzzles en ligne gratuits de paysages naturels, de beaux fonds d&#039;\u00e9cran et des photos de sc\u00e8nes de la nature. Cascades des montagnes du Mont Rainier Grand Canyon, Anderson Falls, Blue Mountains.\" \/>\n<meta name=\"robots\" content=\"index, follow, max-snippet:-1, max-image-preview:large, max-video-preview:-1\" \/>\n<link rel=\"canonical\" href=\"https:\/\/legacy.jigsawpuzzel.nl\/fr\/nature\/\" \/>\n<meta property=\"og:locale\" content=\"en_US\" \/>\n<meta property=\"og:type\" content=\"article\" \/>\n<meta property=\"og:title\" content=\"Puzzles Paysage naturel. Puzzles en ligne de belles sc\u00e8nes de la nature.\" \/>\n<meta property=\"og:description\" content=\"Puzzles en ligne gratuits de paysages naturels, de beaux fonds d&#039;\u00e9cran et des photos de sc\u00e8nes de la nature. Cascades des montagnes du Mont Rainier Grand Canyon, Anderson Falls, Blue Mountains.\" \/>\n<meta property=\"og:url\" content=\"https:\/\/legacy.jigsawpuzzel.nl\/fr\/nature\/\" \/>\n<meta property=\"og:site_name\" content=\"Puzzle en ligne\" \/>\n<meta property=\"article:publisher\" content=\"https:\/\/www.facebook.com\/onlinejigsawpuzzles\/\" \/>\n<meta property=\"article:modified_time\" content=\"2024-02-18T11:58:46+00:00\" \/>\n<meta name=\"twitter:card\" content=\"summary_large_image\" \/>\n<meta name=\"twitter:label1\" content=\"Est. reading time\" \/>\n\t<meta name=\"twitter:data1\" content=\"1 minute\" \/>\n<script type=\"application\/ld+json\" class=\"yoast-schema-graph\">{\"@context\":\"https:\/\/schema.org\",\"@graph\":[{\"@type\":\"WebPage\",\"@id\":\"https:\/\/legacy.jigsawpuzzel.nl\/fr\/nature\/\",\"url\":\"https:\/\/legacy.jigsawpuzzel.nl\/fr\/nature\/\",\"name\":\"Puzzles Paysage naturel. Puzzles en ligne de belles sc\u00e8nes de la nature.\",\"isPartOf\":{\"@id\":\"https:\/\/legacy.jigsawpuzzel.nl\/fr\/#website\"},\"datePublished\":\"2019-10-16T13:34:58+00:00\",\"dateModified\":\"2024-02-18T11:58:46+00:00\",\"description\":\"Puzzles en ligne gratuits de paysages naturels, de beaux fonds d&#39;\u00e9cran et des photos de sc\u00e8nes de la nature. Cascades des montagnes du Mont Rainier Grand Canyon, Anderson Falls, Blue Mountains.\",\"inLanguage\":\"en-US\",\"potentialAction\":[{\"@type\":\"ReadAction\",\"target\":[\"https:\/\/legacy.jigsawpuzzel.nl\/fr\/nature\/\"]}]},{\"@type\":\"WebSite\",\"@id\":\"https:\/\/legacy.jigsawpuzzel.nl\/fr\/#website\",\"url\":\"https:\/\/legacy.jigsawpuzzel.nl\/fr\/\",\"name\":\"Online Jigsaw Puzzles\",\"description\":\"Puzzles gratuits \u00e0 jouer en ligne\",\"potentialAction\":[{\"@type\":\"SearchAction\",\"target\":{\"@type\":\"EntryPoint\",\"urlTemplate\":\"https:\/\/legacy.jigsawpuzzel.nl\/fr\/?s={search_term_string}\"},\"query-input\":{\"@type\":\"PropertyValueSpecification\",\"valueRequired\":true,\"valueName\":\"search_term_string\"}}],\"inLanguage\":\"en-US\"}]}<\/script>\n<!-- \/ Yoast SEO plugin. -->","yoast_head_json":{"title":"Puzzles Paysage naturel. Puzzles en ligne de belles sc\u00e8nes de la nature.","description":"Puzzles en ligne gratuits de paysages naturels, de beaux fonds d&#39;\u00e9cran et des photos de sc\u00e8nes de la nature. Cascades des montagnes du Mont Rainier Grand Canyon, Anderson Falls, Blue Mountains.","robots":{"index":"index","follow":"follow","max-snippet":"max-snippet:-1","max-image-preview":"max-image-preview:large","max-video-preview":"max-video-preview:-1"},"canonical":"https:\/\/legacy.jigsawpuzzel.nl\/fr\/nature\/","og_locale":"en_US","og_type":"article","og_title":"Puzzles Paysage naturel. Puzzles en ligne de belles sc\u00e8nes de la nature.","og_description":"Puzzles en ligne gratuits de paysages naturels, de beaux fonds d&#39;\u00e9cran et des photos de sc\u00e8nes de la nature. Cascades des montagnes du Mont Rainier Grand Canyon, Anderson Falls, Blue Mountains.","og_url":"https:\/\/legacy.jigsawpuzzel.nl\/fr\/nature\/","og_site_name":"Puzzle en ligne","article_publisher":"https:\/\/www.facebook.com\/onlinejigsawpuzzles\/","article_modified_time":"2024-02-18T11:58:46+00:00","twitter_card":"summary_large_image","twitter_misc":{"Est. reading time":"1 minute"},"schema":{"@context":"https:\/\/schema.org","@graph":[{"@type":"WebPage","@id":"https:\/\/legacy.jigsawpuzzel.nl\/fr\/nature\/","url":"https:\/\/legacy.jigsawpuzzel.nl\/fr\/nature\/","name":"Puzzles Paysage naturel. Puzzles en ligne de belles sc\u00e8nes de la nature.","isPartOf":{"@id":"https:\/\/legacy.jigsawpuzzel.nl\/fr\/#website"},"datePublished":"2019-10-16T13:34:58+00:00","dateModified":"2024-02-18T11:58:46+00:00","description":"Puzzles en ligne gratuits de paysages naturels, de beaux fonds d&#39;\u00e9cran et des photos de sc\u00e8nes de la nature. Cascades des montagnes du Mont Rainier Grand Canyon, Anderson Falls, Blue Mountains.","inLanguage":"en-US","potentialAction":[{"@type":"ReadAction","target":["https:\/\/legacy.jigsawpuzzel.nl\/fr\/nature\/"]}]},{"@type":"WebSite","@id":"https:\/\/legacy.jigsawpuzzel.nl\/fr\/#website","url":"https:\/\/legacy.jigsawpuzzel.nl\/fr\/","name":"Online Jigsaw Puzzles","description":"Puzzles gratuits \u00e0 jouer en ligne","potentialAction":[{"@type":"SearchAction","target":{"@type":"EntryPoint","urlTemplate":"https:\/\/legacy.jigsawpuzzel.nl\/fr\/?s={search_term_string}"},"query-input":{"@type":"PropertyValueSpecification","valueRequired":true,"valueName":"search_term_string"}}],"inLanguage":"en-US"}]}},"_links":{"self":[{"href":"https:\/\/legacy.jigsawpuzzel.nl\/fr\/wp-json\/wp\/v2\/pages\/8900","targetHints":{"allow":["GET"]}}],"collection":[{"href":"https:\/\/legacy.jigsawpuzzel.nl\/fr\/wp-json\/wp\/v2\/pages"}],"about":[{"href":"https:\/\/legacy.jigsawpuzzel.nl\/fr\/wp-json\/wp\/v2\/types\/page"}],"author":[{"embeddable":true,"href":"https:\/\/legacy.jigsawpuzzel.nl\/fr\/wp-json\/wp\/v2\/users\/1"}],"replies":[{"embeddable":true,"href":"https:\/\/legacy.jigsawpuzzel.nl\/fr\/wp-json\/wp\/v2\/comments?post=8900"}],"version-history":[{"count":2,"href":"https:\/\/legacy.jigsawpuzzel.nl\/fr\/wp-json\/wp\/v2\/pages\/8900\/revisions"}],"predecessor-version":[{"id":23039,"href":"https:\/\/legacy.jigsawpuzzel.nl\/fr\/wp-json\/wp\/v2\/pages\/8900\/revisions\/23039"}],"wp:attachment":[{"href":"https:\/\/legacy.jigsawpuzzel.nl\/fr\/wp-json\/wp\/v2\/media?parent=8900"}],"curies":[{"name":"wp","href":"https:\/\/api.w.org\/{rel}","templated":true}]}}