{"id":15384,"date":"2021-10-23T10:47:53","date_gmt":"2021-10-23T10:47:53","guid":{"rendered":"https:\/\/onlinejigsawpuzzles.net\/?page_id=15384"},"modified":"2024-02-18T11:56:36","modified_gmt":"2024-02-18T11:56:36","slug":"puzzle-personnalise","status":"publish","type":"page","link":"https:\/\/legacy.jigsawpuzzel.nl\/fr\/puzzle-personnalise\/","title":{"rendered":"Puzzle personnalis\u00e9"},"content":{"rendered":"<section class=\"l-section wpb_row height_medium\"><div class=\"l-section-h i-cf\"><div class=\"g-cols vc_row via_flex valign_top type_default stacking_default\"><div class=\"vc_col-sm-12 wpb_column vc_column_container\"><div class=\"vc_column-inner\"><div class=\"wpb_wrapper\"><div class=\"wpb_text_column us_custom_933613eb\"><div class=\"wpb_wrapper\"><h1>Cr\u00e9ez votre propre puzzle personnalis\u00e9<\/h1>\n<p>Cr\u00e9ez votre propre puzzle et partagez-le avec vos amis et votre famille ou publiez-le sur votre propre site Web.<\/p>\n<h3>Comment \u00e7a marche?<\/h3>\n<p>Saisissez l&#39;url (adresse Web) de l&#39;image dont vous souhaitez r\u00e9aliser le puzzle et collez-la dans l&#39;outil ci-dessous. Par exemple, une image d&#39;Imgur, Flickr, Facebook ou de votre propre site Web. Puis appuyez \u201cCr\u00e9er un lien \u00bb et le puzzle est termin\u00e9. Can&#8217;t figure it out and do you need more help: create puzzle help<\/p>\n<\/div><\/div><div class=\"w-html us_custom_0f8f44b7\"><iframe class=\"iframe-class\" style=\"background: #FFFFFF;\" src=\"https:\/\/www.onlinejigsawpuzzles.net\/createPuzzle.html\" width=\"100%\" height=\"800px\" frameborder=\"0\" scrolling=\"yes\"><\/iframe><\/div><\/div><\/div><\/div><\/div><\/div><\/section>\n","protected":false},"excerpt":{"rendered":"Cr\u00e9ez votre propre puzzle personnalis\u00e9 Cr\u00e9ez votre propre puzzle et partagez-le avec vos amis et votre famille ou publiez-le sur votre propre site Web. Comment \u00e7a marche? Saisissez l&#39;url (adresse Web) de l&#39;image dont vous souhaitez r\u00e9aliser le puzzle et collez-la dans l&#39;outil ci-dessous. Par exemple, une image d&#39;Imgur, Flickr, Facebook ou de votre propre...","protected":false},"author":1,"featured_media":0,"parent":0,"menu_order":0,"comment_status":"closed","ping_status":"closed","template":"","meta":{"_acf_changed":false,"footnotes":""},"class_list":["post-15384","page","type-page","status-publish","hentry"],"acf":[],"yoast_head":"<!-- This site is optimized with the Yoast SEO plugin v26.6 - https:\/\/yoast.com\/wordpress\/plugins\/seo\/ -->\n<title>Cr\u00e9ez votre propre puzzle personnalis\u00e9<\/title>\n<meta name=\"description\" content=\"Cr\u00e9ez votre propre puzzle et partagez-le avec vos amis et votre famille ou publiez-le sur votre propre site Web.\" \/>\n<meta name=\"robots\" content=\"index, follow, max-snippet:-1, max-image-preview:large, max-video-preview:-1\" \/>\n<link rel=\"canonical\" href=\"https:\/\/legacy.jigsawpuzzel.nl\/fr\/puzzle-personnalise\/\" \/>\n<meta property=\"og:locale\" content=\"en_US\" \/>\n<meta property=\"og:type\" content=\"article\" \/>\n<meta property=\"og:title\" content=\"Cr\u00e9ez votre propre puzzle personnalis\u00e9\" \/>\n<meta property=\"og:description\" content=\"Cr\u00e9ez votre propre puzzle et partagez-le avec vos amis et votre famille ou publiez-le sur votre propre site Web.\" \/>\n<meta property=\"og:url\" content=\"https:\/\/legacy.jigsawpuzzel.nl\/fr\/puzzle-personnalise\/\" \/>\n<meta property=\"og:site_name\" content=\"Puzzle en ligne\" \/>\n<meta property=\"article:publisher\" content=\"https:\/\/www.facebook.com\/onlinejigsawpuzzles\/\" \/>\n<meta property=\"article:modified_time\" content=\"2024-02-18T11:56:36+00:00\" \/>\n<meta name=\"twitter:card\" content=\"summary_large_image\" \/>\n<meta name=\"twitter:label1\" content=\"Est. reading time\" \/>\n\t<meta name=\"twitter:data1\" content=\"1 minute\" \/>\n<script type=\"application\/ld+json\" class=\"yoast-schema-graph\">{\"@context\":\"https:\/\/schema.org\",\"@graph\":[{\"@type\":\"WebPage\",\"@id\":\"https:\/\/legacy.jigsawpuzzel.nl\/fr\/puzzle-personnalise\/\",\"url\":\"https:\/\/legacy.jigsawpuzzel.nl\/fr\/puzzle-personnalise\/\",\"name\":\"Cr\u00e9ez votre propre puzzle personnalis\u00e9\",\"isPartOf\":{\"@id\":\"https:\/\/legacy.jigsawpuzzel.nl\/fr\/#website\"},\"datePublished\":\"2021-10-23T10:47:53+00:00\",\"dateModified\":\"2024-02-18T11:56:36+00:00\",\"description\":\"Cr\u00e9ez votre propre puzzle et partagez-le avec vos amis et votre famille ou publiez-le sur votre propre site Web.\",\"inLanguage\":\"en-US\",\"potentialAction\":[{\"@type\":\"ReadAction\",\"target\":[\"https:\/\/legacy.jigsawpuzzel.nl\/fr\/puzzle-personnalise\/\"]}]},{\"@type\":\"WebSite\",\"@id\":\"https:\/\/legacy.jigsawpuzzel.nl\/fr\/#website\",\"url\":\"https:\/\/legacy.jigsawpuzzel.nl\/fr\/\",\"name\":\"Online Jigsaw Puzzles\",\"description\":\"Puzzles gratuits \u00e0 jouer en ligne\",\"potentialAction\":[{\"@type\":\"SearchAction\",\"target\":{\"@type\":\"EntryPoint\",\"urlTemplate\":\"https:\/\/legacy.jigsawpuzzel.nl\/fr\/?s={search_term_string}\"},\"query-input\":{\"@type\":\"PropertyValueSpecification\",\"valueRequired\":true,\"valueName\":\"search_term_string\"}}],\"inLanguage\":\"en-US\"}]}<\/script>\n<!-- \/ Yoast SEO plugin. -->","yoast_head_json":{"title":"Cr\u00e9ez votre propre puzzle personnalis\u00e9","description":"Cr\u00e9ez votre propre puzzle et partagez-le avec vos amis et votre famille ou publiez-le sur votre propre site Web.","robots":{"index":"index","follow":"follow","max-snippet":"max-snippet:-1","max-image-preview":"max-image-preview:large","max-video-preview":"max-video-preview:-1"},"canonical":"https:\/\/legacy.jigsawpuzzel.nl\/fr\/puzzle-personnalise\/","og_locale":"en_US","og_type":"article","og_title":"Cr\u00e9ez votre propre puzzle personnalis\u00e9","og_description":"Cr\u00e9ez votre propre puzzle et partagez-le avec vos amis et votre famille ou publiez-le sur votre propre site Web.","og_url":"https:\/\/legacy.jigsawpuzzel.nl\/fr\/puzzle-personnalise\/","og_site_name":"Puzzle en ligne","article_publisher":"https:\/\/www.facebook.com\/onlinejigsawpuzzles\/","article_modified_time":"2024-02-18T11:56:36+00:00","twitter_card":"summary_large_image","twitter_misc":{"Est. reading time":"1 minute"},"schema":{"@context":"https:\/\/schema.org","@graph":[{"@type":"WebPage","@id":"https:\/\/legacy.jigsawpuzzel.nl\/fr\/puzzle-personnalise\/","url":"https:\/\/legacy.jigsawpuzzel.nl\/fr\/puzzle-personnalise\/","name":"Cr\u00e9ez votre propre puzzle personnalis\u00e9","isPartOf":{"@id":"https:\/\/legacy.jigsawpuzzel.nl\/fr\/#website"},"datePublished":"2021-10-23T10:47:53+00:00","dateModified":"2024-02-18T11:56:36+00:00","description":"Cr\u00e9ez votre propre puzzle et partagez-le avec vos amis et votre famille ou publiez-le sur votre propre site Web.","inLanguage":"en-US","potentialAction":[{"@type":"ReadAction","target":["https:\/\/legacy.jigsawpuzzel.nl\/fr\/puzzle-personnalise\/"]}]},{"@type":"WebSite","@id":"https:\/\/legacy.jigsawpuzzel.nl\/fr\/#website","url":"https:\/\/legacy.jigsawpuzzel.nl\/fr\/","name":"Online Jigsaw Puzzles","description":"Puzzles gratuits \u00e0 jouer en ligne","potentialAction":[{"@type":"SearchAction","target":{"@type":"EntryPoint","urlTemplate":"https:\/\/legacy.jigsawpuzzel.nl\/fr\/?s={search_term_string}"},"query-input":{"@type":"PropertyValueSpecification","valueRequired":true,"valueName":"search_term_string"}}],"inLanguage":"en-US"}]}},"_links":{"self":[{"href":"https:\/\/legacy.jigsawpuzzel.nl\/fr\/wp-json\/wp\/v2\/pages\/15384","targetHints":{"allow":["GET"]}}],"collection":[{"href":"https:\/\/legacy.jigsawpuzzel.nl\/fr\/wp-json\/wp\/v2\/pages"}],"about":[{"href":"https:\/\/legacy.jigsawpuzzel.nl\/fr\/wp-json\/wp\/v2\/types\/page"}],"author":[{"embeddable":true,"href":"https:\/\/legacy.jigsawpuzzel.nl\/fr\/wp-json\/wp\/v2\/users\/1"}],"replies":[{"embeddable":true,"href":"https:\/\/legacy.jigsawpuzzel.nl\/fr\/wp-json\/wp\/v2\/comments?post=15384"}],"version-history":[{"count":1,"href":"https:\/\/legacy.jigsawpuzzel.nl\/fr\/wp-json\/wp\/v2\/pages\/15384\/revisions"}],"predecessor-version":[{"id":22999,"href":"https:\/\/legacy.jigsawpuzzel.nl\/fr\/wp-json\/wp\/v2\/pages\/15384\/revisions\/22999"}],"wp:attachment":[{"href":"https:\/\/legacy.jigsawpuzzel.nl\/fr\/wp-json\/wp\/v2\/media?parent=15384"}],"curies":[{"name":"wp","href":"https:\/\/api.w.org\/{rel}","templated":true}]}}