{"id":15107,"date":"2021-09-24T13:34:45","date_gmt":"2021-09-24T13:34:45","guid":{"rendered":"https:\/\/onlinejigsawpuzzles.net\/?page_id=15107"},"modified":"2024-02-18T11:56:41","modified_gmt":"2024-02-18T11:56:41","slug":"histoire","status":"publish","type":"page","link":"https:\/\/legacy.jigsawpuzzel.nl\/fr\/histoire\/","title":{"rendered":"Histoire"},"content":{"rendered":"<section class=\"l-section wpb_row height_medium\"><div class=\"l-section-h i-cf\"><div class=\"g-cols vc_row via_flex valign_top type_default stacking_default\"><div class=\"vc_col-sm-12 wpb_column vc_column_container\"><div class=\"vc_column-inner\"><div class=\"wpb_wrapper\"><div class=\"wpb_text_column us_custom_933613eb\"><div class=\"wpb_wrapper\"><h1>Histoire des puzzles<\/h1>\n<p>For those who fancy jigsaw puzzles, did you know that the first one is believed to be produced in 1760 by <span style=\"color: #ff6600;\">John Spilsbury<\/span>, a Londoner engraver and mapmaker. Il a \u00e9t\u00e9 utilis\u00e9 \u00e0 des fins \u00e9ducatives parce que les enseignants le trouvaient utile pour enseigner la g\u00e9ographie aux enfants et a continu\u00e9 \u00e0 \u00eatre utilis\u00e9 de cette mani\u00e8re jusqu&#39;en 1820. Le r\u00e9sultat final \u00e9tait une carte en bois dur d\u00e9coup\u00e9e sous diff\u00e9rentes formes, affichant des morceaux de pays. Comme aujourd&#39;hui, les enfants devaient assembler le puzzle.<\/p>\n<p><img decoding=\"async\" class=\"alignleft wp-image-15109 size-medium\" src=\"https:\/\/onlinejigsawpuzzles.net\/wp-content\/uploads\/2021\/09\/Spilsbury_jigsaw_-_John_Spilsbury_1766_-_BL-300x281.jpg\" alt=\"Histoire des puzzles\" width=\"300\" height=\"281\" srcset=\"https:\/\/legacy.jigsawpuzzel.nl\/fr\/wp-content\/uploads\/2021\/09\/Spilsbury_jigsaw_-_John_Spilsbury_1766_-_BL-300x281.jpg 300w, https:\/\/legacy.jigsawpuzzel.nl\/fr\/wp-content\/uploads\/2021\/09\/Spilsbury_jigsaw_-_John_Spilsbury_1766_-_BL-1024x958.jpg 1024w, https:\/\/legacy.jigsawpuzzel.nl\/fr\/wp-content\/uploads\/2021\/09\/Spilsbury_jigsaw_-_John_Spilsbury_1766_-_BL.jpg 1434w\" sizes=\"(max-width: 300px) 100vw, 300px\" \/><\/p>\n<p>Plus tard, le puzzle a subi quelques changements dans la fa\u00e7on dont il a \u00e9t\u00e9 fabriqu\u00e9. On dit qu&#39;en 1820 les pi\u00e8ces \u00e9taient d\u00e9coup\u00e9es avec une scie \u00e0 p\u00e9dale, mais en r\u00e9alit\u00e9 on utilisait une scie \u00e0 chantourner au lieu d&#39;une scie sauteuse. Un autre changement est survenu \u00e0 la fin du si\u00e8cle. Ils ont d\u00e9cid\u00e9 d&#39;utiliser du contreplaqu\u00e9 pour le rendre plus attrayant. Les pi\u00e8ces ont \u00e9t\u00e9 trac\u00e9es au crayon afin de tracer les lignes avant de d\u00e9couper la carte, et des illustrations ont \u00e9t\u00e9 utilis\u00e9es sur leur devant pour cr\u00e9er un design joli et captivant pour les acheteurs. Si vous \u00eates motiv\u00e9 par votre curiosit\u00e9, de tels trac\u00e9s au crayon se retrouvent encore aujourd&#39;hui dans les vieux puzzles.<\/p>\n<h2>Les puzzles \u00e9taient principalement destin\u00e9s au march\u00e9 des enfants<\/h2>\n<p>Le processus d\u2019am\u00e9lioration des puzzles a \u00e9t\u00e9 long. \u00c0 la fin des ann\u00e9es 1800, les puzzles en carton furent enfin lanc\u00e9s. Puisque le premier \u00e9tait un bon outil pour encourager les enfants \u00e0 \u00e9tudier, les puzzles en carton \u00e9taient principalement destin\u00e9s au march\u00e9 du divertissement pour enfants. La m\u00e9thode de d\u00e9coupe des pi\u00e8ces a \u00e9galement \u00e9t\u00e9 modifi\u00e9e \u00e0 la fin du 20e si\u00e8cle. Les puzzles en carton ont \u00e9t\u00e9 d\u00e9coup\u00e9s \u00e0 l&#39;aide de fines bandes de m\u00e9tal aux bords aiguis\u00e9s. Le m\u00e9tal torsad\u00e9 a \u00e9t\u00e9 press\u00e9 sur la plaque, puis sur le carton en lui donnant une forme agr\u00e9able et pr\u00e9cise. A terme, les enfants (ou plut\u00f4t les parents) pourraient choisir entre des puzzles en bois ou en carton.<\/p>\n<p>Ainsi, au d\u00e9but des ann\u00e9es 1900, les fabricants ont continu\u00e9 \u00e0 produire des puzzles en bois, pensant que ceux en carton n&#39;\u00e9taient pas aussi exclusifs que ceux en carton. \u00c9tait-ce r\u00e9ellement la vraie raison? Ou c&#39;\u00e9tait le profit qu&#39;ils g\u00e9n\u00e9raient en vendant des puzzles en bois? La diff\u00e9rence n&#39;\u00e9tait pas petite. Juste pour vous donner une id\u00e9e, le co\u00fbt d&#39;un puzzle en bois \u00e9tait de 1$.00 mais celui en carton co\u00fbte 25 \u00a2.<\/p>\n<h2>L&#39;\u00e2ge d&#39;or des puzzles<\/h2>\n<p>Le v\u00e9ritable succ\u00e8s des puzzles a commenc\u00e9 dans les ann\u00e9es 1920 et 1930, consid\u00e9r\u00e9es comme l&#39;\u00e2ge d&#39;or. Les puzzles de qualit\u00e9 ressemblaient \u00e0 des sc\u00e8nes significatives, \u00e0 l&#39;enthousiasme pour les secteurs innovants du transport ferroviaire et maritime et, bien s\u00fbr, \u00e0 de nouvelles strat\u00e9gies de marketing. Tout cela a \u00e9t\u00e9 lanc\u00e9 et produit par des soci\u00e9t\u00e9s telles que Chad Valley et Victory en Grande-Bretagne et Einson-Freeman, Viking et bien d&#39;autres aux \u00c9tats-Unis.<\/p>\n<h2>Mettre davantage l&#39;accent sur les \u00e2ges plut\u00f4t que sur les enfants<\/h2>\n<p>Qu&#39;avaient en t\u00eate ces entreprises en cr\u00e9ant la nouvelle version des puzzles? Tous voulaient \u00e9largir le march\u00e9 et se concentrer sur un plus grand nombre d&#39;\u00e2ges plut\u00f4t que sur les enfants. Les adultes se sont int\u00e9ress\u00e9s \u00e0 eux et leur ont donn\u00e9 l&#39;envie de cr\u00e9er des puzzles plus difficiles mais toujours attrayants. Une id\u00e9e r\u00e9ussie consistait \u00e0 offrir un puzzle si les clients achetaient un article. Par exemple, Einson-Freeman de Long Island City \u00e0 New York a commenc\u00e9 \u00e0 appliquer une telle strat\u00e9gie en 1931, en offrant un puzzle pour chaque achat de brosses \u00e0 dents. Les ann\u00e9es de la Grande D\u00e9pression de septembre 1931 ont laiss\u00e9 place \u00e0 une nouvelle strat\u00e9gie : le puzzle hebdomadaire. Cela a \u00e9t\u00e9 mis en \u0153uvre d&#39;abord aux \u00c9tats-Unis, en imprimant 12 000 puzzles. Le nombre a continu\u00e9 de cro\u00eetre et a atteint 200 000.<\/p>\n<p>C&#39;\u00e9tait une nouvelle fa\u00e7on de divertir les gens, car ces ann\u00e9es \u00e9taient difficiles \u00e0 vivre et les activit\u00e9s n&#39;\u00e9taient pas aussi amusantes que de jouer \u00e0 un puzzle. Il \u00e9tait consid\u00e9r\u00e9 comme un outil attrayant pour les individus ou m\u00eame les groupes de personnes ou d&#39;amis. Ce qui est plus int\u00e9ressant, c&#39;est que ces puzzles ont \u00e9t\u00e9 utilis\u00e9s par plus d&#39;une famille. Ils ont \u00e9t\u00e9 partag\u00e9s avec d&#39;autres membres de la famille juste apr\u00e8s que l&#39;un d&#39;eux ait termin\u00e9 et r\u00e9solu l&#39;\u00e9nigme. En d\u2019autres termes, c\u2019\u00e9tait une bonne affaire et un bon outil pour lutter contre le stress et l\u2019anxi\u00e9t\u00e9. Non seulement les enfants, mais m\u00eame les adultes semblaient tellement appr\u00e9cier les puzzles qu&#39;ils continuaient \u00e0 les acheter. Diff\u00e9rentes formes et images les rendaient chaque fois plus curieux.<\/p>\n<h2>Les puzzles, un divertissement intemporel!<\/h2>\n<p>Les puzzles ont r\u00e9sist\u00e9 au temps, ils ne sont pas devenus rouill\u00e9s et oubli\u00e9s avec le temps, mais les gens, comme les adultes ou les parents, continuent d&#39;acheter de tels jeux de passe-temps \u00e0 des fins de divertissement. Certains enseignants, notamment \u00e0 la maternelle ou \u00e0 l&#39;\u00e9cole primaire, utilisent des puzzles pour un cours amusant et diversifi\u00e9 afin que les enfants apprennent de mani\u00e8re plus efficace. Assembler des puzzles est plus sain que jouer \u00e0 des jeux vid\u00e9o. Notre cerveau r\u00e9agit de mani\u00e8re \u00e0 stimuler notre concentration, notre m\u00e9moire s&#39;am\u00e9liore et notre imagination joue davantage avec les images du puzzle. Les jeux vid\u00e9o sont amusants, mais selon des \u00e9tudes, ils cr\u00e9ent plus de d\u00e9pendance que les puzzles. Le divertissement num\u00e9rique entra\u00eene des effets secondaires, comme la fatigue oculaire due aux rayons bleus, mais cela n&#39;arrive pas avec les puzzles. Faites un choix judicieux et amusez-vous en m\u00eame temps.<\/p>\n<\/div><\/div><\/div><\/div><\/div><\/div><\/div><\/section>\n","protected":false},"excerpt":{"rendered":"Histoire des puzzles For those who fancy jigsaw puzzles, did you know that the first one is believed to be produced in 1760 by John Spilsbury, a Londoner engraver and mapmaker. Il a \u00e9t\u00e9 utilis\u00e9 \u00e0 des fins \u00e9ducatives parce que les enseignants le trouvaient utile pour enseigner la g\u00e9ographie aux enfants et a continu\u00e9...","protected":false},"author":1,"featured_media":0,"parent":0,"menu_order":0,"comment_status":"closed","ping_status":"closed","template":"","meta":{"_acf_changed":false,"footnotes":""},"class_list":["post-15107","page","type-page","status-publish","hentry"],"acf":[],"yoast_head":"<!-- This site is optimized with the Yoast SEO plugin v26.6 - https:\/\/yoast.com\/wordpress\/plugins\/seo\/ -->\n<title>Histoire des puzzles - Puzzle en ligne<\/title>\n<meta name=\"description\" content=\"On pense que le premier puzzle a \u00e9t\u00e9 r\u00e9alis\u00e9 en 1760 par John Spilsbury, graveur et cartographe londonien. Lisez toute l\u2019histoire ici.\" \/>\n<meta name=\"robots\" content=\"index, follow, max-snippet:-1, max-image-preview:large, max-video-preview:-1\" \/>\n<link rel=\"canonical\" href=\"https:\/\/legacy.jigsawpuzzel.nl\/fr\/histoire\/\" \/>\n<meta property=\"og:locale\" content=\"en_US\" \/>\n<meta property=\"og:type\" content=\"article\" \/>\n<meta property=\"og:title\" content=\"Histoire des puzzles - Puzzle en ligne\" \/>\n<meta property=\"og:description\" content=\"On pense que le premier puzzle a \u00e9t\u00e9 r\u00e9alis\u00e9 en 1760 par John Spilsbury, graveur et cartographe londonien. Lisez toute l\u2019histoire ici.\" \/>\n<meta property=\"og:url\" content=\"https:\/\/legacy.jigsawpuzzel.nl\/fr\/histoire\/\" \/>\n<meta property=\"og:site_name\" content=\"Puzzle en ligne\" \/>\n<meta property=\"article:publisher\" content=\"https:\/\/www.facebook.com\/onlinejigsawpuzzles\/\" \/>\n<meta property=\"article:modified_time\" content=\"2024-02-18T11:56:41+00:00\" \/>\n<meta property=\"og:image\" content=\"https:\/\/onlinejigsawpuzzles.net\/wp-content\/uploads\/2021\/09\/Spilsbury_jigsaw_-_John_Spilsbury_1766_-_BL-300x281.jpg\" \/>\n<meta name=\"twitter:card\" content=\"summary_large_image\" \/>\n<meta name=\"twitter:label1\" content=\"Est. reading time\" \/>\n\t<meta name=\"twitter:data1\" content=\"4 minutes\" \/>\n<script type=\"application\/ld+json\" class=\"yoast-schema-graph\">{\"@context\":\"https:\/\/schema.org\",\"@graph\":[{\"@type\":\"WebPage\",\"@id\":\"https:\/\/legacy.jigsawpuzzel.nl\/fr\/histoire\/\",\"url\":\"https:\/\/legacy.jigsawpuzzel.nl\/fr\/histoire\/\",\"name\":\"Histoire des puzzles - Puzzle en ligne\",\"isPartOf\":{\"@id\":\"https:\/\/legacy.jigsawpuzzel.nl\/fr\/#website\"},\"primaryImageOfPage\":{\"@id\":\"https:\/\/legacy.jigsawpuzzel.nl\/fr\/histoire\/#primaryimage\"},\"image\":{\"@id\":\"https:\/\/legacy.jigsawpuzzel.nl\/fr\/histoire\/#primaryimage\"},\"thumbnailUrl\":\"https:\/\/onlinejigsawpuzzles.net\/wp-content\/uploads\/2021\/09\/Spilsbury_jigsaw_-_John_Spilsbury_1766_-_BL-300x281.jpg\",\"datePublished\":\"2021-09-24T13:34:45+00:00\",\"dateModified\":\"2024-02-18T11:56:41+00:00\",\"description\":\"On pense que le premier puzzle a \u00e9t\u00e9 r\u00e9alis\u00e9 en 1760 par John Spilsbury, graveur et cartographe londonien. Lisez toute l\u2019histoire ici.\",\"inLanguage\":\"en-US\",\"potentialAction\":[{\"@type\":\"ReadAction\",\"target\":[\"https:\/\/legacy.jigsawpuzzel.nl\/fr\/histoire\/\"]}]},{\"@type\":\"ImageObject\",\"inLanguage\":\"en-US\",\"@id\":\"https:\/\/legacy.jigsawpuzzel.nl\/fr\/histoire\/#primaryimage\",\"url\":\"https:\/\/onlinejigsawpuzzles.net\/wp-content\/uploads\/2021\/09\/Spilsbury_jigsaw_-_John_Spilsbury_1766_-_BL-300x281.jpg\",\"contentUrl\":\"https:\/\/onlinejigsawpuzzles.net\/wp-content\/uploads\/2021\/09\/Spilsbury_jigsaw_-_John_Spilsbury_1766_-_BL-300x281.jpg\"},{\"@type\":\"WebSite\",\"@id\":\"https:\/\/legacy.jigsawpuzzel.nl\/fr\/#website\",\"url\":\"https:\/\/legacy.jigsawpuzzel.nl\/fr\/\",\"name\":\"Online Jigsaw Puzzles\",\"description\":\"Puzzles gratuits \u00e0 jouer en ligne\",\"potentialAction\":[{\"@type\":\"SearchAction\",\"target\":{\"@type\":\"EntryPoint\",\"urlTemplate\":\"https:\/\/legacy.jigsawpuzzel.nl\/fr\/?s={search_term_string}\"},\"query-input\":{\"@type\":\"PropertyValueSpecification\",\"valueRequired\":true,\"valueName\":\"search_term_string\"}}],\"inLanguage\":\"en-US\"}]}<\/script>\n<!-- \/ Yoast SEO plugin. -->","yoast_head_json":{"title":"Histoire des puzzles - Puzzle en ligne","description":"On pense que le premier puzzle a \u00e9t\u00e9 r\u00e9alis\u00e9 en 1760 par John Spilsbury, graveur et cartographe londonien. Lisez toute l\u2019histoire ici.","robots":{"index":"index","follow":"follow","max-snippet":"max-snippet:-1","max-image-preview":"max-image-preview:large","max-video-preview":"max-video-preview:-1"},"canonical":"https:\/\/legacy.jigsawpuzzel.nl\/fr\/histoire\/","og_locale":"en_US","og_type":"article","og_title":"Histoire des puzzles - Puzzle en ligne","og_description":"On pense que le premier puzzle a \u00e9t\u00e9 r\u00e9alis\u00e9 en 1760 par John Spilsbury, graveur et cartographe londonien. Lisez toute l\u2019histoire ici.","og_url":"https:\/\/legacy.jigsawpuzzel.nl\/fr\/histoire\/","og_site_name":"Puzzle en ligne","article_publisher":"https:\/\/www.facebook.com\/onlinejigsawpuzzles\/","article_modified_time":"2024-02-18T11:56:41+00:00","og_image":[{"url":"https:\/\/onlinejigsawpuzzles.net\/wp-content\/uploads\/2021\/09\/Spilsbury_jigsaw_-_John_Spilsbury_1766_-_BL-300x281.jpg","type":"","width":"","height":""}],"twitter_card":"summary_large_image","twitter_misc":{"Est. reading time":"4 minutes"},"schema":{"@context":"https:\/\/schema.org","@graph":[{"@type":"WebPage","@id":"https:\/\/legacy.jigsawpuzzel.nl\/fr\/histoire\/","url":"https:\/\/legacy.jigsawpuzzel.nl\/fr\/histoire\/","name":"Histoire des puzzles - Puzzle en ligne","isPartOf":{"@id":"https:\/\/legacy.jigsawpuzzel.nl\/fr\/#website"},"primaryImageOfPage":{"@id":"https:\/\/legacy.jigsawpuzzel.nl\/fr\/histoire\/#primaryimage"},"image":{"@id":"https:\/\/legacy.jigsawpuzzel.nl\/fr\/histoire\/#primaryimage"},"thumbnailUrl":"https:\/\/onlinejigsawpuzzles.net\/wp-content\/uploads\/2021\/09\/Spilsbury_jigsaw_-_John_Spilsbury_1766_-_BL-300x281.jpg","datePublished":"2021-09-24T13:34:45+00:00","dateModified":"2024-02-18T11:56:41+00:00","description":"On pense que le premier puzzle a \u00e9t\u00e9 r\u00e9alis\u00e9 en 1760 par John Spilsbury, graveur et cartographe londonien. Lisez toute l\u2019histoire ici.","inLanguage":"en-US","potentialAction":[{"@type":"ReadAction","target":["https:\/\/legacy.jigsawpuzzel.nl\/fr\/histoire\/"]}]},{"@type":"ImageObject","inLanguage":"en-US","@id":"https:\/\/legacy.jigsawpuzzel.nl\/fr\/histoire\/#primaryimage","url":"https:\/\/onlinejigsawpuzzles.net\/wp-content\/uploads\/2021\/09\/Spilsbury_jigsaw_-_John_Spilsbury_1766_-_BL-300x281.jpg","contentUrl":"https:\/\/onlinejigsawpuzzles.net\/wp-content\/uploads\/2021\/09\/Spilsbury_jigsaw_-_John_Spilsbury_1766_-_BL-300x281.jpg"},{"@type":"WebSite","@id":"https:\/\/legacy.jigsawpuzzel.nl\/fr\/#website","url":"https:\/\/legacy.jigsawpuzzel.nl\/fr\/","name":"Online Jigsaw Puzzles","description":"Puzzles gratuits \u00e0 jouer en ligne","potentialAction":[{"@type":"SearchAction","target":{"@type":"EntryPoint","urlTemplate":"https:\/\/legacy.jigsawpuzzel.nl\/fr\/?s={search_term_string}"},"query-input":{"@type":"PropertyValueSpecification","valueRequired":true,"valueName":"search_term_string"}}],"inLanguage":"en-US"}]}},"_links":{"self":[{"href":"https:\/\/legacy.jigsawpuzzel.nl\/fr\/wp-json\/wp\/v2\/pages\/15107","targetHints":{"allow":["GET"]}}],"collection":[{"href":"https:\/\/legacy.jigsawpuzzel.nl\/fr\/wp-json\/wp\/v2\/pages"}],"about":[{"href":"https:\/\/legacy.jigsawpuzzel.nl\/fr\/wp-json\/wp\/v2\/types\/page"}],"author":[{"embeddable":true,"href":"https:\/\/legacy.jigsawpuzzel.nl\/fr\/wp-json\/wp\/v2\/users\/1"}],"replies":[{"embeddable":true,"href":"https:\/\/legacy.jigsawpuzzel.nl\/fr\/wp-json\/wp\/v2\/comments?post=15107"}],"version-history":[{"count":1,"href":"https:\/\/legacy.jigsawpuzzel.nl\/fr\/wp-json\/wp\/v2\/pages\/15107\/revisions"}],"predecessor-version":[{"id":23000,"href":"https:\/\/legacy.jigsawpuzzel.nl\/fr\/wp-json\/wp\/v2\/pages\/15107\/revisions\/23000"}],"wp:attachment":[{"href":"https:\/\/legacy.jigsawpuzzel.nl\/fr\/wp-json\/wp\/v2\/media?parent=15107"}],"curies":[{"name":"wp","href":"https:\/\/api.w.org\/{rel}","templated":true}]}}