{"id":13752,"date":"2021-03-09T13:55:25","date_gmt":"2021-03-09T13:55:25","guid":{"rendered":"https:\/\/onlinejigsawpuzzles.net\/?page_id=13752"},"modified":"2024-02-18T11:56:44","modified_gmt":"2024-02-18T11:56:44","slug":"mahjong","status":"publish","type":"page","link":"https:\/\/legacy.jigsawpuzzel.nl\/fr\/mahjong\/","title":{"rendered":"Mahjong"},"content":{"rendered":"<section class=\"l-section wpb_row us_custom_eb849559 height_medium\"><div class=\"l-section-h i-cf\"><div class=\"g-cols vc_row via_flex valign_top type_default stacking_default\"><div class=\"vc_col-sm-12 wpb_column vc_column_container\"><div class=\"vc_column-inner\"><div class=\"wpb_wrapper\"><div class=\"wpb_text_column\"><div class=\"wpb_wrapper\"><p><iframe src=\"https:\/\/www.gameboss.com\/games\/mahjongreal\/index.html?lang=en\" width=\"800\" height=\"640\" frameborder=\"0\" marginwidth=\"0\" marginheight=\"0\" scrolling=\"no\"><\/iframe><\/p>\n<\/div><\/div><\/div><\/div><\/div><\/div><\/div><\/section><section class=\"l-section wpb_row us_custom_eb849559 height_auto\"><div class=\"l-section-h i-cf\"><div class=\"g-cols vc_row via_flex valign_top type_default stacking_default\"><div class=\"vc_col-sm-12 wpb_column vc_column_container\"><div class=\"vc_column-inner\"><div class=\"wpb_wrapper\"><div class=\"wpb_text_column\"><div class=\"wpb_wrapper\"><h1>Mahjong<\/h1>\n<p>Jouez au Mahjong en ligne gratuitement. Jeu super amusant \u00e0 jouer.<\/p>\n<p>Am\u00e9lioration des comp\u00e9tences<\/p>\n<p>Le jeu de Mahjong a \u00e9t\u00e9 cr\u00e9\u00e9 au 19\u00e8me si\u00e8cle et il est toujours pr\u00e9sent aujourd&#39;hui. C&#39;est un jeu d&#39;association pour un joueur. Il y a de nombreuses tuiles sur le plateau et votre mission est de toutes les faire correspondre. Le timing est disponible sur le tableau. Le but de ce jeu est d&#39;augmenter vos capacit\u00e9s d&#39;adresse, de strat\u00e9gie et de sommation. Il est extr\u00eamement populaire et facile \u00e0 jouer en ligne. Notre jeu de Mahjong vous occupera et vous divertira pendant des heures. Ce n&#39;est pas notre responsabilit\u00e9 si vous devenez addictif mais nous pouvons vous assurer que vos comp\u00e9tences s&#39;am\u00e9lioreront consid\u00e9rablement.<\/p>\n<h2>Pourquoi le Mahjong?<\/h2>\n<p>La plupart des jeux en ligne peuvent sembler complexes en termes de r\u00e8gles, mais le Mahjong a gard\u00e9 les choses simples. Il vous suffit de faire attention et de faire correspondre des tuiles similaires. Les points sont gagn\u00e9s en fonction des mouvements que vous effectuez et de la vitesse \u00e0 laquelle vous jouez. Mais pourquoi le jeu Mahjong? Tout d\u2019abord, il est disponible en ligne et gratuitement. Deuxi\u00e8mement, c&#39;est un excellent jeu pour tester votre capacit\u00e9 de pens\u00e9e critique. Vous d\u00e9veloppez une strat\u00e9gie et la suivez jusqu&#39;\u00e0 ce que vous obteniez Mahjong &#8211; la fin du jeu. La concentration est indispensable mais assurez-vous de vous amuser en m\u00eame temps.<\/p>\n<\/div><\/div><div class=\"w-separator size_small\"><\/div><div class=\"wpb_widgetised_column wpb_content_element\"><div class=\"wpb_wrapper\"><h2 class=\"wpb_heading wpb_widgetised_column_heading\">Partager ce jeu <\/h2><div id=\"a2a_share_save_widget-2\" class=\"widget widget_a2a_share_save_widget\"><div class=\"a2a_kit a2a_kit_size_32 addtoany_list\"><a class=\"a2a_button_facebook\" href=\"https:\/\/www.addtoany.com\/add_to\/facebook?linkurl=https%3A%2F%2Flegacy.jigsawpuzzel.nl%2Ffr%2Ffr%2Fwp-json%2Fwp%2Fv2%2Fpages%2F13752&amp;linkname=Puzzle%20en%20ligne\" title=\"Facebook\" rel=\"nofollow noopener\" target=\"_blank\"><\/a><a class=\"a2a_button_twitter\" href=\"https:\/\/www.addtoany.com\/add_to\/twitter?linkurl=https%3A%2F%2Flegacy.jigsawpuzzel.nl%2Ffr%2Ffr%2Fwp-json%2Fwp%2Fv2%2Fpages%2F13752&amp;linkname=Puzzle%20en%20ligne\" title=\"Twitter\" rel=\"nofollow noopener\" target=\"_blank\"><\/a><a class=\"a2a_button_pinterest\" href=\"https:\/\/www.addtoany.com\/add_to\/pinterest?linkurl=https%3A%2F%2Flegacy.jigsawpuzzel.nl%2Ffr%2Ffr%2Fwp-json%2Fwp%2Fv2%2Fpages%2F13752&amp;linkname=Puzzle%20en%20ligne\" title=\"Pinterest\" rel=\"nofollow noopener\" target=\"_blank\"><\/a><a class=\"a2a_button_whatsapp\" href=\"https:\/\/www.addtoany.com\/add_to\/whatsapp?linkurl=https%3A%2F%2Flegacy.jigsawpuzzel.nl%2Ffr%2Ffr%2Fwp-json%2Fwp%2Fv2%2Fpages%2F13752&amp;linkname=Puzzle%20en%20ligne\" title=\"WhatsApp\" rel=\"nofollow noopener\" target=\"_blank\"><\/a><a class=\"a2a_button_email\" href=\"https:\/\/www.addtoany.com\/add_to\/email?linkurl=https%3A%2F%2Flegacy.jigsawpuzzel.nl%2Ffr%2Ffr%2Fwp-json%2Fwp%2Fv2%2Fpages%2F13752&amp;linkname=Puzzle%20en%20ligne\" title=\"Email\" rel=\"nofollow noopener\" target=\"_blank\"><\/a><\/div><\/div><\/div><\/div><\/div><\/div><\/div><\/div><\/div><\/section>\n","protected":false},"excerpt":{"rendered":"Mahjong Jouez au Mahjong en ligne gratuitement. Jeu super amusant \u00e0 jouer. Am\u00e9lioration des comp\u00e9tences Le jeu de Mahjong a \u00e9t\u00e9 cr\u00e9\u00e9 au 19\u00e8me si\u00e8cle et il est toujours pr\u00e9sent aujourd&#39;hui. C&#39;est un jeu d&#39;association pour un joueur. Il y a de nombreuses tuiles sur le plateau et votre mission est de toutes les faire...","protected":false},"author":1,"featured_media":0,"parent":0,"menu_order":0,"comment_status":"closed","ping_status":"closed","template":"","meta":{"_acf_changed":false,"footnotes":""},"class_list":["post-13752","page","type-page","status-publish","hentry"],"acf":[],"yoast_head":"<!-- This site is optimized with the Yoast SEO plugin v26.6 - https:\/\/yoast.com\/wordpress\/plugins\/seo\/ -->\n<title>Mahjong en ligne | Ma\u00eetrisez vos comp\u00e9tences et vos tactiques avec Mahjong Game<\/title>\n<meta name=\"description\" content=\"D\u00e9velopp\u00e9 en Chine, ce jeu addictif est d\u00e9sormais jou\u00e9 partout dans le monde. Jouez au Mahjong en ligne gratuitement. Jeu super amusant \u00e0 jouer.\" \/>\n<meta name=\"robots\" content=\"index, follow, max-snippet:-1, max-image-preview:large, max-video-preview:-1\" \/>\n<link rel=\"canonical\" href=\"https:\/\/legacy.jigsawpuzzel.nl\/fr\/mahjong\/\" \/>\n<meta property=\"og:locale\" content=\"en_US\" \/>\n<meta property=\"og:type\" content=\"article\" \/>\n<meta property=\"og:title\" content=\"Mahjong en ligne | Ma\u00eetrisez vos comp\u00e9tences et vos tactiques avec Mahjong Game\" \/>\n<meta property=\"og:description\" content=\"D\u00e9velopp\u00e9 en Chine, ce jeu addictif est d\u00e9sormais jou\u00e9 partout dans le monde. Jouez au Mahjong en ligne gratuitement. Jeu super amusant \u00e0 jouer.\" \/>\n<meta property=\"og:url\" content=\"https:\/\/legacy.jigsawpuzzel.nl\/fr\/mahjong\/\" \/>\n<meta property=\"og:site_name\" content=\"Puzzle en ligne\" \/>\n<meta property=\"article:publisher\" content=\"https:\/\/www.facebook.com\/onlinejigsawpuzzles\/\" \/>\n<meta property=\"article:modified_time\" content=\"2024-02-18T11:56:44+00:00\" \/>\n<meta name=\"twitter:card\" content=\"summary_large_image\" \/>\n<meta name=\"twitter:label1\" content=\"Est. reading time\" \/>\n\t<meta name=\"twitter:data1\" content=\"2 minutes\" \/>\n<script type=\"application\/ld+json\" class=\"yoast-schema-graph\">{\"@context\":\"https:\/\/schema.org\",\"@graph\":[{\"@type\":\"WebPage\",\"@id\":\"https:\/\/legacy.jigsawpuzzel.nl\/fr\/mahjong\/\",\"url\":\"https:\/\/legacy.jigsawpuzzel.nl\/fr\/mahjong\/\",\"name\":\"Mahjong en ligne | Ma\u00eetrisez vos comp\u00e9tences et vos tactiques avec Mahjong Game\",\"isPartOf\":{\"@id\":\"https:\/\/legacy.jigsawpuzzel.nl\/fr\/#website\"},\"datePublished\":\"2021-03-09T13:55:25+00:00\",\"dateModified\":\"2024-02-18T11:56:44+00:00\",\"description\":\"D\u00e9velopp\u00e9 en Chine, ce jeu addictif est d\u00e9sormais jou\u00e9 partout dans le monde. Jouez au Mahjong en ligne gratuitement. Jeu super amusant \u00e0 jouer.\",\"inLanguage\":\"en-US\",\"potentialAction\":[{\"@type\":\"ReadAction\",\"target\":[\"https:\/\/legacy.jigsawpuzzel.nl\/fr\/mahjong\/\"]}]},{\"@type\":\"WebSite\",\"@id\":\"https:\/\/legacy.jigsawpuzzel.nl\/fr\/#website\",\"url\":\"https:\/\/legacy.jigsawpuzzel.nl\/fr\/\",\"name\":\"Online Jigsaw Puzzles\",\"description\":\"Puzzles gratuits \u00e0 jouer en ligne\",\"potentialAction\":[{\"@type\":\"SearchAction\",\"target\":{\"@type\":\"EntryPoint\",\"urlTemplate\":\"https:\/\/legacy.jigsawpuzzel.nl\/fr\/?s={search_term_string}\"},\"query-input\":{\"@type\":\"PropertyValueSpecification\",\"valueRequired\":true,\"valueName\":\"search_term_string\"}}],\"inLanguage\":\"en-US\"}]}<\/script>\n<!-- \/ Yoast SEO plugin. -->","yoast_head_json":{"title":"Mahjong en ligne | Ma\u00eetrisez vos comp\u00e9tences et vos tactiques avec Mahjong Game","description":"D\u00e9velopp\u00e9 en Chine, ce jeu addictif est d\u00e9sormais jou\u00e9 partout dans le monde. Jouez au Mahjong en ligne gratuitement. Jeu super amusant \u00e0 jouer.","robots":{"index":"index","follow":"follow","max-snippet":"max-snippet:-1","max-image-preview":"max-image-preview:large","max-video-preview":"max-video-preview:-1"},"canonical":"https:\/\/legacy.jigsawpuzzel.nl\/fr\/mahjong\/","og_locale":"en_US","og_type":"article","og_title":"Mahjong en ligne | Ma\u00eetrisez vos comp\u00e9tences et vos tactiques avec Mahjong Game","og_description":"D\u00e9velopp\u00e9 en Chine, ce jeu addictif est d\u00e9sormais jou\u00e9 partout dans le monde. Jouez au Mahjong en ligne gratuitement. Jeu super amusant \u00e0 jouer.","og_url":"https:\/\/legacy.jigsawpuzzel.nl\/fr\/mahjong\/","og_site_name":"Puzzle en ligne","article_publisher":"https:\/\/www.facebook.com\/onlinejigsawpuzzles\/","article_modified_time":"2024-02-18T11:56:44+00:00","twitter_card":"summary_large_image","twitter_misc":{"Est. reading time":"2 minutes"},"schema":{"@context":"https:\/\/schema.org","@graph":[{"@type":"WebPage","@id":"https:\/\/legacy.jigsawpuzzel.nl\/fr\/mahjong\/","url":"https:\/\/legacy.jigsawpuzzel.nl\/fr\/mahjong\/","name":"Mahjong en ligne | Ma\u00eetrisez vos comp\u00e9tences et vos tactiques avec Mahjong Game","isPartOf":{"@id":"https:\/\/legacy.jigsawpuzzel.nl\/fr\/#website"},"datePublished":"2021-03-09T13:55:25+00:00","dateModified":"2024-02-18T11:56:44+00:00","description":"D\u00e9velopp\u00e9 en Chine, ce jeu addictif est d\u00e9sormais jou\u00e9 partout dans le monde. Jouez au Mahjong en ligne gratuitement. Jeu super amusant \u00e0 jouer.","inLanguage":"en-US","potentialAction":[{"@type":"ReadAction","target":["https:\/\/legacy.jigsawpuzzel.nl\/fr\/mahjong\/"]}]},{"@type":"WebSite","@id":"https:\/\/legacy.jigsawpuzzel.nl\/fr\/#website","url":"https:\/\/legacy.jigsawpuzzel.nl\/fr\/","name":"Online Jigsaw Puzzles","description":"Puzzles gratuits \u00e0 jouer en ligne","potentialAction":[{"@type":"SearchAction","target":{"@type":"EntryPoint","urlTemplate":"https:\/\/legacy.jigsawpuzzel.nl\/fr\/?s={search_term_string}"},"query-input":{"@type":"PropertyValueSpecification","valueRequired":true,"valueName":"search_term_string"}}],"inLanguage":"en-US"}]}},"_links":{"self":[{"href":"https:\/\/legacy.jigsawpuzzel.nl\/fr\/wp-json\/wp\/v2\/pages\/13752","targetHints":{"allow":["GET"]}}],"collection":[{"href":"https:\/\/legacy.jigsawpuzzel.nl\/fr\/wp-json\/wp\/v2\/pages"}],"about":[{"href":"https:\/\/legacy.jigsawpuzzel.nl\/fr\/wp-json\/wp\/v2\/types\/page"}],"author":[{"embeddable":true,"href":"https:\/\/legacy.jigsawpuzzel.nl\/fr\/wp-json\/wp\/v2\/users\/1"}],"replies":[{"embeddable":true,"href":"https:\/\/legacy.jigsawpuzzel.nl\/fr\/wp-json\/wp\/v2\/comments?post=13752"}],"version-history":[{"count":1,"href":"https:\/\/legacy.jigsawpuzzel.nl\/fr\/wp-json\/wp\/v2\/pages\/13752\/revisions"}],"predecessor-version":[{"id":23002,"href":"https:\/\/legacy.jigsawpuzzel.nl\/fr\/wp-json\/wp\/v2\/pages\/13752\/revisions\/23002"}],"wp:attachment":[{"href":"https:\/\/legacy.jigsawpuzzel.nl\/fr\/wp-json\/wp\/v2\/media?parent=13752"}],"curies":[{"name":"wp","href":"https:\/\/api.w.org\/{rel}","templated":true}]}}