{"id":12034,"date":"2020-07-02T09:02:35","date_gmt":"2020-07-02T09:02:35","guid":{"rendered":"https:\/\/onlinejigsawpuzzles.net\/?page_id=12034"},"modified":"2024-02-18T11:56:48","modified_gmt":"2024-02-18T11:56:48","slug":"enigmes","status":"publish","type":"page","link":"https:\/\/legacy.jigsawpuzzel.nl\/fr\/enigmes\/","title":{"rendered":"Des \u00e9nigmes"},"content":{"rendered":"<section class=\"l-section wpb_row us_custom_0f8f44b7 height_auto\"><div class=\"l-section-h i-cf\"><div class=\"g-cols vc_row via_flex valign_top type_default stacking_default\"><div class=\"vc_col-sm-12 wpb_column vc_column_container\"><div class=\"vc_column-inner\"><div class=\"wpb_wrapper\"><div class=\"wpb_text_column\"><div class=\"wpb_wrapper\"><h1>Puzzles, jouer en ligne Puzzles gratuits<\/h1>\n<p>puzzles en ligne.net propose des puzzles en ligne gratuits. Nous avons trouv\u00e9 les fonds d&#39;\u00e9cran et les images les plus beaux et les plus color\u00e9s pour g\u00e9n\u00e9rer chaque puzzle. Vous pouvez choisir parmi une vari\u00e9t\u00e9 de th\u00e8mes dans la galerie contenant des animaux, des animaux de compagnie, des chiens, des chats, des chevaux, des ch\u00e2teaux, des dessins anim\u00e9s, des dessins anim\u00e9s, de la nourriture, des enfants, des motos, des sc\u00e8nes de la nature, des navires et des bateaux, des puzzles de voyage, spirituels, de vacances et artistiques. Vous pouvez \u00e9galement choisir le niveau de difficult\u00e9 d&#39;une simple coupe de 6 pi\u00e8ces \u00e0 247 pi\u00e8ces. Jouer avec des puzzles en ligne aide les gens \u00e0 apprendre \u00e0 contr\u00f4ler la souris, c&#39;est \u00e9ducatif et tr\u00e8s amusant. Profitez de ce site Web avec des puzzles gratuits en ligne.<\/p>\n<\/div><\/div><\/div><\/div><\/div><\/div><\/div><\/section><section class=\"l-section wpb_row us_custom_f212f645 height_auto\"><div class=\"l-section-h i-cf\"><div class=\"g-cols vc_row via_flex valign_top type_default stacking_default\"><div class=\"vc_col-sm-12 wpb_column vc_column_container\"><div class=\"vc_column-inner\"><div class=\"wpb_wrapper\"><div class=\"g-cols wpb_row via_flex valign_top type_default stacking_default\"><div class=\"vc_col-sm-12 wpb_column vc_column_container pp\"><div class=\"vc_column-inner\"><div class=\"wpb_wrapper\">[vc_custom_heading text=&#8221;Puzzles quotidiens en ligne, gratuits \u00e0 jouer&#8221; use_theme_fonts=&#8221;yes&#8221;]<div class=\"w-grid type_grid layout_8862 cols_3\" id=\"us_grid_1\" style=\"--gap:1.5rem;\" data-filterable=\"true\"><style>@media (max-width:1449px){#us_grid_1 .w-grid-item{width:50%}}@media (max-width:1024px){#us_grid_1 .w-grid-item{width:50%}}@media (max-width:600px){#us_grid_1 .w-grid-list{margin:0}#us_grid_1 .w-grid-item{width:100%;padding:0;margin-bottom:var(--gap,0px)}}.layout_8862 .w-grid-item-h{}.layout_8862 .usg_post_image_1{text-transform:none!important;height:200px!important;max-height:200px!important;min-height:200px!important}.layout_8862 .usg_post_title_1{font-size:1rem!important;font-family:var(--font-family)!important;font-weight:500!important;text-transform:none!important;margin-left:6px!important;margin-top:6px!important}.layout_8862 .usg_post_date_1{font-size:14px!important;margin-left:6px!important;margin-top:4px!important}<\/style><div class=\"w-grid-list\">\t<article class=\"w-grid-item size_1x1 post-28917 puzzles type-puzzles status-publish has-post-thumbnail hentry puzzle_type-nourriture\" data-id=\"28917\">\r\n\t\t<div class=\"w-grid-item-h\">\r\n\t\t\t\t\t\t\t<a href=\"https:\/\/legacy.jigsawpuzzel.nl\/fr\/puzzles\/petit-dejeuner-varie-avec-salade-fraiche\/\" class=\"w-grid-item-anchor\" aria-label=\"Petit-d\u00e9jeuner vari\u00e9 avec salade fra\u00eeche\"><\/a>\r\n\t\t\t\t\t\t<div class=\"w-post-elm post_image usg_post_image_1 has_height\"><a href=\"https:\/\/legacy.jigsawpuzzel.nl\/fr\/puzzles\/petit-dejeuner-varie-avec-salade-fraiche\/\" aria-label=\"Petit-d\u00e9jeuner vari\u00e9 avec salade fra\u00eeche\"><img decoding=\"async\" width=\"520\" height=\"329\" src=\"https:\/\/legacy.jigsawpuzzel.nl\/fr\/wp-content\/uploads\/2026\/01\/Assorted-breakfast-with-fresh-salad_puzzle.jpg\" class=\"attachment-full size-full wp-post-image\" alt=\"\" srcset=\"https:\/\/legacy.jigsawpuzzel.nl\/fr\/wp-content\/uploads\/2026\/01\/Assorted-breakfast-with-fresh-salad_puzzle.jpg 520w, https:\/\/legacy.jigsawpuzzel.nl\/fr\/wp-content\/uploads\/2026\/01\/Assorted-breakfast-with-fresh-salad_puzzle-300x190.jpg 300w\" sizes=\"(max-width: 520px) 100vw, 520px\" \/><\/a><\/div><p class=\"w-post-elm post_title usg_post_title_1 entry-title color_link_inherit\"><a href=\"https:\/\/legacy.jigsawpuzzel.nl\/fr\/puzzles\/petit-dejeuner-varie-avec-salade-fraiche\/\">Petit-d\u00e9jeuner vari\u00e9 avec salade fra\u00eeche<\/a><\/p><time class=\"w-post-elm post_date usg_post_date_1 entry-date published\" datetime=\"2026-01-29T00:04:27+00:00\">January 29, 2026<\/time>\t\t<\/div>\r\n\t\t\t<\/article>\r\n\t<article class=\"w-grid-item size_1x1 post-28915 puzzles type-puzzles status-publish has-post-thumbnail hentry puzzle_type-nature\" data-id=\"28915\">\r\n\t\t<div class=\"w-grid-item-h\">\r\n\t\t\t\t\t\t\t<a href=\"https:\/\/legacy.jigsawpuzzel.nl\/fr\/puzzles\/piscines-naturelles-turquoise\/\" class=\"w-grid-item-anchor\" aria-label=\"Piscines naturelles de couleur turquoise\"><\/a>\r\n\t\t\t\t\t\t<div class=\"w-post-elm post_image usg_post_image_1 has_height\"><a href=\"https:\/\/legacy.jigsawpuzzel.nl\/fr\/puzzles\/piscines-naturelles-turquoise\/\" aria-label=\"Piscines naturelles de couleur turquoise\"><img decoding=\"async\" width=\"520\" height=\"329\" src=\"https:\/\/legacy.jigsawpuzzel.nl\/fr\/wp-content\/uploads\/2026\/01\/Turquoise-colored-natural-pools_puzzle-1-5.jpg\" class=\"attachment-full size-full wp-post-image\" alt=\"Turquoise colored natural pools\" srcset=\"https:\/\/legacy.jigsawpuzzel.nl\/fr\/wp-content\/uploads\/2026\/01\/Turquoise-colored-natural-pools_puzzle-1-5.jpg 520w, https:\/\/legacy.jigsawpuzzel.nl\/fr\/wp-content\/uploads\/2026\/01\/Turquoise-colored-natural-pools_puzzle-1-5-300x190.jpg 300w\" sizes=\"(max-width: 520px) 100vw, 520px\" \/><\/a><\/div><p class=\"w-post-elm post_title usg_post_title_1 entry-title color_link_inherit\"><a href=\"https:\/\/legacy.jigsawpuzzel.nl\/fr\/puzzles\/piscines-naturelles-turquoise\/\">Piscines naturelles de couleur turquoise<\/a><\/p><time class=\"w-post-elm post_date usg_post_date_1 entry-date published\" datetime=\"2026-01-29T00:03:08+00:00\">January 29, 2026<\/time>\t\t<\/div>\r\n\t\t\t<\/article>\r\n\t<article class=\"w-grid-item size_1x1 post-28914 puzzles type-puzzles status-publish has-post-thumbnail hentry puzzle_type-animaux\" data-id=\"28914\">\r\n\t\t<div class=\"w-grid-item-h\">\r\n\t\t\t\t\t\t\t<a href=\"https:\/\/legacy.jigsawpuzzel.nl\/fr\/puzzles\/koala-endormi-dans-un-arbre\/\" class=\"w-grid-item-anchor\" aria-label=\"Koala endormi dans un arbre\"><\/a>\r\n\t\t\t\t\t\t<div class=\"w-post-elm post_image usg_post_image_1 has_height\"><a href=\"https:\/\/legacy.jigsawpuzzel.nl\/fr\/puzzles\/koala-endormi-dans-un-arbre\/\" aria-label=\"Koala endormi dans un arbre\"><img decoding=\"async\" width=\"520\" height=\"329\" src=\"https:\/\/legacy.jigsawpuzzel.nl\/fr\/wp-content\/uploads\/2026\/01\/Sleeping-koala-in-a-tree-_puzzle.jpg\" class=\"attachment-full size-full wp-post-image\" alt=\"\" srcset=\"https:\/\/legacy.jigsawpuzzel.nl\/fr\/wp-content\/uploads\/2026\/01\/Sleeping-koala-in-a-tree-_puzzle.jpg 520w, https:\/\/legacy.jigsawpuzzel.nl\/fr\/wp-content\/uploads\/2026\/01\/Sleeping-koala-in-a-tree-_puzzle-300x190.jpg 300w\" sizes=\"(max-width: 520px) 100vw, 520px\" \/><\/a><\/div><p class=\"w-post-elm post_title usg_post_title_1 entry-title color_link_inherit\"><a href=\"https:\/\/legacy.jigsawpuzzel.nl\/fr\/puzzles\/koala-endormi-dans-un-arbre\/\">Koala endormi dans un arbre<\/a><\/p><time class=\"w-post-elm post_date usg_post_date_1 entry-date published\" datetime=\"2026-01-29T00:02:08+00:00\">January 29, 2026<\/time>\t\t<\/div>\r\n\t\t\t<\/article>\r\n\t<article class=\"w-grid-item size_1x1 post-28913 puzzles type-puzzles status-publish has-post-thumbnail hentry puzzle_type-hiver puzzle_type-pays-bas\" data-id=\"28913\">\r\n\t\t<div class=\"w-grid-item-h\">\r\n\t\t\t\t\t\t\t<a href=\"https:\/\/legacy.jigsawpuzzel.nl\/fr\/puzzles\/hiver-quelque-part-delft-pays-neerlandais-bois\/\" class=\"w-grid-item-anchor\" aria-label=\"Hiver quelque part \u00e0 Delft, aux Pays-Bas, dans le bois\"><\/a>\r\n\t\t\t\t\t\t<div class=\"w-post-elm post_image usg_post_image_1 has_height\"><a href=\"https:\/\/legacy.jigsawpuzzel.nl\/fr\/puzzles\/hiver-quelque-part-delft-pays-neerlandais-bois\/\" aria-label=\"Hiver quelque part \u00e0 Delft, aux Pays-Bas, dans le bois\"><img decoding=\"async\" width=\"520\" height=\"329\" src=\"https:\/\/legacy.jigsawpuzzel.nl\/fr\/wp-content\/uploads\/2026\/01\/Winter-somewhere-Delft-Netherlands-wood_puzzle.jpg\" class=\"attachment-full size-full wp-post-image\" alt=\"\" srcset=\"https:\/\/legacy.jigsawpuzzel.nl\/fr\/wp-content\/uploads\/2026\/01\/Winter-somewhere-Delft-Netherlands-wood_puzzle.jpg 520w, https:\/\/legacy.jigsawpuzzel.nl\/fr\/wp-content\/uploads\/2026\/01\/Winter-somewhere-Delft-Netherlands-wood_puzzle-300x190.jpg 300w\" sizes=\"(max-width: 520px) 100vw, 520px\" \/><\/a><\/div><p class=\"w-post-elm post_title usg_post_title_1 entry-title color_link_inherit\"><a href=\"https:\/\/legacy.jigsawpuzzel.nl\/fr\/puzzles\/hiver-quelque-part-delft-pays-neerlandais-bois\/\">Hiver quelque part \u00e0 Delft, aux Pays-Bas, dans le bois<\/a><\/p><time class=\"w-post-elm post_date usg_post_date_1 entry-date published\" datetime=\"2026-01-29T00:01:52+00:00\">January 29, 2026<\/time>\t\t<\/div>\r\n\t\t\t<\/article>\r\n\t<article class=\"w-grid-item size_1x1 post-28908 puzzles type-puzzles status-publish has-post-thumbnail hentry puzzle_type-hiver puzzle_type-paysage puzzle_type-voyage\" data-id=\"28908\">\r\n\t\t<div class=\"w-grid-item-h\">\r\n\t\t\t\t\t\t\t<a href=\"https:\/\/legacy.jigsawpuzzel.nl\/fr\/puzzles\/snow-covered-mountain-landscape-with-several-chalet-style-building\/\" class=\"w-grid-item-anchor\" aria-label=\"Paysage de montagne enneig\u00e9 avec plusieurs b\u00e2timents de style chalet\"><\/a>\r\n\t\t\t\t\t\t<div class=\"w-post-elm post_image usg_post_image_1 has_height\"><a href=\"https:\/\/legacy.jigsawpuzzel.nl\/fr\/puzzles\/snow-covered-mountain-landscape-with-several-chalet-style-building\/\" aria-label=\"Paysage de montagne enneig\u00e9 avec plusieurs b\u00e2timents de style chalet\"><img decoding=\"async\" width=\"520\" height=\"329\" src=\"https:\/\/legacy.jigsawpuzzel.nl\/fr\/wp-content\/uploads\/2026\/01\/Snow-covered-mountain-landscape-with-several-chalet-style-building-_puzzle.jpg\" class=\"attachment-full size-full wp-post-image\" alt=\"\" srcset=\"https:\/\/legacy.jigsawpuzzel.nl\/fr\/wp-content\/uploads\/2026\/01\/Snow-covered-mountain-landscape-with-several-chalet-style-building-_puzzle.jpg 520w, https:\/\/legacy.jigsawpuzzel.nl\/fr\/wp-content\/uploads\/2026\/01\/Snow-covered-mountain-landscape-with-several-chalet-style-building-_puzzle-300x190.jpg 300w\" sizes=\"(max-width: 520px) 100vw, 520px\" \/><\/a><\/div><p class=\"w-post-elm post_title usg_post_title_1 entry-title color_link_inherit\"><a href=\"https:\/\/legacy.jigsawpuzzel.nl\/fr\/puzzles\/snow-covered-mountain-landscape-with-several-chalet-style-building\/\">Paysage de montagne enneig\u00e9 avec plusieurs b\u00e2timents de style chalet<\/a><\/p><time class=\"w-post-elm post_date usg_post_date_1 entry-date published\" datetime=\"2026-01-28T00:04:08+00:00\">January 28, 2026<\/time>\t\t<\/div>\r\n\t\t\t<\/article>\r\n\t<article class=\"w-grid-item size_1x1 post-28907 puzzles type-puzzles status-publish has-post-thumbnail hentry puzzle_type-nature\" data-id=\"28907\">\r\n\t\t<div class=\"w-grid-item-h\">\r\n\t\t\t\t\t\t\t<a href=\"https:\/\/legacy.jigsawpuzzel.nl\/fr\/puzzles\/roseau-herbe-de-chine\/\" class=\"w-grid-item-anchor\" aria-label=\"Roseau de Chine\"><\/a>\r\n\t\t\t\t\t\t<div class=\"w-post-elm post_image usg_post_image_1 has_height\"><a href=\"https:\/\/legacy.jigsawpuzzel.nl\/fr\/puzzles\/roseau-herbe-de-chine\/\" aria-label=\"Roseau de Chine\"><img decoding=\"async\" width=\"520\" height=\"329\" src=\"https:\/\/legacy.jigsawpuzzel.nl\/fr\/wp-content\/uploads\/2026\/01\/Reed-China-grass-_puzzle.jpg\" class=\"attachment-full size-full wp-post-image\" alt=\"\" srcset=\"https:\/\/legacy.jigsawpuzzel.nl\/fr\/wp-content\/uploads\/2026\/01\/Reed-China-grass-_puzzle.jpg 520w, https:\/\/legacy.jigsawpuzzel.nl\/fr\/wp-content\/uploads\/2026\/01\/Reed-China-grass-_puzzle-300x190.jpg 300w\" sizes=\"(max-width: 520px) 100vw, 520px\" \/><\/a><\/div><p class=\"w-post-elm post_title usg_post_title_1 entry-title color_link_inherit\"><a href=\"https:\/\/legacy.jigsawpuzzel.nl\/fr\/puzzles\/roseau-herbe-de-chine\/\">Roseau de Chine<\/a><\/p><time class=\"w-post-elm post_date usg_post_date_1 entry-date published\" datetime=\"2026-01-28T00:03:09+00:00\">January 28, 2026<\/time>\t\t<\/div>\r\n\t\t\t<\/article>\r\n<\/div><div class=\"w-grid-preloader\">\t<div class=\"g-preloader type_1\">\r\n\t\t<div><\/div>\r\n\t<\/div>\r\n\t<\/div>\t<div class=\"w-grid-json hidden\" onclick='return {&quot;action&quot;:&quot;us_ajax_grid&quot;,&quot;infinite_scroll&quot;:0,&quot;max_num_pages&quot;:779,&quot;pagination&quot;:&quot;none&quot;,&quot;template_vars&quot;:{&quot;columns&quot;:&quot;3&quot;,&quot;exclude_items&quot;:&quot;none&quot;,&quot;img_size&quot;:&quot;default&quot;,&quot;ignore_items_size&quot;:0,&quot;items_layout&quot;:&quot;8862&quot;,&quot;items_offset&quot;:&quot;1&quot;,&quot;load_animation&quot;:&quot;none&quot;,&quot;overriding_link&quot;:&quot;%7B%22type%22%3A%22post%22%7D&quot;,&quot;post_id&quot;:0,&quot;query_args&quot;:{&quot;post_type&quot;:[&quot;puzzles&quot;],&quot;post_status&quot;:[&quot;publish&quot;,&quot;acf-disabled&quot;],&quot;posts_per_page&quot;:&quot;6&quot;},&quot;orderby_query_args&quot;:{&quot;orderby&quot;:{&quot;date&quot;:&quot;DESC&quot;}},&quot;type&quot;:&quot;grid&quot;,&quot;us_grid_post_type&quot;:&quot;puzzles&quot;,&quot;us_grid_ajax_index&quot;:1,&quot;us_grid_filter_query_string&quot;:null,&quot;us_grid_index&quot;:1,&quot;page_args&quot;:[]}}'><\/div>\r\n\t<\/div><\/div><\/div><\/div><\/div><div class=\"w-separator size_medium\"><\/div><div class=\"w-btn-wrapper align_none\"><a class=\"w-btn us-btn-style_1\" href=\"https:\/\/puzzles en ligne.net\/daily-jigsaw-puzzle\/page\/2\/\"><span class=\"w-btn-label\">Plus de puzzles<\/span><\/a><\/div><div class=\"w-separator size_medium\"><\/div><div class=\"wpb_text_column\"><div class=\"wpb_wrapper\"><h2>Histoire des puzzles<\/h2>\n<p>Le premier puzzle a \u00e9t\u00e9 r\u00e9alis\u00e9 vers 1760 par John Spilsbury, un cartographe de Londres au Royaume-Uni. Spilsbury a mont\u00e9 une carte sur une feuille de bois et a d\u00e9coup\u00e9 les fronti\u00e8res des pays \u00e0 l&#39;aide d&#39;une scie \u00e0 lame fine. Le produit final \u00e9tait un passe-temps \u00e9ducatif permettant aux enfants d&#39;apprendre la g\u00e9ographie. L&#39;id\u00e9e fait son chemin jusqu&#39;en 1820, mais reste avant tout un outil p\u00e9dagogique.<\/p>\n<p>L\u2019\u00e2ge d\u2019or des puzzles a eu lieu dans les ann\u00e9es 1920 et 1930. La strat\u00e9gie consistait \u00e0 rendre un puzzle en carton plus difficile, attirant ainsi autant les adultes que les enfants. Cette pratique a d\u00e9but\u00e9 aux \u00c9tats-Unis en septembre 1932 avec une premi\u00e8re impression de 12 exemplaires.000 \u00e9nigmes. Peu de temps apr\u00e8s, les tirages sont pass\u00e9s \u00e0 100.000 et 200.000.<\/p>\n<\/div><\/div><\/div><\/div><\/div><\/div><\/div><\/section>\n","protected":false},"excerpt":{"rendered":"puzzle en ligne de roseau de Chine.","protected":false},"author":1,"featured_media":0,"parent":0,"menu_order":0,"comment_status":"closed","ping_status":"closed","template":"","meta":{"_acf_changed":false,"footnotes":""},"class_list":["post-12034","page","type-page","status-publish","hentry"],"acf":[],"yoast_head":"<!-- This site is optimized with the Yoast SEO plugin v26.6 - https:\/\/yoast.com\/wordpress\/plugins\/seo\/ -->\n<title>Des \u00e9nigmes - Puzzle en ligne<\/title>\n<meta name=\"description\" content=\"Jouez \u00e0 des puzzles en ligne. Jouez \u00e0 des puzzles en ligne en plein \u00e9cran. Choisissez le niveau de difficult\u00e9 en modifiant le nombre de pi\u00e8ces.\" \/>\n<meta name=\"robots\" content=\"index, follow, max-snippet:-1, max-image-preview:large, max-video-preview:-1\" \/>\n<link rel=\"canonical\" href=\"https:\/\/legacy.jigsawpuzzel.nl\/fr\/enigmes\/\" \/>\n<meta property=\"og:locale\" content=\"en_US\" \/>\n<meta property=\"og:type\" content=\"article\" \/>\n<meta property=\"og:title\" content=\"Des \u00e9nigmes - Puzzle en ligne\" \/>\n<meta property=\"og:description\" content=\"Jouez \u00e0 des puzzles en ligne. Jouez \u00e0 des puzzles en ligne en plein \u00e9cran. Choisissez le niveau de difficult\u00e9 en modifiant le nombre de pi\u00e8ces.\" \/>\n<meta property=\"og:url\" content=\"https:\/\/legacy.jigsawpuzzel.nl\/fr\/enigmes\/\" \/>\n<meta property=\"og:site_name\" content=\"Puzzle en ligne\" \/>\n<meta property=\"article:publisher\" content=\"https:\/\/www.facebook.com\/onlinejigsawpuzzles\/\" \/>\n<meta property=\"article:modified_time\" content=\"2024-02-18T11:56:48+00:00\" \/>\n<meta name=\"twitter:card\" content=\"summary_large_image\" \/>\n<meta name=\"twitter:label1\" content=\"Est. reading time\" \/>\n\t<meta name=\"twitter:data1\" content=\"2 minutes\" \/>\n<script type=\"application\/ld+json\" class=\"yoast-schema-graph\">{\"@context\":\"https:\/\/schema.org\",\"@graph\":[{\"@type\":\"WebPage\",\"@id\":\"https:\/\/legacy.jigsawpuzzel.nl\/fr\/enigmes\/\",\"url\":\"https:\/\/legacy.jigsawpuzzel.nl\/fr\/enigmes\/\",\"name\":\"Des \u00e9nigmes - Puzzle en ligne\",\"isPartOf\":{\"@id\":\"https:\/\/legacy.jigsawpuzzel.nl\/fr\/#website\"},\"datePublished\":\"2020-07-02T09:02:35+00:00\",\"dateModified\":\"2024-02-18T11:56:48+00:00\",\"description\":\"Jouez \u00e0 des puzzles en ligne. Jouez \u00e0 des puzzles en ligne en plein \u00e9cran. Choisissez le niveau de difficult\u00e9 en modifiant le nombre de pi\u00e8ces.\",\"inLanguage\":\"en-US\",\"potentialAction\":[{\"@type\":\"ReadAction\",\"target\":[\"https:\/\/legacy.jigsawpuzzel.nl\/fr\/enigmes\/\"]}]},{\"@type\":\"WebSite\",\"@id\":\"https:\/\/legacy.jigsawpuzzel.nl\/fr\/#website\",\"url\":\"https:\/\/legacy.jigsawpuzzel.nl\/fr\/\",\"name\":\"Online Jigsaw Puzzles\",\"description\":\"Puzzles gratuits \u00e0 jouer en ligne\",\"potentialAction\":[{\"@type\":\"SearchAction\",\"target\":{\"@type\":\"EntryPoint\",\"urlTemplate\":\"https:\/\/legacy.jigsawpuzzel.nl\/fr\/?s={search_term_string}\"},\"query-input\":{\"@type\":\"PropertyValueSpecification\",\"valueRequired\":true,\"valueName\":\"search_term_string\"}}],\"inLanguage\":\"en-US\"}]}<\/script>\n<!-- \/ Yoast SEO plugin. -->","yoast_head_json":{"title":"Des \u00e9nigmes - Puzzle en ligne","description":"Jouez \u00e0 des puzzles en ligne. Jouez \u00e0 des puzzles en ligne en plein \u00e9cran. Choisissez le niveau de difficult\u00e9 en modifiant le nombre de pi\u00e8ces.","robots":{"index":"index","follow":"follow","max-snippet":"max-snippet:-1","max-image-preview":"max-image-preview:large","max-video-preview":"max-video-preview:-1"},"canonical":"https:\/\/legacy.jigsawpuzzel.nl\/fr\/enigmes\/","og_locale":"en_US","og_type":"article","og_title":"Des \u00e9nigmes - Puzzle en ligne","og_description":"Jouez \u00e0 des puzzles en ligne. Jouez \u00e0 des puzzles en ligne en plein \u00e9cran. Choisissez le niveau de difficult\u00e9 en modifiant le nombre de pi\u00e8ces.","og_url":"https:\/\/legacy.jigsawpuzzel.nl\/fr\/enigmes\/","og_site_name":"Puzzle en ligne","article_publisher":"https:\/\/www.facebook.com\/onlinejigsawpuzzles\/","article_modified_time":"2024-02-18T11:56:48+00:00","twitter_card":"summary_large_image","twitter_misc":{"Est. reading time":"2 minutes"},"schema":{"@context":"https:\/\/schema.org","@graph":[{"@type":"WebPage","@id":"https:\/\/legacy.jigsawpuzzel.nl\/fr\/enigmes\/","url":"https:\/\/legacy.jigsawpuzzel.nl\/fr\/enigmes\/","name":"Des \u00e9nigmes - Puzzle en ligne","isPartOf":{"@id":"https:\/\/legacy.jigsawpuzzel.nl\/fr\/#website"},"datePublished":"2020-07-02T09:02:35+00:00","dateModified":"2024-02-18T11:56:48+00:00","description":"Jouez \u00e0 des puzzles en ligne. Jouez \u00e0 des puzzles en ligne en plein \u00e9cran. Choisissez le niveau de difficult\u00e9 en modifiant le nombre de pi\u00e8ces.","inLanguage":"en-US","potentialAction":[{"@type":"ReadAction","target":["https:\/\/legacy.jigsawpuzzel.nl\/fr\/enigmes\/"]}]},{"@type":"WebSite","@id":"https:\/\/legacy.jigsawpuzzel.nl\/fr\/#website","url":"https:\/\/legacy.jigsawpuzzel.nl\/fr\/","name":"Online Jigsaw Puzzles","description":"Puzzles gratuits \u00e0 jouer en ligne","potentialAction":[{"@type":"SearchAction","target":{"@type":"EntryPoint","urlTemplate":"https:\/\/legacy.jigsawpuzzel.nl\/fr\/?s={search_term_string}"},"query-input":{"@type":"PropertyValueSpecification","valueRequired":true,"valueName":"search_term_string"}}],"inLanguage":"en-US"}]}},"_links":{"self":[{"href":"https:\/\/legacy.jigsawpuzzel.nl\/fr\/wp-json\/wp\/v2\/pages\/12034","targetHints":{"allow":["GET"]}}],"collection":[{"href":"https:\/\/legacy.jigsawpuzzel.nl\/fr\/wp-json\/wp\/v2\/pages"}],"about":[{"href":"https:\/\/legacy.jigsawpuzzel.nl\/fr\/wp-json\/wp\/v2\/types\/page"}],"author":[{"embeddable":true,"href":"https:\/\/legacy.jigsawpuzzel.nl\/fr\/wp-json\/wp\/v2\/users\/1"}],"replies":[{"embeddable":true,"href":"https:\/\/legacy.jigsawpuzzel.nl\/fr\/wp-json\/wp\/v2\/comments?post=12034"}],"version-history":[{"count":1,"href":"https:\/\/legacy.jigsawpuzzel.nl\/fr\/wp-json\/wp\/v2\/pages\/12034\/revisions"}],"predecessor-version":[{"id":23004,"href":"https:\/\/legacy.jigsawpuzzel.nl\/fr\/wp-json\/wp\/v2\/pages\/12034\/revisions\/23004"}],"wp:attachment":[{"href":"https:\/\/legacy.jigsawpuzzel.nl\/fr\/wp-json\/wp\/v2\/media?parent=12034"}],"curies":[{"name":"wp","href":"https:\/\/api.w.org\/{rel}","templated":true}]}}