{"id":11729,"date":"2020-06-24T18:22:47","date_gmt":"2020-06-24T18:22:47","guid":{"rendered":"https:\/\/onlinejigsawpuzzles.net\/?page_id=11729"},"modified":"2024-02-18T11:56:54","modified_gmt":"2024-02-18T11:56:54","slug":"mahjong-solitaire","status":"publish","type":"page","link":"https:\/\/legacy.jigsawpuzzel.nl\/fr\/mahjong-solitaire\/","title":{"rendered":"Mahjong Solitaire"},"content":{"rendered":"<section class=\"l-section wpb_row us_custom_de4f0477 height_auto width_full\"><div class=\"l-section-h i-cf\"><div class=\"g-cols vc_row via_flex valign_top type_default stacking_default\"><div class=\"vc_col-sm-4\/5 wpb_column vc_column_container\"><div class=\"vc_column-inner\"><div class=\"wpb_wrapper\"><div class=\"wpb_text_column\"><div class=\"wpb_wrapper\"><p><iframe style=\"border: none;\" src=\"http:\/\/www.onlinejigsawpuzzles.net\/game\/mahjong\/\" width=\"100%\" height=\"650px\"> <\/iframe><\/p>\n<\/div><\/div><\/div><\/div><\/div><div class=\"vc_col-sm-1\/5 wpb_column vc_column_container\"><div class=\"vc_column-inner\"><div class=\"wpb_wrapper\">[vc_raw_html]JTNDc2NyaXB0JTIwYXN5bmMlMjBzcmMlM0QlMjJodHRwcyUzQSUyRiUyRnBhZ2VhZDIuZ29vZ2xlc3luZGljYXRpb24uY29tJTJGcGFnZWFkJTJGanMlMkZhZHNieWdvb2dsZS5qcyUyMiUzRSUzQyUyRnNjcmlwdCUzRSUwQSUzQyUyMS0tJTIwc2lkZWJhciUyMC0tJTNFJTBBJTNDaW5zJTIwY2xhc3MlM0QlMjJhZHNieWdvb2dsZSUyMiUyMHN0eWxlJTNEJTIyZGlzcGxheSUzQSUyMGJsb2NrJTNCJTIyJTIwZGF0YS1hZC1jbGllbnQlM0QlMjJjYS1wdWItNTgxNTk5MjExNDg0OTk5NSUyMiUyMGRhdGEtYWQtc2xvdCUzRCUyMjIwMjI1ODIwODUlMjIlMjBkYXRhLWFkLWZvcm1hdCUzRCUyMmF1dG8lMjIlMjBkYXRhLWZ1bGwtd2lkdGgtcmVzcG9uc2l2ZSUzRCUyMnRydWUlMjIlM0UlM0MlMkZpbnMlM0UlMEElM0NzY3JpcHQlM0UlMEElMjAlMjAlMjAlMjAlMjAlMjhhZHNieWdvb2dsZSUyMCUzRCUyMHdpbmRvdy5hZHNieWdvb2dsZSUyMCU3QyU3QyUyMCU1QiU1RCUyOS5wdXNoJTI4JTdCJTdEJTI5JTNCJTBBJTNDJTJGc2NyaXB0JTNF[\/vc_raw_html]<\/div><\/div><\/div><\/div><\/div><\/section><section class=\"l-section wpb_row height_medium\"><div class=\"l-section-h i-cf\"><div class=\"g-cols vc_row via_flex valign_top type_default stacking_default\"><div class=\"vc_col-sm-4\/5 wpb_column vc_column_container\"><div class=\"vc_column-inner\"><div class=\"wpb_wrapper\"><div class=\"wpb_widgetised_column wpb_content_element\"><div class=\"wpb_wrapper\"><h2 class=\"wpb_heading wpb_widgetised_column_heading\">Partager ce jeu <\/h2><div id=\"a2a_share_save_widget-2\" class=\"widget widget_a2a_share_save_widget\"><div class=\"a2a_kit a2a_kit_size_32 addtoany_list\"><a class=\"a2a_button_facebook\" href=\"https:\/\/www.addtoany.com\/add_to\/facebook?linkurl=https%3A%2F%2Flegacy.jigsawpuzzel.nl%2Ffr%2Ffr%2Fwp-json%2Fwp%2Fv2%2Fpages%2F11729&amp;linkname=Puzzle%20en%20ligne\" title=\"Facebook\" rel=\"nofollow noopener\" target=\"_blank\"><\/a><a class=\"a2a_button_twitter\" href=\"https:\/\/www.addtoany.com\/add_to\/twitter?linkurl=https%3A%2F%2Flegacy.jigsawpuzzel.nl%2Ffr%2Ffr%2Fwp-json%2Fwp%2Fv2%2Fpages%2F11729&amp;linkname=Puzzle%20en%20ligne\" title=\"Twitter\" rel=\"nofollow noopener\" target=\"_blank\"><\/a><a class=\"a2a_button_pinterest\" href=\"https:\/\/www.addtoany.com\/add_to\/pinterest?linkurl=https%3A%2F%2Flegacy.jigsawpuzzel.nl%2Ffr%2Ffr%2Fwp-json%2Fwp%2Fv2%2Fpages%2F11729&amp;linkname=Puzzle%20en%20ligne\" title=\"Pinterest\" rel=\"nofollow noopener\" target=\"_blank\"><\/a><a class=\"a2a_button_whatsapp\" href=\"https:\/\/www.addtoany.com\/add_to\/whatsapp?linkurl=https%3A%2F%2Flegacy.jigsawpuzzel.nl%2Ffr%2Ffr%2Fwp-json%2Fwp%2Fv2%2Fpages%2F11729&amp;linkname=Puzzle%20en%20ligne\" title=\"WhatsApp\" rel=\"nofollow noopener\" target=\"_blank\"><\/a><a class=\"a2a_button_email\" href=\"https:\/\/www.addtoany.com\/add_to\/email?linkurl=https%3A%2F%2Flegacy.jigsawpuzzel.nl%2Ffr%2Ffr%2Fwp-json%2Fwp%2Fv2%2Fpages%2F11729&amp;linkname=Puzzle%20en%20ligne\" title=\"Email\" rel=\"nofollow noopener\" target=\"_blank\"><\/a><\/div><\/div><\/div><\/div><div class=\"wpb_text_column us_custom_0f8f44b7\"><div class=\"wpb_wrapper\"><h1>Mahjong Solitaire<\/h1>\n<p>Les 144 dalles sont dispos\u00e9es selon un motif sp\u00e9cial \u00e0 quatre couches, face vers le haut. Une tuile est dite ouverte ou expos\u00e9e si elle peut \u00eatre d\u00e9plac\u00e9e vers la gauche ou la droite sans d\u00e9ranger les autres tuiles. Le but est de faire correspondre des paires ouvertes de tuiles identiques et de les retirer du plateau, exposant ainsi les tuiles situ\u00e9es en dessous pour le jeu. Le jeu est termin\u00e9 lorsque toutes les paires de tuiles ont \u00e9t\u00e9 retir\u00e9es du plateau ou lorsqu&#39;il ne reste plus de paires expos\u00e9es.<\/p>\n<\/div><\/div><\/div><\/div><\/div><div class=\"vc_col-sm-1\/5 wpb_column vc_column_container\"><div class=\"vc_column-inner\"><div class=\"wpb_wrapper\"><\/div><\/div><\/div><\/div><\/div><\/section>\n","protected":false},"excerpt":{"rendered":"[vc_raw_html]JTNDc2NyaXB0JTIwYXN5bmMlMjBzcmMlM0QlMjJodHRwcyUzQSUyRiUyRnBhZ2VhZDIuZ29vZ2xlc3luZGljYXRpb24uY29tJTJGcGFnZWFkJTJGanMlMkZhZHNieWdvb2dsZS5qcyUyMiUzRSUzQyUyRnNjcmlwdCUzRSUwQSUzQyUyMS0tJTIwc2lkZWJhciUyMC0tJTNFJTBBJTNDaW5zJTIwY2xhc3MlM0QlMjJhZHNieWdvb2dsZSUyMiUyMHN0eWxlJTNEJTIyZGlzcGxheSUzQSUyMGJsb2NrJTNCJTIyJTIwZGF0YS1hZC1jbGllbnQlM0QlMjJjYS1wdWItNTgxNTk5MjExNDg0OTk5NSUyMiUyMGRhdGEtYWQtc2xvdCUzRCUyMjIwMjI1ODIwODUlMjIlMjBkYXRhLWFkLWZvcm1hdCUzRCUyMmF1dG8lMjIlMjBkYXRhLWZ1bGwtd2lkdGgtcmVzcG9uc2l2ZSUzRCUyMnRydWUlMjIlM0UlM0MlMkZpbnMlM0UlMEElM0NzY3JpcHQlM0UlMEElMjAlMjAlMjAlMjAlMjAlMjhhZHNieWdvb2dsZSUyMCUzRCUyMHdpbmRvdy5hZHNieWdvb2dsZSUyMCU3QyU3QyUyMCU1QiU1RCUyOS5wdXNoJTI4JTdCJTdEJTI5JTNCJTBBJTNDJTJGc2NyaXB0JTNF[\/vc_raw_html]Partager ce jeu Mahjong Solitaire Les 144 dalles sont dispos\u00e9es selon un motif sp\u00e9cial \u00e0 quatre couches, face vers le haut. Une tuile est dite ouverte ou expos\u00e9e si elle peut \u00eatre d\u00e9plac\u00e9e vers la gauche ou la droite sans d\u00e9ranger les autres tuiles. Le but est de faire correspondre des paires ouvertes de tuiles...","protected":false},"author":1,"featured_media":11783,"parent":0,"menu_order":0,"comment_status":"closed","ping_status":"closed","template":"","meta":{"_acf_changed":false,"footnotes":""},"class_list":["post-11729","page","type-page","status-publish","has-post-thumbnail","hentry"],"acf":[],"yoast_head":"<!-- This site is optimized with the Yoast SEO plugin v26.6 - https:\/\/yoast.com\/wordpress\/plugins\/seo\/ -->\n<title>Mahjong Solitaire - Puzzle en ligne<\/title>\n<meta name=\"robots\" content=\"index, follow, max-snippet:-1, max-image-preview:large, max-video-preview:-1\" \/>\n<link rel=\"canonical\" href=\"https:\/\/legacy.jigsawpuzzel.nl\/fr\/mahjong-solitaire\/\" \/>\n<meta property=\"og:locale\" content=\"en_US\" \/>\n<meta property=\"og:type\" content=\"article\" \/>\n<meta property=\"og:title\" content=\"Mahjong Solitaire - Puzzle en ligne\" \/>\n<meta property=\"og:url\" content=\"https:\/\/legacy.jigsawpuzzel.nl\/fr\/mahjong-solitaire\/\" \/>\n<meta property=\"og:site_name\" content=\"Puzzle en ligne\" \/>\n<meta property=\"article:publisher\" content=\"https:\/\/www.facebook.com\/onlinejigsawpuzzles\/\" \/>\n<meta property=\"article:modified_time\" content=\"2024-02-18T11:56:54+00:00\" \/>\n<meta property=\"og:image\" content=\"https:\/\/legacy.jigsawpuzzel.nl\/fr\/wp-content\/uploads\/2020\/06\/Mahjong-Solitaire.jpg\" \/>\n\t<meta property=\"og:image:width\" content=\"600\" \/>\n\t<meta property=\"og:image:height\" content=\"400\" \/>\n\t<meta property=\"og:image:type\" content=\"image\/jpeg\" \/>\n<meta name=\"twitter:card\" content=\"summary_large_image\" \/>\n<meta name=\"twitter:label1\" content=\"Est. reading time\" \/>\n\t<meta name=\"twitter:data1\" content=\"1 minute\" \/>\n<script type=\"application\/ld+json\" class=\"yoast-schema-graph\">{\"@context\":\"https:\/\/schema.org\",\"@graph\":[{\"@type\":\"WebPage\",\"@id\":\"https:\/\/legacy.jigsawpuzzel.nl\/fr\/mahjong-solitaire\/\",\"url\":\"https:\/\/legacy.jigsawpuzzel.nl\/fr\/mahjong-solitaire\/\",\"name\":\"Mahjong Solitaire - Puzzle en ligne\",\"isPartOf\":{\"@id\":\"https:\/\/legacy.jigsawpuzzel.nl\/fr\/#website\"},\"primaryImageOfPage\":{\"@id\":\"https:\/\/legacy.jigsawpuzzel.nl\/fr\/mahjong-solitaire\/#primaryimage\"},\"image\":{\"@id\":\"https:\/\/legacy.jigsawpuzzel.nl\/fr\/mahjong-solitaire\/#primaryimage\"},\"thumbnailUrl\":\"https:\/\/legacy.jigsawpuzzel.nl\/fr\/wp-content\/uploads\/2020\/06\/Mahjong-Solitaire.jpg\",\"datePublished\":\"2020-06-24T18:22:47+00:00\",\"dateModified\":\"2024-02-18T11:56:54+00:00\",\"inLanguage\":\"en-US\",\"potentialAction\":[{\"@type\":\"ReadAction\",\"target\":[\"https:\/\/legacy.jigsawpuzzel.nl\/fr\/mahjong-solitaire\/\"]}]},{\"@type\":\"ImageObject\",\"inLanguage\":\"en-US\",\"@id\":\"https:\/\/legacy.jigsawpuzzel.nl\/fr\/mahjong-solitaire\/#primaryimage\",\"url\":\"https:\/\/legacy.jigsawpuzzel.nl\/fr\/wp-content\/uploads\/2020\/06\/Mahjong-Solitaire.jpg\",\"contentUrl\":\"https:\/\/legacy.jigsawpuzzel.nl\/fr\/wp-content\/uploads\/2020\/06\/Mahjong-Solitaire.jpg\",\"width\":600,\"height\":400,\"caption\":\"Mahjong Solitaire\"},{\"@type\":\"WebSite\",\"@id\":\"https:\/\/legacy.jigsawpuzzel.nl\/fr\/#website\",\"url\":\"https:\/\/legacy.jigsawpuzzel.nl\/fr\/\",\"name\":\"Online Jigsaw Puzzles\",\"description\":\"Puzzles gratuits \u00e0 jouer en ligne\",\"potentialAction\":[{\"@type\":\"SearchAction\",\"target\":{\"@type\":\"EntryPoint\",\"urlTemplate\":\"https:\/\/legacy.jigsawpuzzel.nl\/fr\/?s={search_term_string}\"},\"query-input\":{\"@type\":\"PropertyValueSpecification\",\"valueRequired\":true,\"valueName\":\"search_term_string\"}}],\"inLanguage\":\"en-US\"}]}<\/script>\n<!-- \/ Yoast SEO plugin. -->","yoast_head_json":{"title":"Mahjong Solitaire - Puzzle en ligne","robots":{"index":"index","follow":"follow","max-snippet":"max-snippet:-1","max-image-preview":"max-image-preview:large","max-video-preview":"max-video-preview:-1"},"canonical":"https:\/\/legacy.jigsawpuzzel.nl\/fr\/mahjong-solitaire\/","og_locale":"en_US","og_type":"article","og_title":"Mahjong Solitaire - Puzzle en ligne","og_url":"https:\/\/legacy.jigsawpuzzel.nl\/fr\/mahjong-solitaire\/","og_site_name":"Puzzle en ligne","article_publisher":"https:\/\/www.facebook.com\/onlinejigsawpuzzles\/","article_modified_time":"2024-02-18T11:56:54+00:00","og_image":[{"width":600,"height":400,"url":"https:\/\/legacy.jigsawpuzzel.nl\/fr\/wp-content\/uploads\/2020\/06\/Mahjong-Solitaire.jpg","type":"image\/jpeg"}],"twitter_card":"summary_large_image","twitter_misc":{"Est. reading time":"1 minute"},"schema":{"@context":"https:\/\/schema.org","@graph":[{"@type":"WebPage","@id":"https:\/\/legacy.jigsawpuzzel.nl\/fr\/mahjong-solitaire\/","url":"https:\/\/legacy.jigsawpuzzel.nl\/fr\/mahjong-solitaire\/","name":"Mahjong Solitaire - Puzzle en ligne","isPartOf":{"@id":"https:\/\/legacy.jigsawpuzzel.nl\/fr\/#website"},"primaryImageOfPage":{"@id":"https:\/\/legacy.jigsawpuzzel.nl\/fr\/mahjong-solitaire\/#primaryimage"},"image":{"@id":"https:\/\/legacy.jigsawpuzzel.nl\/fr\/mahjong-solitaire\/#primaryimage"},"thumbnailUrl":"https:\/\/legacy.jigsawpuzzel.nl\/fr\/wp-content\/uploads\/2020\/06\/Mahjong-Solitaire.jpg","datePublished":"2020-06-24T18:22:47+00:00","dateModified":"2024-02-18T11:56:54+00:00","inLanguage":"en-US","potentialAction":[{"@type":"ReadAction","target":["https:\/\/legacy.jigsawpuzzel.nl\/fr\/mahjong-solitaire\/"]}]},{"@type":"ImageObject","inLanguage":"en-US","@id":"https:\/\/legacy.jigsawpuzzel.nl\/fr\/mahjong-solitaire\/#primaryimage","url":"https:\/\/legacy.jigsawpuzzel.nl\/fr\/wp-content\/uploads\/2020\/06\/Mahjong-Solitaire.jpg","contentUrl":"https:\/\/legacy.jigsawpuzzel.nl\/fr\/wp-content\/uploads\/2020\/06\/Mahjong-Solitaire.jpg","width":600,"height":400,"caption":"Mahjong Solitaire"},{"@type":"WebSite","@id":"https:\/\/legacy.jigsawpuzzel.nl\/fr\/#website","url":"https:\/\/legacy.jigsawpuzzel.nl\/fr\/","name":"Online Jigsaw Puzzles","description":"Puzzles gratuits \u00e0 jouer en ligne","potentialAction":[{"@type":"SearchAction","target":{"@type":"EntryPoint","urlTemplate":"https:\/\/legacy.jigsawpuzzel.nl\/fr\/?s={search_term_string}"},"query-input":{"@type":"PropertyValueSpecification","valueRequired":true,"valueName":"search_term_string"}}],"inLanguage":"en-US"}]}},"_links":{"self":[{"href":"https:\/\/legacy.jigsawpuzzel.nl\/fr\/wp-json\/wp\/v2\/pages\/11729","targetHints":{"allow":["GET"]}}],"collection":[{"href":"https:\/\/legacy.jigsawpuzzel.nl\/fr\/wp-json\/wp\/v2\/pages"}],"about":[{"href":"https:\/\/legacy.jigsawpuzzel.nl\/fr\/wp-json\/wp\/v2\/types\/page"}],"author":[{"embeddable":true,"href":"https:\/\/legacy.jigsawpuzzel.nl\/fr\/wp-json\/wp\/v2\/users\/1"}],"replies":[{"embeddable":true,"href":"https:\/\/legacy.jigsawpuzzel.nl\/fr\/wp-json\/wp\/v2\/comments?post=11729"}],"version-history":[{"count":1,"href":"https:\/\/legacy.jigsawpuzzel.nl\/fr\/wp-json\/wp\/v2\/pages\/11729\/revisions"}],"predecessor-version":[{"id":23008,"href":"https:\/\/legacy.jigsawpuzzel.nl\/fr\/wp-json\/wp\/v2\/pages\/11729\/revisions\/23008"}],"wp:featuredmedia":[{"embeddable":true,"href":"https:\/\/legacy.jigsawpuzzel.nl\/fr\/wp-json\/wp\/v2\/media\/11783"}],"wp:attachment":[{"href":"https:\/\/legacy.jigsawpuzzel.nl\/fr\/wp-json\/wp\/v2\/media?parent=11729"}],"curies":[{"name":"wp","href":"https:\/\/api.w.org\/{rel}","templated":true}]}}