{"id":11011,"date":"2020-05-13T10:05:40","date_gmt":"2020-05-13T10:05:40","guid":{"rendered":"https:\/\/onlinejigsawpuzzles.net\/?page_id=11011"},"modified":"2024-02-18T11:56:59","modified_gmt":"2024-02-18T11:56:59","slug":"tous-les-puzzles","status":"publish","type":"page","link":"https:\/\/legacy.jigsawpuzzel.nl\/fr\/tous-les-puzzles\/","title":{"rendered":"Tous les puzzles"},"content":{"rendered":"<section class=\"l-section wpb_row height_medium\"><div class=\"l-section-h i-cf\"><div class=\"g-cols vc_row via_flex valign_top type_default stacking_default\"><div class=\"vc_col-sm-12 wpb_column vc_column_container\"><div class=\"vc_column-inner\"><div class=\"wpb_wrapper\"><div class=\"wpb_text_column\"><div class=\"wpb_wrapper\"><h1>Tous les puzzles &#8211; Puzzles en ligne<\/h1>\n<p>Cette page de puzzles en ligne.net propose des puzzles en ligne gratuits. Nous avons g\u00e9n\u00e9r\u00e9 des puzzles de belles photos dans de nombreuses cat\u00e9gories diff\u00e9rentes. Vous pouvez choisir les puzzles dans la galerie de 48 pi\u00e8ces mais vous pouvez \u00e9galement choisir un niveau de difficult\u00e9 avec plus ou moins de pi\u00e8ces. Profitez de ce site Web avec ces puzzles quotidiens gratuits.<\/p>\n<\/div><\/div><div class=\"w-separator size_small\"><\/div><div class=\"g-cols wpb_row via_flex valign_top type_default stacking_default\"><div class=\"vc_col-sm-12 wpb_column vc_column_container pp\"><div class=\"vc_column-inner\"><div class=\"wpb_wrapper\"><div class=\"w-grid type_grid layout_8862 cols_3 pagination_regular\" id=\"us_grid_1\" style=\"--gap:1.5rem;\" data-filterable=\"true\"><style>@media (max-width:1449px){#us_grid_1 .w-grid-item{width:50%}}@media (max-width:1024px){#us_grid_1 .w-grid-item{width:50%}}@media (max-width:600px){#us_grid_1 .w-grid-list{margin:0}#us_grid_1 .w-grid-item{width:100%;padding:0;margin-bottom:var(--gap,0px)}}.layout_8862 .w-grid-item-h{}.layout_8862 .usg_post_image_1{text-transform:none!important;height:200px!important;max-height:200px!important;min-height:200px!important}.layout_8862 .usg_post_title_1{font-size:1rem!important;font-family:var(--font-family)!important;font-weight:500!important;text-transform:none!important;margin-left:6px!important;margin-top:6px!important}.layout_8862 .usg_post_date_1{font-size:14px!important;margin-left:6px!important;margin-top:4px!important}<\/style><div class=\"w-grid-list\">\t<article class=\"w-grid-item size_1x1 post-14444 puzzles type-puzzles status-publish has-post-thumbnail hentry puzzle_type-ete puzzle_type-relaxation\" data-id=\"14444\">\r\n\t\t<div class=\"w-grid-item-h\">\r\n\t\t\t\t\t\t\t<a href=\"https:\/\/legacy.jigsawpuzzel.nl\/fr\/puzzles\/bulles-de-savon-sur-lherbe\/\" class=\"w-grid-item-anchor\" aria-label=\"Bulles de savon sur l&#039;herbe\"><\/a>\r\n\t\t\t\t\t\t<div class=\"w-post-elm post_image usg_post_image_1 has_height\"><a href=\"https:\/\/legacy.jigsawpuzzel.nl\/fr\/puzzles\/bulles-de-savon-sur-lherbe\/\" aria-label=\"Bulles de savon sur l&#039;herbe\"><img decoding=\"async\" width=\"520\" height=\"329\" src=\"https:\/\/legacy.jigsawpuzzel.nl\/fr\/wp-content\/uploads\/2021\/06\/Soap-bubbles-over-grass_puzzle.jpg\" class=\"attachment-full size-full wp-post-image\" alt=\"Soap bubbles over grass online\" srcset=\"https:\/\/legacy.jigsawpuzzel.nl\/fr\/wp-content\/uploads\/2021\/06\/Soap-bubbles-over-grass_puzzle.jpg 520w, https:\/\/legacy.jigsawpuzzel.nl\/fr\/wp-content\/uploads\/2021\/06\/Soap-bubbles-over-grass_puzzle-300x190.jpg 300w\" sizes=\"(max-width: 520px) 100vw, 520px\" \/><\/a><\/div><p class=\"w-post-elm post_title usg_post_title_1 entry-title color_link_inherit\"><a href=\"https:\/\/legacy.jigsawpuzzel.nl\/fr\/puzzles\/bulles-de-savon-sur-lherbe\/\">Bulles de savon sur l&#039;herbe<\/a><\/p><time class=\"w-post-elm post_date usg_post_date_1 entry-date published\" datetime=\"2021-06-22T06:00:54+00:00\">June 22, 2021<\/time>\t\t<\/div>\r\n\t\t\t<\/article>\r\n\t<article class=\"w-grid-item size_1x1 post-14446 puzzles type-puzzles status-publish has-post-thumbnail hentry puzzle_type-art puzzle_type-des-sports\" data-id=\"14446\">\r\n\t\t<div class=\"w-grid-item-h\">\r\n\t\t\t\t\t\t\t<a href=\"https:\/\/legacy.jigsawpuzzel.nl\/fr\/puzzles\/roue-de-skateboard-2\/\" class=\"w-grid-item-anchor\" aria-label=\"Roue de planche \u00e0 roulettes\"><\/a>\r\n\t\t\t\t\t\t<div class=\"w-post-elm post_image usg_post_image_1 has_height\"><a href=\"https:\/\/legacy.jigsawpuzzel.nl\/fr\/puzzles\/roue-de-skateboard-2\/\" aria-label=\"Roue de planche \u00e0 roulettes\"><img decoding=\"async\" width=\"520\" height=\"329\" src=\"https:\/\/legacy.jigsawpuzzel.nl\/fr\/wp-content\/uploads\/2021\/06\/Skateboard-wheel_puzzle.jpg\" class=\"attachment-full size-full wp-post-image\" alt=\"Skateboard wheel puzzle\" srcset=\"https:\/\/legacy.jigsawpuzzel.nl\/fr\/wp-content\/uploads\/2021\/06\/Skateboard-wheel_puzzle.jpg 520w, https:\/\/legacy.jigsawpuzzel.nl\/fr\/wp-content\/uploads\/2021\/06\/Skateboard-wheel_puzzle-300x190.jpg 300w\" sizes=\"(max-width: 520px) 100vw, 520px\" \/><\/a><\/div><p class=\"w-post-elm post_title usg_post_title_1 entry-title color_link_inherit\"><a href=\"https:\/\/legacy.jigsawpuzzel.nl\/fr\/puzzles\/roue-de-skateboard-2\/\">Roue de planche \u00e0 roulettes<\/a><\/p><time class=\"w-post-elm post_date usg_post_date_1 entry-date published\" datetime=\"2021-06-22T06:01:05+00:00\">June 22, 2021<\/time>\t\t<\/div>\r\n\t\t\t<\/article>\r\n\t<article class=\"w-grid-item size_1x1 post-14448 puzzles type-puzzles status-publish has-post-thumbnail hentry puzzle_type-transport puzzle_type-velo\" data-id=\"14448\">\r\n\t\t<div class=\"w-grid-item-h\">\r\n\t\t\t\t\t\t\t<a href=\"https:\/\/legacy.jigsawpuzzel.nl\/fr\/puzzles\/vieux-velo-orange-vintage\/\" class=\"w-grid-item-anchor\" aria-label=\"Vieux v\u00e9lo orange vintage\"><\/a>\r\n\t\t\t\t\t\t<div class=\"w-post-elm post_image usg_post_image_1 has_height\"><a href=\"https:\/\/legacy.jigsawpuzzel.nl\/fr\/puzzles\/vieux-velo-orange-vintage\/\" aria-label=\"Vieux v\u00e9lo orange vintage\"><img decoding=\"async\" width=\"520\" height=\"329\" src=\"https:\/\/legacy.jigsawpuzzel.nl\/fr\/wp-content\/uploads\/2021\/06\/old-vintage-orange-bike_puzzle.jpg\" class=\"attachment-full size-full wp-post-image\" alt=\"Old vintage orange bike online\" srcset=\"https:\/\/legacy.jigsawpuzzel.nl\/fr\/wp-content\/uploads\/2021\/06\/old-vintage-orange-bike_puzzle.jpg 520w, https:\/\/legacy.jigsawpuzzel.nl\/fr\/wp-content\/uploads\/2021\/06\/old-vintage-orange-bike_puzzle-300x190.jpg 300w\" sizes=\"(max-width: 520px) 100vw, 520px\" \/><\/a><\/div><p class=\"w-post-elm post_title usg_post_title_1 entry-title color_link_inherit\"><a href=\"https:\/\/legacy.jigsawpuzzel.nl\/fr\/puzzles\/vieux-velo-orange-vintage\/\">Vieux v\u00e9lo orange vintage<\/a><\/p><time class=\"w-post-elm post_date usg_post_date_1 entry-date published\" datetime=\"2021-06-22T06:02:27+00:00\">June 22, 2021<\/time>\t\t<\/div>\r\n\t\t\t<\/article>\r\n\t<article class=\"w-grid-item size_1x1 post-14452 puzzles type-puzzles status-publish has-post-thumbnail hentry puzzle_type-bebe-et-enfants puzzle_type-ete puzzle_type-vacances\" data-id=\"14452\">\r\n\t\t<div class=\"w-grid-item-h\">\r\n\t\t\t\t\t\t\t<a href=\"https:\/\/legacy.jigsawpuzzel.nl\/fr\/puzzles\/plage-enfant-sable-jeu-enfance\/\" class=\"w-grid-item-anchor\" aria-label=\"Enfant de plage, jeu de sable, enfance\"><\/a>\r\n\t\t\t\t\t\t<div class=\"w-post-elm post_image usg_post_image_1 has_height\"><a href=\"https:\/\/legacy.jigsawpuzzel.nl\/fr\/puzzles\/plage-enfant-sable-jeu-enfance\/\" aria-label=\"Enfant de plage, jeu de sable, enfance\"><img decoding=\"async\" width=\"520\" height=\"329\" src=\"https:\/\/legacy.jigsawpuzzel.nl\/fr\/wp-content\/uploads\/2021\/06\/Beach-kid-sand-play-childhood_puzzle.jpg\" class=\"attachment-full size-full wp-post-image\" alt=\"Beach kid sand play childhood\" srcset=\"https:\/\/legacy.jigsawpuzzel.nl\/fr\/wp-content\/uploads\/2021\/06\/Beach-kid-sand-play-childhood_puzzle.jpg 520w, https:\/\/legacy.jigsawpuzzel.nl\/fr\/wp-content\/uploads\/2021\/06\/Beach-kid-sand-play-childhood_puzzle-300x190.jpg 300w\" sizes=\"(max-width: 520px) 100vw, 520px\" \/><\/a><\/div><p class=\"w-post-elm post_title usg_post_title_1 entry-title color_link_inherit\"><a href=\"https:\/\/legacy.jigsawpuzzel.nl\/fr\/puzzles\/plage-enfant-sable-jeu-enfance\/\">Enfant de plage, jeu de sable, enfance<\/a><\/p><time class=\"w-post-elm post_date usg_post_date_1 entry-date published\" datetime=\"2021-06-23T06:00:20+00:00\">June 23, 2021<\/time>\t\t<\/div>\r\n\t\t\t<\/article>\r\n\t<article class=\"w-grid-item size_1x1 post-14454 puzzles type-puzzles status-publish has-post-thumbnail hentry puzzle_type-apprentissage puzzle_type-relaxation\" data-id=\"14454\">\r\n\t\t<div class=\"w-grid-item-h\">\r\n\t\t\t\t\t\t\t<a href=\"https:\/\/legacy.jigsawpuzzel.nl\/fr\/puzzles\/bibliotheque-librairie-bibliotheque-livre\/\" class=\"w-grid-item-anchor\" aria-label=\"Biblioth\u00e8que librairie livre \u00e9tag\u00e8re\"><\/a>\r\n\t\t\t\t\t\t<div class=\"w-post-elm post_image usg_post_image_1 has_height\"><a href=\"https:\/\/legacy.jigsawpuzzel.nl\/fr\/puzzles\/bibliotheque-librairie-bibliotheque-livre\/\" aria-label=\"Biblioth\u00e8que librairie livre \u00e9tag\u00e8re\"><img decoding=\"async\" width=\"520\" height=\"329\" src=\"https:\/\/legacy.jigsawpuzzel.nl\/fr\/wp-content\/uploads\/2021\/06\/Library-bookstore-bookshelf-book_puzzle.jpg\" class=\"attachment-full size-full wp-post-image\" alt=\"Library bookstore bookshelf book online\" srcset=\"https:\/\/legacy.jigsawpuzzel.nl\/fr\/wp-content\/uploads\/2021\/06\/Library-bookstore-bookshelf-book_puzzle.jpg 520w, https:\/\/legacy.jigsawpuzzel.nl\/fr\/wp-content\/uploads\/2021\/06\/Library-bookstore-bookshelf-book_puzzle-300x190.jpg 300w\" sizes=\"(max-width: 520px) 100vw, 520px\" \/><\/a><\/div><p class=\"w-post-elm post_title usg_post_title_1 entry-title color_link_inherit\"><a href=\"https:\/\/legacy.jigsawpuzzel.nl\/fr\/puzzles\/bibliotheque-librairie-bibliotheque-livre\/\">Biblioth\u00e8que librairie livre \u00e9tag\u00e8re<\/a><\/p><time class=\"w-post-elm post_date usg_post_date_1 entry-date published\" datetime=\"2021-06-23T06:01:10+00:00\">June 23, 2021<\/time>\t\t<\/div>\r\n\t\t\t<\/article>\r\n\t<article class=\"w-grid-item size_1x1 post-14456 puzzles type-puzzles status-publish has-post-thumbnail hentry puzzle_type-fleurs puzzle_type-navires\" data-id=\"14456\">\r\n\t\t<div class=\"w-grid-item-h\">\r\n\t\t\t\t\t\t\t<a href=\"https:\/\/legacy.jigsawpuzzel.nl\/fr\/puzzles\/ecosse-charlestown-port\/\" class=\"w-grid-item-anchor\" aria-label=\"Le port de Charlestown en \u00c9cosse\"><\/a>\r\n\t\t\t\t\t\t<div class=\"w-post-elm post_image usg_post_image_1 has_height\"><a href=\"https:\/\/legacy.jigsawpuzzel.nl\/fr\/puzzles\/ecosse-charlestown-port\/\" aria-label=\"Le port de Charlestown en \u00c9cosse\"><img decoding=\"async\" width=\"520\" height=\"329\" src=\"https:\/\/legacy.jigsawpuzzel.nl\/fr\/wp-content\/uploads\/2021\/06\/Scotland-charlestown-harbour_puzzle.jpg\" class=\"attachment-full size-full wp-post-image\" alt=\"Scotland charlestown harbour puzzle\" srcset=\"https:\/\/legacy.jigsawpuzzel.nl\/fr\/wp-content\/uploads\/2021\/06\/Scotland-charlestown-harbour_puzzle.jpg 520w, https:\/\/legacy.jigsawpuzzel.nl\/fr\/wp-content\/uploads\/2021\/06\/Scotland-charlestown-harbour_puzzle-300x190.jpg 300w\" sizes=\"(max-width: 520px) 100vw, 520px\" \/><\/a><\/div><p class=\"w-post-elm post_title usg_post_title_1 entry-title color_link_inherit\"><a href=\"https:\/\/legacy.jigsawpuzzel.nl\/fr\/puzzles\/ecosse-charlestown-port\/\">Le port de Charlestown en \u00c9cosse<\/a><\/p><time class=\"w-post-elm post_date usg_post_date_1 entry-date published\" datetime=\"2021-06-23T06:02:43+00:00\">June 23, 2021<\/time>\t\t<\/div>\r\n\t\t\t<\/article>\r\n\t<article class=\"w-grid-item size_1x1 post-14459 puzzles type-puzzles status-publish has-post-thumbnail hentry puzzle_type-industrie puzzle_type-personnes\" data-id=\"14459\">\r\n\t\t<div class=\"w-grid-item-h\">\r\n\t\t\t\t\t\t\t<a href=\"https:\/\/legacy.jigsawpuzzel.nl\/fr\/puzzles\/masque-medical-masque-visage-femme-travailleuse\/\" class=\"w-grid-item-anchor\" aria-label=\"Travailleuse\"><\/a>\r\n\t\t\t\t\t\t<div class=\"w-post-elm post_image usg_post_image_1 has_height\"><a href=\"https:\/\/legacy.jigsawpuzzel.nl\/fr\/puzzles\/masque-medical-masque-visage-femme-travailleuse\/\" aria-label=\"Travailleuse\"><img decoding=\"async\" width=\"520\" height=\"329\" src=\"https:\/\/legacy.jigsawpuzzel.nl\/fr\/wp-content\/uploads\/2021\/06\/Medical-mask-face-mask-woman-worker_puzzle.jpg\" class=\"attachment-full size-full wp-post-image\" alt=\"Medical mask face mask woman worker online\" srcset=\"https:\/\/legacy.jigsawpuzzel.nl\/fr\/wp-content\/uploads\/2021\/06\/Medical-mask-face-mask-woman-worker_puzzle.jpg 520w, https:\/\/legacy.jigsawpuzzel.nl\/fr\/wp-content\/uploads\/2021\/06\/Medical-mask-face-mask-woman-worker_puzzle-300x190.jpg 300w\" sizes=\"(max-width: 520px) 100vw, 520px\" \/><\/a><\/div><p class=\"w-post-elm post_title usg_post_title_1 entry-title color_link_inherit\"><a href=\"https:\/\/legacy.jigsawpuzzel.nl\/fr\/puzzles\/masque-medical-masque-visage-femme-travailleuse\/\">Travailleuse<\/a><\/p><time class=\"w-post-elm post_date usg_post_date_1 entry-date published\" datetime=\"2021-06-24T06:00:26+00:00\">June 24, 2021<\/time>\t\t<\/div>\r\n\t\t\t<\/article>\r\n\t<article class=\"w-grid-item size_1x1 post-14461 puzzles type-puzzles status-publish has-post-thumbnail hentry puzzle_type-architecture puzzle_type-paysage puzzle_type-vacances puzzle_type-voyage\" data-id=\"14461\">\r\n\t\t<div class=\"w-grid-item-h\">\r\n\t\t\t\t\t\t\t<a href=\"https:\/\/legacy.jigsawpuzzel.nl\/fr\/puzzles\/catalogne-terrasse-mer-costa-brava\/\" class=\"w-grid-item-anchor\" aria-label=\"Catalogne terrasse mer Costa Brava\"><\/a>\r\n\t\t\t\t\t\t<div class=\"w-post-elm post_image usg_post_image_1 has_height\"><a href=\"https:\/\/legacy.jigsawpuzzel.nl\/fr\/puzzles\/catalogne-terrasse-mer-costa-brava\/\" aria-label=\"Catalogne terrasse mer Costa Brava\"><img decoding=\"async\" width=\"520\" height=\"329\" src=\"https:\/\/legacy.jigsawpuzzel.nl\/fr\/wp-content\/uploads\/2021\/06\/Catalonia-terrace-sea-Costa-Brava_puzzle.jpg\" class=\"attachment-full size-full wp-post-image\" alt=\"Catalonia terrace sea Costa Brava online\" srcset=\"https:\/\/legacy.jigsawpuzzel.nl\/fr\/wp-content\/uploads\/2021\/06\/Catalonia-terrace-sea-Costa-Brava_puzzle.jpg 520w, https:\/\/legacy.jigsawpuzzel.nl\/fr\/wp-content\/uploads\/2021\/06\/Catalonia-terrace-sea-Costa-Brava_puzzle-300x190.jpg 300w\" sizes=\"(max-width: 520px) 100vw, 520px\" \/><\/a><\/div><p class=\"w-post-elm post_title usg_post_title_1 entry-title color_link_inherit\"><a href=\"https:\/\/legacy.jigsawpuzzel.nl\/fr\/puzzles\/catalogne-terrasse-mer-costa-brava\/\">Catalogne terrasse mer Costa Brava<\/a><\/p><time class=\"w-post-elm post_date usg_post_date_1 entry-date published\" datetime=\"2021-06-24T06:01:10+00:00\">June 24, 2021<\/time>\t\t<\/div>\r\n\t\t\t<\/article>\r\n\t<article class=\"w-grid-item size_1x1 post-23834 puzzles type-puzzles status-publish has-post-thumbnail hentry puzzle_type-hiver puzzle_type-velo\" data-id=\"23834\">\r\n\t\t<div class=\"w-grid-item-h\">\r\n\t\t\t\t\t\t\t<a href=\"https:\/\/legacy.jigsawpuzzel.nl\/fr\/puzzles\/parking-velos-hiver-neige\/\" class=\"w-grid-item-anchor\" aria-label=\"Support de stationnement pour v\u00e9los neige hiver\"><\/a>\r\n\t\t\t\t\t\t<div class=\"w-post-elm post_image usg_post_image_1 has_height\"><a href=\"https:\/\/legacy.jigsawpuzzel.nl\/fr\/puzzles\/parking-velos-hiver-neige\/\" aria-label=\"Support de stationnement pour v\u00e9los neige hiver\"><img decoding=\"async\" width=\"520\" height=\"329\" src=\"https:\/\/legacy.jigsawpuzzel.nl\/fr\/wp-content\/uploads\/2021\/09\/Bicycle-parking-rack-winter-snow_puzzle.jpg\" class=\"attachment-full size-full wp-post-image\" alt=\"Bicycle parking rack winter snow puzzle\" srcset=\"https:\/\/legacy.jigsawpuzzel.nl\/fr\/wp-content\/uploads\/2021\/09\/Bicycle-parking-rack-winter-snow_puzzle.jpg 520w, https:\/\/legacy.jigsawpuzzel.nl\/fr\/wp-content\/uploads\/2021\/09\/Bicycle-parking-rack-winter-snow_puzzle-300x190.jpg 300w\" sizes=\"(max-width: 520px) 100vw, 520px\" \/><\/a><\/div><p class=\"w-post-elm post_title usg_post_title_1 entry-title color_link_inherit\"><a href=\"https:\/\/legacy.jigsawpuzzel.nl\/fr\/puzzles\/parking-velos-hiver-neige\/\">Support de stationnement pour v\u00e9los neige hiver<\/a><\/p><time class=\"w-post-elm post_date usg_post_date_1 entry-date published\" datetime=\"2021-09-17T06:00:49+00:00\">September 17, 2021<\/time>\t\t<\/div>\r\n\t\t\t<\/article>\r\n<\/div><div class=\"w-grid-preloader\">\t<div class=\"g-preloader type_1\">\r\n\t\t<div><\/div>\r\n\t<\/div>\r\n\t<\/div>\t\t\t<nav class=\"pagination navigation\" role=\"navigation\">\r\n\t\t\t\t<div class=\"nav-links\">\r\n\t\t\t\t\t<span aria-current=\"page\" class=\"page-numbers current\"><span>1<\/span><\/span>\n<a class=\"page-numbers\" href=\"https:\/\/legacy.jigsawpuzzel.nl\/fr\/wp-json\/wp\/v2\/pages\/11011\/page\/2\/\"><span>2<\/span><\/a>\n<a class=\"page-numbers\" href=\"https:\/\/legacy.jigsawpuzzel.nl\/fr\/wp-json\/wp\/v2\/pages\/11011\/page\/3\/\"><span>3<\/span><\/a>\n<a class=\"page-numbers\" href=\"https:\/\/legacy.jigsawpuzzel.nl\/fr\/wp-json\/wp\/v2\/pages\/11011\/page\/4\/\"><span>4<\/span><\/a>\n<span class=\"page-numbers dots\">&hellip;<\/span>\n<a class=\"page-numbers\" href=\"https:\/\/legacy.jigsawpuzzel.nl\/fr\/wp-json\/wp\/v2\/pages\/11011\/page\/520\/\"><span>520<\/span><\/a>\n<a class=\"next page-numbers\" href=\"https:\/\/legacy.jigsawpuzzel.nl\/fr\/wp-json\/wp\/v2\/pages\/11011\/page\/2\/\"><span>Next<\/span><\/a>\t\t\t\t<\/div>\r\n\t\t\t<\/nav>\r\n\t\t\t\t<div class=\"w-grid-json hidden\" onclick='return {&quot;action&quot;:&quot;us_ajax_grid&quot;,&quot;infinite_scroll&quot;:0,&quot;max_num_pages&quot;:520,&quot;pagination&quot;:&quot;regular&quot;,&quot;template_vars&quot;:{&quot;columns&quot;:&quot;3&quot;,&quot;exclude_items&quot;:&quot;none&quot;,&quot;img_size&quot;:&quot;default&quot;,&quot;ignore_items_size&quot;:0,&quot;items_layout&quot;:&quot;8862&quot;,&quot;items_offset&quot;:&quot;1&quot;,&quot;load_animation&quot;:&quot;none&quot;,&quot;overriding_link&quot;:&quot;%7B%22type%22%3A%22post%22%7D&quot;,&quot;post_id&quot;:0,&quot;query_args&quot;:{&quot;post_type&quot;:[&quot;puzzles&quot;],&quot;post_status&quot;:[&quot;publish&quot;,&quot;acf-disabled&quot;],&quot;posts_per_page&quot;:&quot;9&quot;},&quot;orderby_query_args&quot;:{&quot;orderby&quot;:{&quot;date&quot;:&quot;ASC&quot;}},&quot;type&quot;:&quot;grid&quot;,&quot;us_grid_post_type&quot;:&quot;puzzles&quot;,&quot;us_grid_ajax_index&quot;:1,&quot;us_grid_filter_query_string&quot;:null,&quot;us_grid_index&quot;:1,&quot;page_args&quot;:[]}}'><\/div>\r\n\t<\/div><\/div><\/div><\/div><\/div><div class=\"w-separator size_small with_line width_default thick_1 style_solid color_border align_center\"><div class=\"w-separator-h\"><\/div><\/div><div class=\"wpb_text_column\"><div class=\"wpb_wrapper\"><p>Puzzles quotidiens en ligne gratuits de magnifiques fonds d&#39;\u00e9cran, photos et images.<\/p>\n<\/div><\/div><\/div><\/div><\/div><\/div><\/div><\/section>\n","protected":false},"excerpt":{"rendered":"Puzzle en ligne Support de stationnement pour v\u00e9los neige d&#39;hiver.","protected":false},"author":1,"featured_media":0,"parent":0,"menu_order":0,"comment_status":"closed","ping_status":"closed","template":"","meta":{"_acf_changed":false,"footnotes":""},"class_list":["post-11011","page","type-page","status-publish","hentry"],"acf":[],"yoast_head":"<!-- This site is optimized with the Yoast SEO plugin v26.6 - https:\/\/yoast.com\/wordpress\/plugins\/seo\/ -->\n<title>Puzzle quotidien - Puzzles en ligne<\/title>\n<meta name=\"description\" content=\"Cette page de onlinejigsawpuzzles.net propose des puzzles quotidiens en ligne gratuits. Nous avons g\u00e9n\u00e9r\u00e9 des puzzles de belles photos dans de nombreuses cat\u00e9gories diff\u00e9rentes.\" \/>\n<meta name=\"robots\" content=\"index, follow, max-snippet:-1, max-image-preview:large, max-video-preview:-1\" \/>\n<link rel=\"canonical\" href=\"https:\/\/legacy.jigsawpuzzel.nl\/fr\/tous-les-puzzles\/\" \/>\n<meta property=\"og:locale\" content=\"en_US\" \/>\n<meta property=\"og:type\" content=\"article\" \/>\n<meta property=\"og:title\" content=\"Puzzle quotidien - Puzzles en ligne\" \/>\n<meta property=\"og:description\" content=\"Cette page de onlinejigsawpuzzles.net propose des puzzles quotidiens en ligne gratuits. Nous avons g\u00e9n\u00e9r\u00e9 des puzzles de belles photos dans de nombreuses cat\u00e9gories diff\u00e9rentes.\" \/>\n<meta property=\"og:url\" content=\"https:\/\/legacy.jigsawpuzzel.nl\/fr\/tous-les-puzzles\/\" \/>\n<meta property=\"og:site_name\" content=\"Puzzle en ligne\" \/>\n<meta property=\"article:publisher\" content=\"https:\/\/www.facebook.com\/onlinejigsawpuzzles\/\" \/>\n<meta property=\"article:modified_time\" content=\"2024-02-18T11:56:59+00:00\" \/>\n<meta name=\"twitter:card\" content=\"summary_large_image\" \/>\n<meta name=\"twitter:label1\" content=\"Est. reading time\" \/>\n\t<meta name=\"twitter:data1\" content=\"1 minute\" \/>\n<script type=\"application\/ld+json\" class=\"yoast-schema-graph\">{\"@context\":\"https:\/\/schema.org\",\"@graph\":[{\"@type\":\"WebPage\",\"@id\":\"https:\/\/legacy.jigsawpuzzel.nl\/fr\/tous-les-puzzles\/\",\"url\":\"https:\/\/legacy.jigsawpuzzel.nl\/fr\/tous-les-puzzles\/\",\"name\":\"Puzzle quotidien - Puzzles en ligne\",\"isPartOf\":{\"@id\":\"https:\/\/legacy.jigsawpuzzel.nl\/fr\/#website\"},\"datePublished\":\"2020-05-13T10:05:40+00:00\",\"dateModified\":\"2024-02-18T11:56:59+00:00\",\"description\":\"Cette page de onlinejigsawpuzzles.net propose des puzzles quotidiens en ligne gratuits. Nous avons g\u00e9n\u00e9r\u00e9 des puzzles de belles photos dans de nombreuses cat\u00e9gories diff\u00e9rentes.\",\"inLanguage\":\"en-US\",\"potentialAction\":[{\"@type\":\"ReadAction\",\"target\":[\"https:\/\/legacy.jigsawpuzzel.nl\/fr\/tous-les-puzzles\/\"]}]},{\"@type\":\"WebSite\",\"@id\":\"https:\/\/legacy.jigsawpuzzel.nl\/fr\/#website\",\"url\":\"https:\/\/legacy.jigsawpuzzel.nl\/fr\/\",\"name\":\"Online Jigsaw Puzzles\",\"description\":\"Puzzles gratuits \u00e0 jouer en ligne\",\"potentialAction\":[{\"@type\":\"SearchAction\",\"target\":{\"@type\":\"EntryPoint\",\"urlTemplate\":\"https:\/\/legacy.jigsawpuzzel.nl\/fr\/?s={search_term_string}\"},\"query-input\":{\"@type\":\"PropertyValueSpecification\",\"valueRequired\":true,\"valueName\":\"search_term_string\"}}],\"inLanguage\":\"en-US\"}]}<\/script>\n<!-- \/ Yoast SEO plugin. -->","yoast_head_json":{"title":"Puzzle quotidien - Puzzles en ligne","description":"Cette page de onlinejigsawpuzzles.net propose des puzzles quotidiens en ligne gratuits. Nous avons g\u00e9n\u00e9r\u00e9 des puzzles de belles photos dans de nombreuses cat\u00e9gories diff\u00e9rentes.","robots":{"index":"index","follow":"follow","max-snippet":"max-snippet:-1","max-image-preview":"max-image-preview:large","max-video-preview":"max-video-preview:-1"},"canonical":"https:\/\/legacy.jigsawpuzzel.nl\/fr\/tous-les-puzzles\/","og_locale":"en_US","og_type":"article","og_title":"Puzzle quotidien - Puzzles en ligne","og_description":"Cette page de onlinejigsawpuzzles.net propose des puzzles quotidiens en ligne gratuits. Nous avons g\u00e9n\u00e9r\u00e9 des puzzles de belles photos dans de nombreuses cat\u00e9gories diff\u00e9rentes.","og_url":"https:\/\/legacy.jigsawpuzzel.nl\/fr\/tous-les-puzzles\/","og_site_name":"Puzzle en ligne","article_publisher":"https:\/\/www.facebook.com\/onlinejigsawpuzzles\/","article_modified_time":"2024-02-18T11:56:59+00:00","twitter_card":"summary_large_image","twitter_misc":{"Est. reading time":"1 minute"},"schema":{"@context":"https:\/\/schema.org","@graph":[{"@type":"WebPage","@id":"https:\/\/legacy.jigsawpuzzel.nl\/fr\/tous-les-puzzles\/","url":"https:\/\/legacy.jigsawpuzzel.nl\/fr\/tous-les-puzzles\/","name":"Puzzle quotidien - Puzzles en ligne","isPartOf":{"@id":"https:\/\/legacy.jigsawpuzzel.nl\/fr\/#website"},"datePublished":"2020-05-13T10:05:40+00:00","dateModified":"2024-02-18T11:56:59+00:00","description":"Cette page de onlinejigsawpuzzles.net propose des puzzles quotidiens en ligne gratuits. Nous avons g\u00e9n\u00e9r\u00e9 des puzzles de belles photos dans de nombreuses cat\u00e9gories diff\u00e9rentes.","inLanguage":"en-US","potentialAction":[{"@type":"ReadAction","target":["https:\/\/legacy.jigsawpuzzel.nl\/fr\/tous-les-puzzles\/"]}]},{"@type":"WebSite","@id":"https:\/\/legacy.jigsawpuzzel.nl\/fr\/#website","url":"https:\/\/legacy.jigsawpuzzel.nl\/fr\/","name":"Online Jigsaw Puzzles","description":"Puzzles gratuits \u00e0 jouer en ligne","potentialAction":[{"@type":"SearchAction","target":{"@type":"EntryPoint","urlTemplate":"https:\/\/legacy.jigsawpuzzel.nl\/fr\/?s={search_term_string}"},"query-input":{"@type":"PropertyValueSpecification","valueRequired":true,"valueName":"search_term_string"}}],"inLanguage":"en-US"}]}},"_links":{"self":[{"href":"https:\/\/legacy.jigsawpuzzel.nl\/fr\/wp-json\/wp\/v2\/pages\/11011","targetHints":{"allow":["GET"]}}],"collection":[{"href":"https:\/\/legacy.jigsawpuzzel.nl\/fr\/wp-json\/wp\/v2\/pages"}],"about":[{"href":"https:\/\/legacy.jigsawpuzzel.nl\/fr\/wp-json\/wp\/v2\/types\/page"}],"author":[{"embeddable":true,"href":"https:\/\/legacy.jigsawpuzzel.nl\/fr\/wp-json\/wp\/v2\/users\/1"}],"replies":[{"embeddable":true,"href":"https:\/\/legacy.jigsawpuzzel.nl\/fr\/wp-json\/wp\/v2\/comments?post=11011"}],"version-history":[{"count":1,"href":"https:\/\/legacy.jigsawpuzzel.nl\/fr\/wp-json\/wp\/v2\/pages\/11011\/revisions"}],"predecessor-version":[{"id":23011,"href":"https:\/\/legacy.jigsawpuzzel.nl\/fr\/wp-json\/wp\/v2\/pages\/11011\/revisions\/23011"}],"wp:attachment":[{"href":"https:\/\/legacy.jigsawpuzzel.nl\/fr\/wp-json\/wp\/v2\/media?parent=11011"}],"curies":[{"name":"wp","href":"https:\/\/api.w.org\/{rel}","templated":true}]}}