{"id":10698,"date":"2020-04-15T14:41:17","date_gmt":"2020-04-15T14:41:17","guid":{"rendered":"https:\/\/onlinejigsawpuzzles.net\/?page_id=10698"},"modified":"2024-02-18T11:57:10","modified_gmt":"2024-02-18T11:57:10","slug":"a-propos","status":"publish","type":"page","link":"https:\/\/legacy.jigsawpuzzel.nl\/fr\/a-propos\/","title":{"rendered":"\u00c0 propos"},"content":{"rendered":"<section class=\"l-section wpb_row height_medium\"><div class=\"l-section-h i-cf\"><div class=\"g-cols vc_row via_flex valign_top type_default stacking_default\"><div class=\"vc_col-sm-6 wpb_column vc_column_container\"><div class=\"vc_column-inner\"><div class=\"wpb_wrapper\"><div class=\"wpb_text_column\"><div class=\"wpb_wrapper\"><h1>\u00c0 propos de nous<\/h1>\n<p>puzzles en ligne.net a \u00e9t\u00e9 d\u00e9velopp\u00e9 par amour pour les puzzles en ligne. Nous essayons de proposer des puzzles de la plus haute qualit\u00e9 possible. Haute qualit\u00e9 gr\u00e2ce \u00e0 un excellent outil de puzzle qui fonctionne bien en plein \u00e9cran. De plus, chaque jour, de nouveaux puzzles amusants et stimulants.<\/p>\n<p>If you have any questions or comments, you can reach them via the <span style=\"color: #3366ff;\">contact<\/span> page.<\/p>\n<p>Merci de votre visite et nous esp\u00e9rons que vous reviendrez souvent pour profiter de nos puzzles en ligne!<\/p>\n<\/div><\/div><\/div><\/div><\/div><div class=\"vc_col-sm-6 wpb_column vc_column_container\"><div class=\"vc_column-inner\"><div class=\"wpb_wrapper\"><div class=\"w-image align_none\"><div class=\"w-image-h\"><img decoding=\"async\" width=\"235\" height=\"171\" src=\"https:\/\/legacy.jigsawpuzzel.nl\/fr\/wp-content\/uploads\/2019\/11\/online-jigsaw-puzzles-logo-1.png\" class=\"attachment-full size-full\" alt=\"online jigsaw puzzles logo\" loading=\"lazy\" \/><\/div><\/div><\/div><\/div><\/div><\/div><\/div><\/section>\n","protected":false},"excerpt":{"rendered":"\u00c0 propos de nous puzzles en ligne.net a \u00e9t\u00e9 d\u00e9velopp\u00e9 par amour pour les puzzles en ligne. Nous essayons de proposer des puzzles de la plus haute qualit\u00e9 possible. Haute qualit\u00e9 gr\u00e2ce \u00e0 un excellent outil de puzzle qui fonctionne bien en plein \u00e9cran. De plus, chaque jour, de nouveaux puzzles amusants et stimulants. If...","protected":false},"author":1,"featured_media":0,"parent":0,"menu_order":0,"comment_status":"closed","ping_status":"closed","template":"","meta":{"_acf_changed":false,"footnotes":""},"class_list":["post-10698","page","type-page","status-publish","hentry"],"acf":[],"yoast_head":"<!-- This site is optimized with the Yoast SEO plugin v26.6 - https:\/\/yoast.com\/wordpress\/plugins\/seo\/ -->\n<title>\u00c0 propos - Puzzle en ligne<\/title>\n<meta name=\"robots\" content=\"index, follow, max-snippet:-1, max-image-preview:large, max-video-preview:-1\" \/>\n<link rel=\"canonical\" href=\"https:\/\/legacy.jigsawpuzzel.nl\/fr\/a-propos\/\" \/>\n<meta property=\"og:locale\" content=\"en_US\" \/>\n<meta property=\"og:type\" content=\"article\" \/>\n<meta property=\"og:title\" content=\"\u00c0 propos - Puzzle en ligne\" \/>\n<meta property=\"og:url\" content=\"https:\/\/legacy.jigsawpuzzel.nl\/fr\/a-propos\/\" \/>\n<meta property=\"og:site_name\" content=\"Puzzle en ligne\" \/>\n<meta property=\"article:publisher\" content=\"https:\/\/www.facebook.com\/onlinejigsawpuzzles\/\" \/>\n<meta property=\"article:modified_time\" content=\"2024-02-18T11:57:10+00:00\" \/>\n<meta name=\"twitter:card\" content=\"summary_large_image\" \/>\n<meta name=\"twitter:label1\" content=\"Est. reading time\" \/>\n\t<meta name=\"twitter:data1\" content=\"1 minute\" \/>\n<script type=\"application\/ld+json\" class=\"yoast-schema-graph\">{\"@context\":\"https:\/\/schema.org\",\"@graph\":[{\"@type\":\"WebPage\",\"@id\":\"https:\/\/legacy.jigsawpuzzel.nl\/fr\/a-propos\/\",\"url\":\"https:\/\/legacy.jigsawpuzzel.nl\/fr\/a-propos\/\",\"name\":\"\u00c0 propos - Puzzle en ligne\",\"isPartOf\":{\"@id\":\"https:\/\/legacy.jigsawpuzzel.nl\/fr\/#website\"},\"datePublished\":\"2020-04-15T14:41:17+00:00\",\"dateModified\":\"2024-02-18T11:57:10+00:00\",\"inLanguage\":\"en-US\",\"potentialAction\":[{\"@type\":\"ReadAction\",\"target\":[\"https:\/\/legacy.jigsawpuzzel.nl\/fr\/a-propos\/\"]}]},{\"@type\":\"WebSite\",\"@id\":\"https:\/\/legacy.jigsawpuzzel.nl\/fr\/#website\",\"url\":\"https:\/\/legacy.jigsawpuzzel.nl\/fr\/\",\"name\":\"Online Jigsaw Puzzles\",\"description\":\"Puzzles gratuits \u00e0 jouer en ligne\",\"potentialAction\":[{\"@type\":\"SearchAction\",\"target\":{\"@type\":\"EntryPoint\",\"urlTemplate\":\"https:\/\/legacy.jigsawpuzzel.nl\/fr\/?s={search_term_string}\"},\"query-input\":{\"@type\":\"PropertyValueSpecification\",\"valueRequired\":true,\"valueName\":\"search_term_string\"}}],\"inLanguage\":\"en-US\"}]}<\/script>\n<!-- \/ Yoast SEO plugin. -->","yoast_head_json":{"title":"\u00c0 propos - Puzzle en ligne","robots":{"index":"index","follow":"follow","max-snippet":"max-snippet:-1","max-image-preview":"max-image-preview:large","max-video-preview":"max-video-preview:-1"},"canonical":"https:\/\/legacy.jigsawpuzzel.nl\/fr\/a-propos\/","og_locale":"en_US","og_type":"article","og_title":"\u00c0 propos - Puzzle en ligne","og_url":"https:\/\/legacy.jigsawpuzzel.nl\/fr\/a-propos\/","og_site_name":"Puzzle en ligne","article_publisher":"https:\/\/www.facebook.com\/onlinejigsawpuzzles\/","article_modified_time":"2024-02-18T11:57:10+00:00","twitter_card":"summary_large_image","twitter_misc":{"Est. reading time":"1 minute"},"schema":{"@context":"https:\/\/schema.org","@graph":[{"@type":"WebPage","@id":"https:\/\/legacy.jigsawpuzzel.nl\/fr\/a-propos\/","url":"https:\/\/legacy.jigsawpuzzel.nl\/fr\/a-propos\/","name":"\u00c0 propos - Puzzle en ligne","isPartOf":{"@id":"https:\/\/legacy.jigsawpuzzel.nl\/fr\/#website"},"datePublished":"2020-04-15T14:41:17+00:00","dateModified":"2024-02-18T11:57:10+00:00","inLanguage":"en-US","potentialAction":[{"@type":"ReadAction","target":["https:\/\/legacy.jigsawpuzzel.nl\/fr\/a-propos\/"]}]},{"@type":"WebSite","@id":"https:\/\/legacy.jigsawpuzzel.nl\/fr\/#website","url":"https:\/\/legacy.jigsawpuzzel.nl\/fr\/","name":"Online Jigsaw Puzzles","description":"Puzzles gratuits \u00e0 jouer en ligne","potentialAction":[{"@type":"SearchAction","target":{"@type":"EntryPoint","urlTemplate":"https:\/\/legacy.jigsawpuzzel.nl\/fr\/?s={search_term_string}"},"query-input":{"@type":"PropertyValueSpecification","valueRequired":true,"valueName":"search_term_string"}}],"inLanguage":"en-US"}]}},"_links":{"self":[{"href":"https:\/\/legacy.jigsawpuzzel.nl\/fr\/wp-json\/wp\/v2\/pages\/10698","targetHints":{"allow":["GET"]}}],"collection":[{"href":"https:\/\/legacy.jigsawpuzzel.nl\/fr\/wp-json\/wp\/v2\/pages"}],"about":[{"href":"https:\/\/legacy.jigsawpuzzel.nl\/fr\/wp-json\/wp\/v2\/types\/page"}],"author":[{"embeddable":true,"href":"https:\/\/legacy.jigsawpuzzel.nl\/fr\/wp-json\/wp\/v2\/users\/1"}],"replies":[{"embeddable":true,"href":"https:\/\/legacy.jigsawpuzzel.nl\/fr\/wp-json\/wp\/v2\/comments?post=10698"}],"version-history":[{"count":1,"href":"https:\/\/legacy.jigsawpuzzel.nl\/fr\/wp-json\/wp\/v2\/pages\/10698\/revisions"}],"predecessor-version":[{"id":23014,"href":"https:\/\/legacy.jigsawpuzzel.nl\/fr\/wp-json\/wp\/v2\/pages\/10698\/revisions\/23014"}],"wp:attachment":[{"href":"https:\/\/legacy.jigsawpuzzel.nl\/fr\/wp-json\/wp\/v2\/media?parent=10698"}],"curies":[{"name":"wp","href":"https:\/\/api.w.org\/{rel}","templated":true}]}}