{"id":15107,"date":"2021-09-24T13:34:45","date_gmt":"2021-09-24T13:34:45","guid":{"rendered":"https:\/\/onlinejigsawpuzzles.net\/?page_id=15107"},"modified":"2024-02-07T12:02:39","modified_gmt":"2024-02-07T12:02:39","slug":"historia","status":"publish","type":"page","link":"https:\/\/legacy.jigsawpuzzel.nl\/es\/historia\/","title":{"rendered":"Historia"},"content":{"rendered":"<section class=\"l-section wpb_row height_medium\"><div class=\"l-section-h i-cf\"><div class=\"g-cols vc_row via_flex valign_top type_default stacking_default\"><div class=\"vc_col-sm-12 wpb_column vc_column_container\"><div class=\"vc_column-inner\"><div class=\"wpb_wrapper\"><div class=\"wpb_text_column us_custom_933613eb\"><div class=\"wpb_wrapper\"><h1>Historia de los rompecabezas<\/h1>\n<p>For those who fancy jigsaw puzzles, did you know that the first one is believed to be produced in 1760 by <span style=\"color: #ff6600;\">John Spilsbury<\/span>, a Londoner engraver and mapmaker. Se utiliz\u00f3 con fines educativos porque a los maestros les result\u00f3 \u00fatil ense\u00f1ar geograf\u00eda a los ni\u00f1os y continu\u00f3 utiliz\u00e1ndose de esa manera hasta 1820. El resultado final fue un mapa de madera cortado en diferentes formas, mostrando partes de pa\u00edses. Al igual que hoy en d\u00eda, los ni\u00f1os ten\u00edan que armar el rompecabezas.<\/p>\n<p><img decoding=\"async\" class=\"alignleft wp-image-15109 size-medium\" src=\"https:\/\/onlinejigsawpuzzles.net\/wp-content\/uploads\/2021\/09\/Spilsbury_jigsaw_-_John_Spilsbury_1766_-_BL-300x281.jpg\" alt=\"Historia de los rompecabezas\" width=\"300\" height=\"281\" srcset=\"https:\/\/legacy.jigsawpuzzel.nl\/es\/wp-content\/uploads\/2021\/09\/Spilsbury_jigsaw_-_John_Spilsbury_1766_-_BL-300x281.jpg 300w, https:\/\/legacy.jigsawpuzzel.nl\/es\/wp-content\/uploads\/2021\/09\/Spilsbury_jigsaw_-_John_Spilsbury_1766_-_BL-1024x958.jpg 1024w, https:\/\/legacy.jigsawpuzzel.nl\/es\/wp-content\/uploads\/2021\/09\/Spilsbury_jigsaw_-_John_Spilsbury_1766_-_BL.jpg 1434w\" sizes=\"(max-width: 300px) 100vw, 300px\" \/><\/p>\n<p>Posteriormente, el rompecabezas sufri\u00f3 algunos cambios en la forma en que se hizo. Se dice que en 1820 las piezas se cortaban con una sierra de pedal, pero en realidad utilizaban una sierra de calar en lugar de una sierra de calar. Otro cambio se produjo a finales de siglo. Decidieron utilizar madera contrachapada para hacerlo m\u00e1s atractivo. Las piezas fueron calcadas con un l\u00e1piz para trazar las l\u00edneas antes de cortar el mapa, y en su frente se utilizaron ilustraciones para crear un dise\u00f1o lindo y cautivador para los compradores. Si te mueve la curiosidad, estos trazos a l\u00e1piz se encuentran incluso hoy en d\u00eda en viejos rompecabezas.<\/p>\n<h2>Los rompecabezas estaban enfocados principalmente al mercado infantil<\/h2>\n<p>El proceso de mejora de los rompecabezas fue largo. A finales del siglo XIX, finalmente se lanzaron al mercado los rompecabezas de cart\u00f3n. Dado que el primero era una buena herramienta para fomentar el estudio de los ni\u00f1os, los puzzles de cart\u00f3n se centraron principalmente en el mercado del entretenimiento infantil. El m\u00e9todo de corte de las piezas tambi\u00e9n cambi\u00f3 a finales del siglo XX. Los rompecabezas de cart\u00f3n estaban troquelados utilizando finas tiras de metal con bordes afilados. El metal retorcido se presion\u00f3 sobre la placa, y posteriormente sobre el cart\u00f3n d\u00e1ndole una forma bonita y precisa. Con el tiempo, los ni\u00f1os (o mejor dicho, los padres), podr\u00e1n elegir entre rompecabezas de madera o de cart\u00f3n.<\/p>\n<p>As\u00ed, a principios del siglo XX los fabricantes siguieron produciendo rompecabezas de madera pensando que los de cart\u00f3n no eran tan exclusivos como los de cart\u00f3n. \u00bfFue realmente la verdadera raz\u00f3n? \u00bfO fue el beneficio que generaron vendiendo rompecabezas de madera? La diferencia no fue peque\u00f1a. S\u00f3lo para que te hagas una idea, el coste de un rompecabezas de madera era de 1 d\u00f3lar.00 pero el de cart\u00f3n cuesta 25\u00a2.<\/p>\n<h2>La edad de oro de los rompecabezas<\/h2>\n<p>El verdadero \u00e9xito de los rompecabezas comenz\u00f3 en los a\u00f1os 1920 y 1930, lo que se considera la Edad de Oro. Los rompecabezas de calidad parec\u00edan escenas importantes, entusiasmo por los sectores innovadores del ferrocarril y el transporte mar\u00edtimo y, por supuesto, nuevas estrategias de marketing. Todo esto fue lanzado y producido por empresas como Chad Valley y Victory en Gran Breta\u00f1a y Einson-Freeman, Viking y muchas m\u00e1s en Estados Unidos.<\/p>\n<h2>M\u00e1s atenci\u00f3n a las edades que a los ni\u00f1os<\/h2>\n<p>\u00bfQu\u00e9 ten\u00edan en mente estas empresas al crear la nueva versi\u00f3n de los rompecabezas? Todos quer\u00edan ampliar el mercado y centrarse en m\u00e1s edades y no en ni\u00f1os. Los adultos se enfocaron en ellos y les dieron el deseo de crear rompecabezas que fueran m\u00e1s dif\u00edciles pero a\u00fan atractivos. Una idea exitosa fue regalar un rompecabezas si los clientes compraban un art\u00edculo. Por ejemplo, Einson-Freeman de Long Island City en Nueva York comenz\u00f3 a aplicar esta estrategia en 1931, entregando un rompecabezas por cada compra de cepillos de dientes. Los a\u00f1os de la Gran Depresi\u00f3n en septiembre de 1931 dieron espacio a una nueva estrategia: el rompecabezas semanal. Esto se implement\u00f3 por primera vez en los Estados Unidos, imprimiendo 12000 rompecabezas. El n\u00famero sigui\u00f3 creciendo y lleg\u00f3 a 200000.<\/p>\n<p>Esta era una nueva forma de entretener a la gente ya que esos a\u00f1os eran dif\u00edciles de vivir y las actividades de alguna manera no eran tan divertidas como jugar un rompecabezas. Se consider\u00f3 una herramienta atractiva para individuos o incluso grupos de personas o amigos. Lo que es m\u00e1s interesante es el hecho de que esos rompecabezas fueron utilizados por m\u00e1s de una familia. Se compartieron con otros familiares justo despu\u00e9s de que uno de ellos termin\u00f3 y resolvi\u00f3 el rompecabezas. En otras palabras, era un trato econ\u00f3mico y una buena herramienta para combatir el estr\u00e9s y la ansiedad. No s\u00f3lo los ni\u00f1os, sino tambi\u00e9n los adultos parec\u00edan disfrutar tanto de los rompecabezas que continuaron compr\u00e1ndolos. Diferentes formas e im\u00e1genes los hac\u00edan cada vez m\u00e1s curiosos.<\/p>\n<h2>Rompecabezas, entretenimiento atemporal!<\/h2>\n<p>Los rompecabezas han resistido el tiempo, no se oxidaron ni se olvidaron con el tiempo; en cambio, las personas, como los adultos o los padres, contin\u00faan comprando estos pasatiempos con fines de entretenimiento. Algunos profesores, especialmente en el jard\u00edn de infantes o la escuela primaria, utilizan rompecabezas como una lecci\u00f3n divertida y diversa para que los ni\u00f1os aprendan de una manera m\u00e1s eficiente. Armar rompecabezas es m\u00e1s saludable que jugar videojuegos. Nuestro cerebro reacciona de forma que estimula nuestra concentraci\u00f3n y concentraci\u00f3n, la memoria mejora y nuestra imaginaci\u00f3n juega m\u00e1s con las im\u00e1genes del rompecabezas. Los videojuegos son divertidos pero, seg\u00fan estudios, son m\u00e1s adictivos que los rompecabezas. El entretenimiento digital tiene efectos secundarios, como el cansancio ocular debido a los rayos azules, pero eso no ocurre con los rompecabezas. Haz una buena elecci\u00f3n y divi\u00e9rtete al mismo tiempo.<\/p>\n<\/div><\/div><\/div><\/div><\/div><\/div><\/div><\/section>\n","protected":false},"excerpt":{"rendered":"Historia de los rompecabezas For those who fancy jigsaw puzzles, did you know that the first one is believed to be produced in 1760 by John Spilsbury, a Londoner engraver and mapmaker. Se utiliz\u00f3 con fines educativos porque a los maestros les result\u00f3 \u00fatil ense\u00f1ar geograf\u00eda a los ni\u00f1os y continu\u00f3 utiliz\u00e1ndose de esa manera...","protected":false},"author":1,"featured_media":0,"parent":0,"menu_order":0,"comment_status":"closed","ping_status":"closed","template":"","meta":{"_acf_changed":false,"footnotes":""},"class_list":["post-15107","page","type-page","status-publish","hentry"],"acf":[],"yoast_head":"<!-- This site is optimized with the Yoast SEO plugin v26.6 - https:\/\/yoast.com\/wordpress\/plugins\/seo\/ -->\n<title>Historia de los rompecabezas - Rompecabezas<\/title>\n<meta name=\"description\" content=\"Se cree que el primer rompecabezas fue fabricado en 1760 por John Spilsbury, un grabador y cart\u00f3grafo londinense. Lea la historia completa aqu\u00ed.\" \/>\n<meta name=\"robots\" content=\"index, follow, max-snippet:-1, max-image-preview:large, max-video-preview:-1\" \/>\n<link rel=\"canonical\" href=\"https:\/\/legacy.jigsawpuzzel.nl\/es\/historia\/\" \/>\n<meta property=\"og:locale\" content=\"nl_NL\" \/>\n<meta property=\"og:type\" content=\"article\" \/>\n<meta property=\"og:title\" content=\"Historia de los rompecabezas - Rompecabezas\" \/>\n<meta property=\"og:description\" content=\"Se cree que el primer rompecabezas fue fabricado en 1760 por John Spilsbury, un grabador y cart\u00f3grafo londinense. Lea la historia completa aqu\u00ed.\" \/>\n<meta property=\"og:url\" content=\"https:\/\/legacy.jigsawpuzzel.nl\/es\/historia\/\" \/>\n<meta property=\"og:site_name\" content=\"Rompecabezas\" \/>\n<meta property=\"article:modified_time\" content=\"2024-02-07T12:02:39+00:00\" \/>\n<meta property=\"og:image\" content=\"https:\/\/onlinejigsawpuzzles.net\/wp-content\/uploads\/2021\/09\/Spilsbury_jigsaw_-_John_Spilsbury_1766_-_BL-300x281.jpg\" \/>\n<meta name=\"twitter:card\" content=\"summary_large_image\" \/>\n<meta name=\"twitter:label1\" content=\"Geschatte leestijd\" \/>\n\t<meta name=\"twitter:data1\" content=\"4 minuten\" \/>\n<script type=\"application\/ld+json\" class=\"yoast-schema-graph\">{\"@context\":\"https:\/\/schema.org\",\"@graph\":[{\"@type\":\"WebPage\",\"@id\":\"https:\/\/legacy.jigsawpuzzel.nl\/es\/historia\/\",\"url\":\"https:\/\/legacy.jigsawpuzzel.nl\/es\/historia\/\",\"name\":\"Historia de los rompecabezas - Rompecabezas\",\"isPartOf\":{\"@id\":\"https:\/\/legacy.jigsawpuzzel.nl\/es\/#website\"},\"primaryImageOfPage\":{\"@id\":\"https:\/\/legacy.jigsawpuzzel.nl\/es\/historia\/#primaryimage\"},\"image\":{\"@id\":\"https:\/\/legacy.jigsawpuzzel.nl\/es\/historia\/#primaryimage\"},\"thumbnailUrl\":\"https:\/\/onlinejigsawpuzzles.net\/wp-content\/uploads\/2021\/09\/Spilsbury_jigsaw_-_John_Spilsbury_1766_-_BL-300x281.jpg\",\"datePublished\":\"2021-09-24T13:34:45+00:00\",\"dateModified\":\"2024-02-07T12:02:39+00:00\",\"description\":\"Se cree que el primer rompecabezas fue fabricado en 1760 por John Spilsbury, un grabador y cart\u00f3grafo londinense. Lea la historia completa aqu\u00ed.\",\"inLanguage\":\"nl-NL\",\"potentialAction\":[{\"@type\":\"ReadAction\",\"target\":[\"https:\/\/legacy.jigsawpuzzel.nl\/es\/historia\/\"]}]},{\"@type\":\"ImageObject\",\"inLanguage\":\"nl-NL\",\"@id\":\"https:\/\/legacy.jigsawpuzzel.nl\/es\/historia\/#primaryimage\",\"url\":\"https:\/\/onlinejigsawpuzzles.net\/wp-content\/uploads\/2021\/09\/Spilsbury_jigsaw_-_John_Spilsbury_1766_-_BL-300x281.jpg\",\"contentUrl\":\"https:\/\/onlinejigsawpuzzles.net\/wp-content\/uploads\/2021\/09\/Spilsbury_jigsaw_-_John_Spilsbury_1766_-_BL-300x281.jpg\"},{\"@type\":\"WebSite\",\"@id\":\"https:\/\/legacy.jigsawpuzzel.nl\/es\/#website\",\"url\":\"https:\/\/legacy.jigsawpuzzel.nl\/es\/\",\"name\":\"Rompecabezas\",\"description\":\"Puzzles Online Gratis\",\"potentialAction\":[{\"@type\":\"SearchAction\",\"target\":{\"@type\":\"EntryPoint\",\"urlTemplate\":\"https:\/\/legacy.jigsawpuzzel.nl\/es\/?s={search_term_string}\"},\"query-input\":{\"@type\":\"PropertyValueSpecification\",\"valueRequired\":true,\"valueName\":\"search_term_string\"}}],\"inLanguage\":\"nl-NL\"}]}<\/script>\n<!-- \/ Yoast SEO plugin. -->","yoast_head_json":{"title":"Historia de los rompecabezas - Rompecabezas","description":"Se cree que el primer rompecabezas fue fabricado en 1760 por John Spilsbury, un grabador y cart\u00f3grafo londinense. Lea la historia completa aqu\u00ed.","robots":{"index":"index","follow":"follow","max-snippet":"max-snippet:-1","max-image-preview":"max-image-preview:large","max-video-preview":"max-video-preview:-1"},"canonical":"https:\/\/legacy.jigsawpuzzel.nl\/es\/historia\/","og_locale":"nl_NL","og_type":"article","og_title":"Historia de los rompecabezas - Rompecabezas","og_description":"Se cree que el primer rompecabezas fue fabricado en 1760 por John Spilsbury, un grabador y cart\u00f3grafo londinense. Lea la historia completa aqu\u00ed.","og_url":"https:\/\/legacy.jigsawpuzzel.nl\/es\/historia\/","og_site_name":"Rompecabezas","article_modified_time":"2024-02-07T12:02:39+00:00","og_image":[{"url":"https:\/\/onlinejigsawpuzzles.net\/wp-content\/uploads\/2021\/09\/Spilsbury_jigsaw_-_John_Spilsbury_1766_-_BL-300x281.jpg","type":"","width":"","height":""}],"twitter_card":"summary_large_image","twitter_misc":{"Geschatte leestijd":"4 minuten"},"schema":{"@context":"https:\/\/schema.org","@graph":[{"@type":"WebPage","@id":"https:\/\/legacy.jigsawpuzzel.nl\/es\/historia\/","url":"https:\/\/legacy.jigsawpuzzel.nl\/es\/historia\/","name":"Historia de los rompecabezas - Rompecabezas","isPartOf":{"@id":"https:\/\/legacy.jigsawpuzzel.nl\/es\/#website"},"primaryImageOfPage":{"@id":"https:\/\/legacy.jigsawpuzzel.nl\/es\/historia\/#primaryimage"},"image":{"@id":"https:\/\/legacy.jigsawpuzzel.nl\/es\/historia\/#primaryimage"},"thumbnailUrl":"https:\/\/onlinejigsawpuzzles.net\/wp-content\/uploads\/2021\/09\/Spilsbury_jigsaw_-_John_Spilsbury_1766_-_BL-300x281.jpg","datePublished":"2021-09-24T13:34:45+00:00","dateModified":"2024-02-07T12:02:39+00:00","description":"Se cree que el primer rompecabezas fue fabricado en 1760 por John Spilsbury, un grabador y cart\u00f3grafo londinense. Lea la historia completa aqu\u00ed.","inLanguage":"nl-NL","potentialAction":[{"@type":"ReadAction","target":["https:\/\/legacy.jigsawpuzzel.nl\/es\/historia\/"]}]},{"@type":"ImageObject","inLanguage":"nl-NL","@id":"https:\/\/legacy.jigsawpuzzel.nl\/es\/historia\/#primaryimage","url":"https:\/\/onlinejigsawpuzzles.net\/wp-content\/uploads\/2021\/09\/Spilsbury_jigsaw_-_John_Spilsbury_1766_-_BL-300x281.jpg","contentUrl":"https:\/\/onlinejigsawpuzzles.net\/wp-content\/uploads\/2021\/09\/Spilsbury_jigsaw_-_John_Spilsbury_1766_-_BL-300x281.jpg"},{"@type":"WebSite","@id":"https:\/\/legacy.jigsawpuzzel.nl\/es\/#website","url":"https:\/\/legacy.jigsawpuzzel.nl\/es\/","name":"Rompecabezas","description":"Puzzles Online Gratis","potentialAction":[{"@type":"SearchAction","target":{"@type":"EntryPoint","urlTemplate":"https:\/\/legacy.jigsawpuzzel.nl\/es\/?s={search_term_string}"},"query-input":{"@type":"PropertyValueSpecification","valueRequired":true,"valueName":"search_term_string"}}],"inLanguage":"nl-NL"}]}},"_links":{"self":[{"href":"https:\/\/legacy.jigsawpuzzel.nl\/es\/wp-json\/wp\/v2\/pages\/15107","targetHints":{"allow":["GET"]}}],"collection":[{"href":"https:\/\/legacy.jigsawpuzzel.nl\/es\/wp-json\/wp\/v2\/pages"}],"about":[{"href":"https:\/\/legacy.jigsawpuzzel.nl\/es\/wp-json\/wp\/v2\/types\/page"}],"author":[{"embeddable":true,"href":"https:\/\/legacy.jigsawpuzzel.nl\/es\/wp-json\/wp\/v2\/users\/1"}],"replies":[{"embeddable":true,"href":"https:\/\/legacy.jigsawpuzzel.nl\/es\/wp-json\/wp\/v2\/comments?post=15107"}],"version-history":[{"count":1,"href":"https:\/\/legacy.jigsawpuzzel.nl\/es\/wp-json\/wp\/v2\/pages\/15107\/revisions"}],"predecessor-version":[{"id":22913,"href":"https:\/\/legacy.jigsawpuzzel.nl\/es\/wp-json\/wp\/v2\/pages\/15107\/revisions\/22913"}],"wp:attachment":[{"href":"https:\/\/legacy.jigsawpuzzel.nl\/es\/wp-json\/wp\/v2\/media?parent=15107"}],"curies":[{"name":"wp","href":"https:\/\/api.w.org\/{rel}","templated":true}]}}