{"id":11744,"date":"2020-06-24T18:57:46","date_gmt":"2020-06-24T18:57:46","guid":{"rendered":"https:\/\/onlinejigsawpuzzles.net\/?page_id=11744"},"modified":"2024-02-07T12:02:34","modified_gmt":"2024-02-07T12:02:34","slug":"juegos","status":"publish","type":"page","link":"https:\/\/legacy.jigsawpuzzel.nl\/es\/juegos\/","title":{"rendered":"Juegos"},"content":{"rendered":"<section class=\"l-section wpb_row height_medium\"><div class=\"l-section-h i-cf\"><div class=\"g-cols vc_row via_flex valign_top type_default stacking_default\"><div class=\"vc_col-sm-12 wpb_column vc_column_container\"><div class=\"vc_column-inner\"><div class=\"wpb_wrapper\">[vc_custom_heading text=&#8221;Juega m\u00e1s juegos de rompecabezas en l\u00ednea gratis&#8221; font_container=&#8221;tag:h1|text_align:left&#8221; use_theme_fonts=&#8221;yes&#8221; css=&#8221;%7B%22default%22%3A%7B%22font-size%22%3A%2230px%22%7D%7D&#8221;]<div class=\"w-separator size_small\"><\/div><div class=\"g-cols wpb_row via_flex valign_top type_default stacking_default\"><div class=\"vc_col-sm-6 wpb_column vc_column_container\"><div class=\"vc_column-inner\"><div class=\"wpb_wrapper\"><div class=\"w-image align_none\"><div class=\"w-image-h\"><img decoding=\"async\" width=\"600\" height=\"400\" src=\"https:\/\/legacy.jigsawpuzzel.nl\/es\/wp-content\/uploads\/2020\/06\/Mahjong-Solitaire.jpg\" class=\"attachment-large size-large\" alt=\"Mahjong Solitaire\" loading=\"lazy\" srcset=\"https:\/\/legacy.jigsawpuzzel.nl\/es\/wp-content\/uploads\/2020\/06\/Mahjong-Solitaire.jpg 600w, https:\/\/legacy.jigsawpuzzel.nl\/es\/wp-content\/uploads\/2020\/06\/Mahjong-Solitaire-300x200.jpg 300w\" sizes=\"auto, (max-width: 600px) 100vw, 600px\" \/><\/div><\/div><div class=\"wpb_text_column us_custom_0f8f44b7\"><div class=\"wpb_wrapper\"><h2>Solitario Mahjong<\/h2>\n<p>Juega a este cl\u00e1sico juego de Mahjong en l\u00ednea, combina pares abiertos de fichas id\u00e9nticas y ret\u00edralas del tablero. Y divertirse!<\/p>\n<\/div><\/div><div class=\"w-btn-wrapper align_none\"><a class=\"w-btn us-btn-style_1 us_custom_0f8f44b7\" title=\"Mahjong Solitaire\" target=\" _blank\" rel=\"nofollow\" href=\"https:\/\/onlinejigsawpuzzles.net\/mahjong-solitaire\/\"><span class=\"w-btn-label\">jugar mahjong<\/span><\/a><\/div><\/div><\/div><\/div><div class=\"vc_col-sm-6 wpb_column vc_column_container\"><div class=\"vc_column-inner\"><div class=\"wpb_wrapper\"><div class=\"w-image align_none\"><div class=\"w-image-h\"><img decoding=\"async\" width=\"600\" height=\"400\" src=\"https:\/\/legacy.jigsawpuzzel.nl\/es\/wp-content\/uploads\/2020\/06\/sudoku.jpg\" class=\"attachment-large size-large\" alt=\"sudoku\" loading=\"lazy\" srcset=\"https:\/\/legacy.jigsawpuzzel.nl\/es\/wp-content\/uploads\/2020\/06\/sudoku.jpg 600w, https:\/\/legacy.jigsawpuzzel.nl\/es\/wp-content\/uploads\/2020\/06\/sudoku-300x200.jpg 300w\" sizes=\"auto, (max-width: 600px) 100vw, 600px\" \/><\/div><\/div><div class=\"wpb_text_column us_custom_0f8f44b7\"><div class=\"wpb_wrapper\"><h2>Sudokus<\/h2>\n<p>Juega Sudokus gratis desde niveles F\u00e1cil a Experto. Selecciona un nivel de dificultad y disfruta del juego!<\/p>\n<\/div><\/div><div class=\"w-btn-wrapper align_none\"><a class=\"w-btn us-btn-style_1 us_custom_0f8f44b7\" title=\"Sudokus\" target=\" _blank\" rel=\"nofollow\" href=\"https:\/\/onlinejigsawpuzzles.net\/sudoku\/\"><span class=\"w-btn-label\">jugar sudokus<\/span><\/a><\/div><\/div><\/div><\/div><\/div><\/div><\/div><\/div><\/div><\/div><\/section>\n","protected":false},"excerpt":{"rendered":"[vc_custom_heading text=\"Juega m\u00e1s juegos de rompecabezas en l\u00ednea gratis\" font_container=\"tag:h1|text_align:left\" use_theme_fonts=\"yes\" css=\"%7B%22default%22%3A%7B%22font-size%22%3A%2230px%22%7D%7D\"] Solitario Mahjong Juega a este cl\u00e1sico juego de Mahjong en l\u00ednea, combina pares abiertos de fichas id\u00e9nticas y ret\u00edralas del tablero. Y divertirse! jugar mahjong Sudokus Juega Sudokus gratis desde niveles F\u00e1cil a Experto. Selecciona un nivel de dificultad y disfruta del juego!...","protected":false},"author":1,"featured_media":0,"parent":0,"menu_order":0,"comment_status":"closed","ping_status":"closed","template":"","meta":{"_acf_changed":false,"footnotes":""},"class_list":["post-11744","page","type-page","status-publish","hentry"],"acf":[],"yoast_head":"<!-- This site is optimized with the Yoast SEO plugin v26.6 - https:\/\/yoast.com\/wordpress\/plugins\/seo\/ -->\n<title>Juegos - Rompecabezas<\/title>\n<meta name=\"robots\" content=\"index, follow, max-snippet:-1, max-image-preview:large, max-video-preview:-1\" \/>\n<link rel=\"canonical\" href=\"https:\/\/legacy.jigsawpuzzel.nl\/es\/juegos\/\" \/>\n<meta property=\"og:locale\" content=\"nl_NL\" \/>\n<meta property=\"og:type\" content=\"article\" \/>\n<meta property=\"og:title\" content=\"Juegos - Rompecabezas\" \/>\n<meta property=\"og:url\" content=\"https:\/\/legacy.jigsawpuzzel.nl\/es\/juegos\/\" \/>\n<meta property=\"og:site_name\" content=\"Rompecabezas\" \/>\n<meta property=\"article:modified_time\" content=\"2024-02-07T12:02:34+00:00\" \/>\n<meta name=\"twitter:card\" content=\"summary_large_image\" \/>\n<meta name=\"twitter:label1\" content=\"Geschatte leestijd\" \/>\n\t<meta name=\"twitter:data1\" content=\"1 minuut\" \/>\n<script type=\"application\/ld+json\" class=\"yoast-schema-graph\">{\"@context\":\"https:\/\/schema.org\",\"@graph\":[{\"@type\":\"WebPage\",\"@id\":\"https:\/\/legacy.jigsawpuzzel.nl\/es\/juegos\/\",\"url\":\"https:\/\/legacy.jigsawpuzzel.nl\/es\/juegos\/\",\"name\":\"Juegos - Rompecabezas\",\"isPartOf\":{\"@id\":\"https:\/\/legacy.jigsawpuzzel.nl\/es\/#website\"},\"datePublished\":\"2020-06-24T18:57:46+00:00\",\"dateModified\":\"2024-02-07T12:02:34+00:00\",\"inLanguage\":\"nl-NL\",\"potentialAction\":[{\"@type\":\"ReadAction\",\"target\":[\"https:\/\/legacy.jigsawpuzzel.nl\/es\/juegos\/\"]}]},{\"@type\":\"WebSite\",\"@id\":\"https:\/\/legacy.jigsawpuzzel.nl\/es\/#website\",\"url\":\"https:\/\/legacy.jigsawpuzzel.nl\/es\/\",\"name\":\"Rompecabezas\",\"description\":\"Puzzles Online Gratis\",\"potentialAction\":[{\"@type\":\"SearchAction\",\"target\":{\"@type\":\"EntryPoint\",\"urlTemplate\":\"https:\/\/legacy.jigsawpuzzel.nl\/es\/?s={search_term_string}\"},\"query-input\":{\"@type\":\"PropertyValueSpecification\",\"valueRequired\":true,\"valueName\":\"search_term_string\"}}],\"inLanguage\":\"nl-NL\"}]}<\/script>\n<!-- \/ Yoast SEO plugin. -->","yoast_head_json":{"title":"Juegos - Rompecabezas","robots":{"index":"index","follow":"follow","max-snippet":"max-snippet:-1","max-image-preview":"max-image-preview:large","max-video-preview":"max-video-preview:-1"},"canonical":"https:\/\/legacy.jigsawpuzzel.nl\/es\/juegos\/","og_locale":"nl_NL","og_type":"article","og_title":"Juegos - Rompecabezas","og_url":"https:\/\/legacy.jigsawpuzzel.nl\/es\/juegos\/","og_site_name":"Rompecabezas","article_modified_time":"2024-02-07T12:02:34+00:00","twitter_card":"summary_large_image","twitter_misc":{"Geschatte leestijd":"1 minuut"},"schema":{"@context":"https:\/\/schema.org","@graph":[{"@type":"WebPage","@id":"https:\/\/legacy.jigsawpuzzel.nl\/es\/juegos\/","url":"https:\/\/legacy.jigsawpuzzel.nl\/es\/juegos\/","name":"Juegos - Rompecabezas","isPartOf":{"@id":"https:\/\/legacy.jigsawpuzzel.nl\/es\/#website"},"datePublished":"2020-06-24T18:57:46+00:00","dateModified":"2024-02-07T12:02:34+00:00","inLanguage":"nl-NL","potentialAction":[{"@type":"ReadAction","target":["https:\/\/legacy.jigsawpuzzel.nl\/es\/juegos\/"]}]},{"@type":"WebSite","@id":"https:\/\/legacy.jigsawpuzzel.nl\/es\/#website","url":"https:\/\/legacy.jigsawpuzzel.nl\/es\/","name":"Rompecabezas","description":"Puzzles Online Gratis","potentialAction":[{"@type":"SearchAction","target":{"@type":"EntryPoint","urlTemplate":"https:\/\/legacy.jigsawpuzzel.nl\/es\/?s={search_term_string}"},"query-input":{"@type":"PropertyValueSpecification","valueRequired":true,"valueName":"search_term_string"}}],"inLanguage":"nl-NL"}]}},"_links":{"self":[{"href":"https:\/\/legacy.jigsawpuzzel.nl\/es\/wp-json\/wp\/v2\/pages\/11744","targetHints":{"allow":["GET"]}}],"collection":[{"href":"https:\/\/legacy.jigsawpuzzel.nl\/es\/wp-json\/wp\/v2\/pages"}],"about":[{"href":"https:\/\/legacy.jigsawpuzzel.nl\/es\/wp-json\/wp\/v2\/types\/page"}],"author":[{"embeddable":true,"href":"https:\/\/legacy.jigsawpuzzel.nl\/es\/wp-json\/wp\/v2\/users\/1"}],"replies":[{"embeddable":true,"href":"https:\/\/legacy.jigsawpuzzel.nl\/es\/wp-json\/wp\/v2\/comments?post=11744"}],"version-history":[{"count":1,"href":"https:\/\/legacy.jigsawpuzzel.nl\/es\/wp-json\/wp\/v2\/pages\/11744\/revisions"}],"predecessor-version":[{"id":22912,"href":"https:\/\/legacy.jigsawpuzzel.nl\/es\/wp-json\/wp\/v2\/pages\/11744\/revisions\/22912"}],"wp:attachment":[{"href":"https:\/\/legacy.jigsawpuzzel.nl\/es\/wp-json\/wp\/v2\/media?parent=11744"}],"curies":[{"name":"wp","href":"https:\/\/api.w.org\/{rel}","templated":true}]}}