{"id":11127,"date":"2020-05-26T13:38:21","date_gmt":"2020-05-26T13:38:21","guid":{"rendered":"https:\/\/onlinejigsawpuzzles.net\/?page_id=11127"},"modified":"2024-02-07T12:02:29","modified_gmt":"2024-02-07T12:02:29","slug":"rompecabezas-en-linea-gratuito","status":"publish","type":"page","link":"https:\/\/legacy.jigsawpuzzel.nl\/es\/rompecabezas-en-linea-gratuito\/","title":{"rendered":"Rompecabezas gratis en l\u00ednea"},"content":{"rendered":"<section class=\"l-section wpb_row height_medium\"><div class=\"l-section-h i-cf\"><div class=\"g-cols vc_row via_flex valign_top type_default stacking_default\"><div class=\"vc_col-sm-12 wpb_column vc_column_container\"><div class=\"vc_column-inner\"><div class=\"wpb_wrapper\"><div class=\"wpb_text_column\"><div class=\"wpb_wrapper\"><h1>Rompecabezas gratuito en l\u00ednea<\/h1>\n<p>Esta p\u00e1gina de onlinejigsawpuzzles.net ofrece rompecabezas en l\u00ednea gratis. Generamos los rompecabezas de hermosas fotos en muchas categor\u00edas diferentes. Puedes elegir los rompecabezas de la galer\u00eda de 48 piezas pero tambi\u00e9n puedes elegir un nivel de dificultad con m\u00e1s o menos piezas. Rompecabezas online gratis en esta web con rompecabezas gratis online.<\/p>\n<\/div><\/div><div class=\"w-separator size_small\"><\/div><div class=\"g-cols wpb_row via_flex valign_top type_default stacking_default\"><div class=\"vc_col-sm-12 wpb_column vc_column_container pp\"><div class=\"vc_column-inner\"><div class=\"wpb_wrapper\"><div class=\"w-grid type_grid layout_8862 cols_3\" id=\"us_grid_1\" style=\"--gap:1.5rem;\" data-filterable=\"true\"><style>@media (max-width:1449px){#us_grid_1 .w-grid-item{width:50%}}@media (max-width:1199px){#us_grid_1 .w-grid-list{margin:0}#us_grid_1 .w-grid-item{width:100%;padding:0;margin-bottom:var(--gap,0px)}}@media (max-width:600px){#us_grid_1 .w-grid-list{margin:0}#us_grid_1 .w-grid-item{width:100%;padding:0;margin-bottom:var(--gap,0px)}}.layout_8862 .w-grid-item-h{}.layout_8862 .usg_post_image_1{text-transform:none!important;height:200px!important;max-height:200px!important;min-height:200px!important}.layout_8862 .usg_post_title_1{font-size:1rem!important;font-family:var(--font-family)!important;font-weight:500!important;text-transform:none!important;margin-left:6px!important;margin-top:6px!important}.layout_8862 .usg_post_date_1{font-size:14px!important;margin-left:6px!important;margin-top:4px!important}<\/style><div class=\"w-grid-list\">\t<article class=\"w-grid-item size_1x1 post-28905 puzzles type-puzzles status-publish has-post-thumbnail hentry puzzle_type-alimento\" data-id=\"28905\">\r\n\t\t<div class=\"w-grid-item-h\">\r\n\t\t\t\t\t\t\t<a href=\"https:\/\/legacy.jigsawpuzzel.nl\/es\/puzzles\/desayuno-variado-con-ensalada-fresca\/\" class=\"w-grid-item-anchor\" aria-label=\"Desayuno variado con ensalada fresca\"><\/a>\r\n\t\t\t\t\t\t<div class=\"w-post-elm post_image usg_post_image_1 has_height\"><a href=\"https:\/\/legacy.jigsawpuzzel.nl\/es\/puzzles\/desayuno-variado-con-ensalada-fresca\/\" aria-label=\"Desayuno variado con ensalada fresca\"><img decoding=\"async\" width=\"520\" height=\"329\" src=\"https:\/\/legacy.jigsawpuzzel.nl\/es\/wp-content\/uploads\/2026\/01\/Assorted-breakfast-with-fresh-salad_puzzle.jpg\" class=\"attachment-full size-full wp-post-image\" alt=\"\" srcset=\"https:\/\/legacy.jigsawpuzzel.nl\/es\/wp-content\/uploads\/2026\/01\/Assorted-breakfast-with-fresh-salad_puzzle.jpg 520w, https:\/\/legacy.jigsawpuzzel.nl\/es\/wp-content\/uploads\/2026\/01\/Assorted-breakfast-with-fresh-salad_puzzle-300x190.jpg 300w\" sizes=\"(max-width: 520px) 100vw, 520px\" \/><\/a><\/div><p class=\"w-post-elm post_title usg_post_title_1 entry-title color_link_inherit\"><a href=\"https:\/\/legacy.jigsawpuzzel.nl\/es\/puzzles\/desayuno-variado-con-ensalada-fresca\/\">Desayuno variado con ensalada fresca<\/a><\/p><time class=\"w-post-elm post_date usg_post_date_1 entry-date published\" datetime=\"2026-01-29T00:04:27+00:00\">januari 29, 2026<\/time>\t\t<\/div>\r\n\t\t\t<\/article>\r\n\t<article class=\"w-grid-item size_1x1 post-28903 puzzles type-puzzles status-publish has-post-thumbnail hentry puzzle_type-naturaleza\" data-id=\"28903\">\r\n\t\t<div class=\"w-grid-item-h\">\r\n\t\t\t\t\t\t\t<a href=\"https:\/\/legacy.jigsawpuzzel.nl\/es\/puzzles\/piscinas-naturales-de-color-turquesa\/\" class=\"w-grid-item-anchor\" aria-label=\"Piscinas naturales de color turquesa\"><\/a>\r\n\t\t\t\t\t\t<div class=\"w-post-elm post_image usg_post_image_1 has_height\"><a href=\"https:\/\/legacy.jigsawpuzzel.nl\/es\/puzzles\/piscinas-naturales-de-color-turquesa\/\" aria-label=\"Piscinas naturales de color turquesa\"><img decoding=\"async\" width=\"520\" height=\"329\" src=\"https:\/\/legacy.jigsawpuzzel.nl\/es\/wp-content\/uploads\/2026\/01\/Turquoise-colored-natural-pools_puzzle-1-2.jpg\" class=\"attachment-full size-full wp-post-image\" alt=\"Turquoise colored natural pools\" srcset=\"https:\/\/legacy.jigsawpuzzel.nl\/es\/wp-content\/uploads\/2026\/01\/Turquoise-colored-natural-pools_puzzle-1-2.jpg 520w, https:\/\/legacy.jigsawpuzzel.nl\/es\/wp-content\/uploads\/2026\/01\/Turquoise-colored-natural-pools_puzzle-1-2-300x190.jpg 300w\" sizes=\"(max-width: 520px) 100vw, 520px\" \/><\/a><\/div><p class=\"w-post-elm post_title usg_post_title_1 entry-title color_link_inherit\"><a href=\"https:\/\/legacy.jigsawpuzzel.nl\/es\/puzzles\/piscinas-naturales-de-color-turquesa\/\">Piscinas naturales de color turquesa<\/a><\/p><time class=\"w-post-elm post_date usg_post_date_1 entry-date published\" datetime=\"2026-01-29T00:03:08+00:00\">januari 29, 2026<\/time>\t\t<\/div>\r\n\t\t\t<\/article>\r\n\t<article class=\"w-grid-item size_1x1 post-28902 puzzles type-puzzles status-publish has-post-thumbnail hentry puzzle_type-animales\" data-id=\"28902\">\r\n\t\t<div class=\"w-grid-item-h\">\r\n\t\t\t\t\t\t\t<a href=\"https:\/\/legacy.jigsawpuzzel.nl\/es\/puzzles\/koala-durmiendo-en-un-arbol\/\" class=\"w-grid-item-anchor\" aria-label=\"Koala durmiendo en un \u00e1rbol\"><\/a>\r\n\t\t\t\t\t\t<div class=\"w-post-elm post_image usg_post_image_1 has_height\"><a href=\"https:\/\/legacy.jigsawpuzzel.nl\/es\/puzzles\/koala-durmiendo-en-un-arbol\/\" aria-label=\"Koala durmiendo en un \u00e1rbol\"><img decoding=\"async\" width=\"520\" height=\"329\" src=\"https:\/\/legacy.jigsawpuzzel.nl\/es\/wp-content\/uploads\/2026\/01\/Sleeping-koala-in-a-tree-_puzzle.jpg\" class=\"attachment-full size-full wp-post-image\" alt=\"\" srcset=\"https:\/\/legacy.jigsawpuzzel.nl\/es\/wp-content\/uploads\/2026\/01\/Sleeping-koala-in-a-tree-_puzzle.jpg 520w, https:\/\/legacy.jigsawpuzzel.nl\/es\/wp-content\/uploads\/2026\/01\/Sleeping-koala-in-a-tree-_puzzle-300x190.jpg 300w\" sizes=\"(max-width: 520px) 100vw, 520px\" \/><\/a><\/div><p class=\"w-post-elm post_title usg_post_title_1 entry-title color_link_inherit\"><a href=\"https:\/\/legacy.jigsawpuzzel.nl\/es\/puzzles\/koala-durmiendo-en-un-arbol\/\">Koala durmiendo en un \u00e1rbol<\/a><\/p><time class=\"w-post-elm post_date usg_post_date_1 entry-date published\" datetime=\"2026-01-29T00:02:08+00:00\">januari 29, 2026<\/time>\t\t<\/div>\r\n\t\t\t<\/article>\r\n\t<article class=\"w-grid-item size_1x1 post-28901 puzzles type-puzzles status-publish has-post-thumbnail hentry puzzle_type-invierno puzzle_type-paises-bajos\" data-id=\"28901\">\r\n\t\t<div class=\"w-grid-item-h\">\r\n\t\t\t\t\t\t\t<a href=\"https:\/\/legacy.jigsawpuzzel.nl\/es\/puzzles\/invierno-en-algun-lugar-delft-paises-bajos-bosque\/\" class=\"w-grid-item-anchor\" aria-label=\"Invierno en alg\u00fan lugar de Delft, Pa\u00edses Bajos, madera\"><\/a>\r\n\t\t\t\t\t\t<div class=\"w-post-elm post_image usg_post_image_1 has_height\"><a href=\"https:\/\/legacy.jigsawpuzzel.nl\/es\/puzzles\/invierno-en-algun-lugar-delft-paises-bajos-bosque\/\" aria-label=\"Invierno en alg\u00fan lugar de Delft, Pa\u00edses Bajos, madera\"><img decoding=\"async\" width=\"520\" height=\"329\" src=\"https:\/\/legacy.jigsawpuzzel.nl\/es\/wp-content\/uploads\/2026\/01\/Winter-somewhere-Delft-Netherlands-wood_puzzle.jpg\" class=\"attachment-full size-full wp-post-image\" alt=\"\" srcset=\"https:\/\/legacy.jigsawpuzzel.nl\/es\/wp-content\/uploads\/2026\/01\/Winter-somewhere-Delft-Netherlands-wood_puzzle.jpg 520w, https:\/\/legacy.jigsawpuzzel.nl\/es\/wp-content\/uploads\/2026\/01\/Winter-somewhere-Delft-Netherlands-wood_puzzle-300x190.jpg 300w\" sizes=\"(max-width: 520px) 100vw, 520px\" \/><\/a><\/div><p class=\"w-post-elm post_title usg_post_title_1 entry-title color_link_inherit\"><a href=\"https:\/\/legacy.jigsawpuzzel.nl\/es\/puzzles\/invierno-en-algun-lugar-delft-paises-bajos-bosque\/\">Invierno en alg\u00fan lugar de Delft, Pa\u00edses Bajos, madera<\/a><\/p><time class=\"w-post-elm post_date usg_post_date_1 entry-date published\" datetime=\"2026-01-29T00:01:52+00:00\">januari 29, 2026<\/time>\t\t<\/div>\r\n\t\t\t<\/article>\r\n\t<article class=\"w-grid-item size_1x1 post-28896 puzzles type-puzzles status-publish has-post-thumbnail hentry puzzle_type-invierno puzzle_type-paisaje puzzle_type-viajar\" data-id=\"28896\">\r\n\t\t<div class=\"w-grid-item-h\">\r\n\t\t\t\t\t\t\t<a href=\"https:\/\/legacy.jigsawpuzzel.nl\/es\/puzzles\/snow-covered-mountain-landscape-with-several-chalet-style-building\/\" class=\"w-grid-item-anchor\" aria-label=\"Paisaje de monta\u00f1a cubierto de nieve con varios edificios de estilo chalet\"><\/a>\r\n\t\t\t\t\t\t<div class=\"w-post-elm post_image usg_post_image_1 has_height\"><a href=\"https:\/\/legacy.jigsawpuzzel.nl\/es\/puzzles\/snow-covered-mountain-landscape-with-several-chalet-style-building\/\" aria-label=\"Paisaje de monta\u00f1a cubierto de nieve con varios edificios de estilo chalet\"><img decoding=\"async\" width=\"520\" height=\"329\" src=\"https:\/\/legacy.jigsawpuzzel.nl\/es\/wp-content\/uploads\/2026\/01\/Snow-covered-mountain-landscape-with-several-chalet-style-building-_puzzle.jpg\" class=\"attachment-full size-full wp-post-image\" alt=\"\" srcset=\"https:\/\/legacy.jigsawpuzzel.nl\/es\/wp-content\/uploads\/2026\/01\/Snow-covered-mountain-landscape-with-several-chalet-style-building-_puzzle.jpg 520w, https:\/\/legacy.jigsawpuzzel.nl\/es\/wp-content\/uploads\/2026\/01\/Snow-covered-mountain-landscape-with-several-chalet-style-building-_puzzle-300x190.jpg 300w\" sizes=\"(max-width: 520px) 100vw, 520px\" \/><\/a><\/div><p class=\"w-post-elm post_title usg_post_title_1 entry-title color_link_inherit\"><a href=\"https:\/\/legacy.jigsawpuzzel.nl\/es\/puzzles\/snow-covered-mountain-landscape-with-several-chalet-style-building\/\">Paisaje de monta\u00f1a cubierto de nieve con varios edificios de estilo chalet<\/a><\/p><time class=\"w-post-elm post_date usg_post_date_1 entry-date published\" datetime=\"2026-01-28T00:04:08+00:00\">januari 28, 2026<\/time>\t\t<\/div>\r\n\t\t\t<\/article>\r\n\t<article class=\"w-grid-item size_1x1 post-28895 puzzles type-puzzles status-publish has-post-thumbnail hentry puzzle_type-naturaleza\" data-id=\"28895\">\r\n\t\t<div class=\"w-grid-item-h\">\r\n\t\t\t\t\t\t\t<a href=\"https:\/\/legacy.jigsawpuzzel.nl\/es\/puzzles\/cana-china\/\" class=\"w-grid-item-anchor\" aria-label=\"Hierba china de ca\u00f1a\"><\/a>\r\n\t\t\t\t\t\t<div class=\"w-post-elm post_image usg_post_image_1 has_height\"><a href=\"https:\/\/legacy.jigsawpuzzel.nl\/es\/puzzles\/cana-china\/\" aria-label=\"Hierba china de ca\u00f1a\"><img decoding=\"async\" width=\"520\" height=\"329\" src=\"https:\/\/legacy.jigsawpuzzel.nl\/es\/wp-content\/uploads\/2026\/01\/Reed-China-grass-_puzzle.jpg\" class=\"attachment-full size-full wp-post-image\" alt=\"\" srcset=\"https:\/\/legacy.jigsawpuzzel.nl\/es\/wp-content\/uploads\/2026\/01\/Reed-China-grass-_puzzle.jpg 520w, https:\/\/legacy.jigsawpuzzel.nl\/es\/wp-content\/uploads\/2026\/01\/Reed-China-grass-_puzzle-300x190.jpg 300w\" sizes=\"(max-width: 520px) 100vw, 520px\" \/><\/a><\/div><p class=\"w-post-elm post_title usg_post_title_1 entry-title color_link_inherit\"><a href=\"https:\/\/legacy.jigsawpuzzel.nl\/es\/puzzles\/cana-china\/\">Hierba china de ca\u00f1a<\/a><\/p><time class=\"w-post-elm post_date usg_post_date_1 entry-date published\" datetime=\"2026-01-28T00:03:09+00:00\">januari 28, 2026<\/time>\t\t<\/div>\r\n\t\t\t<\/article>\r\n\t<article class=\"w-grid-item size_1x1 post-28894 puzzles type-puzzles status-publish has-post-thumbnail hentry puzzle_type-amar puzzle_type-vistoso\" data-id=\"28894\">\r\n\t\t<div class=\"w-grid-item-h\">\r\n\t\t\t\t\t\t\t<a href=\"https:\/\/legacy.jigsawpuzzel.nl\/es\/puzzles\/una-imagen-de-candados-de-amor\/\" class=\"w-grid-item-anchor\" aria-label=\"Una imagen de candados de amor\"><\/a>\r\n\t\t\t\t\t\t<div class=\"w-post-elm post_image usg_post_image_1 has_height\"><a href=\"https:\/\/legacy.jigsawpuzzel.nl\/es\/puzzles\/una-imagen-de-candados-de-amor\/\" aria-label=\"Una imagen de candados de amor\"><img decoding=\"async\" width=\"520\" height=\"329\" src=\"https:\/\/legacy.jigsawpuzzel.nl\/es\/wp-content\/uploads\/2026\/01\/A-image-of-love-locks_puzzle.jpg\" class=\"attachment-full size-full wp-post-image\" alt=\"\" srcset=\"https:\/\/legacy.jigsawpuzzel.nl\/es\/wp-content\/uploads\/2026\/01\/A-image-of-love-locks_puzzle.jpg 520w, https:\/\/legacy.jigsawpuzzel.nl\/es\/wp-content\/uploads\/2026\/01\/A-image-of-love-locks_puzzle-300x190.jpg 300w\" sizes=\"(max-width: 520px) 100vw, 520px\" \/><\/a><\/div><p class=\"w-post-elm post_title usg_post_title_1 entry-title color_link_inherit\"><a href=\"https:\/\/legacy.jigsawpuzzel.nl\/es\/puzzles\/una-imagen-de-candados-de-amor\/\">Una imagen de candados de amor<\/a><\/p><time class=\"w-post-elm post_date usg_post_date_1 entry-date published\" datetime=\"2026-01-28T00:02:13+00:00\">januari 28, 2026<\/time>\t\t<\/div>\r\n\t\t\t<\/article>\r\n\t<article class=\"w-grid-item size_1x1 post-28893 puzzles type-puzzles status-publish has-post-thumbnail hentry puzzle_type-animales\" data-id=\"28893\">\r\n\t\t<div class=\"w-grid-item-h\">\r\n\t\t\t\t\t\t\t<a href=\"https:\/\/legacy.jigsawpuzzel.nl\/es\/puzzles\/lagarto-dragon-del-bosque-de-a-boyd\/\" class=\"w-grid-item-anchor\" aria-label=\"Un lagarto drag\u00f3n del bosque de Boyd\"><\/a>\r\n\t\t\t\t\t\t<div class=\"w-post-elm post_image usg_post_image_1 has_height\"><a href=\"https:\/\/legacy.jigsawpuzzel.nl\/es\/puzzles\/lagarto-dragon-del-bosque-de-a-boyd\/\" aria-label=\"Un lagarto drag\u00f3n del bosque de Boyd\"><img decoding=\"async\" width=\"520\" height=\"329\" src=\"https:\/\/legacy.jigsawpuzzel.nl\/es\/wp-content\/uploads\/2026\/01\/A-boyds-forest-dragon-lizard_puzzle.jpg\" class=\"attachment-full size-full wp-post-image\" alt=\"\" srcset=\"https:\/\/legacy.jigsawpuzzel.nl\/es\/wp-content\/uploads\/2026\/01\/A-boyds-forest-dragon-lizard_puzzle.jpg 520w, https:\/\/legacy.jigsawpuzzel.nl\/es\/wp-content\/uploads\/2026\/01\/A-boyds-forest-dragon-lizard_puzzle-300x190.jpg 300w\" sizes=\"(max-width: 520px) 100vw, 520px\" \/><\/a><\/div><p class=\"w-post-elm post_title usg_post_title_1 entry-title color_link_inherit\"><a href=\"https:\/\/legacy.jigsawpuzzel.nl\/es\/puzzles\/lagarto-dragon-del-bosque-de-a-boyd\/\">Un lagarto drag\u00f3n del bosque de Boyd<\/a><\/p><time class=\"w-post-elm post_date usg_post_date_1 entry-date published\" datetime=\"2026-01-28T00:01:08+00:00\">januari 28, 2026<\/time>\t\t<\/div>\r\n\t\t\t<\/article>\r\n\t<article class=\"w-grid-item size_1x1 post-28888 puzzles type-puzzles status-publish has-post-thumbnail hentry puzzle_type-animales\" data-id=\"28888\">\r\n\t\t<div class=\"w-grid-item-h\">\r\n\t\t\t\t\t\t\t<a href=\"https:\/\/legacy.jigsawpuzzel.nl\/es\/puzzles\/tarsero-bohol-koboldmaki\/\" class=\"w-grid-item-anchor\" aria-label=\"Tarsero koboldmaki de Bohol\"><\/a>\r\n\t\t\t\t\t\t<div class=\"w-post-elm post_image usg_post_image_1 has_height\"><a href=\"https:\/\/legacy.jigsawpuzzel.nl\/es\/puzzles\/tarsero-bohol-koboldmaki\/\" aria-label=\"Tarsero koboldmaki de Bohol\"><img decoding=\"async\" width=\"520\" height=\"329\" src=\"https:\/\/legacy.jigsawpuzzel.nl\/es\/wp-content\/uploads\/2026\/01\/Bohol-koboldmaki-tarsier_puzzle.jpg\" class=\"attachment-full size-full wp-post-image\" alt=\"\" srcset=\"https:\/\/legacy.jigsawpuzzel.nl\/es\/wp-content\/uploads\/2026\/01\/Bohol-koboldmaki-tarsier_puzzle.jpg 520w, https:\/\/legacy.jigsawpuzzel.nl\/es\/wp-content\/uploads\/2026\/01\/Bohol-koboldmaki-tarsier_puzzle-300x190.jpg 300w\" sizes=\"(max-width: 520px) 100vw, 520px\" \/><\/a><\/div><p class=\"w-post-elm post_title usg_post_title_1 entry-title color_link_inherit\"><a href=\"https:\/\/legacy.jigsawpuzzel.nl\/es\/puzzles\/tarsero-bohol-koboldmaki\/\">Tarsero koboldmaki de Bohol<\/a><\/p><time class=\"w-post-elm post_date usg_post_date_1 entry-date published\" datetime=\"2026-01-27T00:04:27+00:00\">januari 27, 2026<\/time>\t\t<\/div>\r\n\t\t\t<\/article>\r\n<\/div><div class=\"w-grid-preloader\">\t<div class=\"g-preloader type_1\">\r\n\t\t<div><\/div>\r\n\t<\/div>\r\n\t<\/div>\t<div class=\"w-grid-json hidden\" onclick='return {&quot;action&quot;:&quot;us_ajax_grid&quot;,&quot;infinite_scroll&quot;:0,&quot;max_num_pages&quot;:520,&quot;pagination&quot;:&quot;none&quot;,&quot;template_vars&quot;:{&quot;columns&quot;:&quot;3&quot;,&quot;exclude_items&quot;:&quot;none&quot;,&quot;img_size&quot;:&quot;default&quot;,&quot;ignore_items_size&quot;:0,&quot;items_layout&quot;:&quot;8862&quot;,&quot;items_offset&quot;:&quot;1&quot;,&quot;load_animation&quot;:&quot;none&quot;,&quot;overriding_link&quot;:&quot;%7B%22type%22%3A%22post%22%7D&quot;,&quot;post_id&quot;:0,&quot;query_args&quot;:{&quot;post_type&quot;:[&quot;puzzles&quot;],&quot;post_status&quot;:[&quot;publish&quot;,&quot;acf-disabled&quot;],&quot;posts_per_page&quot;:&quot;9&quot;},&quot;orderby_query_args&quot;:{&quot;orderby&quot;:{&quot;date&quot;:&quot;DESC&quot;}},&quot;type&quot;:&quot;grid&quot;,&quot;us_grid_post_type&quot;:&quot;puzzles&quot;,&quot;us_grid_ajax_index&quot;:1,&quot;us_grid_filter_query_string&quot;:null,&quot;us_grid_index&quot;:1,&quot;page_args&quot;:[]}}'><\/div>\r\n\t<\/div><\/div><\/div><\/div><\/div><div class=\"w-separator size_small with_line width_default thick_1 style_solid color_border align_center\"><div class=\"w-separator-h\"><\/div><\/div><div class=\"wpb_text_column\"><div class=\"wpb_wrapper\"><p>Rompecabezas gratis en l\u00ednea de hermosos fondos de pantalla, fotos e im\u00e1genes.<\/p>\n<\/div><\/div><\/div><\/div><\/div><\/div><\/div><\/section>\n","protected":false},"excerpt":{"rendered":"Puzzle online del tarsero bohol koboldmaki.","protected":false},"author":1,"featured_media":0,"parent":0,"menu_order":0,"comment_status":"closed","ping_status":"closed","template":"","meta":{"_acf_changed":false,"footnotes":""},"class_list":["post-11127","page","type-page","status-publish","hentry"],"acf":[],"yoast_head":"<!-- This site is optimized with the Yoast SEO plugin v26.6 - https:\/\/yoast.com\/wordpress\/plugins\/seo\/ -->\n<title>Rompecabezas gratuito en l\u00ednea<\/title>\n<meta name=\"description\" content=\"Esta p\u00e1gina de onlinejigsawpuzzles.net ofrece rompecabezas en l\u00ednea gratuitos. Generamos rompecabezas de hermosas fotograf\u00edas en muchas categor\u00edas diferentes.\" \/>\n<meta name=\"robots\" content=\"index, follow, max-snippet:-1, max-image-preview:large, max-video-preview:-1\" \/>\n<link rel=\"canonical\" href=\"https:\/\/legacy.jigsawpuzzel.nl\/es\/rompecabezas-en-linea-gratuito\/\" \/>\n<meta property=\"og:locale\" content=\"nl_NL\" \/>\n<meta property=\"og:type\" content=\"article\" \/>\n<meta property=\"og:title\" content=\"Rompecabezas gratuito en l\u00ednea\" \/>\n<meta property=\"og:description\" content=\"Esta p\u00e1gina de onlinejigsawpuzzles.net ofrece rompecabezas en l\u00ednea gratuitos. Generamos rompecabezas de hermosas fotograf\u00edas en muchas categor\u00edas diferentes.\" \/>\n<meta property=\"og:url\" content=\"https:\/\/legacy.jigsawpuzzel.nl\/es\/rompecabezas-en-linea-gratuito\/\" \/>\n<meta property=\"og:site_name\" content=\"Rompecabezas\" \/>\n<meta property=\"article:modified_time\" content=\"2024-02-07T12:02:29+00:00\" \/>\n<meta name=\"twitter:card\" content=\"summary_large_image\" \/>\n<meta name=\"twitter:label1\" content=\"Geschatte leestijd\" \/>\n\t<meta name=\"twitter:data1\" content=\"1 minuut\" \/>\n<script type=\"application\/ld+json\" class=\"yoast-schema-graph\">{\"@context\":\"https:\/\/schema.org\",\"@graph\":[{\"@type\":\"WebPage\",\"@id\":\"https:\/\/legacy.jigsawpuzzel.nl\/es\/rompecabezas-en-linea-gratuito\/\",\"url\":\"https:\/\/legacy.jigsawpuzzel.nl\/es\/rompecabezas-en-linea-gratuito\/\",\"name\":\"Rompecabezas gratuito en l\u00ednea\",\"isPartOf\":{\"@id\":\"https:\/\/legacy.jigsawpuzzel.nl\/es\/#website\"},\"datePublished\":\"2020-05-26T13:38:21+00:00\",\"dateModified\":\"2024-02-07T12:02:29+00:00\",\"description\":\"Esta p\u00e1gina de onlinejigsawpuzzles.net ofrece rompecabezas en l\u00ednea gratuitos. Generamos rompecabezas de hermosas fotograf\u00edas en muchas categor\u00edas diferentes.\",\"inLanguage\":\"nl-NL\",\"potentialAction\":[{\"@type\":\"ReadAction\",\"target\":[\"https:\/\/legacy.jigsawpuzzel.nl\/es\/rompecabezas-en-linea-gratuito\/\"]}]},{\"@type\":\"WebSite\",\"@id\":\"https:\/\/legacy.jigsawpuzzel.nl\/es\/#website\",\"url\":\"https:\/\/legacy.jigsawpuzzel.nl\/es\/\",\"name\":\"Rompecabezas\",\"description\":\"Puzzles Online Gratis\",\"potentialAction\":[{\"@type\":\"SearchAction\",\"target\":{\"@type\":\"EntryPoint\",\"urlTemplate\":\"https:\/\/legacy.jigsawpuzzel.nl\/es\/?s={search_term_string}\"},\"query-input\":{\"@type\":\"PropertyValueSpecification\",\"valueRequired\":true,\"valueName\":\"search_term_string\"}}],\"inLanguage\":\"nl-NL\"}]}<\/script>\n<!-- \/ Yoast SEO plugin. -->","yoast_head_json":{"title":"Rompecabezas gratuito en l\u00ednea","description":"Esta p\u00e1gina de onlinejigsawpuzzles.net ofrece rompecabezas en l\u00ednea gratuitos. Generamos rompecabezas de hermosas fotograf\u00edas en muchas categor\u00edas diferentes.","robots":{"index":"index","follow":"follow","max-snippet":"max-snippet:-1","max-image-preview":"max-image-preview:large","max-video-preview":"max-video-preview:-1"},"canonical":"https:\/\/legacy.jigsawpuzzel.nl\/es\/rompecabezas-en-linea-gratuito\/","og_locale":"nl_NL","og_type":"article","og_title":"Rompecabezas gratuito en l\u00ednea","og_description":"Esta p\u00e1gina de onlinejigsawpuzzles.net ofrece rompecabezas en l\u00ednea gratuitos. Generamos rompecabezas de hermosas fotograf\u00edas en muchas categor\u00edas diferentes.","og_url":"https:\/\/legacy.jigsawpuzzel.nl\/es\/rompecabezas-en-linea-gratuito\/","og_site_name":"Rompecabezas","article_modified_time":"2024-02-07T12:02:29+00:00","twitter_card":"summary_large_image","twitter_misc":{"Geschatte leestijd":"1 minuut"},"schema":{"@context":"https:\/\/schema.org","@graph":[{"@type":"WebPage","@id":"https:\/\/legacy.jigsawpuzzel.nl\/es\/rompecabezas-en-linea-gratuito\/","url":"https:\/\/legacy.jigsawpuzzel.nl\/es\/rompecabezas-en-linea-gratuito\/","name":"Rompecabezas gratuito en l\u00ednea","isPartOf":{"@id":"https:\/\/legacy.jigsawpuzzel.nl\/es\/#website"},"datePublished":"2020-05-26T13:38:21+00:00","dateModified":"2024-02-07T12:02:29+00:00","description":"Esta p\u00e1gina de onlinejigsawpuzzles.net ofrece rompecabezas en l\u00ednea gratuitos. Generamos rompecabezas de hermosas fotograf\u00edas en muchas categor\u00edas diferentes.","inLanguage":"nl-NL","potentialAction":[{"@type":"ReadAction","target":["https:\/\/legacy.jigsawpuzzel.nl\/es\/rompecabezas-en-linea-gratuito\/"]}]},{"@type":"WebSite","@id":"https:\/\/legacy.jigsawpuzzel.nl\/es\/#website","url":"https:\/\/legacy.jigsawpuzzel.nl\/es\/","name":"Rompecabezas","description":"Puzzles Online Gratis","potentialAction":[{"@type":"SearchAction","target":{"@type":"EntryPoint","urlTemplate":"https:\/\/legacy.jigsawpuzzel.nl\/es\/?s={search_term_string}"},"query-input":{"@type":"PropertyValueSpecification","valueRequired":true,"valueName":"search_term_string"}}],"inLanguage":"nl-NL"}]}},"_links":{"self":[{"href":"https:\/\/legacy.jigsawpuzzel.nl\/es\/wp-json\/wp\/v2\/pages\/11127","targetHints":{"allow":["GET"]}}],"collection":[{"href":"https:\/\/legacy.jigsawpuzzel.nl\/es\/wp-json\/wp\/v2\/pages"}],"about":[{"href":"https:\/\/legacy.jigsawpuzzel.nl\/es\/wp-json\/wp\/v2\/types\/page"}],"author":[{"embeddable":true,"href":"https:\/\/legacy.jigsawpuzzel.nl\/es\/wp-json\/wp\/v2\/users\/1"}],"replies":[{"embeddable":true,"href":"https:\/\/legacy.jigsawpuzzel.nl\/es\/wp-json\/wp\/v2\/comments?post=11127"}],"version-history":[{"count":1,"href":"https:\/\/legacy.jigsawpuzzel.nl\/es\/wp-json\/wp\/v2\/pages\/11127\/revisions"}],"predecessor-version":[{"id":22909,"href":"https:\/\/legacy.jigsawpuzzel.nl\/es\/wp-json\/wp\/v2\/pages\/11127\/revisions\/22909"}],"wp:attachment":[{"href":"https:\/\/legacy.jigsawpuzzel.nl\/es\/wp-json\/wp\/v2\/media?parent=11127"}],"curies":[{"name":"wp","href":"https:\/\/api.w.org\/{rel}","templated":true}]}}