{"id":11011,"date":"2020-05-13T10:05:40","date_gmt":"2020-05-13T10:05:40","guid":{"rendered":"https:\/\/onlinejigsawpuzzles.net\/?page_id=11011"},"modified":"2024-02-07T12:01:49","modified_gmt":"2024-02-07T12:01:49","slug":"todos-rompecabezas","status":"publish","type":"page","link":"https:\/\/legacy.jigsawpuzzel.nl\/es\/todos-rompecabezas\/","title":{"rendered":"Todos los rompecabezas"},"content":{"rendered":"<section class=\"l-section wpb_row height_medium\"><div class=\"l-section-h i-cf\"><div class=\"g-cols vc_row via_flex valign_top type_default stacking_default\"><div class=\"vc_col-sm-12 wpb_column vc_column_container\"><div class=\"vc_column-inner\"><div class=\"wpb_wrapper\"><div class=\"wpb_text_column\"><div class=\"wpb_wrapper\"><h1>Todos los rompecabezas &#8211; Rompecabezas en l\u00ednea<\/h1>\n<p>Esta p\u00e1gina de onlinejigsawpuzzles.net ofrece rompecabezas en l\u00ednea gratuitos. Generamos los rompecabezas de hermosas fotos en muchas categor\u00edas diferentes. Puedes elegir los rompecabezas de la galer\u00eda de 48 piezas pero tambi\u00e9n puedes elegir un nivel de dificultad con m\u00e1s o menos piezas. Disfruta de esta web con estos rompecabezas diarios gratuitos.<\/p>\n<\/div><\/div><div class=\"w-separator size_small\"><\/div><div class=\"g-cols wpb_row via_flex valign_top type_default stacking_default\"><div class=\"vc_col-sm-12 wpb_column vc_column_container pp\"><div class=\"vc_column-inner\"><div class=\"wpb_wrapper\"><div class=\"w-grid type_grid layout_8862 cols_3 pagination_regular\" id=\"us_grid_1\" style=\"--gap:1.5rem;\" data-filterable=\"true\"><style>@media (max-width:1449px){#us_grid_1 .w-grid-item{width:50%}}@media (max-width:1024px){#us_grid_1 .w-grid-item{width:50%}}@media (max-width:600px){#us_grid_1 .w-grid-list{margin:0}#us_grid_1 .w-grid-item{width:100%;padding:0;margin-bottom:var(--gap,0px)}}.layout_8862 .w-grid-item-h{}.layout_8862 .usg_post_image_1{text-transform:none!important;height:200px!important;max-height:200px!important;min-height:200px!important}.layout_8862 .usg_post_title_1{font-size:1rem!important;font-family:var(--font-family)!important;font-weight:500!important;text-transform:none!important;margin-left:6px!important;margin-top:6px!important}.layout_8862 .usg_post_date_1{font-size:14px!important;margin-left:6px!important;margin-top:4px!important}<\/style><div class=\"w-grid-list\">\t<article class=\"w-grid-item size_1x1 post-8848 puzzles type-puzzles status-publish has-post-thumbnail hentry puzzle_type-animales\" data-id=\"8848\">\r\n\t\t<div class=\"w-grid-item-h\">\r\n\t\t\t\t\t\t\t<a href=\"https:\/\/legacy.jigsawpuzzel.nl\/es\/puzzles\/tiger\/\" class=\"w-grid-item-anchor\" aria-label=\"Tiger Jigsaw\"><\/a>\r\n\t\t\t\t\t\t<div class=\"w-post-elm post_image usg_post_image_1 has_height\"><a href=\"https:\/\/legacy.jigsawpuzzel.nl\/es\/puzzles\/tiger\/\" aria-label=\"Tiger Jigsaw\"><img decoding=\"async\" width=\"520\" height=\"329\" src=\"https:\/\/legacy.jigsawpuzzel.nl\/es\/wp-content\/uploads\/2019\/10\/tijger_k.jpg\" class=\"attachment-full size-full wp-post-image\" alt=\"tiger jigsaw\" srcset=\"https:\/\/legacy.jigsawpuzzel.nl\/es\/wp-content\/uploads\/2019\/10\/tijger_k.jpg 520w, https:\/\/legacy.jigsawpuzzel.nl\/es\/wp-content\/uploads\/2019\/10\/tijger_k-300x190.jpg 300w\" sizes=\"(max-width: 520px) 100vw, 520px\" \/><\/a><\/div><p class=\"w-post-elm post_title usg_post_title_1 entry-title color_link_inherit\"><a href=\"https:\/\/legacy.jigsawpuzzel.nl\/es\/puzzles\/tiger\/\">Tiger Jigsaw<\/a><\/p><time class=\"w-post-elm post_date usg_post_date_1 entry-date published\" datetime=\"2019-10-13T09:57:30+00:00\">oktober 13, 2019<\/time>\t\t<\/div>\r\n\t\t\t<\/article>\r\n\t<article class=\"w-grid-item size_1x1 post-8855 puzzles type-puzzles status-publish has-post-thumbnail hentry puzzle_type-naturaleza\" data-id=\"8855\">\r\n\t\t<div class=\"w-grid-item-h\">\r\n\t\t\t\t\t\t\t<a href=\"https:\/\/legacy.jigsawpuzzel.nl\/es\/puzzles\/groene-heuvels-legpuzzel\/\" class=\"w-grid-item-anchor\" aria-label=\"Green hills jigsaw\"><\/a>\r\n\t\t\t\t\t\t<div class=\"w-post-elm post_image usg_post_image_1 has_height\"><a href=\"https:\/\/legacy.jigsawpuzzel.nl\/es\/puzzles\/groene-heuvels-legpuzzel\/\" aria-label=\"Green hills jigsaw\"><img decoding=\"async\" width=\"520\" height=\"329\" src=\"https:\/\/legacy.jigsawpuzzel.nl\/es\/wp-content\/uploads\/2019\/10\/groene_heuvels_k.jpg\" class=\"attachment-full size-full wp-post-image\" alt=\"groene heuvels\" srcset=\"https:\/\/legacy.jigsawpuzzel.nl\/es\/wp-content\/uploads\/2019\/10\/groene_heuvels_k.jpg 520w, https:\/\/legacy.jigsawpuzzel.nl\/es\/wp-content\/uploads\/2019\/10\/groene_heuvels_k-300x190.jpg 300w\" sizes=\"(max-width: 520px) 100vw, 520px\" \/><\/a><\/div><p class=\"w-post-elm post_title usg_post_title_1 entry-title color_link_inherit\"><a href=\"https:\/\/legacy.jigsawpuzzel.nl\/es\/puzzles\/groene-heuvels-legpuzzel\/\">Green hills jigsaw<\/a><\/p><time class=\"w-post-elm post_date usg_post_date_1 entry-date published\" datetime=\"2019-10-13T10:49:55+00:00\">oktober 13, 2019<\/time>\t\t<\/div>\r\n\t\t\t<\/article>\r\n\t<article class=\"w-grid-item size_1x1 post-8857 puzzles type-puzzles status-publish has-post-thumbnail hentry puzzle_type-naturaleza\" data-id=\"8857\">\r\n\t\t<div class=\"w-grid-item-h\">\r\n\t\t\t\t\t\t\t<a href=\"https:\/\/legacy.jigsawpuzzel.nl\/es\/puzzles\/bergen-met-bewolking-legpuzzel\/\" class=\"w-grid-item-anchor\" aria-label=\"Green field with mountains\"><\/a>\r\n\t\t\t\t\t\t<div class=\"w-post-elm post_image usg_post_image_1 has_height\"><a href=\"https:\/\/legacy.jigsawpuzzel.nl\/es\/puzzles\/bergen-met-bewolking-legpuzzel\/\" aria-label=\"Green field with mountains\"><img decoding=\"async\" width=\"520\" height=\"329\" src=\"https:\/\/legacy.jigsawpuzzel.nl\/es\/wp-content\/uploads\/2019\/10\/bergen_met_bewolking_k.jpg\" class=\"attachment-full size-full wp-post-image\" alt=\"bergen met bewolking\" srcset=\"https:\/\/legacy.jigsawpuzzel.nl\/es\/wp-content\/uploads\/2019\/10\/bergen_met_bewolking_k.jpg 520w, https:\/\/legacy.jigsawpuzzel.nl\/es\/wp-content\/uploads\/2019\/10\/bergen_met_bewolking_k-300x190.jpg 300w\" sizes=\"(max-width: 520px) 100vw, 520px\" \/><\/a><\/div><p class=\"w-post-elm post_title usg_post_title_1 entry-title color_link_inherit\"><a href=\"https:\/\/legacy.jigsawpuzzel.nl\/es\/puzzles\/bergen-met-bewolking-legpuzzel\/\">Green field with mountains<\/a><\/p><time class=\"w-post-elm post_date usg_post_date_1 entry-date published\" datetime=\"2019-10-13T10:57:23+00:00\">oktober 13, 2019<\/time>\t\t<\/div>\r\n\t\t\t<\/article>\r\n\t<article class=\"w-grid-item size_1x1 post-8872 puzzles type-puzzles status-publish has-post-thumbnail hentry puzzle_type-carros\" data-id=\"8872\">\r\n\t\t<div class=\"w-grid-item-h\">\r\n\t\t\t\t\t\t\t<a href=\"https:\/\/legacy.jigsawpuzzel.nl\/es\/puzzles\/white-honda-suv\/\" class=\"w-grid-item-anchor\" aria-label=\"White Honda Suv\"><\/a>\r\n\t\t\t\t\t\t<div class=\"w-post-elm post_image usg_post_image_1 has_height\"><a href=\"https:\/\/legacy.jigsawpuzzel.nl\/es\/puzzles\/white-honda-suv\/\" aria-label=\"White Honda Suv\"><img decoding=\"async\" width=\"520\" height=\"329\" src=\"https:\/\/legacy.jigsawpuzzel.nl\/es\/wp-content\/uploads\/2019\/10\/witte-honda-suv_k.jpg\" class=\"attachment-full size-full wp-post-image\" alt=\"witte-honda-suv\" srcset=\"https:\/\/legacy.jigsawpuzzel.nl\/es\/wp-content\/uploads\/2019\/10\/witte-honda-suv_k.jpg 520w, https:\/\/legacy.jigsawpuzzel.nl\/es\/wp-content\/uploads\/2019\/10\/witte-honda-suv_k-300x190.jpg 300w\" sizes=\"(max-width: 520px) 100vw, 520px\" \/><\/a><\/div><p class=\"w-post-elm post_title usg_post_title_1 entry-title color_link_inherit\"><a href=\"https:\/\/legacy.jigsawpuzzel.nl\/es\/puzzles\/white-honda-suv\/\">White Honda Suv<\/a><\/p><time class=\"w-post-elm post_date usg_post_date_1 entry-date published\" datetime=\"2019-10-13T14:56:19+00:00\">oktober 13, 2019<\/time>\t\t<\/div>\r\n\t\t\t<\/article>\r\n\t<article class=\"w-grid-item size_1x1 post-8874 puzzles type-puzzles status-publish has-post-thumbnail hentry puzzle_type-carros\" data-id=\"8874\">\r\n\t\t<div class=\"w-grid-item-h\">\r\n\t\t\t\t\t\t\t<a href=\"https:\/\/legacy.jigsawpuzzel.nl\/es\/puzzles\/lamborghini-sportcar-jigsaw\/\" class=\"w-grid-item-anchor\" aria-label=\"Lamborghini Sportcar Jigsaw\"><\/a>\r\n\t\t\t\t\t\t<div class=\"w-post-elm post_image usg_post_image_1 has_height\"><a href=\"https:\/\/legacy.jigsawpuzzel.nl\/es\/puzzles\/lamborghini-sportcar-jigsaw\/\" aria-label=\"Lamborghini Sportcar Jigsaw\"><img decoding=\"async\" width=\"520\" height=\"329\" src=\"https:\/\/legacy.jigsawpuzzel.nl\/es\/wp-content\/uploads\/2019\/10\/gele_sportauto.jpg\" class=\"attachment-full size-full wp-post-image\" alt=\"gele sportauto\" srcset=\"https:\/\/legacy.jigsawpuzzel.nl\/es\/wp-content\/uploads\/2019\/10\/gele_sportauto.jpg 520w, https:\/\/legacy.jigsawpuzzel.nl\/es\/wp-content\/uploads\/2019\/10\/gele_sportauto-300x190.jpg 300w\" sizes=\"(max-width: 520px) 100vw, 520px\" \/><\/a><\/div><p class=\"w-post-elm post_title usg_post_title_1 entry-title color_link_inherit\"><a href=\"https:\/\/legacy.jigsawpuzzel.nl\/es\/puzzles\/lamborghini-sportcar-jigsaw\/\">Lamborghini Sportcar Jigsaw<\/a><\/p><time class=\"w-post-elm post_date usg_post_date_1 entry-date published\" datetime=\"2019-10-13T14:57:53+00:00\">oktober 13, 2019<\/time>\t\t<\/div>\r\n\t\t\t<\/article>\r\n\t<article class=\"w-grid-item size_1x1 post-8876 puzzles type-puzzles status-publish has-post-thumbnail hentry puzzle_type-animales\" data-id=\"8876\">\r\n\t\t<div class=\"w-grid-item-h\">\r\n\t\t\t\t\t\t\t<a href=\"https:\/\/legacy.jigsawpuzzel.nl\/es\/puzzles\/giraffes-jigsaw-puzzle\/\" class=\"w-grid-item-anchor\" aria-label=\"Giraffes Jigsaw Puzzle\"><\/a>\r\n\t\t\t\t\t\t<div class=\"w-post-elm post_image usg_post_image_1 has_height\"><a href=\"https:\/\/legacy.jigsawpuzzel.nl\/es\/puzzles\/giraffes-jigsaw-puzzle\/\" aria-label=\"Giraffes Jigsaw Puzzle\"><img decoding=\"async\" width=\"520\" height=\"329\" src=\"https:\/\/legacy.jigsawpuzzel.nl\/es\/wp-content\/uploads\/2019\/10\/chiraffen_k.jpg\" class=\"attachment-full size-full wp-post-image\" alt=\"chiraffen\" srcset=\"https:\/\/legacy.jigsawpuzzel.nl\/es\/wp-content\/uploads\/2019\/10\/chiraffen_k.jpg 520w, https:\/\/legacy.jigsawpuzzel.nl\/es\/wp-content\/uploads\/2019\/10\/chiraffen_k-300x190.jpg 300w\" sizes=\"(max-width: 520px) 100vw, 520px\" \/><\/a><\/div><p class=\"w-post-elm post_title usg_post_title_1 entry-title color_link_inherit\"><a href=\"https:\/\/legacy.jigsawpuzzel.nl\/es\/puzzles\/giraffes-jigsaw-puzzle\/\">Giraffes Jigsaw Puzzle<\/a><\/p><time class=\"w-post-elm post_date usg_post_date_1 entry-date published\" datetime=\"2019-10-13T15:01:34+00:00\">oktober 13, 2019<\/time>\t\t<\/div>\r\n\t\t\t<\/article>\r\n\t<article class=\"w-grid-item size_1x1 post-8931 puzzles type-puzzles status-publish has-post-thumbnail hentry puzzle_type-animales\" data-id=\"8931\">\r\n\t\t<div class=\"w-grid-item-h\">\r\n\t\t\t\t\t\t\t<a href=\"https:\/\/legacy.jigsawpuzzel.nl\/es\/puzzles\/camels-jigsaw-puzzle\/\" class=\"w-grid-item-anchor\" aria-label=\"Camels Jigsaw Puzzle\"><\/a>\r\n\t\t\t\t\t\t<div class=\"w-post-elm post_image usg_post_image_1 has_height\"><a href=\"https:\/\/legacy.jigsawpuzzel.nl\/es\/puzzles\/camels-jigsaw-puzzle\/\" aria-label=\"Camels Jigsaw Puzzle\"><img decoding=\"async\" width=\"520\" height=\"329\" src=\"https:\/\/legacy.jigsawpuzzel.nl\/es\/wp-content\/uploads\/2019\/10\/camels.jpg\" class=\"attachment-full size-full wp-post-image\" alt=\"close up photo of two brown camels in front body of water\" srcset=\"https:\/\/legacy.jigsawpuzzel.nl\/es\/wp-content\/uploads\/2019\/10\/camels.jpg 520w, https:\/\/legacy.jigsawpuzzel.nl\/es\/wp-content\/uploads\/2019\/10\/camels-300x190.jpg 300w\" sizes=\"(max-width: 520px) 100vw, 520px\" \/><\/a><\/div><p class=\"w-post-elm post_title usg_post_title_1 entry-title color_link_inherit\"><a href=\"https:\/\/legacy.jigsawpuzzel.nl\/es\/puzzles\/camels-jigsaw-puzzle\/\">Camels Jigsaw Puzzle<\/a><\/p><time class=\"w-post-elm post_date usg_post_date_1 entry-date published\" datetime=\"2019-10-16T14:39:00+00:00\">oktober 16, 2019<\/time>\t\t<\/div>\r\n\t\t\t<\/article>\r\n\t<article class=\"w-grid-item size_1x1 post-8984 puzzles type-puzzles status-publish has-post-thumbnail hentry puzzle_type-animales\" data-id=\"8984\">\r\n\t\t<div class=\"w-grid-item-h\">\r\n\t\t\t\t\t\t\t<a href=\"https:\/\/legacy.jigsawpuzzel.nl\/es\/puzzles\/koala-jigsaw-puzzle\/\" class=\"w-grid-item-anchor\" aria-label=\"Koala Jigsaw Puzzle\"><\/a>\r\n\t\t\t\t\t\t<div class=\"w-post-elm post_image usg_post_image_1 has_height\"><a href=\"https:\/\/legacy.jigsawpuzzel.nl\/es\/puzzles\/koala-jigsaw-puzzle\/\" aria-label=\"Koala Jigsaw Puzzle\"><img decoding=\"async\" width=\"520\" height=\"329\" src=\"https:\/\/legacy.jigsawpuzzel.nl\/es\/wp-content\/uploads\/2019\/10\/koala.jpg\" class=\"attachment-full size-full wp-post-image\" alt=\"koala\" srcset=\"https:\/\/legacy.jigsawpuzzel.nl\/es\/wp-content\/uploads\/2019\/10\/koala.jpg 520w, https:\/\/legacy.jigsawpuzzel.nl\/es\/wp-content\/uploads\/2019\/10\/koala-300x190.jpg 300w\" sizes=\"(max-width: 520px) 100vw, 520px\" \/><\/a><\/div><p class=\"w-post-elm post_title usg_post_title_1 entry-title color_link_inherit\"><a href=\"https:\/\/legacy.jigsawpuzzel.nl\/es\/puzzles\/koala-jigsaw-puzzle\/\">Koala Jigsaw Puzzle<\/a><\/p><time class=\"w-post-elm post_date usg_post_date_1 entry-date published\" datetime=\"2019-10-17T10:29:50+00:00\">oktober 17, 2019<\/time>\t\t<\/div>\r\n\t\t\t<\/article>\r\n\t<article class=\"w-grid-item size_1x1 post-8986 puzzles type-puzzles status-publish has-post-thumbnail hentry puzzle_type-animales puzzle_type-perros\" data-id=\"8986\">\r\n\t\t<div class=\"w-grid-item-h\">\r\n\t\t\t\t\t\t\t<a href=\"https:\/\/legacy.jigsawpuzzel.nl\/es\/puzzles\/happy-dogs-jigsaw\/\" class=\"w-grid-item-anchor\" aria-label=\"Happy Dogs Jigsaw\"><\/a>\r\n\t\t\t\t\t\t<div class=\"w-post-elm post_image usg_post_image_1 has_height\"><a href=\"https:\/\/legacy.jigsawpuzzel.nl\/es\/puzzles\/happy-dogs-jigsaw\/\" aria-label=\"Happy Dogs Jigsaw\"><img decoding=\"async\" width=\"520\" height=\"329\" src=\"https:\/\/legacy.jigsawpuzzel.nl\/es\/wp-content\/uploads\/2019\/10\/dogs-happy.jpg\" class=\"attachment-full size-full wp-post-image\" alt=\"dogs jigsaw puzzle\" srcset=\"https:\/\/legacy.jigsawpuzzel.nl\/es\/wp-content\/uploads\/2019\/10\/dogs-happy.jpg 520w, https:\/\/legacy.jigsawpuzzel.nl\/es\/wp-content\/uploads\/2019\/10\/dogs-happy-300x190.jpg 300w\" sizes=\"(max-width: 520px) 100vw, 520px\" \/><\/a><\/div><p class=\"w-post-elm post_title usg_post_title_1 entry-title color_link_inherit\"><a href=\"https:\/\/legacy.jigsawpuzzel.nl\/es\/puzzles\/happy-dogs-jigsaw\/\">Happy Dogs Jigsaw<\/a><\/p><time class=\"w-post-elm post_date usg_post_date_1 entry-date published\" datetime=\"2019-10-17T10:33:15+00:00\">oktober 17, 2019<\/time>\t\t<\/div>\r\n\t\t\t<\/article>\r\n<\/div><div class=\"w-grid-preloader\">\t<div class=\"g-preloader type_1\">\r\n\t\t<div><\/div>\r\n\t<\/div>\r\n\t<\/div>\t\t\t<nav class=\"pagination navigation\" role=\"navigation\">\r\n\t\t\t\t<div class=\"nav-links\">\r\n\t\t\t\t\t<span aria-current=\"page\" class=\"page-numbers current\"><span>1<\/span><\/span>\n<a class=\"page-numbers\" href=\"https:\/\/legacy.jigsawpuzzel.nl\/es\/wp-json\/wp\/v2\/pages\/11011\/page\/2\/\"><span>2<\/span><\/a>\n<a class=\"page-numbers\" href=\"https:\/\/legacy.jigsawpuzzel.nl\/es\/wp-json\/wp\/v2\/pages\/11011\/page\/3\/\"><span>3<\/span><\/a>\n<a class=\"page-numbers\" href=\"https:\/\/legacy.jigsawpuzzel.nl\/es\/wp-json\/wp\/v2\/pages\/11011\/page\/4\/\"><span>4<\/span><\/a>\n<span class=\"page-numbers dots\">&hellip;<\/span>\n<a class=\"page-numbers\" href=\"https:\/\/legacy.jigsawpuzzel.nl\/es\/wp-json\/wp\/v2\/pages\/11011\/page\/520\/\"><span>520<\/span><\/a>\n<a class=\"next page-numbers\" href=\"https:\/\/legacy.jigsawpuzzel.nl\/es\/wp-json\/wp\/v2\/pages\/11011\/page\/2\/\"><span>Volgende<\/span><\/a>\t\t\t\t<\/div>\r\n\t\t\t<\/nav>\r\n\t\t\t\t<div class=\"w-grid-json hidden\" onclick='return {&quot;action&quot;:&quot;us_ajax_grid&quot;,&quot;infinite_scroll&quot;:0,&quot;max_num_pages&quot;:520,&quot;pagination&quot;:&quot;regular&quot;,&quot;template_vars&quot;:{&quot;columns&quot;:&quot;3&quot;,&quot;exclude_items&quot;:&quot;none&quot;,&quot;img_size&quot;:&quot;default&quot;,&quot;ignore_items_size&quot;:0,&quot;items_layout&quot;:&quot;8862&quot;,&quot;items_offset&quot;:&quot;1&quot;,&quot;load_animation&quot;:&quot;none&quot;,&quot;overriding_link&quot;:&quot;%7B%22type%22%3A%22post%22%7D&quot;,&quot;post_id&quot;:0,&quot;query_args&quot;:{&quot;post_type&quot;:[&quot;puzzles&quot;],&quot;post_status&quot;:[&quot;publish&quot;,&quot;acf-disabled&quot;],&quot;posts_per_page&quot;:&quot;9&quot;},&quot;orderby_query_args&quot;:{&quot;orderby&quot;:{&quot;date&quot;:&quot;ASC&quot;}},&quot;type&quot;:&quot;grid&quot;,&quot;us_grid_post_type&quot;:&quot;puzzles&quot;,&quot;us_grid_ajax_index&quot;:1,&quot;us_grid_filter_query_string&quot;:null,&quot;us_grid_index&quot;:1,&quot;page_args&quot;:[]}}'><\/div>\r\n\t<\/div><\/div><\/div><\/div><\/div><div class=\"w-separator size_small with_line width_default thick_1 style_solid color_border align_center\"><div class=\"w-separator-h\"><\/div><\/div><div class=\"wpb_text_column\"><div class=\"wpb_wrapper\"><p>Rompecabezas diarios en l\u00ednea gratuitos de hermosos fondos de pantalla, fotos e im\u00e1genes.<\/p>\n<\/div><\/div><\/div><\/div><\/div><\/div><\/div><\/section>\n","protected":false},"excerpt":{"rendered":"A jigsaw puzzle of two happy dogs.","protected":false},"author":1,"featured_media":0,"parent":0,"menu_order":0,"comment_status":"closed","ping_status":"closed","template":"","meta":{"_acf_changed":false,"footnotes":""},"class_list":["post-11011","page","type-page","status-publish","hentry"],"acf":[],"yoast_head":"<!-- This site is optimized with the Yoast SEO plugin v26.6 - https:\/\/yoast.com\/wordpress\/plugins\/seo\/ -->\n<title>Rompecabezas diario - Rompecabezas en l\u00ednea<\/title>\n<meta name=\"description\" content=\"Esta p\u00e1gina de onlinejigsawpuzzles.net ofrece rompecabezas diarios gratuitos en l\u00ednea. Generamos rompecabezas de hermosas fotograf\u00edas en muchas categor\u00edas diferentes.\" \/>\n<meta name=\"robots\" content=\"index, follow, max-snippet:-1, max-image-preview:large, max-video-preview:-1\" \/>\n<link rel=\"canonical\" href=\"https:\/\/legacy.jigsawpuzzel.nl\/es\/todos-rompecabezas\/\" \/>\n<meta property=\"og:locale\" content=\"nl_NL\" \/>\n<meta property=\"og:type\" content=\"article\" \/>\n<meta property=\"og:title\" content=\"Rompecabezas diario - Rompecabezas en l\u00ednea\" \/>\n<meta property=\"og:description\" content=\"Esta p\u00e1gina de onlinejigsawpuzzles.net ofrece rompecabezas diarios gratuitos en l\u00ednea. Generamos rompecabezas de hermosas fotograf\u00edas en muchas categor\u00edas diferentes.\" \/>\n<meta property=\"og:url\" content=\"https:\/\/legacy.jigsawpuzzel.nl\/es\/todos-rompecabezas\/\" \/>\n<meta property=\"og:site_name\" content=\"Rompecabezas\" \/>\n<meta property=\"article:modified_time\" content=\"2024-02-07T12:01:49+00:00\" \/>\n<meta name=\"twitter:card\" content=\"summary_large_image\" \/>\n<meta name=\"twitter:label1\" content=\"Geschatte leestijd\" \/>\n\t<meta name=\"twitter:data1\" content=\"1 minuut\" \/>\n<script type=\"application\/ld+json\" class=\"yoast-schema-graph\">{\"@context\":\"https:\/\/schema.org\",\"@graph\":[{\"@type\":\"WebPage\",\"@id\":\"https:\/\/legacy.jigsawpuzzel.nl\/es\/todos-rompecabezas\/\",\"url\":\"https:\/\/legacy.jigsawpuzzel.nl\/es\/todos-rompecabezas\/\",\"name\":\"Rompecabezas diario - Rompecabezas en l\u00ednea\",\"isPartOf\":{\"@id\":\"https:\/\/legacy.jigsawpuzzel.nl\/es\/#website\"},\"datePublished\":\"2020-05-13T10:05:40+00:00\",\"dateModified\":\"2024-02-07T12:01:49+00:00\",\"description\":\"Esta p\u00e1gina de onlinejigsawpuzzles.net ofrece rompecabezas diarios gratuitos en l\u00ednea. Generamos rompecabezas de hermosas fotograf\u00edas en muchas categor\u00edas diferentes.\",\"inLanguage\":\"nl-NL\",\"potentialAction\":[{\"@type\":\"ReadAction\",\"target\":[\"https:\/\/legacy.jigsawpuzzel.nl\/es\/todos-rompecabezas\/\"]}]},{\"@type\":\"WebSite\",\"@id\":\"https:\/\/legacy.jigsawpuzzel.nl\/es\/#website\",\"url\":\"https:\/\/legacy.jigsawpuzzel.nl\/es\/\",\"name\":\"Rompecabezas\",\"description\":\"Puzzles Online Gratis\",\"potentialAction\":[{\"@type\":\"SearchAction\",\"target\":{\"@type\":\"EntryPoint\",\"urlTemplate\":\"https:\/\/legacy.jigsawpuzzel.nl\/es\/?s={search_term_string}\"},\"query-input\":{\"@type\":\"PropertyValueSpecification\",\"valueRequired\":true,\"valueName\":\"search_term_string\"}}],\"inLanguage\":\"nl-NL\"}]}<\/script>\n<!-- \/ Yoast SEO plugin. -->","yoast_head_json":{"title":"Rompecabezas diario - Rompecabezas en l\u00ednea","description":"Esta p\u00e1gina de onlinejigsawpuzzles.net ofrece rompecabezas diarios gratuitos en l\u00ednea. Generamos rompecabezas de hermosas fotograf\u00edas en muchas categor\u00edas diferentes.","robots":{"index":"index","follow":"follow","max-snippet":"max-snippet:-1","max-image-preview":"max-image-preview:large","max-video-preview":"max-video-preview:-1"},"canonical":"https:\/\/legacy.jigsawpuzzel.nl\/es\/todos-rompecabezas\/","og_locale":"nl_NL","og_type":"article","og_title":"Rompecabezas diario - Rompecabezas en l\u00ednea","og_description":"Esta p\u00e1gina de onlinejigsawpuzzles.net ofrece rompecabezas diarios gratuitos en l\u00ednea. Generamos rompecabezas de hermosas fotograf\u00edas en muchas categor\u00edas diferentes.","og_url":"https:\/\/legacy.jigsawpuzzel.nl\/es\/todos-rompecabezas\/","og_site_name":"Rompecabezas","article_modified_time":"2024-02-07T12:01:49+00:00","twitter_card":"summary_large_image","twitter_misc":{"Geschatte leestijd":"1 minuut"},"schema":{"@context":"https:\/\/schema.org","@graph":[{"@type":"WebPage","@id":"https:\/\/legacy.jigsawpuzzel.nl\/es\/todos-rompecabezas\/","url":"https:\/\/legacy.jigsawpuzzel.nl\/es\/todos-rompecabezas\/","name":"Rompecabezas diario - Rompecabezas en l\u00ednea","isPartOf":{"@id":"https:\/\/legacy.jigsawpuzzel.nl\/es\/#website"},"datePublished":"2020-05-13T10:05:40+00:00","dateModified":"2024-02-07T12:01:49+00:00","description":"Esta p\u00e1gina de onlinejigsawpuzzles.net ofrece rompecabezas diarios gratuitos en l\u00ednea. Generamos rompecabezas de hermosas fotograf\u00edas en muchas categor\u00edas diferentes.","inLanguage":"nl-NL","potentialAction":[{"@type":"ReadAction","target":["https:\/\/legacy.jigsawpuzzel.nl\/es\/todos-rompecabezas\/"]}]},{"@type":"WebSite","@id":"https:\/\/legacy.jigsawpuzzel.nl\/es\/#website","url":"https:\/\/legacy.jigsawpuzzel.nl\/es\/","name":"Rompecabezas","description":"Puzzles Online Gratis","potentialAction":[{"@type":"SearchAction","target":{"@type":"EntryPoint","urlTemplate":"https:\/\/legacy.jigsawpuzzel.nl\/es\/?s={search_term_string}"},"query-input":{"@type":"PropertyValueSpecification","valueRequired":true,"valueName":"search_term_string"}}],"inLanguage":"nl-NL"}]}},"_links":{"self":[{"href":"https:\/\/legacy.jigsawpuzzel.nl\/es\/wp-json\/wp\/v2\/pages\/11011","targetHints":{"allow":["GET"]}}],"collection":[{"href":"https:\/\/legacy.jigsawpuzzel.nl\/es\/wp-json\/wp\/v2\/pages"}],"about":[{"href":"https:\/\/legacy.jigsawpuzzel.nl\/es\/wp-json\/wp\/v2\/types\/page"}],"author":[{"embeddable":true,"href":"https:\/\/legacy.jigsawpuzzel.nl\/es\/wp-json\/wp\/v2\/users\/1"}],"replies":[{"embeddable":true,"href":"https:\/\/legacy.jigsawpuzzel.nl\/es\/wp-json\/wp\/v2\/comments?post=11011"}],"version-history":[{"count":1,"href":"https:\/\/legacy.jigsawpuzzel.nl\/es\/wp-json\/wp\/v2\/pages\/11011\/revisions"}],"predecessor-version":[{"id":22886,"href":"https:\/\/legacy.jigsawpuzzel.nl\/es\/wp-json\/wp\/v2\/pages\/11011\/revisions\/22886"}],"wp:attachment":[{"href":"https:\/\/legacy.jigsawpuzzel.nl\/es\/wp-json\/wp\/v2\/media?parent=11011"}],"curies":[{"name":"wp","href":"https:\/\/api.w.org\/{rel}","templated":true}]}}