{"id":10715,"date":"2020-04-15T16:24:25","date_gmt":"2020-04-15T16:24:25","guid":{"rendered":"https:\/\/onlinejigsawpuzzles.net\/do-not-sell-my-personal-information\/"},"modified":"2024-02-07T12:02:14","modified_gmt":"2024-02-07T12:02:14","slug":"politica-de-cookies-nosotros","status":"publish","type":"page","link":"https:\/\/legacy.jigsawpuzzel.nl\/es\/politica-de-cookies-nosotros\/","title":{"rendered":"Pol\u00edtica de cookies"},"content":{"rendered":"<h1>Pol\u00edtica de cookies para rompecabezas en l\u00ednea<\/h1>\n<p>Esta es la Pol\u00edtica de Cookies de Onlinejigsawpuzzles, accesible desde https:\/\/onlinejigsawpuzzles.net<\/p>\n<p>\u00bfQu\u00e9 son las cookies<\/p>\n<p>Como es pr\u00e1ctica com\u00fan en casi todos los sitios web profesionales, este sitio utiliza cookies, que son peque\u00f1os archivos que se descargan en su computadora, para mejorar su experiencia. Esta p\u00e1gina describe qu\u00e9 informaci\u00f3n recopilan, c\u00f3mo la usamos y por qu\u00e9 a veces necesitamos almacenar estas cookies. Tambi\u00e9n compartiremos c\u00f3mo puede evitar que se almacenen estas cookies; sin embargo, esto puede degradar o &quot;romper&quot; ciertos elementos de la funcionalidad del sitio.<\/p>\n<p>C\u00f3mo utilizamos las cookies<\/p>\n<p>Usamos cookies por una variedad de razones que se detallan a continuaci\u00f3n. Desafortunadamente, en la mayor\u00eda de los casos no existen opciones est\u00e1ndar de la industria para deshabilitar las cookies sin deshabilitar completamente la funcionalidad y las caracter\u00edsticas que agregan a este sitio. Se recomienda que deje activadas todas las cookies si no est\u00e1 seguro de si las necesita o no, en caso de que se utilicen para proporcionar un servicio que utiliza.<\/p>\n<p>Deshabilitar las cookies<\/p>\n<p>Puede evitar la configuraci\u00f3n de cookies ajustando la configuraci\u00f3n de su navegador (consulte la Ayuda de su navegador para saber c\u00f3mo hacerlo). Tenga en cuenta que deshabilitar las cookies afectar\u00e1 la funcionalidad de este y muchos otros sitios web que visite. Deshabilitar las cookies generalmente resultar\u00e1 en la deshabilitaci\u00f3n de ciertas funciones y caracter\u00edsticas de este sitio. Por ello se recomienda que no desactive las cookies.<\/p>\n<p>Las cookies que configuramos<\/p>\n<ul>\n<li>Cookies de preferencias del sitio\n<p>Para brindarle una excelente experiencia en este sitio, brindamos la funcionalidad para establecer sus preferencias sobre c\u00f3mo se ejecuta este sitio cuando lo usa. Para recordar sus preferencias, necesitamos configurar cookies para que se pueda acceder a esta informaci\u00f3n cada vez que interact\u00fae con una p\u00e1gina que se vea afectada por sus preferencias.<\/li>\n<\/ul>\n<p>Cookies de terceros<\/p>\n<p>En algunos casos especiales tambi\u00e9n utilizamos cookies proporcionadas por terceros de confianza. La siguiente secci\u00f3n detalla qu\u00e9 cookies de terceros puede encontrar a trav\u00e9s de este sitio.<\/p>\n<ul>\n<li>Este sitio utiliza Google Analytics, que es una de las soluciones de an\u00e1lisis m\u00e1s extendidas y confiables en la web para ayudarnos a comprender c\u00f3mo utiliza el sitio y las formas en que podemos mejorar su experiencia. Estas cookies pueden rastrear cosas como cu\u00e1nto tiempo pasa en el sitio y las p\u00e1ginas que visita para que podamos continuar produciendo contenido atractivo.\n<p>Para obtener m\u00e1s informaci\u00f3n sobre las cookies de Google Analytics, consulte la p\u00e1gina oficial de Google Analytics.<\/li>\n<li>De vez en cuando probamos nuevas funciones y realizamos cambios sutiles en la forma en que se entrega el sitio. Cuando todav\u00eda estamos probando nuevas funciones, estas cookies se pueden utilizar para garantizar que reciba una experiencia constante mientras est\u00e9 en el sitio y al mismo tiempo garantizar que comprendamos qu\u00e9 optimizaciones nuestros usuarios aprecian m\u00e1s.<\/li>\n<li>El servicio Google AdSense que utilizamos para ofrecer publicidad utiliza una cookie de DoubleClick para mostrar anuncios m\u00e1s relevantes en la web y limitar la cantidad de veces que se le muestra un anuncio determinado.\n<p>Para obtener m\u00e1s informaci\u00f3n sobre Google AdSense, consulte las preguntas frecuentes oficiales sobre privacidad de Google AdSense.<\/li>\n<li>Usamos anuncios para compensar los costos de funcionamiento de este sitio y proporcionar fondos para un mayor desarrollo. Las cookies de publicidad conductual utilizadas por este sitio est\u00e1n dise\u00f1adas para garantizar que le proporcionemos los anuncios m\u00e1s relevantes siempre que sea posible mediante el seguimiento an\u00f3nimo de sus intereses y la presentaci\u00f3n de cosas similares que puedan ser de su inter\u00e9s.<\/li>\n<\/ul>\n<p>M\u00e1s informaci\u00f3n<\/p>\n<p>Esperamos que esto le haya aclarado las cosas y, como se mencion\u00f3 anteriormente, si hay algo que no est\u00e1 seguro de necesitar o no, generalmente es m\u00e1s seguro dejar las cookies habilitadas en caso de que interact\u00fae con una de las funciones que utiliza en nuestro sitio.<\/p>\n<p>Si a\u00fan est\u00e1 buscando m\u00e1s informaci\u00f3n, puede contactarnos a trav\u00e9s de uno de nuestros m\u00e9todos de contacto preferidos:<\/p>\n<ul>\n<li>Visitando este enlace: https:\/\/biobewustzijn.es\/contacto\/<\/li>\n<\/ul>\n","protected":false},"excerpt":{"rendered":"<p>Pol\u00edtica de cookies para rompecabezas en l\u00ednea Esta es la Pol\u00edtica de Cookies de Onlinejigsawpuzzles, accesible desde https:\/\/onlinejigsawpuzzles.net \u00bfQu\u00e9 son las cookies Como es pr\u00e1ctica com\u00fan en casi todos los sitios web profesionales, este sitio utiliza cookies, que son peque\u00f1os archivos que se descargan en su computadora, para mejorar su experiencia. Esta p\u00e1gina describe qu\u00e9&#8230;<\/p>\n","protected":false},"author":1,"featured_media":0,"parent":0,"menu_order":0,"comment_status":"closed","ping_status":"closed","template":"","meta":{"_acf_changed":false,"footnotes":""},"class_list":["post-10715","page","type-page","status-publish","hentry"],"acf":[],"yoast_head":"<!-- This site is optimized with the Yoast SEO plugin v26.6 - https:\/\/yoast.com\/wordpress\/plugins\/seo\/ -->\n<title>Pol\u00edtica de cookies - Rompecabezas<\/title>\n<meta name=\"robots\" content=\"index, follow, max-snippet:-1, max-image-preview:large, max-video-preview:-1\" \/>\n<link rel=\"canonical\" href=\"https:\/\/legacy.jigsawpuzzel.nl\/es\/politica-de-cookies-nosotros\/\" \/>\n<meta property=\"og:locale\" content=\"nl_NL\" \/>\n<meta property=\"og:type\" content=\"article\" \/>\n<meta property=\"og:title\" content=\"Pol\u00edtica de cookies - Rompecabezas\" \/>\n<meta property=\"og:description\" content=\"Pol\u00edtica de cookies para rompecabezas en l\u00ednea Esta es la Pol\u00edtica de Cookies de Onlinejigsawpuzzles, accesible desde https:\/\/onlinejigsawpuzzles.net \u00bfQu\u00e9 son las cookies Como es pr\u00e1ctica com\u00fan en casi todos los sitios web profesionales, este sitio utiliza cookies, que son peque\u00f1os archivos que se descargan en su computadora, para mejorar su experiencia. Esta p\u00e1gina describe qu\u00e9...\" \/>\n<meta property=\"og:url\" content=\"https:\/\/legacy.jigsawpuzzel.nl\/es\/politica-de-cookies-nosotros\/\" \/>\n<meta property=\"og:site_name\" content=\"Rompecabezas\" \/>\n<meta property=\"article:modified_time\" content=\"2024-02-07T12:02:14+00:00\" \/>\n<meta name=\"twitter:card\" content=\"summary_large_image\" \/>\n<meta name=\"twitter:label1\" content=\"Geschatte leestijd\" \/>\n\t<meta name=\"twitter:data1\" content=\"3 minuten\" \/>\n<script type=\"application\/ld+json\" class=\"yoast-schema-graph\">{\"@context\":\"https:\/\/schema.org\",\"@graph\":[{\"@type\":\"WebPage\",\"@id\":\"https:\/\/legacy.jigsawpuzzel.nl\/es\/politica-de-cookies-nosotros\/\",\"url\":\"https:\/\/legacy.jigsawpuzzel.nl\/es\/politica-de-cookies-nosotros\/\",\"name\":\"Pol\u00edtica de cookies - Rompecabezas\",\"isPartOf\":{\"@id\":\"https:\/\/legacy.jigsawpuzzel.nl\/es\/#website\"},\"datePublished\":\"2020-04-15T16:24:25+00:00\",\"dateModified\":\"2024-02-07T12:02:14+00:00\",\"inLanguage\":\"nl-NL\",\"potentialAction\":[{\"@type\":\"ReadAction\",\"target\":[\"https:\/\/legacy.jigsawpuzzel.nl\/es\/politica-de-cookies-nosotros\/\"]}]},{\"@type\":\"WebSite\",\"@id\":\"https:\/\/legacy.jigsawpuzzel.nl\/es\/#website\",\"url\":\"https:\/\/legacy.jigsawpuzzel.nl\/es\/\",\"name\":\"Rompecabezas\",\"description\":\"Puzzles Online Gratis\",\"potentialAction\":[{\"@type\":\"SearchAction\",\"target\":{\"@type\":\"EntryPoint\",\"urlTemplate\":\"https:\/\/legacy.jigsawpuzzel.nl\/es\/?s={search_term_string}\"},\"query-input\":{\"@type\":\"PropertyValueSpecification\",\"valueRequired\":true,\"valueName\":\"search_term_string\"}}],\"inLanguage\":\"nl-NL\"}]}<\/script>\n<!-- \/ Yoast SEO plugin. -->","yoast_head_json":{"title":"Pol\u00edtica de cookies - Rompecabezas","robots":{"index":"index","follow":"follow","max-snippet":"max-snippet:-1","max-image-preview":"max-image-preview:large","max-video-preview":"max-video-preview:-1"},"canonical":"https:\/\/legacy.jigsawpuzzel.nl\/es\/politica-de-cookies-nosotros\/","og_locale":"nl_NL","og_type":"article","og_title":"Pol\u00edtica de cookies - Rompecabezas","og_description":"Pol\u00edtica de cookies para rompecabezas en l\u00ednea Esta es la Pol\u00edtica de Cookies de Onlinejigsawpuzzles, accesible desde https:\/\/onlinejigsawpuzzles.net \u00bfQu\u00e9 son las cookies Como es pr\u00e1ctica com\u00fan en casi todos los sitios web profesionales, este sitio utiliza cookies, que son peque\u00f1os archivos que se descargan en su computadora, para mejorar su experiencia. Esta p\u00e1gina describe qu\u00e9...","og_url":"https:\/\/legacy.jigsawpuzzel.nl\/es\/politica-de-cookies-nosotros\/","og_site_name":"Rompecabezas","article_modified_time":"2024-02-07T12:02:14+00:00","twitter_card":"summary_large_image","twitter_misc":{"Geschatte leestijd":"3 minuten"},"schema":{"@context":"https:\/\/schema.org","@graph":[{"@type":"WebPage","@id":"https:\/\/legacy.jigsawpuzzel.nl\/es\/politica-de-cookies-nosotros\/","url":"https:\/\/legacy.jigsawpuzzel.nl\/es\/politica-de-cookies-nosotros\/","name":"Pol\u00edtica de cookies - Rompecabezas","isPartOf":{"@id":"https:\/\/legacy.jigsawpuzzel.nl\/es\/#website"},"datePublished":"2020-04-15T16:24:25+00:00","dateModified":"2024-02-07T12:02:14+00:00","inLanguage":"nl-NL","potentialAction":[{"@type":"ReadAction","target":["https:\/\/legacy.jigsawpuzzel.nl\/es\/politica-de-cookies-nosotros\/"]}]},{"@type":"WebSite","@id":"https:\/\/legacy.jigsawpuzzel.nl\/es\/#website","url":"https:\/\/legacy.jigsawpuzzel.nl\/es\/","name":"Rompecabezas","description":"Puzzles Online Gratis","potentialAction":[{"@type":"SearchAction","target":{"@type":"EntryPoint","urlTemplate":"https:\/\/legacy.jigsawpuzzel.nl\/es\/?s={search_term_string}"},"query-input":{"@type":"PropertyValueSpecification","valueRequired":true,"valueName":"search_term_string"}}],"inLanguage":"nl-NL"}]}},"_links":{"self":[{"href":"https:\/\/legacy.jigsawpuzzel.nl\/es\/wp-json\/wp\/v2\/pages\/10715","targetHints":{"allow":["GET"]}}],"collection":[{"href":"https:\/\/legacy.jigsawpuzzel.nl\/es\/wp-json\/wp\/v2\/pages"}],"about":[{"href":"https:\/\/legacy.jigsawpuzzel.nl\/es\/wp-json\/wp\/v2\/types\/page"}],"author":[{"embeddable":true,"href":"https:\/\/legacy.jigsawpuzzel.nl\/es\/wp-json\/wp\/v2\/users\/1"}],"replies":[{"embeddable":true,"href":"https:\/\/legacy.jigsawpuzzel.nl\/es\/wp-json\/wp\/v2\/comments?post=10715"}],"version-history":[{"count":1,"href":"https:\/\/legacy.jigsawpuzzel.nl\/es\/wp-json\/wp\/v2\/pages\/10715\/revisions"}],"predecessor-version":[{"id":22899,"href":"https:\/\/legacy.jigsawpuzzel.nl\/es\/wp-json\/wp\/v2\/pages\/10715\/revisions\/22899"}],"wp:attachment":[{"href":"https:\/\/legacy.jigsawpuzzel.nl\/es\/wp-json\/wp\/v2\/media?parent=10715"}],"curies":[{"name":"wp","href":"https:\/\/api.w.org\/{rel}","templated":true}]}}