{"id":9730,"date":"2019-11-05T11:48:45","date_gmt":"2019-11-05T11:48:45","guid":{"rendered":"https:\/\/onlinejigsawpuzzles.net\/?page_id=9730"},"modified":"2024-03-14T14:55:15","modified_gmt":"2024-03-14T14:55:15","slug":"kostenlose-online-puzzles-im-vollbildmodus","status":"publish","type":"page","link":"https:\/\/legacy.jigsawpuzzel.nl\/de\/kostenlose-online-puzzles-im-vollbildmodus\/","title":{"rendered":"Kostenlose Online-Puzzles im Vollbildmodus"},"content":{"rendered":"<section class=\"l-section wpb_row height_medium\"><div class=\"l-section-h i-cf\"><div class=\"g-cols vc_row via_flex valign_top type_default stacking_default\"><div class=\"vc_col-sm-12 wpb_column vc_column_container\"><div class=\"vc_column-inner\"><div class=\"wpb_wrapper\"><div class=\"wpb_text_column\"><div class=\"wpb_wrapper\"><h1>Kostenlose Online-Puzzles im Vollbildmodus<\/h1>\n<p>Diese Seite mit Online-Puzzles.net bietet kostenlose Online-Puzzles im Vollbildmodus an. Sie k\u00f6nnen die Puzzles aus der Galerie mit 48 Teilen ausw\u00e4hlen, aber Sie k\u00f6nnen auch einen Schwierigkeitsgrad mit mehr oder weniger Teilen w\u00e4hlen. Genie\u00dfen Sie diese Website mit kostenlosen Online-Puzzles im Vollbildmodus.<\/p>\n<\/div><\/div><div class=\"w-separator size_small\"><\/div><div class=\"g-cols wpb_row via_flex valign_top type_default stacking_default\"><div class=\"vc_col-sm-12 wpb_column vc_column_container pp\"><div class=\"vc_column-inner\"><div class=\"wpb_wrapper\"><div class=\"w-grid type_grid layout_8862 cols_3 pagination_regular\" id=\"us_grid_1\" style=\"--gap:1.5rem;\" data-filterable=\"true\"><style>@media (max-width:1280px){#us_grid_1 .w-grid-item{width:50%}}@media (max-width:1024px){#us_grid_1 .w-grid-item{width:50%}}@media (max-width:600px){#us_grid_1 .w-grid-list{margin:0}#us_grid_1 .w-grid-item{width:100%;padding:0;margin-bottom:var(--gap,0px)}}.layout_8862 .w-grid-item-h{}.layout_8862 .usg_post_image_1{text-transform:none!important;height:200px!important;max-height:200px!important;min-height:200px!important}.layout_8862 .usg_post_title_1{font-size:1rem!important;font-family:var(--font-family)!important;font-weight:500!important;text-transform:none!important;margin-left:6px!important;margin-top:6px!important}.layout_8862 .usg_post_date_1{font-size:14px!important;margin-left:6px!important;margin-top:4px!important}<\/style><div class=\"w-grid-list\">\t<article class=\"w-grid-item size_1x1 post-28956 puzzles type-puzzles status-publish has-post-thumbnail hentry puzzle_type-essen\" data-id=\"28956\">\r\n\t\t<div class=\"w-grid-item-h\">\r\n\t\t\t\t\t\t\t<a href=\"https:\/\/legacy.jigsawpuzzel.nl\/de\/puzzles\/gemischtes-fruhstuck-mit-frischem-salat\/\" class=\"w-grid-item-anchor\" aria-label=\"Gemischtes Fr\u00fchst\u00fcck mit frischem Salat\"><\/a>\r\n\t\t\t\t\t\t<div class=\"w-post-elm post_image usg_post_image_1 has_height\"><a href=\"https:\/\/legacy.jigsawpuzzel.nl\/de\/puzzles\/gemischtes-fruhstuck-mit-frischem-salat\/\" aria-label=\"Gemischtes Fr\u00fchst\u00fcck mit frischem Salat\"><img decoding=\"async\" width=\"520\" height=\"329\" src=\"https:\/\/legacy.jigsawpuzzel.nl\/de\/wp-content\/uploads\/2026\/01\/Assorted-breakfast-with-fresh-salad_puzzle.jpg\" class=\"attachment-full size-full wp-post-image\" alt=\"\" srcset=\"https:\/\/legacy.jigsawpuzzel.nl\/de\/wp-content\/uploads\/2026\/01\/Assorted-breakfast-with-fresh-salad_puzzle.jpg 520w, https:\/\/legacy.jigsawpuzzel.nl\/de\/wp-content\/uploads\/2026\/01\/Assorted-breakfast-with-fresh-salad_puzzle-300x190.jpg 300w\" sizes=\"(max-width: 520px) 100vw, 520px\" \/><\/a><\/div><p class=\"w-post-elm post_title usg_post_title_1 entry-title color_link_inherit\"><a href=\"https:\/\/legacy.jigsawpuzzel.nl\/de\/puzzles\/gemischtes-fruhstuck-mit-frischem-salat\/\">Gemischtes Fr\u00fchst\u00fcck mit frischem Salat<\/a><\/p><time class=\"w-post-elm post_date usg_post_date_1 entry-date published\" datetime=\"2026-01-29T00:04:27+00:00\">January 29, 2026<\/time>\t\t<\/div>\r\n\t\t\t<\/article>\r\n\t<article class=\"w-grid-item size_1x1 post-28954 puzzles type-puzzles status-publish has-post-thumbnail hentry puzzle_type-natur\" data-id=\"28954\">\r\n\t\t<div class=\"w-grid-item-h\">\r\n\t\t\t\t\t\t\t<a href=\"https:\/\/legacy.jigsawpuzzel.nl\/de\/puzzles\/turkisfarbene-naturpools\/\" class=\"w-grid-item-anchor\" aria-label=\"T\u00fcrkisfarbene Naturpools\"><\/a>\r\n\t\t\t\t\t\t<div class=\"w-post-elm post_image usg_post_image_1 has_height\"><a href=\"https:\/\/legacy.jigsawpuzzel.nl\/de\/puzzles\/turkisfarbene-naturpools\/\" aria-label=\"T\u00fcrkisfarbene Naturpools\"><img decoding=\"async\" width=\"520\" height=\"329\" src=\"https:\/\/legacy.jigsawpuzzel.nl\/de\/wp-content\/uploads\/2026\/01\/Turquoise-colored-natural-pools_puzzle-1-6.jpg\" class=\"attachment-full size-full wp-post-image\" alt=\"Turquoise colored natural pools\" srcset=\"https:\/\/legacy.jigsawpuzzel.nl\/de\/wp-content\/uploads\/2026\/01\/Turquoise-colored-natural-pools_puzzle-1-6.jpg 520w, https:\/\/legacy.jigsawpuzzel.nl\/de\/wp-content\/uploads\/2026\/01\/Turquoise-colored-natural-pools_puzzle-1-6-300x190.jpg 300w\" sizes=\"(max-width: 520px) 100vw, 520px\" \/><\/a><\/div><p class=\"w-post-elm post_title usg_post_title_1 entry-title color_link_inherit\"><a href=\"https:\/\/legacy.jigsawpuzzel.nl\/de\/puzzles\/turkisfarbene-naturpools\/\">T\u00fcrkisfarbene Naturpools<\/a><\/p><time class=\"w-post-elm post_date usg_post_date_1 entry-date published\" datetime=\"2026-01-29T00:03:08+00:00\">January 29, 2026<\/time>\t\t<\/div>\r\n\t\t\t<\/article>\r\n\t<article class=\"w-grid-item size_1x1 post-28953 puzzles type-puzzles status-publish has-post-thumbnail hentry puzzle_type-tiere\" data-id=\"28953\">\r\n\t\t<div class=\"w-grid-item-h\">\r\n\t\t\t\t\t\t\t<a href=\"https:\/\/legacy.jigsawpuzzel.nl\/de\/puzzles\/schlafender-koala-im-baum\/\" class=\"w-grid-item-anchor\" aria-label=\"Schlafender Koala in einem Baum\"><\/a>\r\n\t\t\t\t\t\t<div class=\"w-post-elm post_image usg_post_image_1 has_height\"><a href=\"https:\/\/legacy.jigsawpuzzel.nl\/de\/puzzles\/schlafender-koala-im-baum\/\" aria-label=\"Schlafender Koala in einem Baum\"><img decoding=\"async\" width=\"520\" height=\"329\" src=\"https:\/\/legacy.jigsawpuzzel.nl\/de\/wp-content\/uploads\/2026\/01\/Sleeping-koala-in-a-tree-_puzzle.jpg\" class=\"attachment-full size-full wp-post-image\" alt=\"\" srcset=\"https:\/\/legacy.jigsawpuzzel.nl\/de\/wp-content\/uploads\/2026\/01\/Sleeping-koala-in-a-tree-_puzzle.jpg 520w, https:\/\/legacy.jigsawpuzzel.nl\/de\/wp-content\/uploads\/2026\/01\/Sleeping-koala-in-a-tree-_puzzle-300x190.jpg 300w\" sizes=\"(max-width: 520px) 100vw, 520px\" \/><\/a><\/div><p class=\"w-post-elm post_title usg_post_title_1 entry-title color_link_inherit\"><a href=\"https:\/\/legacy.jigsawpuzzel.nl\/de\/puzzles\/schlafender-koala-im-baum\/\">Schlafender Koala in einem Baum<\/a><\/p><time class=\"w-post-elm post_date usg_post_date_1 entry-date published\" datetime=\"2026-01-29T00:02:08+00:00\">January 29, 2026<\/time>\t\t<\/div>\r\n\t\t\t<\/article>\r\n\t<article class=\"w-grid-item size_1x1 post-28952 puzzles type-puzzles status-publish has-post-thumbnail hentry puzzle_type-niederlande puzzle_type-winter\" data-id=\"28952\">\r\n\t\t<div class=\"w-grid-item-h\">\r\n\t\t\t\t\t\t\t<a href=\"https:\/\/legacy.jigsawpuzzel.nl\/de\/puzzles\/winter-irgendwo-in-delft-niederlande-holz\/\" class=\"w-grid-item-anchor\" aria-label=\"Winter irgendwo in Delft, Niederlande, Holz\"><\/a>\r\n\t\t\t\t\t\t<div class=\"w-post-elm post_image usg_post_image_1 has_height\"><a href=\"https:\/\/legacy.jigsawpuzzel.nl\/de\/puzzles\/winter-irgendwo-in-delft-niederlande-holz\/\" aria-label=\"Winter irgendwo in Delft, Niederlande, Holz\"><img decoding=\"async\" width=\"520\" height=\"329\" src=\"https:\/\/legacy.jigsawpuzzel.nl\/de\/wp-content\/uploads\/2026\/01\/Winter-somewhere-Delft-Netherlands-wood_puzzle.jpg\" class=\"attachment-full size-full wp-post-image\" alt=\"\" srcset=\"https:\/\/legacy.jigsawpuzzel.nl\/de\/wp-content\/uploads\/2026\/01\/Winter-somewhere-Delft-Netherlands-wood_puzzle.jpg 520w, https:\/\/legacy.jigsawpuzzel.nl\/de\/wp-content\/uploads\/2026\/01\/Winter-somewhere-Delft-Netherlands-wood_puzzle-300x190.jpg 300w\" sizes=\"(max-width: 520px) 100vw, 520px\" \/><\/a><\/div><p class=\"w-post-elm post_title usg_post_title_1 entry-title color_link_inherit\"><a href=\"https:\/\/legacy.jigsawpuzzel.nl\/de\/puzzles\/winter-irgendwo-in-delft-niederlande-holz\/\">Winter irgendwo in Delft, Niederlande, Holz<\/a><\/p><time class=\"w-post-elm post_date usg_post_date_1 entry-date published\" datetime=\"2026-01-29T00:01:52+00:00\">January 29, 2026<\/time>\t\t<\/div>\r\n\t\t\t<\/article>\r\n\t<article class=\"w-grid-item size_1x1 post-28947 puzzles type-puzzles status-publish has-post-thumbnail hentry puzzle_type-landschaft puzzle_type-reisen puzzle_type-winter\" data-id=\"28947\">\r\n\t\t<div class=\"w-grid-item-h\">\r\n\t\t\t\t\t\t\t<a href=\"https:\/\/legacy.jigsawpuzzel.nl\/de\/puzzles\/snow-covered-mountain-landscape-with-several-chalet-style-building\/\" class=\"w-grid-item-anchor\" aria-label=\"Schneebedeckte Berglandschaft mit mehreren Geb\u00e4uden im Chalet-Stil\"><\/a>\r\n\t\t\t\t\t\t<div class=\"w-post-elm post_image usg_post_image_1 has_height\"><a href=\"https:\/\/legacy.jigsawpuzzel.nl\/de\/puzzles\/snow-covered-mountain-landscape-with-several-chalet-style-building\/\" aria-label=\"Schneebedeckte Berglandschaft mit mehreren Geb\u00e4uden im Chalet-Stil\"><img decoding=\"async\" width=\"520\" height=\"329\" src=\"https:\/\/legacy.jigsawpuzzel.nl\/de\/wp-content\/uploads\/2026\/01\/Snow-covered-mountain-landscape-with-several-chalet-style-building-_puzzle.jpg\" class=\"attachment-full size-full wp-post-image\" alt=\"\" srcset=\"https:\/\/legacy.jigsawpuzzel.nl\/de\/wp-content\/uploads\/2026\/01\/Snow-covered-mountain-landscape-with-several-chalet-style-building-_puzzle.jpg 520w, https:\/\/legacy.jigsawpuzzel.nl\/de\/wp-content\/uploads\/2026\/01\/Snow-covered-mountain-landscape-with-several-chalet-style-building-_puzzle-300x190.jpg 300w\" sizes=\"(max-width: 520px) 100vw, 520px\" \/><\/a><\/div><p class=\"w-post-elm post_title usg_post_title_1 entry-title color_link_inherit\"><a href=\"https:\/\/legacy.jigsawpuzzel.nl\/de\/puzzles\/snow-covered-mountain-landscape-with-several-chalet-style-building\/\">Schneebedeckte Berglandschaft mit mehreren Geb\u00e4uden im Chalet-Stil<\/a><\/p><time class=\"w-post-elm post_date usg_post_date_1 entry-date published\" datetime=\"2026-01-28T00:04:08+00:00\">January 28, 2026<\/time>\t\t<\/div>\r\n\t\t\t<\/article>\r\n\t<article class=\"w-grid-item size_1x1 post-28946 puzzles type-puzzles status-publish has-post-thumbnail hentry puzzle_type-natur\" data-id=\"28946\">\r\n\t\t<div class=\"w-grid-item-h\">\r\n\t\t\t\t\t\t\t<a href=\"https:\/\/legacy.jigsawpuzzel.nl\/de\/puzzles\/schilf-china-gras\/\" class=\"w-grid-item-anchor\" aria-label=\"Schilf Chinagras\"><\/a>\r\n\t\t\t\t\t\t<div class=\"w-post-elm post_image usg_post_image_1 has_height\"><a href=\"https:\/\/legacy.jigsawpuzzel.nl\/de\/puzzles\/schilf-china-gras\/\" aria-label=\"Schilf Chinagras\"><img decoding=\"async\" width=\"520\" height=\"329\" src=\"https:\/\/legacy.jigsawpuzzel.nl\/de\/wp-content\/uploads\/2026\/01\/Reed-China-grass-_puzzle.jpg\" class=\"attachment-full size-full wp-post-image\" alt=\"\" srcset=\"https:\/\/legacy.jigsawpuzzel.nl\/de\/wp-content\/uploads\/2026\/01\/Reed-China-grass-_puzzle.jpg 520w, https:\/\/legacy.jigsawpuzzel.nl\/de\/wp-content\/uploads\/2026\/01\/Reed-China-grass-_puzzle-300x190.jpg 300w\" sizes=\"(max-width: 520px) 100vw, 520px\" \/><\/a><\/div><p class=\"w-post-elm post_title usg_post_title_1 entry-title color_link_inherit\"><a href=\"https:\/\/legacy.jigsawpuzzel.nl\/de\/puzzles\/schilf-china-gras\/\">Schilf Chinagras<\/a><\/p><time class=\"w-post-elm post_date usg_post_date_1 entry-date published\" datetime=\"2026-01-28T00:03:09+00:00\">January 28, 2026<\/time>\t\t<\/div>\r\n\t\t\t<\/article>\r\n<\/div><div class=\"w-grid-preloader\">\t<div class=\"g-preloader type_1\">\r\n\t\t<div><\/div>\r\n\t<\/div>\r\n\t<\/div>\t\t\t<nav class=\"pagination navigation\" role=\"navigation\">\r\n\t\t\t\t<div class=\"nav-links\">\r\n\t\t\t\t\t<span aria-current=\"page\" class=\"page-numbers current\"><span>1<\/span><\/span>\n<a class=\"page-numbers\" href=\"https:\/\/legacy.jigsawpuzzel.nl\/de\/wp-json\/wp\/v2\/pages\/9730\/page\/2\/\"><span>2<\/span><\/a>\n<a class=\"page-numbers\" href=\"https:\/\/legacy.jigsawpuzzel.nl\/de\/wp-json\/wp\/v2\/pages\/9730\/page\/3\/\"><span>3<\/span><\/a>\n<a class=\"page-numbers\" href=\"https:\/\/legacy.jigsawpuzzel.nl\/de\/wp-json\/wp\/v2\/pages\/9730\/page\/4\/\"><span>4<\/span><\/a>\n<span class=\"page-numbers dots\">&hellip;<\/span>\n<a class=\"page-numbers\" href=\"https:\/\/legacy.jigsawpuzzel.nl\/de\/wp-json\/wp\/v2\/pages\/9730\/page\/493\/\"><span>493<\/span><\/a>\n<a class=\"next page-numbers\" href=\"https:\/\/legacy.jigsawpuzzel.nl\/de\/wp-json\/wp\/v2\/pages\/9730\/page\/2\/\"><span>Next<\/span><\/a>\t\t\t\t<\/div>\r\n\t\t\t<\/nav>\r\n\t\t\t\t<div class=\"w-grid-json hidden\" onclick='return {&quot;action&quot;:&quot;us_ajax_grid&quot;,&quot;infinite_scroll&quot;:0,&quot;max_num_pages&quot;:493,&quot;pagination&quot;:&quot;regular&quot;,&quot;template_vars&quot;:{&quot;columns&quot;:&quot;3&quot;,&quot;exclude_items&quot;:&quot;none&quot;,&quot;img_size&quot;:&quot;default&quot;,&quot;ignore_items_size&quot;:0,&quot;items_layout&quot;:&quot;8862&quot;,&quot;items_offset&quot;:&quot;1&quot;,&quot;load_animation&quot;:&quot;none&quot;,&quot;overriding_link&quot;:&quot;%7B%22type%22%3A%22post%22%7D&quot;,&quot;post_id&quot;:0,&quot;query_args&quot;:{&quot;post_type&quot;:[&quot;puzzles&quot;],&quot;post_status&quot;:[&quot;publish&quot;,&quot;acf-disabled&quot;],&quot;posts_per_page&quot;:&quot;6&quot;},&quot;orderby_query_args&quot;:{&quot;orderby&quot;:{&quot;date&quot;:&quot;DESC&quot;}},&quot;type&quot;:&quot;grid&quot;,&quot;us_grid_post_type&quot;:&quot;puzzles&quot;,&quot;us_grid_ajax_index&quot;:1,&quot;us_grid_filter_query_string&quot;:null,&quot;us_grid_index&quot;:1,&quot;page_args&quot;:[]}}'><\/div>\r\n\t<\/div><\/div><\/div><\/div><\/div><div class=\"w-separator size_small with_line width_default thick_1 style_solid color_border align_center\"><div class=\"w-separator-h\"><\/div><\/div><div class=\"wpb_text_column\"><div class=\"wpb_wrapper\"><p>Free online jigsaw puzzles of beautiful wallpapers, photos and images.<\/p>\n<\/div><\/div><\/div><\/div><\/div><\/div><\/div><\/section>\n","protected":false},"excerpt":{"rendered":"Online-Puzzle \u201eSchilf-China-Gras\u201c.","protected":false},"author":1,"featured_media":0,"parent":0,"menu_order":0,"comment_status":"closed","ping_status":"closed","template":"","meta":{"_acf_changed":false,"footnotes":""},"class_list":["post-9730","page","type-page","status-publish","hentry"],"acf":[],"yoast_head":"<!-- This site is optimized with the Yoast SEO plugin v26.6 - https:\/\/yoast.com\/wordpress\/plugins\/seo\/ -->\n<title>Kostenlose Online-Puzzles im Vollbildmodus<\/title>\n<meta name=\"description\" content=\"Diese Seite von onlinejigsawpuzzles.net bietet kostenlose Online-Puzzles im Vollbildmodus. W\u00e4hlen Sie einen Schwierigkeitsgrad mit mehr oder weniger Teilen. Kostenlose Online-Puzzles im Vollbildmodus.\" \/>\n<meta name=\"robots\" content=\"index, follow, max-snippet:-1, max-image-preview:large, max-video-preview:-1\" \/>\n<link rel=\"canonical\" href=\"https:\/\/legacy.jigsawpuzzel.nl\/de\/kostenlose-online-puzzles-im-vollbildmodus\/\" \/>\n<meta property=\"og:locale\" content=\"en_US\" \/>\n<meta property=\"og:type\" content=\"article\" \/>\n<meta property=\"og:title\" content=\"Kostenlose Online-Puzzles im Vollbildmodus\" \/>\n<meta property=\"og:description\" content=\"Diese Seite von onlinejigsawpuzzles.net bietet kostenlose Online-Puzzles im Vollbildmodus. W\u00e4hlen Sie einen Schwierigkeitsgrad mit mehr oder weniger Teilen. Kostenlose Online-Puzzles im Vollbildmodus.\" \/>\n<meta property=\"og:url\" content=\"https:\/\/legacy.jigsawpuzzel.nl\/de\/kostenlose-online-puzzles-im-vollbildmodus\/\" \/>\n<meta property=\"og:site_name\" content=\"Puzzle Online Spielen\" \/>\n<meta property=\"article:publisher\" content=\"https:\/\/www.facebook.com\/onlinejigsawpuzzles\/\" \/>\n<meta property=\"article:modified_time\" content=\"2024-03-14T14:55:15+00:00\" \/>\n<meta name=\"twitter:card\" content=\"summary_large_image\" \/>\n<meta name=\"twitter:label1\" content=\"Est. reading time\" \/>\n\t<meta name=\"twitter:data1\" content=\"1 minute\" \/>\n<script type=\"application\/ld+json\" class=\"yoast-schema-graph\">{\"@context\":\"https:\/\/schema.org\",\"@graph\":[{\"@type\":\"WebPage\",\"@id\":\"https:\/\/legacy.jigsawpuzzel.nl\/de\/kostenlose-online-puzzles-im-vollbildmodus\/\",\"url\":\"https:\/\/legacy.jigsawpuzzel.nl\/de\/kostenlose-online-puzzles-im-vollbildmodus\/\",\"name\":\"Kostenlose Online-Puzzles im Vollbildmodus\",\"isPartOf\":{\"@id\":\"https:\/\/legacy.jigsawpuzzel.nl\/de\/#website\"},\"datePublished\":\"2019-11-05T11:48:45+00:00\",\"dateModified\":\"2024-03-14T14:55:15+00:00\",\"description\":\"Diese Seite von onlinejigsawpuzzles.net bietet kostenlose Online-Puzzles im Vollbildmodus. W\u00e4hlen Sie einen Schwierigkeitsgrad mit mehr oder weniger Teilen. Kostenlose Online-Puzzles im Vollbildmodus.\",\"inLanguage\":\"en-US\",\"potentialAction\":[{\"@type\":\"ReadAction\",\"target\":[\"https:\/\/legacy.jigsawpuzzel.nl\/de\/kostenlose-online-puzzles-im-vollbildmodus\/\"]}]},{\"@type\":\"WebSite\",\"@id\":\"https:\/\/legacy.jigsawpuzzel.nl\/de\/#website\",\"url\":\"https:\/\/legacy.jigsawpuzzel.nl\/de\/\",\"name\":\"Online Jigsaw Puzzles\",\"description\":\"Kostenlose Spiele\",\"publisher\":{\"@id\":\"https:\/\/legacy.jigsawpuzzel.nl\/de\/#organization\"},\"potentialAction\":[{\"@type\":\"SearchAction\",\"target\":{\"@type\":\"EntryPoint\",\"urlTemplate\":\"https:\/\/legacy.jigsawpuzzel.nl\/de\/?s={search_term_string}\"},\"query-input\":{\"@type\":\"PropertyValueSpecification\",\"valueRequired\":true,\"valueName\":\"search_term_string\"}}],\"inLanguage\":\"en-US\"},{\"@type\":\"Organization\",\"@id\":\"https:\/\/legacy.jigsawpuzzel.nl\/de\/#organization\",\"name\":\"Online Jigsaw Puzzles\",\"url\":\"https:\/\/legacy.jigsawpuzzel.nl\/de\/\",\"logo\":{\"@type\":\"ImageObject\",\"inLanguage\":\"en-US\",\"@id\":\"https:\/\/legacy.jigsawpuzzel.nl\/de\/#\/schema\/logo\/image\/\",\"url\":\"https:\/\/onlinejigsawpuzzles.net\/wp-content\/uploads\/2020\/06\/puzzle-piece-2.png\",\"contentUrl\":\"https:\/\/onlinejigsawpuzzles.net\/wp-content\/uploads\/2020\/06\/puzzle-piece-2.png\",\"width\":50,\"height\":50,\"caption\":\"Online Jigsaw Puzzles\"},\"image\":{\"@id\":\"https:\/\/legacy.jigsawpuzzel.nl\/de\/#\/schema\/logo\/image\/\"},\"sameAs\":[\"https:\/\/www.facebook.com\/onlinejigsawpuzzles\/\"]}]}<\/script>\n<!-- \/ Yoast SEO plugin. -->","yoast_head_json":{"title":"Kostenlose Online-Puzzles im Vollbildmodus","description":"Diese Seite von onlinejigsawpuzzles.net bietet kostenlose Online-Puzzles im Vollbildmodus. W\u00e4hlen Sie einen Schwierigkeitsgrad mit mehr oder weniger Teilen. Kostenlose Online-Puzzles im Vollbildmodus.","robots":{"index":"index","follow":"follow","max-snippet":"max-snippet:-1","max-image-preview":"max-image-preview:large","max-video-preview":"max-video-preview:-1"},"canonical":"https:\/\/legacy.jigsawpuzzel.nl\/de\/kostenlose-online-puzzles-im-vollbildmodus\/","og_locale":"en_US","og_type":"article","og_title":"Kostenlose Online-Puzzles im Vollbildmodus","og_description":"Diese Seite von onlinejigsawpuzzles.net bietet kostenlose Online-Puzzles im Vollbildmodus. W\u00e4hlen Sie einen Schwierigkeitsgrad mit mehr oder weniger Teilen. Kostenlose Online-Puzzles im Vollbildmodus.","og_url":"https:\/\/legacy.jigsawpuzzel.nl\/de\/kostenlose-online-puzzles-im-vollbildmodus\/","og_site_name":"Puzzle Online Spielen","article_publisher":"https:\/\/www.facebook.com\/onlinejigsawpuzzles\/","article_modified_time":"2024-03-14T14:55:15+00:00","twitter_card":"summary_large_image","twitter_misc":{"Est. reading time":"1 minute"},"schema":{"@context":"https:\/\/schema.org","@graph":[{"@type":"WebPage","@id":"https:\/\/legacy.jigsawpuzzel.nl\/de\/kostenlose-online-puzzles-im-vollbildmodus\/","url":"https:\/\/legacy.jigsawpuzzel.nl\/de\/kostenlose-online-puzzles-im-vollbildmodus\/","name":"Kostenlose Online-Puzzles im Vollbildmodus","isPartOf":{"@id":"https:\/\/legacy.jigsawpuzzel.nl\/de\/#website"},"datePublished":"2019-11-05T11:48:45+00:00","dateModified":"2024-03-14T14:55:15+00:00","description":"Diese Seite von onlinejigsawpuzzles.net bietet kostenlose Online-Puzzles im Vollbildmodus. W\u00e4hlen Sie einen Schwierigkeitsgrad mit mehr oder weniger Teilen. Kostenlose Online-Puzzles im Vollbildmodus.","inLanguage":"en-US","potentialAction":[{"@type":"ReadAction","target":["https:\/\/legacy.jigsawpuzzel.nl\/de\/kostenlose-online-puzzles-im-vollbildmodus\/"]}]},{"@type":"WebSite","@id":"https:\/\/legacy.jigsawpuzzel.nl\/de\/#website","url":"https:\/\/legacy.jigsawpuzzel.nl\/de\/","name":"Online Jigsaw Puzzles","description":"Kostenlose Spiele","publisher":{"@id":"https:\/\/legacy.jigsawpuzzel.nl\/de\/#organization"},"potentialAction":[{"@type":"SearchAction","target":{"@type":"EntryPoint","urlTemplate":"https:\/\/legacy.jigsawpuzzel.nl\/de\/?s={search_term_string}"},"query-input":{"@type":"PropertyValueSpecification","valueRequired":true,"valueName":"search_term_string"}}],"inLanguage":"en-US"},{"@type":"Organization","@id":"https:\/\/legacy.jigsawpuzzel.nl\/de\/#organization","name":"Online Jigsaw Puzzles","url":"https:\/\/legacy.jigsawpuzzel.nl\/de\/","logo":{"@type":"ImageObject","inLanguage":"en-US","@id":"https:\/\/legacy.jigsawpuzzel.nl\/de\/#\/schema\/logo\/image\/","url":"https:\/\/onlinejigsawpuzzles.net\/wp-content\/uploads\/2020\/06\/puzzle-piece-2.png","contentUrl":"https:\/\/onlinejigsawpuzzles.net\/wp-content\/uploads\/2020\/06\/puzzle-piece-2.png","width":50,"height":50,"caption":"Online Jigsaw Puzzles"},"image":{"@id":"https:\/\/legacy.jigsawpuzzel.nl\/de\/#\/schema\/logo\/image\/"},"sameAs":["https:\/\/www.facebook.com\/onlinejigsawpuzzles\/"]}]}},"_links":{"self":[{"href":"https:\/\/legacy.jigsawpuzzel.nl\/de\/wp-json\/wp\/v2\/pages\/9730","targetHints":{"allow":["GET"]}}],"collection":[{"href":"https:\/\/legacy.jigsawpuzzel.nl\/de\/wp-json\/wp\/v2\/pages"}],"about":[{"href":"https:\/\/legacy.jigsawpuzzel.nl\/de\/wp-json\/wp\/v2\/types\/page"}],"author":[{"embeddable":true,"href":"https:\/\/legacy.jigsawpuzzel.nl\/de\/wp-json\/wp\/v2\/users\/1"}],"replies":[{"embeddable":true,"href":"https:\/\/legacy.jigsawpuzzel.nl\/de\/wp-json\/wp\/v2\/comments?post=9730"}],"version-history":[{"count":1,"href":"https:\/\/legacy.jigsawpuzzel.nl\/de\/wp-json\/wp\/v2\/pages\/9730\/revisions"}],"predecessor-version":[{"id":23224,"href":"https:\/\/legacy.jigsawpuzzel.nl\/de\/wp-json\/wp\/v2\/pages\/9730\/revisions\/23224"}],"wp:attachment":[{"href":"https:\/\/legacy.jigsawpuzzel.nl\/de\/wp-json\/wp\/v2\/media?parent=9730"}],"curies":[{"name":"wp","href":"https:\/\/api.w.org\/{rel}","templated":true}]}}