{"id":23752,"date":"2024-05-06T10:05:39","date_gmt":"2024-05-06T10:05:39","guid":{"rendered":"https:\/\/onlinejigsawpuzzles.net\/de\/?page_id=23752"},"modified":"2024-05-06T12:45:54","modified_gmt":"2024-05-06T12:45:54","slug":"emo","status":"publish","type":"page","link":"https:\/\/legacy.jigsawpuzzel.nl\/de\/emo\/","title":{"rendered":"emo"},"content":{"rendered":"<section class=\"l-section wpb_row us_custom_0f8f44b7 height_auto\"><div class=\"l-section-h i-cf\"><div class=\"g-cols vc_row via_flex valign_top type_default stacking_default\"><div class=\"vc_col-sm-12 wpb_column vc_column_container\"><div class=\"vc_column-inner\"><div class=\"wpb_wrapper\"><div class=\"wpb_text_column\"><div class=\"wpb_wrapper\"><h1>Puzzle Kostenlos Spielen<\/h1>\n<p>Onlinejigsawpuzzles.net bietet kostenlose Online-Puzzles zum Spielen an. Wir haben die sch\u00f6nsten und farbenfrohsten Hintergrundbilder und Bilder gefunden, um jedes R\u00e4tsel zu erstellen. Sie k\u00f6nnen aus einer Vielzahl von Themen aus der Galerie w\u00e4hlen, darunter Tiere, Haustiere, Hunde, Katzen, Pferde, Burgen, Anime, Zeichentrickfilme, Essen, Kinder, Motorr\u00e4der, Naturszenen, Schiffe und Boote, Reisen, Spiritualit\u00e4t, Urlaub und Kunstr\u00e4tsel. Sie k\u00f6nnen auch den Schwierigkeitsgrad von einem einfachen 6-teiligen Schnitt bis zu 247 Teilen w\u00e4hlen. Das Online-Spielen mit Puzzles hilft Menschen, die Maussteuerung zu erlernen. Es ist lehrreich und macht viel Spa\u00df. Genie\u00dfen Sie diese Website mit kostenlosen Online-Puzzles.<\/p>\n<\/div><\/div><div class=\"w-separator size_small\"><\/div><\/div><\/div><\/div><\/div><\/div><\/section><section class=\"l-section wpb_row us_custom_f212f645 height_auto\"><div class=\"l-section-h i-cf\"><div class=\"g-cols vc_row via_flex valign_top type_default stacking_default\"><div class=\"vc_col-sm-12 wpb_column vc_column_container\"><div class=\"vc_column-inner\"><div class=\"wpb_wrapper\"><div class=\"g-cols wpb_row via_flex valign_top type_default stacking_default\"><div class=\"vc_col-sm-12 wpb_column vc_column_container pp\"><div class=\"vc_column-inner\"><div class=\"wpb_wrapper\">[vc_custom_heading text=&#8221;T\u00e4gliche Puzzles online, kostenlos spielbar&#8221; use_theme_fonts=&#8221;yes&#8221;]<div class=\"w-grid type_grid layout_23766 cols_5\" id=\"us_grid_1\" style=\"--gap:0.5rem;\" data-filterable=\"true\"><style>@media (max-width:1280px){#us_grid_1 .w-grid-item{width:25%}}@media (max-width:1024px){#us_grid_1 .w-grid-item{width:33.3333%}}@media (max-width:600px){#us_grid_1 .w-grid-item{width:33.3333%}}.layout_23766 .w-grid-item-h{}.layout_23766 .usg_post_image_1{text-transform:none!important;height:200px!important;max-height:200px!important;min-height:200px!important;position:relative!important}.layout_23766 .usg_post_title_1{color:#ffffff!important;font-size:1rem!important;font-family:var(--font-family)!important;font-weight:500!important;text-transform:none!important;margin-left:6px!important;margin-top:6px!important;position:absolute!important;left:8px!important;bottom:12px!important}<\/style><div class=\"w-grid-list\">\t<article class=\"w-grid-item size_1x1 post-28956 puzzles type-puzzles status-publish has-post-thumbnail hentry puzzle_type-essen\" data-id=\"28956\">\r\n\t\t<div class=\"w-grid-item-h\">\r\n\t\t\t\t\t\t\t<a href=\"https:\/\/legacy.jigsawpuzzel.nl\/de\/puzzles\/gemischtes-fruhstuck-mit-frischem-salat\/\" class=\"w-grid-item-anchor\" aria-label=\"Gemischtes Fr\u00fchst\u00fcck mit frischem Salat\"><\/a>\r\n\t\t\t\t\t\t<div class=\"w-post-elm post_image usg_post_image_1 has_height\"><a href=\"https:\/\/legacy.jigsawpuzzel.nl\/de\/puzzles\/gemischtes-fruhstuck-mit-frischem-salat\/\" aria-label=\"Gemischtes Fr\u00fchst\u00fcck mit frischem Salat\"><img decoding=\"async\" width=\"520\" height=\"329\" src=\"https:\/\/legacy.jigsawpuzzel.nl\/de\/wp-content\/uploads\/2026\/01\/Assorted-breakfast-with-fresh-salad_puzzle.jpg\" class=\"attachment-full size-full wp-post-image\" alt=\"\" srcset=\"https:\/\/legacy.jigsawpuzzel.nl\/de\/wp-content\/uploads\/2026\/01\/Assorted-breakfast-with-fresh-salad_puzzle.jpg 520w, https:\/\/legacy.jigsawpuzzel.nl\/de\/wp-content\/uploads\/2026\/01\/Assorted-breakfast-with-fresh-salad_puzzle-300x190.jpg 300w\" sizes=\"(max-width: 520px) 100vw, 520px\" \/><\/a><\/div><p class=\"w-post-elm post_title usg_post_title_1 has_text_color entry-title color_link_inherit\"><a href=\"https:\/\/legacy.jigsawpuzzel.nl\/de\/puzzles\/gemischtes-fruhstuck-mit-frischem-salat\/\">Gemischtes Fr\u00fchst\u00fcck mit frischem Salat<\/a><\/p>\t\t<\/div>\r\n\t\t\t<\/article>\r\n\t<article class=\"w-grid-item size_1x1 post-28954 puzzles type-puzzles status-publish has-post-thumbnail hentry puzzle_type-natur\" data-id=\"28954\">\r\n\t\t<div class=\"w-grid-item-h\">\r\n\t\t\t\t\t\t\t<a href=\"https:\/\/legacy.jigsawpuzzel.nl\/de\/puzzles\/turkisfarbene-naturpools\/\" class=\"w-grid-item-anchor\" aria-label=\"T\u00fcrkisfarbene Naturpools\"><\/a>\r\n\t\t\t\t\t\t<div class=\"w-post-elm post_image usg_post_image_1 has_height\"><a href=\"https:\/\/legacy.jigsawpuzzel.nl\/de\/puzzles\/turkisfarbene-naturpools\/\" aria-label=\"T\u00fcrkisfarbene Naturpools\"><img decoding=\"async\" width=\"520\" height=\"329\" src=\"https:\/\/legacy.jigsawpuzzel.nl\/de\/wp-content\/uploads\/2026\/01\/Turquoise-colored-natural-pools_puzzle-1-6.jpg\" class=\"attachment-full size-full wp-post-image\" alt=\"Turquoise colored natural pools\" srcset=\"https:\/\/legacy.jigsawpuzzel.nl\/de\/wp-content\/uploads\/2026\/01\/Turquoise-colored-natural-pools_puzzle-1-6.jpg 520w, https:\/\/legacy.jigsawpuzzel.nl\/de\/wp-content\/uploads\/2026\/01\/Turquoise-colored-natural-pools_puzzle-1-6-300x190.jpg 300w\" sizes=\"(max-width: 520px) 100vw, 520px\" \/><\/a><\/div><p class=\"w-post-elm post_title usg_post_title_1 has_text_color entry-title color_link_inherit\"><a href=\"https:\/\/legacy.jigsawpuzzel.nl\/de\/puzzles\/turkisfarbene-naturpools\/\">T\u00fcrkisfarbene Naturpools<\/a><\/p>\t\t<\/div>\r\n\t\t\t<\/article>\r\n\t<article class=\"w-grid-item size_1x1 post-28953 puzzles type-puzzles status-publish has-post-thumbnail hentry puzzle_type-tiere\" data-id=\"28953\">\r\n\t\t<div class=\"w-grid-item-h\">\r\n\t\t\t\t\t\t\t<a href=\"https:\/\/legacy.jigsawpuzzel.nl\/de\/puzzles\/schlafender-koala-im-baum\/\" class=\"w-grid-item-anchor\" aria-label=\"Schlafender Koala in einem Baum\"><\/a>\r\n\t\t\t\t\t\t<div class=\"w-post-elm post_image usg_post_image_1 has_height\"><a href=\"https:\/\/legacy.jigsawpuzzel.nl\/de\/puzzles\/schlafender-koala-im-baum\/\" aria-label=\"Schlafender Koala in einem Baum\"><img decoding=\"async\" width=\"520\" height=\"329\" src=\"https:\/\/legacy.jigsawpuzzel.nl\/de\/wp-content\/uploads\/2026\/01\/Sleeping-koala-in-a-tree-_puzzle.jpg\" class=\"attachment-full size-full wp-post-image\" alt=\"\" srcset=\"https:\/\/legacy.jigsawpuzzel.nl\/de\/wp-content\/uploads\/2026\/01\/Sleeping-koala-in-a-tree-_puzzle.jpg 520w, https:\/\/legacy.jigsawpuzzel.nl\/de\/wp-content\/uploads\/2026\/01\/Sleeping-koala-in-a-tree-_puzzle-300x190.jpg 300w\" sizes=\"(max-width: 520px) 100vw, 520px\" \/><\/a><\/div><p class=\"w-post-elm post_title usg_post_title_1 has_text_color entry-title color_link_inherit\"><a href=\"https:\/\/legacy.jigsawpuzzel.nl\/de\/puzzles\/schlafender-koala-im-baum\/\">Schlafender Koala in einem Baum<\/a><\/p>\t\t<\/div>\r\n\t\t\t<\/article>\r\n\t<article class=\"w-grid-item size_1x1 post-28952 puzzles type-puzzles status-publish has-post-thumbnail hentry puzzle_type-niederlande puzzle_type-winter\" data-id=\"28952\">\r\n\t\t<div class=\"w-grid-item-h\">\r\n\t\t\t\t\t\t\t<a href=\"https:\/\/legacy.jigsawpuzzel.nl\/de\/puzzles\/winter-irgendwo-in-delft-niederlande-holz\/\" class=\"w-grid-item-anchor\" aria-label=\"Winter irgendwo in Delft, Niederlande, Holz\"><\/a>\r\n\t\t\t\t\t\t<div class=\"w-post-elm post_image usg_post_image_1 has_height\"><a href=\"https:\/\/legacy.jigsawpuzzel.nl\/de\/puzzles\/winter-irgendwo-in-delft-niederlande-holz\/\" aria-label=\"Winter irgendwo in Delft, Niederlande, Holz\"><img decoding=\"async\" width=\"520\" height=\"329\" src=\"https:\/\/legacy.jigsawpuzzel.nl\/de\/wp-content\/uploads\/2026\/01\/Winter-somewhere-Delft-Netherlands-wood_puzzle.jpg\" class=\"attachment-full size-full wp-post-image\" alt=\"\" srcset=\"https:\/\/legacy.jigsawpuzzel.nl\/de\/wp-content\/uploads\/2026\/01\/Winter-somewhere-Delft-Netherlands-wood_puzzle.jpg 520w, https:\/\/legacy.jigsawpuzzel.nl\/de\/wp-content\/uploads\/2026\/01\/Winter-somewhere-Delft-Netherlands-wood_puzzle-300x190.jpg 300w\" sizes=\"(max-width: 520px) 100vw, 520px\" \/><\/a><\/div><p class=\"w-post-elm post_title usg_post_title_1 has_text_color entry-title color_link_inherit\"><a href=\"https:\/\/legacy.jigsawpuzzel.nl\/de\/puzzles\/winter-irgendwo-in-delft-niederlande-holz\/\">Winter irgendwo in Delft, Niederlande, Holz<\/a><\/p>\t\t<\/div>\r\n\t\t\t<\/article>\r\n\t<article class=\"w-grid-item size_1x1 post-28947 puzzles type-puzzles status-publish has-post-thumbnail hentry puzzle_type-landschaft puzzle_type-reisen puzzle_type-winter\" data-id=\"28947\">\r\n\t\t<div class=\"w-grid-item-h\">\r\n\t\t\t\t\t\t\t<a href=\"https:\/\/legacy.jigsawpuzzel.nl\/de\/puzzles\/snow-covered-mountain-landscape-with-several-chalet-style-building\/\" class=\"w-grid-item-anchor\" aria-label=\"Schneebedeckte Berglandschaft mit mehreren Geb\u00e4uden im Chalet-Stil\"><\/a>\r\n\t\t\t\t\t\t<div class=\"w-post-elm post_image usg_post_image_1 has_height\"><a href=\"https:\/\/legacy.jigsawpuzzel.nl\/de\/puzzles\/snow-covered-mountain-landscape-with-several-chalet-style-building\/\" aria-label=\"Schneebedeckte Berglandschaft mit mehreren Geb\u00e4uden im Chalet-Stil\"><img decoding=\"async\" width=\"520\" height=\"329\" src=\"https:\/\/legacy.jigsawpuzzel.nl\/de\/wp-content\/uploads\/2026\/01\/Snow-covered-mountain-landscape-with-several-chalet-style-building-_puzzle.jpg\" class=\"attachment-full size-full wp-post-image\" alt=\"\" srcset=\"https:\/\/legacy.jigsawpuzzel.nl\/de\/wp-content\/uploads\/2026\/01\/Snow-covered-mountain-landscape-with-several-chalet-style-building-_puzzle.jpg 520w, https:\/\/legacy.jigsawpuzzel.nl\/de\/wp-content\/uploads\/2026\/01\/Snow-covered-mountain-landscape-with-several-chalet-style-building-_puzzle-300x190.jpg 300w\" sizes=\"(max-width: 520px) 100vw, 520px\" \/><\/a><\/div><p class=\"w-post-elm post_title usg_post_title_1 has_text_color entry-title color_link_inherit\"><a href=\"https:\/\/legacy.jigsawpuzzel.nl\/de\/puzzles\/snow-covered-mountain-landscape-with-several-chalet-style-building\/\">Schneebedeckte Berglandschaft mit mehreren Geb\u00e4uden im Chalet-Stil<\/a><\/p>\t\t<\/div>\r\n\t\t\t<\/article>\r\n\t<article class=\"w-grid-item size_1x1 post-28946 puzzles type-puzzles status-publish has-post-thumbnail hentry puzzle_type-natur\" data-id=\"28946\">\r\n\t\t<div class=\"w-grid-item-h\">\r\n\t\t\t\t\t\t\t<a href=\"https:\/\/legacy.jigsawpuzzel.nl\/de\/puzzles\/schilf-china-gras\/\" class=\"w-grid-item-anchor\" aria-label=\"Schilf Chinagras\"><\/a>\r\n\t\t\t\t\t\t<div class=\"w-post-elm post_image usg_post_image_1 has_height\"><a href=\"https:\/\/legacy.jigsawpuzzel.nl\/de\/puzzles\/schilf-china-gras\/\" aria-label=\"Schilf Chinagras\"><img decoding=\"async\" width=\"520\" height=\"329\" src=\"https:\/\/legacy.jigsawpuzzel.nl\/de\/wp-content\/uploads\/2026\/01\/Reed-China-grass-_puzzle.jpg\" class=\"attachment-full size-full wp-post-image\" alt=\"\" srcset=\"https:\/\/legacy.jigsawpuzzel.nl\/de\/wp-content\/uploads\/2026\/01\/Reed-China-grass-_puzzle.jpg 520w, https:\/\/legacy.jigsawpuzzel.nl\/de\/wp-content\/uploads\/2026\/01\/Reed-China-grass-_puzzle-300x190.jpg 300w\" sizes=\"(max-width: 520px) 100vw, 520px\" \/><\/a><\/div><p class=\"w-post-elm post_title usg_post_title_1 has_text_color entry-title color_link_inherit\"><a href=\"https:\/\/legacy.jigsawpuzzel.nl\/de\/puzzles\/schilf-china-gras\/\">Schilf Chinagras<\/a><\/p>\t\t<\/div>\r\n\t\t\t<\/article>\r\n\t<article class=\"w-grid-item size_1x1 post-28945 puzzles type-puzzles status-publish has-post-thumbnail hentry puzzle_type-bunt puzzle_type-liebe\" data-id=\"28945\">\r\n\t\t<div class=\"w-grid-item-h\">\r\n\t\t\t\t\t\t\t<a href=\"https:\/\/legacy.jigsawpuzzel.nl\/de\/puzzles\/ein-bild-von-liebesschlossern\/\" class=\"w-grid-item-anchor\" aria-label=\"Ein Bild von Liebesschl\u00f6ssern\"><\/a>\r\n\t\t\t\t\t\t<div class=\"w-post-elm post_image usg_post_image_1 has_height\"><a href=\"https:\/\/legacy.jigsawpuzzel.nl\/de\/puzzles\/ein-bild-von-liebesschlossern\/\" aria-label=\"Ein Bild von Liebesschl\u00f6ssern\"><img decoding=\"async\" width=\"520\" height=\"329\" src=\"https:\/\/legacy.jigsawpuzzel.nl\/de\/wp-content\/uploads\/2026\/01\/A-image-of-love-locks_puzzle.jpg\" class=\"attachment-full size-full wp-post-image\" alt=\"\" srcset=\"https:\/\/legacy.jigsawpuzzel.nl\/de\/wp-content\/uploads\/2026\/01\/A-image-of-love-locks_puzzle.jpg 520w, https:\/\/legacy.jigsawpuzzel.nl\/de\/wp-content\/uploads\/2026\/01\/A-image-of-love-locks_puzzle-300x190.jpg 300w\" sizes=\"(max-width: 520px) 100vw, 520px\" \/><\/a><\/div><p class=\"w-post-elm post_title usg_post_title_1 has_text_color entry-title color_link_inherit\"><a href=\"https:\/\/legacy.jigsawpuzzel.nl\/de\/puzzles\/ein-bild-von-liebesschlossern\/\">Ein Bild von Liebesschl\u00f6ssern<\/a><\/p>\t\t<\/div>\r\n\t\t\t<\/article>\r\n\t<article class=\"w-grid-item size_1x1 post-28944 puzzles type-puzzles status-publish has-post-thumbnail hentry puzzle_type-tiere\" data-id=\"28944\">\r\n\t\t<div class=\"w-grid-item-h\">\r\n\t\t\t\t\t\t\t<a href=\"https:\/\/legacy.jigsawpuzzel.nl\/de\/puzzles\/a-boyds-forest-dragon-lizard\/\" class=\"w-grid-item-anchor\" aria-label=\"Eine Walddrachenechse von Boyds\"><\/a>\r\n\t\t\t\t\t\t<div class=\"w-post-elm post_image usg_post_image_1 has_height\"><a href=\"https:\/\/legacy.jigsawpuzzel.nl\/de\/puzzles\/a-boyds-forest-dragon-lizard\/\" aria-label=\"Eine Walddrachenechse von Boyds\"><img decoding=\"async\" width=\"520\" height=\"329\" src=\"https:\/\/legacy.jigsawpuzzel.nl\/de\/wp-content\/uploads\/2026\/01\/A-boyds-forest-dragon-lizard_puzzle.jpg\" class=\"attachment-full size-full wp-post-image\" alt=\"\" srcset=\"https:\/\/legacy.jigsawpuzzel.nl\/de\/wp-content\/uploads\/2026\/01\/A-boyds-forest-dragon-lizard_puzzle.jpg 520w, https:\/\/legacy.jigsawpuzzel.nl\/de\/wp-content\/uploads\/2026\/01\/A-boyds-forest-dragon-lizard_puzzle-300x190.jpg 300w\" sizes=\"(max-width: 520px) 100vw, 520px\" \/><\/a><\/div><p class=\"w-post-elm post_title usg_post_title_1 has_text_color entry-title color_link_inherit\"><a href=\"https:\/\/legacy.jigsawpuzzel.nl\/de\/puzzles\/a-boyds-forest-dragon-lizard\/\">Eine Walddrachenechse von Boyds<\/a><\/p>\t\t<\/div>\r\n\t\t\t<\/article>\r\n<\/div><div class=\"w-grid-preloader\">\t<div class=\"g-preloader type_1\">\r\n\t\t<div><\/div>\r\n\t<\/div>\r\n\t<\/div>\t<div class=\"w-grid-json hidden\" onclick='return {&quot;action&quot;:&quot;us_ajax_grid&quot;,&quot;infinite_scroll&quot;:0,&quot;max_num_pages&quot;:370,&quot;pagination&quot;:&quot;none&quot;,&quot;template_vars&quot;:{&quot;columns&quot;:&quot;5&quot;,&quot;exclude_items&quot;:&quot;none&quot;,&quot;img_size&quot;:&quot;default&quot;,&quot;ignore_items_size&quot;:0,&quot;items_layout&quot;:&quot;23766&quot;,&quot;items_offset&quot;:&quot;1&quot;,&quot;load_animation&quot;:&quot;none&quot;,&quot;overriding_link&quot;:&quot;%7B%22type%22%3A%22post%22%7D&quot;,&quot;post_id&quot;:0,&quot;query_args&quot;:{&quot;post_type&quot;:[&quot;puzzles&quot;],&quot;post_status&quot;:[&quot;publish&quot;,&quot;acf-disabled&quot;],&quot;posts_per_page&quot;:&quot;8&quot;},&quot;orderby_query_args&quot;:{&quot;orderby&quot;:{&quot;date&quot;:&quot;DESC&quot;}},&quot;type&quot;:&quot;grid&quot;,&quot;us_grid_post_type&quot;:&quot;puzzles&quot;,&quot;us_grid_ajax_index&quot;:1,&quot;us_grid_filter_query_string&quot;:null,&quot;us_grid_index&quot;:1,&quot;page_args&quot;:[]}}'><\/div>\r\n\t<\/div><\/div><\/div><\/div><\/div><div class=\"w-separator size_small\"><\/div><div class=\"w-btn-wrapper align_none\"><a class=\"w-btn us-btn-style_1\" href=\"https:\/\/onlinejigsawpuzzles.net\/de\/alles-puzzles\/page\/2\/\"><span class=\"w-btn-label\">Weitere Puzzles<\/span><\/a><\/div><div class=\"w-separator size_medium\"><\/div><div class=\"wpb_text_column us_custom_ea2be81a\"><div class=\"wpb_wrapper\"><h2>Kostenlose Puzzles<\/h2>\n<p>Spielen Sie Hunderte von Puzzlespielen kostenlos. Unsere kostenlosen R\u00e4tsel sind von h\u00f6chster Qualit\u00e4t und k\u00f6nnen alle im Vollbildmodus gespielt werden. Online-R\u00e4tsel zu spielen ist entspannend und ein toller Zeitvertreib. Diese kostenlosen Online-Puzzlespiele sind perfekt f\u00fcr Kinder, Jugendliche und Erwachsene gleicherma\u00dfen. Sie bieten eine Vielzahl von Themen, Schwierigkeitsgraden und sogar Soundeffekten.<\/p>\n<h2>Warum Puzzles online spielen?<\/h2>\n<p>Das Spielen von Online-Puzzlespielen ist sowohl bei Erwachsenen als auch bei Kindern sehr beliebt. Es bietet eine einfache M\u00f6glichkeit, sich zu entspannen und Spa\u00df zu haben, und lehrt Sie gleichzeitig neue F\u00e4higkeiten.<\/p>\n<\/div><\/div><\/div><\/div><\/div><\/div><\/div><\/section><section class=\"l-section wpb_row height_medium\"><div class=\"l-section-h i-cf\"><div class=\"g-cols vc_row via_flex valign_top type_default stacking_default\"><div class=\"vc_col-sm-12 wpb_column vc_column_container\"><div class=\"vc_column-inner\"><div class=\"wpb_wrapper\"><\/div><\/div><\/div><\/div><\/div><\/section>\n","protected":false},"excerpt":{"rendered":"Ein Online-Puzzle mit einem Walddrachen und einer Eidechse von Boyds.","protected":false},"author":1,"featured_media":0,"parent":0,"menu_order":0,"comment_status":"closed","ping_status":"closed","template":"","meta":{"_acf_changed":false,"footnotes":""},"class_list":["post-23752","page","type-page","status-publish","hentry"],"acf":[],"yoast_head":"<!-- This site is optimized with the Yoast SEO plugin v26.6 - https:\/\/yoast.com\/wordpress\/plugins\/seo\/ -->\n<title>emo - Puzzle Online Spielen<\/title>\n<meta name=\"robots\" content=\"index, follow, max-snippet:-1, max-image-preview:large, max-video-preview:-1\" \/>\n<link rel=\"canonical\" href=\"https:\/\/legacy.jigsawpuzzel.nl\/de\/emo\/\" \/>\n<meta property=\"og:locale\" content=\"en_US\" \/>\n<meta property=\"og:type\" content=\"article\" \/>\n<meta property=\"og:title\" content=\"emo - Puzzle Online Spielen\" \/>\n<meta property=\"og:url\" content=\"https:\/\/legacy.jigsawpuzzel.nl\/de\/emo\/\" \/>\n<meta property=\"og:site_name\" content=\"Puzzle Online Spielen\" \/>\n<meta property=\"article:publisher\" content=\"https:\/\/www.facebook.com\/onlinejigsawpuzzles\/\" \/>\n<meta property=\"article:modified_time\" content=\"2024-05-06T12:45:54+00:00\" \/>\n<meta name=\"twitter:card\" content=\"summary_large_image\" \/>\n<meta name=\"twitter:label1\" content=\"Est. reading time\" \/>\n\t<meta name=\"twitter:data1\" content=\"1 minute\" \/>\n<script type=\"application\/ld+json\" class=\"yoast-schema-graph\">{\"@context\":\"https:\/\/schema.org\",\"@graph\":[{\"@type\":\"WebPage\",\"@id\":\"https:\/\/legacy.jigsawpuzzel.nl\/de\/emo\/\",\"url\":\"https:\/\/legacy.jigsawpuzzel.nl\/de\/emo\/\",\"name\":\"emo - Puzzle Online Spielen\",\"isPartOf\":{\"@id\":\"https:\/\/legacy.jigsawpuzzel.nl\/de\/#website\"},\"datePublished\":\"2024-05-06T10:05:39+00:00\",\"dateModified\":\"2024-05-06T12:45:54+00:00\",\"inLanguage\":\"en-US\",\"potentialAction\":[{\"@type\":\"ReadAction\",\"target\":[\"https:\/\/legacy.jigsawpuzzel.nl\/de\/emo\/\"]}]},{\"@type\":\"WebSite\",\"@id\":\"https:\/\/legacy.jigsawpuzzel.nl\/de\/#website\",\"url\":\"https:\/\/legacy.jigsawpuzzel.nl\/de\/\",\"name\":\"Online Jigsaw Puzzles\",\"description\":\"Kostenlose Spiele\",\"publisher\":{\"@id\":\"https:\/\/legacy.jigsawpuzzel.nl\/de\/#organization\"},\"potentialAction\":[{\"@type\":\"SearchAction\",\"target\":{\"@type\":\"EntryPoint\",\"urlTemplate\":\"https:\/\/legacy.jigsawpuzzel.nl\/de\/?s={search_term_string}\"},\"query-input\":{\"@type\":\"PropertyValueSpecification\",\"valueRequired\":true,\"valueName\":\"search_term_string\"}}],\"inLanguage\":\"en-US\"},{\"@type\":\"Organization\",\"@id\":\"https:\/\/legacy.jigsawpuzzel.nl\/de\/#organization\",\"name\":\"Online Jigsaw Puzzles\",\"url\":\"https:\/\/legacy.jigsawpuzzel.nl\/de\/\",\"logo\":{\"@type\":\"ImageObject\",\"inLanguage\":\"en-US\",\"@id\":\"https:\/\/legacy.jigsawpuzzel.nl\/de\/#\/schema\/logo\/image\/\",\"url\":\"https:\/\/onlinejigsawpuzzles.net\/wp-content\/uploads\/2020\/06\/puzzle-piece-2.png\",\"contentUrl\":\"https:\/\/onlinejigsawpuzzles.net\/wp-content\/uploads\/2020\/06\/puzzle-piece-2.png\",\"width\":50,\"height\":50,\"caption\":\"Online Jigsaw Puzzles\"},\"image\":{\"@id\":\"https:\/\/legacy.jigsawpuzzel.nl\/de\/#\/schema\/logo\/image\/\"},\"sameAs\":[\"https:\/\/www.facebook.com\/onlinejigsawpuzzles\/\"]}]}<\/script>\n<!-- \/ Yoast SEO plugin. -->","yoast_head_json":{"title":"emo - Puzzle Online Spielen","robots":{"index":"index","follow":"follow","max-snippet":"max-snippet:-1","max-image-preview":"max-image-preview:large","max-video-preview":"max-video-preview:-1"},"canonical":"https:\/\/legacy.jigsawpuzzel.nl\/de\/emo\/","og_locale":"en_US","og_type":"article","og_title":"emo - Puzzle Online Spielen","og_url":"https:\/\/legacy.jigsawpuzzel.nl\/de\/emo\/","og_site_name":"Puzzle Online Spielen","article_publisher":"https:\/\/www.facebook.com\/onlinejigsawpuzzles\/","article_modified_time":"2024-05-06T12:45:54+00:00","twitter_card":"summary_large_image","twitter_misc":{"Est. reading time":"1 minute"},"schema":{"@context":"https:\/\/schema.org","@graph":[{"@type":"WebPage","@id":"https:\/\/legacy.jigsawpuzzel.nl\/de\/emo\/","url":"https:\/\/legacy.jigsawpuzzel.nl\/de\/emo\/","name":"emo - Puzzle Online Spielen","isPartOf":{"@id":"https:\/\/legacy.jigsawpuzzel.nl\/de\/#website"},"datePublished":"2024-05-06T10:05:39+00:00","dateModified":"2024-05-06T12:45:54+00:00","inLanguage":"en-US","potentialAction":[{"@type":"ReadAction","target":["https:\/\/legacy.jigsawpuzzel.nl\/de\/emo\/"]}]},{"@type":"WebSite","@id":"https:\/\/legacy.jigsawpuzzel.nl\/de\/#website","url":"https:\/\/legacy.jigsawpuzzel.nl\/de\/","name":"Online Jigsaw Puzzles","description":"Kostenlose Spiele","publisher":{"@id":"https:\/\/legacy.jigsawpuzzel.nl\/de\/#organization"},"potentialAction":[{"@type":"SearchAction","target":{"@type":"EntryPoint","urlTemplate":"https:\/\/legacy.jigsawpuzzel.nl\/de\/?s={search_term_string}"},"query-input":{"@type":"PropertyValueSpecification","valueRequired":true,"valueName":"search_term_string"}}],"inLanguage":"en-US"},{"@type":"Organization","@id":"https:\/\/legacy.jigsawpuzzel.nl\/de\/#organization","name":"Online Jigsaw Puzzles","url":"https:\/\/legacy.jigsawpuzzel.nl\/de\/","logo":{"@type":"ImageObject","inLanguage":"en-US","@id":"https:\/\/legacy.jigsawpuzzel.nl\/de\/#\/schema\/logo\/image\/","url":"https:\/\/onlinejigsawpuzzles.net\/wp-content\/uploads\/2020\/06\/puzzle-piece-2.png","contentUrl":"https:\/\/onlinejigsawpuzzles.net\/wp-content\/uploads\/2020\/06\/puzzle-piece-2.png","width":50,"height":50,"caption":"Online Jigsaw Puzzles"},"image":{"@id":"https:\/\/legacy.jigsawpuzzel.nl\/de\/#\/schema\/logo\/image\/"},"sameAs":["https:\/\/www.facebook.com\/onlinejigsawpuzzles\/"]}]}},"_links":{"self":[{"href":"https:\/\/legacy.jigsawpuzzel.nl\/de\/wp-json\/wp\/v2\/pages\/23752","targetHints":{"allow":["GET"]}}],"collection":[{"href":"https:\/\/legacy.jigsawpuzzel.nl\/de\/wp-json\/wp\/v2\/pages"}],"about":[{"href":"https:\/\/legacy.jigsawpuzzel.nl\/de\/wp-json\/wp\/v2\/types\/page"}],"author":[{"embeddable":true,"href":"https:\/\/legacy.jigsawpuzzel.nl\/de\/wp-json\/wp\/v2\/users\/1"}],"replies":[{"embeddable":true,"href":"https:\/\/legacy.jigsawpuzzel.nl\/de\/wp-json\/wp\/v2\/comments?post=23752"}],"version-history":[{"count":31,"href":"https:\/\/legacy.jigsawpuzzel.nl\/de\/wp-json\/wp\/v2\/pages\/23752\/revisions"}],"predecessor-version":[{"id":23784,"href":"https:\/\/legacy.jigsawpuzzel.nl\/de\/wp-json\/wp\/v2\/pages\/23752\/revisions\/23784"}],"wp:attachment":[{"href":"https:\/\/legacy.jigsawpuzzel.nl\/de\/wp-json\/wp\/v2\/media?parent=23752"}],"curies":[{"name":"wp","href":"https:\/\/api.w.org\/{rel}","templated":true}]}}