{"id":15107,"date":"2021-09-24T13:34:45","date_gmt":"2021-09-24T13:34:45","guid":{"rendered":"https:\/\/onlinejigsawpuzzles.net\/?page_id=15107"},"modified":"2024-03-14T14:54:48","modified_gmt":"2024-03-14T14:54:48","slug":"geschichte","status":"publish","type":"page","link":"https:\/\/legacy.jigsawpuzzel.nl\/de\/geschichte\/","title":{"rendered":"Geschichte"},"content":{"rendered":"<section class=\"l-section wpb_row height_medium\"><div class=\"l-section-h i-cf\"><div class=\"g-cols vc_row via_flex valign_top type_default stacking_default\"><div class=\"vc_col-sm-12 wpb_column vc_column_container\"><div class=\"vc_column-inner\"><div class=\"wpb_wrapper\"><div class=\"wpb_text_column us_custom_933613eb\"><div class=\"wpb_wrapper\"><h1>Geschichte der Puzzles<\/h1>\n<p>For those who fancy jigsaw puzzles, did you know that the first one is believed to be produced in 1760 by <span style=\"color: #ff6600;\">John Spilsbury<\/span>, a Londoner engraver and mapmaker. Es wurde zu Bildungszwecken verwendet, weil Lehrer es hilfreich fanden, Kindern Geographie beizubringen, und es wurde bis 1820 auf diese Weise weiter verwendet. Das Endergebnis war eine Hartholzkarte, die in verschiedene Formen geschnitten wurde und Teile von L\u00e4ndern zeigte. Genau wie heutzutage mussten Kinder das Puzzle zusammensetzen.<\/p>\n<p><img decoding=\"async\" class=\"alignleft wp-image-15109 size-medium\" src=\"https:\/\/onlinejigsawpuzzles.net\/wp-content\/uploads\/2021\/09\/Spilsbury_jigsaw_-_John_Spilsbury_1766_-_BL-300x281.jpg\" alt=\"Geschichte der Puzzles\" width=\"300\" height=\"281\" srcset=\"https:\/\/legacy.jigsawpuzzel.nl\/de\/wp-content\/uploads\/2021\/09\/Spilsbury_jigsaw_-_John_Spilsbury_1766_-_BL-300x281.jpg 300w, https:\/\/legacy.jigsawpuzzel.nl\/de\/wp-content\/uploads\/2021\/09\/Spilsbury_jigsaw_-_John_Spilsbury_1766_-_BL-1024x958.jpg 1024w, https:\/\/legacy.jigsawpuzzel.nl\/de\/wp-content\/uploads\/2021\/09\/Spilsbury_jigsaw_-_John_Spilsbury_1766_-_BL.jpg 1434w\" sizes=\"(max-width: 300px) 100vw, 300px\" \/><\/p>\n<p>Sp\u00e4ter erfuhr das Puzzle einige \u00c4nderungen in der Art und Weise, wie es hergestellt wurde. Man sagt, dass die St\u00fccke im Jahr 1820 mit einer Trets\u00e4ge geschnitten wurden, tats\u00e4chlich wurde jedoch eine Laubs\u00e4ge anstelle einer Stichs\u00e4ge verwendet. Eine weitere Ver\u00e4nderung kam am Ende des Jahrhunderts. Sie beschlossen, Sperrholz zu verwenden, um es ansprechender zu gestalten. Die St\u00fccke wurden mit einem Bleistift nachgezeichnet, um die Linien vor dem Ausschneiden der Karte zu zeichnen, und auf der Vorderseite wurden Illustrationen verwendet, um ein sch\u00f6nes und fesselndes Design f\u00fcr die K\u00e4ufer zu schaffen. Wenn Sie von Ihrer Neugier getrieben sind, finden sich solche Bleistiftzeichnungen auch heute noch in alten Puzzles.<\/p>\n<h2>Puzzles waren haupts\u00e4chlich auf den Kindermarkt ausgerichtet<\/h2>\n<p>Der Prozess der Verbesserung von Puzzles war langwierig. Im sp\u00e4ten 19 Jahrhundert wurden schlie\u00dflich Papppuzzles auf den Markt gebracht. Da das erste ein gutes Hilfsmittel war, um Kinder zum Lernen anzuregen, konzentrierten sich Papppuzzles haupts\u00e4chlich auf den Markt f\u00fcr Kinderunterhaltung. Auch die Methode zum Schneiden der St\u00fccke wurde Ende des 20 Jahrhunderts ge\u00e4ndert. Die Papppuzzles wurden aus d\u00fcnnen Metallstreifen mit gesch\u00e4rften Kanten gestanzt. Das gedrehte Metall wurde auf die Platte und sp\u00e4ter auf den Karton gepresst, wodurch ihm eine sch\u00f6ne und pr\u00e4zise Form verliehen wurde. Schlie\u00dflich konnten Kinder (oder besser gesagt Eltern) zwischen Holz- und Papppuzzles w\u00e4hlen.<\/p>\n<p>Daher produzierten die Hersteller zu Beginn des 20 Jahrhunderts weiterhin Holzpuzzles, weil sie dachten, die Papppuzzles seien nicht so exklusiv wie die aus Pappe. War es tats\u00e4chlich der wahre Grund? Oder es war der Gewinn, den sie durch den Verkauf von Holzpuzzles erzielten? Der Unterschied war nicht gering. Um Ihnen eine Vorstellung zu geben: Die Kosten f\u00fcr ein Holzpuzzle betrugen 1 US-Dollar.00, aber das Pappmodell kostete 25 \u00a2.<\/p>\n<h2>Das Goldene Zeitalter der Puzzles<\/h2>\n<p>Der wahre Erfolg von Puzzles begann in den 1920er und 1930er Jahren, die als das Goldene Zeitalter gelten. Hochwertige R\u00e4tsel beinhalteten bedeutende Szenen, Begeisterung f\u00fcr die innovativen Bereiche Schiene und Schifffahrt und nat\u00fcrlich neue Marketingstrategien. All dies wurde von Unternehmen wie Chad Valley und Victory in Gro\u00dfbritannien sowie Einson-Freeman, Viking und vielen anderen in den Vereinigten Staaten ins Leben gerufen und produziert.<\/p>\n<h2>Konzentrieren Sie sich mehr auf das Alter als auf Kinder<\/h2>\n<p>Was hatten diese Unternehmen bei der Entwicklung der neuen Version von Puzzles im Sinn? Sie alle wollten den Markt erweitern und sich auf mehr Altersgruppen statt auf Kinder konzentrieren. Erwachsene r\u00fcckten in ihren Fokus und weckten in ihnen den Wunsch, schwierigere, aber dennoch attraktive Puzzles zu erstellen. Eine erfolgreiche Idee war es, beim Kauf eines Artikels ein Puzzle zu verschenken. Einson-Freeman aus Long Island City in New York begann beispielsweise 1931 mit der Anwendung dieser Strategie und gab f\u00fcr jeden Zahnb\u00fcrstenkauf ein Puzzle heraus. Die Jahre der Weltwirtschaftskrise im September 1931 gaben Raum f\u00fcr eine neue Strategie: das w\u00f6chentliche Puzzle. Dies wurde zun\u00e4chst in den Vereinigten Staaten umgesetzt und 12000 Puzzles gedruckt. Die Zahl wuchs weiter und erreichte 200000.<\/p>\n<p>Dies war eine neue Art, Menschen zu unterhalten, da diese Jahre hart zu leben waren und Aktivit\u00e4ten irgendwie nicht so viel Spa\u00df machten wie das Spielen eines Puzzles. Es galt als attraktives Werkzeug f\u00fcr Einzelpersonen oder sogar Gruppen von Menschen oder Freunden. Interessanter ist die Tatsache, dass diese Puzzles nicht nur von einer Familie verwendet wurden. Sie wurden mit anderen Verwandten geteilt, sobald einer von ihnen das R\u00e4tsel gel\u00f6st hatte. Mit anderen Worten: Es war ein g\u00fcnstiges Angebot und ein gutes Mittel gegen Stress und \u00c4ngste. Nicht nur Kinder, sondern auch Erwachsene schienen Puzzles so sehr zu m\u00f6gen, dass sie sie weiterhin kauften. Verschiedene Formen und Bilder machten sie jedes Mal neugieriger.<\/p>\n<h2>Puzzles, zeitlose Unterhaltung!<\/h2>\n<p>Puzzles haben der Zeit widerstanden, sie sind mit der Zeit nicht eingerostet und in Vergessenheit geraten, stattdessen kaufen Menschen wie Erwachsene oder Eltern weiterhin solche Zeitvertreibsspiele zu Unterhaltungszwecken. Einige Lehrer, insbesondere im Kindergarten oder in der Grundschule, verwenden Puzzles f\u00fcr einen unterhaltsamen und abwechslungsreichen Unterricht, damit Kinder effizienter lernen. Das Zusammensetzen von Puzzles ist ges\u00fcnder als das Spielen von Videospielen. Unser Gehirn reagiert auf eine Art und Weise, die unsere Konzentration und Fokussierung anregt, das Ged\u00e4chtnis verbessert sich und unsere Fantasie spielt mehr mit den Bildern des Puzzles. Videospiele machen zwar irgendwie Spa\u00df, machen aber Studien zufolge s\u00fcchtiger als Puzzles. Digitale Unterhaltung bringt Nebenwirkungen mit sich, wie z B Augenerm\u00fcdung durch blaue Strahlen, aber das passiert bei Puzzles nicht. Treffen Sie eine kluge Wahl und haben Sie gleichzeitig Spa\u00df.<\/p>\n<\/div><\/div><\/div><\/div><\/div><\/div><\/div><\/section>\n","protected":false},"excerpt":{"rendered":"Geschichte der Puzzles For those who fancy jigsaw puzzles, did you know that the first one is believed to be produced in 1760 by John Spilsbury, a Londoner engraver and mapmaker. Es wurde zu Bildungszwecken verwendet, weil Lehrer es hilfreich fanden, Kindern Geographie beizubringen, und es wurde bis 1820 auf diese Weise weiter verwendet. Das...","protected":false},"author":1,"featured_media":0,"parent":0,"menu_order":0,"comment_status":"closed","ping_status":"closed","template":"","meta":{"_acf_changed":false,"footnotes":""},"class_list":["post-15107","page","type-page","status-publish","hentry"],"acf":[],"yoast_head":"<!-- This site is optimized with the Yoast SEO plugin v26.6 - https:\/\/yoast.com\/wordpress\/plugins\/seo\/ -->\n<title>Geschichte der Puzzles - Puzzle Online Spielen<\/title>\n<meta name=\"description\" content=\"Man geht davon aus, dass das erste Puzzle 1760 von John Spilsbury, einem Londoner Graveur und Kartographen, hergestellt wurde. Lesen Sie hier die gesamte Geschichte.\" \/>\n<meta name=\"robots\" content=\"index, follow, max-snippet:-1, max-image-preview:large, max-video-preview:-1\" \/>\n<link rel=\"canonical\" href=\"https:\/\/legacy.jigsawpuzzel.nl\/de\/geschichte\/\" \/>\n<meta property=\"og:locale\" content=\"en_US\" \/>\n<meta property=\"og:type\" content=\"article\" \/>\n<meta property=\"og:title\" content=\"Geschichte der Puzzles - Puzzle Online Spielen\" \/>\n<meta property=\"og:description\" content=\"Man geht davon aus, dass das erste Puzzle 1760 von John Spilsbury, einem Londoner Graveur und Kartographen, hergestellt wurde. Lesen Sie hier die gesamte Geschichte.\" \/>\n<meta property=\"og:url\" content=\"https:\/\/legacy.jigsawpuzzel.nl\/de\/geschichte\/\" \/>\n<meta property=\"og:site_name\" content=\"Puzzle Online Spielen\" \/>\n<meta property=\"article:publisher\" content=\"https:\/\/www.facebook.com\/onlinejigsawpuzzles\/\" \/>\n<meta property=\"article:modified_time\" content=\"2024-03-14T14:54:48+00:00\" \/>\n<meta property=\"og:image\" content=\"https:\/\/onlinejigsawpuzzles.net\/wp-content\/uploads\/2021\/09\/Spilsbury_jigsaw_-_John_Spilsbury_1766_-_BL-300x281.jpg\" \/>\n<meta name=\"twitter:card\" content=\"summary_large_image\" \/>\n<meta name=\"twitter:label1\" content=\"Est. reading time\" \/>\n\t<meta name=\"twitter:data1\" content=\"4 minutes\" \/>\n<script type=\"application\/ld+json\" class=\"yoast-schema-graph\">{\"@context\":\"https:\/\/schema.org\",\"@graph\":[{\"@type\":\"WebPage\",\"@id\":\"https:\/\/legacy.jigsawpuzzel.nl\/de\/geschichte\/\",\"url\":\"https:\/\/legacy.jigsawpuzzel.nl\/de\/geschichte\/\",\"name\":\"Geschichte der Puzzles - Puzzle Online Spielen\",\"isPartOf\":{\"@id\":\"https:\/\/legacy.jigsawpuzzel.nl\/de\/#website\"},\"primaryImageOfPage\":{\"@id\":\"https:\/\/legacy.jigsawpuzzel.nl\/de\/geschichte\/#primaryimage\"},\"image\":{\"@id\":\"https:\/\/legacy.jigsawpuzzel.nl\/de\/geschichte\/#primaryimage\"},\"thumbnailUrl\":\"https:\/\/onlinejigsawpuzzles.net\/wp-content\/uploads\/2021\/09\/Spilsbury_jigsaw_-_John_Spilsbury_1766_-_BL-300x281.jpg\",\"datePublished\":\"2021-09-24T13:34:45+00:00\",\"dateModified\":\"2024-03-14T14:54:48+00:00\",\"description\":\"Man geht davon aus, dass das erste Puzzle 1760 von John Spilsbury, einem Londoner Graveur und Kartographen, hergestellt wurde. Lesen Sie hier die gesamte Geschichte.\",\"inLanguage\":\"en-US\",\"potentialAction\":[{\"@type\":\"ReadAction\",\"target\":[\"https:\/\/legacy.jigsawpuzzel.nl\/de\/geschichte\/\"]}]},{\"@type\":\"ImageObject\",\"inLanguage\":\"en-US\",\"@id\":\"https:\/\/legacy.jigsawpuzzel.nl\/de\/geschichte\/#primaryimage\",\"url\":\"https:\/\/onlinejigsawpuzzles.net\/wp-content\/uploads\/2021\/09\/Spilsbury_jigsaw_-_John_Spilsbury_1766_-_BL-300x281.jpg\",\"contentUrl\":\"https:\/\/onlinejigsawpuzzles.net\/wp-content\/uploads\/2021\/09\/Spilsbury_jigsaw_-_John_Spilsbury_1766_-_BL-300x281.jpg\"},{\"@type\":\"WebSite\",\"@id\":\"https:\/\/legacy.jigsawpuzzel.nl\/de\/#website\",\"url\":\"https:\/\/legacy.jigsawpuzzel.nl\/de\/\",\"name\":\"Online Jigsaw Puzzles\",\"description\":\"Kostenlose Spiele\",\"publisher\":{\"@id\":\"https:\/\/legacy.jigsawpuzzel.nl\/de\/#organization\"},\"potentialAction\":[{\"@type\":\"SearchAction\",\"target\":{\"@type\":\"EntryPoint\",\"urlTemplate\":\"https:\/\/legacy.jigsawpuzzel.nl\/de\/?s={search_term_string}\"},\"query-input\":{\"@type\":\"PropertyValueSpecification\",\"valueRequired\":true,\"valueName\":\"search_term_string\"}}],\"inLanguage\":\"en-US\"},{\"@type\":\"Organization\",\"@id\":\"https:\/\/legacy.jigsawpuzzel.nl\/de\/#organization\",\"name\":\"Online Jigsaw Puzzles\",\"url\":\"https:\/\/legacy.jigsawpuzzel.nl\/de\/\",\"logo\":{\"@type\":\"ImageObject\",\"inLanguage\":\"en-US\",\"@id\":\"https:\/\/legacy.jigsawpuzzel.nl\/de\/#\/schema\/logo\/image\/\",\"url\":\"https:\/\/onlinejigsawpuzzles.net\/wp-content\/uploads\/2020\/06\/puzzle-piece-2.png\",\"contentUrl\":\"https:\/\/onlinejigsawpuzzles.net\/wp-content\/uploads\/2020\/06\/puzzle-piece-2.png\",\"width\":50,\"height\":50,\"caption\":\"Online Jigsaw Puzzles\"},\"image\":{\"@id\":\"https:\/\/legacy.jigsawpuzzel.nl\/de\/#\/schema\/logo\/image\/\"},\"sameAs\":[\"https:\/\/www.facebook.com\/onlinejigsawpuzzles\/\"]}]}<\/script>\n<!-- \/ Yoast SEO plugin. -->","yoast_head_json":{"title":"Geschichte der Puzzles - Puzzle Online Spielen","description":"Man geht davon aus, dass das erste Puzzle 1760 von John Spilsbury, einem Londoner Graveur und Kartographen, hergestellt wurde. Lesen Sie hier die gesamte Geschichte.","robots":{"index":"index","follow":"follow","max-snippet":"max-snippet:-1","max-image-preview":"max-image-preview:large","max-video-preview":"max-video-preview:-1"},"canonical":"https:\/\/legacy.jigsawpuzzel.nl\/de\/geschichte\/","og_locale":"en_US","og_type":"article","og_title":"Geschichte der Puzzles - Puzzle Online Spielen","og_description":"Man geht davon aus, dass das erste Puzzle 1760 von John Spilsbury, einem Londoner Graveur und Kartographen, hergestellt wurde. Lesen Sie hier die gesamte Geschichte.","og_url":"https:\/\/legacy.jigsawpuzzel.nl\/de\/geschichte\/","og_site_name":"Puzzle Online Spielen","article_publisher":"https:\/\/www.facebook.com\/onlinejigsawpuzzles\/","article_modified_time":"2024-03-14T14:54:48+00:00","og_image":[{"url":"https:\/\/onlinejigsawpuzzles.net\/wp-content\/uploads\/2021\/09\/Spilsbury_jigsaw_-_John_Spilsbury_1766_-_BL-300x281.jpg","type":"","width":"","height":""}],"twitter_card":"summary_large_image","twitter_misc":{"Est. reading time":"4 minutes"},"schema":{"@context":"https:\/\/schema.org","@graph":[{"@type":"WebPage","@id":"https:\/\/legacy.jigsawpuzzel.nl\/de\/geschichte\/","url":"https:\/\/legacy.jigsawpuzzel.nl\/de\/geschichte\/","name":"Geschichte der Puzzles - Puzzle Online Spielen","isPartOf":{"@id":"https:\/\/legacy.jigsawpuzzel.nl\/de\/#website"},"primaryImageOfPage":{"@id":"https:\/\/legacy.jigsawpuzzel.nl\/de\/geschichte\/#primaryimage"},"image":{"@id":"https:\/\/legacy.jigsawpuzzel.nl\/de\/geschichte\/#primaryimage"},"thumbnailUrl":"https:\/\/onlinejigsawpuzzles.net\/wp-content\/uploads\/2021\/09\/Spilsbury_jigsaw_-_John_Spilsbury_1766_-_BL-300x281.jpg","datePublished":"2021-09-24T13:34:45+00:00","dateModified":"2024-03-14T14:54:48+00:00","description":"Man geht davon aus, dass das erste Puzzle 1760 von John Spilsbury, einem Londoner Graveur und Kartographen, hergestellt wurde. Lesen Sie hier die gesamte Geschichte.","inLanguage":"en-US","potentialAction":[{"@type":"ReadAction","target":["https:\/\/legacy.jigsawpuzzel.nl\/de\/geschichte\/"]}]},{"@type":"ImageObject","inLanguage":"en-US","@id":"https:\/\/legacy.jigsawpuzzel.nl\/de\/geschichte\/#primaryimage","url":"https:\/\/onlinejigsawpuzzles.net\/wp-content\/uploads\/2021\/09\/Spilsbury_jigsaw_-_John_Spilsbury_1766_-_BL-300x281.jpg","contentUrl":"https:\/\/onlinejigsawpuzzles.net\/wp-content\/uploads\/2021\/09\/Spilsbury_jigsaw_-_John_Spilsbury_1766_-_BL-300x281.jpg"},{"@type":"WebSite","@id":"https:\/\/legacy.jigsawpuzzel.nl\/de\/#website","url":"https:\/\/legacy.jigsawpuzzel.nl\/de\/","name":"Online Jigsaw Puzzles","description":"Kostenlose Spiele","publisher":{"@id":"https:\/\/legacy.jigsawpuzzel.nl\/de\/#organization"},"potentialAction":[{"@type":"SearchAction","target":{"@type":"EntryPoint","urlTemplate":"https:\/\/legacy.jigsawpuzzel.nl\/de\/?s={search_term_string}"},"query-input":{"@type":"PropertyValueSpecification","valueRequired":true,"valueName":"search_term_string"}}],"inLanguage":"en-US"},{"@type":"Organization","@id":"https:\/\/legacy.jigsawpuzzel.nl\/de\/#organization","name":"Online Jigsaw Puzzles","url":"https:\/\/legacy.jigsawpuzzel.nl\/de\/","logo":{"@type":"ImageObject","inLanguage":"en-US","@id":"https:\/\/legacy.jigsawpuzzel.nl\/de\/#\/schema\/logo\/image\/","url":"https:\/\/onlinejigsawpuzzles.net\/wp-content\/uploads\/2020\/06\/puzzle-piece-2.png","contentUrl":"https:\/\/onlinejigsawpuzzles.net\/wp-content\/uploads\/2020\/06\/puzzle-piece-2.png","width":50,"height":50,"caption":"Online Jigsaw Puzzles"},"image":{"@id":"https:\/\/legacy.jigsawpuzzel.nl\/de\/#\/schema\/logo\/image\/"},"sameAs":["https:\/\/www.facebook.com\/onlinejigsawpuzzles\/"]}]}},"_links":{"self":[{"href":"https:\/\/legacy.jigsawpuzzel.nl\/de\/wp-json\/wp\/v2\/pages\/15107","targetHints":{"allow":["GET"]}}],"collection":[{"href":"https:\/\/legacy.jigsawpuzzel.nl\/de\/wp-json\/wp\/v2\/pages"}],"about":[{"href":"https:\/\/legacy.jigsawpuzzel.nl\/de\/wp-json\/wp\/v2\/types\/page"}],"author":[{"embeddable":true,"href":"https:\/\/legacy.jigsawpuzzel.nl\/de\/wp-json\/wp\/v2\/users\/1"}],"replies":[{"embeddable":true,"href":"https:\/\/legacy.jigsawpuzzel.nl\/de\/wp-json\/wp\/v2\/comments?post=15107"}],"version-history":[{"count":1,"href":"https:\/\/legacy.jigsawpuzzel.nl\/de\/wp-json\/wp\/v2\/pages\/15107\/revisions"}],"predecessor-version":[{"id":23212,"href":"https:\/\/legacy.jigsawpuzzel.nl\/de\/wp-json\/wp\/v2\/pages\/15107\/revisions\/23212"}],"wp:attachment":[{"href":"https:\/\/legacy.jigsawpuzzel.nl\/de\/wp-json\/wp\/v2\/media?parent=15107"}],"curies":[{"name":"wp","href":"https:\/\/api.w.org\/{rel}","templated":true}]}}