{"id":11011,"date":"2020-05-13T10:05:40","date_gmt":"2020-05-13T10:05:40","guid":{"rendered":"https:\/\/onlinejigsawpuzzles.net\/?page_id=11011"},"modified":"2024-03-14T14:54:57","modified_gmt":"2024-03-14T14:54:57","slug":"alles-puzzles","status":"publish","type":"page","link":"https:\/\/legacy.jigsawpuzzel.nl\/de\/alles-puzzles\/","title":{"rendered":"Alle Puzzles"},"content":{"rendered":"<section class=\"l-section wpb_row height_medium\"><div class=\"l-section-h i-cf\"><div class=\"g-cols vc_row via_flex valign_top type_default stacking_default\"><div class=\"vc_col-sm-12 wpb_column vc_column_container\"><div class=\"vc_column-inner\"><div class=\"wpb_wrapper\"><div class=\"wpb_text_column\"><div class=\"wpb_wrapper\"><h1>Alle Puzzles \u2013 Online-Puzzles<\/h1>\n<p>Diese Seite mit Online-Puzzles.net bietet kostenlose Online-Puzzles an. Wir haben R\u00e4tsel mit wundersch\u00f6nen Fotos in vielen verschiedenen Kategorien erstellt. Sie k\u00f6nnen die Puzzles aus der Galerie mit 48 Teilen ausw\u00e4hlen, aber Sie k\u00f6nnen auch einen Schwierigkeitsgrad mit mehr oder weniger Teilen w\u00e4hlen. Genie\u00dfen Sie diese Website mit diesen kostenlosen t\u00e4glichen Puzzles.<\/p>\n<\/div><\/div><div class=\"w-separator size_small\"><\/div><div class=\"g-cols wpb_row via_flex valign_top type_default stacking_default\"><div class=\"vc_col-sm-12 wpb_column vc_column_container pp\"><div class=\"vc_column-inner\"><div class=\"wpb_wrapper\"><div class=\"w-grid type_grid layout_8862 cols_3 pagination_regular\" id=\"us_grid_1\" style=\"--gap:1.5rem;\" data-filterable=\"true\"><style>@media (max-width:1449px){#us_grid_1 .w-grid-item{width:50%}}@media (max-width:1024px){#us_grid_1 .w-grid-item{width:50%}}@media (max-width:600px){#us_grid_1 .w-grid-list{margin:0}#us_grid_1 .w-grid-item{width:100%;padding:0;margin-bottom:var(--gap,0px)}}.layout_8862 .w-grid-item-h{}.layout_8862 .usg_post_image_1{text-transform:none!important;height:200px!important;max-height:200px!important;min-height:200px!important}.layout_8862 .usg_post_title_1{font-size:1rem!important;font-family:var(--font-family)!important;font-weight:500!important;text-transform:none!important;margin-left:6px!important;margin-top:6px!important}.layout_8862 .usg_post_date_1{font-size:14px!important;margin-left:6px!important;margin-top:4px!important}<\/style><div class=\"w-grid-list\">\t<article class=\"w-grid-item size_1x1 post-23869 puzzles type-puzzles status-publish has-post-thumbnail hentry puzzle_type-fahrrad puzzle_type-winter\" data-id=\"23869\">\r\n\t\t<div class=\"w-grid-item-h\">\r\n\t\t\t\t\t\t\t<a href=\"https:\/\/legacy.jigsawpuzzel.nl\/de\/puzzles\/fahrradstander-winter-schnee\/\" class=\"w-grid-item-anchor\" aria-label=\"Fahrradst\u00e4nder Winter Schnee\"><\/a>\r\n\t\t\t\t\t\t<div class=\"w-post-elm post_image usg_post_image_1 has_height\"><a href=\"https:\/\/legacy.jigsawpuzzel.nl\/de\/puzzles\/fahrradstander-winter-schnee\/\" aria-label=\"Fahrradst\u00e4nder Winter Schnee\"><img decoding=\"async\" width=\"520\" height=\"329\" src=\"https:\/\/legacy.jigsawpuzzel.nl\/de\/wp-content\/uploads\/2021\/09\/Bicycle-parking-rack-winter-snow_puzzle.jpg\" class=\"attachment-full size-full wp-post-image\" alt=\"Bicycle parking rack winter snow puzzle\" srcset=\"https:\/\/legacy.jigsawpuzzel.nl\/de\/wp-content\/uploads\/2021\/09\/Bicycle-parking-rack-winter-snow_puzzle.jpg 520w, https:\/\/legacy.jigsawpuzzel.nl\/de\/wp-content\/uploads\/2021\/09\/Bicycle-parking-rack-winter-snow_puzzle-300x190.jpg 300w\" sizes=\"(max-width: 520px) 100vw, 520px\" \/><\/a><\/div><p class=\"w-post-elm post_title usg_post_title_1 entry-title color_link_inherit\"><a href=\"https:\/\/legacy.jigsawpuzzel.nl\/de\/puzzles\/fahrradstander-winter-schnee\/\">Fahrradst\u00e4nder Winter Schnee<\/a><\/p><time class=\"w-post-elm post_date usg_post_date_1 entry-date published\" datetime=\"2021-09-17T06:00:49+00:00\">September 17, 2021<\/time>\t\t<\/div>\r\n\t\t\t<\/article>\r\n\t<article class=\"w-grid-item size_1x1 post-15568 puzzles type-puzzles status-publish has-post-thumbnail hentry puzzle_type-winter\" data-id=\"15568\">\r\n\t\t<div class=\"w-grid-item-h\">\r\n\t\t\t\t\t\t\t<a href=\"https:\/\/legacy.jigsawpuzzel.nl\/de\/puzzles\/island-blaues-kaltes-wasser\/\" class=\"w-grid-item-anchor\" aria-label=\"Islandblaues kaltes Wasser\"><\/a>\r\n\t\t\t\t\t\t<div class=\"w-post-elm post_image usg_post_image_1 has_height\"><a href=\"https:\/\/legacy.jigsawpuzzel.nl\/de\/puzzles\/island-blaues-kaltes-wasser\/\" aria-label=\"Islandblaues kaltes Wasser\"><img decoding=\"async\" width=\"520\" height=\"329\" src=\"https:\/\/legacy.jigsawpuzzel.nl\/de\/wp-content\/uploads\/2021\/11\/Iceland-blue-cold-water_puzzle.jpg\" class=\"attachment-full size-full wp-post-image\" alt=\"Iceland blue cold water online\" srcset=\"https:\/\/legacy.jigsawpuzzel.nl\/de\/wp-content\/uploads\/2021\/11\/Iceland-blue-cold-water_puzzle.jpg 520w, https:\/\/legacy.jigsawpuzzel.nl\/de\/wp-content\/uploads\/2021\/11\/Iceland-blue-cold-water_puzzle-300x190.jpg 300w\" sizes=\"(max-width: 520px) 100vw, 520px\" \/><\/a><\/div><p class=\"w-post-elm post_title usg_post_title_1 entry-title color_link_inherit\"><a href=\"https:\/\/legacy.jigsawpuzzel.nl\/de\/puzzles\/island-blaues-kaltes-wasser\/\">Islandblaues kaltes Wasser<\/a><\/p><time class=\"w-post-elm post_date usg_post_date_1 entry-date published\" datetime=\"2021-11-13T06:00:20+00:00\">November 13, 2021<\/time>\t\t<\/div>\r\n\t\t\t<\/article>\r\n\t<article class=\"w-grid-item size_1x1 post-23867 puzzles type-puzzles status-publish has-post-thumbnail hentry puzzle_type-landschaft puzzle_type-natur\" data-id=\"23867\">\r\n\t\t<div class=\"w-grid-item-h\">\r\n\t\t\t\t\t\t\t<a href=\"https:\/\/legacy.jigsawpuzzel.nl\/de\/puzzles\/kuste-klippen-landschaft-2\/\" class=\"w-grid-item-anchor\" aria-label=\"K\u00fcstenklippenlandschaft\"><\/a>\r\n\t\t\t\t\t\t<div class=\"w-post-elm post_image usg_post_image_1 has_height\"><a href=\"https:\/\/legacy.jigsawpuzzel.nl\/de\/puzzles\/kuste-klippen-landschaft-2\/\" aria-label=\"K\u00fcstenklippenlandschaft\"><img decoding=\"async\" width=\"520\" height=\"329\" src=\"https:\/\/legacy.jigsawpuzzel.nl\/de\/wp-content\/uploads\/2022\/11\/Coast-cliff-scenery_puzzle.jpg\" class=\"attachment-full size-full wp-post-image\" alt=\"Coast cliff scenery online\" srcset=\"https:\/\/legacy.jigsawpuzzel.nl\/de\/wp-content\/uploads\/2022\/11\/Coast-cliff-scenery_puzzle.jpg 520w, https:\/\/legacy.jigsawpuzzel.nl\/de\/wp-content\/uploads\/2022\/11\/Coast-cliff-scenery_puzzle-300x190.jpg 300w\" sizes=\"(max-width: 520px) 100vw, 520px\" \/><\/a><\/div><p class=\"w-post-elm post_title usg_post_title_1 entry-title color_link_inherit\"><a href=\"https:\/\/legacy.jigsawpuzzel.nl\/de\/puzzles\/kuste-klippen-landschaft-2\/\">K\u00fcstenklippenlandschaft<\/a><\/p><time class=\"w-post-elm post_date usg_post_date_1 entry-date published\" datetime=\"2022-12-17T06:02:01+00:00\">December 17, 2022<\/time>\t\t<\/div>\r\n\t\t\t<\/article>\r\n\t<article class=\"w-grid-item size_1x1 post-23866 puzzles type-puzzles status-publish has-post-thumbnail hentry puzzle_type-winter\" data-id=\"23866\">\r\n\t\t<div class=\"w-grid-item-h\">\r\n\t\t\t\t\t\t\t<a href=\"https:\/\/legacy.jigsawpuzzel.nl\/de\/puzzles\/kleine-schneemann-figur-2\/\" class=\"w-grid-item-anchor\" aria-label=\"Kleine Schneemannfigur\"><\/a>\r\n\t\t\t\t\t\t<div class=\"w-post-elm post_image usg_post_image_1 has_height\"><a href=\"https:\/\/legacy.jigsawpuzzel.nl\/de\/puzzles\/kleine-schneemann-figur-2\/\" aria-label=\"Kleine Schneemannfigur\"><img decoding=\"async\" width=\"520\" height=\"329\" src=\"https:\/\/legacy.jigsawpuzzel.nl\/de\/wp-content\/uploads\/2024\/01\/Little-snowman-figure_puzzle.jpg\" class=\"attachment-full size-full wp-post-image\" alt=\"Little snowman figure\" srcset=\"https:\/\/legacy.jigsawpuzzel.nl\/de\/wp-content\/uploads\/2024\/01\/Little-snowman-figure_puzzle.jpg 520w, https:\/\/legacy.jigsawpuzzel.nl\/de\/wp-content\/uploads\/2024\/01\/Little-snowman-figure_puzzle-300x190.jpg 300w\" sizes=\"(max-width: 520px) 100vw, 520px\" \/><\/a><\/div><p class=\"w-post-elm post_title usg_post_title_1 entry-title color_link_inherit\"><a href=\"https:\/\/legacy.jigsawpuzzel.nl\/de\/puzzles\/kleine-schneemann-figur-2\/\">Kleine Schneemannfigur<\/a><\/p><time class=\"w-post-elm post_date usg_post_date_1 entry-date published\" datetime=\"2024-01-21T00:01:19+00:00\">January 21, 2024<\/time>\t\t<\/div>\r\n\t\t\t<\/article>\r\n\t<article class=\"w-grid-item size_1x1 post-22735 puzzles type-puzzles status-publish has-post-thumbnail hentry puzzle_type-transport\" data-id=\"22735\">\r\n\t\t<div class=\"w-grid-item-h\">\r\n\t\t\t\t\t\t\t<a href=\"https:\/\/legacy.jigsawpuzzel.nl\/de\/puzzles\/rikscha-fahrrad-fur-den-transport\/\" class=\"w-grid-item-anchor\" aria-label=\"Rikscha-Fahrrad f\u00fcr den Transport\"><\/a>\r\n\t\t\t\t\t\t<div class=\"w-post-elm post_image usg_post_image_1 has_height\"><a href=\"https:\/\/legacy.jigsawpuzzel.nl\/de\/puzzles\/rikscha-fahrrad-fur-den-transport\/\" aria-label=\"Rikscha-Fahrrad f\u00fcr den Transport\"><img decoding=\"async\" width=\"520\" height=\"329\" src=\"https:\/\/legacy.jigsawpuzzel.nl\/de\/wp-content\/uploads\/2024\/01\/Rickshaw-cycle-for-transport_puzzle.jpg\" class=\"attachment-full size-full wp-post-image\" alt=\"Rickshaw cycle for transport\" srcset=\"https:\/\/legacy.jigsawpuzzel.nl\/de\/wp-content\/uploads\/2024\/01\/Rickshaw-cycle-for-transport_puzzle.jpg 520w, https:\/\/legacy.jigsawpuzzel.nl\/de\/wp-content\/uploads\/2024\/01\/Rickshaw-cycle-for-transport_puzzle-300x190.jpg 300w\" sizes=\"(max-width: 520px) 100vw, 520px\" \/><\/a><\/div><p class=\"w-post-elm post_title usg_post_title_1 entry-title color_link_inherit\"><a href=\"https:\/\/legacy.jigsawpuzzel.nl\/de\/puzzles\/rikscha-fahrrad-fur-den-transport\/\">Rikscha-Fahrrad f\u00fcr den Transport<\/a><\/p><time class=\"w-post-elm post_date usg_post_date_1 entry-date published\" datetime=\"2024-01-21T00:02:05+00:00\">January 21, 2024<\/time>\t\t<\/div>\r\n\t\t\t<\/article>\r\n\t<article class=\"w-grid-item size_1x1 post-22739 puzzles type-puzzles status-publish has-post-thumbnail hentry puzzle_type-tiere\" data-id=\"22739\">\r\n\t\t<div class=\"w-grid-item-h\">\r\n\t\t\t\t\t\t\t<a href=\"https:\/\/legacy.jigsawpuzzel.nl\/de\/puzzles\/kopplung-von-zwei-pferden\/\" class=\"w-grid-item-anchor\" aria-label=\"Zwei Pferde koppeln\"><\/a>\r\n\t\t\t\t\t\t<div class=\"w-post-elm post_image usg_post_image_1 has_height\"><a href=\"https:\/\/legacy.jigsawpuzzel.nl\/de\/puzzles\/kopplung-von-zwei-pferden\/\" aria-label=\"Zwei Pferde koppeln\"><img decoding=\"async\" width=\"520\" height=\"329\" src=\"https:\/\/legacy.jigsawpuzzel.nl\/de\/wp-content\/uploads\/2024\/01\/Coupling-two-horses_puzzle.jpg\" class=\"attachment-full size-full wp-post-image\" alt=\"Coupling two horses\" srcset=\"https:\/\/legacy.jigsawpuzzel.nl\/de\/wp-content\/uploads\/2024\/01\/Coupling-two-horses_puzzle.jpg 520w, https:\/\/legacy.jigsawpuzzel.nl\/de\/wp-content\/uploads\/2024\/01\/Coupling-two-horses_puzzle-300x190.jpg 300w\" sizes=\"(max-width: 520px) 100vw, 520px\" \/><\/a><\/div><p class=\"w-post-elm post_title usg_post_title_1 entry-title color_link_inherit\"><a href=\"https:\/\/legacy.jigsawpuzzel.nl\/de\/puzzles\/kopplung-von-zwei-pferden\/\">Zwei Pferde koppeln<\/a><\/p><time class=\"w-post-elm post_date usg_post_date_1 entry-date published\" datetime=\"2024-01-21T00:03:44+00:00\">January 21, 2024<\/time>\t\t<\/div>\r\n\t\t\t<\/article>\r\n\t<article class=\"w-grid-item size_1x1 post-23865 puzzles type-puzzles status-publish has-post-thumbnail hentry puzzle_type-entspannung\" data-id=\"23865\">\r\n\t\t<div class=\"w-grid-item-h\">\r\n\t\t\t\t\t\t\t<a href=\"https:\/\/legacy.jigsawpuzzel.nl\/de\/puzzles\/buddha-handtuch-bluten-2\/\" class=\"w-grid-item-anchor\" aria-label=\"Buddha Handtuch Bl\u00fcten\"><\/a>\r\n\t\t\t\t\t\t<div class=\"w-post-elm post_image usg_post_image_1 has_height\"><a href=\"https:\/\/legacy.jigsawpuzzel.nl\/de\/puzzles\/buddha-handtuch-bluten-2\/\" aria-label=\"Buddha Handtuch Bl\u00fcten\"><img decoding=\"async\" width=\"520\" height=\"329\" src=\"https:\/\/legacy.jigsawpuzzel.nl\/de\/wp-content\/uploads\/2024\/01\/Buddha-towel-blossoms_puzzle.jpg\" class=\"attachment-full size-full wp-post-image\" alt=\"Buddha towel blossoms\" srcset=\"https:\/\/legacy.jigsawpuzzel.nl\/de\/wp-content\/uploads\/2024\/01\/Buddha-towel-blossoms_puzzle.jpg 520w, https:\/\/legacy.jigsawpuzzel.nl\/de\/wp-content\/uploads\/2024\/01\/Buddha-towel-blossoms_puzzle-300x190.jpg 300w\" sizes=\"(max-width: 520px) 100vw, 520px\" \/><\/a><\/div><p class=\"w-post-elm post_title usg_post_title_1 entry-title color_link_inherit\"><a href=\"https:\/\/legacy.jigsawpuzzel.nl\/de\/puzzles\/buddha-handtuch-bluten-2\/\">Buddha Handtuch Bl\u00fcten<\/a><\/p><time class=\"w-post-elm post_date usg_post_date_1 entry-date published\" datetime=\"2024-01-21T00:04:56+00:00\">January 21, 2024<\/time>\t\t<\/div>\r\n\t\t\t<\/article>\r\n\t<article class=\"w-grid-item size_1x1 post-22742 puzzles type-puzzles status-publish has-post-thumbnail hentry puzzle_type-brucke puzzle_type-landschaft\" data-id=\"22742\">\r\n\t\t<div class=\"w-grid-item-h\">\r\n\t\t\t\t\t\t\t<a href=\"https:\/\/legacy.jigsawpuzzel.nl\/de\/puzzles\/brucke-strase-beton\/\" class=\"w-grid-item-anchor\" aria-label=\"Br\u00fcckenstra\u00dfenbeton\"><\/a>\r\n\t\t\t\t\t\t<div class=\"w-post-elm post_image usg_post_image_1 has_height\"><a href=\"https:\/\/legacy.jigsawpuzzel.nl\/de\/puzzles\/brucke-strase-beton\/\" aria-label=\"Br\u00fcckenstra\u00dfenbeton\"><img decoding=\"async\" width=\"520\" height=\"329\" src=\"https:\/\/legacy.jigsawpuzzel.nl\/de\/wp-content\/uploads\/2024\/01\/Bridge-road-concrete_puzzle.jpg\" class=\"attachment-full size-full wp-post-image\" alt=\"Bridge road concrete\" srcset=\"https:\/\/legacy.jigsawpuzzel.nl\/de\/wp-content\/uploads\/2024\/01\/Bridge-road-concrete_puzzle.jpg 520w, https:\/\/legacy.jigsawpuzzel.nl\/de\/wp-content\/uploads\/2024\/01\/Bridge-road-concrete_puzzle-300x190.jpg 300w\" sizes=\"(max-width: 520px) 100vw, 520px\" \/><\/a><\/div><p class=\"w-post-elm post_title usg_post_title_1 entry-title color_link_inherit\"><a href=\"https:\/\/legacy.jigsawpuzzel.nl\/de\/puzzles\/brucke-strase-beton\/\">Br\u00fcckenstra\u00dfenbeton<\/a><\/p><time class=\"w-post-elm post_date usg_post_date_1 entry-date published\" datetime=\"2024-01-22T07:45:34+00:00\">January 22, 2024<\/time>\t\t<\/div>\r\n\t\t\t<\/article>\r\n\t<article class=\"w-grid-item size_1x1 post-22744 puzzles type-puzzles status-publish has-post-thumbnail hentry puzzle_type-tiere\" data-id=\"22744\">\r\n\t\t<div class=\"w-grid-item-h\">\r\n\t\t\t\t\t\t\t<a href=\"https:\/\/legacy.jigsawpuzzel.nl\/de\/puzzles\/dickhornschafe\/\" class=\"w-grid-item-anchor\" aria-label=\"Ziegenbock mit gro\u00dfen H\u00f6rnern\"><\/a>\r\n\t\t\t\t\t\t<div class=\"w-post-elm post_image usg_post_image_1 has_height\"><a href=\"https:\/\/legacy.jigsawpuzzel.nl\/de\/puzzles\/dickhornschafe\/\" aria-label=\"Ziegenbock mit gro\u00dfen H\u00f6rnern\"><img decoding=\"async\" width=\"520\" height=\"329\" src=\"https:\/\/legacy.jigsawpuzzel.nl\/de\/wp-content\/uploads\/2024\/01\/Big-horns-billy-goat_puzzle.jpg\" class=\"attachment-full size-full wp-post-image\" alt=\"Big horns billy goat\" srcset=\"https:\/\/legacy.jigsawpuzzel.nl\/de\/wp-content\/uploads\/2024\/01\/Big-horns-billy-goat_puzzle.jpg 520w, https:\/\/legacy.jigsawpuzzel.nl\/de\/wp-content\/uploads\/2024\/01\/Big-horns-billy-goat_puzzle-300x190.jpg 300w\" sizes=\"(max-width: 520px) 100vw, 520px\" \/><\/a><\/div><p class=\"w-post-elm post_title usg_post_title_1 entry-title color_link_inherit\"><a href=\"https:\/\/legacy.jigsawpuzzel.nl\/de\/puzzles\/dickhornschafe\/\">Ziegenbock mit gro\u00dfen H\u00f6rnern<\/a><\/p><time class=\"w-post-elm post_date usg_post_date_1 entry-date published\" datetime=\"2024-01-22T07:46:53+00:00\">January 22, 2024<\/time>\t\t<\/div>\r\n\t\t\t<\/article>\r\n<\/div><div class=\"w-grid-preloader\">\t<div class=\"g-preloader type_1\">\r\n\t\t<div><\/div>\r\n\t<\/div>\r\n\t<\/div>\t\t\t<nav class=\"pagination navigation\" role=\"navigation\">\r\n\t\t\t\t<div class=\"nav-links\">\r\n\t\t\t\t\t<span aria-current=\"page\" class=\"page-numbers current\"><span>1<\/span><\/span>\n<a class=\"page-numbers\" href=\"https:\/\/legacy.jigsawpuzzel.nl\/de\/wp-json\/wp\/v2\/pages\/11011\/page\/2\/\"><span>2<\/span><\/a>\n<a class=\"page-numbers\" href=\"https:\/\/legacy.jigsawpuzzel.nl\/de\/wp-json\/wp\/v2\/pages\/11011\/page\/3\/\"><span>3<\/span><\/a>\n<a class=\"page-numbers\" href=\"https:\/\/legacy.jigsawpuzzel.nl\/de\/wp-json\/wp\/v2\/pages\/11011\/page\/4\/\"><span>4<\/span><\/a>\n<span class=\"page-numbers dots\">&hellip;<\/span>\n<a class=\"page-numbers\" href=\"https:\/\/legacy.jigsawpuzzel.nl\/de\/wp-json\/wp\/v2\/pages\/11011\/page\/329\/\"><span>329<\/span><\/a>\n<a class=\"next page-numbers\" href=\"https:\/\/legacy.jigsawpuzzel.nl\/de\/wp-json\/wp\/v2\/pages\/11011\/page\/2\/\"><span>Next<\/span><\/a>\t\t\t\t<\/div>\r\n\t\t\t<\/nav>\r\n\t\t\t\t<div class=\"w-grid-json hidden\" onclick='return {&quot;action&quot;:&quot;us_ajax_grid&quot;,&quot;infinite_scroll&quot;:0,&quot;max_num_pages&quot;:329,&quot;pagination&quot;:&quot;regular&quot;,&quot;template_vars&quot;:{&quot;columns&quot;:&quot;3&quot;,&quot;exclude_items&quot;:&quot;none&quot;,&quot;img_size&quot;:&quot;default&quot;,&quot;ignore_items_size&quot;:0,&quot;items_layout&quot;:&quot;8862&quot;,&quot;items_offset&quot;:&quot;1&quot;,&quot;load_animation&quot;:&quot;none&quot;,&quot;overriding_link&quot;:&quot;%7B%22type%22%3A%22post%22%7D&quot;,&quot;post_id&quot;:0,&quot;query_args&quot;:{&quot;post_type&quot;:[&quot;puzzles&quot;],&quot;post_status&quot;:[&quot;publish&quot;,&quot;acf-disabled&quot;],&quot;posts_per_page&quot;:&quot;9&quot;},&quot;orderby_query_args&quot;:{&quot;orderby&quot;:{&quot;date&quot;:&quot;ASC&quot;}},&quot;type&quot;:&quot;grid&quot;,&quot;us_grid_post_type&quot;:&quot;puzzles&quot;,&quot;us_grid_ajax_index&quot;:1,&quot;us_grid_filter_query_string&quot;:null,&quot;us_grid_index&quot;:1,&quot;page_args&quot;:[]}}'><\/div>\r\n\t<\/div><\/div><\/div><\/div><\/div><div class=\"w-separator size_small with_line width_default thick_1 style_solid color_border align_center\"><div class=\"w-separator-h\"><\/div><\/div><div class=\"wpb_text_column\"><div class=\"wpb_wrapper\"><p>Kostenlose t\u00e4gliche Online-Puzzles mit wundersch\u00f6nen Hintergrundbildern, Fotos und Bildern.<\/p>\n<\/div><\/div><\/div><\/div><\/div><\/div><\/div><\/section>\n","protected":false},"excerpt":{"rendered":"Big Horns Ziegenbock Online-Puzzle.","protected":false},"author":1,"featured_media":0,"parent":0,"menu_order":0,"comment_status":"closed","ping_status":"closed","template":"","meta":{"_acf_changed":false,"footnotes":""},"class_list":["post-11011","page","type-page","status-publish","hentry"],"acf":[],"yoast_head":"<!-- This site is optimized with the Yoast SEO plugin v26.6 - https:\/\/yoast.com\/wordpress\/plugins\/seo\/ -->\n<title>T\u00e4gliches Puzzle \u2013 Online-Puzzles<\/title>\n<meta name=\"description\" content=\"Diese Seite von onlinejigsawpuzzles.net bietet t\u00e4glich kostenlose Online-Puzzles. Wir haben R\u00e4tsel mit wundersch\u00f6nen Fotos in vielen verschiedenen Kategorien erstellt.\" \/>\n<meta name=\"robots\" content=\"index, follow, max-snippet:-1, max-image-preview:large, max-video-preview:-1\" \/>\n<link rel=\"canonical\" href=\"https:\/\/legacy.jigsawpuzzel.nl\/de\/alles-puzzles\/\" \/>\n<meta property=\"og:locale\" content=\"en_US\" \/>\n<meta property=\"og:type\" content=\"article\" \/>\n<meta property=\"og:title\" content=\"T\u00e4gliches Puzzle \u2013 Online-Puzzles\" \/>\n<meta property=\"og:description\" content=\"Diese Seite von onlinejigsawpuzzles.net bietet t\u00e4glich kostenlose Online-Puzzles. Wir haben R\u00e4tsel mit wundersch\u00f6nen Fotos in vielen verschiedenen Kategorien erstellt.\" \/>\n<meta property=\"og:url\" content=\"https:\/\/legacy.jigsawpuzzel.nl\/de\/alles-puzzles\/\" \/>\n<meta property=\"og:site_name\" content=\"Puzzle Online Spielen\" \/>\n<meta property=\"article:publisher\" content=\"https:\/\/www.facebook.com\/onlinejigsawpuzzles\/\" \/>\n<meta property=\"article:modified_time\" content=\"2024-03-14T14:54:57+00:00\" \/>\n<meta name=\"twitter:card\" content=\"summary_large_image\" \/>\n<meta name=\"twitter:label1\" content=\"Est. reading time\" \/>\n\t<meta name=\"twitter:data1\" content=\"1 minute\" \/>\n<script type=\"application\/ld+json\" class=\"yoast-schema-graph\">{\"@context\":\"https:\/\/schema.org\",\"@graph\":[{\"@type\":\"WebPage\",\"@id\":\"https:\/\/legacy.jigsawpuzzel.nl\/de\/alles-puzzles\/\",\"url\":\"https:\/\/legacy.jigsawpuzzel.nl\/de\/alles-puzzles\/\",\"name\":\"T\u00e4gliches Puzzle \u2013 Online-Puzzles\",\"isPartOf\":{\"@id\":\"https:\/\/legacy.jigsawpuzzel.nl\/de\/#website\"},\"datePublished\":\"2020-05-13T10:05:40+00:00\",\"dateModified\":\"2024-03-14T14:54:57+00:00\",\"description\":\"Diese Seite von onlinejigsawpuzzles.net bietet t\u00e4glich kostenlose Online-Puzzles. Wir haben R\u00e4tsel mit wundersch\u00f6nen Fotos in vielen verschiedenen Kategorien erstellt.\",\"inLanguage\":\"en-US\",\"potentialAction\":[{\"@type\":\"ReadAction\",\"target\":[\"https:\/\/legacy.jigsawpuzzel.nl\/de\/alles-puzzles\/\"]}]},{\"@type\":\"WebSite\",\"@id\":\"https:\/\/legacy.jigsawpuzzel.nl\/de\/#website\",\"url\":\"https:\/\/legacy.jigsawpuzzel.nl\/de\/\",\"name\":\"Online Jigsaw Puzzles\",\"description\":\"Kostenlose Spiele\",\"publisher\":{\"@id\":\"https:\/\/legacy.jigsawpuzzel.nl\/de\/#organization\"},\"potentialAction\":[{\"@type\":\"SearchAction\",\"target\":{\"@type\":\"EntryPoint\",\"urlTemplate\":\"https:\/\/legacy.jigsawpuzzel.nl\/de\/?s={search_term_string}\"},\"query-input\":{\"@type\":\"PropertyValueSpecification\",\"valueRequired\":true,\"valueName\":\"search_term_string\"}}],\"inLanguage\":\"en-US\"},{\"@type\":\"Organization\",\"@id\":\"https:\/\/legacy.jigsawpuzzel.nl\/de\/#organization\",\"name\":\"Online Jigsaw Puzzles\",\"url\":\"https:\/\/legacy.jigsawpuzzel.nl\/de\/\",\"logo\":{\"@type\":\"ImageObject\",\"inLanguage\":\"en-US\",\"@id\":\"https:\/\/legacy.jigsawpuzzel.nl\/de\/#\/schema\/logo\/image\/\",\"url\":\"https:\/\/onlinejigsawpuzzles.net\/wp-content\/uploads\/2020\/06\/puzzle-piece-2.png\",\"contentUrl\":\"https:\/\/onlinejigsawpuzzles.net\/wp-content\/uploads\/2020\/06\/puzzle-piece-2.png\",\"width\":50,\"height\":50,\"caption\":\"Online Jigsaw Puzzles\"},\"image\":{\"@id\":\"https:\/\/legacy.jigsawpuzzel.nl\/de\/#\/schema\/logo\/image\/\"},\"sameAs\":[\"https:\/\/www.facebook.com\/onlinejigsawpuzzles\/\"]}]}<\/script>\n<!-- \/ Yoast SEO plugin. -->","yoast_head_json":{"title":"T\u00e4gliches Puzzle \u2013 Online-Puzzles","description":"Diese Seite von onlinejigsawpuzzles.net bietet t\u00e4glich kostenlose Online-Puzzles. Wir haben R\u00e4tsel mit wundersch\u00f6nen Fotos in vielen verschiedenen Kategorien erstellt.","robots":{"index":"index","follow":"follow","max-snippet":"max-snippet:-1","max-image-preview":"max-image-preview:large","max-video-preview":"max-video-preview:-1"},"canonical":"https:\/\/legacy.jigsawpuzzel.nl\/de\/alles-puzzles\/","og_locale":"en_US","og_type":"article","og_title":"T\u00e4gliches Puzzle \u2013 Online-Puzzles","og_description":"Diese Seite von onlinejigsawpuzzles.net bietet t\u00e4glich kostenlose Online-Puzzles. Wir haben R\u00e4tsel mit wundersch\u00f6nen Fotos in vielen verschiedenen Kategorien erstellt.","og_url":"https:\/\/legacy.jigsawpuzzel.nl\/de\/alles-puzzles\/","og_site_name":"Puzzle Online Spielen","article_publisher":"https:\/\/www.facebook.com\/onlinejigsawpuzzles\/","article_modified_time":"2024-03-14T14:54:57+00:00","twitter_card":"summary_large_image","twitter_misc":{"Est. reading time":"1 minute"},"schema":{"@context":"https:\/\/schema.org","@graph":[{"@type":"WebPage","@id":"https:\/\/legacy.jigsawpuzzel.nl\/de\/alles-puzzles\/","url":"https:\/\/legacy.jigsawpuzzel.nl\/de\/alles-puzzles\/","name":"T\u00e4gliches Puzzle \u2013 Online-Puzzles","isPartOf":{"@id":"https:\/\/legacy.jigsawpuzzel.nl\/de\/#website"},"datePublished":"2020-05-13T10:05:40+00:00","dateModified":"2024-03-14T14:54:57+00:00","description":"Diese Seite von onlinejigsawpuzzles.net bietet t\u00e4glich kostenlose Online-Puzzles. Wir haben R\u00e4tsel mit wundersch\u00f6nen Fotos in vielen verschiedenen Kategorien erstellt.","inLanguage":"en-US","potentialAction":[{"@type":"ReadAction","target":["https:\/\/legacy.jigsawpuzzel.nl\/de\/alles-puzzles\/"]}]},{"@type":"WebSite","@id":"https:\/\/legacy.jigsawpuzzel.nl\/de\/#website","url":"https:\/\/legacy.jigsawpuzzel.nl\/de\/","name":"Online Jigsaw Puzzles","description":"Kostenlose Spiele","publisher":{"@id":"https:\/\/legacy.jigsawpuzzel.nl\/de\/#organization"},"potentialAction":[{"@type":"SearchAction","target":{"@type":"EntryPoint","urlTemplate":"https:\/\/legacy.jigsawpuzzel.nl\/de\/?s={search_term_string}"},"query-input":{"@type":"PropertyValueSpecification","valueRequired":true,"valueName":"search_term_string"}}],"inLanguage":"en-US"},{"@type":"Organization","@id":"https:\/\/legacy.jigsawpuzzel.nl\/de\/#organization","name":"Online Jigsaw Puzzles","url":"https:\/\/legacy.jigsawpuzzel.nl\/de\/","logo":{"@type":"ImageObject","inLanguage":"en-US","@id":"https:\/\/legacy.jigsawpuzzel.nl\/de\/#\/schema\/logo\/image\/","url":"https:\/\/onlinejigsawpuzzles.net\/wp-content\/uploads\/2020\/06\/puzzle-piece-2.png","contentUrl":"https:\/\/onlinejigsawpuzzles.net\/wp-content\/uploads\/2020\/06\/puzzle-piece-2.png","width":50,"height":50,"caption":"Online Jigsaw Puzzles"},"image":{"@id":"https:\/\/legacy.jigsawpuzzel.nl\/de\/#\/schema\/logo\/image\/"},"sameAs":["https:\/\/www.facebook.com\/onlinejigsawpuzzles\/"]}]}},"_links":{"self":[{"href":"https:\/\/legacy.jigsawpuzzel.nl\/de\/wp-json\/wp\/v2\/pages\/11011","targetHints":{"allow":["GET"]}}],"collection":[{"href":"https:\/\/legacy.jigsawpuzzel.nl\/de\/wp-json\/wp\/v2\/pages"}],"about":[{"href":"https:\/\/legacy.jigsawpuzzel.nl\/de\/wp-json\/wp\/v2\/types\/page"}],"author":[{"embeddable":true,"href":"https:\/\/legacy.jigsawpuzzel.nl\/de\/wp-json\/wp\/v2\/users\/1"}],"replies":[{"embeddable":true,"href":"https:\/\/legacy.jigsawpuzzel.nl\/de\/wp-json\/wp\/v2\/comments?post=11011"}],"version-history":[{"count":1,"href":"https:\/\/legacy.jigsawpuzzel.nl\/de\/wp-json\/wp\/v2\/pages\/11011\/revisions"}],"predecessor-version":[{"id":23217,"href":"https:\/\/legacy.jigsawpuzzel.nl\/de\/wp-json\/wp\/v2\/pages\/11011\/revisions\/23217"}],"wp:attachment":[{"href":"https:\/\/legacy.jigsawpuzzel.nl\/de\/wp-json\/wp\/v2\/media?parent=11011"}],"curies":[{"name":"wp","href":"https:\/\/api.w.org\/{rel}","templated":true}]}}