{"id":10716,"date":"2020-04-15T16:24:25","date_gmt":"2020-04-15T16:24:25","guid":{"rendered":"https:\/\/onlinejigsawpuzzles.net\/privacy-statement-us\/"},"modified":"2024-03-14T14:55:04","modified_gmt":"2024-03-14T14:55:04","slug":"datenschutzerklarung-uns","status":"publish","type":"page","link":"https:\/\/legacy.jigsawpuzzel.nl\/de\/datenschutzerklarung-uns\/","title":{"rendered":"Datenschutzerkl\u00e4rung"},"content":{"rendered":"<h1>Datenschutzrichtlinie f\u00fcr Online-Puzzles<\/h1>\n<p>Bei Onlinejigsawpuzzles, erreichbar \u00fcber https:\/\/onlinejigsawpuzzles.net\/, eine unserer Hauptpriorit\u00e4ten ist die Privatsph\u00e4re unserer Besucher. Dieses Datenschutzrichtliniendokument enth\u00e4lt Arten von Informationen, die von Onlinejigsawpuzzles gesammelt und aufgezeichnet werden, und wie wir sie verwenden.<\/p>\n<p>Wenn Sie weitere Fragen haben oder weitere Informationen zu unserer Datenschutzrichtlinie ben\u00f6tigen, z\u00f6gern Sie nicht, uns zu kontaktieren.<\/p>\n<p>Diese Datenschutzrichtlinie gilt nur f\u00fcr unsere Online-Aktivit\u00e4ten und gilt f\u00fcr Besucher unserer Website in Bezug auf die Informationen, die sie in Onlinejigsawpuzzles geteilt und\/oder gesammelt haben. Diese Richtlinie gilt nicht f\u00fcr Informationen, die offline oder \u00fcber andere Kan\u00e4le als diese Website erfasst werden.<\/p>\n<h2>Zustimmung<\/h2>\n<p>Durch die Nutzung unserer Website stimmen Sie hiermit unserer Datenschutzrichtlinie zu und stimmen deren Bedingungen zu.<\/p>\n<h2>Informationen, die wir sammeln<\/h2>\n<p>Die personenbezogenen Daten, um deren Bereitstellung Sie gebeten werden, und die Gr\u00fcnde, warum Sie zur Bereitstellung dieser Daten aufgefordert werden, werden Ihnen an dem Punkt mitgeteilt, an dem wir Sie um die Angabe Ihrer personenbezogenen Daten bitten.<\/p>\n<p>Wenn Sie uns direkt kontaktieren, erhalten wir m\u00f6glicherweise zus\u00e4tzliche Informationen \u00fcber Sie, wie Ihren Namen, Ihre E-Mail-Adresse, Ihre Telefonnummer, den Inhalt der Nachricht und\/oder der Anh\u00e4nge, die Sie uns senden, sowie alle anderen Informationen, die Sie uns m\u00f6glicherweise zur Verf\u00fcgung stellen.<\/p>\n<p>Wenn Sie sich f\u00fcr ein Konto registrieren, fragen wir Sie m\u00f6glicherweise nach Ihren Kontaktinformationen, einschlie\u00dflich Angaben wie Name, Firmenname, Adresse, E-Mail-Adresse und Telefonnummer.<\/p>\n<h2>Wie wir Ihre Informationen verwenden<\/h2>\n<p>Wir nutzen die von uns gesammelten Informationen auf verschiedene Weise, unter anderem um:<\/p>\n<ul>\n<li>Bereitstellung, Betrieb und Wartung unserer Website<\/li>\n<li>Verbessern, personalisieren und erweitern Sie unsere Website<\/li>\n<li>Verstehen und analysieren Sie, wie Sie unsere Website nutzen<\/li>\n<li>Entwickeln Sie neue Produkte, Dienste, Features und Funktionen<\/li>\n<li>Zur Kommunikation mit Ihnen, entweder direkt oder \u00fcber einen unserer Partner, einschlie\u00dflich f\u00fcr den Kundenservice, um Ihnen Updates und andere Informationen im Zusammenhang mit der Website bereitzustellen sowie f\u00fcr Marketing- und Werbezwecke<\/li>\n<li>Senden Sie Ihnen E-Mails<\/li>\n<li>Betrug erkennen und verhindern<\/li>\n<\/ul>\n<h2>Protokolldateien<\/h2>\n<p>Onlinejigsawpuzzles folgt einem Standardverfahren zur Verwendung von Protokolldateien. Diese Dateien protokollieren Besucher, wenn sie Websites besuchen. Alle Hosting-Unternehmen f\u00fchren dies und einen Teil der Analysen der Hosting-Dienste durch. Zu den durch Protokolldateien gesammelten Informationen geh\u00f6ren Internetprotokolladressen (IP), Browsertyp, Internetdienstanbieter (ISP), Datums- und Zeitstempel, Verweis-\/Ausstiegsseiten und m\u00f6glicherweise die Anzahl der Klicks. Diese werden nicht mit personenbezogenen Daten verkn\u00fcpft. Der Zweck der Informationen besteht darin, Trends zu analysieren, die Website zu verwalten, die Bewegungen der Benutzer auf der Website zu verfolgen und demografische Informationen zu sammeln.<\/p>\n<h2>Cookies und Web-Beacons<\/h2>\n<p>Wie jede andere Website verwendet Onlinejigsawpuzzles \u201eCookies\u201c. Diese Cookies werden verwendet, um Informationen zu speichern, einschlie\u00dflich der Pr\u00e4ferenzen der Besucher und der Seiten der Website, auf die der Besucher zugegriffen oder die er besucht hat. Die Informationen werden verwendet, um das Benutzererlebnis zu optimieren, indem der Inhalt unserer Webseite basierend auf dem Browsertyp der Besucher und\/oder anderen Informationen angepasst wird.<\/p>\n<h2>Google DoubleClick DART-Cookie<\/h2>\n<p>Google ist einer der Drittanbieter auf unserer Website. Es verwendet auch Cookies, sogenannte DART-Cookies, um den Besuchern unserer Website basierend auf ihrem Besuch auf www.Webseite.com und andere Seiten im Internet. Besucher k\u00f6nnen jedoch die Verwendung von DART-Cookies ablehnen, indem sie die Datenschutzrichtlinie f\u00fcr das Google-Anzeigen- und Content-Netzwerk unter der folgenden URL aufrufen: https:\/\/policies.Google.com\/technologies\/ads<\/p>\n<h2>Unsere Werbepartner<\/h2>\n<p>Einige Werbetreibende auf unserer Website verwenden m\u00f6glicherweise Cookies und Web-Beacons. Nachfolgend finden Sie unsere Werbepartner. Jeder unserer Werbepartner hat seine eigene Datenschutzrichtlinie f\u00fcr seine Richtlinien zu Benutzerdaten. Um den Zugriff zu erleichtern, haben wir unten einen Hyperlink zu deren Datenschutzrichtlinien erstellt.<\/p>\n<ul>\n<li>Googlehttps:\/\/Richtlinien.Google.com\/technologies\/ads<\/li>\n<\/ul>\n<h2>Datenschutzrichtlinien f\u00fcr Werbepartner<\/h2>\n<p>In dieser Liste finden Sie die Datenschutzrichtlinien f\u00fcr jeden Werbepartner von Onlinejigsawpuzzles.<\/p>\n<p>Werbeserver oder Werbenetzwerke von Drittanbietern verwenden Technologien wie Cookies, JavaScript oder Web Beacons, die in ihren jeweiligen Anzeigen verwendet werden, und Links, die auf Onlinejigsawpuzzles erscheinen und direkt an den Browser der Benutzer gesendet werden. In diesem Fall erhalten sie automatisch Ihre IP-Adresse. Diese Technologien werden verwendet, um die Wirksamkeit ihrer Werbekampagnen zu messen und\/oder um die Werbeinhalte zu personalisieren, die Sie auf den von Ihnen besuchten Websites sehen.<\/p>\n<p>Beachten Sie, dass Onlinejigsawpuzzles keinen Zugriff auf oder keine Kontrolle \u00fcber diese Cookies hat, die von Drittwerbetreibenden verwendet werden.<\/p>\n<h2>Datenschutzrichtlinien Dritter<\/h2>\n<p>Die Datenschutzrichtlinie von Onlinejigsawpuzzles gilt nicht f\u00fcr andere Werbetreibende oder Websites. Wir empfehlen Ihnen daher, f\u00fcr detailliertere Informationen die jeweiligen Datenschutzrichtlinien dieser Drittanbieter-Adserver zu konsultieren. Es kann deren Praktiken und Anweisungen zum Deaktivieren bestimmter Optionen enthalten.<\/p>\n<p>Sie k\u00f6nnen Cookies \u00fcber Ihre individuellen Browseroptionen deaktivieren. Ausf\u00fchrlichere Informationen zur Cookie-Verwaltung mit bestimmten Webbrowsern finden Sie auf den jeweiligen Websites der Browser.<\/p>\n<h2>CCPA-Datenschutzrechte (Meine pers\u00f6nlichen Daten nicht verkaufen)<\/h2>\n<p>Nach dem CCPA haben kalifornische Verbraucher neben anderen Rechten das Recht auf:<\/p>\n<p>Fordern Sie ein Unternehmen, das personenbezogene Daten eines Verbrauchers erfasst, auf, die Kategorien und spezifischen personenbezogenen Daten offenzulegen, die ein Unternehmen \u00fcber Verbraucher erfasst hat.<\/p>\n<p>Fordern Sie ein Unternehmen auf, alle personenbezogenen Daten \u00fcber den Verbraucher zu l\u00f6schen, die ein Unternehmen gesammelt hat.<\/p>\n<p>Fordern Sie ein Unternehmen, das die personenbezogenen Daten eines Verbrauchers verkauft, auf, die personenbezogenen Daten des Verbrauchers nicht zu verkaufen.<\/p>\n<p>Wenn Sie eine Anfrage stellen, haben wir einen Monat Zeit, um Ihnen zu antworten. Wenn Sie eines dieser Rechte aus\u00fcben m\u00f6chten, kontaktieren Sie uns bitte.<\/p>\n<h2>DSGVO-Datenschutzrechte<\/h2>\n<p>Wir m\u00f6chten sicherstellen, dass Sie alle Ihre Datenschutzrechte vollst\u00e4ndig kennen. Jeder Nutzer hat Anspruch auf Folgendes:<\/p>\n<p>Das Recht auf Zugriff \u2013 Sie haben das Recht, Kopien Ihrer personenbezogenen Daten anzufordern. F\u00fcr diesen Service erheben wir m\u00f6glicherweise eine geringe Geb\u00fchr.<\/p>\n<p>Das Recht auf Berichtigung \u2013 Sie haben das Recht, von uns die Berichtigung von Informationen zu verlangen, die Ihrer Meinung nach unrichtig sind. Sie haben au\u00dferdem das Recht, von uns die Vervollst\u00e4ndigung der Informationen zu verlangen, die Sie f\u00fcr unvollst\u00e4ndig halten.<\/p>\n<p>Das Recht auf L\u00f6schung \u2013 Sie haben unter bestimmten Bedingungen das Recht, von uns die L\u00f6schung Ihrer personenbezogenen Daten zu verlangen.<\/p>\n<p>Das Recht auf Einschr\u00e4nkung der Verarbeitung \u2013 Sie haben das Recht, unter bestimmten Bedingungen zu verlangen, dass wir die Verarbeitung Ihrer personenbezogenen Daten einschr\u00e4nken.<\/p>\n<p>Das Recht, der Verarbeitung zu widersprechen \u2013 Sie haben unter bestimmten Bedingungen das Recht, der Verarbeitung Ihrer personenbezogenen Daten durch uns zu widersprechen.<\/p>\n<p>Das Recht auf Daten\u00fcbertragbarkeit \u2013 Sie haben das Recht zu verlangen, dass wir die von uns erfassten Daten unter bestimmten Bedingungen an eine andere Organisation oder direkt an Sie \u00fcbertragen.<\/p>\n<p>Wenn Sie eine Anfrage stellen, haben wir einen Monat Zeit, um Ihnen zu antworten. Wenn Sie eines dieser Rechte aus\u00fcben m\u00f6chten, kontaktieren Sie uns bitte.<\/p>\n<h2>Informationen f\u00fcr Kinder<\/h2>\n<p>Ein weiterer Schwerpunkt unserer Arbeit ist der Schutz von Kindern bei der Nutzung des Internets. Wir ermutigen Eltern und Erziehungsberechtigte, ihre Online-Aktivit\u00e4ten zu beobachten, daran teilzunehmen und\/oder sie zu \u00fcberwachen und zu leiten.<\/p>\n<p>Onlinejigsawpuzzles sammelt wissentlich keine personenbezogenen Daten von Kindern unter 13 Jahren. Wenn Sie der Meinung sind, dass Ihr Kind diese Art von Informationen auf unserer Website bereitgestellt hat, empfehlen wir Ihnen dringend, sich umgehend mit uns in Verbindung zu setzen, und wir werden unser Bestes tun, um solche Informationen umgehend aus unseren Aufzeichnungen zu entfernen.<\/p>\n","protected":false},"excerpt":{"rendered":"<p>Datenschutzrichtlinie f\u00fcr Online-Puzzles Bei Onlinejigsawpuzzles, erreichbar \u00fcber https:\/\/onlinejigsawpuzzles.net\/, eine unserer Hauptpriorit\u00e4ten ist die Privatsph\u00e4re unserer Besucher. Dieses Datenschutzrichtliniendokument enth\u00e4lt Arten von Informationen, die von Onlinejigsawpuzzles gesammelt und aufgezeichnet werden, und wie wir sie verwenden. Wenn Sie weitere Fragen haben oder weitere Informationen zu unserer Datenschutzrichtlinie ben\u00f6tigen, z\u00f6gern Sie nicht, uns zu kontaktieren. Diese Datenschutzrichtlinie gilt&#8230;<\/p>\n","protected":false},"author":1,"featured_media":0,"parent":0,"menu_order":0,"comment_status":"closed","ping_status":"closed","template":"","meta":{"_acf_changed":false,"footnotes":""},"class_list":["post-10716","page","type-page","status-publish","hentry"],"acf":[],"yoast_head":"<!-- This site is optimized with the Yoast SEO plugin v26.6 - https:\/\/yoast.com\/wordpress\/plugins\/seo\/ -->\n<title>Datenschutzerkl\u00e4rung - Puzzle Online Spielen<\/title>\n<meta name=\"robots\" content=\"index, follow, max-snippet:-1, max-image-preview:large, max-video-preview:-1\" \/>\n<link rel=\"canonical\" href=\"https:\/\/legacy.jigsawpuzzel.nl\/de\/datenschutzerklarung-uns\/\" \/>\n<meta property=\"og:locale\" content=\"en_US\" \/>\n<meta property=\"og:type\" content=\"article\" \/>\n<meta property=\"og:title\" content=\"Datenschutzerkl\u00e4rung - Puzzle Online Spielen\" \/>\n<meta property=\"og:description\" content=\"Datenschutzrichtlinie f\u00fcr Online-Puzzles Bei Onlinejigsawpuzzles, erreichbar \u00fcber https:\/\/onlinejigsawpuzzles.net\/, eine unserer Hauptpriorit\u00e4ten ist die Privatsph\u00e4re unserer Besucher. Dieses Datenschutzrichtliniendokument enth\u00e4lt Arten von Informationen, die von Onlinejigsawpuzzles gesammelt und aufgezeichnet werden, und wie wir sie verwenden. Wenn Sie weitere Fragen haben oder weitere Informationen zu unserer Datenschutzrichtlinie ben\u00f6tigen, z\u00f6gern Sie nicht, uns zu kontaktieren. Diese Datenschutzrichtlinie gilt...\" \/>\n<meta property=\"og:url\" content=\"https:\/\/legacy.jigsawpuzzel.nl\/de\/datenschutzerklarung-uns\/\" \/>\n<meta property=\"og:site_name\" content=\"Puzzle Online Spielen\" \/>\n<meta property=\"article:publisher\" content=\"https:\/\/www.facebook.com\/onlinejigsawpuzzles\/\" \/>\n<meta property=\"article:modified_time\" content=\"2024-03-14T14:55:04+00:00\" \/>\n<meta name=\"twitter:card\" content=\"summary_large_image\" \/>\n<meta name=\"twitter:label1\" content=\"Est. reading time\" \/>\n\t<meta name=\"twitter:data1\" content=\"6 minutes\" \/>\n<script type=\"application\/ld+json\" class=\"yoast-schema-graph\">{\"@context\":\"https:\/\/schema.org\",\"@graph\":[{\"@type\":\"WebPage\",\"@id\":\"https:\/\/legacy.jigsawpuzzel.nl\/de\/datenschutzerklarung-uns\/\",\"url\":\"https:\/\/legacy.jigsawpuzzel.nl\/de\/datenschutzerklarung-uns\/\",\"name\":\"Datenschutzerkl\u00e4rung - Puzzle Online Spielen\",\"isPartOf\":{\"@id\":\"https:\/\/legacy.jigsawpuzzel.nl\/de\/#website\"},\"datePublished\":\"2020-04-15T16:24:25+00:00\",\"dateModified\":\"2024-03-14T14:55:04+00:00\",\"inLanguage\":\"en-US\",\"potentialAction\":[{\"@type\":\"ReadAction\",\"target\":[\"https:\/\/legacy.jigsawpuzzel.nl\/de\/datenschutzerklarung-uns\/\"]}]},{\"@type\":\"WebSite\",\"@id\":\"https:\/\/legacy.jigsawpuzzel.nl\/de\/#website\",\"url\":\"https:\/\/legacy.jigsawpuzzel.nl\/de\/\",\"name\":\"Online Jigsaw Puzzles\",\"description\":\"Kostenlose Spiele\",\"publisher\":{\"@id\":\"https:\/\/legacy.jigsawpuzzel.nl\/de\/#organization\"},\"potentialAction\":[{\"@type\":\"SearchAction\",\"target\":{\"@type\":\"EntryPoint\",\"urlTemplate\":\"https:\/\/legacy.jigsawpuzzel.nl\/de\/?s={search_term_string}\"},\"query-input\":{\"@type\":\"PropertyValueSpecification\",\"valueRequired\":true,\"valueName\":\"search_term_string\"}}],\"inLanguage\":\"en-US\"},{\"@type\":\"Organization\",\"@id\":\"https:\/\/legacy.jigsawpuzzel.nl\/de\/#organization\",\"name\":\"Online Jigsaw Puzzles\",\"url\":\"https:\/\/legacy.jigsawpuzzel.nl\/de\/\",\"logo\":{\"@type\":\"ImageObject\",\"inLanguage\":\"en-US\",\"@id\":\"https:\/\/legacy.jigsawpuzzel.nl\/de\/#\/schema\/logo\/image\/\",\"url\":\"https:\/\/onlinejigsawpuzzles.net\/wp-content\/uploads\/2020\/06\/puzzle-piece-2.png\",\"contentUrl\":\"https:\/\/onlinejigsawpuzzles.net\/wp-content\/uploads\/2020\/06\/puzzle-piece-2.png\",\"width\":50,\"height\":50,\"caption\":\"Online Jigsaw Puzzles\"},\"image\":{\"@id\":\"https:\/\/legacy.jigsawpuzzel.nl\/de\/#\/schema\/logo\/image\/\"},\"sameAs\":[\"https:\/\/www.facebook.com\/onlinejigsawpuzzles\/\"]}]}<\/script>\n<!-- \/ Yoast SEO plugin. -->","yoast_head_json":{"title":"Datenschutzerkl\u00e4rung - Puzzle Online Spielen","robots":{"index":"index","follow":"follow","max-snippet":"max-snippet:-1","max-image-preview":"max-image-preview:large","max-video-preview":"max-video-preview:-1"},"canonical":"https:\/\/legacy.jigsawpuzzel.nl\/de\/datenschutzerklarung-uns\/","og_locale":"en_US","og_type":"article","og_title":"Datenschutzerkl\u00e4rung - Puzzle Online Spielen","og_description":"Datenschutzrichtlinie f\u00fcr Online-Puzzles Bei Onlinejigsawpuzzles, erreichbar \u00fcber https:\/\/onlinejigsawpuzzles.net\/, eine unserer Hauptpriorit\u00e4ten ist die Privatsph\u00e4re unserer Besucher. Dieses Datenschutzrichtliniendokument enth\u00e4lt Arten von Informationen, die von Onlinejigsawpuzzles gesammelt und aufgezeichnet werden, und wie wir sie verwenden. Wenn Sie weitere Fragen haben oder weitere Informationen zu unserer Datenschutzrichtlinie ben\u00f6tigen, z\u00f6gern Sie nicht, uns zu kontaktieren. Diese Datenschutzrichtlinie gilt...","og_url":"https:\/\/legacy.jigsawpuzzel.nl\/de\/datenschutzerklarung-uns\/","og_site_name":"Puzzle Online Spielen","article_publisher":"https:\/\/www.facebook.com\/onlinejigsawpuzzles\/","article_modified_time":"2024-03-14T14:55:04+00:00","twitter_card":"summary_large_image","twitter_misc":{"Est. reading time":"6 minutes"},"schema":{"@context":"https:\/\/schema.org","@graph":[{"@type":"WebPage","@id":"https:\/\/legacy.jigsawpuzzel.nl\/de\/datenschutzerklarung-uns\/","url":"https:\/\/legacy.jigsawpuzzel.nl\/de\/datenschutzerklarung-uns\/","name":"Datenschutzerkl\u00e4rung - Puzzle Online Spielen","isPartOf":{"@id":"https:\/\/legacy.jigsawpuzzel.nl\/de\/#website"},"datePublished":"2020-04-15T16:24:25+00:00","dateModified":"2024-03-14T14:55:04+00:00","inLanguage":"en-US","potentialAction":[{"@type":"ReadAction","target":["https:\/\/legacy.jigsawpuzzel.nl\/de\/datenschutzerklarung-uns\/"]}]},{"@type":"WebSite","@id":"https:\/\/legacy.jigsawpuzzel.nl\/de\/#website","url":"https:\/\/legacy.jigsawpuzzel.nl\/de\/","name":"Online Jigsaw Puzzles","description":"Kostenlose Spiele","publisher":{"@id":"https:\/\/legacy.jigsawpuzzel.nl\/de\/#organization"},"potentialAction":[{"@type":"SearchAction","target":{"@type":"EntryPoint","urlTemplate":"https:\/\/legacy.jigsawpuzzel.nl\/de\/?s={search_term_string}"},"query-input":{"@type":"PropertyValueSpecification","valueRequired":true,"valueName":"search_term_string"}}],"inLanguage":"en-US"},{"@type":"Organization","@id":"https:\/\/legacy.jigsawpuzzel.nl\/de\/#organization","name":"Online Jigsaw Puzzles","url":"https:\/\/legacy.jigsawpuzzel.nl\/de\/","logo":{"@type":"ImageObject","inLanguage":"en-US","@id":"https:\/\/legacy.jigsawpuzzel.nl\/de\/#\/schema\/logo\/image\/","url":"https:\/\/onlinejigsawpuzzles.net\/wp-content\/uploads\/2020\/06\/puzzle-piece-2.png","contentUrl":"https:\/\/onlinejigsawpuzzles.net\/wp-content\/uploads\/2020\/06\/puzzle-piece-2.png","width":50,"height":50,"caption":"Online Jigsaw Puzzles"},"image":{"@id":"https:\/\/legacy.jigsawpuzzel.nl\/de\/#\/schema\/logo\/image\/"},"sameAs":["https:\/\/www.facebook.com\/onlinejigsawpuzzles\/"]}]}},"_links":{"self":[{"href":"https:\/\/legacy.jigsawpuzzel.nl\/de\/wp-json\/wp\/v2\/pages\/10716","targetHints":{"allow":["GET"]}}],"collection":[{"href":"https:\/\/legacy.jigsawpuzzel.nl\/de\/wp-json\/wp\/v2\/pages"}],"about":[{"href":"https:\/\/legacy.jigsawpuzzel.nl\/de\/wp-json\/wp\/v2\/types\/page"}],"author":[{"embeddable":true,"href":"https:\/\/legacy.jigsawpuzzel.nl\/de\/wp-json\/wp\/v2\/users\/1"}],"replies":[{"embeddable":true,"href":"https:\/\/legacy.jigsawpuzzel.nl\/de\/wp-json\/wp\/v2\/comments?post=10716"}],"version-history":[{"count":1,"href":"https:\/\/legacy.jigsawpuzzel.nl\/de\/wp-json\/wp\/v2\/pages\/10716\/revisions"}],"predecessor-version":[{"id":23218,"href":"https:\/\/legacy.jigsawpuzzel.nl\/de\/wp-json\/wp\/v2\/pages\/10716\/revisions\/23218"}],"wp:attachment":[{"href":"https:\/\/legacy.jigsawpuzzel.nl\/de\/wp-json\/wp\/v2\/media?parent=10716"}],"curies":[{"name":"wp","href":"https:\/\/api.w.org\/{rel}","templated":true}]}}