{"id":10698,"date":"2020-04-15T14:41:17","date_gmt":"2020-04-15T14:41:17","guid":{"rendered":"https:\/\/onlinejigsawpuzzles.net\/?page_id=10698"},"modified":"2024-03-14T14:55:09","modified_gmt":"2024-03-14T14:55:09","slug":"um","status":"publish","type":"page","link":"https:\/\/legacy.jigsawpuzzel.nl\/de\/um\/","title":{"rendered":"Um"},"content":{"rendered":"<section class=\"l-section wpb_row height_medium\"><div class=\"l-section-h i-cf\"><div class=\"g-cols vc_row via_flex valign_top type_default stacking_default\"><div class=\"vc_col-sm-6 wpb_column vc_column_container\"><div class=\"vc_column-inner\"><div class=\"wpb_wrapper\"><div class=\"wpb_text_column\"><div class=\"wpb_wrapper\"><h1>\u00dcber uns<\/h1>\n<p>Online-Puzzles.net wurde aus Liebe zu Online-R\u00e4tseln entwickelt. Wir versuchen, Puzzles von h\u00f6chster Qualit\u00e4t anzubieten. Hohe Qualit\u00e4t durch ein tolles Puzzle-Tool, das im Vollbildmodus gut funktioniert. Dazu jeden Tag neue R\u00e4tsel, die Spa\u00df machen und herausfordernd sind.<\/p>\n<p>If you have any questions or comments, you can reach them via the <span style=\"color: #3366ff;\">contact<\/span> page.<\/p>\n<p>Wir danken Ihnen f\u00fcr Ihren Besuch und hoffen, dass Sie oft wiederkommen, um unsere Online-Puzzles zu genie\u00dfen!<\/p>\n<\/div><\/div><\/div><\/div><\/div><div class=\"vc_col-sm-6 wpb_column vc_column_container\"><div class=\"vc_column-inner\"><div class=\"wpb_wrapper\"><div class=\"w-image align_none\"><div class=\"w-image-h\"><img decoding=\"async\" width=\"235\" height=\"171\" src=\"https:\/\/legacy.jigsawpuzzel.nl\/de\/wp-content\/uploads\/2019\/11\/online-jigsaw-puzzles-logo-1.png\" class=\"attachment-full size-full\" alt=\"online jigsaw puzzles logo\" loading=\"lazy\" \/><\/div><\/div><\/div><\/div><\/div><\/div><\/div><\/section>\n","protected":false},"excerpt":{"rendered":"\u00dcber uns Online-Puzzles.net wurde aus Liebe zu Online-R\u00e4tseln entwickelt. Wir versuchen, Puzzles von h\u00f6chster Qualit\u00e4t anzubieten. Hohe Qualit\u00e4t durch ein tolles Puzzle-Tool, das im Vollbildmodus gut funktioniert. Dazu jeden Tag neue R\u00e4tsel, die Spa\u00df machen und herausfordernd sind. If you have any questions or comments, you can reach them via the contact page. Wir danken...","protected":false},"author":1,"featured_media":0,"parent":0,"menu_order":0,"comment_status":"closed","ping_status":"closed","template":"","meta":{"_acf_changed":false,"footnotes":""},"class_list":["post-10698","page","type-page","status-publish","hentry"],"acf":[],"yoast_head":"<!-- This site is optimized with the Yoast SEO plugin v26.6 - https:\/\/yoast.com\/wordpress\/plugins\/seo\/ -->\n<title>Um - Puzzle Online Spielen<\/title>\n<meta name=\"robots\" content=\"index, follow, max-snippet:-1, max-image-preview:large, max-video-preview:-1\" \/>\n<link rel=\"canonical\" href=\"https:\/\/legacy.jigsawpuzzel.nl\/de\/um\/\" \/>\n<meta property=\"og:locale\" content=\"en_US\" \/>\n<meta property=\"og:type\" content=\"article\" \/>\n<meta property=\"og:title\" content=\"Um - Puzzle Online Spielen\" \/>\n<meta property=\"og:url\" content=\"https:\/\/legacy.jigsawpuzzel.nl\/de\/um\/\" \/>\n<meta property=\"og:site_name\" content=\"Puzzle Online Spielen\" \/>\n<meta property=\"article:publisher\" content=\"https:\/\/www.facebook.com\/onlinejigsawpuzzles\/\" \/>\n<meta property=\"article:modified_time\" content=\"2024-03-14T14:55:09+00:00\" \/>\n<meta name=\"twitter:card\" content=\"summary_large_image\" \/>\n<meta name=\"twitter:label1\" content=\"Est. reading time\" \/>\n\t<meta name=\"twitter:data1\" content=\"1 minute\" \/>\n<script type=\"application\/ld+json\" class=\"yoast-schema-graph\">{\"@context\":\"https:\/\/schema.org\",\"@graph\":[{\"@type\":\"WebPage\",\"@id\":\"https:\/\/legacy.jigsawpuzzel.nl\/de\/um\/\",\"url\":\"https:\/\/legacy.jigsawpuzzel.nl\/de\/um\/\",\"name\":\"Um - Puzzle Online Spielen\",\"isPartOf\":{\"@id\":\"https:\/\/legacy.jigsawpuzzel.nl\/de\/#website\"},\"datePublished\":\"2020-04-15T14:41:17+00:00\",\"dateModified\":\"2024-03-14T14:55:09+00:00\",\"inLanguage\":\"en-US\",\"potentialAction\":[{\"@type\":\"ReadAction\",\"target\":[\"https:\/\/legacy.jigsawpuzzel.nl\/de\/um\/\"]}]},{\"@type\":\"WebSite\",\"@id\":\"https:\/\/legacy.jigsawpuzzel.nl\/de\/#website\",\"url\":\"https:\/\/legacy.jigsawpuzzel.nl\/de\/\",\"name\":\"Online Jigsaw Puzzles\",\"description\":\"Kostenlose Spiele\",\"publisher\":{\"@id\":\"https:\/\/legacy.jigsawpuzzel.nl\/de\/#organization\"},\"potentialAction\":[{\"@type\":\"SearchAction\",\"target\":{\"@type\":\"EntryPoint\",\"urlTemplate\":\"https:\/\/legacy.jigsawpuzzel.nl\/de\/?s={search_term_string}\"},\"query-input\":{\"@type\":\"PropertyValueSpecification\",\"valueRequired\":true,\"valueName\":\"search_term_string\"}}],\"inLanguage\":\"en-US\"},{\"@type\":\"Organization\",\"@id\":\"https:\/\/legacy.jigsawpuzzel.nl\/de\/#organization\",\"name\":\"Online Jigsaw Puzzles\",\"url\":\"https:\/\/legacy.jigsawpuzzel.nl\/de\/\",\"logo\":{\"@type\":\"ImageObject\",\"inLanguage\":\"en-US\",\"@id\":\"https:\/\/legacy.jigsawpuzzel.nl\/de\/#\/schema\/logo\/image\/\",\"url\":\"https:\/\/onlinejigsawpuzzles.net\/wp-content\/uploads\/2020\/06\/puzzle-piece-2.png\",\"contentUrl\":\"https:\/\/onlinejigsawpuzzles.net\/wp-content\/uploads\/2020\/06\/puzzle-piece-2.png\",\"width\":50,\"height\":50,\"caption\":\"Online Jigsaw Puzzles\"},\"image\":{\"@id\":\"https:\/\/legacy.jigsawpuzzel.nl\/de\/#\/schema\/logo\/image\/\"},\"sameAs\":[\"https:\/\/www.facebook.com\/onlinejigsawpuzzles\/\"]}]}<\/script>\n<!-- \/ Yoast SEO plugin. -->","yoast_head_json":{"title":"Um - Puzzle Online Spielen","robots":{"index":"index","follow":"follow","max-snippet":"max-snippet:-1","max-image-preview":"max-image-preview:large","max-video-preview":"max-video-preview:-1"},"canonical":"https:\/\/legacy.jigsawpuzzel.nl\/de\/um\/","og_locale":"en_US","og_type":"article","og_title":"Um - Puzzle Online Spielen","og_url":"https:\/\/legacy.jigsawpuzzel.nl\/de\/um\/","og_site_name":"Puzzle Online Spielen","article_publisher":"https:\/\/www.facebook.com\/onlinejigsawpuzzles\/","article_modified_time":"2024-03-14T14:55:09+00:00","twitter_card":"summary_large_image","twitter_misc":{"Est. reading time":"1 minute"},"schema":{"@context":"https:\/\/schema.org","@graph":[{"@type":"WebPage","@id":"https:\/\/legacy.jigsawpuzzel.nl\/de\/um\/","url":"https:\/\/legacy.jigsawpuzzel.nl\/de\/um\/","name":"Um - Puzzle Online Spielen","isPartOf":{"@id":"https:\/\/legacy.jigsawpuzzel.nl\/de\/#website"},"datePublished":"2020-04-15T14:41:17+00:00","dateModified":"2024-03-14T14:55:09+00:00","inLanguage":"en-US","potentialAction":[{"@type":"ReadAction","target":["https:\/\/legacy.jigsawpuzzel.nl\/de\/um\/"]}]},{"@type":"WebSite","@id":"https:\/\/legacy.jigsawpuzzel.nl\/de\/#website","url":"https:\/\/legacy.jigsawpuzzel.nl\/de\/","name":"Online Jigsaw Puzzles","description":"Kostenlose Spiele","publisher":{"@id":"https:\/\/legacy.jigsawpuzzel.nl\/de\/#organization"},"potentialAction":[{"@type":"SearchAction","target":{"@type":"EntryPoint","urlTemplate":"https:\/\/legacy.jigsawpuzzel.nl\/de\/?s={search_term_string}"},"query-input":{"@type":"PropertyValueSpecification","valueRequired":true,"valueName":"search_term_string"}}],"inLanguage":"en-US"},{"@type":"Organization","@id":"https:\/\/legacy.jigsawpuzzel.nl\/de\/#organization","name":"Online Jigsaw Puzzles","url":"https:\/\/legacy.jigsawpuzzel.nl\/de\/","logo":{"@type":"ImageObject","inLanguage":"en-US","@id":"https:\/\/legacy.jigsawpuzzel.nl\/de\/#\/schema\/logo\/image\/","url":"https:\/\/onlinejigsawpuzzles.net\/wp-content\/uploads\/2020\/06\/puzzle-piece-2.png","contentUrl":"https:\/\/onlinejigsawpuzzles.net\/wp-content\/uploads\/2020\/06\/puzzle-piece-2.png","width":50,"height":50,"caption":"Online Jigsaw Puzzles"},"image":{"@id":"https:\/\/legacy.jigsawpuzzel.nl\/de\/#\/schema\/logo\/image\/"},"sameAs":["https:\/\/www.facebook.com\/onlinejigsawpuzzles\/"]}]}},"_links":{"self":[{"href":"https:\/\/legacy.jigsawpuzzel.nl\/de\/wp-json\/wp\/v2\/pages\/10698","targetHints":{"allow":["GET"]}}],"collection":[{"href":"https:\/\/legacy.jigsawpuzzel.nl\/de\/wp-json\/wp\/v2\/pages"}],"about":[{"href":"https:\/\/legacy.jigsawpuzzel.nl\/de\/wp-json\/wp\/v2\/types\/page"}],"author":[{"embeddable":true,"href":"https:\/\/legacy.jigsawpuzzel.nl\/de\/wp-json\/wp\/v2\/users\/1"}],"replies":[{"embeddable":true,"href":"https:\/\/legacy.jigsawpuzzel.nl\/de\/wp-json\/wp\/v2\/comments?post=10698"}],"version-history":[{"count":1,"href":"https:\/\/legacy.jigsawpuzzel.nl\/de\/wp-json\/wp\/v2\/pages\/10698\/revisions"}],"predecessor-version":[{"id":23220,"href":"https:\/\/legacy.jigsawpuzzel.nl\/de\/wp-json\/wp\/v2\/pages\/10698\/revisions\/23220"}],"wp:attachment":[{"href":"https:\/\/legacy.jigsawpuzzel.nl\/de\/wp-json\/wp\/v2\/media?parent=10698"}],"curies":[{"name":"wp","href":"https:\/\/api.w.org\/{rel}","templated":true}]}}